{"id":15027,"date":"2025-01-13T14:49:25","date_gmt":"2025-01-13T14:49:25","guid":{"rendered":"https:\/\/aivlisoft.com\/?post_type=product&#038;p=15027"},"modified":"2025-01-14T11:19:49","modified_gmt":"2025-01-14T11:19:49","slug":"asus-placa-base-prime-z890-p-wifi-atx-socket-1851","status":"publish","type":"product","link":"https:\/\/aivlisoft.net\/shop\/producto\/asus-placa-base-prime-z890-p-wifi-atx-socket-1851\/","title":{"rendered":"ASUS Placa Base PRIME Z890-P WIFI ATX SOCKET 1851"},"content":{"rendered":"<p><\/p>\n<table class=\"tabla_caracteristicas k-table\" width=\"100%\">\n<tr>\n<td valign=\"top\"><strong>Marca<\/strong><\/td>\n<td>Asus<\/td>\n<\/tr>\n<tr>\n<td valign=\"top\"><strong>Modelo<\/strong><\/td>\n<td><strong>90MB1I70-M0EAY0<\/strong><\/td>\n<\/tr>\n<tr>\n<td valign=\"top\"><strong>Plataforma<\/strong><\/td>\n<td>&#8211; <strong>ATX<\/strong> (30.5 x 24.4cm)<\/td>\n<\/tr>\n<tr>\n<td valign=\"top\"><strong>Chipset<\/strong><\/td>\n<td>&#8211; Intel Z890 Chipset<\/td>\n<\/tr>\n<tr>\n<td valign=\"top\"><strong>CPU<\/strong><strong> Soportados<\/strong><\/td>\n<td>&#8211; Compatible con procesadores Intel Core Ultra (serie 2), LGA1851<br \/>\t\t\t&#8211; Compatible con la tecnolog&iacute;a Intel Turbo Boost 2.0 y la tecnolog&iacute;a Intel&reg;Turbo Boost Max 3.0**<\/td>\n<\/tr>\n<tr>\n<td valign=\"top\"><strong>Memoria<\/strong><\/td>\n<td>&#8211; 4 x DIMM slots, max. 192GB, DDR5<br \/>\t\t\t&#8211; Support up to7600+MT\/s (OC), Non-ECC, Un-buffered ,Clocked Unbuffered DIMM (CUDIMM)*<br \/>\t\t\t&#8211; Dual channel memory architecture<br \/>\t\t\t&#8211; DIMM Fit<br \/>\t\t\t&#8211; Supports Intel Extreme Memory Profile (XMP) memory module<br \/>\t\t\t&#8211; ASUS Enhanced Memory Profile III(AEMPIII)<\/td>\n<\/tr>\n<tr>\n<td valign=\"top\">\n<div><strong>Slots Expansi&oacute;n<\/strong><\/div>\n<\/td>\n<td>&#8211; Intel Core Ultra Processors(series 2): 1 x PCIe 5.0 x16 slot<br \/>\t\t\t&#8211; Intel Z890 Chipset: 2 x PCIe 4.0 x16 slots (support x4 mode) \/ 1 x PCIe 4.0 x16 slot (supports x1 mode)<\/td>\n<\/tr>\n<tr>\n<td valign=\"top\"><strong>Gr&aacute;ficos<\/strong><\/td>\n<td>&#8211; 1 x DisplayPort<br \/>\t\t\t&#8211; 1 x HDMI port<br \/>\t\t\t&#8211; 1 x puerto Intel Thunderbolt 4 (USB Type-C) admite salidas de v&iacute;deo DisplayPort y Thunderbolt<\/td>\n<\/tr>\n<tr>\n<td valign=\"top\">\n<div><strong>Puertos E\/S, <\/strong><\/div>\n<div><strong>Conectores<\/strong><\/div>\n<div>&nbsp;<\/div>\n<\/td>\n<td>\n<div>\n<div><strong>Conectores Internos E\/S <\/strong><\/div>\n<\/p><\/div>\n<p>\t\t\t&#8211; 1 x cabezal de ventilador de CPU de 4 pines<br \/>\t\t\t&#8211; 1 x cabezal de ventilador OPT de CPU de 4 pines<br \/>\t\t\t&#8211; 1 x cabezal de bomba AIO de 4 pines<br \/>\t\t\t&#8211; 4 x cabezales de ventilador de chasis de 4 pines<br \/>\t\t\t&#8211; 1 x conector de alimentaci&oacute;n principal de 24 pines<br \/>\t\t\t&#8211; 2 x conectores de alimentaci&oacute;n de CPU de 8 pines +12 V<br \/>\t\t\t&#8211; 4 x ranuras M.2 (clave M)<br \/>\t\t\t&#8211; 4 x puertos SATA de 6 Gb\/s<br \/>\t\t\t&#8211; 1 x conector USB de 10 Gbps (compatible con USB Type-C)<br \/>\t\t\t&#8211; 2 x cabezales USB de 5 Gbps que admiten 4 puertos USB de 5 Gbps adicionales<br \/>\t\t\t&#8211; 2 x cabezales USB 2.0 que admiten 4 puertos USB 2.0 adicionales<br \/>\t\t\t&#8211; 3 x cabezals Gen2 direccionables<br \/>\t\t\t&#8211; 1 x cabezal Aura RGB<br \/>\t\t\t&#8211; 1 x cabezal CMOS transparente<br \/>\t\t\t&#8211; 1 x cabezal de puerto COM<br \/>\t\t\t&#8211; 1 x cabezal de audio del panel frontal (F_AUDIO)<br \/>\t\t\t&#8211; 1 x cabezal de salida S\/PDIF<br \/>\t\t\t&#8211; 1 x cabezal SPI TPM (14-1 pines)<br \/>\t\t\t&#8211; 1 x cabezal del panel frontal del sistema de 10-1 pines<br \/>\t\t\t&#8211; 1 x conector Thunderbolt (USB4)\t\t\t<\/p>\n<div>\n<div><strong>Panel E\/S Trasero<\/strong><\/div>\n<\/p><\/div>\n<p>\t\t\t&#8211; 1 x puerto Thunderbolt 4 USB Type-C<br \/>\t\t\t&#8211; 1 x puerto USB de 10 Gbps (1 tipo A)<br \/>\t\t\t&#8211; 2 x puertos USB de 5 Gbps (2 x Tipo A)<br \/>\t\t\t&#8211; 4 x puertos USB 2.0 (4 x Tipo-A)<br \/>\t\t\t&#8211; 1 x puerto DisplayPort<br \/>\t\t\t&#8211; 1 x puerto HDMITM<br \/>\t\t\t&#8211; 1 x m&oacute;dulo WiFi<br \/>\t\t\t&#8211; 1 x puerto Ethernet Realtek de 2,5 Gb<br \/>\t\t\t&#8211; 3 x conectores de audio<br \/>\t\t\t&#8211; 1 x bot&oacute;n BIOS FlashBack<\/td>\n<\/tr>\n<tr>\n<td valign=\"top\">\n<div><strong>Otras <\/strong><\/div>\n<div><strong>Caracter&iacute;sticas<\/strong><\/div>\n<\/td>\n<td><strong>Audio<\/strong><br \/>\t\t\t&#8211; CODEC de audio de alta definici&oacute;n con sonido envolvente Realtek 7.1<br \/>\t\t\t&#8211; Admite: detecci&oacute;n de jack, transmisi&oacute;n m&uacute;ltiple, reasignaci&oacute;n de jack en el panel frontal<br \/>\t\t\t&#8211; Admite reproducci&oacute;n de hasta 24 bits\/192 kHz<br \/>\t\t\t&#8211; Blindaje de audio<br \/>\t\t\t&#8211; Condensadores de audio de primera calidad<br \/>\t\t\t&#8211; Capas de PCB de audio dedicadas<br \/>\t\t\t<strong>LAN<\/strong><br \/>\t\t\t&#8211; 1 x Realtek 2.5 Gb Ethernet<br \/>\t\t\t<strong>Conectividad y redes<\/strong><br \/>\t\t\t&#8211; ASUS LANGuard<br \/>\t\t\t&#8211; Wifi 7<br \/>\t\t\t&#8211; Wi-Fi 2&#215;2 7 (802.11be)<br \/>\t\t\t&#8211; Admite banda de frecuencia de 2,4\/5\/6 GHz<br \/>\t\t\t&#8211; Admite ancho de banda Wi-Fi 7 de 160 MHz, velocidad de transferencia de hasta 2,9 Gbps<br \/>\t\t\t&#8211; Bluetooth v5.4<br \/>\t\t\t<strong>Almacenamiento<\/strong><br \/>\t\t\t&#8211; Totalmente compatible con 4 ranuras M.2 y 4 puertos SATA de 6 Gb\/s<br \/>\t\t\t&#8211; Ranura M.2_1 (Clave M), tipo 2280\/22110 (admite modo PCIe 5.0 x4)<br \/>\t\t\t&#8211; Ranura M.2_2 (Clave M), tipo 2280 (admite modo PCIe 4.0 x4)<br \/>\t\t\t&#8211; Ranura M.2_3 (Clave M), tipo 2280\/22110 (admite modo PCIe 4.0 x4)<br \/>\t\t\t&#8211; Ranura M.2_4 (Clave M), tipo 2242\/2260\/2280 (admite modos PCIe 4.0 x4 y SATA)<br \/>\t\t\t&#8211; 4 puertos SATA de 6 Gb\/s<br \/>\t\t\t<strong>USB<\/strong><br \/>\t\t\t&#8211; 1 x puerto Thunderbolt 4 (1 USB Type-C)<br \/>\t\t\t&#8211; 1 x puerto USB de 10 Gbps (1 tipo A)<br \/>\t\t\t&#8211; 2 x puertos USB de 5 Gbps (2 x Tipo A)<br \/>\t\t\t&#8211; 4 x puertos USB 2.0 (4 x Tipo A)<br \/>\t\t\t&#8211; 1 x conector USB de 10 Gbps (compatible con USB Type-C)<br \/>\t\t\t&#8211; 2 x cabezales USB de 5 Gbps que admiten 4 puertos USB de 5 Gbps adicionales<br \/>\t\t\t&#8211; 2 x cabezales USB 2.0 que admiten 4 puertos USB 2.0 adicionales<\/td>\n<\/tr>\n<tr>\n<td valign=\"top\"><strong>Fecha Revisi&oacute;n<\/strong><\/td>\n<td>14-10-2024 por RTY<\/td>\n<\/tr>\n<\/table>\n","protected":false},"excerpt":{"rendered":"<p>Marca Asus Modelo 90MB1I70-M0EAY0 Plataforma &#8211; ATX (30.5 x 24.4cm) Chipset &#8211; Intel Z890 Chipset CPU Soportados &#8211; Compatible con procesadores Intel Core Ultra (serie 2), LGA1851 &#8211; Compatible con la tecnolog&iacute;a Intel Turbo Boost 2.0 y la tecnolog&iacute;a Intel&reg;Turbo Boost Max 3.0** Memoria &#8211; 4 x DIMM slots, max. 192GB, DDR5 &#8211; Support up&hellip;&nbsp;<a href=\"https:\/\/aivlisoft.net\/shop\/producto\/asus-placa-base-prime-z890-p-wifi-atx-socket-1851\/\" rel=\"bookmark\"><span class=\"screen-reader-text\">ASUS Placa Base PRIME Z890-P WIFI ATX SOCKET 1851<\/span><\/a><\/p>\n","protected":false},"featured_media":0,"template":"","meta":{"neve_meta_sidebar":"","neve_meta_container":"","neve_meta_enable_content_width":"","neve_meta_content_width":0,"neve_meta_title_alignment":"","neve_meta_author_avatar":"","neve_post_elements_order":"","neve_meta_disable_header":"","neve_meta_disable_footer":"","neve_meta_disable_title":""},"product_brand":[],"product_cat":[8751],"product_tag":[5722],"class_list":{"0":"post-15027","1":"product","2":"type-product","3":"status-publish","5":"product_cat-intel-socket-1851","6":"product_tag-90mb1i70-m0eay0","8":"first","9":"instock","10":"taxable","11":"shipping-taxable","12":"purchasable","13":"product-type-simple"},"yoast_head":"<!-- This site is optimized with the Yoast SEO plugin v26.0 - https:\/\/yoast.com\/wordpress\/plugins\/seo\/ -->\n<title>ASUS Placa Base PRIME Z890-P WIFI ATX SOCKET 1851 - Aivlisoft Inform\u00e1tica<\/title>\n<meta name=\"robots\" content=\"index, follow, max-snippet:-1, max-image-preview:large, max-video-preview:-1\" \/>\n<link rel=\"canonical\" href=\"https:\/\/aivlisoft.net\/shop\/producto\/asus-placa-base-prime-z890-p-wifi-atx-socket-1851\/\" \/>\n<meta property=\"og:locale\" content=\"es_ES\" \/>\n<meta property=\"og:type\" content=\"article\" \/>\n<meta property=\"og:title\" content=\"ASUS Placa Base PRIME Z890-P WIFI ATX SOCKET 1851 - Aivlisoft Inform\u00e1tica\" \/>\n<meta property=\"og:description\" content=\"Marca Asus Modelo 90MB1I70-M0EAY0 Plataforma &#8211; ATX (30.5 x 24.4cm) Chipset &#8211; Intel Z890 Chipset CPU Soportados &#8211; Compatible con procesadores Intel Core Ultra (serie 2), LGA1851 &#8211; Compatible con la tecnolog&iacute;a Intel Turbo Boost 2.0 y la tecnolog&iacute;a Intel&reg;Turbo Boost Max 3.0** Memoria &#8211; 4 x DIMM slots, max. 192GB, DDR5 &#8211; Support up&hellip;&nbsp;ASUS Placa Base PRIME Z890-P WIFI ATX SOCKET 1851\" \/>\n<meta property=\"og:url\" content=\"https:\/\/aivlisoft.net\/shop\/producto\/asus-placa-base-prime-z890-p-wifi-atx-socket-1851\/\" \/>\n<meta property=\"og:site_name\" content=\"Aivlisoft Inform\u00e1tica\" \/>\n<meta property=\"article:modified_time\" content=\"2025-01-14T11:19:49+00:00\" \/>\n<meta name=\"twitter:card\" content=\"summary_large_image\" \/>\n<meta name=\"twitter:label1\" content=\"Tiempo de lectura\" \/>\n\t<meta name=\"twitter:data1\" content=\"3 minutos\" \/>\n<script type=\"application\/ld+json\" class=\"yoast-schema-graph\">{\"@context\":\"https:\/\/schema.org\",\"@graph\":[{\"@type\":\"WebPage\",\"@id\":\"https:\/\/aivlisoft.net\/shop\/producto\/asus-placa-base-prime-z890-p-wifi-atx-socket-1851\/\",\"url\":\"https:\/\/aivlisoft.net\/shop\/producto\/asus-placa-base-prime-z890-p-wifi-atx-socket-1851\/\",\"name\":\"ASUS Placa Base PRIME Z890-P WIFI ATX SOCKET 1851 - Aivlisoft Inform\u00e1tica\",\"isPartOf\":{\"@id\":\"https:\/\/aivlisoft.net\/shop\/#website\"},\"datePublished\":\"2025-01-13T14:49:25+00:00\",\"dateModified\":\"2025-01-14T11:19:49+00:00\",\"breadcrumb\":{\"@id\":\"https:\/\/aivlisoft.net\/shop\/producto\/asus-placa-base-prime-z890-p-wifi-atx-socket-1851\/#breadcrumb\"},\"inLanguage\":\"es\",\"potentialAction\":[{\"@type\":\"ReadAction\",\"target\":[\"https:\/\/aivlisoft.net\/shop\/producto\/asus-placa-base-prime-z890-p-wifi-atx-socket-1851\/\"]}]},{\"@type\":\"BreadcrumbList\",\"@id\":\"https:\/\/aivlisoft.net\/shop\/producto\/asus-placa-base-prime-z890-p-wifi-atx-socket-1851\/#breadcrumb\",\"itemListElement\":[{\"@type\":\"ListItem\",\"position\":1,\"name\":\"Portada\",\"item\":\"https:\/\/aivlisoft.net\/shop\/\"},{\"@type\":\"ListItem\",\"position\":2,\"name\":\"Tienda\",\"item\":\"https:\/\/aivlisoft.net\/shop\/tienda\/\"},{\"@type\":\"ListItem\",\"position\":3,\"name\":\"ASUS Placa Base PRIME Z890-P WIFI ATX SOCKET 1851\"}]},{\"@type\":\"WebSite\",\"@id\":\"https:\/\/aivlisoft.net\/shop\/#website\",\"url\":\"https:\/\/aivlisoft.net\/shop\/\",\"name\":\"Aivlisoft Inform\u00e1tica\",\"description\":\"En Aivlisoft Inform\u00e1tica ofrecemos soluciones tecnol\u00f3gicas para empresas: venta de ordenadores, consumibles, perif\u00e9ricos y m\u00e1s. Calidad, atenci\u00f3n personalizada y los mejores precios para tu negocio.\",\"publisher\":{\"@id\":\"https:\/\/aivlisoft.net\/shop\/#organization\"},\"potentialAction\":[{\"@type\":\"SearchAction\",\"target\":{\"@type\":\"EntryPoint\",\"urlTemplate\":\"https:\/\/aivlisoft.net\/shop\/?s={search_term_string}\"},\"query-input\":{\"@type\":\"PropertyValueSpecification\",\"valueRequired\":true,\"valueName\":\"search_term_string\"}}],\"inLanguage\":\"es\"},{\"@type\":\"Organization\",\"@id\":\"https:\/\/aivlisoft.net\/shop\/#organization\",\"name\":\"Aivlisoft Inform\u00e1tica\",\"url\":\"https:\/\/aivlisoft.net\/shop\/\",\"logo\":{\"@type\":\"ImageObject\",\"inLanguage\":\"es\",\"@id\":\"https:\/\/aivlisoft.net\/shop\/#\/schema\/logo\/image\/\",\"url\":\"https:\/\/aivlisoft.net\/shop\/wp-content\/uploads\/2024\/12\/removal.ai_5b848c54-0cdf-4140-95c5-c5536bb7573b-logodef.png\",\"contentUrl\":\"https:\/\/aivlisoft.net\/shop\/wp-content\/uploads\/2024\/12\/removal.ai_5b848c54-0cdf-4140-95c5-c5536bb7573b-logodef.png\",\"width\":484,\"height\":182,\"caption\":\"Aivlisoft Inform\u00e1tica\"},\"image\":{\"@id\":\"https:\/\/aivlisoft.net\/shop\/#\/schema\/logo\/image\/\"}}]}<\/script>\n<!-- \/ Yoast SEO plugin. -->","yoast_head_json":{"title":"ASUS Placa Base PRIME Z890-P WIFI ATX SOCKET 1851 - Aivlisoft Inform\u00e1tica","robots":{"index":"index","follow":"follow","max-snippet":"max-snippet:-1","max-image-preview":"max-image-preview:large","max-video-preview":"max-video-preview:-1"},"canonical":"https:\/\/aivlisoft.net\/shop\/producto\/asus-placa-base-prime-z890-p-wifi-atx-socket-1851\/","og_locale":"es_ES","og_type":"article","og_title":"ASUS Placa Base PRIME Z890-P WIFI ATX SOCKET 1851 - Aivlisoft Inform\u00e1tica","og_description":"Marca Asus Modelo 90MB1I70-M0EAY0 Plataforma &#8211; ATX (30.5 x 24.4cm) Chipset &#8211; Intel Z890 Chipset CPU Soportados &#8211; Compatible con procesadores Intel Core Ultra (serie 2), LGA1851 &#8211; Compatible con la tecnolog&iacute;a Intel Turbo Boost 2.0 y la tecnolog&iacute;a Intel&reg;Turbo Boost Max 3.0** Memoria &#8211; 4 x DIMM slots, max. 192GB, DDR5 &#8211; Support up&hellip;&nbsp;ASUS Placa Base PRIME Z890-P WIFI ATX SOCKET 1851","og_url":"https:\/\/aivlisoft.net\/shop\/producto\/asus-placa-base-prime-z890-p-wifi-atx-socket-1851\/","og_site_name":"Aivlisoft Inform\u00e1tica","article_modified_time":"2025-01-14T11:19:49+00:00","twitter_card":"summary_large_image","twitter_misc":{"Tiempo de lectura":"3 minutos"},"schema":{"@context":"https:\/\/schema.org","@graph":[{"@type":"WebPage","@id":"https:\/\/aivlisoft.net\/shop\/producto\/asus-placa-base-prime-z890-p-wifi-atx-socket-1851\/","url":"https:\/\/aivlisoft.net\/shop\/producto\/asus-placa-base-prime-z890-p-wifi-atx-socket-1851\/","name":"ASUS Placa Base PRIME Z890-P WIFI ATX SOCKET 1851 - Aivlisoft Inform\u00e1tica","isPartOf":{"@id":"https:\/\/aivlisoft.net\/shop\/#website"},"datePublished":"2025-01-13T14:49:25+00:00","dateModified":"2025-01-14T11:19:49+00:00","breadcrumb":{"@id":"https:\/\/aivlisoft.net\/shop\/producto\/asus-placa-base-prime-z890-p-wifi-atx-socket-1851\/#breadcrumb"},"inLanguage":"es","potentialAction":[{"@type":"ReadAction","target":["https:\/\/aivlisoft.net\/shop\/producto\/asus-placa-base-prime-z890-p-wifi-atx-socket-1851\/"]}]},{"@type":"BreadcrumbList","@id":"https:\/\/aivlisoft.net\/shop\/producto\/asus-placa-base-prime-z890-p-wifi-atx-socket-1851\/#breadcrumb","itemListElement":[{"@type":"ListItem","position":1,"name":"Portada","item":"https:\/\/aivlisoft.net\/shop\/"},{"@type":"ListItem","position":2,"name":"Tienda","item":"https:\/\/aivlisoft.net\/shop\/tienda\/"},{"@type":"ListItem","position":3,"name":"ASUS Placa Base PRIME Z890-P WIFI ATX SOCKET 1851"}]},{"@type":"WebSite","@id":"https:\/\/aivlisoft.net\/shop\/#website","url":"https:\/\/aivlisoft.net\/shop\/","name":"Aivlisoft Inform\u00e1tica","description":"En Aivlisoft Inform\u00e1tica ofrecemos soluciones tecnol\u00f3gicas para empresas: venta de ordenadores, consumibles, perif\u00e9ricos y m\u00e1s. Calidad, atenci\u00f3n personalizada y los mejores precios para tu negocio.","publisher":{"@id":"https:\/\/aivlisoft.net\/shop\/#organization"},"potentialAction":[{"@type":"SearchAction","target":{"@type":"EntryPoint","urlTemplate":"https:\/\/aivlisoft.net\/shop\/?s={search_term_string}"},"query-input":{"@type":"PropertyValueSpecification","valueRequired":true,"valueName":"search_term_string"}}],"inLanguage":"es"},{"@type":"Organization","@id":"https:\/\/aivlisoft.net\/shop\/#organization","name":"Aivlisoft Inform\u00e1tica","url":"https:\/\/aivlisoft.net\/shop\/","logo":{"@type":"ImageObject","inLanguage":"es","@id":"https:\/\/aivlisoft.net\/shop\/#\/schema\/logo\/image\/","url":"https:\/\/aivlisoft.net\/shop\/wp-content\/uploads\/2024\/12\/removal.ai_5b848c54-0cdf-4140-95c5-c5536bb7573b-logodef.png","contentUrl":"https:\/\/aivlisoft.net\/shop\/wp-content\/uploads\/2024\/12\/removal.ai_5b848c54-0cdf-4140-95c5-c5536bb7573b-logodef.png","width":484,"height":182,"caption":"Aivlisoft Inform\u00e1tica"},"image":{"@id":"https:\/\/aivlisoft.net\/shop\/#\/schema\/logo\/image\/"}}]}},"_links":{"self":[{"href":"https:\/\/aivlisoft.net\/shop\/wp-json\/wp\/v2\/product\/15027","targetHints":{"allow":["GET"]}}],"collection":[{"href":"https:\/\/aivlisoft.net\/shop\/wp-json\/wp\/v2\/product"}],"about":[{"href":"https:\/\/aivlisoft.net\/shop\/wp-json\/wp\/v2\/types\/product"}],"wp:attachment":[{"href":"https:\/\/aivlisoft.net\/shop\/wp-json\/wp\/v2\/media?parent=15027"}],"wp:term":[{"taxonomy":"product_brand","embeddable":true,"href":"https:\/\/aivlisoft.net\/shop\/wp-json\/wp\/v2\/product_brand?post=15027"},{"taxonomy":"product_cat","embeddable":true,"href":"https:\/\/aivlisoft.net\/shop\/wp-json\/wp\/v2\/product_cat?post=15027"},{"taxonomy":"product_tag","embeddable":true,"href":"https:\/\/aivlisoft.net\/shop\/wp-json\/wp\/v2\/product_tag?post=15027"}],"curies":[{"name":"wp","href":"https:\/\/api.w.org\/{rel}","templated":true}]}}