{"id":15024,"date":"2025-01-13T14:49:23","date_gmt":"2025-01-13T14:49:23","guid":{"rendered":"https:\/\/aivlisoft.com\/?post_type=product&#038;p=15024"},"modified":"2025-01-14T11:19:47","modified_gmt":"2025-01-14T11:19:47","slug":"asus-placa-base-prime-z790-a-wifi-ddr5-atx","status":"publish","type":"product","link":"https:\/\/aivlisoft.net\/shop\/producto\/asus-placa-base-prime-z790-a-wifi-ddr5-atx\/","title":{"rendered":"ASUS Placa Base PRIME Z790-A WIFI DDR5 ATX"},"content":{"rendered":"<p><\/p>\n<table class=\"tabla_caracteristicas k-table\" width=\"100%\">\n<tr>\n<td valign=\"top\"><strong>Marca<\/strong><\/td>\n<td>Asus<\/td>\n<\/tr>\n<tr>\n<td valign=\"top\"><strong>Modelo<\/strong><\/td>\n<td><strong>90MB1CS0-M1EAY0<\/strong><\/td>\n<\/tr>\n<tr>\n<td valign=\"top\"><strong>Plataforma<\/strong><\/td>\n<td>&#8211; <strong>ATX<\/strong> (30.5 x 24.4cm)<\/td>\n<\/tr>\n<tr>\n<td valign=\"top\"><strong>Chipset<\/strong><\/td>\n<td>&#8211; Intel <strong>Z890<\/strong><\/td>\n<\/tr>\n<tr>\n<td valign=\"top\"><strong>CPU<\/strong><strong> Soportados<\/strong><\/td>\n<td>&#8211; Intel Socket LGA1700 para procesadores Intel Core de 14.&ordf; y 13.&ordf; generaci&oacute;n, procesadores Intel Core de 12.&ordf; generaci&oacute;n, Pentium Gold y Celeron*<br \/>\t\t\t&#8211; Compatible con la tecnolog&iacute;a Intel Turbo Boost 2.0 y la tecnolog&iacute;a Intel Turbo Boost Max 3.0**<br \/>\t\t\t* Consulte www.asus.com para obtener la lista de soporte de CPU.<br \/>\t\t\t** La compatibilidad con Intel Turbo Boost Max Technology 3.0 depende de los tipos de CPU.<\/td>\n<\/tr>\n<tr>\n<td valign=\"top\"><strong>Memoria<\/strong><\/td>\n<td>&#8211; 4 x DIMM slots, max. 192GB, DDR5 7200+(OC)\/7000(OC)\/6800(OC)\/6600(OC)\/6400(OC)\/6200(OC)\/6000(OC)\/5800(OC)\/5600\/5400\/5200\/5000\/4800 , Memoria sin b&uacute;fer*<br \/>\t\t\t&#8211; Dual channel memory architecture<br \/>\t\t\t&#8211; Compatible con perfil de memoria Intel Extreme (XMP)<br \/>\t\t\t&#8211; OptiMem II<br \/>\t\t\t* Los tipos de memoria admitidos, la velocidad de datos (velocidad) y la cantidad de m&oacute;dulos DRAM var&iacute;an seg&uacute;n la CPU y la configuraci&oacute;n de la memoria; para obtener m&aacute;s informaci&oacute;n, consulte www.asus.com para obtener la lista de compatibilidad de memoria.<br \/>\t\t\t* La memoria DDR5 sin b&uacute;fer y sin ECC admite la funci&oacute;n On-Die ECC.<\/td>\n<\/tr>\n<tr>\n<td valign=\"top\">\n<div><strong>Slots Expansi&oacute;n<\/strong><\/div>\n<\/td>\n<td><strong>Procesadores Intel Core (14.&ordf;, 13.&ordf; y 12.&ordf; generaci&oacute;n)*<\/strong><br \/>\t\t\t&#8211; 1 ranura PCIe 5.0 x16<br \/>\t\t\t<strong>Conjunto de chips Intel Z790<\/strong><br \/>\t\t\t&#8211; 1 x ranura PCIe 4.0 x16 (admite modo x4)<br \/>\t\t\t&#8211; 1 x ranura PCIe 4.0 x4<br \/>\t\t\t&#8211; 2 x ranuras PCIe 3.0 x1<br \/>\t\t\t* Consulte la tabla de bifurcaci&oacute;n de PCIe en el sitio de soporte (https:\/\/www.asus.com\/support\/FAQ\/1037507\/).<br \/>\t\t\tNota: Para garantizar la compatibilidad del dispositivo instalado, consulte https:\/\/www.asus.com\/support\/ para obtener la lista de perif&eacute;ricos compatibles.<\/td>\n<\/tr>\n<tr>\n<td valign=\"top\"><strong>Gr&aacute;ficos<\/strong><\/td>\n<td>&#8211; 1 x puerto DisplayPort**<br \/>\t\t\t&#8211; 1 x puerto HDMI&reg;*** &nbsp;<br \/>\t\t\t* Las especificaciones gr&aacute;ficas pueden variar seg&uacute;n el tipo de CPU. Consulte www.intel.com para obtener actualizaciones.<br \/>\t\t\t**Soporta m&aacute;x. 8K@60Hz como se especifica en DisplayPort 1.4.<br \/>\t\t\t***Admite 4K@60Hz como se especifica en HDMI 2.1. &nbsp;<br \/>\t\t\t**** La compatibilidad con la resoluci&oacute;n VGA depende de la resoluci&oacute;n del procesador o de la tarjeta gr&aacute;fica.<\/td>\n<\/tr>\n<tr>\n<td valign=\"top\">\n<div><strong>Puertos E\/S, <\/strong><\/div>\n<div><strong>Conectores<\/strong><\/div>\n<div>&nbsp;<\/div>\n<\/td>\n<td>\n<div>\n<div><strong>Conectores Internos E\/S <\/strong><\/div>\n<\/p><\/div>\n<p>\t\t\t&#8211; Relacionados con ventiladores y refrigeraci&oacute;n<br \/>\t\t\t&nbsp; 1 x cabezal de ventilador de CPU de 4 pines<br \/>\t\t\t&nbsp; 1 x cabezal de ventilador OPT de CPU de 4 pines<br \/>\t\t\t&nbsp; 1 x cabezal de bomba AIO de 4 pines<br \/>\t\t\t&nbsp; 4 x cabezales de ventilador de chasis de 4 pines<br \/>\t\t\t&#8211; Relacionado con el poder<br \/>\t\t\t&nbsp; 1 x conector de alimentaci&oacute;n principal de 24 pines<br \/>\t\t\t&nbsp; 2 x conectores de alimentaci&oacute;n de 8 pines +12 V<br \/>\t\t\t&#8211; Relacionado con el almacenamiento<br \/>\t\t\t&nbsp; 4 x ranuras M.2 (clave M)<br \/>\t\t\t&nbsp; 4 x puertos SATA de 6 Gb\/s<br \/>\t\t\t&#8211; USB<br \/>\t\t\t&nbsp; 1 x conector USB 3.2 Gen 2 (compatible con USB Type-C)<br \/>\t\t\t&nbsp; 1 x conector USB 3.2 Gen 1 que admite 2 puertos USB 3.2 Gen 1 adicionales<br \/>\t\t\t&nbsp; 2 x cabezales USB 2.0 que admiten 4 puertos USB 2.0 adicionales<br \/>\t\t\t&#8211; Otros<br \/>\t\t\t&nbsp; 3 x encabezados direccionables Gen 2<br \/>\t\t\t&nbsp; 1 x cabezal Aura RGB<br \/>\t\t\t&nbsp; 1 x cabezal CMOS transparente<br \/>\t\t\t&nbsp; 1 x cabezal de puerto COM<br \/>\t\t\t&nbsp; 1 x puente de sobrevoltaje de CPU<br \/>\t\t\t&nbsp; 1 x cabezal de audio del panel frontal (AAFP)<br \/>\t\t\t&nbsp; 1 x bot&oacute;n de encendido<br \/>\t\t\t&nbsp; 1 x cabezal SPI TPM (14-1 pines)<br \/>\t\t\t&nbsp; 1 x cabezal del panel del sistema de 20-3 pines con funci&oacute;n de intrusi&oacute;n en el chasis<br \/>\t\t\t&nbsp; 1 x cabezal Thunderbolt\t\t\t<\/p>\n<div>\n<div><strong>Panel E\/S Trasero<\/strong><\/div>\n<\/p><\/div>\n<p>\t\t\t&#8211; 1 x puerto USB 3.2 Gen 2&#215;2 (1 USB Type-C)<br \/>\t\t\t&#8211; 3 x puertos USB 3.2 Gen 2 (2 x Tipo A, 1 x Tipo C)<br \/>\t\t\t&#8211; 4 x puertos USB 3.2 Gen 1 (4 x Tipo-A)<br \/>\t\t\t&#8211; 1 x puerto DisplayPort<br \/>\t\t\t&#8211; 1 x puerto HDMI<br \/>\t\t\t&#8211; 1 x m&oacute;dulo WiFi<br \/>\t\t\t&#8211; 1 x puerto Ethernet Intel de 2,5 Gb<br \/>\t\t\t&#8211; 3 x conectores de audio<\/td>\n<\/tr>\n<tr>\n<td valign=\"top\">\n<div><strong>Otras <\/strong><\/div>\n<div><strong>Caracter&iacute;sticas<\/strong><\/div>\n<\/td>\n<td><strong>Almacenamiento<\/strong><br \/>\t\t\t&#8211; Totalmente compatible con 4 x ranuras M.2 y 4 puertos SATA de 6 Gb\/s*<br \/>\t\t\t&nbsp; Procesadores Intel Core (14.&ordf;, 13.&ordf; y 12.&ordf; generaci&oacute;n)*<br \/>\t\t\t&nbsp; &#8211; Ranura M.2_1 (Clave M), tipo 2242\/2260\/2280\/22110 (compatible con el modo PCIe 4.0 x4)<br \/>\t\t\t&nbsp; Conjunto de chips Intel&reg; Z790<br \/>\t\t\t&nbsp; &#8211; Ranura M.2_2 (Clave M), tipo 2242\/2260\/2280 (compatible con PCIe 4.0 x4)<br \/>\t\t\t&nbsp; &#8211; Ranura M.2_3 (Clave M), tipo 2242\/2260\/2280\/22110 (compatible con PCIe 4.0 x4)<br \/>\t\t\t&nbsp; &#8211; Ranura M.2_4 (Clave M), tipo 2242\/2260\/2280 (admite modos PCIe 4.0 x4 y SATA)<br \/>\t\t\t&nbsp; &#8211; 4 x puertos SATA de 6 Gb\/s<br \/>\t\t\t&nbsp; * La tecnolog&iacute;a Intel Rapid Storage admite PCIe RAID 0\/1\/5\/10, SATA RAID 0\/1\/5\/10.<br \/>\t\t\t&nbsp; &#8211; Totalmente compatible con 4 ranuras M.2 y 4 puertos SATA de 6 Gb\/s*<br \/>\t\t\t&nbsp; Procesadores Intel Core (14.&ordf;, 13.&ordf; y 12.&ordf; generaci&oacute;n)*<br \/>\t\t\t&nbsp; &#8211; Ranura M.2_1 (Clave M), tipo 2242\/2260\/2280\/22110 (compatible con el modo PCIe 4.0 x4)<br \/>\t\t\t&nbsp; Conjunto de chips Intel Z790<br \/>\t\t\t&nbsp; &#8211; Ranura M.2_2 (Clave M), tipo 2242\/2260\/2280 (compatible con PCIe 4.0 x4)<br \/>\t\t\t&nbsp; &#8211; Ranura M.2_3 (Clave M), tipo 2242\/2260\/2280\/22110 (compatible con PCIe 4.0 x4)<br \/>\t\t\t&nbsp; &#8211; Ranura M.2_4 (Clave M), tipo 2242\/2260\/2280 (admite modos PCIe 4.0 x4 y SATA)<br \/>\t\t\t&nbsp; &#8211; 4 x puertos SATA de 6 Gb\/s<br \/>\t\t\t&nbsp; * La tecnolog&iacute;a Intel Rapid Storage admite PCIe RAID 0\/1\/5\/10, SATA RAID 0\/1\/5\/10.<br \/>\t\t\t<strong>Audio<\/strong><br \/>\t\t\t&#8211; CODEC de audio de alta definici&oacute;n con sonido envolvente Realtek S1220A 7.1*<br \/>\t\t\t&nbsp; Sensor de impedancia para salidas de auriculares delanteras y traseras<br \/>\t\t\t&nbsp; Amplificador de audio interno para mejorar el sonido de la m&aacute;s alta calidad para auriculares y parlantes<br \/>\t\t\t&nbsp; Admite: detecci&oacute;n de jack, transmisi&oacute;n m&uacute;ltiple, reasignaci&oacute;n de jack en el panel frontal<br \/>\t\t\t&nbsp; Salida de reproducci&oacute;n est&eacute;reo de 120 dB SNR de alta calidad y entrada de grabaci&oacute;n de 113 dB SNR (entrada de l&iacute;nea)<br \/>\t\t\t&nbsp; Admite reproducci&oacute;n de hasta 32 bits\/192 kHz*<br \/>\t\t\t&#8211; Funciones de audio<br \/>\t\t\t&nbsp; Blindaje de audio<br \/>\t\t\t&nbsp; El prerregulador de potencia reduce el ruido de entrada de energ&iacute;a para garantizar un rendimiento constante<br \/>\t\t\t&nbsp; Condensadores de audio premium<br \/>\t\t\t&nbsp; Capas de PCB de audio dedicadas<br \/>\t\t\t&nbsp; Cubierta de audio<br \/>\t\t\t&nbsp; Circuito de-pop &uacute;nico<br \/>\t\t\t* Debido a limitaciones en el ancho de banda HDA, 32 bits\/192 kHz no son compatibles con audio de sonido envolvente 7.1.<br \/>\t\t\t<strong>LAN<\/strong><br \/>\t\t\t&#8211; 1 x Realtek 2.5 Gb Ethernet<br \/>\t\t\t&#8211; ASUS LANGuard<br \/>\t\t\t<strong>Conectividad y redes<\/strong><br \/>\t\t\t&#8211; Wifi 6E<br \/>\t\t\t&#8211; Wi-Fi 6E 2&#215;2 (802.11 a\/b\/g\/n\/ac\/ax)<br \/>\t\t\t&#8211; Admite banda de frecuencia de 2,4\/5\/6 GHz*<br \/>\t\t\t&#8211; Bluetooth v5.3**<br \/>\t\t\t*La normativa WiFi 6E 6GHz puede variar entre pa&iacute;ses.<br \/>\t\t\t** La versi&oacute;n de Bluetooth puede variar; consulte el sitio web del fabricante del m&oacute;dulo Wi-Fi para obtener las especificaciones m&aacute;s recientes.<br \/>\t\t\t<strong>USB<\/strong><br \/>\t\t\t&#8211; USB trasero (8 x puertos en total)<br \/>\t\t\t&nbsp; 1 x puerto USB 3.2 Gen 2&#215;2 (1 USB Type-C)<br \/>\t\t\t&nbsp; 3 x puertos USB 3.2 Gen 2 (2 x Tipo A, 1 x USB Type-C)<br \/>\t\t\t&nbsp; 4 x puertos USB 3.2 Gen 1 (4 x Tipo-A)<br \/>\t\t\t&#8211; USB frontal (7 x puertos en total)<br \/>\t\t\t&nbsp; 1 x conector USB 3.2 Gen 2 (compatible con USB Type-C)<br \/>\t\t\t&nbsp; 1 x conector USB 3.2 Gen 1 que admite 2 puertos USB 3.2 Gen 1 adicionales<br \/>\t\t\t&nbsp; 2 x cabezales USB 2.0 que admiten 4 puertos USB 2.0 adicionales<\/td>\n<\/tr>\n<tr>\n<td valign=\"top\"><strong>Fecha Revisi&oacute;n<\/strong><\/td>\n<td>19-11-2024 por RTY<\/td>\n<\/tr>\n<\/table>\n","protected":false},"excerpt":{"rendered":"<p>Marca Asus Modelo 90MB1CS0-M1EAY0 Plataforma &#8211; ATX (30.5 x 24.4cm) Chipset &#8211; Intel Z890 CPU Soportados &#8211; Intel Socket LGA1700 para procesadores Intel Core de 14.&ordf; y 13.&ordf; generaci&oacute;n, procesadores Intel Core de 12.&ordf; generaci&oacute;n, Pentium Gold y Celeron* &#8211; Compatible con la tecnolog&iacute;a Intel Turbo Boost 2.0 y la tecnolog&iacute;a Intel Turbo Boost Max&hellip;&nbsp;<a href=\"https:\/\/aivlisoft.net\/shop\/producto\/asus-placa-base-prime-z790-a-wifi-ddr5-atx\/\" rel=\"bookmark\"><span class=\"screen-reader-text\">ASUS Placa Base PRIME Z790-A WIFI DDR5 ATX<\/span><\/a><\/p>\n","protected":false},"featured_media":0,"template":"","meta":{"neve_meta_sidebar":"","neve_meta_container":"","neve_meta_enable_content_width":"","neve_meta_content_width":0,"neve_meta_title_alignment":"","neve_meta_author_avatar":"","neve_post_elements_order":"","neve_meta_disable_header":"","neve_meta_disable_footer":"","neve_meta_disable_title":""},"product_brand":[],"product_cat":[8750],"product_tag":[5719],"class_list":{"0":"post-15024","1":"product","2":"type-product","3":"status-publish","5":"product_cat-intel-socket-1700","6":"product_tag-90mb1cs0-m1eay0","8":"first","9":"instock","10":"taxable","11":"shipping-taxable","12":"purchasable","13":"product-type-simple"},"yoast_head":"<!-- This site is optimized with the Yoast SEO plugin v26.0 - https:\/\/yoast.com\/wordpress\/plugins\/seo\/ -->\n<title>ASUS Placa Base PRIME Z790-A WIFI DDR5 ATX - Aivlisoft Inform\u00e1tica<\/title>\n<meta name=\"robots\" content=\"index, follow, max-snippet:-1, max-image-preview:large, max-video-preview:-1\" \/>\n<link rel=\"canonical\" href=\"https:\/\/aivlisoft.net\/shop\/producto\/asus-placa-base-prime-z790-a-wifi-ddr5-atx\/\" \/>\n<meta property=\"og:locale\" content=\"es_ES\" \/>\n<meta property=\"og:type\" content=\"article\" \/>\n<meta property=\"og:title\" content=\"ASUS Placa Base PRIME Z790-A WIFI DDR5 ATX - Aivlisoft Inform\u00e1tica\" \/>\n<meta property=\"og:description\" content=\"Marca Asus Modelo 90MB1CS0-M1EAY0 Plataforma &#8211; ATX (30.5 x 24.4cm) Chipset &#8211; Intel Z890 CPU Soportados &#8211; Intel Socket LGA1700 para procesadores Intel Core de 14.&ordf; y 13.&ordf; generaci&oacute;n, procesadores Intel Core de 12.&ordf; generaci&oacute;n, Pentium Gold y Celeron* &#8211; Compatible con la tecnolog&iacute;a Intel Turbo Boost 2.0 y la tecnolog&iacute;a Intel Turbo Boost Max&hellip;&nbsp;ASUS Placa Base PRIME Z790-A WIFI DDR5 ATX\" \/>\n<meta property=\"og:url\" content=\"https:\/\/aivlisoft.net\/shop\/producto\/asus-placa-base-prime-z790-a-wifi-ddr5-atx\/\" \/>\n<meta property=\"og:site_name\" content=\"Aivlisoft Inform\u00e1tica\" \/>\n<meta property=\"article:modified_time\" content=\"2025-01-14T11:19:47+00:00\" \/>\n<meta name=\"twitter:card\" content=\"summary_large_image\" \/>\n<meta name=\"twitter:label1\" content=\"Tiempo de lectura\" \/>\n\t<meta name=\"twitter:data1\" content=\"6 minutos\" \/>\n<script type=\"application\/ld+json\" class=\"yoast-schema-graph\">{\"@context\":\"https:\/\/schema.org\",\"@graph\":[{\"@type\":\"WebPage\",\"@id\":\"https:\/\/aivlisoft.net\/shop\/producto\/asus-placa-base-prime-z790-a-wifi-ddr5-atx\/\",\"url\":\"https:\/\/aivlisoft.net\/shop\/producto\/asus-placa-base-prime-z790-a-wifi-ddr5-atx\/\",\"name\":\"ASUS Placa Base PRIME Z790-A WIFI DDR5 ATX - Aivlisoft Inform\u00e1tica\",\"isPartOf\":{\"@id\":\"https:\/\/aivlisoft.net\/shop\/#website\"},\"datePublished\":\"2025-01-13T14:49:23+00:00\",\"dateModified\":\"2025-01-14T11:19:47+00:00\",\"breadcrumb\":{\"@id\":\"https:\/\/aivlisoft.net\/shop\/producto\/asus-placa-base-prime-z790-a-wifi-ddr5-atx\/#breadcrumb\"},\"inLanguage\":\"es\",\"potentialAction\":[{\"@type\":\"ReadAction\",\"target\":[\"https:\/\/aivlisoft.net\/shop\/producto\/asus-placa-base-prime-z790-a-wifi-ddr5-atx\/\"]}]},{\"@type\":\"BreadcrumbList\",\"@id\":\"https:\/\/aivlisoft.net\/shop\/producto\/asus-placa-base-prime-z790-a-wifi-ddr5-atx\/#breadcrumb\",\"itemListElement\":[{\"@type\":\"ListItem\",\"position\":1,\"name\":\"Portada\",\"item\":\"https:\/\/aivlisoft.net\/shop\/\"},{\"@type\":\"ListItem\",\"position\":2,\"name\":\"Tienda\",\"item\":\"https:\/\/aivlisoft.net\/shop\/tienda\/\"},{\"@type\":\"ListItem\",\"position\":3,\"name\":\"ASUS Placa Base PRIME Z790-A WIFI DDR5 ATX\"}]},{\"@type\":\"WebSite\",\"@id\":\"https:\/\/aivlisoft.net\/shop\/#website\",\"url\":\"https:\/\/aivlisoft.net\/shop\/\",\"name\":\"Aivlisoft Inform\u00e1tica\",\"description\":\"En Aivlisoft Inform\u00e1tica ofrecemos soluciones tecnol\u00f3gicas para empresas: venta de ordenadores, consumibles, perif\u00e9ricos y m\u00e1s. Calidad, atenci\u00f3n personalizada y los mejores precios para tu negocio.\",\"publisher\":{\"@id\":\"https:\/\/aivlisoft.net\/shop\/#organization\"},\"potentialAction\":[{\"@type\":\"SearchAction\",\"target\":{\"@type\":\"EntryPoint\",\"urlTemplate\":\"https:\/\/aivlisoft.net\/shop\/?s={search_term_string}\"},\"query-input\":{\"@type\":\"PropertyValueSpecification\",\"valueRequired\":true,\"valueName\":\"search_term_string\"}}],\"inLanguage\":\"es\"},{\"@type\":\"Organization\",\"@id\":\"https:\/\/aivlisoft.net\/shop\/#organization\",\"name\":\"Aivlisoft Inform\u00e1tica\",\"url\":\"https:\/\/aivlisoft.net\/shop\/\",\"logo\":{\"@type\":\"ImageObject\",\"inLanguage\":\"es\",\"@id\":\"https:\/\/aivlisoft.net\/shop\/#\/schema\/logo\/image\/\",\"url\":\"https:\/\/aivlisoft.net\/shop\/wp-content\/uploads\/2024\/12\/removal.ai_5b848c54-0cdf-4140-95c5-c5536bb7573b-logodef.png\",\"contentUrl\":\"https:\/\/aivlisoft.net\/shop\/wp-content\/uploads\/2024\/12\/removal.ai_5b848c54-0cdf-4140-95c5-c5536bb7573b-logodef.png\",\"width\":484,\"height\":182,\"caption\":\"Aivlisoft Inform\u00e1tica\"},\"image\":{\"@id\":\"https:\/\/aivlisoft.net\/shop\/#\/schema\/logo\/image\/\"}}]}<\/script>\n<!-- \/ Yoast SEO plugin. -->","yoast_head_json":{"title":"ASUS Placa Base PRIME Z790-A WIFI DDR5 ATX - Aivlisoft Inform\u00e1tica","robots":{"index":"index","follow":"follow","max-snippet":"max-snippet:-1","max-image-preview":"max-image-preview:large","max-video-preview":"max-video-preview:-1"},"canonical":"https:\/\/aivlisoft.net\/shop\/producto\/asus-placa-base-prime-z790-a-wifi-ddr5-atx\/","og_locale":"es_ES","og_type":"article","og_title":"ASUS Placa Base PRIME Z790-A WIFI DDR5 ATX - Aivlisoft Inform\u00e1tica","og_description":"Marca Asus Modelo 90MB1CS0-M1EAY0 Plataforma &#8211; ATX (30.5 x 24.4cm) Chipset &#8211; Intel Z890 CPU Soportados &#8211; Intel Socket LGA1700 para procesadores Intel Core de 14.&ordf; y 13.&ordf; generaci&oacute;n, procesadores Intel Core de 12.&ordf; generaci&oacute;n, Pentium Gold y Celeron* &#8211; Compatible con la tecnolog&iacute;a Intel Turbo Boost 2.0 y la tecnolog&iacute;a Intel Turbo Boost Max&hellip;&nbsp;ASUS Placa Base PRIME Z790-A WIFI DDR5 ATX","og_url":"https:\/\/aivlisoft.net\/shop\/producto\/asus-placa-base-prime-z790-a-wifi-ddr5-atx\/","og_site_name":"Aivlisoft Inform\u00e1tica","article_modified_time":"2025-01-14T11:19:47+00:00","twitter_card":"summary_large_image","twitter_misc":{"Tiempo de lectura":"6 minutos"},"schema":{"@context":"https:\/\/schema.org","@graph":[{"@type":"WebPage","@id":"https:\/\/aivlisoft.net\/shop\/producto\/asus-placa-base-prime-z790-a-wifi-ddr5-atx\/","url":"https:\/\/aivlisoft.net\/shop\/producto\/asus-placa-base-prime-z790-a-wifi-ddr5-atx\/","name":"ASUS Placa Base PRIME Z790-A WIFI DDR5 ATX - Aivlisoft Inform\u00e1tica","isPartOf":{"@id":"https:\/\/aivlisoft.net\/shop\/#website"},"datePublished":"2025-01-13T14:49:23+00:00","dateModified":"2025-01-14T11:19:47+00:00","breadcrumb":{"@id":"https:\/\/aivlisoft.net\/shop\/producto\/asus-placa-base-prime-z790-a-wifi-ddr5-atx\/#breadcrumb"},"inLanguage":"es","potentialAction":[{"@type":"ReadAction","target":["https:\/\/aivlisoft.net\/shop\/producto\/asus-placa-base-prime-z790-a-wifi-ddr5-atx\/"]}]},{"@type":"BreadcrumbList","@id":"https:\/\/aivlisoft.net\/shop\/producto\/asus-placa-base-prime-z790-a-wifi-ddr5-atx\/#breadcrumb","itemListElement":[{"@type":"ListItem","position":1,"name":"Portada","item":"https:\/\/aivlisoft.net\/shop\/"},{"@type":"ListItem","position":2,"name":"Tienda","item":"https:\/\/aivlisoft.net\/shop\/tienda\/"},{"@type":"ListItem","position":3,"name":"ASUS Placa Base PRIME Z790-A WIFI DDR5 ATX"}]},{"@type":"WebSite","@id":"https:\/\/aivlisoft.net\/shop\/#website","url":"https:\/\/aivlisoft.net\/shop\/","name":"Aivlisoft Inform\u00e1tica","description":"En Aivlisoft Inform\u00e1tica ofrecemos soluciones tecnol\u00f3gicas para empresas: venta de ordenadores, consumibles, perif\u00e9ricos y m\u00e1s. Calidad, atenci\u00f3n personalizada y los mejores precios para tu negocio.","publisher":{"@id":"https:\/\/aivlisoft.net\/shop\/#organization"},"potentialAction":[{"@type":"SearchAction","target":{"@type":"EntryPoint","urlTemplate":"https:\/\/aivlisoft.net\/shop\/?s={search_term_string}"},"query-input":{"@type":"PropertyValueSpecification","valueRequired":true,"valueName":"search_term_string"}}],"inLanguage":"es"},{"@type":"Organization","@id":"https:\/\/aivlisoft.net\/shop\/#organization","name":"Aivlisoft Inform\u00e1tica","url":"https:\/\/aivlisoft.net\/shop\/","logo":{"@type":"ImageObject","inLanguage":"es","@id":"https:\/\/aivlisoft.net\/shop\/#\/schema\/logo\/image\/","url":"https:\/\/aivlisoft.net\/shop\/wp-content\/uploads\/2024\/12\/removal.ai_5b848c54-0cdf-4140-95c5-c5536bb7573b-logodef.png","contentUrl":"https:\/\/aivlisoft.net\/shop\/wp-content\/uploads\/2024\/12\/removal.ai_5b848c54-0cdf-4140-95c5-c5536bb7573b-logodef.png","width":484,"height":182,"caption":"Aivlisoft Inform\u00e1tica"},"image":{"@id":"https:\/\/aivlisoft.net\/shop\/#\/schema\/logo\/image\/"}}]}},"_links":{"self":[{"href":"https:\/\/aivlisoft.net\/shop\/wp-json\/wp\/v2\/product\/15024","targetHints":{"allow":["GET"]}}],"collection":[{"href":"https:\/\/aivlisoft.net\/shop\/wp-json\/wp\/v2\/product"}],"about":[{"href":"https:\/\/aivlisoft.net\/shop\/wp-json\/wp\/v2\/types\/product"}],"wp:attachment":[{"href":"https:\/\/aivlisoft.net\/shop\/wp-json\/wp\/v2\/media?parent=15024"}],"wp:term":[{"taxonomy":"product_brand","embeddable":true,"href":"https:\/\/aivlisoft.net\/shop\/wp-json\/wp\/v2\/product_brand?post=15024"},{"taxonomy":"product_cat","embeddable":true,"href":"https:\/\/aivlisoft.net\/shop\/wp-json\/wp\/v2\/product_cat?post=15024"},{"taxonomy":"product_tag","embeddable":true,"href":"https:\/\/aivlisoft.net\/shop\/wp-json\/wp\/v2\/product_tag?post=15024"}],"curies":[{"name":"wp","href":"https:\/\/api.w.org\/{rel}","templated":true}]}}