{"id":15012,"date":"2025-01-13T14:49:14","date_gmt":"2025-01-13T14:49:14","guid":{"rendered":"https:\/\/aivlisoft.com\/?post_type=product&#038;p=15012"},"modified":"2025-01-14T11:19:42","modified_gmt":"2025-01-14T11:19:42","slug":"msi-placa-base-b760-gaming-plus-wifi-ddr4-1700","status":"publish","type":"product","link":"https:\/\/aivlisoft.net\/shop\/producto\/msi-placa-base-b760-gaming-plus-wifi-ddr4-1700\/","title":{"rendered":"MSI Placa Base B760 GAMING PLUS WIFI DDR4 1700"},"content":{"rendered":"<p><\/p>\n<table class=\"tabla_caracteristicas k-table\" width=\"100%\">\n<tr>\n<td valign=\"top\"><strong>Marca<\/strong><\/td>\n<td>MSI<\/td>\n<\/tr>\n<tr>\n<td valign=\"top\"><strong>Modelo<\/strong><\/td>\n<td><strong>007D98-043R<\/strong><\/td>\n<\/tr>\n<tr>\n<td valign=\"top\"><strong>Plataforma<\/strong><\/td>\n<td>&#8211; ATX (24,3 cm x 304,8 cm)<\/td>\n<\/tr>\n<tr>\n<td valign=\"top\"><strong>Chipset<\/strong><\/td>\n<td>&#8211; <strong>Intel B760<\/strong><\/td>\n<\/tr>\n<tr>\n<td valign=\"top\"><strong>CPU<\/strong><strong> Soportados<\/strong><\/td>\n<td>&#8211; Compatible con procesadores Intel Core de 14.&ordf;\/13.&ordf;\/12.&ordf; generaci&oacute;n, procesadores Intel Pentium&nbsp; Gold y Celeron<br \/>\t\t\t&#8211; LGA 1700<\/td>\n<\/tr>\n<tr>\n<td valign=\"top\"><strong>Memoria<\/strong><\/td>\n<td>&#8211; 4 x <strong>DDR4<\/strong>, capacidad m&aacute;xima de memoria 256 GB<br \/>\t\t\t&#8211; Soporte de memoria DDR5 6800+(OC)\/ 6600(OC)\/ 6400(OC)\/ 6200(OC)\/ 6000(OC)\/ 5800(OC)\/ 5600(JEDEC)\/ 5400(JEDEC)\/ 5200(JEDEC)\/ 5000(JEDEC)\/ 4800(JEDEC)MHz<br \/>\t\t\t&#8211; M&aacute;x. frecuencia de overclocking:<br \/>\t\t\t&nbsp; 1DPC 1R Velocidad m&aacute;xima hasta 6800+ MHz<br \/>\t\t\t&nbsp; 1DPC 2R Velocidad m&aacute;xima hasta 6400+ MHz<br \/>\t\t\t&nbsp; 2DPC 1R Velocidad m&aacute;xima hasta 6000+ MHz<br \/>\t\t\t&nbsp; 2DPC 2R Velocidad m&aacute;xima hasta 5600+ MHz<br \/>\t\t\t&#8211; Soporta Intel XMP 3.0 OC<br \/>\t\t\t&#8211; Admite el modo de doble canal y controlador dual<br \/>\t\t\t&#8211; Admite memoria sin b&uacute;fer y sin ECC<\/td>\n<\/tr>\n<tr>\n<td valign=\"top\">\n<div><strong>Slots Expansi&oacute;n<\/strong><\/div>\n<\/td>\n<td>&#8211; 5 x ranura PCI-E x16 (Cant.)<br \/>\t\t\t&nbsp; PCI_E1 Gen PCIe 4.0 admite hasta x16 (desde CPU)<br \/>\t\t\t&nbsp; PCI_E2 Gen PCIe 3.0 admite hasta x1 (desde el chipset)<br \/>\t\t\t&nbsp; PCI_E3 Gen PCIe 4.0 admite hasta x4 (desde el chipset)<br \/>\t\t\t&nbsp; PCI_E4 Gen PCIe 3.0 admite hasta x1 (desde el chipset)<br \/>\t\t\t&nbsp; PCI_E5 Gen PCIe 3.0 admite hasta x1 (desde el chipset)<\/td>\n<\/tr>\n<tr>\n<td valign=\"top\"><strong>Gr&aacute;ficos<\/strong><\/td>\n<td>&#8211; 1 x HDMI 2.1 con HDR, resoluci&oacute;n m&aacute;xima de 4K 60 Hz<br \/>\t\t\t&#8211; 1 x DisplayPort DP1.4 resoluci&oacute;n m&aacute;xima de 4K 60 Hz<\/td>\n<\/tr>\n<tr>\n<td valign=\"top\">\n<div><strong>Puertos E\/S, <\/strong><\/div>\n<div><strong>Conectores<\/strong><\/div>\n<div>&nbsp;<\/div>\n<\/td>\n<td>\n<div>\n<div><strong>Conectores Internos E\/S <\/strong><\/div>\n<\/p><\/div>\n<div>\n<div>&#8211; 1 x conector de alimentaci&oacute;n (ATX_PWR)<br \/>\t\t\t&#8211; 2 x conector de alimentaci&oacute;n (CPU_PWR)<br \/>\t\t\t&#8211; 1 x ventilador de CPU<br \/>\t\t\t&#8211; 1 x ventilador de bomba.<br \/>\t\t\t&#8211; 5 x ventiladores del sistema.<br \/>\t\t\t&#8211; 2 x Panel frontal (JFP)<br \/>\t\t\t&#8211; 1 x Intrusi&oacute;n de chasis (JCI)<br \/>\t\t\t&#8211; 1 x Audio frontal (JAUD)<br \/>\t\t\t&#8211; 1 x puerto de impresora (JLPT)<br \/>\t\t\t&#8211; 1 x puerto COM (JCOM)<br \/>\t\t\t&#8211; 1 x conector TBT (JTBT, compatible con RTD3)<br \/>\t\t\t&#8211; 2 x Conector LED RGB V2 direccionable (JARGB_V2)<br \/>\t\t\t&#8211; 1 x conector LED RGB (JRGB)<br \/>\t\t\t&#8211; 1 x encabezado de pin TPM (compatible con TPM 2.0)<br \/>\t\t\t&#8211; 4 x puertos USB 2.0<br \/>\t\t\t&#8211; 2 x puertos USB tipo A de 5 Gbps<br \/>\t\t\t&#8211; 1 x puerto USB tipo C de 5 Gbps<br \/>\t\t\t<strong>Panel E\/S Trasero<\/strong><\/div>\n<\/p><\/div>\n<p>\t\t\t&#8211; Teclado\/rat&oacute;n<br \/>\t\t\t&#8211; DisplayPort<br \/>\t\t\t&#8211; LAN 2.5G<br \/>\t\t\t&#8211; USB 2.0<br \/>\t\t\t&#8211; Wi-Fi\/Bluetooth<br \/>\t\t\t&#8211; Conectores de audio<br \/>\t\t\t&#8211; USB 2.0<br \/>\t\t\t&#8211; HDMI<br \/>\t\t\t&#8211; USB 3.2 Gen 2 10 Gbps (Tipo A)<br \/>\t\t\t&#8211; USB 3.2 Gen 2 10 Gbps (Tipo C)<br \/>\t\t\t&#8211; SALIDA S\/PDIF<\/td>\n<\/tr>\n<tr>\n<td valign=\"top\">\n<div><strong>Otras <\/strong><\/div>\n<div><strong>Caracter&iacute;sticas<\/strong><\/div>\n<\/td>\n<td><strong>USB<\/strong><br \/>\t\t\t&#8211; 4 x USB 2.0 (Trasero)<br \/>\t\t\t&#8211; 4 x USB 2.0 (Frontal)<br \/>\t\t\t&#8211; 2 x USB 5Gbps Tipo A (Frontal)<br \/>\t\t\t&#8211; 1 x USB 5Gbps Tipo C (Frontal)<br \/>\t\t\t&#8211; 2 x USB 10Gbps Tipo A (Trasero)<br \/>\t\t\t&#8211; 1 x USB 10Gbps Tipo C (Trasero)<br \/>\t\t\t<strong>RAID<\/strong><br \/>\t\t\t&#8211; Admite RAID 0, RAID 1, RAID 5 y RAID 10 para dispositivos de almacenamiento SATA<br \/>\t\t\t<strong>Almacenamiento<\/strong><br \/>\t\t\t&#8211; 2 x M.2 (Cantidad):<br \/>\t\t\t&nbsp; Fuente M.2_1 (desde CPU) admite hasta PCIe 4.0 x4, admite dispositivos 22110\/2280\/2260\/2242<br \/>\t\t\t&nbsp; La fuente M.2_2 (desde el chipset) admite hasta modo PCIe 4.0 x4 \/ SATA, admite dispositivos 2280\/2260\/2242<br \/>\t\t\t&#8211; 4 x SATA 6G (Cantidad)<br \/>\t\t\t* SATA8 no estar&aacute; disponible al instalar SSD SATA M.2 en la ranura M2_2.\t\t\t<\/p>\n<div class=\"TechSpec__rowTable__1LR9D\">\n<div class=\"TechSpec__rowTableTitle__3GLj4\">\n<div class=\"rowTableTitle\"><strong>Conectividad<\/strong><br \/>\t\t\t&#8211; Intel Wi-Fi 6E:<br \/>\t\t\t&nbsp; El m&oacute;dulo inal&aacute;mbrico est&aacute; preinstalado en la ranura M.2 (Key-E)<br \/>\t\t\t&nbsp; Admite MU-MIMO TX\/RX, 2,4 GHz \/ 5 GHz \/ 6 GHz* (160 MHz) hasta 2,4 Gbps<br \/>\t\t\t&nbsp; Soporta 802.11 a\/ b\/ g\/ n\/ ac\/ ax<br \/>\t\t\t&#8211; Compatible con Bluetooth&reg; 5.3, FIPS, FISMA<br \/>\t\t\t* Wi-Fi 6E 6GHz puede depender de las regulaciones de cada pa&iacute;s y estar&aacute; listo en Windows 11.<br \/>\t\t\t** Bluetooth 5.3 estar&aacute; listo en Windows 10 build 21H1 y Windows 11.<\/div>\n<\/p><\/div>\n<\/p><\/div>\n<p>\t\t\t<strong>Ethernet<\/strong><br \/>\t\t\t<strong>&#8211; <\/strong>&nbsp;Realtek RTL8125BG 2.5Gbps LAN<br \/>\t\t\t<strong>Audio<\/strong><br \/>\t\t\t&#8211; C&oacute;dec Realtek ALC897<br \/>\t\t\t&#8211; Audio de alta definici&oacute;n de 7.1 canales<br \/>\t\t\t&#8211; Admite salida S\/PDIF<br \/>\t\t\t<strong>LAN<\/strong><br \/>\t\t\t&#8211; &nbsp;Realtek RTL8125BG 2.5Gbps LAN<br \/>\t\t\t<strong>Sistema Operativo<\/strong><br \/>\t\t\t&#8211; Windows 11, Windows 10 64-bit<\/td>\n<\/tr>\n<tr>\n<td valign=\"top\"><strong>Fecha Revisi&oacute;n<\/strong><\/td>\n<td>23-10-2024 por RTY<\/td>\n<\/tr>\n<\/table>\n","protected":false},"excerpt":{"rendered":"<p>Marca MSI Modelo 007D98-043R Plataforma &#8211; ATX (24,3 cm x 304,8 cm) Chipset &#8211; Intel B760 CPU Soportados &#8211; Compatible con procesadores Intel Core de 14.&ordf;\/13.&ordf;\/12.&ordf; generaci&oacute;n, procesadores Intel Pentium&nbsp; Gold y Celeron &#8211; LGA 1700 Memoria &#8211; 4 x DDR4, capacidad m&aacute;xima de memoria 256 GB &#8211; Soporte de memoria DDR5 6800+(OC)\/ 6600(OC)\/ 6400(OC)\/&hellip;&nbsp;<a href=\"https:\/\/aivlisoft.net\/shop\/producto\/msi-placa-base-b760-gaming-plus-wifi-ddr4-1700\/\" rel=\"bookmark\"><span class=\"screen-reader-text\">MSI Placa Base B760 GAMING PLUS WIFI DDR4 1700<\/span><\/a><\/p>\n","protected":false},"featured_media":15013,"template":"","meta":{"neve_meta_sidebar":"","neve_meta_container":"","neve_meta_enable_content_width":"","neve_meta_content_width":0,"neve_meta_title_alignment":"","neve_meta_author_avatar":"","neve_post_elements_order":"","neve_meta_disable_header":"","neve_meta_disable_footer":"","neve_meta_disable_title":""},"product_brand":[],"product_cat":[8750],"product_tag":[5716],"class_list":{"0":"post-15012","1":"product","2":"type-product","3":"status-publish","4":"has-post-thumbnail","6":"product_cat-intel-socket-1700","7":"product_tag-007d98-043r","9":"first","10":"instock","11":"taxable","12":"shipping-taxable","13":"purchasable","14":"product-type-simple"},"yoast_head":"<!-- This site is optimized with the Yoast SEO plugin v26.0 - https:\/\/yoast.com\/wordpress\/plugins\/seo\/ -->\n<title>MSI Placa Base B760 GAMING PLUS WIFI DDR4 1700 - Aivlisoft Inform\u00e1tica<\/title>\n<meta name=\"robots\" content=\"index, follow, max-snippet:-1, max-image-preview:large, max-video-preview:-1\" \/>\n<link rel=\"canonical\" href=\"https:\/\/aivlisoft.net\/shop\/producto\/msi-placa-base-b760-gaming-plus-wifi-ddr4-1700\/\" \/>\n<meta property=\"og:locale\" content=\"es_ES\" \/>\n<meta property=\"og:type\" content=\"article\" \/>\n<meta property=\"og:title\" content=\"MSI Placa Base B760 GAMING PLUS WIFI DDR4 1700 - Aivlisoft Inform\u00e1tica\" \/>\n<meta property=\"og:description\" content=\"Marca MSI Modelo 007D98-043R Plataforma &#8211; ATX (24,3 cm x 304,8 cm) Chipset &#8211; Intel B760 CPU Soportados &#8211; Compatible con procesadores Intel Core de 14.&ordf;\/13.&ordf;\/12.&ordf; generaci&oacute;n, procesadores Intel Pentium&nbsp; Gold y Celeron &#8211; LGA 1700 Memoria &#8211; 4 x DDR4, capacidad m&aacute;xima de memoria 256 GB &#8211; Soporte de memoria DDR5 6800+(OC)\/ 6600(OC)\/ 6400(OC)\/&hellip;&nbsp;MSI Placa Base B760 GAMING PLUS WIFI DDR4 1700\" \/>\n<meta property=\"og:url\" content=\"https:\/\/aivlisoft.net\/shop\/producto\/msi-placa-base-b760-gaming-plus-wifi-ddr4-1700\/\" \/>\n<meta property=\"og:site_name\" content=\"Aivlisoft Inform\u00e1tica\" \/>\n<meta property=\"article:modified_time\" content=\"2025-01-14T11:19:42+00:00\" \/>\n<meta property=\"og:image\" content=\"https:\/\/aivlisoft.net\/shop\/wp-content\/uploads\/2025\/01\/IPBPIB0125_800.jpg\" \/>\n\t<meta property=\"og:image:width\" content=\"800\" \/>\n\t<meta property=\"og:image:height\" content=\"800\" \/>\n\t<meta property=\"og:image:type\" content=\"image\/jpeg\" \/>\n<meta name=\"twitter:card\" content=\"summary_large_image\" \/>\n<meta name=\"twitter:label1\" content=\"Tiempo de lectura\" \/>\n\t<meta name=\"twitter:data1\" content=\"3 minutos\" \/>\n<script type=\"application\/ld+json\" class=\"yoast-schema-graph\">{\"@context\":\"https:\/\/schema.org\",\"@graph\":[{\"@type\":\"WebPage\",\"@id\":\"https:\/\/aivlisoft.net\/shop\/producto\/msi-placa-base-b760-gaming-plus-wifi-ddr4-1700\/\",\"url\":\"https:\/\/aivlisoft.net\/shop\/producto\/msi-placa-base-b760-gaming-plus-wifi-ddr4-1700\/\",\"name\":\"MSI Placa Base B760 GAMING PLUS WIFI DDR4 1700 - Aivlisoft Inform\u00e1tica\",\"isPartOf\":{\"@id\":\"https:\/\/aivlisoft.net\/shop\/#website\"},\"primaryImageOfPage\":{\"@id\":\"https:\/\/aivlisoft.net\/shop\/producto\/msi-placa-base-b760-gaming-plus-wifi-ddr4-1700\/#primaryimage\"},\"image\":{\"@id\":\"https:\/\/aivlisoft.net\/shop\/producto\/msi-placa-base-b760-gaming-plus-wifi-ddr4-1700\/#primaryimage\"},\"thumbnailUrl\":\"https:\/\/aivlisoft.net\/shop\/wp-content\/uploads\/2025\/01\/IPBPIB0125_800.jpg\",\"datePublished\":\"2025-01-13T14:49:14+00:00\",\"dateModified\":\"2025-01-14T11:19:42+00:00\",\"breadcrumb\":{\"@id\":\"https:\/\/aivlisoft.net\/shop\/producto\/msi-placa-base-b760-gaming-plus-wifi-ddr4-1700\/#breadcrumb\"},\"inLanguage\":\"es\",\"potentialAction\":[{\"@type\":\"ReadAction\",\"target\":[\"https:\/\/aivlisoft.net\/shop\/producto\/msi-placa-base-b760-gaming-plus-wifi-ddr4-1700\/\"]}]},{\"@type\":\"ImageObject\",\"inLanguage\":\"es\",\"@id\":\"https:\/\/aivlisoft.net\/shop\/producto\/msi-placa-base-b760-gaming-plus-wifi-ddr4-1700\/#primaryimage\",\"url\":\"https:\/\/aivlisoft.net\/shop\/wp-content\/uploads\/2025\/01\/IPBPIB0125_800.jpg\",\"contentUrl\":\"https:\/\/aivlisoft.net\/shop\/wp-content\/uploads\/2025\/01\/IPBPIB0125_800.jpg\",\"width\":800,\"height\":800},{\"@type\":\"BreadcrumbList\",\"@id\":\"https:\/\/aivlisoft.net\/shop\/producto\/msi-placa-base-b760-gaming-plus-wifi-ddr4-1700\/#breadcrumb\",\"itemListElement\":[{\"@type\":\"ListItem\",\"position\":1,\"name\":\"Portada\",\"item\":\"https:\/\/aivlisoft.net\/shop\/\"},{\"@type\":\"ListItem\",\"position\":2,\"name\":\"Tienda\",\"item\":\"https:\/\/aivlisoft.net\/shop\/tienda\/\"},{\"@type\":\"ListItem\",\"position\":3,\"name\":\"MSI Placa Base B760 GAMING PLUS WIFI DDR4 1700\"}]},{\"@type\":\"WebSite\",\"@id\":\"https:\/\/aivlisoft.net\/shop\/#website\",\"url\":\"https:\/\/aivlisoft.net\/shop\/\",\"name\":\"Aivlisoft Inform\u00e1tica\",\"description\":\"En Aivlisoft Inform\u00e1tica ofrecemos soluciones tecnol\u00f3gicas para empresas: venta de ordenadores, consumibles, perif\u00e9ricos y m\u00e1s. Calidad, atenci\u00f3n personalizada y los mejores precios para tu negocio.\",\"publisher\":{\"@id\":\"https:\/\/aivlisoft.net\/shop\/#organization\"},\"potentialAction\":[{\"@type\":\"SearchAction\",\"target\":{\"@type\":\"EntryPoint\",\"urlTemplate\":\"https:\/\/aivlisoft.net\/shop\/?s={search_term_string}\"},\"query-input\":{\"@type\":\"PropertyValueSpecification\",\"valueRequired\":true,\"valueName\":\"search_term_string\"}}],\"inLanguage\":\"es\"},{\"@type\":\"Organization\",\"@id\":\"https:\/\/aivlisoft.net\/shop\/#organization\",\"name\":\"Aivlisoft Inform\u00e1tica\",\"url\":\"https:\/\/aivlisoft.net\/shop\/\",\"logo\":{\"@type\":\"ImageObject\",\"inLanguage\":\"es\",\"@id\":\"https:\/\/aivlisoft.net\/shop\/#\/schema\/logo\/image\/\",\"url\":\"https:\/\/aivlisoft.net\/shop\/wp-content\/uploads\/2024\/12\/removal.ai_5b848c54-0cdf-4140-95c5-c5536bb7573b-logodef.png\",\"contentUrl\":\"https:\/\/aivlisoft.net\/shop\/wp-content\/uploads\/2024\/12\/removal.ai_5b848c54-0cdf-4140-95c5-c5536bb7573b-logodef.png\",\"width\":484,\"height\":182,\"caption\":\"Aivlisoft Inform\u00e1tica\"},\"image\":{\"@id\":\"https:\/\/aivlisoft.net\/shop\/#\/schema\/logo\/image\/\"}}]}<\/script>\n<!-- \/ Yoast SEO plugin. -->","yoast_head_json":{"title":"MSI Placa Base B760 GAMING PLUS WIFI DDR4 1700 - Aivlisoft Inform\u00e1tica","robots":{"index":"index","follow":"follow","max-snippet":"max-snippet:-1","max-image-preview":"max-image-preview:large","max-video-preview":"max-video-preview:-1"},"canonical":"https:\/\/aivlisoft.net\/shop\/producto\/msi-placa-base-b760-gaming-plus-wifi-ddr4-1700\/","og_locale":"es_ES","og_type":"article","og_title":"MSI Placa Base B760 GAMING PLUS WIFI DDR4 1700 - Aivlisoft Inform\u00e1tica","og_description":"Marca MSI Modelo 007D98-043R Plataforma &#8211; ATX (24,3 cm x 304,8 cm) Chipset &#8211; Intel B760 CPU Soportados &#8211; Compatible con procesadores Intel Core de 14.&ordf;\/13.&ordf;\/12.&ordf; generaci&oacute;n, procesadores Intel Pentium&nbsp; Gold y Celeron &#8211; LGA 1700 Memoria &#8211; 4 x DDR4, capacidad m&aacute;xima de memoria 256 GB &#8211; Soporte de memoria DDR5 6800+(OC)\/ 6600(OC)\/ 6400(OC)\/&hellip;&nbsp;MSI Placa Base B760 GAMING PLUS WIFI DDR4 1700","og_url":"https:\/\/aivlisoft.net\/shop\/producto\/msi-placa-base-b760-gaming-plus-wifi-ddr4-1700\/","og_site_name":"Aivlisoft Inform\u00e1tica","article_modified_time":"2025-01-14T11:19:42+00:00","og_image":[{"width":800,"height":800,"url":"https:\/\/aivlisoft.net\/shop\/wp-content\/uploads\/2025\/01\/IPBPIB0125_800.jpg","type":"image\/jpeg"}],"twitter_card":"summary_large_image","twitter_misc":{"Tiempo de lectura":"3 minutos"},"schema":{"@context":"https:\/\/schema.org","@graph":[{"@type":"WebPage","@id":"https:\/\/aivlisoft.net\/shop\/producto\/msi-placa-base-b760-gaming-plus-wifi-ddr4-1700\/","url":"https:\/\/aivlisoft.net\/shop\/producto\/msi-placa-base-b760-gaming-plus-wifi-ddr4-1700\/","name":"MSI Placa Base B760 GAMING PLUS WIFI DDR4 1700 - Aivlisoft Inform\u00e1tica","isPartOf":{"@id":"https:\/\/aivlisoft.net\/shop\/#website"},"primaryImageOfPage":{"@id":"https:\/\/aivlisoft.net\/shop\/producto\/msi-placa-base-b760-gaming-plus-wifi-ddr4-1700\/#primaryimage"},"image":{"@id":"https:\/\/aivlisoft.net\/shop\/producto\/msi-placa-base-b760-gaming-plus-wifi-ddr4-1700\/#primaryimage"},"thumbnailUrl":"https:\/\/aivlisoft.net\/shop\/wp-content\/uploads\/2025\/01\/IPBPIB0125_800.jpg","datePublished":"2025-01-13T14:49:14+00:00","dateModified":"2025-01-14T11:19:42+00:00","breadcrumb":{"@id":"https:\/\/aivlisoft.net\/shop\/producto\/msi-placa-base-b760-gaming-plus-wifi-ddr4-1700\/#breadcrumb"},"inLanguage":"es","potentialAction":[{"@type":"ReadAction","target":["https:\/\/aivlisoft.net\/shop\/producto\/msi-placa-base-b760-gaming-plus-wifi-ddr4-1700\/"]}]},{"@type":"ImageObject","inLanguage":"es","@id":"https:\/\/aivlisoft.net\/shop\/producto\/msi-placa-base-b760-gaming-plus-wifi-ddr4-1700\/#primaryimage","url":"https:\/\/aivlisoft.net\/shop\/wp-content\/uploads\/2025\/01\/IPBPIB0125_800.jpg","contentUrl":"https:\/\/aivlisoft.net\/shop\/wp-content\/uploads\/2025\/01\/IPBPIB0125_800.jpg","width":800,"height":800},{"@type":"BreadcrumbList","@id":"https:\/\/aivlisoft.net\/shop\/producto\/msi-placa-base-b760-gaming-plus-wifi-ddr4-1700\/#breadcrumb","itemListElement":[{"@type":"ListItem","position":1,"name":"Portada","item":"https:\/\/aivlisoft.net\/shop\/"},{"@type":"ListItem","position":2,"name":"Tienda","item":"https:\/\/aivlisoft.net\/shop\/tienda\/"},{"@type":"ListItem","position":3,"name":"MSI Placa Base B760 GAMING PLUS WIFI DDR4 1700"}]},{"@type":"WebSite","@id":"https:\/\/aivlisoft.net\/shop\/#website","url":"https:\/\/aivlisoft.net\/shop\/","name":"Aivlisoft Inform\u00e1tica","description":"En Aivlisoft Inform\u00e1tica ofrecemos soluciones tecnol\u00f3gicas para empresas: venta de ordenadores, consumibles, perif\u00e9ricos y m\u00e1s. Calidad, atenci\u00f3n personalizada y los mejores precios para tu negocio.","publisher":{"@id":"https:\/\/aivlisoft.net\/shop\/#organization"},"potentialAction":[{"@type":"SearchAction","target":{"@type":"EntryPoint","urlTemplate":"https:\/\/aivlisoft.net\/shop\/?s={search_term_string}"},"query-input":{"@type":"PropertyValueSpecification","valueRequired":true,"valueName":"search_term_string"}}],"inLanguage":"es"},{"@type":"Organization","@id":"https:\/\/aivlisoft.net\/shop\/#organization","name":"Aivlisoft Inform\u00e1tica","url":"https:\/\/aivlisoft.net\/shop\/","logo":{"@type":"ImageObject","inLanguage":"es","@id":"https:\/\/aivlisoft.net\/shop\/#\/schema\/logo\/image\/","url":"https:\/\/aivlisoft.net\/shop\/wp-content\/uploads\/2024\/12\/removal.ai_5b848c54-0cdf-4140-95c5-c5536bb7573b-logodef.png","contentUrl":"https:\/\/aivlisoft.net\/shop\/wp-content\/uploads\/2024\/12\/removal.ai_5b848c54-0cdf-4140-95c5-c5536bb7573b-logodef.png","width":484,"height":182,"caption":"Aivlisoft Inform\u00e1tica"},"image":{"@id":"https:\/\/aivlisoft.net\/shop\/#\/schema\/logo\/image\/"}}]}},"_links":{"self":[{"href":"https:\/\/aivlisoft.net\/shop\/wp-json\/wp\/v2\/product\/15012","targetHints":{"allow":["GET"]}}],"collection":[{"href":"https:\/\/aivlisoft.net\/shop\/wp-json\/wp\/v2\/product"}],"about":[{"href":"https:\/\/aivlisoft.net\/shop\/wp-json\/wp\/v2\/types\/product"}],"wp:featuredmedia":[{"embeddable":true,"href":"https:\/\/aivlisoft.net\/shop\/wp-json\/wp\/v2\/media\/15013"}],"wp:attachment":[{"href":"https:\/\/aivlisoft.net\/shop\/wp-json\/wp\/v2\/media?parent=15012"}],"wp:term":[{"taxonomy":"product_brand","embeddable":true,"href":"https:\/\/aivlisoft.net\/shop\/wp-json\/wp\/v2\/product_brand?post=15012"},{"taxonomy":"product_cat","embeddable":true,"href":"https:\/\/aivlisoft.net\/shop\/wp-json\/wp\/v2\/product_cat?post=15012"},{"taxonomy":"product_tag","embeddable":true,"href":"https:\/\/aivlisoft.net\/shop\/wp-json\/wp\/v2\/product_tag?post=15012"}],"curies":[{"name":"wp","href":"https:\/\/api.w.org\/{rel}","templated":true}]}}