{"id":14997,"date":"2025-01-13T14:49:07","date_gmt":"2025-01-13T14:49:07","guid":{"rendered":"https:\/\/aivlisoft.com\/?post_type=product&#038;p=14997"},"modified":"2025-01-14T11:19:39","modified_gmt":"2025-01-14T11:19:39","slug":"msi-placa-base-mag-z790-tomahawk-max-wifi-ddr5","status":"publish","type":"product","link":"https:\/\/aivlisoft.net\/shop\/producto\/msi-placa-base-mag-z790-tomahawk-max-wifi-ddr5\/","title":{"rendered":"MSI Placa Base MAG Z790 TOMAHAWK MAX WIFI DDR5"},"content":{"rendered":"<p><\/p>\n<table class=\"tabla_caracteristicas k-table\" width=\"100%\">\n<tr>\n<td valign=\"top\"><strong>Marca<\/strong><\/td>\n<td>MSI<\/td>\n<\/tr>\n<tr>\n<td valign=\"top\"><strong>Modelo<\/strong><\/td>\n<td><strong>911-7E25-010<\/strong><\/td>\n<\/tr>\n<tr>\n<td valign=\"top\"><strong>Plataforma<\/strong><\/td>\n<td>&#8211; ATX (&nbsp;243.84 x 304.8 mm )<\/td>\n<\/tr>\n<tr>\n<td valign=\"top\"><strong>Chipset<\/strong><\/td>\n<td>&#8211; &nbsp;INTEL Z790<\/td>\n<\/tr>\n<tr>\n<td valign=\"top\"><strong>CPU<\/strong><br \/>\t\t\t<strong>Soportados<\/strong><\/td>\n<td>&#8211; Compatible con procesadores Intel Core de 14.&ordf;\/13.&ordf;\/12.&ordf; generaci&oacute;n, procesadores Intel Pentium Gold y Celeron<br \/>\t\t\t&#8211; LGA 1700<\/td>\n<\/tr>\n<tr>\n<td valign=\"top\"><strong>Memoria<\/strong><\/td>\n<td>&#8211; 4 x <strong>DDR5<\/strong>, soporta hasta 256GB<br \/>\t\t\t&#8211; Soporte de memoria DDR5 7800+(OC)\/ 7600(OC)\/ 7400(OC)\/ 7200(OC)\/ 7000(OC)\/ 6800(OC)\/ 6600(OC)\/ 6400(OC)\/ 6200(OC)\/ 6000(OC)\/ 5800(OC)\/ 5600(JEDEC)\/ 5400(JEDEC)\/ 5200(JEDEC)\/ 5000(JEDEC)\/ 4800(JEDEC) MHz<br \/>\t\t\t&#8211; M&aacute;x. frecuencia de overclocking:<br \/>\t\t\t&nbsp; 1DPC 1R Velocidad m&aacute;xima de hasta 7800+ MHz<br \/>\t\t\t&nbsp; 1DPC 2R Velocidad m&aacute;xima de hasta 6600+ MHz<br \/>\t\t\t&nbsp; 2DPC 1R Velocidad m&aacute;xima de hasta 6400+ MHz<br \/>\t\t\t&nbsp; 2DPC 2R Velocidad m&aacute;xima de hasta 5600+ MHz<br \/>\t\t\t&#8211; Compatible con Intel XMP3.0 OC<br \/>\t\t\t&#8211; Admite el modo de doble canal y controlador dual<br \/>\t\t\t&#8211; Admite memoria sin b&uacute;fer y sin ECC<\/td>\n<\/tr>\n<tr>\n<td valign=\"top\">\n<div><strong>Slots Expansi&oacute;n<\/strong><\/div>\n<\/td>\n<td>&#8211; 2 x ranura PCI-E x16 (Cant.)<br \/>\t\t\t&#8211; 1 x ranura PCI-E x1 (Cantidad)<br \/>\t\t\t&#8211; PCI_E1 Gen PCIe 5.0 admite hasta x16 (desde CPU)<br \/>\t\t\t&#8211; PCI_E2 Gen PCIe 3.0 admite hasta x1 (desde el chipset)<br \/>\t\t\t&#8211; PCI_E3 Gen PCIe 4.0 admite hasta x4 (desde el chipset)<\/td>\n<\/tr>\n<tr>\n<td valign=\"top\"><strong>Gr&aacute;ficos<\/strong><\/td>\n<td>&#8211; 1 x HDMI:<br \/>\t\t\t&nbsp; Admite HDMI 2.1 con HDR, resoluci&oacute;n m&aacute;xima de 4K 60 Hz*<br \/>\t\t\t&#8211; 1x DisplayPort:<br \/>\t\t\t&nbsp; Soporta DP 1.4, m&aacute;xima resoluci&oacute;n of 8K 60Hz<br \/>\t\t\t*Disponible solo en procesadores con gr&aacute;ficos integrados. Las especificaciones gr&aacute;ficas pueden variar seg&uacute;n la CPU instalada<\/td>\n<\/tr>\n<tr>\n<td valign=\"top\"><strong>Conectividad<\/strong><\/td>\n<td>&#8211; Wifi 7<br \/>\t\t\t&#8211; El m&oacute;dulo inal&aacute;mbrico est&aacute; preinstalado en la ranura M.2 (Key-E)<br \/>\t\t\t&#8211; Admite MU-MIMO TX\/RX, 2,4 GHz \/ 5 GHz \/ 6 GHz* (320 MHz) hasta 5,8 Gbps<br \/>\t\t\t&#8211; Soporta 802.11 a\/ b\/ g\/ n\/ ac\/ ax\/ be<br \/>\t\t\t&#8211; Compatible con Bluetooth 5.4**, MLO y 4KQAM<br \/>\t\t\t* La compatibilidad con la banda de 6 GHz puede depender de las regulaciones de cada pa&iacute;s y Wi-Fi 7 estar&aacute; listo en Windows 11 SV3.<br \/>\t\t\t** La versi&oacute;n de Bluetooth puede actualizarse; consulte el sitio web del proveedor del chipset Wi-Fi para obtener m&aacute;s detalles. El cronograma de compatibilidad con Bluetooth 5.4 depende del plan MSFT Windows 11.<\/td>\n<\/tr>\n<tr>\n<td valign=\"top\">\n<div><strong>Puertos E\/S, <\/strong><\/div>\n<div><strong>Conectores<\/strong><\/div>\n<div>&nbsp;<\/div>\n<\/td>\n<td>\n<div>\n<div><strong>Conectores Internos E\/S<\/strong><br \/>\t\t\t&#8211; 1 x conector de alimentaci&oacute;n (ATX_PWR)<br \/>\t\t\t&#8211; 2 x conector de alimentaci&oacute;n (CPU_PWR)<br \/>\t\t\t&#8211; 1 x ventilador de CPU<br \/>\t\t\t&#8211; 1 x ventilador de bomba<br \/>\t\t\t&#8211; 6 x ventilador del sistema<br \/>\t\t\t&#8211; 2 x Panel frontal (JFP)<br \/>\t\t\t&#8211; 1 x Intrusi&oacute;n de chasis (JCI)<br \/>\t\t\t&#8211; 1 x audio frontal (JAUD)<br \/>\t\t\t&#8211; 1 x conector TBT (JTBT, compatible con RTD3)<br \/>\t\t\t&#8211; 1 x conector del controlador de sintonizaci&oacute;n (JDASH)<br \/>\t\t\t&#8211; 3 x Conector LED RGB V2 direccionable (JARGB_V2)<br \/>\t\t\t&#8211; 1 x conector LED RGB (JRGB)<br \/>\t\t\t&#8211; 1 x encabezado de pin TPM (compatible con TPM 2.0)<br \/>\t\t\t&#8211; 1 x conector de tarjeta USB4 (JTBT_U4_1, compatible con RTD3)<br \/>\t\t\t&#8211; 4 x puertos USB 2.0<br \/>\t\t\t&#8211; 2 x puertos USB tipo A de 5 Gbps<br \/>\t\t\t&#8211; 1 x puerto USB de 10 Gbps tipo C<br \/>\t\t\t<strong>Panel E\/S Trasero<\/strong><\/div>\n<\/p><\/div>\n<p>\t\t\t&#8211; Puerto de visualizaci&oacute;n<br \/>\t\t\t&#8211; USB 3.2 Gen 1 5 Gbps (Tipo A)<br \/>\t\t\t&#8211; USB 3.2 Gen 2 10 Gbps (Tipo A)<br \/>\t\t\t&#8211; LAN 2.5G<br \/>\t\t\t&#8211; Wi-Fi\/Bluetooth<br \/>\t\t\t&#8211; Conectores de audio<br \/>\t\t\t&#8211; HDMI<br \/>\t\t\t&#8211; Borrar CMOS<br \/>\t\t\t&#8211; BIOS flasheado<br \/>\t\t\t&#8211; USB 3.2 Gen 2 10 Gbps (Tipo A)<br \/>\t\t\t&#8211; USB 3.2 Gen 2 10 Gbps (Tipo C)<br \/>\t\t\t&#8211; USB 3.2 Gen 2&#215;2 20 Gbps (Tipo C)<\/td>\n<\/tr>\n<tr>\n<td valign=\"top\">\n<div><strong>Otras <\/strong><\/div>\n<div><strong>Caracter&iacute;sticas<\/strong><\/div>\n<\/td>\n<td><strong>USB<\/strong><br \/>\t\t\t&#8211; 4 x USB 2.0 (Frontal)<br \/>\t\t\t&#8211; 4 x USB 5Gbps Tipo A (Trasero)<br \/>\t\t\t&#8211; 2 x USB 5Gbps Tipo A (Frontal)<br \/>\t\t\t&#8211; 4 x USB 10Gbps Tipo A (Trasero)<br \/>\t\t\t&#8211; 1 x USB 10Gbps Tipo C (Trasero)<br \/>\t\t\t&#8211; 1 x USB 10Gbps Tipo C (Frontal)<br \/>\t\t\t&#8211; 1 x USB 20Gbps Tipo C (Trasero)<br \/>\t\t\t<strong>Almacenamiento<\/strong><br \/>\t\t\t&#8211; 4 x M.2 (Cantidad)<br \/>\t\t\t&#8211; Fuente M.2_1 (desde CPU) admite hasta PCIe 5.0 x4, admite dispositivos 22110\/2280\/2260<br \/>\t\t\t&#8211; Fuente M.2_2 (desde chipset) admite hasta PCIe 4.0 x4, admite dispositivos 2280\/2260<br \/>\t\t\t&#8211; La fuente M.2_3 (desde el chipset) admite hasta modo PCIe 4.0 x4 \/ SATA, admite dispositivos 2280\/2260\/2242<br \/>\t\t\t&#8211; Fuente M.2_4 (desde chipset) admite hasta PCIe 4.0 x4, admite dispositivos 2280\/2260\/2242<br \/>\t\t\t&#8211; 8 x SATA 6G (Cantidad)<br \/>\t\t\t*La ranura PCI_E1 ser&aacute; Gen5x8 al instalar SSD M.2 en la ranura M2_1.<br \/>\t\t\t*SATA_1 y SATA_2 no estar&aacute;n disponibles al instalar SSD SATA M.2 en la ranura M2_3.<br \/>\t\t\t<strong>LED <\/strong><br \/>\t\t\t&#8211; 4 x EZ Debug LED<br \/>\t\t\t<strong>RAID <\/strong><br \/>\t\t\t&#8211; Admite RAID 0, RAID 1, RAID 5 y RAID 10 para dispositivos de almacenamiento SATA<br \/>\t\t\t&#8211; Admite RAID 0, RAID 1, RAID 5 y RAID 10 para dispositivos de almacenamiento M.2 NVMe<br \/>\t\t\t*SATA_A1_A2 no admite la funci&oacute;n RAID.<br \/>\t\t\t<strong>Audio<\/strong><br \/>\t\t\t&#8211; C&oacute;dec Realtek ALC4080<br \/>\t\t\t&#8211; Audio de alta definici&oacute;n de 7.1 canales<br \/>\t\t\t&#8211; Admite salida S\/PDIF<br \/>\t\t\t&#8211; Admite reproducci&oacute;n de hasta 32 bits\/384 kHz en el panel frontal<br \/>\t\t\t<strong>LAN<\/strong><br \/>\t\t\t&#8211; LAN Intel 2.5Gbps LAN<br \/>\t\t\t<strong>Sistema Operativo<\/strong><br \/>\t\t\t&#8211; Soporte para Windows 11 64-bit, Windows 10 64-bit<\/td>\n<\/tr>\n<tr>\n<td valign=\"top\"><strong>Fecha Revisi&oacute;n<\/strong><\/td>\n<td>12-06-2024 por RTY<\/td>\n<\/tr>\n<\/table>\n","protected":false},"excerpt":{"rendered":"<p>Marca MSI Modelo 911-7E25-010 Plataforma &#8211; ATX (&nbsp;243.84 x 304.8 mm ) Chipset &#8211; &nbsp;INTEL Z790 CPU Soportados &#8211; Compatible con procesadores Intel Core de 14.&ordf;\/13.&ordf;\/12.&ordf; generaci&oacute;n, procesadores Intel Pentium Gold y Celeron &#8211; LGA 1700 Memoria &#8211; 4 x DDR5, soporta hasta 256GB &#8211; Soporte de memoria DDR5 7800+(OC)\/ 7600(OC)\/ 7400(OC)\/ 7200(OC)\/ 7000(OC)\/ 6800(OC)\/&hellip;&nbsp;<a href=\"https:\/\/aivlisoft.net\/shop\/producto\/msi-placa-base-mag-z790-tomahawk-max-wifi-ddr5\/\" rel=\"bookmark\"><span class=\"screen-reader-text\">MSI Placa Base MAG Z790 TOMAHAWK MAX WIFI DDR5<\/span><\/a><\/p>\n","protected":false},"featured_media":14998,"template":"","meta":{"neve_meta_sidebar":"","neve_meta_container":"","neve_meta_enable_content_width":"","neve_meta_content_width":0,"neve_meta_title_alignment":"","neve_meta_author_avatar":"","neve_post_elements_order":"","neve_meta_disable_header":"","neve_meta_disable_footer":"","neve_meta_disable_title":""},"product_brand":[],"product_cat":[8750],"product_tag":[5713],"class_list":{"0":"post-14997","1":"product","2":"type-product","3":"status-publish","4":"has-post-thumbnail","6":"product_cat-intel-socket-1700","7":"product_tag-911-7e25-010","9":"first","10":"instock","11":"taxable","12":"shipping-taxable","13":"purchasable","14":"product-type-simple"},"yoast_head":"<!-- This site is optimized with the Yoast SEO plugin v26.0 - https:\/\/yoast.com\/wordpress\/plugins\/seo\/ -->\n<title>MSI Placa Base MAG Z790 TOMAHAWK MAX WIFI DDR5 - Aivlisoft Inform\u00e1tica<\/title>\n<meta name=\"robots\" content=\"index, follow, max-snippet:-1, max-image-preview:large, max-video-preview:-1\" \/>\n<link rel=\"canonical\" href=\"https:\/\/aivlisoft.net\/shop\/producto\/msi-placa-base-mag-z790-tomahawk-max-wifi-ddr5\/\" \/>\n<meta property=\"og:locale\" content=\"es_ES\" \/>\n<meta property=\"og:type\" content=\"article\" \/>\n<meta property=\"og:title\" content=\"MSI Placa Base MAG Z790 TOMAHAWK MAX WIFI DDR5 - Aivlisoft Inform\u00e1tica\" \/>\n<meta property=\"og:description\" content=\"Marca MSI Modelo 911-7E25-010 Plataforma &#8211; ATX (&nbsp;243.84 x 304.8 mm ) Chipset &#8211; &nbsp;INTEL Z790 CPU Soportados &#8211; Compatible con procesadores Intel Core de 14.&ordf;\/13.&ordf;\/12.&ordf; generaci&oacute;n, procesadores Intel Pentium Gold y Celeron &#8211; LGA 1700 Memoria &#8211; 4 x DDR5, soporta hasta 256GB &#8211; Soporte de memoria DDR5 7800+(OC)\/ 7600(OC)\/ 7400(OC)\/ 7200(OC)\/ 7000(OC)\/ 6800(OC)\/&hellip;&nbsp;MSI Placa Base MAG Z790 TOMAHAWK MAX WIFI DDR5\" \/>\n<meta property=\"og:url\" content=\"https:\/\/aivlisoft.net\/shop\/producto\/msi-placa-base-mag-z790-tomahawk-max-wifi-ddr5\/\" \/>\n<meta property=\"og:site_name\" content=\"Aivlisoft Inform\u00e1tica\" \/>\n<meta property=\"article:modified_time\" content=\"2025-01-14T11:19:39+00:00\" \/>\n<meta property=\"og:image\" content=\"https:\/\/aivlisoft.net\/shop\/wp-content\/uploads\/2025\/01\/IPBPIB0119_800.jpg\" \/>\n\t<meta property=\"og:image:width\" content=\"800\" \/>\n\t<meta property=\"og:image:height\" content=\"800\" \/>\n\t<meta property=\"og:image:type\" content=\"image\/jpeg\" \/>\n<meta name=\"twitter:card\" content=\"summary_large_image\" \/>\n<meta name=\"twitter:label1\" content=\"Tiempo de lectura\" \/>\n\t<meta name=\"twitter:data1\" content=\"4 minutos\" \/>\n<script type=\"application\/ld+json\" class=\"yoast-schema-graph\">{\"@context\":\"https:\/\/schema.org\",\"@graph\":[{\"@type\":\"WebPage\",\"@id\":\"https:\/\/aivlisoft.net\/shop\/producto\/msi-placa-base-mag-z790-tomahawk-max-wifi-ddr5\/\",\"url\":\"https:\/\/aivlisoft.net\/shop\/producto\/msi-placa-base-mag-z790-tomahawk-max-wifi-ddr5\/\",\"name\":\"MSI Placa Base MAG Z790 TOMAHAWK MAX WIFI DDR5 - Aivlisoft Inform\u00e1tica\",\"isPartOf\":{\"@id\":\"https:\/\/aivlisoft.net\/shop\/#website\"},\"primaryImageOfPage\":{\"@id\":\"https:\/\/aivlisoft.net\/shop\/producto\/msi-placa-base-mag-z790-tomahawk-max-wifi-ddr5\/#primaryimage\"},\"image\":{\"@id\":\"https:\/\/aivlisoft.net\/shop\/producto\/msi-placa-base-mag-z790-tomahawk-max-wifi-ddr5\/#primaryimage\"},\"thumbnailUrl\":\"https:\/\/aivlisoft.net\/shop\/wp-content\/uploads\/2025\/01\/IPBPIB0119_800.jpg\",\"datePublished\":\"2025-01-13T14:49:07+00:00\",\"dateModified\":\"2025-01-14T11:19:39+00:00\",\"breadcrumb\":{\"@id\":\"https:\/\/aivlisoft.net\/shop\/producto\/msi-placa-base-mag-z790-tomahawk-max-wifi-ddr5\/#breadcrumb\"},\"inLanguage\":\"es\",\"potentialAction\":[{\"@type\":\"ReadAction\",\"target\":[\"https:\/\/aivlisoft.net\/shop\/producto\/msi-placa-base-mag-z790-tomahawk-max-wifi-ddr5\/\"]}]},{\"@type\":\"ImageObject\",\"inLanguage\":\"es\",\"@id\":\"https:\/\/aivlisoft.net\/shop\/producto\/msi-placa-base-mag-z790-tomahawk-max-wifi-ddr5\/#primaryimage\",\"url\":\"https:\/\/aivlisoft.net\/shop\/wp-content\/uploads\/2025\/01\/IPBPIB0119_800.jpg\",\"contentUrl\":\"https:\/\/aivlisoft.net\/shop\/wp-content\/uploads\/2025\/01\/IPBPIB0119_800.jpg\",\"width\":800,\"height\":800},{\"@type\":\"BreadcrumbList\",\"@id\":\"https:\/\/aivlisoft.net\/shop\/producto\/msi-placa-base-mag-z790-tomahawk-max-wifi-ddr5\/#breadcrumb\",\"itemListElement\":[{\"@type\":\"ListItem\",\"position\":1,\"name\":\"Portada\",\"item\":\"https:\/\/aivlisoft.net\/shop\/\"},{\"@type\":\"ListItem\",\"position\":2,\"name\":\"Tienda\",\"item\":\"https:\/\/aivlisoft.net\/shop\/tienda\/\"},{\"@type\":\"ListItem\",\"position\":3,\"name\":\"MSI Placa Base MAG Z790 TOMAHAWK MAX WIFI DDR5\"}]},{\"@type\":\"WebSite\",\"@id\":\"https:\/\/aivlisoft.net\/shop\/#website\",\"url\":\"https:\/\/aivlisoft.net\/shop\/\",\"name\":\"Aivlisoft Inform\u00e1tica\",\"description\":\"En Aivlisoft Inform\u00e1tica ofrecemos soluciones tecnol\u00f3gicas para empresas: venta de ordenadores, consumibles, perif\u00e9ricos y m\u00e1s. Calidad, atenci\u00f3n personalizada y los mejores precios para tu negocio.\",\"publisher\":{\"@id\":\"https:\/\/aivlisoft.net\/shop\/#organization\"},\"potentialAction\":[{\"@type\":\"SearchAction\",\"target\":{\"@type\":\"EntryPoint\",\"urlTemplate\":\"https:\/\/aivlisoft.net\/shop\/?s={search_term_string}\"},\"query-input\":{\"@type\":\"PropertyValueSpecification\",\"valueRequired\":true,\"valueName\":\"search_term_string\"}}],\"inLanguage\":\"es\"},{\"@type\":\"Organization\",\"@id\":\"https:\/\/aivlisoft.net\/shop\/#organization\",\"name\":\"Aivlisoft Inform\u00e1tica\",\"url\":\"https:\/\/aivlisoft.net\/shop\/\",\"logo\":{\"@type\":\"ImageObject\",\"inLanguage\":\"es\",\"@id\":\"https:\/\/aivlisoft.net\/shop\/#\/schema\/logo\/image\/\",\"url\":\"https:\/\/aivlisoft.net\/shop\/wp-content\/uploads\/2024\/12\/removal.ai_5b848c54-0cdf-4140-95c5-c5536bb7573b-logodef.png\",\"contentUrl\":\"https:\/\/aivlisoft.net\/shop\/wp-content\/uploads\/2024\/12\/removal.ai_5b848c54-0cdf-4140-95c5-c5536bb7573b-logodef.png\",\"width\":484,\"height\":182,\"caption\":\"Aivlisoft Inform\u00e1tica\"},\"image\":{\"@id\":\"https:\/\/aivlisoft.net\/shop\/#\/schema\/logo\/image\/\"}}]}<\/script>\n<!-- \/ Yoast SEO plugin. -->","yoast_head_json":{"title":"MSI Placa Base MAG Z790 TOMAHAWK MAX WIFI DDR5 - Aivlisoft Inform\u00e1tica","robots":{"index":"index","follow":"follow","max-snippet":"max-snippet:-1","max-image-preview":"max-image-preview:large","max-video-preview":"max-video-preview:-1"},"canonical":"https:\/\/aivlisoft.net\/shop\/producto\/msi-placa-base-mag-z790-tomahawk-max-wifi-ddr5\/","og_locale":"es_ES","og_type":"article","og_title":"MSI Placa Base MAG Z790 TOMAHAWK MAX WIFI DDR5 - Aivlisoft Inform\u00e1tica","og_description":"Marca MSI Modelo 911-7E25-010 Plataforma &#8211; ATX (&nbsp;243.84 x 304.8 mm ) Chipset &#8211; &nbsp;INTEL Z790 CPU Soportados &#8211; Compatible con procesadores Intel Core de 14.&ordf;\/13.&ordf;\/12.&ordf; generaci&oacute;n, procesadores Intel Pentium Gold y Celeron &#8211; LGA 1700 Memoria &#8211; 4 x DDR5, soporta hasta 256GB &#8211; Soporte de memoria DDR5 7800+(OC)\/ 7600(OC)\/ 7400(OC)\/ 7200(OC)\/ 7000(OC)\/ 6800(OC)\/&hellip;&nbsp;MSI Placa Base MAG Z790 TOMAHAWK MAX WIFI DDR5","og_url":"https:\/\/aivlisoft.net\/shop\/producto\/msi-placa-base-mag-z790-tomahawk-max-wifi-ddr5\/","og_site_name":"Aivlisoft Inform\u00e1tica","article_modified_time":"2025-01-14T11:19:39+00:00","og_image":[{"width":800,"height":800,"url":"https:\/\/aivlisoft.net\/shop\/wp-content\/uploads\/2025\/01\/IPBPIB0119_800.jpg","type":"image\/jpeg"}],"twitter_card":"summary_large_image","twitter_misc":{"Tiempo de lectura":"4 minutos"},"schema":{"@context":"https:\/\/schema.org","@graph":[{"@type":"WebPage","@id":"https:\/\/aivlisoft.net\/shop\/producto\/msi-placa-base-mag-z790-tomahawk-max-wifi-ddr5\/","url":"https:\/\/aivlisoft.net\/shop\/producto\/msi-placa-base-mag-z790-tomahawk-max-wifi-ddr5\/","name":"MSI Placa Base MAG Z790 TOMAHAWK MAX WIFI DDR5 - Aivlisoft Inform\u00e1tica","isPartOf":{"@id":"https:\/\/aivlisoft.net\/shop\/#website"},"primaryImageOfPage":{"@id":"https:\/\/aivlisoft.net\/shop\/producto\/msi-placa-base-mag-z790-tomahawk-max-wifi-ddr5\/#primaryimage"},"image":{"@id":"https:\/\/aivlisoft.net\/shop\/producto\/msi-placa-base-mag-z790-tomahawk-max-wifi-ddr5\/#primaryimage"},"thumbnailUrl":"https:\/\/aivlisoft.net\/shop\/wp-content\/uploads\/2025\/01\/IPBPIB0119_800.jpg","datePublished":"2025-01-13T14:49:07+00:00","dateModified":"2025-01-14T11:19:39+00:00","breadcrumb":{"@id":"https:\/\/aivlisoft.net\/shop\/producto\/msi-placa-base-mag-z790-tomahawk-max-wifi-ddr5\/#breadcrumb"},"inLanguage":"es","potentialAction":[{"@type":"ReadAction","target":["https:\/\/aivlisoft.net\/shop\/producto\/msi-placa-base-mag-z790-tomahawk-max-wifi-ddr5\/"]}]},{"@type":"ImageObject","inLanguage":"es","@id":"https:\/\/aivlisoft.net\/shop\/producto\/msi-placa-base-mag-z790-tomahawk-max-wifi-ddr5\/#primaryimage","url":"https:\/\/aivlisoft.net\/shop\/wp-content\/uploads\/2025\/01\/IPBPIB0119_800.jpg","contentUrl":"https:\/\/aivlisoft.net\/shop\/wp-content\/uploads\/2025\/01\/IPBPIB0119_800.jpg","width":800,"height":800},{"@type":"BreadcrumbList","@id":"https:\/\/aivlisoft.net\/shop\/producto\/msi-placa-base-mag-z790-tomahawk-max-wifi-ddr5\/#breadcrumb","itemListElement":[{"@type":"ListItem","position":1,"name":"Portada","item":"https:\/\/aivlisoft.net\/shop\/"},{"@type":"ListItem","position":2,"name":"Tienda","item":"https:\/\/aivlisoft.net\/shop\/tienda\/"},{"@type":"ListItem","position":3,"name":"MSI Placa Base MAG Z790 TOMAHAWK MAX WIFI DDR5"}]},{"@type":"WebSite","@id":"https:\/\/aivlisoft.net\/shop\/#website","url":"https:\/\/aivlisoft.net\/shop\/","name":"Aivlisoft Inform\u00e1tica","description":"En Aivlisoft Inform\u00e1tica ofrecemos soluciones tecnol\u00f3gicas para empresas: venta de ordenadores, consumibles, perif\u00e9ricos y m\u00e1s. Calidad, atenci\u00f3n personalizada y los mejores precios para tu negocio.","publisher":{"@id":"https:\/\/aivlisoft.net\/shop\/#organization"},"potentialAction":[{"@type":"SearchAction","target":{"@type":"EntryPoint","urlTemplate":"https:\/\/aivlisoft.net\/shop\/?s={search_term_string}"},"query-input":{"@type":"PropertyValueSpecification","valueRequired":true,"valueName":"search_term_string"}}],"inLanguage":"es"},{"@type":"Organization","@id":"https:\/\/aivlisoft.net\/shop\/#organization","name":"Aivlisoft Inform\u00e1tica","url":"https:\/\/aivlisoft.net\/shop\/","logo":{"@type":"ImageObject","inLanguage":"es","@id":"https:\/\/aivlisoft.net\/shop\/#\/schema\/logo\/image\/","url":"https:\/\/aivlisoft.net\/shop\/wp-content\/uploads\/2024\/12\/removal.ai_5b848c54-0cdf-4140-95c5-c5536bb7573b-logodef.png","contentUrl":"https:\/\/aivlisoft.net\/shop\/wp-content\/uploads\/2024\/12\/removal.ai_5b848c54-0cdf-4140-95c5-c5536bb7573b-logodef.png","width":484,"height":182,"caption":"Aivlisoft Inform\u00e1tica"},"image":{"@id":"https:\/\/aivlisoft.net\/shop\/#\/schema\/logo\/image\/"}}]}},"_links":{"self":[{"href":"https:\/\/aivlisoft.net\/shop\/wp-json\/wp\/v2\/product\/14997","targetHints":{"allow":["GET"]}}],"collection":[{"href":"https:\/\/aivlisoft.net\/shop\/wp-json\/wp\/v2\/product"}],"about":[{"href":"https:\/\/aivlisoft.net\/shop\/wp-json\/wp\/v2\/types\/product"}],"wp:featuredmedia":[{"embeddable":true,"href":"https:\/\/aivlisoft.net\/shop\/wp-json\/wp\/v2\/media\/14998"}],"wp:attachment":[{"href":"https:\/\/aivlisoft.net\/shop\/wp-json\/wp\/v2\/media?parent=14997"}],"wp:term":[{"taxonomy":"product_brand","embeddable":true,"href":"https:\/\/aivlisoft.net\/shop\/wp-json\/wp\/v2\/product_brand?post=14997"},{"taxonomy":"product_cat","embeddable":true,"href":"https:\/\/aivlisoft.net\/shop\/wp-json\/wp\/v2\/product_cat?post=14997"},{"taxonomy":"product_tag","embeddable":true,"href":"https:\/\/aivlisoft.net\/shop\/wp-json\/wp\/v2\/product_tag?post=14997"}],"curies":[{"name":"wp","href":"https:\/\/api.w.org\/{rel}","templated":true}]}}