{"id":14915,"date":"2025-01-13T14:48:20","date_gmt":"2025-01-13T14:48:20","guid":{"rendered":"https:\/\/aivlisoft.com\/?post_type=product&#038;p=14915"},"modified":"2025-01-14T11:19:17","modified_gmt":"2025-01-14T11:19:17","slug":"asus-placa-base-prime-h610m-k-ddr5-argb-matx-1700","status":"publish","type":"product","link":"https:\/\/aivlisoft.net\/shop\/producto\/asus-placa-base-prime-h610m-k-ddr5-argb-matx-1700\/","title":{"rendered":"ASUS Placa Base PRIME H610M-K DDR5 ARGB mATX 1700"},"content":{"rendered":"<p><\/p>\n<table class=\"tabla_caracteristicas k-table\" width=\"100%\">\n<tr>\n<td valign=\"top\"><strong>Marca<\/strong><\/td>\n<td>Asus<\/td>\n<\/tr>\n<tr>\n<td valign=\"top\"><strong>Modelo<\/strong><\/td>\n<td><strong>90MB1G90-M0EAY0<\/strong><\/td>\n<\/tr>\n<tr>\n<td valign=\"top\"><strong>Plataforma<\/strong><\/td>\n<td>&#8211; mATX (23.4 x 20.3cm)<\/td>\n<\/tr>\n<tr>\n<td valign=\"top\"><strong>Chipset<\/strong><\/td>\n<td>&#8211; Intel H610<\/td>\n<\/tr>\n<tr>\n<td valign=\"top\"><strong>CPU<\/strong><br \/>\t\t\t<strong>Soportados<\/strong><\/td>\n<td>&#8211; Intel Socket LGA1700 para procesadores Intel Core de 14.&ordf; y 13.&ordf; generaci&oacute;n, procesadores Intel Core de 12.&ordf; generaci&oacute;n, Pentium Gold y Celeron<br \/>\t\t\t&#8211; Compatible con la tecnolog&iacute;a Intel Turbo Boost 2.0 y la tecnolog&iacute;a Intel Turbo Boost Max 3.0<\/td>\n<\/tr>\n<tr>\n<td valign=\"top\"><strong>Memoria<\/strong><\/td>\n<td>&#8211; 2 x DIMM, Max.&nbsp;96GB, DDR5 5600\/5400\/5200\/5000\/4800 Memoria sin b&uacute;fer, sin ECC<br \/>\t\t\t&#8211; Arquitectura de memoria de doble canal<br \/>\t\t\t&#8211; Admite perfiles de memoria extrema Intel (XMP)<\/td>\n<\/tr>\n<tr>\n<td valign=\"top\"><strong>Gr&aacute;ficos<\/strong><\/td>\n<td>&#8211; 1 x VGA<br \/>\t\t\t&#8211; 1 x HDMI<br \/>\t\t\t*Las especificaciones gr&aacute;ficas pueden variar entre los tipos de CPU. Consulte www.intel.com para obtener actualizaciones.<\/td>\n<\/tr>\n<tr>\n<td valign=\"top\">\n<div><strong>Slots Expansi&oacute;n<\/strong><\/div>\n<\/td>\n<td>&#8211; 1 x PCIe 4.0 x16 slot<br \/>\t\t\t&#8211; 1 x PCIe 3.0 x1<br \/>\t\t\t* Para garantizar la compatibilidad del dispositivo instalado, consulte https:\/\/www.asus.com\/support\/ para obtener la lista de perif&eacute;ricos compatibles<\/td>\n<\/tr>\n<tr>\n<td valign=\"top\">\n<div><strong>Puertos E\/S, <\/strong><\/div>\n<div><strong>Conectores<\/strong><\/div>\n<div>&nbsp;<\/div>\n<\/td>\n<td>\n<div>\n<div><strong>Conectores Internos E\/S <\/strong><\/div>\n<\/p><\/div>\n<p>\t\t\t&#8211; 1 x cabezal de ventilador de CPU de 4 pines<br \/>\t\t\t&#8211; 2 x cabezales de ventilador de chasis de 4 pines<br \/>\t\t\t&#8211; 1 x conector de alimentaci&oacute;n principal de 24 pines<br \/>\t\t\t&#8211; 1 x conector de alimentaci&oacute;n de 8 pines +12 V<br \/>\t\t\t&#8211; 1 x ranura M.2 (tecla M)<br \/>\t\t\t&#8211; 4 x puertos SATA de 6 Gb\/s<br \/>\t\t\t&#8211; 1 x conector USB 3.2 Gen 1 (5G) que admite 2 puertos USB 3.2 Gen 1 adicionales<br \/>\t\t\t&#8211; 1 x cabezal USB 2.0 que admite 1 puerto USB 2.0 adicional<br \/>\t\t\t&#8211; 2 x encabezados direccionables Gen 2<br \/>\t\t\t&#8211; 1 x encabezado CMOS transparente<br \/>\t\t\t&#8211; 1 x encabezado de audio del panel frontal (AAFP)<br \/>\t\t\t&#8211; 1 x encabezado de puerto COM<br \/>\t\t\t&#8211; 1 x encabezado de salida S\/PDIF<br \/>\t\t\t&#8211; 1 x encabezado de altavoz<br \/>\t\t\t&#8211; 1 x cabezal SPI TPM (14-1 pines)<br \/>\t\t\t&#8211; 1 x cabezal del panel del sistema de 10-1 pines\t\t\t<\/p>\n<div>\n<div><strong>Panel E\/S Trasero<\/strong><\/div>\n<\/p><\/div>\n<p>\t\t\t&#8211; 2 x puertos USB 3.2 Gen 1 (5G) (2 x Tipo A)<br \/>\t\t\t&#8211; 4 x puertos USB 2.0 (4 x Tipo-A)<br \/>\t\t\t&#8211; 1 x puerto VGA<br \/>\t\t\t&#8211; 1 x puerto HDMI&trade;<br \/>\t\t\t&#8211; 1 x puerto Ethernet Realtek de 1 Gb<br \/>\t\t\t&#8211; 3 x conectores de audio<br \/>\t\t\t&#8211; 1 x puerto combinado de teclado\/rat&oacute;n PS\/2<\/td>\n<\/tr>\n<tr>\n<td valign=\"top\">\n<div><strong>Otras <\/strong><\/div>\n<div><strong>Caracter&iacute;sticas<\/strong><\/div>\n<\/td>\n<td><strong>Almacenamiento<\/strong><br \/>\t\t\t&#8211; M.2 slot (Key M), type 2242\/2260\/2280 (supports PCIe 3.0 x4 mode)<br \/>\t\t\t&#8211; 4 x SATA 6Gb\/s ports<br \/>\t\t\t<strong>LAN<\/strong>\t\t\t<\/p>\n<div class=\"TechSpec__rowTable__1LR9D\">\n<div class=\"TechSpec__rowTableTitle__3GLj4\">\n<div class=\"TechSpec__rowTableItems__KYWXp\" style=\"flex-basis: 924px;\">&#8211; 1 x Realtek 1Gb Ethernet<br \/>\t\t\t<strong>USB<\/strong><br \/>\t\t\t&#8211; 2 x puertos USB 3.2 Gen 1 (5G) (2 x Tipo A)<br \/>\t\t\t&#8211; 4 x puertos USB 2.0 (4 x Tipo-A)<br \/>\t\t\t&#8211; 1 x conector USB 3.2 Gen 1 (5G) que admite 2 puertos USB 3.2 Gen 1 adicionales<br \/>\t\t\t&#8211; 1 x cabezal USB 2.0 que admite 1 puerto USB 2.0 adicional<\/div>\n<\/p><\/div>\n<\/p><\/div>\n<p>\t\t\t<strong>Audio<\/strong><br \/>\t\t\t&#8211; CODEC de audio de alta definici&oacute;n con sonido envolvente Realtek 7.1*<br \/>\t\t\t&#8211; Admite: detecci&oacute;n de jack, transmisi&oacute;n m&uacute;ltiple, reasignaci&oacute;n de jack en el panel frontal<br \/>\t\t\t&#8211; Admite reproducci&oacute;n de hasta 24 bits\/192 kHz<br \/>\t\t\t&#8211; Blindaje de audio<br \/>\t\t\t&#8211; Condensadores de audio de primera calidad<br \/>\t\t\t&#8211; Capas de PCB de audio dedicadas<\/td>\n<\/tr>\n<tr>\n<td valign=\"top\"><strong>Fecha Revisi&oacute;n<\/strong><\/td>\n<td>07-08-2024 por RTY<\/td>\n<\/tr>\n<\/table>\n","protected":false},"excerpt":{"rendered":"<p>Marca Asus Modelo 90MB1G90-M0EAY0 Plataforma &#8211; mATX (23.4 x 20.3cm) Chipset &#8211; Intel H610 CPU Soportados &#8211; Intel Socket LGA1700 para procesadores Intel Core de 14.&ordf; y 13.&ordf; generaci&oacute;n, procesadores Intel Core de 12.&ordf; generaci&oacute;n, Pentium Gold y Celeron &#8211; Compatible con la tecnolog&iacute;a Intel Turbo Boost 2.0 y la tecnolog&iacute;a Intel Turbo Boost Max&hellip;&nbsp;<a href=\"https:\/\/aivlisoft.net\/shop\/producto\/asus-placa-base-prime-h610m-k-ddr5-argb-matx-1700\/\" rel=\"bookmark\"><span class=\"screen-reader-text\">ASUS Placa Base PRIME H610M-K DDR5 ARGB mATX 1700<\/span><\/a><\/p>\n","protected":false},"featured_media":14916,"template":"","meta":{"neve_meta_sidebar":"","neve_meta_container":"","neve_meta_enable_content_width":"","neve_meta_content_width":0,"neve_meta_title_alignment":"","neve_meta_author_avatar":"","neve_post_elements_order":"","neve_meta_disable_header":"","neve_meta_disable_footer":"","neve_meta_disable_title":""},"product_brand":[],"product_cat":[8750],"product_tag":[5696],"class_list":{"0":"post-14915","1":"product","2":"type-product","3":"status-publish","4":"has-post-thumbnail","6":"product_cat-intel-socket-1700","7":"product_tag-90mb1g90-m0eay0","9":"first","10":"instock","11":"taxable","12":"shipping-taxable","13":"purchasable","14":"product-type-simple"},"yoast_head":"<!-- This site is optimized with the Yoast SEO plugin v26.0 - https:\/\/yoast.com\/wordpress\/plugins\/seo\/ -->\n<title>ASUS Placa Base PRIME H610M-K DDR5 ARGB mATX 1700 - Aivlisoft Inform\u00e1tica<\/title>\n<meta name=\"robots\" content=\"index, follow, max-snippet:-1, max-image-preview:large, max-video-preview:-1\" \/>\n<link rel=\"canonical\" href=\"https:\/\/aivlisoft.net\/shop\/producto\/asus-placa-base-prime-h610m-k-ddr5-argb-matx-1700\/\" \/>\n<meta property=\"og:locale\" content=\"es_ES\" \/>\n<meta property=\"og:type\" content=\"article\" \/>\n<meta property=\"og:title\" content=\"ASUS Placa Base PRIME H610M-K DDR5 ARGB mATX 1700 - Aivlisoft Inform\u00e1tica\" \/>\n<meta property=\"og:description\" content=\"Marca Asus Modelo 90MB1G90-M0EAY0 Plataforma &#8211; mATX (23.4 x 20.3cm) Chipset &#8211; Intel H610 CPU Soportados &#8211; Intel Socket LGA1700 para procesadores Intel Core de 14.&ordf; y 13.&ordf; generaci&oacute;n, procesadores Intel Core de 12.&ordf; generaci&oacute;n, Pentium Gold y Celeron &#8211; Compatible con la tecnolog&iacute;a Intel Turbo Boost 2.0 y la tecnolog&iacute;a Intel Turbo Boost Max&hellip;&nbsp;ASUS Placa Base PRIME H610M-K DDR5 ARGB mATX 1700\" \/>\n<meta property=\"og:url\" content=\"https:\/\/aivlisoft.net\/shop\/producto\/asus-placa-base-prime-h610m-k-ddr5-argb-matx-1700\/\" \/>\n<meta property=\"og:site_name\" content=\"Aivlisoft Inform\u00e1tica\" \/>\n<meta property=\"article:modified_time\" content=\"2025-01-14T11:19:17+00:00\" \/>\n<meta property=\"og:image\" content=\"https:\/\/aivlisoft.net\/shop\/wp-content\/uploads\/2025\/01\/IPBPIB0093_800.jpg\" \/>\n\t<meta property=\"og:image:width\" content=\"800\" \/>\n\t<meta property=\"og:image:height\" content=\"800\" \/>\n\t<meta property=\"og:image:type\" content=\"image\/jpeg\" \/>\n<meta name=\"twitter:card\" content=\"summary_large_image\" \/>\n<meta name=\"twitter:label1\" content=\"Tiempo de lectura\" \/>\n\t<meta name=\"twitter:data1\" content=\"2 minutos\" \/>\n<script type=\"application\/ld+json\" class=\"yoast-schema-graph\">{\"@context\":\"https:\/\/schema.org\",\"@graph\":[{\"@type\":\"WebPage\",\"@id\":\"https:\/\/aivlisoft.net\/shop\/producto\/asus-placa-base-prime-h610m-k-ddr5-argb-matx-1700\/\",\"url\":\"https:\/\/aivlisoft.net\/shop\/producto\/asus-placa-base-prime-h610m-k-ddr5-argb-matx-1700\/\",\"name\":\"ASUS Placa Base PRIME H610M-K DDR5 ARGB mATX 1700 - Aivlisoft Inform\u00e1tica\",\"isPartOf\":{\"@id\":\"https:\/\/aivlisoft.net\/shop\/#website\"},\"primaryImageOfPage\":{\"@id\":\"https:\/\/aivlisoft.net\/shop\/producto\/asus-placa-base-prime-h610m-k-ddr5-argb-matx-1700\/#primaryimage\"},\"image\":{\"@id\":\"https:\/\/aivlisoft.net\/shop\/producto\/asus-placa-base-prime-h610m-k-ddr5-argb-matx-1700\/#primaryimage\"},\"thumbnailUrl\":\"https:\/\/aivlisoft.net\/shop\/wp-content\/uploads\/2025\/01\/IPBPIB0093_800.jpg\",\"datePublished\":\"2025-01-13T14:48:20+00:00\",\"dateModified\":\"2025-01-14T11:19:17+00:00\",\"breadcrumb\":{\"@id\":\"https:\/\/aivlisoft.net\/shop\/producto\/asus-placa-base-prime-h610m-k-ddr5-argb-matx-1700\/#breadcrumb\"},\"inLanguage\":\"es\",\"potentialAction\":[{\"@type\":\"ReadAction\",\"target\":[\"https:\/\/aivlisoft.net\/shop\/producto\/asus-placa-base-prime-h610m-k-ddr5-argb-matx-1700\/\"]}]},{\"@type\":\"ImageObject\",\"inLanguage\":\"es\",\"@id\":\"https:\/\/aivlisoft.net\/shop\/producto\/asus-placa-base-prime-h610m-k-ddr5-argb-matx-1700\/#primaryimage\",\"url\":\"https:\/\/aivlisoft.net\/shop\/wp-content\/uploads\/2025\/01\/IPBPIB0093_800.jpg\",\"contentUrl\":\"https:\/\/aivlisoft.net\/shop\/wp-content\/uploads\/2025\/01\/IPBPIB0093_800.jpg\",\"width\":800,\"height\":800},{\"@type\":\"BreadcrumbList\",\"@id\":\"https:\/\/aivlisoft.net\/shop\/producto\/asus-placa-base-prime-h610m-k-ddr5-argb-matx-1700\/#breadcrumb\",\"itemListElement\":[{\"@type\":\"ListItem\",\"position\":1,\"name\":\"Portada\",\"item\":\"https:\/\/aivlisoft.net\/shop\/\"},{\"@type\":\"ListItem\",\"position\":2,\"name\":\"Tienda\",\"item\":\"https:\/\/aivlisoft.net\/shop\/tienda\/\"},{\"@type\":\"ListItem\",\"position\":3,\"name\":\"ASUS Placa Base PRIME H610M-K DDR5 ARGB mATX 1700\"}]},{\"@type\":\"WebSite\",\"@id\":\"https:\/\/aivlisoft.net\/shop\/#website\",\"url\":\"https:\/\/aivlisoft.net\/shop\/\",\"name\":\"Aivlisoft Inform\u00e1tica\",\"description\":\"En Aivlisoft Inform\u00e1tica ofrecemos soluciones tecnol\u00f3gicas para empresas: venta de ordenadores, consumibles, perif\u00e9ricos y m\u00e1s. Calidad, atenci\u00f3n personalizada y los mejores precios para tu negocio.\",\"publisher\":{\"@id\":\"https:\/\/aivlisoft.net\/shop\/#organization\"},\"potentialAction\":[{\"@type\":\"SearchAction\",\"target\":{\"@type\":\"EntryPoint\",\"urlTemplate\":\"https:\/\/aivlisoft.net\/shop\/?s={search_term_string}\"},\"query-input\":{\"@type\":\"PropertyValueSpecification\",\"valueRequired\":true,\"valueName\":\"search_term_string\"}}],\"inLanguage\":\"es\"},{\"@type\":\"Organization\",\"@id\":\"https:\/\/aivlisoft.net\/shop\/#organization\",\"name\":\"Aivlisoft Inform\u00e1tica\",\"url\":\"https:\/\/aivlisoft.net\/shop\/\",\"logo\":{\"@type\":\"ImageObject\",\"inLanguage\":\"es\",\"@id\":\"https:\/\/aivlisoft.net\/shop\/#\/schema\/logo\/image\/\",\"url\":\"https:\/\/aivlisoft.net\/shop\/wp-content\/uploads\/2024\/12\/removal.ai_5b848c54-0cdf-4140-95c5-c5536bb7573b-logodef.png\",\"contentUrl\":\"https:\/\/aivlisoft.net\/shop\/wp-content\/uploads\/2024\/12\/removal.ai_5b848c54-0cdf-4140-95c5-c5536bb7573b-logodef.png\",\"width\":484,\"height\":182,\"caption\":\"Aivlisoft Inform\u00e1tica\"},\"image\":{\"@id\":\"https:\/\/aivlisoft.net\/shop\/#\/schema\/logo\/image\/\"}}]}<\/script>\n<!-- \/ Yoast SEO plugin. -->","yoast_head_json":{"title":"ASUS Placa Base PRIME H610M-K DDR5 ARGB mATX 1700 - Aivlisoft Inform\u00e1tica","robots":{"index":"index","follow":"follow","max-snippet":"max-snippet:-1","max-image-preview":"max-image-preview:large","max-video-preview":"max-video-preview:-1"},"canonical":"https:\/\/aivlisoft.net\/shop\/producto\/asus-placa-base-prime-h610m-k-ddr5-argb-matx-1700\/","og_locale":"es_ES","og_type":"article","og_title":"ASUS Placa Base PRIME H610M-K DDR5 ARGB mATX 1700 - Aivlisoft Inform\u00e1tica","og_description":"Marca Asus Modelo 90MB1G90-M0EAY0 Plataforma &#8211; mATX (23.4 x 20.3cm) Chipset &#8211; Intel H610 CPU Soportados &#8211; Intel Socket LGA1700 para procesadores Intel Core de 14.&ordf; y 13.&ordf; generaci&oacute;n, procesadores Intel Core de 12.&ordf; generaci&oacute;n, Pentium Gold y Celeron &#8211; Compatible con la tecnolog&iacute;a Intel Turbo Boost 2.0 y la tecnolog&iacute;a Intel Turbo Boost Max&hellip;&nbsp;ASUS Placa Base PRIME H610M-K DDR5 ARGB mATX 1700","og_url":"https:\/\/aivlisoft.net\/shop\/producto\/asus-placa-base-prime-h610m-k-ddr5-argb-matx-1700\/","og_site_name":"Aivlisoft Inform\u00e1tica","article_modified_time":"2025-01-14T11:19:17+00:00","og_image":[{"width":800,"height":800,"url":"https:\/\/aivlisoft.net\/shop\/wp-content\/uploads\/2025\/01\/IPBPIB0093_800.jpg","type":"image\/jpeg"}],"twitter_card":"summary_large_image","twitter_misc":{"Tiempo de lectura":"2 minutos"},"schema":{"@context":"https:\/\/schema.org","@graph":[{"@type":"WebPage","@id":"https:\/\/aivlisoft.net\/shop\/producto\/asus-placa-base-prime-h610m-k-ddr5-argb-matx-1700\/","url":"https:\/\/aivlisoft.net\/shop\/producto\/asus-placa-base-prime-h610m-k-ddr5-argb-matx-1700\/","name":"ASUS Placa Base PRIME H610M-K DDR5 ARGB mATX 1700 - Aivlisoft Inform\u00e1tica","isPartOf":{"@id":"https:\/\/aivlisoft.net\/shop\/#website"},"primaryImageOfPage":{"@id":"https:\/\/aivlisoft.net\/shop\/producto\/asus-placa-base-prime-h610m-k-ddr5-argb-matx-1700\/#primaryimage"},"image":{"@id":"https:\/\/aivlisoft.net\/shop\/producto\/asus-placa-base-prime-h610m-k-ddr5-argb-matx-1700\/#primaryimage"},"thumbnailUrl":"https:\/\/aivlisoft.net\/shop\/wp-content\/uploads\/2025\/01\/IPBPIB0093_800.jpg","datePublished":"2025-01-13T14:48:20+00:00","dateModified":"2025-01-14T11:19:17+00:00","breadcrumb":{"@id":"https:\/\/aivlisoft.net\/shop\/producto\/asus-placa-base-prime-h610m-k-ddr5-argb-matx-1700\/#breadcrumb"},"inLanguage":"es","potentialAction":[{"@type":"ReadAction","target":["https:\/\/aivlisoft.net\/shop\/producto\/asus-placa-base-prime-h610m-k-ddr5-argb-matx-1700\/"]}]},{"@type":"ImageObject","inLanguage":"es","@id":"https:\/\/aivlisoft.net\/shop\/producto\/asus-placa-base-prime-h610m-k-ddr5-argb-matx-1700\/#primaryimage","url":"https:\/\/aivlisoft.net\/shop\/wp-content\/uploads\/2025\/01\/IPBPIB0093_800.jpg","contentUrl":"https:\/\/aivlisoft.net\/shop\/wp-content\/uploads\/2025\/01\/IPBPIB0093_800.jpg","width":800,"height":800},{"@type":"BreadcrumbList","@id":"https:\/\/aivlisoft.net\/shop\/producto\/asus-placa-base-prime-h610m-k-ddr5-argb-matx-1700\/#breadcrumb","itemListElement":[{"@type":"ListItem","position":1,"name":"Portada","item":"https:\/\/aivlisoft.net\/shop\/"},{"@type":"ListItem","position":2,"name":"Tienda","item":"https:\/\/aivlisoft.net\/shop\/tienda\/"},{"@type":"ListItem","position":3,"name":"ASUS Placa Base PRIME H610M-K DDR5 ARGB mATX 1700"}]},{"@type":"WebSite","@id":"https:\/\/aivlisoft.net\/shop\/#website","url":"https:\/\/aivlisoft.net\/shop\/","name":"Aivlisoft Inform\u00e1tica","description":"En Aivlisoft Inform\u00e1tica ofrecemos soluciones tecnol\u00f3gicas para empresas: venta de ordenadores, consumibles, perif\u00e9ricos y m\u00e1s. Calidad, atenci\u00f3n personalizada y los mejores precios para tu negocio.","publisher":{"@id":"https:\/\/aivlisoft.net\/shop\/#organization"},"potentialAction":[{"@type":"SearchAction","target":{"@type":"EntryPoint","urlTemplate":"https:\/\/aivlisoft.net\/shop\/?s={search_term_string}"},"query-input":{"@type":"PropertyValueSpecification","valueRequired":true,"valueName":"search_term_string"}}],"inLanguage":"es"},{"@type":"Organization","@id":"https:\/\/aivlisoft.net\/shop\/#organization","name":"Aivlisoft Inform\u00e1tica","url":"https:\/\/aivlisoft.net\/shop\/","logo":{"@type":"ImageObject","inLanguage":"es","@id":"https:\/\/aivlisoft.net\/shop\/#\/schema\/logo\/image\/","url":"https:\/\/aivlisoft.net\/shop\/wp-content\/uploads\/2024\/12\/removal.ai_5b848c54-0cdf-4140-95c5-c5536bb7573b-logodef.png","contentUrl":"https:\/\/aivlisoft.net\/shop\/wp-content\/uploads\/2024\/12\/removal.ai_5b848c54-0cdf-4140-95c5-c5536bb7573b-logodef.png","width":484,"height":182,"caption":"Aivlisoft Inform\u00e1tica"},"image":{"@id":"https:\/\/aivlisoft.net\/shop\/#\/schema\/logo\/image\/"}}]}},"_links":{"self":[{"href":"https:\/\/aivlisoft.net\/shop\/wp-json\/wp\/v2\/product\/14915","targetHints":{"allow":["GET"]}}],"collection":[{"href":"https:\/\/aivlisoft.net\/shop\/wp-json\/wp\/v2\/product"}],"about":[{"href":"https:\/\/aivlisoft.net\/shop\/wp-json\/wp\/v2\/types\/product"}],"wp:featuredmedia":[{"embeddable":true,"href":"https:\/\/aivlisoft.net\/shop\/wp-json\/wp\/v2\/media\/14916"}],"wp:attachment":[{"href":"https:\/\/aivlisoft.net\/shop\/wp-json\/wp\/v2\/media?parent=14915"}],"wp:term":[{"taxonomy":"product_brand","embeddable":true,"href":"https:\/\/aivlisoft.net\/shop\/wp-json\/wp\/v2\/product_brand?post=14915"},{"taxonomy":"product_cat","embeddable":true,"href":"https:\/\/aivlisoft.net\/shop\/wp-json\/wp\/v2\/product_cat?post=14915"},{"taxonomy":"product_tag","embeddable":true,"href":"https:\/\/aivlisoft.net\/shop\/wp-json\/wp\/v2\/product_tag?post=14915"}],"curies":[{"name":"wp","href":"https:\/\/api.w.org\/{rel}","templated":true}]}}