{"id":14895,"date":"2025-01-13T14:48:12","date_gmt":"2025-01-13T14:48:12","guid":{"rendered":"https:\/\/aivlisoft.com\/?post_type=product&#038;p=14895"},"modified":"2025-01-14T11:19:12","modified_gmt":"2025-01-14T11:19:12","slug":"asus-placa-base-prime-h610m-e-csm-ddr5","status":"publish","type":"product","link":"https:\/\/aivlisoft.net\/shop\/producto\/asus-placa-base-prime-h610m-e-csm-ddr5\/","title":{"rendered":"ASUS Placa Base PRIME H610M-E CSM DDR5"},"content":{"rendered":"<p><\/p>\n<table class=\"tabla_caracteristicas k-table\" width=\"100%\">\n<tr>\n<td valign=\"top\"><strong>Marca<\/strong><\/td>\n<td>Asus<\/td>\n<\/tr>\n<tr>\n<td valign=\"top\"><strong>Modelo<\/strong><\/td>\n<td><strong>90MB1G10-M0EAYC<\/strong><\/td>\n<\/tr>\n<tr>\n<td valign=\"top\"><strong>Plataforma<\/strong><\/td>\n<td>&#8211; mATX (24.4 cm x 21.1 cm)<\/td>\n<\/tr>\n<tr>\n<td valign=\"top\"><strong>Chipset<\/strong><\/td>\n<td>&#8211; Intel H610<\/td>\n<\/tr>\n<tr>\n<td valign=\"top\"><strong>CPU<\/strong><br \/>\t\t\t<strong>Soportados<\/strong><\/td>\n<td>&#8211; Intel Socket <strong>LGA1700<\/strong> para procesadores Intel Core de 13.&ordf; generaci&oacute;n y procesadores Intel Core, Pentium Gold y Celeron de 12.&ordf; generaci&oacute;n*<br \/>\t\t\t&#8211; Compatible con la tecnolog&iacute;a Intel Turbo Boost 2.0 y la tecnolog&iacute;a Intel Turbo Boost Max 3.0**<br \/>\t\t\t* Consulte www.asus.com para obtener la lista de soporte de CPU.<br \/>\t\t\t** La compatibilidad con Intel Turbo Boost Max Technology 3.0 depende de los tipos de CPU.<\/td>\n<\/tr>\n<tr>\n<td valign=\"top\"><strong>Memoria<\/strong><\/td>\n<td>&#8211; 2 x ranuras DIMM, m&aacute;x. 96 GB, DDR5 5600\/5400\/5200\/5000\/4800 sin ECC, memoria sin b&uacute;fer*<br \/>\t\t\t&#8211; Arquitectura de memoria de doble canal<br \/>\t\t\t&#8211; Compatible con perfil de memoria Intel Extreme (XMP)<br \/>\t\t\t* La velocidad de datos de la memoria real depende de los tipos de CPU y los m&oacute;dulos DRAM; para obtener m&aacute;s informaci&oacute;n, consulte www.asus.com para conocer la memoria QVL (listas de proveedores calificados).<\/td>\n<\/tr>\n<tr>\n<td valign=\"top\">\n<div><strong>Slots Expansi&oacute;n<\/strong><\/div>\n<\/td>\n<td><strong>Procesadores Intel de 13.&ordf; y 12.&ordf; generaci&oacute;n<\/strong><br \/>\t\t\t&#8211; 1 x ranura PCIe 4.0 x16<br \/>\t\t\t<strong>Conjunto de chips Intel H610<\/strong><br \/>\t\t\t&#8211; 1 x ranura PCIe 3.0 x1<\/td>\n<\/tr>\n<tr>\n<td valign=\"top\">\n<div><strong>Puertos E\/S, <\/strong><\/div>\n<div><strong>Conectores<\/strong><\/div>\n<div>&nbsp;<\/div>\n<\/td>\n<td><strong>Traseros<\/strong><br \/>\t\t\t&#8211; 2 x puertos USB 3.2 Gen 1 (5G) (2 x Tipo A)<br \/>\t\t\t&#8211; 2 x x puertos USB 2.0 (2 x Tipo-A)<br \/>\t\t\t&#8211; 1 x puerto DisplayPort<br \/>\t\t\t&#8211; 1 x puerto VGA<br \/>\t\t\t&#8211; 1 x puerto HDMITM<br \/>\t\t\t&#8211; 1 x puerto Ethernet Realtek de 1 Gb<br \/>\t\t\t&#8211; 3 x conectores de audio<br \/>\t\t\t&#8211; 1 x puerto de teclado PS\/2 (p&uacute;rpura)<br \/>\t\t\t&#8211; 1 x puerto de mouse PS\/2 (verde)<br \/>\t\t\t<strong>Internos<\/strong><br \/>\t\t\t&#8211; Relacionados con ventiladores y refrigeraci&oacute;n<br \/>\t\t\t&nbsp; 1 x cabezal de ventilador de CPU de 4 pines<br \/>\t\t\t&nbsp; 2 x cabezales de ventilador de chasis de 4 pines<br \/>\t\t\t&#8211; Relacionado con el poder<br \/>\t\t\t&nbsp; 1 x conector de alimentaci&oacute;n principal de 24 pines<br \/>\t\t\t&nbsp; 1 x conector de alimentaci&oacute;n de 8 pines +12 V<br \/>\t\t\t&#8211; Relacionado con el almacenamiento<br \/>\t\t\t&nbsp; 2 x ranuras M.2 (clave M)<br \/>\t\t\t&nbsp; 4 x puertos SATA de 6 Gb\/s<br \/>\t\t\t&#8211; USB<br \/>\t\t\t&nbsp; 1 x conector USB 3.2 Gen 1 (5G) que admite 2 puertos USB 3.2 Gen 1 adicionales<br \/>\t\t\t&nbsp; 2 x cabezales USB 2.0 que admiten 3 puertos USB 2.0 adicionales<br \/>\t\t\t&#8211; Miscel&aacute;neas<br \/>\t\t\t&nbsp; 1 x cabezal Aura RGB<br \/>\t\t\t&nbsp; 3 x cabezal direccionables Gen 2<br \/>\t\t\t&nbsp; 1 x cabezal CMOS transparente<br \/>\t\t\t&nbsp; 1 x cabezal de audio del panel frontal (AAFP)<br \/>\t\t\t&nbsp; 1 x cabezal de puerto COM<br \/>\t\t\t&nbsp; 1 x cabezal de salida S\/PDIF<br \/>\t\t\t&nbsp; 1 x cabezal de altavoz<br \/>\t\t\t&nbsp; 1 x cabezal SPI TPM (14-1 pines)<br \/>\t\t\t&nbsp; 1 x cabezal del panel del sistema de 10-1 pines<\/td>\n<\/tr>\n<tr>\n<td valign=\"top\">\n<div><strong>Otras <\/strong><\/div>\n<div><strong>Caracter&iacute;sticas<\/strong><\/div>\n<\/td>\n<td><strong>Almacenamiento<\/strong><br \/>\t\t\t&#8211; Total admite 2 ranuras M.2 y 4 puertos SATA de 6 Gb\/s<br \/>\t\t\t&#8211; Conjunto de chips Intel H610<br \/>\t\t\t&nbsp; Ranura M.2_1 (Clave M), tipo 2242\/2260\/2280 (admite modo PCIe 3.0 x4)<br \/>\t\t\t&nbsp; Ranura M.2_2 (Clave M), tipo 2242\/2260\/2280 (admite modo PCIe 3.0 x2)<br \/>\t\t\t&nbsp; 4 puertos SATA de 6 Gb\/s<br \/>\t\t\t<strong>Ethernet<\/strong><br \/>\t\t\t&#8211; 1 x Realtek 1Gb Ethernet<br \/>\t\t\t<strong>Sistema Operativo soportado<\/strong><br \/>\t\t\t&#8211; Windows 10 x64, Windows 11 x64<\/td>\n<\/tr>\n<tr>\n<td valign=\"top\"><strong>Fecha Revisi&oacute;n<\/strong><\/td>\n<td>27-12-2023 por RTY<\/td>\n<\/tr>\n<\/table>\n<p><br class=\"k-br\"><\/p>\n<p>&nbsp;<\/p>\n","protected":false},"excerpt":{"rendered":"<p>Marca Asus Modelo 90MB1G10-M0EAYC Plataforma &#8211; mATX (24.4 cm x 21.1 cm) Chipset &#8211; Intel H610 CPU Soportados &#8211; Intel Socket LGA1700 para procesadores Intel Core de 13.&ordf; generaci&oacute;n y procesadores Intel Core, Pentium Gold y Celeron de 12.&ordf; generaci&oacute;n* &#8211; Compatible con la tecnolog&iacute;a Intel Turbo Boost 2.0 y la tecnolog&iacute;a Intel Turbo Boost&hellip;&nbsp;<a href=\"https:\/\/aivlisoft.net\/shop\/producto\/asus-placa-base-prime-h610m-e-csm-ddr5\/\" rel=\"bookmark\"><span class=\"screen-reader-text\">ASUS Placa Base PRIME H610M-E CSM DDR5<\/span><\/a><\/p>\n","protected":false},"featured_media":14896,"template":"","meta":{"neve_meta_sidebar":"","neve_meta_container":"","neve_meta_enable_content_width":"","neve_meta_content_width":0,"neve_meta_title_alignment":"","neve_meta_author_avatar":"","neve_post_elements_order":"","neve_meta_disable_header":"","neve_meta_disable_footer":"","neve_meta_disable_title":""},"product_brand":[],"product_cat":[8750],"product_tag":[5692],"class_list":{"0":"post-14895","1":"product","2":"type-product","3":"status-publish","4":"has-post-thumbnail","6":"product_cat-intel-socket-1700","7":"product_tag-90mb1g10-m0eayc","9":"first","10":"instock","11":"taxable","12":"shipping-taxable","13":"purchasable","14":"product-type-simple"},"yoast_head":"<!-- This site is optimized with the Yoast SEO plugin v26.0 - https:\/\/yoast.com\/wordpress\/plugins\/seo\/ -->\n<title>ASUS Placa Base PRIME H610M-E CSM DDR5 - Aivlisoft Inform\u00e1tica<\/title>\n<meta name=\"robots\" content=\"index, follow, max-snippet:-1, max-image-preview:large, max-video-preview:-1\" \/>\n<link rel=\"canonical\" href=\"https:\/\/aivlisoft.net\/shop\/producto\/asus-placa-base-prime-h610m-e-csm-ddr5\/\" \/>\n<meta property=\"og:locale\" content=\"es_ES\" \/>\n<meta property=\"og:type\" content=\"article\" \/>\n<meta property=\"og:title\" content=\"ASUS Placa Base PRIME H610M-E CSM DDR5 - Aivlisoft Inform\u00e1tica\" \/>\n<meta property=\"og:description\" content=\"Marca Asus Modelo 90MB1G10-M0EAYC Plataforma &#8211; mATX (24.4 cm x 21.1 cm) Chipset &#8211; Intel H610 CPU Soportados &#8211; Intel Socket LGA1700 para procesadores Intel Core de 13.&ordf; generaci&oacute;n y procesadores Intel Core, Pentium Gold y Celeron de 12.&ordf; generaci&oacute;n* &#8211; Compatible con la tecnolog&iacute;a Intel Turbo Boost 2.0 y la tecnolog&iacute;a Intel Turbo Boost&hellip;&nbsp;ASUS Placa Base PRIME H610M-E CSM DDR5\" \/>\n<meta property=\"og:url\" content=\"https:\/\/aivlisoft.net\/shop\/producto\/asus-placa-base-prime-h610m-e-csm-ddr5\/\" \/>\n<meta property=\"og:site_name\" content=\"Aivlisoft Inform\u00e1tica\" \/>\n<meta property=\"article:modified_time\" content=\"2025-01-14T11:19:12+00:00\" \/>\n<meta property=\"og:image\" content=\"https:\/\/aivlisoft.net\/shop\/wp-content\/uploads\/2025\/01\/IPBPIB0089_800.jpg\" \/>\n\t<meta property=\"og:image:width\" content=\"800\" \/>\n\t<meta property=\"og:image:height\" content=\"800\" \/>\n\t<meta property=\"og:image:type\" content=\"image\/jpeg\" \/>\n<meta name=\"twitter:card\" content=\"summary_large_image\" \/>\n<meta name=\"twitter:label1\" content=\"Tiempo de lectura\" \/>\n\t<meta name=\"twitter:data1\" content=\"2 minutos\" \/>\n<script type=\"application\/ld+json\" class=\"yoast-schema-graph\">{\"@context\":\"https:\/\/schema.org\",\"@graph\":[{\"@type\":\"WebPage\",\"@id\":\"https:\/\/aivlisoft.net\/shop\/producto\/asus-placa-base-prime-h610m-e-csm-ddr5\/\",\"url\":\"https:\/\/aivlisoft.net\/shop\/producto\/asus-placa-base-prime-h610m-e-csm-ddr5\/\",\"name\":\"ASUS Placa Base PRIME H610M-E CSM DDR5 - Aivlisoft Inform\u00e1tica\",\"isPartOf\":{\"@id\":\"https:\/\/aivlisoft.net\/shop\/#website\"},\"primaryImageOfPage\":{\"@id\":\"https:\/\/aivlisoft.net\/shop\/producto\/asus-placa-base-prime-h610m-e-csm-ddr5\/#primaryimage\"},\"image\":{\"@id\":\"https:\/\/aivlisoft.net\/shop\/producto\/asus-placa-base-prime-h610m-e-csm-ddr5\/#primaryimage\"},\"thumbnailUrl\":\"https:\/\/aivlisoft.net\/shop\/wp-content\/uploads\/2025\/01\/IPBPIB0089_800.jpg\",\"datePublished\":\"2025-01-13T14:48:12+00:00\",\"dateModified\":\"2025-01-14T11:19:12+00:00\",\"breadcrumb\":{\"@id\":\"https:\/\/aivlisoft.net\/shop\/producto\/asus-placa-base-prime-h610m-e-csm-ddr5\/#breadcrumb\"},\"inLanguage\":\"es\",\"potentialAction\":[{\"@type\":\"ReadAction\",\"target\":[\"https:\/\/aivlisoft.net\/shop\/producto\/asus-placa-base-prime-h610m-e-csm-ddr5\/\"]}]},{\"@type\":\"ImageObject\",\"inLanguage\":\"es\",\"@id\":\"https:\/\/aivlisoft.net\/shop\/producto\/asus-placa-base-prime-h610m-e-csm-ddr5\/#primaryimage\",\"url\":\"https:\/\/aivlisoft.net\/shop\/wp-content\/uploads\/2025\/01\/IPBPIB0089_800.jpg\",\"contentUrl\":\"https:\/\/aivlisoft.net\/shop\/wp-content\/uploads\/2025\/01\/IPBPIB0089_800.jpg\",\"width\":800,\"height\":800},{\"@type\":\"BreadcrumbList\",\"@id\":\"https:\/\/aivlisoft.net\/shop\/producto\/asus-placa-base-prime-h610m-e-csm-ddr5\/#breadcrumb\",\"itemListElement\":[{\"@type\":\"ListItem\",\"position\":1,\"name\":\"Portada\",\"item\":\"https:\/\/aivlisoft.net\/shop\/\"},{\"@type\":\"ListItem\",\"position\":2,\"name\":\"Tienda\",\"item\":\"https:\/\/aivlisoft.net\/shop\/tienda\/\"},{\"@type\":\"ListItem\",\"position\":3,\"name\":\"ASUS Placa Base PRIME H610M-E CSM DDR5\"}]},{\"@type\":\"WebSite\",\"@id\":\"https:\/\/aivlisoft.net\/shop\/#website\",\"url\":\"https:\/\/aivlisoft.net\/shop\/\",\"name\":\"Aivlisoft Inform\u00e1tica\",\"description\":\"En Aivlisoft Inform\u00e1tica ofrecemos soluciones tecnol\u00f3gicas para empresas: venta de ordenadores, consumibles, perif\u00e9ricos y m\u00e1s. Calidad, atenci\u00f3n personalizada y los mejores precios para tu negocio.\",\"publisher\":{\"@id\":\"https:\/\/aivlisoft.net\/shop\/#organization\"},\"potentialAction\":[{\"@type\":\"SearchAction\",\"target\":{\"@type\":\"EntryPoint\",\"urlTemplate\":\"https:\/\/aivlisoft.net\/shop\/?s={search_term_string}\"},\"query-input\":{\"@type\":\"PropertyValueSpecification\",\"valueRequired\":true,\"valueName\":\"search_term_string\"}}],\"inLanguage\":\"es\"},{\"@type\":\"Organization\",\"@id\":\"https:\/\/aivlisoft.net\/shop\/#organization\",\"name\":\"Aivlisoft Inform\u00e1tica\",\"url\":\"https:\/\/aivlisoft.net\/shop\/\",\"logo\":{\"@type\":\"ImageObject\",\"inLanguage\":\"es\",\"@id\":\"https:\/\/aivlisoft.net\/shop\/#\/schema\/logo\/image\/\",\"url\":\"https:\/\/aivlisoft.net\/shop\/wp-content\/uploads\/2024\/12\/removal.ai_5b848c54-0cdf-4140-95c5-c5536bb7573b-logodef.png\",\"contentUrl\":\"https:\/\/aivlisoft.net\/shop\/wp-content\/uploads\/2024\/12\/removal.ai_5b848c54-0cdf-4140-95c5-c5536bb7573b-logodef.png\",\"width\":484,\"height\":182,\"caption\":\"Aivlisoft Inform\u00e1tica\"},\"image\":{\"@id\":\"https:\/\/aivlisoft.net\/shop\/#\/schema\/logo\/image\/\"}}]}<\/script>\n<!-- \/ Yoast SEO plugin. -->","yoast_head_json":{"title":"ASUS Placa Base PRIME H610M-E CSM DDR5 - Aivlisoft Inform\u00e1tica","robots":{"index":"index","follow":"follow","max-snippet":"max-snippet:-1","max-image-preview":"max-image-preview:large","max-video-preview":"max-video-preview:-1"},"canonical":"https:\/\/aivlisoft.net\/shop\/producto\/asus-placa-base-prime-h610m-e-csm-ddr5\/","og_locale":"es_ES","og_type":"article","og_title":"ASUS Placa Base PRIME H610M-E CSM DDR5 - Aivlisoft Inform\u00e1tica","og_description":"Marca Asus Modelo 90MB1G10-M0EAYC Plataforma &#8211; mATX (24.4 cm x 21.1 cm) Chipset &#8211; Intel H610 CPU Soportados &#8211; Intel Socket LGA1700 para procesadores Intel Core de 13.&ordf; generaci&oacute;n y procesadores Intel Core, Pentium Gold y Celeron de 12.&ordf; generaci&oacute;n* &#8211; Compatible con la tecnolog&iacute;a Intel Turbo Boost 2.0 y la tecnolog&iacute;a Intel Turbo Boost&hellip;&nbsp;ASUS Placa Base PRIME H610M-E CSM DDR5","og_url":"https:\/\/aivlisoft.net\/shop\/producto\/asus-placa-base-prime-h610m-e-csm-ddr5\/","og_site_name":"Aivlisoft Inform\u00e1tica","article_modified_time":"2025-01-14T11:19:12+00:00","og_image":[{"width":800,"height":800,"url":"https:\/\/aivlisoft.net\/shop\/wp-content\/uploads\/2025\/01\/IPBPIB0089_800.jpg","type":"image\/jpeg"}],"twitter_card":"summary_large_image","twitter_misc":{"Tiempo de lectura":"2 minutos"},"schema":{"@context":"https:\/\/schema.org","@graph":[{"@type":"WebPage","@id":"https:\/\/aivlisoft.net\/shop\/producto\/asus-placa-base-prime-h610m-e-csm-ddr5\/","url":"https:\/\/aivlisoft.net\/shop\/producto\/asus-placa-base-prime-h610m-e-csm-ddr5\/","name":"ASUS Placa Base PRIME H610M-E CSM DDR5 - Aivlisoft Inform\u00e1tica","isPartOf":{"@id":"https:\/\/aivlisoft.net\/shop\/#website"},"primaryImageOfPage":{"@id":"https:\/\/aivlisoft.net\/shop\/producto\/asus-placa-base-prime-h610m-e-csm-ddr5\/#primaryimage"},"image":{"@id":"https:\/\/aivlisoft.net\/shop\/producto\/asus-placa-base-prime-h610m-e-csm-ddr5\/#primaryimage"},"thumbnailUrl":"https:\/\/aivlisoft.net\/shop\/wp-content\/uploads\/2025\/01\/IPBPIB0089_800.jpg","datePublished":"2025-01-13T14:48:12+00:00","dateModified":"2025-01-14T11:19:12+00:00","breadcrumb":{"@id":"https:\/\/aivlisoft.net\/shop\/producto\/asus-placa-base-prime-h610m-e-csm-ddr5\/#breadcrumb"},"inLanguage":"es","potentialAction":[{"@type":"ReadAction","target":["https:\/\/aivlisoft.net\/shop\/producto\/asus-placa-base-prime-h610m-e-csm-ddr5\/"]}]},{"@type":"ImageObject","inLanguage":"es","@id":"https:\/\/aivlisoft.net\/shop\/producto\/asus-placa-base-prime-h610m-e-csm-ddr5\/#primaryimage","url":"https:\/\/aivlisoft.net\/shop\/wp-content\/uploads\/2025\/01\/IPBPIB0089_800.jpg","contentUrl":"https:\/\/aivlisoft.net\/shop\/wp-content\/uploads\/2025\/01\/IPBPIB0089_800.jpg","width":800,"height":800},{"@type":"BreadcrumbList","@id":"https:\/\/aivlisoft.net\/shop\/producto\/asus-placa-base-prime-h610m-e-csm-ddr5\/#breadcrumb","itemListElement":[{"@type":"ListItem","position":1,"name":"Portada","item":"https:\/\/aivlisoft.net\/shop\/"},{"@type":"ListItem","position":2,"name":"Tienda","item":"https:\/\/aivlisoft.net\/shop\/tienda\/"},{"@type":"ListItem","position":3,"name":"ASUS Placa Base PRIME H610M-E CSM DDR5"}]},{"@type":"WebSite","@id":"https:\/\/aivlisoft.net\/shop\/#website","url":"https:\/\/aivlisoft.net\/shop\/","name":"Aivlisoft Inform\u00e1tica","description":"En Aivlisoft Inform\u00e1tica ofrecemos soluciones tecnol\u00f3gicas para empresas: venta de ordenadores, consumibles, perif\u00e9ricos y m\u00e1s. Calidad, atenci\u00f3n personalizada y los mejores precios para tu negocio.","publisher":{"@id":"https:\/\/aivlisoft.net\/shop\/#organization"},"potentialAction":[{"@type":"SearchAction","target":{"@type":"EntryPoint","urlTemplate":"https:\/\/aivlisoft.net\/shop\/?s={search_term_string}"},"query-input":{"@type":"PropertyValueSpecification","valueRequired":true,"valueName":"search_term_string"}}],"inLanguage":"es"},{"@type":"Organization","@id":"https:\/\/aivlisoft.net\/shop\/#organization","name":"Aivlisoft Inform\u00e1tica","url":"https:\/\/aivlisoft.net\/shop\/","logo":{"@type":"ImageObject","inLanguage":"es","@id":"https:\/\/aivlisoft.net\/shop\/#\/schema\/logo\/image\/","url":"https:\/\/aivlisoft.net\/shop\/wp-content\/uploads\/2024\/12\/removal.ai_5b848c54-0cdf-4140-95c5-c5536bb7573b-logodef.png","contentUrl":"https:\/\/aivlisoft.net\/shop\/wp-content\/uploads\/2024\/12\/removal.ai_5b848c54-0cdf-4140-95c5-c5536bb7573b-logodef.png","width":484,"height":182,"caption":"Aivlisoft Inform\u00e1tica"},"image":{"@id":"https:\/\/aivlisoft.net\/shop\/#\/schema\/logo\/image\/"}}]}},"_links":{"self":[{"href":"https:\/\/aivlisoft.net\/shop\/wp-json\/wp\/v2\/product\/14895","targetHints":{"allow":["GET"]}}],"collection":[{"href":"https:\/\/aivlisoft.net\/shop\/wp-json\/wp\/v2\/product"}],"about":[{"href":"https:\/\/aivlisoft.net\/shop\/wp-json\/wp\/v2\/types\/product"}],"wp:featuredmedia":[{"embeddable":true,"href":"https:\/\/aivlisoft.net\/shop\/wp-json\/wp\/v2\/media\/14896"}],"wp:attachment":[{"href":"https:\/\/aivlisoft.net\/shop\/wp-json\/wp\/v2\/media?parent=14895"}],"wp:term":[{"taxonomy":"product_brand","embeddable":true,"href":"https:\/\/aivlisoft.net\/shop\/wp-json\/wp\/v2\/product_brand?post=14895"},{"taxonomy":"product_cat","embeddable":true,"href":"https:\/\/aivlisoft.net\/shop\/wp-json\/wp\/v2\/product_cat?post=14895"},{"taxonomy":"product_tag","embeddable":true,"href":"https:\/\/aivlisoft.net\/shop\/wp-json\/wp\/v2\/product_tag?post=14895"}],"curies":[{"name":"wp","href":"https:\/\/api.w.org\/{rel}","templated":true}]}}