{"id":14890,"date":"2025-01-13T14:48:09","date_gmt":"2025-01-13T14:48:09","guid":{"rendered":"https:\/\/aivlisoft.com\/?post_type=product&#038;p=14890"},"modified":"2025-01-14T11:19:11","modified_gmt":"2025-01-14T11:19:11","slug":"msi-placa-base-b760-gaming-plus-wifi-ddr5-1700","status":"publish","type":"product","link":"https:\/\/aivlisoft.net\/shop\/producto\/msi-placa-base-b760-gaming-plus-wifi-ddr5-1700\/","title":{"rendered":"MSI Placa Base B760 GAMING PLUS WIFI DDR5 1700"},"content":{"rendered":"<p><\/p>\n<p>&nbsp;<\/p>\n<table class=\"tabla_caracteristicas k-table\" width=\"100%\">\n<tr>\n<td valign=\"top\"><strong>Marca<\/strong><\/td>\n<td>MSI<\/td>\n<\/tr>\n<tr>\n<td valign=\"top\"><strong>Modelo<\/strong><\/td>\n<td><strong>911-7D98-007<\/strong><\/td>\n<\/tr>\n<tr>\n<td valign=\"top\"><strong>Plataforma<\/strong><\/td>\n<td>&#8211; ATX ( 243.84mmx304.8mm )<\/td>\n<\/tr>\n<tr>\n<td valign=\"top\"><strong>Chipset<\/strong><\/td>\n<td>&#8211; INTEL B760<\/td>\n<\/tr>\n<tr>\n<td valign=\"top\"><strong>CPU<\/strong><br \/>\t\t\t<strong>Soportados<\/strong><\/td>\n<td>&#8211; Supports 12th\/13th Gen Intel Core Processors, Pentium Gold and Celeron Processors<br \/>\t\t\t&#8211; LGA 1700<\/td>\n<\/tr>\n<tr>\n<td valign=\"top\"><strong>Memoria<\/strong><\/td>\n<td>&#8211; 4x DDR5, capacidad m&aacute;xima de memoria 192GB<br \/>\t\t\t&#8211; Soporte de memoria DDR5 6800+(OC)\/ 6600(OC)\/ 6400(OC)\/ 6200(OC)\/ 6000(OC)\/ 5800(OC)\/ 5600(JEDEC)\/ 5400(JEDEC)\/ 5200(JEDEC)\/ 5000(JEDEC)\/ 4800(JEDEC) MHz<br \/>\t\t\t&#8211; M&aacute;x. frecuencia de overclocking:<br \/>\t\t\t&nbsp; 1DPC 1R Velocidad m&aacute;xima de hasta 6800+ MHz<br \/>\t\t\t&nbsp; 1DPC 2R Velocidad m&aacute;xima de hasta 6400+ MHz<br \/>\t\t\t&nbsp; 2DPC 1R Velocidad m&aacute;xima de hasta 6000+ MHz<br \/>\t\t\t&nbsp; 2DPC 2R Velocidad m&aacute;xima de hasta 5600+ MHz<br \/>\t\t\t&#8211; Compatible con Intel XMP3.0 OC<br \/>\t\t\t&#8211; Admite el modo de doble canal de controlador dual<br \/>\t\t\t&#8211; Admite memoria no ECC, sin b&uacute;fer<\/td>\n<\/tr>\n<tr>\n<td valign=\"top\">\n<div><strong>Slots Expansi&oacute;n<\/strong><\/div>\n<\/td>\n<td>&#8211; 5 x ranuras PCI-E x16<br \/>\t\t\t&#8211; PCI_E2 Gen PCIe 3.0 admite hasta x1 (del conjunto de chips)<br \/>\t\t\t&#8211; PCI_E3 Gen PCIe 4.0 admite hasta x4 (del conjunto de chips)<br \/>\t\t\t&#8211; PCI_E4 Gen PCIe 3.0 admite hasta x1 (del conjunto de chips)<br \/>\t\t\t&#8211; PCI_E5 Gen PCIe 3.0 admite hasta x1 (del conjunto de chips)<\/td>\n<\/tr>\n<tr>\n<td valign=\"top\"><strong>Gr&aacute;ficos<\/strong><\/td>\n<td>&#8211; 1 x HDMI 2.1 4K 60Hz<br \/>\t\t\t&#8211; 1 x DisplayPort 1.4 4K 60Hz<br \/>\t\t\t*Disponible solo en procesadores con gr&aacute;ficos integrados. Las especificaciones gr&aacute;ficas pueden variar seg&uacute;n la CPU instalada.<\/td>\n<\/tr>\n<tr>\n<td valign=\"top\">\n<div><strong>Puertos E\/S, Conectores<\/strong><\/div>\n<div>&nbsp;<\/div>\n<\/td>\n<td>\n<div>\n<div><strong>Puertos internos<\/strong><br \/>\t\t\t&#8211; 1 x conector de alimentaci&oacute;n (ATX_PWR)<br \/>\t\t\t&#8211; 2 x conectores de alimentaci&oacute;n (CPU_PWR)<br \/>\t\t\t&#8211; 1 x ventilador de CPU.<br \/>\t\t\t&#8211; 1 x ventilador de bomba.<br \/>\t\t\t&#8211; 5 x ventilador del sistema<br \/>\t\t\t&#8211; 2 x panel frontal (JFP)<br \/>\t\t\t&#8211; 1 x intrusi&oacute;n de chasis (JCI)<br \/>\t\t\t&#8211; 1 x audio frontal (JAUD)<br \/>\t\t\t&#8211; 1 x puerto de impresora (JLPT)<br \/>\t\t\t&#8211; 1 x puerto COM (JCOM)<br \/>\t\t\t&#8211; 1 x conector TBT (JTBT, compatible con RTD3)<br \/>\t\t\t&#8211; 2 x conectores LED RGB V2 direccionables (JARGB_V2)<br \/>\t\t\t&#8211; 1 x conector LED RGB (JRGB)<br \/>\t\t\t&#8211; 1 x cabezal de pin TPM (compatible con TPM 2.0)<br \/>\t\t\t&#8211; 4 x puertos USB 2.0<br \/>\t\t\t&#8211; 2 x puertos USB 3.2 Gen1 Tipo A<br \/>\t\t\t&#8211; 1 x puertos USB 3.2 Gen1 Tipo C<br \/>\t\t\t<strong>Puertos traseros<\/strong><br \/>\t\t\t&#8211; Teclado \/ Rat&oacute;n<br \/>\t\t\t&#8211; DisplayPort<br \/>\t\t\t&#8211; LAN 2.5G<br \/>\t\t\t&#8211; USB 2.0<br \/>\t\t\t&#8211; WiFi\/Bluetooth<br \/>\t\t\t&#8211; Conectores de audio<br \/>\t\t\t&#8211; USB 2.0<br \/>\t\t\t&#8211; HDMI<br \/>\t\t\t&#8211; USB 3.2 Gen 2 10 Gbps (Tipo A)<br \/>\t\t\t&#8211; USB 3.2 Gen 2 10 Gbps (Tipo-C)<br \/>\t\t\t&#8211; Salida S\/PDIF<\/div>\n<\/p><\/div>\n<\/td>\n<\/tr>\n<tr>\n<td valign=\"top\">\n<div><strong>Otras <\/strong><\/div>\n<div><strong>Caracter&iacute;sticas<\/strong><\/div>\n<\/td>\n<td><strong>Almacenamiento<\/strong><br \/>\t\t\t&#8211; 2 x M.2<br \/>\t\t\t&#8211; Fuente M.2_1 (desde la CPU) admite hasta PCIe 4.0 x4, admite dispositivos 2280\/2260\/2242<br \/>\t\t\t&#8211; Fuente M.2_2 (del conjunto de chips) admite hasta PCIe 4.0 x4 \/ modo SATA, admite dispositivos 2280\/2260\/2242<br \/>\t\t\t&#8211; 4 x SATA 6G<br \/>\t\t\t* SATA8 no estar&aacute; disponible al instalar M.2 SATA SSD en la ranura M2_2<br \/>\t\t\t<strong>Conectividad<\/strong><br \/>\t\t\t&#8211; Intel WiFi 6E<br \/>\t\t\t&nbsp; El m&oacute;dulo inal&aacute;mbrico est&aacute; preinstalado en la ranura M.2 (Key-E)<br \/>\t\t\t&nbsp; Admite MU-MIMO TX\/RX, 2,4 GHz\/5 GHz\/6 GHz* (160 MHz) hasta 2,4 Gbps<br \/>\t\t\t&nbsp; Soporta 802.11 a\/b\/g\/n\/ac\/ax<br \/>\t\t\t&#8211; Sopo<br \/>\t\t\t* Wi-Fi 6E 6GHz puede depender de las regulaciones de cada pa&iacute;s y estar&aacute; listo en Windows 11.<br \/>\t\t\t** Bluetooth 5.3 estar&aacute; listo en Windows 10 compilaci&oacute;n 21H1 y Windows 11.<br \/>\t\t\t<strong>RAID<\/strong><br \/>\t\t\t&#8211; Admite RAID 0, RAID 1, RAID 5 y RAID 10 para dispositivos de almacenamiento SATA<br \/>\t\t\t<strong>Audio<\/strong><br \/>\t\t\t&#8211; C&oacute;dec Realtek ALC897<br \/>\t\t\t&#8211; Audio de alta definici&oacute;n de 7.1 canales<br \/>\t\t\t<strong>LAN<\/strong><br \/>\t\t\t&#8211; Realtek RTL8125BG 2.5 Gbps LAN<br \/>\t\t\t<strong>USB<\/strong><br \/>\t\t\t&#8211; 4 x USB 2.0 (Trasero)<br \/>\t\t\t&#8211; 4 x USB 2.0 (frontal)<br \/>\t\t\t&#8211; 2 x USB 3.2 Gen1 Tipo A (Frontal)<br \/>\t\t\t&#8211; 1 x USB 3.2 Gen1 Tipo C (Frontal)<br \/>\t\t\t&#8211; 2 x USB 3.2 Gen2 Tipo A (Trasero)<br \/>\t\t\t&#8211; 1 x USB 3.2 Gen2 Tipo C (Trasero)<br \/>\t\t\t<strong>Sistema Operativo<\/strong><br \/>\t\t\t&#8211; Compatibilidad con Windows 11 de 64 bits, Windows 10 de 64 bits<\/td>\n<\/tr>\n<tr>\n<td valign=\"top\"><strong>Fecha Revisi&oacute;n<\/strong><\/td>\n<td>19-06-2023 por RTY<\/td>\n<\/tr>\n<\/table>\n","protected":false},"excerpt":{"rendered":"<p>&nbsp; Marca MSI Modelo 911-7D98-007 Plataforma &#8211; ATX ( 243.84mmx304.8mm ) Chipset &#8211; INTEL B760 CPU Soportados &#8211; Supports 12th\/13th Gen Intel Core Processors, Pentium Gold and Celeron Processors &#8211; LGA 1700 Memoria &#8211; 4x DDR5, capacidad m&aacute;xima de memoria 192GB &#8211; Soporte de memoria DDR5 6800+(OC)\/ 6600(OC)\/ 6400(OC)\/ 6200(OC)\/ 6000(OC)\/ 5800(OC)\/ 5600(JEDEC)\/ 5400(JEDEC)\/ 5200(JEDEC)\/&hellip;&nbsp;<a href=\"https:\/\/aivlisoft.net\/shop\/producto\/msi-placa-base-b760-gaming-plus-wifi-ddr5-1700\/\" rel=\"bookmark\"><span class=\"screen-reader-text\">MSI Placa Base B760 GAMING PLUS WIFI DDR5 1700<\/span><\/a><\/p>\n","protected":false},"featured_media":14891,"template":"","meta":{"neve_meta_sidebar":"","neve_meta_container":"","neve_meta_enable_content_width":"","neve_meta_content_width":0,"neve_meta_title_alignment":"","neve_meta_author_avatar":"","neve_post_elements_order":"","neve_meta_disable_header":"","neve_meta_disable_footer":"","neve_meta_disable_title":""},"product_brand":[],"product_cat":[8750],"product_tag":[5691],"class_list":{"0":"post-14890","1":"product","2":"type-product","3":"status-publish","4":"has-post-thumbnail","6":"product_cat-intel-socket-1700","7":"product_tag-911-7d98-007","9":"first","10":"instock","11":"taxable","12":"shipping-taxable","13":"purchasable","14":"product-type-simple"},"yoast_head":"<!-- This site is optimized with the Yoast SEO plugin v26.0 - https:\/\/yoast.com\/wordpress\/plugins\/seo\/ -->\n<title>MSI Placa Base B760 GAMING PLUS WIFI DDR5 1700 - Aivlisoft Inform\u00e1tica<\/title>\n<meta name=\"robots\" content=\"index, follow, max-snippet:-1, max-image-preview:large, max-video-preview:-1\" \/>\n<link rel=\"canonical\" href=\"https:\/\/aivlisoft.net\/shop\/producto\/msi-placa-base-b760-gaming-plus-wifi-ddr5-1700\/\" \/>\n<meta property=\"og:locale\" content=\"es_ES\" \/>\n<meta property=\"og:type\" content=\"article\" \/>\n<meta property=\"og:title\" content=\"MSI Placa Base B760 GAMING PLUS WIFI DDR5 1700 - Aivlisoft Inform\u00e1tica\" \/>\n<meta property=\"og:description\" content=\"&nbsp; Marca MSI Modelo 911-7D98-007 Plataforma &#8211; ATX ( 243.84mmx304.8mm ) Chipset &#8211; INTEL B760 CPU Soportados &#8211; Supports 12th\/13th Gen Intel Core Processors, Pentium Gold and Celeron Processors &#8211; LGA 1700 Memoria &#8211; 4x DDR5, capacidad m&aacute;xima de memoria 192GB &#8211; Soporte de memoria DDR5 6800+(OC)\/ 6600(OC)\/ 6400(OC)\/ 6200(OC)\/ 6000(OC)\/ 5800(OC)\/ 5600(JEDEC)\/ 5400(JEDEC)\/ 5200(JEDEC)\/&hellip;&nbsp;MSI Placa Base B760 GAMING PLUS WIFI DDR5 1700\" \/>\n<meta property=\"og:url\" content=\"https:\/\/aivlisoft.net\/shop\/producto\/msi-placa-base-b760-gaming-plus-wifi-ddr5-1700\/\" \/>\n<meta property=\"og:site_name\" content=\"Aivlisoft Inform\u00e1tica\" \/>\n<meta property=\"article:modified_time\" content=\"2025-01-14T11:19:11+00:00\" \/>\n<meta property=\"og:image\" content=\"https:\/\/aivlisoft.net\/shop\/wp-content\/uploads\/2025\/01\/IPBPIB0086_800.jpg\" \/>\n\t<meta property=\"og:image:width\" content=\"800\" \/>\n\t<meta property=\"og:image:height\" content=\"800\" \/>\n\t<meta property=\"og:image:type\" content=\"image\/jpeg\" \/>\n<meta name=\"twitter:card\" content=\"summary_large_image\" \/>\n<meta name=\"twitter:label1\" content=\"Tiempo de lectura\" \/>\n\t<meta name=\"twitter:data1\" content=\"3 minutos\" \/>\n<script type=\"application\/ld+json\" class=\"yoast-schema-graph\">{\"@context\":\"https:\/\/schema.org\",\"@graph\":[{\"@type\":\"WebPage\",\"@id\":\"https:\/\/aivlisoft.net\/shop\/producto\/msi-placa-base-b760-gaming-plus-wifi-ddr5-1700\/\",\"url\":\"https:\/\/aivlisoft.net\/shop\/producto\/msi-placa-base-b760-gaming-plus-wifi-ddr5-1700\/\",\"name\":\"MSI Placa Base B760 GAMING PLUS WIFI DDR5 1700 - Aivlisoft Inform\u00e1tica\",\"isPartOf\":{\"@id\":\"https:\/\/aivlisoft.net\/shop\/#website\"},\"primaryImageOfPage\":{\"@id\":\"https:\/\/aivlisoft.net\/shop\/producto\/msi-placa-base-b760-gaming-plus-wifi-ddr5-1700\/#primaryimage\"},\"image\":{\"@id\":\"https:\/\/aivlisoft.net\/shop\/producto\/msi-placa-base-b760-gaming-plus-wifi-ddr5-1700\/#primaryimage\"},\"thumbnailUrl\":\"https:\/\/aivlisoft.net\/shop\/wp-content\/uploads\/2025\/01\/IPBPIB0086_800.jpg\",\"datePublished\":\"2025-01-13T14:48:09+00:00\",\"dateModified\":\"2025-01-14T11:19:11+00:00\",\"breadcrumb\":{\"@id\":\"https:\/\/aivlisoft.net\/shop\/producto\/msi-placa-base-b760-gaming-plus-wifi-ddr5-1700\/#breadcrumb\"},\"inLanguage\":\"es\",\"potentialAction\":[{\"@type\":\"ReadAction\",\"target\":[\"https:\/\/aivlisoft.net\/shop\/producto\/msi-placa-base-b760-gaming-plus-wifi-ddr5-1700\/\"]}]},{\"@type\":\"ImageObject\",\"inLanguage\":\"es\",\"@id\":\"https:\/\/aivlisoft.net\/shop\/producto\/msi-placa-base-b760-gaming-plus-wifi-ddr5-1700\/#primaryimage\",\"url\":\"https:\/\/aivlisoft.net\/shop\/wp-content\/uploads\/2025\/01\/IPBPIB0086_800.jpg\",\"contentUrl\":\"https:\/\/aivlisoft.net\/shop\/wp-content\/uploads\/2025\/01\/IPBPIB0086_800.jpg\",\"width\":800,\"height\":800},{\"@type\":\"BreadcrumbList\",\"@id\":\"https:\/\/aivlisoft.net\/shop\/producto\/msi-placa-base-b760-gaming-plus-wifi-ddr5-1700\/#breadcrumb\",\"itemListElement\":[{\"@type\":\"ListItem\",\"position\":1,\"name\":\"Portada\",\"item\":\"https:\/\/aivlisoft.net\/shop\/\"},{\"@type\":\"ListItem\",\"position\":2,\"name\":\"Tienda\",\"item\":\"https:\/\/aivlisoft.net\/shop\/tienda\/\"},{\"@type\":\"ListItem\",\"position\":3,\"name\":\"MSI Placa Base B760 GAMING PLUS WIFI DDR5 1700\"}]},{\"@type\":\"WebSite\",\"@id\":\"https:\/\/aivlisoft.net\/shop\/#website\",\"url\":\"https:\/\/aivlisoft.net\/shop\/\",\"name\":\"Aivlisoft Inform\u00e1tica\",\"description\":\"En Aivlisoft Inform\u00e1tica ofrecemos soluciones tecnol\u00f3gicas para empresas: venta de ordenadores, consumibles, perif\u00e9ricos y m\u00e1s. Calidad, atenci\u00f3n personalizada y los mejores precios para tu negocio.\",\"publisher\":{\"@id\":\"https:\/\/aivlisoft.net\/shop\/#organization\"},\"potentialAction\":[{\"@type\":\"SearchAction\",\"target\":{\"@type\":\"EntryPoint\",\"urlTemplate\":\"https:\/\/aivlisoft.net\/shop\/?s={search_term_string}\"},\"query-input\":{\"@type\":\"PropertyValueSpecification\",\"valueRequired\":true,\"valueName\":\"search_term_string\"}}],\"inLanguage\":\"es\"},{\"@type\":\"Organization\",\"@id\":\"https:\/\/aivlisoft.net\/shop\/#organization\",\"name\":\"Aivlisoft Inform\u00e1tica\",\"url\":\"https:\/\/aivlisoft.net\/shop\/\",\"logo\":{\"@type\":\"ImageObject\",\"inLanguage\":\"es\",\"@id\":\"https:\/\/aivlisoft.net\/shop\/#\/schema\/logo\/image\/\",\"url\":\"https:\/\/aivlisoft.net\/shop\/wp-content\/uploads\/2024\/12\/removal.ai_5b848c54-0cdf-4140-95c5-c5536bb7573b-logodef.png\",\"contentUrl\":\"https:\/\/aivlisoft.net\/shop\/wp-content\/uploads\/2024\/12\/removal.ai_5b848c54-0cdf-4140-95c5-c5536bb7573b-logodef.png\",\"width\":484,\"height\":182,\"caption\":\"Aivlisoft Inform\u00e1tica\"},\"image\":{\"@id\":\"https:\/\/aivlisoft.net\/shop\/#\/schema\/logo\/image\/\"}}]}<\/script>\n<!-- \/ Yoast SEO plugin. -->","yoast_head_json":{"title":"MSI Placa Base B760 GAMING PLUS WIFI DDR5 1700 - Aivlisoft Inform\u00e1tica","robots":{"index":"index","follow":"follow","max-snippet":"max-snippet:-1","max-image-preview":"max-image-preview:large","max-video-preview":"max-video-preview:-1"},"canonical":"https:\/\/aivlisoft.net\/shop\/producto\/msi-placa-base-b760-gaming-plus-wifi-ddr5-1700\/","og_locale":"es_ES","og_type":"article","og_title":"MSI Placa Base B760 GAMING PLUS WIFI DDR5 1700 - Aivlisoft Inform\u00e1tica","og_description":"&nbsp; Marca MSI Modelo 911-7D98-007 Plataforma &#8211; ATX ( 243.84mmx304.8mm ) Chipset &#8211; INTEL B760 CPU Soportados &#8211; Supports 12th\/13th Gen Intel Core Processors, Pentium Gold and Celeron Processors &#8211; LGA 1700 Memoria &#8211; 4x DDR5, capacidad m&aacute;xima de memoria 192GB &#8211; Soporte de memoria DDR5 6800+(OC)\/ 6600(OC)\/ 6400(OC)\/ 6200(OC)\/ 6000(OC)\/ 5800(OC)\/ 5600(JEDEC)\/ 5400(JEDEC)\/ 5200(JEDEC)\/&hellip;&nbsp;MSI Placa Base B760 GAMING PLUS WIFI DDR5 1700","og_url":"https:\/\/aivlisoft.net\/shop\/producto\/msi-placa-base-b760-gaming-plus-wifi-ddr5-1700\/","og_site_name":"Aivlisoft Inform\u00e1tica","article_modified_time":"2025-01-14T11:19:11+00:00","og_image":[{"width":800,"height":800,"url":"https:\/\/aivlisoft.net\/shop\/wp-content\/uploads\/2025\/01\/IPBPIB0086_800.jpg","type":"image\/jpeg"}],"twitter_card":"summary_large_image","twitter_misc":{"Tiempo de lectura":"3 minutos"},"schema":{"@context":"https:\/\/schema.org","@graph":[{"@type":"WebPage","@id":"https:\/\/aivlisoft.net\/shop\/producto\/msi-placa-base-b760-gaming-plus-wifi-ddr5-1700\/","url":"https:\/\/aivlisoft.net\/shop\/producto\/msi-placa-base-b760-gaming-plus-wifi-ddr5-1700\/","name":"MSI Placa Base B760 GAMING PLUS WIFI DDR5 1700 - Aivlisoft Inform\u00e1tica","isPartOf":{"@id":"https:\/\/aivlisoft.net\/shop\/#website"},"primaryImageOfPage":{"@id":"https:\/\/aivlisoft.net\/shop\/producto\/msi-placa-base-b760-gaming-plus-wifi-ddr5-1700\/#primaryimage"},"image":{"@id":"https:\/\/aivlisoft.net\/shop\/producto\/msi-placa-base-b760-gaming-plus-wifi-ddr5-1700\/#primaryimage"},"thumbnailUrl":"https:\/\/aivlisoft.net\/shop\/wp-content\/uploads\/2025\/01\/IPBPIB0086_800.jpg","datePublished":"2025-01-13T14:48:09+00:00","dateModified":"2025-01-14T11:19:11+00:00","breadcrumb":{"@id":"https:\/\/aivlisoft.net\/shop\/producto\/msi-placa-base-b760-gaming-plus-wifi-ddr5-1700\/#breadcrumb"},"inLanguage":"es","potentialAction":[{"@type":"ReadAction","target":["https:\/\/aivlisoft.net\/shop\/producto\/msi-placa-base-b760-gaming-plus-wifi-ddr5-1700\/"]}]},{"@type":"ImageObject","inLanguage":"es","@id":"https:\/\/aivlisoft.net\/shop\/producto\/msi-placa-base-b760-gaming-plus-wifi-ddr5-1700\/#primaryimage","url":"https:\/\/aivlisoft.net\/shop\/wp-content\/uploads\/2025\/01\/IPBPIB0086_800.jpg","contentUrl":"https:\/\/aivlisoft.net\/shop\/wp-content\/uploads\/2025\/01\/IPBPIB0086_800.jpg","width":800,"height":800},{"@type":"BreadcrumbList","@id":"https:\/\/aivlisoft.net\/shop\/producto\/msi-placa-base-b760-gaming-plus-wifi-ddr5-1700\/#breadcrumb","itemListElement":[{"@type":"ListItem","position":1,"name":"Portada","item":"https:\/\/aivlisoft.net\/shop\/"},{"@type":"ListItem","position":2,"name":"Tienda","item":"https:\/\/aivlisoft.net\/shop\/tienda\/"},{"@type":"ListItem","position":3,"name":"MSI Placa Base B760 GAMING PLUS WIFI DDR5 1700"}]},{"@type":"WebSite","@id":"https:\/\/aivlisoft.net\/shop\/#website","url":"https:\/\/aivlisoft.net\/shop\/","name":"Aivlisoft Inform\u00e1tica","description":"En Aivlisoft Inform\u00e1tica ofrecemos soluciones tecnol\u00f3gicas para empresas: venta de ordenadores, consumibles, perif\u00e9ricos y m\u00e1s. Calidad, atenci\u00f3n personalizada y los mejores precios para tu negocio.","publisher":{"@id":"https:\/\/aivlisoft.net\/shop\/#organization"},"potentialAction":[{"@type":"SearchAction","target":{"@type":"EntryPoint","urlTemplate":"https:\/\/aivlisoft.net\/shop\/?s={search_term_string}"},"query-input":{"@type":"PropertyValueSpecification","valueRequired":true,"valueName":"search_term_string"}}],"inLanguage":"es"},{"@type":"Organization","@id":"https:\/\/aivlisoft.net\/shop\/#organization","name":"Aivlisoft Inform\u00e1tica","url":"https:\/\/aivlisoft.net\/shop\/","logo":{"@type":"ImageObject","inLanguage":"es","@id":"https:\/\/aivlisoft.net\/shop\/#\/schema\/logo\/image\/","url":"https:\/\/aivlisoft.net\/shop\/wp-content\/uploads\/2024\/12\/removal.ai_5b848c54-0cdf-4140-95c5-c5536bb7573b-logodef.png","contentUrl":"https:\/\/aivlisoft.net\/shop\/wp-content\/uploads\/2024\/12\/removal.ai_5b848c54-0cdf-4140-95c5-c5536bb7573b-logodef.png","width":484,"height":182,"caption":"Aivlisoft Inform\u00e1tica"},"image":{"@id":"https:\/\/aivlisoft.net\/shop\/#\/schema\/logo\/image\/"}}]}},"_links":{"self":[{"href":"https:\/\/aivlisoft.net\/shop\/wp-json\/wp\/v2\/product\/14890","targetHints":{"allow":["GET"]}}],"collection":[{"href":"https:\/\/aivlisoft.net\/shop\/wp-json\/wp\/v2\/product"}],"about":[{"href":"https:\/\/aivlisoft.net\/shop\/wp-json\/wp\/v2\/types\/product"}],"wp:featuredmedia":[{"embeddable":true,"href":"https:\/\/aivlisoft.net\/shop\/wp-json\/wp\/v2\/media\/14891"}],"wp:attachment":[{"href":"https:\/\/aivlisoft.net\/shop\/wp-json\/wp\/v2\/media?parent=14890"}],"wp:term":[{"taxonomy":"product_brand","embeddable":true,"href":"https:\/\/aivlisoft.net\/shop\/wp-json\/wp\/v2\/product_brand?post=14890"},{"taxonomy":"product_cat","embeddable":true,"href":"https:\/\/aivlisoft.net\/shop\/wp-json\/wp\/v2\/product_cat?post=14890"},{"taxonomy":"product_tag","embeddable":true,"href":"https:\/\/aivlisoft.net\/shop\/wp-json\/wp\/v2\/product_tag?post=14890"}],"curies":[{"name":"wp","href":"https:\/\/api.w.org\/{rel}","templated":true}]}}