{"id":14870,"date":"2025-01-13T14:47:57","date_gmt":"2025-01-13T14:47:57","guid":{"rendered":"https:\/\/aivlisoft.com\/?post_type=product&#038;p=14870"},"modified":"2025-01-14T11:19:03","modified_gmt":"2025-01-14T11:19:03","slug":"asus-placa-base-rog-strix-b760-i-gaming-wifi-mitx","status":"publish","type":"product","link":"https:\/\/aivlisoft.net\/shop\/producto\/asus-placa-base-rog-strix-b760-i-gaming-wifi-mitx\/","title":{"rendered":"Asus Placa Base ROG STRIX B760-I GAMING WIFI mITX"},"content":{"rendered":"<p><\/p>\n<p>&nbsp;<\/p>\n<table class=\"tabla_caracteristicas k-table\" width=\"100%\">\n<tr>\n<td valign=\"top\"><strong>Marca<\/strong><\/td>\n<td>Asus<\/td>\n<\/tr>\n<tr>\n<td valign=\"top\"><strong>Modelo<\/strong><\/td>\n<td><strong>90MB1D90-M1EAY0<\/strong><\/td>\n<\/tr>\n<tr>\n<td valign=\"top\"><strong>Plataforma<\/strong><\/td>\n<td>&#8211; Mini-ITX ( 17 cm x 17 cm )<\/td>\n<\/tr>\n<tr>\n<td valign=\"top\"><strong>Chipset<\/strong><\/td>\n<td>&#8211; Intel B760 Chipset<\/td>\n<\/tr>\n<tr>\n<td valign=\"top\"><strong>CPU<\/strong><br \/>\t\t\t<strong>Soportados<\/strong><\/td>\n<td>&#8211; Admite procesadores Intel Core 13&ordm; generaci&oacute;n, Pentium Gold y Celeron de 12&ordf; generaci&oacute;n, con la tecnolog&iacute;a Intel&reg;Turbo Boost 2.0 y la tecnolog&iacute;a Intel&reg; Turbo Boost Max 3.0<br \/>\t\t\t&#8211; Z&oacute;calo del procesador <strong>LGA1700<\/strong><br \/>\t\t\t* Consulte www.asus.com para ver la lista de soporte de CPU.<br \/>\t\t\t** La compatibilidad con Intel&reg; Turbo Boost Max Technology 3.0 depende de los tipos de CPU.<\/td>\n<\/tr>\n<tr>\n<td valign=\"top\"><strong>Memoria<\/strong><\/td>\n<td>&#8211; 2 x DIMM, Max. 96GB, <strong>DDR5<\/strong><br \/>\t\t\t&nbsp;7600(OC)\/ 7466(OC)\/ 7200(OC)\/ 7000(OC)\/ 6800(OC)\/ 6600(OC)\/ 6400(OC)\/ 6200(OC)\/ 6000(OC)\/ 5800(OC)\/ 5600\/ 5400\/ 5200\/ 5000\/ 4800 Non-ECC, Un-buffered Memory<br \/>\t\t\t&#8211; Arquitectura de memoria de doble canal<br \/>\t\t\t&#8211; Admite el perfil de memoria Intel&reg; Extreme (XMP)<br \/>\t\t\t&#8211; OptiMem II<br \/>\t\t\t* Los tipos de memoria admitidos, la velocidad de datos (velocidad) y la cantidad de m&oacute;dulos DRAM var&iacute;an seg&uacute;n la CPU y la configuraci&oacute;n de la memoria; para obtener m&aacute;s informaci&oacute;n, consulte www.asus.com para ver la lista de soporte de memoria.<br \/>\t\t\t* Consulte www.asus.com para la memoria QVL (listas de proveedores calificados).<\/td>\n<\/tr>\n<tr>\n<td valign=\"top\">\n<div><strong>Slots Expansi&oacute;n<\/strong><\/div>\n<\/td>\n<td>&#8211; Procesadores Intel&reg; de 13.&ordf; y 12.&ordf; generaci&oacute;n*<br \/>\t\t\t&nbsp; 1 ranura PCIe 5.0 x16<br \/>\t\t\t* Para garantizar la compatibilidad del dispositivo instalado, consulte https:\/\/www.asus.com\/support\/ para obtener la lista de perif&eacute;ricos compatibles.<\/td>\n<\/tr>\n<tr>\n<td valign=\"top\"><strong>Gr&aacute;ficos<\/strong><\/td>\n<td>&#8211; 1 x DisplayPort<br \/>\t\t\t&#8211; 1 x HDMI<\/td>\n<\/tr>\n<tr>\n<td valign=\"top\">\n<div><strong>Puertos E\/S, <\/strong><\/div>\n<div><strong>Conectores<\/strong><\/div>\n<div>&nbsp;<\/div>\n<\/td>\n<td>\n<div>\n<div><strong>Conectores Internos E\/S <\/strong><\/div>\n<\/p><\/div>\n<p>\t\t\t&#8211; Relacionado con el ventilador y la refrigeraci&oacute;n<br \/>\t\t\t&nbsp; 1 x cabezal de ventilador de CPU de 4 pines<br \/>\t\t\t&nbsp; 1 x cabezal de ventilador de chasis de 4 pines<br \/>\t\t\t&nbsp; 1 x cabezal de bomba AIO de 4 pines<br \/>\t\t\t&#8211; Relacionado con el poder<br \/>\t\t\t&nbsp; 1 x conector de alimentaci&oacute;n principal de 24 pines<br \/>\t\t\t&nbsp; 1 x conector de alimentaci&oacute;n de 8 pines +12 V<br \/>\t\t\t&#8211; Relacionado con el almacenamiento<br \/>\t\t\t&nbsp; 2 x ranuras M.2 (Clave M)<br \/>\t\t\t&nbsp; 4 x puertos SATA 6Gb\/s<br \/>\t\t\t&#8211; USB<br \/>\t\t\t&nbsp; 1 x conector USB 3.2 Gen 2 (compatible con USB Type-C)<br \/>\t\t\t&nbsp; 1 x cabezal USB 3.2 Gen 1 compatible con 2 puertos USB 3.2 Gen 1 adicionales<br \/>\t\t\t&nbsp; 1 x cabezal USB 2.0 compatible con 2 puertos USB 2.0 adicionales<br \/>\t\t\t&#8211; Varios<br \/>\t\t\t&nbsp; 1 x cabezal Gen 2 direccionables<br \/>\t\t\t&nbsp; 1 x cabezal Aura RGB<br \/>\t\t\t&nbsp; 1 x cabezal CMOS transparente<br \/>\t\t\t&nbsp; 1 x cabezal de audio del panel frontal (AAFP)<br \/>\t\t\t&nbsp; 1 x cabezal de salida S\/PDIF<br \/>\t\t\t&nbsp; 1 x cabezal de altavoz<br \/>\t\t\t&nbsp; 1 x cabezal de panel de sistema de 10-1 pines<br \/>\t\t\t&nbsp; 1 x cabezal de sensor t&eacute;rmico\t\t\t<\/p>\n<div>\n<div><strong>Panel E\/S Trasero<\/strong><\/div>\n<\/p><\/div>\n<p>\t\t\t&#8211; 1 x puerto USB 3.2 Gen 2&#215;2&nbsp; (1 x USB tipo-C)<br \/>\t\t\t&#8211; 4 x puerto USB 3.2 Gen 1&nbsp; (3 x tipo-A +1 x USB tipo-C)<br \/>\t\t\t&#8211; 3 x puerto USB 2.0 (3 x tipo-A)<br \/>\t\t\t&#8211; 1 x puerto HDMI<br \/>\t\t\t&#8211; 1 x DisplayPort<br \/>\t\t\t&#8211; 1 x Wi-Fi Module<br \/>\t\t\t&#8211; 1 x Intel 2.5Gb Ethernet<br \/>\t\t\t&#8211; 5 x Audio jacks<\/td>\n<\/tr>\n<tr>\n<td valign=\"top\">\n<div><strong>Otras <\/strong><\/div>\n<div><strong>Caracter&iacute;sticas<\/strong><\/div>\n<\/td>\n<td><strong>Almacenamiento<\/strong><br \/>\t\t\t&#8211; Procesadores Intel de 13.&ordf; y 12.&ordf; generaci&oacute;n<br \/>\t\t\t&nbsp; Ranura M.2_1 (clave M), tipo 2260\/2280 (admite modo PCIe 4.0 x4)<br \/>\t\t\t&#8211; Conjunto de chips Intel B760<br \/>\t\t\t&nbsp; Ranura M.2_2 (clave M), tipo 2242\/2260\/2280 (admite modo PCIe 4.0 x4)<br \/>\t\t\t&nbsp; 4 puertos SATA 6Gb\/s<br \/>\t\t\t* La tecnolog&iacute;a Intel Rapid Storage admite SATA RAID 0\/1\/5\/10.<br \/>\t\t\t<strong>Conexiones<\/strong><br \/>\t\t\t&#8211; WiFi 6E<br \/>\t\t\t&nbsp; 2&#215;2 WiFi 6E (802.11a\/b\/g\/n\/ac\/ax)<br \/>\t\t\t&nbsp; Admite banda de frecuencia de 2,4\/5\/6 GHz*<br \/>\t\t\t&#8211; Bluetooth v5.3<br \/>\t\t\t* La regulaci&oacute;n de WiFi 6E 6GHz puede variar entre pa&iacute;ses.<br \/>\t\t\t<strong>Audio<\/strong><br \/>\t\t\t&#8211; Realtek 7.1 Surround Sound High Definition Audio CODEC<br \/>\t\t\t<strong>LAN<\/strong><br \/>\t\t\t&#8211; 1 x Intel 2,5Gb Ethernet<br \/>\t\t\t<strong>USB<\/strong><br \/>\t\t\t&#8211; USB trasero (total 8 puertos)<br \/>\t\t\t&nbsp; 1 x puerto USB 3.2 Gen 2&#215;2 (1 USB Type-C)<br \/>\t\t\t&nbsp; 4 x puertos USB 3.2 Gen 1 (3 x Tipo-A +1 x USB Tipo-C)<br \/>\t\t\t&nbsp; 3 x puertos USB 2.0 (3 de tipo A)<br \/>\t\t\t&#8211; USB frontal (5 puertos en total)<br \/>\t\t\t&nbsp; 1 x conector USB 3.2 Gen 2 (compatible con USB Type-C)<br \/>\t\t\t&nbsp; 1 x cabezal USB 3.2 Gen 1 compatible con 2 puertos USB 3.2 Gen 1 adicionales<br \/>\t\t\t&nbsp; 1 x cabezal USB 2.0 admite 2 puertos USB 2.0 adicionales<br \/>\t\t\t<strong>Sistema Operativo<\/strong><br \/>\t\t\t&#8211; Windows 11 64-bit, Windows 10 64-bit<\/td>\n<\/tr>\n<tr>\n<td valign=\"top\"><strong>Fecha Revisi&oacute;n<\/strong><\/td>\n<td>30-04-2024 por RTY<\/td>\n<\/tr>\n<\/table>\n<p>&nbsp;<\/p>\n<p>&nbsp;<\/p>\n","protected":false},"excerpt":{"rendered":"<p>&nbsp; Marca Asus Modelo 90MB1D90-M1EAY0 Plataforma &#8211; Mini-ITX ( 17 cm x 17 cm ) Chipset &#8211; Intel B760 Chipset CPU Soportados &#8211; Admite procesadores Intel Core 13&ordm; generaci&oacute;n, Pentium Gold y Celeron de 12&ordf; generaci&oacute;n, con la tecnolog&iacute;a Intel&reg;Turbo Boost 2.0 y la tecnolog&iacute;a Intel&reg; Turbo Boost Max 3.0 &#8211; Z&oacute;calo del procesador LGA1700&hellip;&nbsp;<a href=\"https:\/\/aivlisoft.net\/shop\/producto\/asus-placa-base-rog-strix-b760-i-gaming-wifi-mitx\/\" rel=\"bookmark\"><span class=\"screen-reader-text\">Asus Placa Base ROG STRIX B760-I GAMING WIFI mITX<\/span><\/a><\/p>\n","protected":false},"featured_media":14871,"template":"","meta":{"neve_meta_sidebar":"","neve_meta_container":"","neve_meta_enable_content_width":"","neve_meta_content_width":0,"neve_meta_title_alignment":"","neve_meta_author_avatar":"","neve_post_elements_order":"","neve_meta_disable_header":"","neve_meta_disable_footer":"","neve_meta_disable_title":""},"product_brand":[],"product_cat":[8750],"product_tag":[5687],"class_list":{"0":"post-14870","1":"product","2":"type-product","3":"status-publish","4":"has-post-thumbnail","6":"product_cat-intel-socket-1700","7":"product_tag-90mb1d90-m1eay0","9":"first","10":"instock","11":"taxable","12":"shipping-taxable","13":"purchasable","14":"product-type-simple"},"yoast_head":"<!-- This site is optimized with the Yoast SEO plugin v26.0 - https:\/\/yoast.com\/wordpress\/plugins\/seo\/ -->\n<title>Asus Placa Base ROG STRIX B760-I GAMING WIFI mITX - Aivlisoft Inform\u00e1tica<\/title>\n<meta name=\"robots\" content=\"index, follow, max-snippet:-1, max-image-preview:large, max-video-preview:-1\" \/>\n<link rel=\"canonical\" href=\"https:\/\/aivlisoft.net\/shop\/producto\/asus-placa-base-rog-strix-b760-i-gaming-wifi-mitx\/\" \/>\n<meta property=\"og:locale\" content=\"es_ES\" \/>\n<meta property=\"og:type\" content=\"article\" \/>\n<meta property=\"og:title\" content=\"Asus Placa Base ROG STRIX B760-I GAMING WIFI mITX - Aivlisoft Inform\u00e1tica\" \/>\n<meta property=\"og:description\" content=\"&nbsp; Marca Asus Modelo 90MB1D90-M1EAY0 Plataforma &#8211; Mini-ITX ( 17 cm x 17 cm ) Chipset &#8211; Intel B760 Chipset CPU Soportados &#8211; Admite procesadores Intel Core 13&ordm; generaci&oacute;n, Pentium Gold y Celeron de 12&ordf; generaci&oacute;n, con la tecnolog&iacute;a Intel&reg;Turbo Boost 2.0 y la tecnolog&iacute;a Intel&reg; Turbo Boost Max 3.0 &#8211; Z&oacute;calo del procesador LGA1700&hellip;&nbsp;Asus Placa Base ROG STRIX B760-I GAMING WIFI mITX\" \/>\n<meta property=\"og:url\" content=\"https:\/\/aivlisoft.net\/shop\/producto\/asus-placa-base-rog-strix-b760-i-gaming-wifi-mitx\/\" \/>\n<meta property=\"og:site_name\" content=\"Aivlisoft Inform\u00e1tica\" \/>\n<meta property=\"article:modified_time\" content=\"2025-01-14T11:19:03+00:00\" \/>\n<meta property=\"og:image\" content=\"https:\/\/aivlisoft.net\/shop\/wp-content\/uploads\/2025\/01\/IPBPIB0082_800.jpg\" \/>\n\t<meta property=\"og:image:width\" content=\"800\" \/>\n\t<meta property=\"og:image:height\" content=\"800\" \/>\n\t<meta property=\"og:image:type\" content=\"image\/jpeg\" \/>\n<meta name=\"twitter:card\" content=\"summary_large_image\" \/>\n<meta name=\"twitter:label1\" content=\"Tiempo de lectura\" \/>\n\t<meta name=\"twitter:data1\" content=\"3 minutos\" \/>\n<script type=\"application\/ld+json\" class=\"yoast-schema-graph\">{\"@context\":\"https:\/\/schema.org\",\"@graph\":[{\"@type\":\"WebPage\",\"@id\":\"https:\/\/aivlisoft.net\/shop\/producto\/asus-placa-base-rog-strix-b760-i-gaming-wifi-mitx\/\",\"url\":\"https:\/\/aivlisoft.net\/shop\/producto\/asus-placa-base-rog-strix-b760-i-gaming-wifi-mitx\/\",\"name\":\"Asus Placa Base ROG STRIX B760-I GAMING WIFI mITX - Aivlisoft Inform\u00e1tica\",\"isPartOf\":{\"@id\":\"https:\/\/aivlisoft.net\/shop\/#website\"},\"primaryImageOfPage\":{\"@id\":\"https:\/\/aivlisoft.net\/shop\/producto\/asus-placa-base-rog-strix-b760-i-gaming-wifi-mitx\/#primaryimage\"},\"image\":{\"@id\":\"https:\/\/aivlisoft.net\/shop\/producto\/asus-placa-base-rog-strix-b760-i-gaming-wifi-mitx\/#primaryimage\"},\"thumbnailUrl\":\"https:\/\/aivlisoft.net\/shop\/wp-content\/uploads\/2025\/01\/IPBPIB0082_800.jpg\",\"datePublished\":\"2025-01-13T14:47:57+00:00\",\"dateModified\":\"2025-01-14T11:19:03+00:00\",\"breadcrumb\":{\"@id\":\"https:\/\/aivlisoft.net\/shop\/producto\/asus-placa-base-rog-strix-b760-i-gaming-wifi-mitx\/#breadcrumb\"},\"inLanguage\":\"es\",\"potentialAction\":[{\"@type\":\"ReadAction\",\"target\":[\"https:\/\/aivlisoft.net\/shop\/producto\/asus-placa-base-rog-strix-b760-i-gaming-wifi-mitx\/\"]}]},{\"@type\":\"ImageObject\",\"inLanguage\":\"es\",\"@id\":\"https:\/\/aivlisoft.net\/shop\/producto\/asus-placa-base-rog-strix-b760-i-gaming-wifi-mitx\/#primaryimage\",\"url\":\"https:\/\/aivlisoft.net\/shop\/wp-content\/uploads\/2025\/01\/IPBPIB0082_800.jpg\",\"contentUrl\":\"https:\/\/aivlisoft.net\/shop\/wp-content\/uploads\/2025\/01\/IPBPIB0082_800.jpg\",\"width\":800,\"height\":800},{\"@type\":\"BreadcrumbList\",\"@id\":\"https:\/\/aivlisoft.net\/shop\/producto\/asus-placa-base-rog-strix-b760-i-gaming-wifi-mitx\/#breadcrumb\",\"itemListElement\":[{\"@type\":\"ListItem\",\"position\":1,\"name\":\"Portada\",\"item\":\"https:\/\/aivlisoft.net\/shop\/\"},{\"@type\":\"ListItem\",\"position\":2,\"name\":\"Tienda\",\"item\":\"https:\/\/aivlisoft.net\/shop\/tienda\/\"},{\"@type\":\"ListItem\",\"position\":3,\"name\":\"Asus Placa Base ROG STRIX B760-I GAMING WIFI mITX\"}]},{\"@type\":\"WebSite\",\"@id\":\"https:\/\/aivlisoft.net\/shop\/#website\",\"url\":\"https:\/\/aivlisoft.net\/shop\/\",\"name\":\"Aivlisoft Inform\u00e1tica\",\"description\":\"En Aivlisoft Inform\u00e1tica ofrecemos soluciones tecnol\u00f3gicas para empresas: venta de ordenadores, consumibles, perif\u00e9ricos y m\u00e1s. Calidad, atenci\u00f3n personalizada y los mejores precios para tu negocio.\",\"publisher\":{\"@id\":\"https:\/\/aivlisoft.net\/shop\/#organization\"},\"potentialAction\":[{\"@type\":\"SearchAction\",\"target\":{\"@type\":\"EntryPoint\",\"urlTemplate\":\"https:\/\/aivlisoft.net\/shop\/?s={search_term_string}\"},\"query-input\":{\"@type\":\"PropertyValueSpecification\",\"valueRequired\":true,\"valueName\":\"search_term_string\"}}],\"inLanguage\":\"es\"},{\"@type\":\"Organization\",\"@id\":\"https:\/\/aivlisoft.net\/shop\/#organization\",\"name\":\"Aivlisoft Inform\u00e1tica\",\"url\":\"https:\/\/aivlisoft.net\/shop\/\",\"logo\":{\"@type\":\"ImageObject\",\"inLanguage\":\"es\",\"@id\":\"https:\/\/aivlisoft.net\/shop\/#\/schema\/logo\/image\/\",\"url\":\"https:\/\/aivlisoft.net\/shop\/wp-content\/uploads\/2024\/12\/removal.ai_5b848c54-0cdf-4140-95c5-c5536bb7573b-logodef.png\",\"contentUrl\":\"https:\/\/aivlisoft.net\/shop\/wp-content\/uploads\/2024\/12\/removal.ai_5b848c54-0cdf-4140-95c5-c5536bb7573b-logodef.png\",\"width\":484,\"height\":182,\"caption\":\"Aivlisoft Inform\u00e1tica\"},\"image\":{\"@id\":\"https:\/\/aivlisoft.net\/shop\/#\/schema\/logo\/image\/\"}}]}<\/script>\n<!-- \/ Yoast SEO plugin. -->","yoast_head_json":{"title":"Asus Placa Base ROG STRIX B760-I GAMING WIFI mITX - Aivlisoft Inform\u00e1tica","robots":{"index":"index","follow":"follow","max-snippet":"max-snippet:-1","max-image-preview":"max-image-preview:large","max-video-preview":"max-video-preview:-1"},"canonical":"https:\/\/aivlisoft.net\/shop\/producto\/asus-placa-base-rog-strix-b760-i-gaming-wifi-mitx\/","og_locale":"es_ES","og_type":"article","og_title":"Asus Placa Base ROG STRIX B760-I GAMING WIFI mITX - Aivlisoft Inform\u00e1tica","og_description":"&nbsp; Marca Asus Modelo 90MB1D90-M1EAY0 Plataforma &#8211; Mini-ITX ( 17 cm x 17 cm ) Chipset &#8211; Intel B760 Chipset CPU Soportados &#8211; Admite procesadores Intel Core 13&ordm; generaci&oacute;n, Pentium Gold y Celeron de 12&ordf; generaci&oacute;n, con la tecnolog&iacute;a Intel&reg;Turbo Boost 2.0 y la tecnolog&iacute;a Intel&reg; Turbo Boost Max 3.0 &#8211; Z&oacute;calo del procesador LGA1700&hellip;&nbsp;Asus Placa Base ROG STRIX B760-I GAMING WIFI mITX","og_url":"https:\/\/aivlisoft.net\/shop\/producto\/asus-placa-base-rog-strix-b760-i-gaming-wifi-mitx\/","og_site_name":"Aivlisoft Inform\u00e1tica","article_modified_time":"2025-01-14T11:19:03+00:00","og_image":[{"width":800,"height":800,"url":"https:\/\/aivlisoft.net\/shop\/wp-content\/uploads\/2025\/01\/IPBPIB0082_800.jpg","type":"image\/jpeg"}],"twitter_card":"summary_large_image","twitter_misc":{"Tiempo de lectura":"3 minutos"},"schema":{"@context":"https:\/\/schema.org","@graph":[{"@type":"WebPage","@id":"https:\/\/aivlisoft.net\/shop\/producto\/asus-placa-base-rog-strix-b760-i-gaming-wifi-mitx\/","url":"https:\/\/aivlisoft.net\/shop\/producto\/asus-placa-base-rog-strix-b760-i-gaming-wifi-mitx\/","name":"Asus Placa Base ROG STRIX B760-I GAMING WIFI mITX - Aivlisoft Inform\u00e1tica","isPartOf":{"@id":"https:\/\/aivlisoft.net\/shop\/#website"},"primaryImageOfPage":{"@id":"https:\/\/aivlisoft.net\/shop\/producto\/asus-placa-base-rog-strix-b760-i-gaming-wifi-mitx\/#primaryimage"},"image":{"@id":"https:\/\/aivlisoft.net\/shop\/producto\/asus-placa-base-rog-strix-b760-i-gaming-wifi-mitx\/#primaryimage"},"thumbnailUrl":"https:\/\/aivlisoft.net\/shop\/wp-content\/uploads\/2025\/01\/IPBPIB0082_800.jpg","datePublished":"2025-01-13T14:47:57+00:00","dateModified":"2025-01-14T11:19:03+00:00","breadcrumb":{"@id":"https:\/\/aivlisoft.net\/shop\/producto\/asus-placa-base-rog-strix-b760-i-gaming-wifi-mitx\/#breadcrumb"},"inLanguage":"es","potentialAction":[{"@type":"ReadAction","target":["https:\/\/aivlisoft.net\/shop\/producto\/asus-placa-base-rog-strix-b760-i-gaming-wifi-mitx\/"]}]},{"@type":"ImageObject","inLanguage":"es","@id":"https:\/\/aivlisoft.net\/shop\/producto\/asus-placa-base-rog-strix-b760-i-gaming-wifi-mitx\/#primaryimage","url":"https:\/\/aivlisoft.net\/shop\/wp-content\/uploads\/2025\/01\/IPBPIB0082_800.jpg","contentUrl":"https:\/\/aivlisoft.net\/shop\/wp-content\/uploads\/2025\/01\/IPBPIB0082_800.jpg","width":800,"height":800},{"@type":"BreadcrumbList","@id":"https:\/\/aivlisoft.net\/shop\/producto\/asus-placa-base-rog-strix-b760-i-gaming-wifi-mitx\/#breadcrumb","itemListElement":[{"@type":"ListItem","position":1,"name":"Portada","item":"https:\/\/aivlisoft.net\/shop\/"},{"@type":"ListItem","position":2,"name":"Tienda","item":"https:\/\/aivlisoft.net\/shop\/tienda\/"},{"@type":"ListItem","position":3,"name":"Asus Placa Base ROG STRIX B760-I GAMING WIFI mITX"}]},{"@type":"WebSite","@id":"https:\/\/aivlisoft.net\/shop\/#website","url":"https:\/\/aivlisoft.net\/shop\/","name":"Aivlisoft Inform\u00e1tica","description":"En Aivlisoft Inform\u00e1tica ofrecemos soluciones tecnol\u00f3gicas para empresas: venta de ordenadores, consumibles, perif\u00e9ricos y m\u00e1s. Calidad, atenci\u00f3n personalizada y los mejores precios para tu negocio.","publisher":{"@id":"https:\/\/aivlisoft.net\/shop\/#organization"},"potentialAction":[{"@type":"SearchAction","target":{"@type":"EntryPoint","urlTemplate":"https:\/\/aivlisoft.net\/shop\/?s={search_term_string}"},"query-input":{"@type":"PropertyValueSpecification","valueRequired":true,"valueName":"search_term_string"}}],"inLanguage":"es"},{"@type":"Organization","@id":"https:\/\/aivlisoft.net\/shop\/#organization","name":"Aivlisoft Inform\u00e1tica","url":"https:\/\/aivlisoft.net\/shop\/","logo":{"@type":"ImageObject","inLanguage":"es","@id":"https:\/\/aivlisoft.net\/shop\/#\/schema\/logo\/image\/","url":"https:\/\/aivlisoft.net\/shop\/wp-content\/uploads\/2024\/12\/removal.ai_5b848c54-0cdf-4140-95c5-c5536bb7573b-logodef.png","contentUrl":"https:\/\/aivlisoft.net\/shop\/wp-content\/uploads\/2024\/12\/removal.ai_5b848c54-0cdf-4140-95c5-c5536bb7573b-logodef.png","width":484,"height":182,"caption":"Aivlisoft Inform\u00e1tica"},"image":{"@id":"https:\/\/aivlisoft.net\/shop\/#\/schema\/logo\/image\/"}}]}},"_links":{"self":[{"href":"https:\/\/aivlisoft.net\/shop\/wp-json\/wp\/v2\/product\/14870","targetHints":{"allow":["GET"]}}],"collection":[{"href":"https:\/\/aivlisoft.net\/shop\/wp-json\/wp\/v2\/product"}],"about":[{"href":"https:\/\/aivlisoft.net\/shop\/wp-json\/wp\/v2\/types\/product"}],"wp:featuredmedia":[{"embeddable":true,"href":"https:\/\/aivlisoft.net\/shop\/wp-json\/wp\/v2\/media\/14871"}],"wp:attachment":[{"href":"https:\/\/aivlisoft.net\/shop\/wp-json\/wp\/v2\/media?parent=14870"}],"wp:term":[{"taxonomy":"product_brand","embeddable":true,"href":"https:\/\/aivlisoft.net\/shop\/wp-json\/wp\/v2\/product_brand?post=14870"},{"taxonomy":"product_cat","embeddable":true,"href":"https:\/\/aivlisoft.net\/shop\/wp-json\/wp\/v2\/product_cat?post=14870"},{"taxonomy":"product_tag","embeddable":true,"href":"https:\/\/aivlisoft.net\/shop\/wp-json\/wp\/v2\/product_tag?post=14870"}],"curies":[{"name":"wp","href":"https:\/\/api.w.org\/{rel}","templated":true}]}}