{"id":14847,"date":"2025-01-13T14:47:45","date_gmt":"2025-01-13T14:47:45","guid":{"rendered":"https:\/\/aivlisoft.com\/?post_type=product&#038;p=14847"},"modified":"2025-01-14T11:18:58","modified_gmt":"2025-01-14T11:18:58","slug":"gigabyte-placa-base-b760m-gaming-ddr4-matx-lga1700","status":"publish","type":"product","link":"https:\/\/aivlisoft.net\/shop\/producto\/gigabyte-placa-base-b760m-gaming-ddr4-matx-lga1700\/","title":{"rendered":"Gigabyte Placa Base B760M GAMING DDR4 mATX LGA1700"},"content":{"rendered":"<p><\/p>\n<table class=\"tabla_caracteristicas k-table\" width=\"100%\">\n<tr>\n<td valign=\"top\"><strong>Marca<\/strong><\/td>\n<td>Gigabyte<\/td>\n<\/tr>\n<tr>\n<td valign=\"top\"><strong>Modelo<\/strong><\/td>\n<td><strong>B760M GAMING DDR4<\/strong><\/td>\n<\/tr>\n<tr>\n<td valign=\"top\"><strong>Plataforma<\/strong><\/td>\n<td>&#8211; Micro ATX Form Factor (24.4 cm x 22.5 cm)<\/td>\n<\/tr>\n<tr>\n<td valign=\"top\"><strong>Chipset<\/strong><\/td>\n<td>&#8211; Intel B760 Express Chipset<\/td>\n<\/tr>\n<tr>\n<td valign=\"top\"><strong>CPU<\/strong><br \/>\t\t\t<strong>Soportados<\/strong><\/td>\n<td>&#8211; Z&oacute;calo LGA1700: Compatibilidad con los procesadores Intel Core, Pentium Gold y Celeron de 13.&ordf; y 12.&ordf; generaci&oacute;n<br \/>\t\t\t&#8211; La cach&eacute; L3 var&iacute;a con la CPU<br \/>\t\t\t*Consulte la \u00abLista de soporte de CPU\u00bb para obtener m&aacute;s informaci&oacute;n<\/td>\n<\/tr>\n<tr>\n<td valign=\"top\"><strong>Memoria<\/strong><\/td>\n<td>&#8211; Compatible con&nbsp;DDR4 5333(O.C.)\/ DDR4 5133(O.C.)\/DDR4 5000(O.C.)\/4933(O.C.)\/4800(O.C.)\/ 4700(O.C.)\/ 4600(O.C.)\/ 4500(O.C.)\/ 4400(O.C.)\/ 4300(O.C.)\/4266(O.C.) \/ 4133(O.C.) \/ 4000(O.C.) \/ 3866(O.C.) \/ 3800(O.C.) \/ 3733(O.C.) \/ 3666(O.C.) \/ 3600(O.C.) \/ 3466(O.C.) \/ 3400(O.C.) \/ 3333(O.C.) \/ 3300(O.C.) \/ 3200 \/ 3000 \/ 2933 \/ 2800 \/ 2666 \/ 2400 \/ 2133 MHz m&oacute;dulos de memoria<br \/>\t\t\t&#8211; 2 z&oacute;calos DDR4 DIMM que admiten hasta 64 GB (32 GB de capacidad DIMM individual) de memoria del sistema<br \/>\t\t\t&#8211; Arquitectura de memoria de doble canal<br \/>\t\t\t&#8211; Compatibilidad con m&oacute;dulos de memoria DIMM 1Rx8\/2Rx8 sin b&uacute;fer ECC (funcionan en modo no ECC)<br \/>\t\t\t&#8211; Compatibilidad con m&oacute;dulos de memoria DIMM 1Rx8\/2Rx8\/1Rx16 sin b&uacute;fer sin ECC<br \/>\t\t\t&#8211; Compatibilidad con m&oacute;dulos de memoria Extreme Memory Profile (XMP)<br \/>\t\t\t*Consulte la \u00abLista de soporte de memoria\u00bb para obtener m&aacute;s informaci&oacute;n<\/td>\n<\/tr>\n<tr>\n<td valign=\"top\">\n<div><strong>Slots Expansi&oacute;n<\/strong><\/div>\n<\/td>\n<td>&#8211; CPU:<br \/>\t\t\t&nbsp; 1 x ranura PCI Express x16, compatible con PCIe 4.0 y funcionando a x16<br \/>\t\t\t&#8211; Chipset:<br \/>\t\t\t&nbsp;1 x ranura PCI Express x1, compatible con PCIe 3.0 y funcionando a x1<\/td>\n<\/tr>\n<tr>\n<td valign=\"top\"><strong>Gr&aacute;ficos<\/strong><\/td>\n<td>&#8211; Gr&aacute;ficos integrados de procesador de Intel HD compatibles con:<br \/>\t\t\t&nbsp; 1 x puerto D-Sub, compatible con una resoluci&oacute;n m&aacute;xima de 1920&#215;1200 a 60 Hz<br \/>\t\t\t&nbsp; 1 x DisplayPort, compatible con una resoluci&oacute;n m&aacute;xima de 4096&#215;2304 a 60 Hz<br \/>\t\t\t&nbsp; * Soporte para la versi&oacute;n DisplayPort 1.2 y HDCP 2.3<br \/>\t\t\t&nbsp; 1 puerto HDMI, compatible con una resoluci&oacute;n m&aacute;xima de 4096&#215;2160 a 60 Hz<br \/>\t\t\t&nbsp; * Soporte para la versi&oacute;n HDMI 2.0 y HDCP 2.3.<br \/>\t\t\t&nbsp; (Las especificaciones gr&aacute;ficas pueden variar seg&uacute;n el soporte de la CPU)<\/td>\n<\/tr>\n<tr>\n<td valign=\"top\">\n<div><strong>Puertos E\/S, <\/strong><\/div>\n<div><strong>Conectores<\/strong><\/div>\n<div>&nbsp;<\/div>\n<\/td>\n<td>\n<div>\n<div><strong>Conectores Internos E\/S <\/strong><br \/>\t\t\t&#8211; 1 x conector de alimentaci&oacute;n principal ATX de 24 pines<br \/>\t\t\t&#8211; 1 x conector de alimentaci&oacute;n ATX 12V de 8 pines<br \/>\t\t\t&#8211; 1 x cabezal de ventilador de CPU<br \/>\t\t\t&#8211; 3 x cabezales de ventilador del sistema<br \/>\t\t\t&#8211; 1 x cabezal de tira de LED RGB<br \/>\t\t\t&#8211; 2 x conectores M.2 Socket 3<br \/>\t\t\t&#8211; 4 x conectores SATA 6Gb\/s<br \/>\t\t\t&#8211; 1 x cabezal del panel frontal<br \/>\t\t\t&#8211; 1 x cabezal de audio del panel frontal<br \/>\t\t\t&#8211; 1 x cabezal de salida S\/PDIF<br \/>\t\t\t&#8211; 1 x cabezal USB 3.2 Gen 1<br \/>\t\t\t&#8211; 2 x cabezales USB 2.0\/1.1<br \/>\t\t\t&#8211; 1 x cabezal del m&oacute;dulo de plataforma segura (solo para el m&oacute;dulo GC-TPM2.0 SPI\/GC-TPM2.0 SPI 2.0)<br \/>\t\t\t&#8211; 1 x cabezal de puerto serie<br \/>\t\t\t&#8211; 1 x bot&oacute;n Q-Flash Plus<br \/>\t\t\t&#8211; 1 x puente de reinicio<br \/>\t\t\t&#8211; 1 x puente CMOS transparente<\/div>\n<\/p><\/div>\n<div>\n<div><strong>Panel E\/S Trasero<\/strong><\/div>\n<\/p><\/div>\n<p>\t\t\t&#8211; 2 x puertos USB 2.0\/1.1<br \/>\t\t\t&#8211; 1 x puerto para teclado\/rat&oacute;n PS\/2<br \/>\t\t\t&#8211; 1 x puerto D-Sub<br \/>\t\t\t&#8211; 1 x puerto HDMI<br \/>\t\t\t&#8211; 1 x puerto de visualizaci&oacute;n<br \/>\t\t\t&#8211; 3 x puertos USB 3.2 Gen 1<br \/>\t\t\t&#8211; 1 x puerto USB Type-C, compatible con USB 3.2 Gen 1<br \/>\t\t\t&#8211; 1 x puerto RJ-45<br \/>\t\t\t&#8211; 3 x conectores de audio<\/td>\n<\/tr>\n<tr>\n<td valign=\"top\">\n<div><strong>Otras <\/strong><\/div>\n<div><strong>Caracter&iacute;sticas<\/strong><\/div>\n<\/td>\n<td><strong>Almacenamiento<\/strong><br \/>\t\t\t&#8211; CPU:<br \/>\t\t\t&nbsp; 1 x conector M.2 (Socket 3, clave M, tipo&nbsp;2280 PCIe 4.0 x4\/x2 SSD support) compatible con SSD) (M2A_CPU)<br \/>\t\t\t&#8211; Chipset:<br \/>\t\t\t&nbsp; 1 x conectores M.2 (socket 3, llave M, tipo 2280 PCIe 4.0 x4\/x2 compatible con SSD) (M2P_SB)<br \/>\t\t\t&nbsp; 4 x conectores SATA 6Gb\/s<br \/>\t\t\t&#8211;&nbsp; Compatibilidad con RAID 0, RAID 1, RAID 5 y RAID 10 soporte para dispositivos de almacenamiento SATA<br \/>\t\t\t<strong>Audio<\/strong><br \/>\t\t\t&#8211; Audio Realtek CODEC<br \/>\t\t\t&#8211; Audio de alta definici&oacute;n<br \/>\t\t\t&#8211; 2\/4\/5.1\/7.1 canales<br \/>\t\t\t&#8211; Compatibilidad con salida S\/PDIF<br \/>\t\t\t* Puede cambiar la funcionalidad de un conector de audio utilizando el software de audio. Para configurar el audio de 7.1 canales, acceda al software de audio para la configuraci&oacute;n de audio.<br \/>\t\t\t<strong>LAN<\/strong><br \/>\t\t\t&#8211; Realtek 2.5GbE LAN chip (2.5 Gbps\/1 Gbps\/100 Mbps)<br \/>\t\t\t<strong>USB<\/strong><br \/>\t\t\t&#8211; Chipset:<br \/>\t\t\t&nbsp; 1 x puerto USB Type-C en el panel posterior, compatible con USB 3.2 Gen 1<br \/>\t\t\t&nbsp; 5 x puertos USB 3.2 Gen 1 (3 puertos en el panel posterior, 2 puertos disponibles a trav&eacute;s del cabezal USB interno)<br \/>\t\t\t&nbsp; 2 x puertos USB 2.0\/1.1 en el panel posterior<br \/>\t\t\t&#8211; Chipset + USB 2.0 Hubs:<br \/>\t\t\t&nbsp; 4x puertos USB 2.0\/1.1 disponibles a trav&eacute;s de los cabezales USB internos<br \/>\t\t\t<strong>Sistema Operativo<\/strong><br \/>\t\t\t&#8211; Compatibilidad con Windows 11 de 64 bits<br \/>\t\t\t&#8211; Compatibilidad con Windows 10 de 64 bits<\/td>\n<\/tr>\n<tr>\n<td valign=\"top\"><strong>Fecha Revisi&oacute;n<\/strong><\/td>\n<td>02-05-2023 por RTY<\/td>\n<\/tr>\n<\/table>\n","protected":false},"excerpt":{"rendered":"<p>Marca Gigabyte Modelo B760M GAMING DDR4 Plataforma &#8211; Micro ATX Form Factor (24.4 cm x 22.5 cm) Chipset &#8211; Intel B760 Express Chipset CPU Soportados &#8211; Z&oacute;calo LGA1700: Compatibilidad con los procesadores Intel Core, Pentium Gold y Celeron de 13.&ordf; y 12.&ordf; generaci&oacute;n &#8211; La cach&eacute; L3 var&iacute;a con la CPU *Consulte la \u00abLista de&hellip;&nbsp;<a href=\"https:\/\/aivlisoft.net\/shop\/producto\/gigabyte-placa-base-b760m-gaming-ddr4-matx-lga1700\/\" rel=\"bookmark\"><span class=\"screen-reader-text\">Gigabyte Placa Base B760M GAMING DDR4 mATX LGA1700<\/span><\/a><\/p>\n","protected":false},"featured_media":14848,"template":"","meta":{"neve_meta_sidebar":"","neve_meta_container":"","neve_meta_enable_content_width":"","neve_meta_content_width":0,"neve_meta_title_alignment":"","neve_meta_author_avatar":"","neve_post_elements_order":"","neve_meta_disable_header":"","neve_meta_disable_footer":"","neve_meta_disable_title":""},"product_brand":[],"product_cat":[8750],"product_tag":[5682],"class_list":{"0":"post-14847","1":"product","2":"type-product","3":"status-publish","4":"has-post-thumbnail","6":"product_cat-intel-socket-1700","7":"product_tag-b760m-gaming-ddr4","9":"first","10":"instock","11":"taxable","12":"shipping-taxable","13":"purchasable","14":"product-type-simple"},"yoast_head":"<!-- This site is optimized with the Yoast SEO plugin v26.0 - https:\/\/yoast.com\/wordpress\/plugins\/seo\/ -->\n<title>Gigabyte Placa Base B760M GAMING DDR4 mATX LGA1700 - Aivlisoft Inform\u00e1tica<\/title>\n<meta name=\"robots\" content=\"index, follow, max-snippet:-1, max-image-preview:large, max-video-preview:-1\" \/>\n<link rel=\"canonical\" href=\"https:\/\/aivlisoft.net\/shop\/producto\/gigabyte-placa-base-b760m-gaming-ddr4-matx-lga1700\/\" \/>\n<meta property=\"og:locale\" content=\"es_ES\" \/>\n<meta property=\"og:type\" content=\"article\" \/>\n<meta property=\"og:title\" content=\"Gigabyte Placa Base B760M GAMING DDR4 mATX LGA1700 - Aivlisoft Inform\u00e1tica\" \/>\n<meta property=\"og:description\" content=\"Marca Gigabyte Modelo B760M GAMING DDR4 Plataforma &#8211; Micro ATX Form Factor (24.4 cm x 22.5 cm) Chipset &#8211; Intel B760 Express Chipset CPU Soportados &#8211; Z&oacute;calo LGA1700: Compatibilidad con los procesadores Intel Core, Pentium Gold y Celeron de 13.&ordf; y 12.&ordf; generaci&oacute;n &#8211; La cach&eacute; L3 var&iacute;a con la CPU *Consulte la \u00abLista de&hellip;&nbsp;Gigabyte Placa Base B760M GAMING DDR4 mATX LGA1700\" \/>\n<meta property=\"og:url\" content=\"https:\/\/aivlisoft.net\/shop\/producto\/gigabyte-placa-base-b760m-gaming-ddr4-matx-lga1700\/\" \/>\n<meta property=\"og:site_name\" content=\"Aivlisoft Inform\u00e1tica\" \/>\n<meta property=\"article:modified_time\" content=\"2025-01-14T11:18:58+00:00\" \/>\n<meta property=\"og:image\" content=\"https:\/\/aivlisoft.net\/shop\/wp-content\/uploads\/2025\/01\/IPBPIB0071_800.jpg\" \/>\n\t<meta property=\"og:image:width\" content=\"800\" \/>\n\t<meta property=\"og:image:height\" content=\"800\" \/>\n\t<meta property=\"og:image:type\" content=\"image\/jpeg\" \/>\n<meta name=\"twitter:card\" content=\"summary_large_image\" \/>\n<meta name=\"twitter:label1\" content=\"Tiempo de lectura\" \/>\n\t<meta name=\"twitter:data1\" content=\"4 minutos\" \/>\n<script type=\"application\/ld+json\" class=\"yoast-schema-graph\">{\"@context\":\"https:\/\/schema.org\",\"@graph\":[{\"@type\":\"WebPage\",\"@id\":\"https:\/\/aivlisoft.net\/shop\/producto\/gigabyte-placa-base-b760m-gaming-ddr4-matx-lga1700\/\",\"url\":\"https:\/\/aivlisoft.net\/shop\/producto\/gigabyte-placa-base-b760m-gaming-ddr4-matx-lga1700\/\",\"name\":\"Gigabyte Placa Base B760M GAMING DDR4 mATX LGA1700 - Aivlisoft Inform\u00e1tica\",\"isPartOf\":{\"@id\":\"https:\/\/aivlisoft.net\/shop\/#website\"},\"primaryImageOfPage\":{\"@id\":\"https:\/\/aivlisoft.net\/shop\/producto\/gigabyte-placa-base-b760m-gaming-ddr4-matx-lga1700\/#primaryimage\"},\"image\":{\"@id\":\"https:\/\/aivlisoft.net\/shop\/producto\/gigabyte-placa-base-b760m-gaming-ddr4-matx-lga1700\/#primaryimage\"},\"thumbnailUrl\":\"https:\/\/aivlisoft.net\/shop\/wp-content\/uploads\/2025\/01\/IPBPIB0071_800.jpg\",\"datePublished\":\"2025-01-13T14:47:45+00:00\",\"dateModified\":\"2025-01-14T11:18:58+00:00\",\"breadcrumb\":{\"@id\":\"https:\/\/aivlisoft.net\/shop\/producto\/gigabyte-placa-base-b760m-gaming-ddr4-matx-lga1700\/#breadcrumb\"},\"inLanguage\":\"es\",\"potentialAction\":[{\"@type\":\"ReadAction\",\"target\":[\"https:\/\/aivlisoft.net\/shop\/producto\/gigabyte-placa-base-b760m-gaming-ddr4-matx-lga1700\/\"]}]},{\"@type\":\"ImageObject\",\"inLanguage\":\"es\",\"@id\":\"https:\/\/aivlisoft.net\/shop\/producto\/gigabyte-placa-base-b760m-gaming-ddr4-matx-lga1700\/#primaryimage\",\"url\":\"https:\/\/aivlisoft.net\/shop\/wp-content\/uploads\/2025\/01\/IPBPIB0071_800.jpg\",\"contentUrl\":\"https:\/\/aivlisoft.net\/shop\/wp-content\/uploads\/2025\/01\/IPBPIB0071_800.jpg\",\"width\":800,\"height\":800},{\"@type\":\"BreadcrumbList\",\"@id\":\"https:\/\/aivlisoft.net\/shop\/producto\/gigabyte-placa-base-b760m-gaming-ddr4-matx-lga1700\/#breadcrumb\",\"itemListElement\":[{\"@type\":\"ListItem\",\"position\":1,\"name\":\"Portada\",\"item\":\"https:\/\/aivlisoft.net\/shop\/\"},{\"@type\":\"ListItem\",\"position\":2,\"name\":\"Tienda\",\"item\":\"https:\/\/aivlisoft.net\/shop\/tienda\/\"},{\"@type\":\"ListItem\",\"position\":3,\"name\":\"Gigabyte Placa Base B760M GAMING DDR4 mATX LGA1700\"}]},{\"@type\":\"WebSite\",\"@id\":\"https:\/\/aivlisoft.net\/shop\/#website\",\"url\":\"https:\/\/aivlisoft.net\/shop\/\",\"name\":\"Aivlisoft Inform\u00e1tica\",\"description\":\"En Aivlisoft Inform\u00e1tica ofrecemos soluciones tecnol\u00f3gicas para empresas: venta de ordenadores, consumibles, perif\u00e9ricos y m\u00e1s. Calidad, atenci\u00f3n personalizada y los mejores precios para tu negocio.\",\"publisher\":{\"@id\":\"https:\/\/aivlisoft.net\/shop\/#organization\"},\"potentialAction\":[{\"@type\":\"SearchAction\",\"target\":{\"@type\":\"EntryPoint\",\"urlTemplate\":\"https:\/\/aivlisoft.net\/shop\/?s={search_term_string}\"},\"query-input\":{\"@type\":\"PropertyValueSpecification\",\"valueRequired\":true,\"valueName\":\"search_term_string\"}}],\"inLanguage\":\"es\"},{\"@type\":\"Organization\",\"@id\":\"https:\/\/aivlisoft.net\/shop\/#organization\",\"name\":\"Aivlisoft Inform\u00e1tica\",\"url\":\"https:\/\/aivlisoft.net\/shop\/\",\"logo\":{\"@type\":\"ImageObject\",\"inLanguage\":\"es\",\"@id\":\"https:\/\/aivlisoft.net\/shop\/#\/schema\/logo\/image\/\",\"url\":\"https:\/\/aivlisoft.net\/shop\/wp-content\/uploads\/2024\/12\/removal.ai_5b848c54-0cdf-4140-95c5-c5536bb7573b-logodef.png\",\"contentUrl\":\"https:\/\/aivlisoft.net\/shop\/wp-content\/uploads\/2024\/12\/removal.ai_5b848c54-0cdf-4140-95c5-c5536bb7573b-logodef.png\",\"width\":484,\"height\":182,\"caption\":\"Aivlisoft Inform\u00e1tica\"},\"image\":{\"@id\":\"https:\/\/aivlisoft.net\/shop\/#\/schema\/logo\/image\/\"}}]}<\/script>\n<!-- \/ Yoast SEO plugin. -->","yoast_head_json":{"title":"Gigabyte Placa Base B760M GAMING DDR4 mATX LGA1700 - Aivlisoft Inform\u00e1tica","robots":{"index":"index","follow":"follow","max-snippet":"max-snippet:-1","max-image-preview":"max-image-preview:large","max-video-preview":"max-video-preview:-1"},"canonical":"https:\/\/aivlisoft.net\/shop\/producto\/gigabyte-placa-base-b760m-gaming-ddr4-matx-lga1700\/","og_locale":"es_ES","og_type":"article","og_title":"Gigabyte Placa Base B760M GAMING DDR4 mATX LGA1700 - Aivlisoft Inform\u00e1tica","og_description":"Marca Gigabyte Modelo B760M GAMING DDR4 Plataforma &#8211; Micro ATX Form Factor (24.4 cm x 22.5 cm) Chipset &#8211; Intel B760 Express Chipset CPU Soportados &#8211; Z&oacute;calo LGA1700: Compatibilidad con los procesadores Intel Core, Pentium Gold y Celeron de 13.&ordf; y 12.&ordf; generaci&oacute;n &#8211; La cach&eacute; L3 var&iacute;a con la CPU *Consulte la \u00abLista de&hellip;&nbsp;Gigabyte Placa Base B760M GAMING DDR4 mATX LGA1700","og_url":"https:\/\/aivlisoft.net\/shop\/producto\/gigabyte-placa-base-b760m-gaming-ddr4-matx-lga1700\/","og_site_name":"Aivlisoft Inform\u00e1tica","article_modified_time":"2025-01-14T11:18:58+00:00","og_image":[{"width":800,"height":800,"url":"https:\/\/aivlisoft.net\/shop\/wp-content\/uploads\/2025\/01\/IPBPIB0071_800.jpg","type":"image\/jpeg"}],"twitter_card":"summary_large_image","twitter_misc":{"Tiempo de lectura":"4 minutos"},"schema":{"@context":"https:\/\/schema.org","@graph":[{"@type":"WebPage","@id":"https:\/\/aivlisoft.net\/shop\/producto\/gigabyte-placa-base-b760m-gaming-ddr4-matx-lga1700\/","url":"https:\/\/aivlisoft.net\/shop\/producto\/gigabyte-placa-base-b760m-gaming-ddr4-matx-lga1700\/","name":"Gigabyte Placa Base B760M GAMING DDR4 mATX LGA1700 - Aivlisoft Inform\u00e1tica","isPartOf":{"@id":"https:\/\/aivlisoft.net\/shop\/#website"},"primaryImageOfPage":{"@id":"https:\/\/aivlisoft.net\/shop\/producto\/gigabyte-placa-base-b760m-gaming-ddr4-matx-lga1700\/#primaryimage"},"image":{"@id":"https:\/\/aivlisoft.net\/shop\/producto\/gigabyte-placa-base-b760m-gaming-ddr4-matx-lga1700\/#primaryimage"},"thumbnailUrl":"https:\/\/aivlisoft.net\/shop\/wp-content\/uploads\/2025\/01\/IPBPIB0071_800.jpg","datePublished":"2025-01-13T14:47:45+00:00","dateModified":"2025-01-14T11:18:58+00:00","breadcrumb":{"@id":"https:\/\/aivlisoft.net\/shop\/producto\/gigabyte-placa-base-b760m-gaming-ddr4-matx-lga1700\/#breadcrumb"},"inLanguage":"es","potentialAction":[{"@type":"ReadAction","target":["https:\/\/aivlisoft.net\/shop\/producto\/gigabyte-placa-base-b760m-gaming-ddr4-matx-lga1700\/"]}]},{"@type":"ImageObject","inLanguage":"es","@id":"https:\/\/aivlisoft.net\/shop\/producto\/gigabyte-placa-base-b760m-gaming-ddr4-matx-lga1700\/#primaryimage","url":"https:\/\/aivlisoft.net\/shop\/wp-content\/uploads\/2025\/01\/IPBPIB0071_800.jpg","contentUrl":"https:\/\/aivlisoft.net\/shop\/wp-content\/uploads\/2025\/01\/IPBPIB0071_800.jpg","width":800,"height":800},{"@type":"BreadcrumbList","@id":"https:\/\/aivlisoft.net\/shop\/producto\/gigabyte-placa-base-b760m-gaming-ddr4-matx-lga1700\/#breadcrumb","itemListElement":[{"@type":"ListItem","position":1,"name":"Portada","item":"https:\/\/aivlisoft.net\/shop\/"},{"@type":"ListItem","position":2,"name":"Tienda","item":"https:\/\/aivlisoft.net\/shop\/tienda\/"},{"@type":"ListItem","position":3,"name":"Gigabyte Placa Base B760M GAMING DDR4 mATX LGA1700"}]},{"@type":"WebSite","@id":"https:\/\/aivlisoft.net\/shop\/#website","url":"https:\/\/aivlisoft.net\/shop\/","name":"Aivlisoft Inform\u00e1tica","description":"En Aivlisoft Inform\u00e1tica ofrecemos soluciones tecnol\u00f3gicas para empresas: venta de ordenadores, consumibles, perif\u00e9ricos y m\u00e1s. Calidad, atenci\u00f3n personalizada y los mejores precios para tu negocio.","publisher":{"@id":"https:\/\/aivlisoft.net\/shop\/#organization"},"potentialAction":[{"@type":"SearchAction","target":{"@type":"EntryPoint","urlTemplate":"https:\/\/aivlisoft.net\/shop\/?s={search_term_string}"},"query-input":{"@type":"PropertyValueSpecification","valueRequired":true,"valueName":"search_term_string"}}],"inLanguage":"es"},{"@type":"Organization","@id":"https:\/\/aivlisoft.net\/shop\/#organization","name":"Aivlisoft Inform\u00e1tica","url":"https:\/\/aivlisoft.net\/shop\/","logo":{"@type":"ImageObject","inLanguage":"es","@id":"https:\/\/aivlisoft.net\/shop\/#\/schema\/logo\/image\/","url":"https:\/\/aivlisoft.net\/shop\/wp-content\/uploads\/2024\/12\/removal.ai_5b848c54-0cdf-4140-95c5-c5536bb7573b-logodef.png","contentUrl":"https:\/\/aivlisoft.net\/shop\/wp-content\/uploads\/2024\/12\/removal.ai_5b848c54-0cdf-4140-95c5-c5536bb7573b-logodef.png","width":484,"height":182,"caption":"Aivlisoft Inform\u00e1tica"},"image":{"@id":"https:\/\/aivlisoft.net\/shop\/#\/schema\/logo\/image\/"}}]}},"_links":{"self":[{"href":"https:\/\/aivlisoft.net\/shop\/wp-json\/wp\/v2\/product\/14847","targetHints":{"allow":["GET"]}}],"collection":[{"href":"https:\/\/aivlisoft.net\/shop\/wp-json\/wp\/v2\/product"}],"about":[{"href":"https:\/\/aivlisoft.net\/shop\/wp-json\/wp\/v2\/types\/product"}],"wp:featuredmedia":[{"embeddable":true,"href":"https:\/\/aivlisoft.net\/shop\/wp-json\/wp\/v2\/media\/14848"}],"wp:attachment":[{"href":"https:\/\/aivlisoft.net\/shop\/wp-json\/wp\/v2\/media?parent=14847"}],"wp:term":[{"taxonomy":"product_brand","embeddable":true,"href":"https:\/\/aivlisoft.net\/shop\/wp-json\/wp\/v2\/product_brand?post=14847"},{"taxonomy":"product_cat","embeddable":true,"href":"https:\/\/aivlisoft.net\/shop\/wp-json\/wp\/v2\/product_cat?post=14847"},{"taxonomy":"product_tag","embeddable":true,"href":"https:\/\/aivlisoft.net\/shop\/wp-json\/wp\/v2\/product_tag?post=14847"}],"curies":[{"name":"wp","href":"https:\/\/api.w.org\/{rel}","templated":true}]}}