{"id":14837,"date":"2025-01-13T14:47:41","date_gmt":"2025-01-13T14:47:41","guid":{"rendered":"https:\/\/aivlisoft.com\/?post_type=product&#038;p=14837"},"modified":"2025-01-14T11:18:56","modified_gmt":"2025-01-14T11:18:56","slug":"msi-placa-base-pro-b760m-p-ddr4-matx-lga1700","status":"publish","type":"product","link":"https:\/\/aivlisoft.net\/shop\/producto\/msi-placa-base-pro-b760m-p-ddr4-matx-lga1700\/","title":{"rendered":"MSI Placa Base PRO B760M-P DDR4 mATX LGA1700"},"content":{"rendered":"<p><\/p>\n<p>&nbsp;<\/p>\n<table class=\"tabla_caracteristicas k-table\" width=\"100%\">\n<tr>\n<td valign=\"top\"><strong>Marca<\/strong><\/td>\n<td>MSI<\/td>\n<\/tr>\n<tr>\n<td valign=\"top\"><strong>Modelo<\/strong><\/td>\n<td><strong>911-7E02-001<\/strong><\/td>\n<\/tr>\n<tr>\n<td valign=\"top\"><strong>Plataforma<\/strong><\/td>\n<td>&#8211; mATX ( 243.84mmx243.84mm )<\/td>\n<\/tr>\n<tr>\n<td valign=\"top\"><strong>Chipset<\/strong><\/td>\n<td>&#8211; <strong>Intel B760<\/strong><\/td>\n<\/tr>\n<tr>\n<td valign=\"top\"><strong>CPU<\/strong><br \/>\t\t\t<strong>Soportados<\/strong><\/td>\n<td>&#8211; Admite procesadores Intel Core, Pentium Gold y Celeron de 12&ordf; generaci&oacute;n y 13&ordf; generaci&oacute;n<br \/>\t\t\t&#8211; Z&oacute;calo del procesador <strong>LGA1700<\/strong><\/td>\n<\/tr>\n<tr>\n<td valign=\"top\"><strong>Memoria<\/strong><\/td>\n<td>&#8211; 4 x <strong>DDR4<\/strong>, soporta hasta 128GB<br \/>\t\t\t&#8211; Memoria soporta 4800(OC)\/ 4600(OC)\/ 4400(OC)\/ 4266(OC)\/ 4200(OC)\/ 4000(OC)\/ 3800(OC)\/ 3733(OC)\/ 3600(OC)\/ 3466(OC)\/ 3400(OC)\/ 3333(OC)\/ 3200(JEDEC)\/ 2933(JEDEC)\/ 2666(JEDEC)\/ 2400(JEDEC)\/ 2133(JEDEC)<br \/>\t\t\t&#8211; M&aacute;x. frecuencia de overclocking:<br \/>\t\t\t&nbsp; 1DPC 1R Velocidad m&aacute;xima de hasta 4800+ MHz<br \/>\t\t\t&nbsp; 1DPC 2R Velocidad m&aacute;xima de hasta 4600+ MHz<br \/>\t\t\t&nbsp; 2DPC 1R Max speed up to 4400+ MHz<br \/>\t\t\t&nbsp; 2DPC 2R Max speed up to 4000+ MHz<br \/>\t\t\t&#8211; Admite el modo de doble canal<br \/>\t\t\t&#8211; Admite memoria no ECC, sin b&uacute;fer<br \/>\t\t\t&#8211; Admite el perfil de memoria Intel Extreme (XMP)<\/td>\n<\/tr>\n<tr>\n<td valign=\"top\">\n<div><strong>Slots Expansi&oacute;n<\/strong><\/div>\n<\/td>\n<td>&#8211; 1 x ranura PCI-E x16<br \/>\t\t\t&#8211; 2 x ranura PCI-E x1<br \/>\t\t\t&#8211; PCI_E1 Gen PCIe 4.0 admite hasta x16 (desde la CPU)<br \/>\t\t\t&#8211; PCI_E2 Gen PCIe 4.0 admite hasta x1 (desde el conjunto de chips)<br \/>\t\t\t&#8211; PCI_E3 Gen PCIe 4.0 admite hasta x1 (desde el conjunto de chips)<\/td>\n<\/tr>\n<tr>\n<td valign=\"top\"><strong>Gr&aacute;ficos<\/strong><\/td>\n<td>&#8211; 1 x HDMI<br \/>\t\t\t&#8211; 1 puerto de pantalla<br \/>\t\t\t&#8211; 1 x VGA<br \/>\t\t\t&#8211; Admite HDMI 2.1 con HDR, resoluci&oacute;n m&aacute;xima de 4K 60Hz*<br \/>\t\t\t&#8211; Admite DP 1.4, resoluci&oacute;n m&aacute;xima de 4K 60Hz*<br \/>\t\t\t&#8211; Admite VGA, resoluci&oacute;n m&aacute;xima de 2048&#215;1536 50Hz, 2048&#215;1280 60Hz, 1920&#215;1200 60Hz<br \/>\t\t\t*Disponible solo en procesadores con gr&aacute;ficos integrados. Las especificaciones gr&aacute;ficas pueden variar seg&uacute;n la CPU instalada.<\/td>\n<\/tr>\n<tr>\n<td valign=\"top\">\n<div><strong>Puertos E\/S, <\/strong><\/div>\n<div><strong>Conectores<\/strong><\/div>\n<div>&nbsp;<\/div>\n<\/td>\n<td>\n<div>\n<div><strong>Conectores Internos E\/S <\/strong><\/div>\n<\/p><\/div>\n<p>\t\t\t&#8211; 1 x conector de alimentaci&oacute;n (ATX_PWR)<br \/>\t\t\t&#8211; 1 x conector de alimentaci&oacute;n (CPU_PWR)<br \/>\t\t\t&#8211; 1 x ventilador de CPU.<br \/>\t\t\t&#8211; 2 x ventiladores de sistema.<br \/>\t\t\t&#8211; 2 x Panel frontal (JFP)<br \/>\t\t\t&#8211; 1 x intrusi&oacute;n de chasis (JCI)<br \/>\t\t\t&#8211; 1 x audio frontal (JAUD)<br \/>\t\t\t&#8211; 1 x puerto de impresora (JLPT)<br \/>\t\t\t&#8211; 1 x puerto COM (JCOM)<br \/>\t\t\t&#8211; 1 x conector LED RGB (JRGB)<br \/>\t\t\t&#8211; 1 x cabezal de pin TPM (compatible con TPM 2.0)<br \/>\t\t\t&#8211; 4 x puertos USB 2.0<br \/>\t\t\t&#8211; 2 x puertos USB 3.2 Gen1 Tipo A\t\t\t<\/p>\n<div>\n<div><strong>Panel E\/S Trasero<\/strong><\/div>\n<\/p><\/div>\n<p>\t\t\t&#8211; HDMI<br \/>\t\t\t&#8211; VGA<br \/>\t\t\t&#8211; DisplayPort<br \/>\t\t\t&#8211; Keyboard \/ Mouse<br \/>\t\t\t&#8211; Puerto LAN<br \/>\t\t\t&#8211; Audio Connectors<br \/>\t\t\t&#8211; USB 3.2 Gen 1 5Gbps (Type-A)<br \/>\t\t\t&#8211; USB 3.2 Gen 2 10Gbps (Type-C)<\/td>\n<\/tr>\n<tr>\n<td valign=\"top\">\n<div><strong>Otras <\/strong><\/div>\n<div><strong>Caracter&iacute;sticas<\/strong><\/div>\n<\/td>\n<td><strong>Almacenamiento<\/strong><br \/>\t\t\t&#8211; 2 x M.2<br \/>\t\t\t&#8211; Fuente M.2_1 (desde la CPU) admite hasta PCIe 4.0 x4, admite dispositivos 2280\/2260\/2242<br \/>\t\t\t&#8211; Fuente M.2_2 (del conjunto de chips) admite hasta PCIe 4.0 x4 \/ modo SATA, admite dispositivos 2280\/2260\/2242<br \/>\t\t\t&#8211; 4 x SATA 6G<br \/>\t\t\t* SATA7 no estar&aacute; disponible al instalar M.2 SATA SSD en la ranura M2_2<br \/>\t\t\t<strong>Audio<\/strong><br \/>\t\t\t&#8211; Realtek ALC897 Codec<br \/>\t\t\t&#8211; 7.1-Channel High Definition Audio<br \/>\t\t\t<strong>LAN<\/strong><br \/>\t\t\t&#8211; &nbsp;Realtek RTL8111H Gigabit LAN<br \/>\t\t\t<strong>USB<\/strong><br \/>\t\t\t&#8211; 4 x USB 2.0 (trasero)<br \/>\t\t\t&#8211; 4 x USB 2.0 (frontal)<br \/>\t\t\t&#8211; 1 x USB 3.2 Gen1 Tipo A (Trasero)<br \/>\t\t\t&#8211; 2 x USB 3.2 Gen1 Tipo A (Frontal)<br \/>\t\t\t&#8211; 1 x USB 3.2 Gen2 Tipo C (Trasero)<br \/>\t\t\t<strong>Sistema operativo<\/strong><br \/>\t\t\t&#8211;<strong> <\/strong>Compatibilidad con Windows 11 de 64 bits, Windows 10 de 64 bits<\/td>\n<\/tr>\n<tr>\n<td valign=\"top\"><strong>Fecha Revisi&oacute;n<\/strong><\/td>\n<td>18-05-2023 por RTY<\/td>\n<\/tr>\n<\/table>\n","protected":false},"excerpt":{"rendered":"<p>&nbsp; Marca MSI Modelo 911-7E02-001 Plataforma &#8211; mATX ( 243.84mmx243.84mm ) Chipset &#8211; Intel B760 CPU Soportados &#8211; Admite procesadores Intel Core, Pentium Gold y Celeron de 12&ordf; generaci&oacute;n y 13&ordf; generaci&oacute;n &#8211; Z&oacute;calo del procesador LGA1700 Memoria &#8211; 4 x DDR4, soporta hasta 128GB &#8211; Memoria soporta 4800(OC)\/ 4600(OC)\/ 4400(OC)\/ 4266(OC)\/ 4200(OC)\/ 4000(OC)\/ 3800(OC)\/&hellip;&nbsp;<a href=\"https:\/\/aivlisoft.net\/shop\/producto\/msi-placa-base-pro-b760m-p-ddr4-matx-lga1700\/\" rel=\"bookmark\"><span class=\"screen-reader-text\">MSI Placa Base PRO B760M-P DDR4 mATX LGA1700<\/span><\/a><\/p>\n","protected":false},"featured_media":14838,"template":"","meta":{"neve_meta_sidebar":"","neve_meta_container":"","neve_meta_enable_content_width":"","neve_meta_content_width":0,"neve_meta_title_alignment":"","neve_meta_author_avatar":"","neve_post_elements_order":"","neve_meta_disable_header":"","neve_meta_disable_footer":"","neve_meta_disable_title":""},"product_brand":[],"product_cat":[8750],"product_tag":[5680],"class_list":{"0":"post-14837","1":"product","2":"type-product","3":"status-publish","4":"has-post-thumbnail","6":"product_cat-intel-socket-1700","7":"product_tag-911-7e02-001","9":"first","10":"instock","11":"taxable","12":"shipping-taxable","13":"purchasable","14":"product-type-simple"},"yoast_head":"<!-- This site is optimized with the Yoast SEO plugin v26.0 - https:\/\/yoast.com\/wordpress\/plugins\/seo\/ -->\n<title>MSI Placa Base PRO B760M-P DDR4 mATX LGA1700 - Aivlisoft Inform\u00e1tica<\/title>\n<meta name=\"robots\" content=\"index, follow, max-snippet:-1, max-image-preview:large, max-video-preview:-1\" \/>\n<link rel=\"canonical\" href=\"https:\/\/aivlisoft.net\/shop\/producto\/msi-placa-base-pro-b760m-p-ddr4-matx-lga1700\/\" \/>\n<meta property=\"og:locale\" content=\"es_ES\" \/>\n<meta property=\"og:type\" content=\"article\" \/>\n<meta property=\"og:title\" content=\"MSI Placa Base PRO B760M-P DDR4 mATX LGA1700 - Aivlisoft Inform\u00e1tica\" \/>\n<meta property=\"og:description\" content=\"&nbsp; Marca MSI Modelo 911-7E02-001 Plataforma &#8211; mATX ( 243.84mmx243.84mm ) Chipset &#8211; Intel B760 CPU Soportados &#8211; Admite procesadores Intel Core, Pentium Gold y Celeron de 12&ordf; generaci&oacute;n y 13&ordf; generaci&oacute;n &#8211; Z&oacute;calo del procesador LGA1700 Memoria &#8211; 4 x DDR4, soporta hasta 128GB &#8211; Memoria soporta 4800(OC)\/ 4600(OC)\/ 4400(OC)\/ 4266(OC)\/ 4200(OC)\/ 4000(OC)\/ 3800(OC)\/&hellip;&nbsp;MSI Placa Base PRO B760M-P DDR4 mATX LGA1700\" \/>\n<meta property=\"og:url\" content=\"https:\/\/aivlisoft.net\/shop\/producto\/msi-placa-base-pro-b760m-p-ddr4-matx-lga1700\/\" \/>\n<meta property=\"og:site_name\" content=\"Aivlisoft Inform\u00e1tica\" \/>\n<meta property=\"article:modified_time\" content=\"2025-01-14T11:18:56+00:00\" \/>\n<meta property=\"og:image\" content=\"https:\/\/aivlisoft.net\/shop\/wp-content\/uploads\/2025\/01\/IPBPIB0067_800.jpg\" \/>\n\t<meta property=\"og:image:width\" content=\"800\" \/>\n\t<meta property=\"og:image:height\" content=\"800\" \/>\n\t<meta property=\"og:image:type\" content=\"image\/jpeg\" \/>\n<meta name=\"twitter:card\" content=\"summary_large_image\" \/>\n<meta name=\"twitter:label1\" content=\"Tiempo de lectura\" \/>\n\t<meta name=\"twitter:data1\" content=\"3 minutos\" \/>\n<script type=\"application\/ld+json\" class=\"yoast-schema-graph\">{\"@context\":\"https:\/\/schema.org\",\"@graph\":[{\"@type\":\"WebPage\",\"@id\":\"https:\/\/aivlisoft.net\/shop\/producto\/msi-placa-base-pro-b760m-p-ddr4-matx-lga1700\/\",\"url\":\"https:\/\/aivlisoft.net\/shop\/producto\/msi-placa-base-pro-b760m-p-ddr4-matx-lga1700\/\",\"name\":\"MSI Placa Base PRO B760M-P DDR4 mATX LGA1700 - Aivlisoft Inform\u00e1tica\",\"isPartOf\":{\"@id\":\"https:\/\/aivlisoft.net\/shop\/#website\"},\"primaryImageOfPage\":{\"@id\":\"https:\/\/aivlisoft.net\/shop\/producto\/msi-placa-base-pro-b760m-p-ddr4-matx-lga1700\/#primaryimage\"},\"image\":{\"@id\":\"https:\/\/aivlisoft.net\/shop\/producto\/msi-placa-base-pro-b760m-p-ddr4-matx-lga1700\/#primaryimage\"},\"thumbnailUrl\":\"https:\/\/aivlisoft.net\/shop\/wp-content\/uploads\/2025\/01\/IPBPIB0067_800.jpg\",\"datePublished\":\"2025-01-13T14:47:41+00:00\",\"dateModified\":\"2025-01-14T11:18:56+00:00\",\"breadcrumb\":{\"@id\":\"https:\/\/aivlisoft.net\/shop\/producto\/msi-placa-base-pro-b760m-p-ddr4-matx-lga1700\/#breadcrumb\"},\"inLanguage\":\"es\",\"potentialAction\":[{\"@type\":\"ReadAction\",\"target\":[\"https:\/\/aivlisoft.net\/shop\/producto\/msi-placa-base-pro-b760m-p-ddr4-matx-lga1700\/\"]}]},{\"@type\":\"ImageObject\",\"inLanguage\":\"es\",\"@id\":\"https:\/\/aivlisoft.net\/shop\/producto\/msi-placa-base-pro-b760m-p-ddr4-matx-lga1700\/#primaryimage\",\"url\":\"https:\/\/aivlisoft.net\/shop\/wp-content\/uploads\/2025\/01\/IPBPIB0067_800.jpg\",\"contentUrl\":\"https:\/\/aivlisoft.net\/shop\/wp-content\/uploads\/2025\/01\/IPBPIB0067_800.jpg\",\"width\":800,\"height\":800},{\"@type\":\"BreadcrumbList\",\"@id\":\"https:\/\/aivlisoft.net\/shop\/producto\/msi-placa-base-pro-b760m-p-ddr4-matx-lga1700\/#breadcrumb\",\"itemListElement\":[{\"@type\":\"ListItem\",\"position\":1,\"name\":\"Portada\",\"item\":\"https:\/\/aivlisoft.net\/shop\/\"},{\"@type\":\"ListItem\",\"position\":2,\"name\":\"Tienda\",\"item\":\"https:\/\/aivlisoft.net\/shop\/tienda\/\"},{\"@type\":\"ListItem\",\"position\":3,\"name\":\"MSI Placa Base PRO B760M-P DDR4 mATX LGA1700\"}]},{\"@type\":\"WebSite\",\"@id\":\"https:\/\/aivlisoft.net\/shop\/#website\",\"url\":\"https:\/\/aivlisoft.net\/shop\/\",\"name\":\"Aivlisoft Inform\u00e1tica\",\"description\":\"En Aivlisoft Inform\u00e1tica ofrecemos soluciones tecnol\u00f3gicas para empresas: venta de ordenadores, consumibles, perif\u00e9ricos y m\u00e1s. Calidad, atenci\u00f3n personalizada y los mejores precios para tu negocio.\",\"publisher\":{\"@id\":\"https:\/\/aivlisoft.net\/shop\/#organization\"},\"potentialAction\":[{\"@type\":\"SearchAction\",\"target\":{\"@type\":\"EntryPoint\",\"urlTemplate\":\"https:\/\/aivlisoft.net\/shop\/?s={search_term_string}\"},\"query-input\":{\"@type\":\"PropertyValueSpecification\",\"valueRequired\":true,\"valueName\":\"search_term_string\"}}],\"inLanguage\":\"es\"},{\"@type\":\"Organization\",\"@id\":\"https:\/\/aivlisoft.net\/shop\/#organization\",\"name\":\"Aivlisoft Inform\u00e1tica\",\"url\":\"https:\/\/aivlisoft.net\/shop\/\",\"logo\":{\"@type\":\"ImageObject\",\"inLanguage\":\"es\",\"@id\":\"https:\/\/aivlisoft.net\/shop\/#\/schema\/logo\/image\/\",\"url\":\"https:\/\/aivlisoft.net\/shop\/wp-content\/uploads\/2024\/12\/removal.ai_5b848c54-0cdf-4140-95c5-c5536bb7573b-logodef.png\",\"contentUrl\":\"https:\/\/aivlisoft.net\/shop\/wp-content\/uploads\/2024\/12\/removal.ai_5b848c54-0cdf-4140-95c5-c5536bb7573b-logodef.png\",\"width\":484,\"height\":182,\"caption\":\"Aivlisoft Inform\u00e1tica\"},\"image\":{\"@id\":\"https:\/\/aivlisoft.net\/shop\/#\/schema\/logo\/image\/\"}}]}<\/script>\n<!-- \/ Yoast SEO plugin. -->","yoast_head_json":{"title":"MSI Placa Base PRO B760M-P DDR4 mATX LGA1700 - Aivlisoft Inform\u00e1tica","robots":{"index":"index","follow":"follow","max-snippet":"max-snippet:-1","max-image-preview":"max-image-preview:large","max-video-preview":"max-video-preview:-1"},"canonical":"https:\/\/aivlisoft.net\/shop\/producto\/msi-placa-base-pro-b760m-p-ddr4-matx-lga1700\/","og_locale":"es_ES","og_type":"article","og_title":"MSI Placa Base PRO B760M-P DDR4 mATX LGA1700 - Aivlisoft Inform\u00e1tica","og_description":"&nbsp; Marca MSI Modelo 911-7E02-001 Plataforma &#8211; mATX ( 243.84mmx243.84mm ) Chipset &#8211; Intel B760 CPU Soportados &#8211; Admite procesadores Intel Core, Pentium Gold y Celeron de 12&ordf; generaci&oacute;n y 13&ordf; generaci&oacute;n &#8211; Z&oacute;calo del procesador LGA1700 Memoria &#8211; 4 x DDR4, soporta hasta 128GB &#8211; Memoria soporta 4800(OC)\/ 4600(OC)\/ 4400(OC)\/ 4266(OC)\/ 4200(OC)\/ 4000(OC)\/ 3800(OC)\/&hellip;&nbsp;MSI Placa Base PRO B760M-P DDR4 mATX LGA1700","og_url":"https:\/\/aivlisoft.net\/shop\/producto\/msi-placa-base-pro-b760m-p-ddr4-matx-lga1700\/","og_site_name":"Aivlisoft Inform\u00e1tica","article_modified_time":"2025-01-14T11:18:56+00:00","og_image":[{"width":800,"height":800,"url":"https:\/\/aivlisoft.net\/shop\/wp-content\/uploads\/2025\/01\/IPBPIB0067_800.jpg","type":"image\/jpeg"}],"twitter_card":"summary_large_image","twitter_misc":{"Tiempo de lectura":"3 minutos"},"schema":{"@context":"https:\/\/schema.org","@graph":[{"@type":"WebPage","@id":"https:\/\/aivlisoft.net\/shop\/producto\/msi-placa-base-pro-b760m-p-ddr4-matx-lga1700\/","url":"https:\/\/aivlisoft.net\/shop\/producto\/msi-placa-base-pro-b760m-p-ddr4-matx-lga1700\/","name":"MSI Placa Base PRO B760M-P DDR4 mATX LGA1700 - Aivlisoft Inform\u00e1tica","isPartOf":{"@id":"https:\/\/aivlisoft.net\/shop\/#website"},"primaryImageOfPage":{"@id":"https:\/\/aivlisoft.net\/shop\/producto\/msi-placa-base-pro-b760m-p-ddr4-matx-lga1700\/#primaryimage"},"image":{"@id":"https:\/\/aivlisoft.net\/shop\/producto\/msi-placa-base-pro-b760m-p-ddr4-matx-lga1700\/#primaryimage"},"thumbnailUrl":"https:\/\/aivlisoft.net\/shop\/wp-content\/uploads\/2025\/01\/IPBPIB0067_800.jpg","datePublished":"2025-01-13T14:47:41+00:00","dateModified":"2025-01-14T11:18:56+00:00","breadcrumb":{"@id":"https:\/\/aivlisoft.net\/shop\/producto\/msi-placa-base-pro-b760m-p-ddr4-matx-lga1700\/#breadcrumb"},"inLanguage":"es","potentialAction":[{"@type":"ReadAction","target":["https:\/\/aivlisoft.net\/shop\/producto\/msi-placa-base-pro-b760m-p-ddr4-matx-lga1700\/"]}]},{"@type":"ImageObject","inLanguage":"es","@id":"https:\/\/aivlisoft.net\/shop\/producto\/msi-placa-base-pro-b760m-p-ddr4-matx-lga1700\/#primaryimage","url":"https:\/\/aivlisoft.net\/shop\/wp-content\/uploads\/2025\/01\/IPBPIB0067_800.jpg","contentUrl":"https:\/\/aivlisoft.net\/shop\/wp-content\/uploads\/2025\/01\/IPBPIB0067_800.jpg","width":800,"height":800},{"@type":"BreadcrumbList","@id":"https:\/\/aivlisoft.net\/shop\/producto\/msi-placa-base-pro-b760m-p-ddr4-matx-lga1700\/#breadcrumb","itemListElement":[{"@type":"ListItem","position":1,"name":"Portada","item":"https:\/\/aivlisoft.net\/shop\/"},{"@type":"ListItem","position":2,"name":"Tienda","item":"https:\/\/aivlisoft.net\/shop\/tienda\/"},{"@type":"ListItem","position":3,"name":"MSI Placa Base PRO B760M-P DDR4 mATX LGA1700"}]},{"@type":"WebSite","@id":"https:\/\/aivlisoft.net\/shop\/#website","url":"https:\/\/aivlisoft.net\/shop\/","name":"Aivlisoft Inform\u00e1tica","description":"En Aivlisoft Inform\u00e1tica ofrecemos soluciones tecnol\u00f3gicas para empresas: venta de ordenadores, consumibles, perif\u00e9ricos y m\u00e1s. Calidad, atenci\u00f3n personalizada y los mejores precios para tu negocio.","publisher":{"@id":"https:\/\/aivlisoft.net\/shop\/#organization"},"potentialAction":[{"@type":"SearchAction","target":{"@type":"EntryPoint","urlTemplate":"https:\/\/aivlisoft.net\/shop\/?s={search_term_string}"},"query-input":{"@type":"PropertyValueSpecification","valueRequired":true,"valueName":"search_term_string"}}],"inLanguage":"es"},{"@type":"Organization","@id":"https:\/\/aivlisoft.net\/shop\/#organization","name":"Aivlisoft Inform\u00e1tica","url":"https:\/\/aivlisoft.net\/shop\/","logo":{"@type":"ImageObject","inLanguage":"es","@id":"https:\/\/aivlisoft.net\/shop\/#\/schema\/logo\/image\/","url":"https:\/\/aivlisoft.net\/shop\/wp-content\/uploads\/2024\/12\/removal.ai_5b848c54-0cdf-4140-95c5-c5536bb7573b-logodef.png","contentUrl":"https:\/\/aivlisoft.net\/shop\/wp-content\/uploads\/2024\/12\/removal.ai_5b848c54-0cdf-4140-95c5-c5536bb7573b-logodef.png","width":484,"height":182,"caption":"Aivlisoft Inform\u00e1tica"},"image":{"@id":"https:\/\/aivlisoft.net\/shop\/#\/schema\/logo\/image\/"}}]}},"_links":{"self":[{"href":"https:\/\/aivlisoft.net\/shop\/wp-json\/wp\/v2\/product\/14837","targetHints":{"allow":["GET"]}}],"collection":[{"href":"https:\/\/aivlisoft.net\/shop\/wp-json\/wp\/v2\/product"}],"about":[{"href":"https:\/\/aivlisoft.net\/shop\/wp-json\/wp\/v2\/types\/product"}],"wp:featuredmedia":[{"embeddable":true,"href":"https:\/\/aivlisoft.net\/shop\/wp-json\/wp\/v2\/media\/14838"}],"wp:attachment":[{"href":"https:\/\/aivlisoft.net\/shop\/wp-json\/wp\/v2\/media?parent=14837"}],"wp:term":[{"taxonomy":"product_brand","embeddable":true,"href":"https:\/\/aivlisoft.net\/shop\/wp-json\/wp\/v2\/product_brand?post=14837"},{"taxonomy":"product_cat","embeddable":true,"href":"https:\/\/aivlisoft.net\/shop\/wp-json\/wp\/v2\/product_cat?post=14837"},{"taxonomy":"product_tag","embeddable":true,"href":"https:\/\/aivlisoft.net\/shop\/wp-json\/wp\/v2\/product_tag?post=14837"}],"curies":[{"name":"wp","href":"https:\/\/api.w.org\/{rel}","templated":true}]}}