{"id":14795,"date":"2025-01-13T14:47:15","date_gmt":"2025-01-13T14:47:15","guid":{"rendered":"https:\/\/aivlisoft.com\/?post_type=product&#038;p=14795"},"modified":"2025-01-14T11:18:45","modified_gmt":"2025-01-14T11:18:45","slug":"asus-placa-base-prime-h610m-k-d4-matx-lga1700","status":"publish","type":"product","link":"https:\/\/aivlisoft.net\/shop\/producto\/asus-placa-base-prime-h610m-k-d4-matx-lga1700\/","title":{"rendered":"ASUS Placa Base PRIME H610M-K D4  mATX LGA1700"},"content":{"rendered":"<p><\/p>\n<table class=\"tabla_caracteristicas k-table\" width=\"100%\">\n<tr>\n<td valign=\"top\"><strong>Marca<\/strong><\/td>\n<td>Asus<\/td>\n<\/tr>\n<tr>\n<td valign=\"top\"><strong>Modelo<\/strong><\/td>\n<td><strong>90MB1A10-M0EAY0<\/strong><\/td>\n<\/tr>\n<tr>\n<td valign=\"top\"><strong>Plataforma<\/strong><\/td>\n<td>&#8211; mATX (23.4 cm x 20.3 cm)<\/td>\n<\/tr>\n<tr>\n<td valign=\"top\"><strong>Chipset<\/strong><\/td>\n<td>&#8211; Intel&reg; H610 Chipset<\/td>\n<\/tr>\n<tr>\n<td valign=\"top\"><strong>CPU<\/strong><br \/>\t\t\t<strong>Soportados<\/strong><\/td>\n<td>&#8211; Admite procesadores Intel&reg; Core&trade;, Pentium Gold y Celeron de 12&ordf; generaci&oacute;n<br \/>\t\t\t&#8211; Z&oacute;calo del procesador <strong>LGA1700<\/strong><\/td>\n<\/tr>\n<tr>\n<td valign=\"top\"><strong>Memoria<\/strong><\/td>\n<td>&#8211; 2 x DIMM, Max. 64GB, <strong>DDR4 <\/strong>DDR4 3200\/3000\/2933\/2800\/2666\/2400\/2133 Non-ECC, Un-buffered Memory*<br \/>\t\t\t&#8211; Dual Channel Memory Architecture<br \/>\t\t\t&#8211; Supports Intel&reg; Extreme Memory Profile (XMP)<\/td>\n<\/tr>\n<tr>\n<td valign=\"top\">\n<div><strong>Slots Expansi&oacute;n<\/strong><\/div>\n<\/td>\n<td>&#8211; 1 x PCIe 4.0 x16 slot<br \/>\t\t\t&#8211; 1 x PCIe 3.0 x1 slots<\/td>\n<\/tr>\n<tr>\n<td valign=\"top\"><strong>Gr&aacute;ficos<\/strong><\/td>\n<td>&#8211; 1 x D-Sub<br \/>\t\t\t&#8211; 1 x HDMI<\/td>\n<\/tr>\n<tr>\n<td valign=\"top\">\n<div><strong>Puertos E\/S, <\/strong><\/div>\n<div><strong>Conectores<\/strong><\/div>\n<div>&nbsp;<\/div>\n<\/td>\n<td>\n<div>\n<div><strong>Conectores Internos E\/S <\/strong><\/div>\n<\/p><\/div>\n<p>\t\t\t&#8211; 1 x 4-pin CPU Fan header<br \/>\t\t\t&#8211; 1 x 4-pin Chassis Fan header<br \/>\t\t\t&#8211; 1 x 24-pin Main Power connector<br \/>\t\t\t&#8211; 1 x 8-pin +12V Power connector<br \/>\t\t\t&#8211; 1 x M.2 slot (Key M)<br \/>\t\t\t&#8211; 4 x SATA 6Gb\/s ports<br \/>\t\t\t&#8211; 1 x USB 3.2 Gen 1 header supports additional 2 USB 3.2 Gen 1 ports<br \/>\t\t\t&#8211; 1 x USB 2.0 header supports additional 2 USB 2.0 ports<br \/>\t\t\t&#8211; 1 x RGB header<br \/>\t\t\t&#8211; 1 x Clear CMOS header<br \/>\t\t\t&#8211; 1 x COM Port header<br \/>\t\t\t&#8211; 1 x Front Panel Audio header (AAFP)<br \/>\t\t\t&#8211; 1 x S\/PDIF Out header<br \/>\t\t\t&#8211; 1 x Speaker header<br \/>\t\t\t&#8211; 1 x SPI TPM header (14-1pin)<br \/>\t\t\t&#8211; 1 x 10-1 pin System Panel header\t\t\t<\/p>\n<div>\n<div><strong>Panel E\/S Trasero<\/strong><\/div>\n<\/p><\/div>\n<p>\t\t\t&#8211; 2 x USB 3.2 Gen 1 ports (2 x Type-A)<br \/>\t\t\t&#8211; 4 x USB 2.0 ports (4 x Type-A)<br \/>\t\t\t&#8211; 1 x D-Sub port<br \/>\t\t\t&#8211; 1 x HDMI&reg; port<br \/>\t\t\t&#8211; 1 x Realtek 1Gb Ethernet port<br \/>\t\t\t&#8211; 3 x Audio jacks<br \/>\t\t\t&#8211; 1 x PS\/2 Keyboard\/Mouse combo port<\/td>\n<\/tr>\n<tr>\n<td valign=\"top\">\n<div><strong>Otras <\/strong><\/div>\n<div><strong>Caracter&iacute;sticas<\/strong><\/div>\n<\/td>\n<td><strong>Almacenamiento<\/strong><br \/>\t\t\t&#8211; 1 x M.2 slots<br \/>\t\t\t&#8211; 4 x SATA 6Gb\/s<br \/>\t\t\t<strong>Audio<\/strong><br \/>\t\t\t&#8211; Realtek 7.1 Surround Sound High Definition Audio CODEC<br \/>\t\t\t<strong>LAN<\/strong><br \/>\t\t\t&#8211; 1 x Realtek 1Gb Ethernet<br \/>\t\t\t<strong>USB<\/strong><br \/>\t\t\t&#8211; 2 x USB 3.2 Gen 2 (2 x Type-A)<br \/>\t\t\t&#8211; 4 x USB 2.0 (4 x Type-A)<br \/>\t\t\t&#8211; 1 x USB 3.2 Gen 1 header<br \/>\t\t\t&#8211; 1 x USB 2.0 headers<br \/>\t\t\t<strong>Sistema Operativo<\/strong><br \/>\t\t\t&#8211; Windows&reg; 11 64-bit, Windows&reg; 10 64-bit<\/td>\n<\/tr>\n<tr>\n<td valign=\"top\"><strong>Fecha Revisi&oacute;n<\/strong><\/td>\n<td>26-01-2022 por MSB<\/td>\n<\/tr>\n<\/table>\n","protected":false},"excerpt":{"rendered":"<p>Marca Asus Modelo 90MB1A10-M0EAY0 Plataforma &#8211; mATX (23.4 cm x 20.3 cm) Chipset &#8211; Intel&reg; H610 Chipset CPU Soportados &#8211; Admite procesadores Intel&reg; Core&trade;, Pentium Gold y Celeron de 12&ordf; generaci&oacute;n &#8211; Z&oacute;calo del procesador LGA1700 Memoria &#8211; 2 x DIMM, Max. 64GB, DDR4 DDR4 3200\/3000\/2933\/2800\/2666\/2400\/2133 Non-ECC, Un-buffered Memory* &#8211; Dual Channel Memory Architecture &#8211;&hellip;&nbsp;<a href=\"https:\/\/aivlisoft.net\/shop\/producto\/asus-placa-base-prime-h610m-k-d4-matx-lga1700\/\" rel=\"bookmark\"><span class=\"screen-reader-text\">ASUS Placa Base PRIME H610M-K D4  mATX LGA1700<\/span><\/a><\/p>\n","protected":false},"featured_media":14796,"template":"","meta":{"neve_meta_sidebar":"","neve_meta_container":"","neve_meta_enable_content_width":"","neve_meta_content_width":0,"neve_meta_title_alignment":"","neve_meta_author_avatar":"","neve_post_elements_order":"","neve_meta_disable_header":"","neve_meta_disable_footer":"","neve_meta_disable_title":""},"product_brand":[],"product_cat":[8750],"product_tag":[5671],"class_list":{"0":"post-14795","1":"product","2":"type-product","3":"status-publish","4":"has-post-thumbnail","6":"product_cat-intel-socket-1700","7":"product_tag-90mb1a10-m0eay0","9":"first","10":"instock","11":"taxable","12":"shipping-taxable","13":"purchasable","14":"product-type-simple"},"yoast_head":"<!-- This site is optimized with the Yoast SEO plugin v26.0 - https:\/\/yoast.com\/wordpress\/plugins\/seo\/ -->\n<title>ASUS Placa Base PRIME H610M-K D4 mATX LGA1700 - Aivlisoft Inform\u00e1tica<\/title>\n<meta name=\"robots\" content=\"index, follow, max-snippet:-1, max-image-preview:large, max-video-preview:-1\" \/>\n<link rel=\"canonical\" href=\"https:\/\/aivlisoft.net\/shop\/producto\/asus-placa-base-prime-h610m-k-d4-matx-lga1700\/\" \/>\n<meta property=\"og:locale\" content=\"es_ES\" \/>\n<meta property=\"og:type\" content=\"article\" \/>\n<meta property=\"og:title\" content=\"ASUS Placa Base PRIME H610M-K D4 mATX LGA1700 - Aivlisoft Inform\u00e1tica\" \/>\n<meta property=\"og:description\" content=\"Marca Asus Modelo 90MB1A10-M0EAY0 Plataforma &#8211; mATX (23.4 cm x 20.3 cm) Chipset &#8211; Intel&reg; H610 Chipset CPU Soportados &#8211; Admite procesadores Intel&reg; Core&trade;, Pentium Gold y Celeron de 12&ordf; generaci&oacute;n &#8211; Z&oacute;calo del procesador LGA1700 Memoria &#8211; 2 x DIMM, Max. 64GB, DDR4 DDR4 3200\/3000\/2933\/2800\/2666\/2400\/2133 Non-ECC, Un-buffered Memory* &#8211; Dual Channel Memory Architecture &#8211;&hellip;&nbsp;ASUS Placa Base PRIME H610M-K D4 mATX LGA1700\" \/>\n<meta property=\"og:url\" content=\"https:\/\/aivlisoft.net\/shop\/producto\/asus-placa-base-prime-h610m-k-d4-matx-lga1700\/\" \/>\n<meta property=\"og:site_name\" content=\"Aivlisoft Inform\u00e1tica\" \/>\n<meta property=\"article:modified_time\" content=\"2025-01-14T11:18:45+00:00\" \/>\n<meta property=\"og:image\" content=\"https:\/\/aivlisoft.net\/shop\/wp-content\/uploads\/2025\/01\/IPBPIB0022_800.jpg\" \/>\n\t<meta property=\"og:image:width\" content=\"800\" \/>\n\t<meta property=\"og:image:height\" content=\"800\" \/>\n\t<meta property=\"og:image:type\" content=\"image\/jpeg\" \/>\n<meta name=\"twitter:card\" content=\"summary_large_image\" \/>\n<meta name=\"twitter:label1\" content=\"Tiempo de lectura\" \/>\n\t<meta name=\"twitter:data1\" content=\"2 minutos\" \/>\n<script type=\"application\/ld+json\" class=\"yoast-schema-graph\">{\"@context\":\"https:\/\/schema.org\",\"@graph\":[{\"@type\":\"WebPage\",\"@id\":\"https:\/\/aivlisoft.net\/shop\/producto\/asus-placa-base-prime-h610m-k-d4-matx-lga1700\/\",\"url\":\"https:\/\/aivlisoft.net\/shop\/producto\/asus-placa-base-prime-h610m-k-d4-matx-lga1700\/\",\"name\":\"ASUS Placa Base PRIME H610M-K D4 mATX LGA1700 - Aivlisoft Inform\u00e1tica\",\"isPartOf\":{\"@id\":\"https:\/\/aivlisoft.net\/shop\/#website\"},\"primaryImageOfPage\":{\"@id\":\"https:\/\/aivlisoft.net\/shop\/producto\/asus-placa-base-prime-h610m-k-d4-matx-lga1700\/#primaryimage\"},\"image\":{\"@id\":\"https:\/\/aivlisoft.net\/shop\/producto\/asus-placa-base-prime-h610m-k-d4-matx-lga1700\/#primaryimage\"},\"thumbnailUrl\":\"https:\/\/aivlisoft.net\/shop\/wp-content\/uploads\/2025\/01\/IPBPIB0022_800.jpg\",\"datePublished\":\"2025-01-13T14:47:15+00:00\",\"dateModified\":\"2025-01-14T11:18:45+00:00\",\"breadcrumb\":{\"@id\":\"https:\/\/aivlisoft.net\/shop\/producto\/asus-placa-base-prime-h610m-k-d4-matx-lga1700\/#breadcrumb\"},\"inLanguage\":\"es\",\"potentialAction\":[{\"@type\":\"ReadAction\",\"target\":[\"https:\/\/aivlisoft.net\/shop\/producto\/asus-placa-base-prime-h610m-k-d4-matx-lga1700\/\"]}]},{\"@type\":\"ImageObject\",\"inLanguage\":\"es\",\"@id\":\"https:\/\/aivlisoft.net\/shop\/producto\/asus-placa-base-prime-h610m-k-d4-matx-lga1700\/#primaryimage\",\"url\":\"https:\/\/aivlisoft.net\/shop\/wp-content\/uploads\/2025\/01\/IPBPIB0022_800.jpg\",\"contentUrl\":\"https:\/\/aivlisoft.net\/shop\/wp-content\/uploads\/2025\/01\/IPBPIB0022_800.jpg\",\"width\":800,\"height\":800},{\"@type\":\"BreadcrumbList\",\"@id\":\"https:\/\/aivlisoft.net\/shop\/producto\/asus-placa-base-prime-h610m-k-d4-matx-lga1700\/#breadcrumb\",\"itemListElement\":[{\"@type\":\"ListItem\",\"position\":1,\"name\":\"Portada\",\"item\":\"https:\/\/aivlisoft.net\/shop\/\"},{\"@type\":\"ListItem\",\"position\":2,\"name\":\"Tienda\",\"item\":\"https:\/\/aivlisoft.net\/shop\/tienda\/\"},{\"@type\":\"ListItem\",\"position\":3,\"name\":\"ASUS Placa Base PRIME H610M-K D4 mATX LGA1700\"}]},{\"@type\":\"WebSite\",\"@id\":\"https:\/\/aivlisoft.net\/shop\/#website\",\"url\":\"https:\/\/aivlisoft.net\/shop\/\",\"name\":\"Aivlisoft Inform\u00e1tica\",\"description\":\"En Aivlisoft Inform\u00e1tica ofrecemos soluciones tecnol\u00f3gicas para empresas: venta de ordenadores, consumibles, perif\u00e9ricos y m\u00e1s. Calidad, atenci\u00f3n personalizada y los mejores precios para tu negocio.\",\"publisher\":{\"@id\":\"https:\/\/aivlisoft.net\/shop\/#organization\"},\"potentialAction\":[{\"@type\":\"SearchAction\",\"target\":{\"@type\":\"EntryPoint\",\"urlTemplate\":\"https:\/\/aivlisoft.net\/shop\/?s={search_term_string}\"},\"query-input\":{\"@type\":\"PropertyValueSpecification\",\"valueRequired\":true,\"valueName\":\"search_term_string\"}}],\"inLanguage\":\"es\"},{\"@type\":\"Organization\",\"@id\":\"https:\/\/aivlisoft.net\/shop\/#organization\",\"name\":\"Aivlisoft Inform\u00e1tica\",\"url\":\"https:\/\/aivlisoft.net\/shop\/\",\"logo\":{\"@type\":\"ImageObject\",\"inLanguage\":\"es\",\"@id\":\"https:\/\/aivlisoft.net\/shop\/#\/schema\/logo\/image\/\",\"url\":\"https:\/\/aivlisoft.net\/shop\/wp-content\/uploads\/2024\/12\/removal.ai_5b848c54-0cdf-4140-95c5-c5536bb7573b-logodef.png\",\"contentUrl\":\"https:\/\/aivlisoft.net\/shop\/wp-content\/uploads\/2024\/12\/removal.ai_5b848c54-0cdf-4140-95c5-c5536bb7573b-logodef.png\",\"width\":484,\"height\":182,\"caption\":\"Aivlisoft Inform\u00e1tica\"},\"image\":{\"@id\":\"https:\/\/aivlisoft.net\/shop\/#\/schema\/logo\/image\/\"}}]}<\/script>\n<!-- \/ Yoast SEO plugin. -->","yoast_head_json":{"title":"ASUS Placa Base PRIME H610M-K D4 mATX LGA1700 - Aivlisoft Inform\u00e1tica","robots":{"index":"index","follow":"follow","max-snippet":"max-snippet:-1","max-image-preview":"max-image-preview:large","max-video-preview":"max-video-preview:-1"},"canonical":"https:\/\/aivlisoft.net\/shop\/producto\/asus-placa-base-prime-h610m-k-d4-matx-lga1700\/","og_locale":"es_ES","og_type":"article","og_title":"ASUS Placa Base PRIME H610M-K D4 mATX LGA1700 - Aivlisoft Inform\u00e1tica","og_description":"Marca Asus Modelo 90MB1A10-M0EAY0 Plataforma &#8211; mATX (23.4 cm x 20.3 cm) Chipset &#8211; Intel&reg; H610 Chipset CPU Soportados &#8211; Admite procesadores Intel&reg; Core&trade;, Pentium Gold y Celeron de 12&ordf; generaci&oacute;n &#8211; Z&oacute;calo del procesador LGA1700 Memoria &#8211; 2 x DIMM, Max. 64GB, DDR4 DDR4 3200\/3000\/2933\/2800\/2666\/2400\/2133 Non-ECC, Un-buffered Memory* &#8211; Dual Channel Memory Architecture &#8211;&hellip;&nbsp;ASUS Placa Base PRIME H610M-K D4 mATX LGA1700","og_url":"https:\/\/aivlisoft.net\/shop\/producto\/asus-placa-base-prime-h610m-k-d4-matx-lga1700\/","og_site_name":"Aivlisoft Inform\u00e1tica","article_modified_time":"2025-01-14T11:18:45+00:00","og_image":[{"width":800,"height":800,"url":"https:\/\/aivlisoft.net\/shop\/wp-content\/uploads\/2025\/01\/IPBPIB0022_800.jpg","type":"image\/jpeg"}],"twitter_card":"summary_large_image","twitter_misc":{"Tiempo de lectura":"2 minutos"},"schema":{"@context":"https:\/\/schema.org","@graph":[{"@type":"WebPage","@id":"https:\/\/aivlisoft.net\/shop\/producto\/asus-placa-base-prime-h610m-k-d4-matx-lga1700\/","url":"https:\/\/aivlisoft.net\/shop\/producto\/asus-placa-base-prime-h610m-k-d4-matx-lga1700\/","name":"ASUS Placa Base PRIME H610M-K D4 mATX LGA1700 - Aivlisoft Inform\u00e1tica","isPartOf":{"@id":"https:\/\/aivlisoft.net\/shop\/#website"},"primaryImageOfPage":{"@id":"https:\/\/aivlisoft.net\/shop\/producto\/asus-placa-base-prime-h610m-k-d4-matx-lga1700\/#primaryimage"},"image":{"@id":"https:\/\/aivlisoft.net\/shop\/producto\/asus-placa-base-prime-h610m-k-d4-matx-lga1700\/#primaryimage"},"thumbnailUrl":"https:\/\/aivlisoft.net\/shop\/wp-content\/uploads\/2025\/01\/IPBPIB0022_800.jpg","datePublished":"2025-01-13T14:47:15+00:00","dateModified":"2025-01-14T11:18:45+00:00","breadcrumb":{"@id":"https:\/\/aivlisoft.net\/shop\/producto\/asus-placa-base-prime-h610m-k-d4-matx-lga1700\/#breadcrumb"},"inLanguage":"es","potentialAction":[{"@type":"ReadAction","target":["https:\/\/aivlisoft.net\/shop\/producto\/asus-placa-base-prime-h610m-k-d4-matx-lga1700\/"]}]},{"@type":"ImageObject","inLanguage":"es","@id":"https:\/\/aivlisoft.net\/shop\/producto\/asus-placa-base-prime-h610m-k-d4-matx-lga1700\/#primaryimage","url":"https:\/\/aivlisoft.net\/shop\/wp-content\/uploads\/2025\/01\/IPBPIB0022_800.jpg","contentUrl":"https:\/\/aivlisoft.net\/shop\/wp-content\/uploads\/2025\/01\/IPBPIB0022_800.jpg","width":800,"height":800},{"@type":"BreadcrumbList","@id":"https:\/\/aivlisoft.net\/shop\/producto\/asus-placa-base-prime-h610m-k-d4-matx-lga1700\/#breadcrumb","itemListElement":[{"@type":"ListItem","position":1,"name":"Portada","item":"https:\/\/aivlisoft.net\/shop\/"},{"@type":"ListItem","position":2,"name":"Tienda","item":"https:\/\/aivlisoft.net\/shop\/tienda\/"},{"@type":"ListItem","position":3,"name":"ASUS Placa Base PRIME H610M-K D4 mATX LGA1700"}]},{"@type":"WebSite","@id":"https:\/\/aivlisoft.net\/shop\/#website","url":"https:\/\/aivlisoft.net\/shop\/","name":"Aivlisoft Inform\u00e1tica","description":"En Aivlisoft Inform\u00e1tica ofrecemos soluciones tecnol\u00f3gicas para empresas: venta de ordenadores, consumibles, perif\u00e9ricos y m\u00e1s. Calidad, atenci\u00f3n personalizada y los mejores precios para tu negocio.","publisher":{"@id":"https:\/\/aivlisoft.net\/shop\/#organization"},"potentialAction":[{"@type":"SearchAction","target":{"@type":"EntryPoint","urlTemplate":"https:\/\/aivlisoft.net\/shop\/?s={search_term_string}"},"query-input":{"@type":"PropertyValueSpecification","valueRequired":true,"valueName":"search_term_string"}}],"inLanguage":"es"},{"@type":"Organization","@id":"https:\/\/aivlisoft.net\/shop\/#organization","name":"Aivlisoft Inform\u00e1tica","url":"https:\/\/aivlisoft.net\/shop\/","logo":{"@type":"ImageObject","inLanguage":"es","@id":"https:\/\/aivlisoft.net\/shop\/#\/schema\/logo\/image\/","url":"https:\/\/aivlisoft.net\/shop\/wp-content\/uploads\/2024\/12\/removal.ai_5b848c54-0cdf-4140-95c5-c5536bb7573b-logodef.png","contentUrl":"https:\/\/aivlisoft.net\/shop\/wp-content\/uploads\/2024\/12\/removal.ai_5b848c54-0cdf-4140-95c5-c5536bb7573b-logodef.png","width":484,"height":182,"caption":"Aivlisoft Inform\u00e1tica"},"image":{"@id":"https:\/\/aivlisoft.net\/shop\/#\/schema\/logo\/image\/"}}]}},"_links":{"self":[{"href":"https:\/\/aivlisoft.net\/shop\/wp-json\/wp\/v2\/product\/14795","targetHints":{"allow":["GET"]}}],"collection":[{"href":"https:\/\/aivlisoft.net\/shop\/wp-json\/wp\/v2\/product"}],"about":[{"href":"https:\/\/aivlisoft.net\/shop\/wp-json\/wp\/v2\/types\/product"}],"wp:featuredmedia":[{"embeddable":true,"href":"https:\/\/aivlisoft.net\/shop\/wp-json\/wp\/v2\/media\/14796"}],"wp:attachment":[{"href":"https:\/\/aivlisoft.net\/shop\/wp-json\/wp\/v2\/media?parent=14795"}],"wp:term":[{"taxonomy":"product_brand","embeddable":true,"href":"https:\/\/aivlisoft.net\/shop\/wp-json\/wp\/v2\/product_brand?post=14795"},{"taxonomy":"product_cat","embeddable":true,"href":"https:\/\/aivlisoft.net\/shop\/wp-json\/wp\/v2\/product_cat?post=14795"},{"taxonomy":"product_tag","embeddable":true,"href":"https:\/\/aivlisoft.net\/shop\/wp-json\/wp\/v2\/product_tag?post=14795"}],"curies":[{"name":"wp","href":"https:\/\/api.w.org\/{rel}","templated":true}]}}