{"id":14765,"date":"2025-01-13T14:46:58","date_gmt":"2025-01-13T14:46:58","guid":{"rendered":"https:\/\/aivlisoft.com\/?post_type=product&#038;p=14765"},"modified":"2025-01-14T11:18:37","modified_gmt":"2025-01-14T11:18:37","slug":"asus-placa-base-prime-h510m-a-r2-0-matx-lga1200","status":"publish","type":"product","link":"https:\/\/aivlisoft.net\/shop\/producto\/asus-placa-base-prime-h510m-a-r2-0-matx-lga1200\/","title":{"rendered":"Asus Placa Base PRIME H510M-A R2.0  mATX LGA1200"},"content":{"rendered":"<p><\/p>\n<table class=\"tabla_caracteristicas k-table\" width=\"100%\">\n<tr>\n<td valign=\"top\"><strong>Marca<\/strong><\/td>\n<td>Asus<\/td>\n<\/tr>\n<tr>\n<td valign=\"top\"><strong>Modelo<\/strong><\/td>\n<td><strong>90MB1FP0-M0EAY0<\/strong><\/td>\n<\/tr>\n<tr>\n<td valign=\"top\"><strong>Plataforma<\/strong><\/td>\n<td>&#8211; mATX (22.6 cm x 21.1 cm)<\/td>\n<\/tr>\n<tr>\n<td valign=\"top\"><strong>Chipset<\/strong><\/td>\n<td>&#8211; Intel H470<\/td>\n<\/tr>\n<tr>\n<td valign=\"top\"><strong>CPU<\/strong><strong> Soportados<\/strong><\/td>\n<td>&#8211; Intel Socket LGA1200 para procesadores Intel Core de 11.&ordf; generaci&oacute;n e Intel Core, Pentium Gold y Celeron de 10.&ordf; generaci&oacute;n<br \/>\t\t\t&#8211; Procesadores*<br \/>\t\t\t&#8211; Compatible con CPU Intel de 14 nm<br \/>\t\t\t&#8211; Compatible con la tecnolog&iacute;a Intel Turbo Boost 2.0 y la tecnolog&iacute;a Intel Turbo Boost Max 3.0**<br \/>\t\t\t*Consulte www.asus.com para obtener la lista de soporte de CPU.<br \/>\t\t\t** La compatibilidad con Intel Turbo Boost Max Technology 3.0 depende de los tipos de CPU.<\/td>\n<\/tr>\n<tr>\n<td valign=\"top\"><strong>Memoria<\/strong><\/td>\n<td>&#8211; 2 x DIMM (Dual Channel) Max. 64GB DDR4 32 3200(OC)\/3000(OC)\/2933\/2800\/2666\/2400\/2133 MHz Non-ECC, Un-buffered Memory*<br \/>\t\t\t&#8211; Dual Channel Memory Architecture<br \/>\t\t\t&#8211; Soporta Intel Extreme Memory Profile (XMP)<br \/>\t\t\t*Los procesadores Intel Core i7\/i9 de 10.&ordf; generaci&oacute;n admiten 2933\/2800\/2666\/2400\/2133 de forma nativa; otros funcionar&aacute;n a la velocidad de transferencia m&aacute;xima de DDR4 2666.<br \/>\t\t\t*Los procesadores Intel de 11.&ordf; generaci&oacute;n admiten 3200(OC)\/3000(OC)\/2933\/2800\/2666\/2400\/2133.<br \/>\t\t\t*Los tipos de memoria admitidos, la velocidad de datos (velocidad) y la cantidad de m&oacute;dulos DRAM var&iacute;an seg&uacute;n la configuraci&oacute;n de la CPU y la memoria.<br \/>\t\t\t*Para obtener m&aacute;s informaci&oacute;n, consulte la lista de soporte de CPU\/memoria en la pesta&ntilde;a Soporte del sitio de informaci&oacute;n del producto o visite https:\/\/ www.asus.com\/support\/.<\/td>\n<\/tr>\n<tr>\n<td valign=\"top\">\n<div><strong>Slots Expansi&oacute;n<\/strong><\/div>\n<\/td>\n<td><strong>Procesadores Intel de 11.&ordf; y 10.&ordf; generaci&oacute;n<\/strong><br \/>\t\t\t&#8211; 1 x ranura PCIe 4.0\/3.0 x16<br \/>\t\t\t&nbsp; Los procesadores Intel de 11.&ordf; generaci&oacute;n admiten PCIe 4.0 x16<br \/>\t\t\t&nbsp; Los procesadores Intel de 10.&ordf; generaci&oacute;n admiten PCIe 3.0 x16<br \/>\t\t\t<strong>Conjunto de chips Intel H470<\/strong><br \/>\t\t\t&#8211; 2 x ranuras PCIe 3.0 x1<\/td>\n<\/tr>\n<tr>\n<td valign=\"top\"><strong>Gr&aacute;ficos<\/strong><\/td>\n<td>&#8211; 1 x DIsplayPort 1.4<br \/>\t\t\t&#8211; 1 x VGA<br \/>\t\t\t&#8211; 1 x HDMI 2.1<\/td>\n<\/tr>\n<tr>\n<td valign=\"top\">\n<div><strong>Puertos E\/S, <\/strong><\/div>\n<div><strong>Conectores<\/strong><\/div>\n<div>&nbsp;<\/div>\n<\/td>\n<td>\n<div>\n<div><strong>Conectores Internos E\/S <\/strong><\/div>\n<\/p><\/div>\n<p>\t\t\t&#8211; Relacionados con ventiladores y refrigeraci&oacute;n<br \/>\t\t\t&nbsp; 1 x cabezal de ventilador de CPU de 4 pines.<br \/>\t\t\t&nbsp; 2 x cabezales de ventilador de chasis de 4 pines<br \/>\t\t\t&#8211; Relacionado con el poder<br \/>\t\t\t&nbsp; 1 x conector de alimentaci&oacute;n principal de 24 pines<br \/>\t\t\t&nbsp; 1 x conector de alimentaci&oacute;n de 8 pines +12 V<br \/>\t\t\t&#8211; Relacionado con el almacenamiento<br \/>\t\t\t&nbsp; 1 x ranura M.2 (tecla M)<br \/>\t\t\t&nbsp; 4 x puertos SATA de 6 Gb\/s<br \/>\t\t\t&#8211; USB<br \/>\t\t\t&nbsp; 1 x conector USB 3.2 Gen 1 (5G) que admite 2 puertos USB 3.2 Gen 1 adicionales<br \/>\t\t\t&nbsp; 2 x cabezales USB 2.0 que admiten 4 puertos USB 2.0 adicionales<br \/>\t\t\t&nbsp; 1 x soporte de cabezal USB 2.0 1 puerto USB 2.0 adicional<br \/>\t\t\t&#8211; Varios<br \/>\t\t\t&nbsp; 2 x cabezal AURA direccionables Gen 2<br \/>\t\t\t&nbsp; 2 x cabezales AURA RGB<br \/>\t\t\t&nbsp; 1 x cabezal CMOS transparente<br \/>\t\t\t&nbsp; 1 x cabezal de puerto COM<br \/>\t\t\t&nbsp; 1 x cabezal de audio del panel frontal (AAFP)<br \/>\t\t\t&nbsp; 1 x cabezal de salida S\/PDIF<br \/>\t\t\t&nbsp; 1 x cabezal de altavoz<br \/>\t\t\t&nbsp; 1 x cabezal SPI TPM (14-1 pines)<br \/>\t\t\t&nbsp; 1 x cabezal del panel del sistema de 10-1 pines\t\t\t<\/p>\n<div>\n<div><strong>Panel E\/S Trasero<\/strong><\/div>\n<\/p><\/div>\n<p>\t\t\t&#8211; 4 x puertos USB 3.2 Gen 1 (5G) (2 x Tipo A)<br \/>\t\t\t&#8211; 2 x puertos USB 2.0 (4 x Tipo-A)<br \/>\t\t\t&#8211; 1 x puerto DisplayPort<br \/>\t\t\t&#8211; 1 x puerto VGA<br \/>\t\t\t&#8211; 1 x puerto HDMI<br \/>\t\t\t&#8211; 1 x puerto Ethernet Realtek de 1 Gb<br \/>\t\t\t&#8211; 3 x conectores de audio<br \/>\t\t\t&#8211; 1 x puerto de teclado PS\/2 (p&uacute;rpura)<br \/>\t\t\t&#8211; 1 x puerto de mouse PS\/2 (verde)<\/td>\n<\/tr>\n<tr>\n<td valign=\"top\">\n<div><strong>Otras <\/strong><\/div>\n<div><strong>Caracter&iacute;sticas<\/strong><\/div>\n<\/td>\n<td><strong>Audio<\/strong><br \/>\t\t\t&#8211; CODEC de audio de alta definici&oacute;n con sonido envolvente Realtek 7.1:<br \/>\t\t\t&nbsp; Admite: detecci&oacute;n de jack, transmisi&oacute;n m&uacute;ltiple, reasignaci&oacute;n de jack en el panel frontal<br \/>\t\t\t&nbsp; Admite reproducci&oacute;n de hasta 24 bits\/192 kHz<br \/>\t\t\t&#8211; Funciones de audio:<br \/>\t\t\t&nbsp; Blindaje de audio<br \/>\t\t\t&nbsp; Condensadores de audio premium<br \/>\t\t\t&nbsp; Capas de PCB de audio dedicadas<br \/>\t\t\t* Se requiere un chasis con un m&oacute;dulo de audio HD en el panel frontal para admitir la salida de audio de sonido envolvente 7.1.<br \/>\t\t\t<strong>LAN<\/strong><br \/>\t\t\t&#8211; 1 x Realtek 1Gb Ethernet<br \/>\t\t\t<strong>Almacenamiento<\/strong><br \/>\t\t\t&#8211; 1 x M.2 slot (Key M), type 2242\/2260\/2280 (PCIe 3.0 x4 &amp; SATA modes)<br \/>\t\t\t&#8211; 4 x SATA 6Gb\/s<br \/>\t\t\t<strong>USB<\/strong><br \/>\t\t\t&#8211; 4 x puertos USB 3.2 Gen 1 (5G) (4 x Tipo-A)<br \/>\t\t\t&#8211; 2 x puertos USB 2.0 (2 x Tipo-A)<br \/>\t\t\t&#8211; 1 x conector USB 3.2 Gen 1 (5G) que admite 2 puertos USB 3.2 Gen 1 adicionales<br \/>\t\t\t&#8211; 2 x cabezales USB 2.0 que admiten 4 puertos USB 2.0 adicionales<br \/>\t\t\t&#8211; 1 x soporte de encabezado USB 2.0 1 puerto USB 2.0 adicional<br \/>\t\t\t<strong>Sistema Operativo<\/strong><br \/>\t\t\t&#8211; Soporte para Windows 10 64-bit<\/td>\n<\/tr>\n<tr>\n<td valign=\"top\"><strong>Fecha Revisi&oacute;n<\/strong><\/td>\n<td>08-02-2024 por RTY<\/td>\n<\/tr>\n<\/table>\n","protected":false},"excerpt":{"rendered":"<p>Marca Asus Modelo 90MB1FP0-M0EAY0 Plataforma &#8211; mATX (22.6 cm x 21.1 cm) Chipset &#8211; Intel H470 CPU Soportados &#8211; Intel Socket LGA1200 para procesadores Intel Core de 11.&ordf; generaci&oacute;n e Intel Core, Pentium Gold y Celeron de 10.&ordf; generaci&oacute;n &#8211; Procesadores* &#8211; Compatible con CPU Intel de 14 nm &#8211; Compatible con la tecnolog&iacute;a Intel&hellip;&nbsp;<a href=\"https:\/\/aivlisoft.net\/shop\/producto\/asus-placa-base-prime-h510m-a-r2-0-matx-lga1200\/\" rel=\"bookmark\"><span class=\"screen-reader-text\">Asus Placa Base PRIME H510M-A R2.0  mATX LGA1200<\/span><\/a><\/p>\n","protected":false},"featured_media":14766,"template":"","meta":{"neve_meta_sidebar":"","neve_meta_container":"","neve_meta_enable_content_width":"","neve_meta_content_width":0,"neve_meta_title_alignment":"","neve_meta_author_avatar":"","neve_post_elements_order":"","neve_meta_disable_header":"","neve_meta_disable_footer":"","neve_meta_disable_title":""},"product_brand":[],"product_cat":[8749],"product_tag":[5665],"class_list":{"0":"post-14765","1":"product","2":"type-product","3":"status-publish","4":"has-post-thumbnail","6":"product_cat-intel-socket-1200","7":"product_tag-90mb1fp0-m0eay0","9":"first","10":"instock","11":"taxable","12":"shipping-taxable","13":"purchasable","14":"product-type-simple"},"yoast_head":"<!-- This site is optimized with the Yoast SEO plugin v26.0 - https:\/\/yoast.com\/wordpress\/plugins\/seo\/ -->\n<title>Asus Placa Base PRIME H510M-A R2.0 mATX LGA1200 - Aivlisoft Inform\u00e1tica<\/title>\n<meta name=\"robots\" content=\"index, follow, max-snippet:-1, max-image-preview:large, max-video-preview:-1\" \/>\n<link rel=\"canonical\" href=\"https:\/\/aivlisoft.net\/shop\/producto\/asus-placa-base-prime-h510m-a-r2-0-matx-lga1200\/\" \/>\n<meta property=\"og:locale\" content=\"es_ES\" \/>\n<meta property=\"og:type\" content=\"article\" \/>\n<meta property=\"og:title\" content=\"Asus Placa Base PRIME H510M-A R2.0 mATX LGA1200 - Aivlisoft Inform\u00e1tica\" \/>\n<meta property=\"og:description\" content=\"Marca Asus Modelo 90MB1FP0-M0EAY0 Plataforma &#8211; mATX (22.6 cm x 21.1 cm) Chipset &#8211; Intel H470 CPU Soportados &#8211; Intel Socket LGA1200 para procesadores Intel Core de 11.&ordf; generaci&oacute;n e Intel Core, Pentium Gold y Celeron de 10.&ordf; generaci&oacute;n &#8211; Procesadores* &#8211; Compatible con CPU Intel de 14 nm &#8211; Compatible con la tecnolog&iacute;a Intel&hellip;&nbsp;Asus Placa Base PRIME H510M-A R2.0 mATX LGA1200\" \/>\n<meta property=\"og:url\" content=\"https:\/\/aivlisoft.net\/shop\/producto\/asus-placa-base-prime-h510m-a-r2-0-matx-lga1200\/\" \/>\n<meta property=\"og:site_name\" content=\"Aivlisoft Inform\u00e1tica\" \/>\n<meta property=\"article:modified_time\" content=\"2025-01-14T11:18:37+00:00\" \/>\n<meta property=\"og:image\" content=\"https:\/\/aivlisoft.net\/shop\/wp-content\/uploads\/2025\/01\/IPBPI80130_800.jpg\" \/>\n\t<meta property=\"og:image:width\" content=\"800\" \/>\n\t<meta property=\"og:image:height\" content=\"800\" \/>\n\t<meta property=\"og:image:type\" content=\"image\/jpeg\" \/>\n<meta name=\"twitter:card\" content=\"summary_large_image\" \/>\n<meta name=\"twitter:label1\" content=\"Tiempo de lectura\" \/>\n\t<meta name=\"twitter:data1\" content=\"4 minutos\" \/>\n<script type=\"application\/ld+json\" class=\"yoast-schema-graph\">{\"@context\":\"https:\/\/schema.org\",\"@graph\":[{\"@type\":\"WebPage\",\"@id\":\"https:\/\/aivlisoft.net\/shop\/producto\/asus-placa-base-prime-h510m-a-r2-0-matx-lga1200\/\",\"url\":\"https:\/\/aivlisoft.net\/shop\/producto\/asus-placa-base-prime-h510m-a-r2-0-matx-lga1200\/\",\"name\":\"Asus Placa Base PRIME H510M-A R2.0 mATX LGA1200 - Aivlisoft Inform\u00e1tica\",\"isPartOf\":{\"@id\":\"https:\/\/aivlisoft.net\/shop\/#website\"},\"primaryImageOfPage\":{\"@id\":\"https:\/\/aivlisoft.net\/shop\/producto\/asus-placa-base-prime-h510m-a-r2-0-matx-lga1200\/#primaryimage\"},\"image\":{\"@id\":\"https:\/\/aivlisoft.net\/shop\/producto\/asus-placa-base-prime-h510m-a-r2-0-matx-lga1200\/#primaryimage\"},\"thumbnailUrl\":\"https:\/\/aivlisoft.net\/shop\/wp-content\/uploads\/2025\/01\/IPBPI80130_800.jpg\",\"datePublished\":\"2025-01-13T14:46:58+00:00\",\"dateModified\":\"2025-01-14T11:18:37+00:00\",\"breadcrumb\":{\"@id\":\"https:\/\/aivlisoft.net\/shop\/producto\/asus-placa-base-prime-h510m-a-r2-0-matx-lga1200\/#breadcrumb\"},\"inLanguage\":\"es\",\"potentialAction\":[{\"@type\":\"ReadAction\",\"target\":[\"https:\/\/aivlisoft.net\/shop\/producto\/asus-placa-base-prime-h510m-a-r2-0-matx-lga1200\/\"]}]},{\"@type\":\"ImageObject\",\"inLanguage\":\"es\",\"@id\":\"https:\/\/aivlisoft.net\/shop\/producto\/asus-placa-base-prime-h510m-a-r2-0-matx-lga1200\/#primaryimage\",\"url\":\"https:\/\/aivlisoft.net\/shop\/wp-content\/uploads\/2025\/01\/IPBPI80130_800.jpg\",\"contentUrl\":\"https:\/\/aivlisoft.net\/shop\/wp-content\/uploads\/2025\/01\/IPBPI80130_800.jpg\",\"width\":800,\"height\":800},{\"@type\":\"BreadcrumbList\",\"@id\":\"https:\/\/aivlisoft.net\/shop\/producto\/asus-placa-base-prime-h510m-a-r2-0-matx-lga1200\/#breadcrumb\",\"itemListElement\":[{\"@type\":\"ListItem\",\"position\":1,\"name\":\"Portada\",\"item\":\"https:\/\/aivlisoft.net\/shop\/\"},{\"@type\":\"ListItem\",\"position\":2,\"name\":\"Tienda\",\"item\":\"https:\/\/aivlisoft.net\/shop\/tienda\/\"},{\"@type\":\"ListItem\",\"position\":3,\"name\":\"Asus Placa Base PRIME H510M-A R2.0 mATX LGA1200\"}]},{\"@type\":\"WebSite\",\"@id\":\"https:\/\/aivlisoft.net\/shop\/#website\",\"url\":\"https:\/\/aivlisoft.net\/shop\/\",\"name\":\"Aivlisoft Inform\u00e1tica\",\"description\":\"En Aivlisoft Inform\u00e1tica ofrecemos soluciones tecnol\u00f3gicas para empresas: venta de ordenadores, consumibles, perif\u00e9ricos y m\u00e1s. Calidad, atenci\u00f3n personalizada y los mejores precios para tu negocio.\",\"publisher\":{\"@id\":\"https:\/\/aivlisoft.net\/shop\/#organization\"},\"potentialAction\":[{\"@type\":\"SearchAction\",\"target\":{\"@type\":\"EntryPoint\",\"urlTemplate\":\"https:\/\/aivlisoft.net\/shop\/?s={search_term_string}\"},\"query-input\":{\"@type\":\"PropertyValueSpecification\",\"valueRequired\":true,\"valueName\":\"search_term_string\"}}],\"inLanguage\":\"es\"},{\"@type\":\"Organization\",\"@id\":\"https:\/\/aivlisoft.net\/shop\/#organization\",\"name\":\"Aivlisoft Inform\u00e1tica\",\"url\":\"https:\/\/aivlisoft.net\/shop\/\",\"logo\":{\"@type\":\"ImageObject\",\"inLanguage\":\"es\",\"@id\":\"https:\/\/aivlisoft.net\/shop\/#\/schema\/logo\/image\/\",\"url\":\"https:\/\/aivlisoft.net\/shop\/wp-content\/uploads\/2024\/12\/removal.ai_5b848c54-0cdf-4140-95c5-c5536bb7573b-logodef.png\",\"contentUrl\":\"https:\/\/aivlisoft.net\/shop\/wp-content\/uploads\/2024\/12\/removal.ai_5b848c54-0cdf-4140-95c5-c5536bb7573b-logodef.png\",\"width\":484,\"height\":182,\"caption\":\"Aivlisoft Inform\u00e1tica\"},\"image\":{\"@id\":\"https:\/\/aivlisoft.net\/shop\/#\/schema\/logo\/image\/\"}}]}<\/script>\n<!-- \/ Yoast SEO plugin. -->","yoast_head_json":{"title":"Asus Placa Base PRIME H510M-A R2.0 mATX LGA1200 - Aivlisoft Inform\u00e1tica","robots":{"index":"index","follow":"follow","max-snippet":"max-snippet:-1","max-image-preview":"max-image-preview:large","max-video-preview":"max-video-preview:-1"},"canonical":"https:\/\/aivlisoft.net\/shop\/producto\/asus-placa-base-prime-h510m-a-r2-0-matx-lga1200\/","og_locale":"es_ES","og_type":"article","og_title":"Asus Placa Base PRIME H510M-A R2.0 mATX LGA1200 - Aivlisoft Inform\u00e1tica","og_description":"Marca Asus Modelo 90MB1FP0-M0EAY0 Plataforma &#8211; mATX (22.6 cm x 21.1 cm) Chipset &#8211; Intel H470 CPU Soportados &#8211; Intel Socket LGA1200 para procesadores Intel Core de 11.&ordf; generaci&oacute;n e Intel Core, Pentium Gold y Celeron de 10.&ordf; generaci&oacute;n &#8211; Procesadores* &#8211; Compatible con CPU Intel de 14 nm &#8211; Compatible con la tecnolog&iacute;a Intel&hellip;&nbsp;Asus Placa Base PRIME H510M-A R2.0 mATX LGA1200","og_url":"https:\/\/aivlisoft.net\/shop\/producto\/asus-placa-base-prime-h510m-a-r2-0-matx-lga1200\/","og_site_name":"Aivlisoft Inform\u00e1tica","article_modified_time":"2025-01-14T11:18:37+00:00","og_image":[{"width":800,"height":800,"url":"https:\/\/aivlisoft.net\/shop\/wp-content\/uploads\/2025\/01\/IPBPI80130_800.jpg","type":"image\/jpeg"}],"twitter_card":"summary_large_image","twitter_misc":{"Tiempo de lectura":"4 minutos"},"schema":{"@context":"https:\/\/schema.org","@graph":[{"@type":"WebPage","@id":"https:\/\/aivlisoft.net\/shop\/producto\/asus-placa-base-prime-h510m-a-r2-0-matx-lga1200\/","url":"https:\/\/aivlisoft.net\/shop\/producto\/asus-placa-base-prime-h510m-a-r2-0-matx-lga1200\/","name":"Asus Placa Base PRIME H510M-A R2.0 mATX LGA1200 - Aivlisoft Inform\u00e1tica","isPartOf":{"@id":"https:\/\/aivlisoft.net\/shop\/#website"},"primaryImageOfPage":{"@id":"https:\/\/aivlisoft.net\/shop\/producto\/asus-placa-base-prime-h510m-a-r2-0-matx-lga1200\/#primaryimage"},"image":{"@id":"https:\/\/aivlisoft.net\/shop\/producto\/asus-placa-base-prime-h510m-a-r2-0-matx-lga1200\/#primaryimage"},"thumbnailUrl":"https:\/\/aivlisoft.net\/shop\/wp-content\/uploads\/2025\/01\/IPBPI80130_800.jpg","datePublished":"2025-01-13T14:46:58+00:00","dateModified":"2025-01-14T11:18:37+00:00","breadcrumb":{"@id":"https:\/\/aivlisoft.net\/shop\/producto\/asus-placa-base-prime-h510m-a-r2-0-matx-lga1200\/#breadcrumb"},"inLanguage":"es","potentialAction":[{"@type":"ReadAction","target":["https:\/\/aivlisoft.net\/shop\/producto\/asus-placa-base-prime-h510m-a-r2-0-matx-lga1200\/"]}]},{"@type":"ImageObject","inLanguage":"es","@id":"https:\/\/aivlisoft.net\/shop\/producto\/asus-placa-base-prime-h510m-a-r2-0-matx-lga1200\/#primaryimage","url":"https:\/\/aivlisoft.net\/shop\/wp-content\/uploads\/2025\/01\/IPBPI80130_800.jpg","contentUrl":"https:\/\/aivlisoft.net\/shop\/wp-content\/uploads\/2025\/01\/IPBPI80130_800.jpg","width":800,"height":800},{"@type":"BreadcrumbList","@id":"https:\/\/aivlisoft.net\/shop\/producto\/asus-placa-base-prime-h510m-a-r2-0-matx-lga1200\/#breadcrumb","itemListElement":[{"@type":"ListItem","position":1,"name":"Portada","item":"https:\/\/aivlisoft.net\/shop\/"},{"@type":"ListItem","position":2,"name":"Tienda","item":"https:\/\/aivlisoft.net\/shop\/tienda\/"},{"@type":"ListItem","position":3,"name":"Asus Placa Base PRIME H510M-A R2.0 mATX LGA1200"}]},{"@type":"WebSite","@id":"https:\/\/aivlisoft.net\/shop\/#website","url":"https:\/\/aivlisoft.net\/shop\/","name":"Aivlisoft Inform\u00e1tica","description":"En Aivlisoft Inform\u00e1tica ofrecemos soluciones tecnol\u00f3gicas para empresas: venta de ordenadores, consumibles, perif\u00e9ricos y m\u00e1s. Calidad, atenci\u00f3n personalizada y los mejores precios para tu negocio.","publisher":{"@id":"https:\/\/aivlisoft.net\/shop\/#organization"},"potentialAction":[{"@type":"SearchAction","target":{"@type":"EntryPoint","urlTemplate":"https:\/\/aivlisoft.net\/shop\/?s={search_term_string}"},"query-input":{"@type":"PropertyValueSpecification","valueRequired":true,"valueName":"search_term_string"}}],"inLanguage":"es"},{"@type":"Organization","@id":"https:\/\/aivlisoft.net\/shop\/#organization","name":"Aivlisoft Inform\u00e1tica","url":"https:\/\/aivlisoft.net\/shop\/","logo":{"@type":"ImageObject","inLanguage":"es","@id":"https:\/\/aivlisoft.net\/shop\/#\/schema\/logo\/image\/","url":"https:\/\/aivlisoft.net\/shop\/wp-content\/uploads\/2024\/12\/removal.ai_5b848c54-0cdf-4140-95c5-c5536bb7573b-logodef.png","contentUrl":"https:\/\/aivlisoft.net\/shop\/wp-content\/uploads\/2024\/12\/removal.ai_5b848c54-0cdf-4140-95c5-c5536bb7573b-logodef.png","width":484,"height":182,"caption":"Aivlisoft Inform\u00e1tica"},"image":{"@id":"https:\/\/aivlisoft.net\/shop\/#\/schema\/logo\/image\/"}}]}},"_links":{"self":[{"href":"https:\/\/aivlisoft.net\/shop\/wp-json\/wp\/v2\/product\/14765","targetHints":{"allow":["GET"]}}],"collection":[{"href":"https:\/\/aivlisoft.net\/shop\/wp-json\/wp\/v2\/product"}],"about":[{"href":"https:\/\/aivlisoft.net\/shop\/wp-json\/wp\/v2\/types\/product"}],"wp:featuredmedia":[{"embeddable":true,"href":"https:\/\/aivlisoft.net\/shop\/wp-json\/wp\/v2\/media\/14766"}],"wp:attachment":[{"href":"https:\/\/aivlisoft.net\/shop\/wp-json\/wp\/v2\/media?parent=14765"}],"wp:term":[{"taxonomy":"product_brand","embeddable":true,"href":"https:\/\/aivlisoft.net\/shop\/wp-json\/wp\/v2\/product_brand?post=14765"},{"taxonomy":"product_cat","embeddable":true,"href":"https:\/\/aivlisoft.net\/shop\/wp-json\/wp\/v2\/product_cat?post=14765"},{"taxonomy":"product_tag","embeddable":true,"href":"https:\/\/aivlisoft.net\/shop\/wp-json\/wp\/v2\/product_tag?post=14765"}],"curies":[{"name":"wp","href":"https:\/\/api.w.org\/{rel}","templated":true}]}}