{"id":14760,"date":"2025-01-13T14:46:55","date_gmt":"2025-01-13T14:46:55","guid":{"rendered":"https:\/\/aivlisoft.com\/?post_type=product&#038;p=14760"},"modified":"2025-01-14T11:18:36","modified_gmt":"2025-01-14T11:18:36","slug":"biostar-placa-base-z590mhp-matx-lga1200","status":"publish","type":"product","link":"https:\/\/aivlisoft.net\/shop\/producto\/biostar-placa-base-z590mhp-matx-lga1200\/","title":{"rendered":"Biostar Placa Base Z590MHP  mATX LGA1200"},"content":{"rendered":"<p><\/p>\n<table class=\"tabla_caracteristicas k-table\" width=\"100%\">\n<tr>\n<td valign=\"top\"><strong>Marca<\/strong><\/td>\n<td>Biostar<\/td>\n<\/tr>\n<tr>\n<td valign=\"top\"><strong>Modelo<\/strong><\/td>\n<td><strong>Z590MHP<\/strong><\/td>\n<\/tr>\n<tr>\n<td valign=\"top\"><strong>Plataforma<\/strong><\/td>\n<td>&#8211; Micro ATX : (18.5cm x 22.6 cm)<\/td>\n<\/tr>\n<tr>\n<td valign=\"top\"><strong>Chipset<\/strong><\/td>\n<td>&#8211; Intel Z590<\/td>\n<\/tr>\n<tr>\n<td valign=\"top\"><strong>CPU<\/strong><\/td>\n<td>&#8211; Socket 1200 para procesadores Intel Core, Pentium y Celeron de 10.&ordf; y 11.&ordf; generaci&oacute;n<br \/>\t\t\t* Consulte www.biostar.com.tw para ver la lista de soporte de CPU.<\/td>\n<\/tr>\n<tr>\n<td valign=\"top\"><strong>Memoria <\/strong><\/td>\n<td>&#8211; Compatible con dos canales <strong>DDR4<\/strong> 4000(OC)\/ 3866(OC)\/ 3800(OC)\/ 3733(OC)\/ 3600(OC)\/ 3200\/ 2933\/ 2800\/ 2666\/ 2400\/ 2133<br \/>\t\t\t&#8211; 2 x ranuras de memoria DIMM DDR4, m&aacute;x. Admite hasta 64 GB de memoria<br \/>\t\t\t&#8211; Cada DIMM es compatible con m&oacute;dulos DDR4 de 4\/8\/16\/32 GB sin ECC<\/td>\n<\/tr>\n<tr>\n<td valign=\"top\"><strong>Slots Expansi&oacute;n <\/strong><\/td>\n<td>&#8211; 2 x PCIe 3.0 x1 Slot<br \/>\t\t\t&#8211; 1 x PCle 3.0\/4.0 x16 Slot ( x 16 mode)<br \/>\t\t\t* El PCle 4.0 solo depende de las CPU de Rocket Lake.<\/td>\n<\/tr>\n<tr>\n<td valign=\"top\">\n<div><strong>Puertos E\/S,<\/strong><\/div>\n<div><strong>Conectores<\/strong><\/div>\n<\/td>\n<td><strong>Internos<\/strong><br \/>\t\t\t&#8211; 4 x conectores SATA III (6 Gb\/s)<br \/>\t\t\t&#8211; 1 x cabezal USB 3.2 (Gen1) (cada encabezado admite 2 puertos USB 3.2 (Gen1))<br \/>\t\t\t&#8211; 1 x cabezal USB 2.0. (cada encabezado admite 2 puertos USB 2.0)<br \/>\t\t\t&#8211; 1 x conector de alimentaci&oacute;n de 8 pines<br \/>\t\t\t&#8211; 1 x conector de alimentaci&oacute;n de 24 pines<br \/>\t\t\t&#8211; 1 x conector para ventilador de CPU<br \/>\t\t\t&#8211; 1 x conector de ventilador del sistema<br \/>\t\t\t&#8211; 1 x encabezado del panel frontal<br \/>\t\t\t&#8211; 1 x encabezado de audio frontal<br \/>\t\t\t&#8211; 1 x encabezado CMOS transparente<br \/>\t\t\t&#8211; 1 x encabezado de puerto COM<br \/>\t\t\t<strong>Traseros<\/strong><br \/>\t\t\t&#8211; 1 x teclado PS\/2<br \/>\t\t\t&#8211; 1 x rat&oacute;n PS\/2<br \/>\t\t\t&#8211; 1 x puerto HDMI (HDMI1.4)<br \/>\t\t\t&#8211; 1 x puerto VGA<br \/>\t\t\t&#8211; 2 x puertos USB 3.2 (Gen1)<br \/>\t\t\t&#8211; 4 x puertos USB 2.0<br \/>\t\t\t&#8211; 1 x puerto LAN<br \/>\t\t\t&#8211; 3 x conectores de audio<\/td>\n<\/tr>\n<tr>\n<td valign=\"top\">\n<div><strong>Otras <\/strong><\/div>\n<div><strong>Caracter&iacute;sticas<\/strong><\/div>\n<\/td>\n<td><strong>Almacenamiento<\/strong><br \/>\t\t\t&#8211; 4 x conectores SATA III (6 Gb\/s): Admite AHCI, RAID 0, 1, 5, 10 y tecnolog&iacute;a Intel Rapid Storage<br \/>\t\t\t&#8211; 1 x conector M.2 (llave M):<br \/>\t\t\t&nbsp; Admite m&oacute;dulo SSD M.2 tipo 2242\/2260\/2280.<br \/>\t\t\t&nbsp; Admite SSD PCIe 3.0 x4 (32 Gb\/s) y SATA III (6 Gb\/s)<br \/>\t\t\t* Cuando se utiliza el m&oacute;dulo SSD SATA en la ranura PCIE-M2_1, el conector SATA_1 se desactivar&aacute;.<br \/>\t\t\t* Las especificaciones var&iacute;an seg&uacute;n el tipo de CPU<br \/>\t\t\t<strong>LAN<\/strong><br \/>\t\t\t&#8211; Intel I219V 10\/ 100\/ 1000 Mb\/s, capacidad Half \/ Full Duplex<br \/>\t\t\t<strong>Audio<\/strong><br \/>\t\t\t&#8211; Realtek ALC897&nbsp; 7.1 canales, audio de alta definici&oacute;n<br \/>\t\t\t<strong>USB<\/strong><br \/>\t\t\t&#8211; 4 x USB 3.2 (Gen1)<br \/>\t\t\t&#8211; 6 x USB 2.0<br \/>\t\t\t<strong>SO soportados<\/strong><br \/>\t\t\t&#8211; Soporte para Windows 10 (64bit) \/ 11 (64bit)<\/td>\n<\/tr>\n<tr>\n<td valign=\"top\"><strong>Fecha Revisi&oacute;n<\/strong><\/td>\n<td>09-02-2024 por RTY<\/td>\n<\/tr>\n<\/table>\n<p><br class=\"k-br\"><\/p>\n<p>&nbsp;<\/p>\n","protected":false},"excerpt":{"rendered":"<p>Marca Biostar Modelo Z590MHP Plataforma &#8211; Micro ATX : (18.5cm x 22.6 cm) Chipset &#8211; Intel Z590 CPU &#8211; Socket 1200 para procesadores Intel Core, Pentium y Celeron de 10.&ordf; y 11.&ordf; generaci&oacute;n * Consulte www.biostar.com.tw para ver la lista de soporte de CPU. Memoria &#8211; Compatible con dos canales DDR4 4000(OC)\/ 3866(OC)\/ 3800(OC)\/ 3733(OC)\/&hellip;&nbsp;<a href=\"https:\/\/aivlisoft.net\/shop\/producto\/biostar-placa-base-z590mhp-matx-lga1200\/\" rel=\"bookmark\"><span class=\"screen-reader-text\">Biostar Placa Base Z590MHP  mATX LGA1200<\/span><\/a><\/p>\n","protected":false},"featured_media":14761,"template":"","meta":{"neve_meta_sidebar":"","neve_meta_container":"","neve_meta_enable_content_width":"","neve_meta_content_width":0,"neve_meta_title_alignment":"","neve_meta_author_avatar":"","neve_post_elements_order":"","neve_meta_disable_header":"","neve_meta_disable_footer":"","neve_meta_disable_title":""},"product_brand":[],"product_cat":[8749],"product_tag":[5664],"class_list":{"0":"post-14760","1":"product","2":"type-product","3":"status-publish","4":"has-post-thumbnail","6":"product_cat-intel-socket-1200","7":"product_tag-z590mhp","9":"first","10":"instock","11":"taxable","12":"shipping-taxable","13":"purchasable","14":"product-type-simple"},"yoast_head":"<!-- This site is optimized with the Yoast SEO plugin v26.0 - https:\/\/yoast.com\/wordpress\/plugins\/seo\/ -->\n<title>Biostar Placa Base Z590MHP mATX LGA1200 - Aivlisoft Inform\u00e1tica<\/title>\n<meta name=\"robots\" content=\"index, follow, max-snippet:-1, max-image-preview:large, max-video-preview:-1\" \/>\n<link rel=\"canonical\" href=\"https:\/\/aivlisoft.net\/shop\/producto\/biostar-placa-base-z590mhp-matx-lga1200\/\" \/>\n<meta property=\"og:locale\" content=\"es_ES\" \/>\n<meta property=\"og:type\" content=\"article\" \/>\n<meta property=\"og:title\" content=\"Biostar Placa Base Z590MHP mATX LGA1200 - Aivlisoft Inform\u00e1tica\" \/>\n<meta property=\"og:description\" content=\"Marca Biostar Modelo Z590MHP Plataforma &#8211; Micro ATX : (18.5cm x 22.6 cm) Chipset &#8211; Intel Z590 CPU &#8211; Socket 1200 para procesadores Intel Core, Pentium y Celeron de 10.&ordf; y 11.&ordf; generaci&oacute;n * Consulte www.biostar.com.tw para ver la lista de soporte de CPU. Memoria &#8211; Compatible con dos canales DDR4 4000(OC)\/ 3866(OC)\/ 3800(OC)\/ 3733(OC)\/&hellip;&nbsp;Biostar Placa Base Z590MHP mATX LGA1200\" \/>\n<meta property=\"og:url\" content=\"https:\/\/aivlisoft.net\/shop\/producto\/biostar-placa-base-z590mhp-matx-lga1200\/\" \/>\n<meta property=\"og:site_name\" content=\"Aivlisoft Inform\u00e1tica\" \/>\n<meta property=\"article:modified_time\" content=\"2025-01-14T11:18:36+00:00\" \/>\n<meta property=\"og:image\" content=\"https:\/\/aivlisoft.net\/shop\/wp-content\/uploads\/2025\/01\/IPBPI80129_800.jpg\" \/>\n\t<meta property=\"og:image:width\" content=\"800\" \/>\n\t<meta property=\"og:image:height\" content=\"800\" \/>\n\t<meta property=\"og:image:type\" content=\"image\/jpeg\" \/>\n<meta name=\"twitter:card\" content=\"summary_large_image\" \/>\n<meta name=\"twitter:label1\" content=\"Tiempo de lectura\" \/>\n\t<meta name=\"twitter:data1\" content=\"2 minutos\" \/>\n<script type=\"application\/ld+json\" class=\"yoast-schema-graph\">{\"@context\":\"https:\/\/schema.org\",\"@graph\":[{\"@type\":\"WebPage\",\"@id\":\"https:\/\/aivlisoft.net\/shop\/producto\/biostar-placa-base-z590mhp-matx-lga1200\/\",\"url\":\"https:\/\/aivlisoft.net\/shop\/producto\/biostar-placa-base-z590mhp-matx-lga1200\/\",\"name\":\"Biostar Placa Base Z590MHP mATX LGA1200 - Aivlisoft Inform\u00e1tica\",\"isPartOf\":{\"@id\":\"https:\/\/aivlisoft.net\/shop\/#website\"},\"primaryImageOfPage\":{\"@id\":\"https:\/\/aivlisoft.net\/shop\/producto\/biostar-placa-base-z590mhp-matx-lga1200\/#primaryimage\"},\"image\":{\"@id\":\"https:\/\/aivlisoft.net\/shop\/producto\/biostar-placa-base-z590mhp-matx-lga1200\/#primaryimage\"},\"thumbnailUrl\":\"https:\/\/aivlisoft.net\/shop\/wp-content\/uploads\/2025\/01\/IPBPI80129_800.jpg\",\"datePublished\":\"2025-01-13T14:46:55+00:00\",\"dateModified\":\"2025-01-14T11:18:36+00:00\",\"breadcrumb\":{\"@id\":\"https:\/\/aivlisoft.net\/shop\/producto\/biostar-placa-base-z590mhp-matx-lga1200\/#breadcrumb\"},\"inLanguage\":\"es\",\"potentialAction\":[{\"@type\":\"ReadAction\",\"target\":[\"https:\/\/aivlisoft.net\/shop\/producto\/biostar-placa-base-z590mhp-matx-lga1200\/\"]}]},{\"@type\":\"ImageObject\",\"inLanguage\":\"es\",\"@id\":\"https:\/\/aivlisoft.net\/shop\/producto\/biostar-placa-base-z590mhp-matx-lga1200\/#primaryimage\",\"url\":\"https:\/\/aivlisoft.net\/shop\/wp-content\/uploads\/2025\/01\/IPBPI80129_800.jpg\",\"contentUrl\":\"https:\/\/aivlisoft.net\/shop\/wp-content\/uploads\/2025\/01\/IPBPI80129_800.jpg\",\"width\":800,\"height\":800},{\"@type\":\"BreadcrumbList\",\"@id\":\"https:\/\/aivlisoft.net\/shop\/producto\/biostar-placa-base-z590mhp-matx-lga1200\/#breadcrumb\",\"itemListElement\":[{\"@type\":\"ListItem\",\"position\":1,\"name\":\"Portada\",\"item\":\"https:\/\/aivlisoft.net\/shop\/\"},{\"@type\":\"ListItem\",\"position\":2,\"name\":\"Tienda\",\"item\":\"https:\/\/aivlisoft.net\/shop\/tienda\/\"},{\"@type\":\"ListItem\",\"position\":3,\"name\":\"Biostar Placa Base Z590MHP mATX LGA1200\"}]},{\"@type\":\"WebSite\",\"@id\":\"https:\/\/aivlisoft.net\/shop\/#website\",\"url\":\"https:\/\/aivlisoft.net\/shop\/\",\"name\":\"Aivlisoft Inform\u00e1tica\",\"description\":\"En Aivlisoft Inform\u00e1tica ofrecemos soluciones tecnol\u00f3gicas para empresas: venta de ordenadores, consumibles, perif\u00e9ricos y m\u00e1s. Calidad, atenci\u00f3n personalizada y los mejores precios para tu negocio.\",\"publisher\":{\"@id\":\"https:\/\/aivlisoft.net\/shop\/#organization\"},\"potentialAction\":[{\"@type\":\"SearchAction\",\"target\":{\"@type\":\"EntryPoint\",\"urlTemplate\":\"https:\/\/aivlisoft.net\/shop\/?s={search_term_string}\"},\"query-input\":{\"@type\":\"PropertyValueSpecification\",\"valueRequired\":true,\"valueName\":\"search_term_string\"}}],\"inLanguage\":\"es\"},{\"@type\":\"Organization\",\"@id\":\"https:\/\/aivlisoft.net\/shop\/#organization\",\"name\":\"Aivlisoft Inform\u00e1tica\",\"url\":\"https:\/\/aivlisoft.net\/shop\/\",\"logo\":{\"@type\":\"ImageObject\",\"inLanguage\":\"es\",\"@id\":\"https:\/\/aivlisoft.net\/shop\/#\/schema\/logo\/image\/\",\"url\":\"https:\/\/aivlisoft.net\/shop\/wp-content\/uploads\/2024\/12\/removal.ai_5b848c54-0cdf-4140-95c5-c5536bb7573b-logodef.png\",\"contentUrl\":\"https:\/\/aivlisoft.net\/shop\/wp-content\/uploads\/2024\/12\/removal.ai_5b848c54-0cdf-4140-95c5-c5536bb7573b-logodef.png\",\"width\":484,\"height\":182,\"caption\":\"Aivlisoft Inform\u00e1tica\"},\"image\":{\"@id\":\"https:\/\/aivlisoft.net\/shop\/#\/schema\/logo\/image\/\"}}]}<\/script>\n<!-- \/ Yoast SEO plugin. -->","yoast_head_json":{"title":"Biostar Placa Base Z590MHP mATX LGA1200 - Aivlisoft Inform\u00e1tica","robots":{"index":"index","follow":"follow","max-snippet":"max-snippet:-1","max-image-preview":"max-image-preview:large","max-video-preview":"max-video-preview:-1"},"canonical":"https:\/\/aivlisoft.net\/shop\/producto\/biostar-placa-base-z590mhp-matx-lga1200\/","og_locale":"es_ES","og_type":"article","og_title":"Biostar Placa Base Z590MHP mATX LGA1200 - Aivlisoft Inform\u00e1tica","og_description":"Marca Biostar Modelo Z590MHP Plataforma &#8211; Micro ATX : (18.5cm x 22.6 cm) Chipset &#8211; Intel Z590 CPU &#8211; Socket 1200 para procesadores Intel Core, Pentium y Celeron de 10.&ordf; y 11.&ordf; generaci&oacute;n * Consulte www.biostar.com.tw para ver la lista de soporte de CPU. Memoria &#8211; Compatible con dos canales DDR4 4000(OC)\/ 3866(OC)\/ 3800(OC)\/ 3733(OC)\/&hellip;&nbsp;Biostar Placa Base Z590MHP mATX LGA1200","og_url":"https:\/\/aivlisoft.net\/shop\/producto\/biostar-placa-base-z590mhp-matx-lga1200\/","og_site_name":"Aivlisoft Inform\u00e1tica","article_modified_time":"2025-01-14T11:18:36+00:00","og_image":[{"width":800,"height":800,"url":"https:\/\/aivlisoft.net\/shop\/wp-content\/uploads\/2025\/01\/IPBPI80129_800.jpg","type":"image\/jpeg"}],"twitter_card":"summary_large_image","twitter_misc":{"Tiempo de lectura":"2 minutos"},"schema":{"@context":"https:\/\/schema.org","@graph":[{"@type":"WebPage","@id":"https:\/\/aivlisoft.net\/shop\/producto\/biostar-placa-base-z590mhp-matx-lga1200\/","url":"https:\/\/aivlisoft.net\/shop\/producto\/biostar-placa-base-z590mhp-matx-lga1200\/","name":"Biostar Placa Base Z590MHP mATX LGA1200 - Aivlisoft Inform\u00e1tica","isPartOf":{"@id":"https:\/\/aivlisoft.net\/shop\/#website"},"primaryImageOfPage":{"@id":"https:\/\/aivlisoft.net\/shop\/producto\/biostar-placa-base-z590mhp-matx-lga1200\/#primaryimage"},"image":{"@id":"https:\/\/aivlisoft.net\/shop\/producto\/biostar-placa-base-z590mhp-matx-lga1200\/#primaryimage"},"thumbnailUrl":"https:\/\/aivlisoft.net\/shop\/wp-content\/uploads\/2025\/01\/IPBPI80129_800.jpg","datePublished":"2025-01-13T14:46:55+00:00","dateModified":"2025-01-14T11:18:36+00:00","breadcrumb":{"@id":"https:\/\/aivlisoft.net\/shop\/producto\/biostar-placa-base-z590mhp-matx-lga1200\/#breadcrumb"},"inLanguage":"es","potentialAction":[{"@type":"ReadAction","target":["https:\/\/aivlisoft.net\/shop\/producto\/biostar-placa-base-z590mhp-matx-lga1200\/"]}]},{"@type":"ImageObject","inLanguage":"es","@id":"https:\/\/aivlisoft.net\/shop\/producto\/biostar-placa-base-z590mhp-matx-lga1200\/#primaryimage","url":"https:\/\/aivlisoft.net\/shop\/wp-content\/uploads\/2025\/01\/IPBPI80129_800.jpg","contentUrl":"https:\/\/aivlisoft.net\/shop\/wp-content\/uploads\/2025\/01\/IPBPI80129_800.jpg","width":800,"height":800},{"@type":"BreadcrumbList","@id":"https:\/\/aivlisoft.net\/shop\/producto\/biostar-placa-base-z590mhp-matx-lga1200\/#breadcrumb","itemListElement":[{"@type":"ListItem","position":1,"name":"Portada","item":"https:\/\/aivlisoft.net\/shop\/"},{"@type":"ListItem","position":2,"name":"Tienda","item":"https:\/\/aivlisoft.net\/shop\/tienda\/"},{"@type":"ListItem","position":3,"name":"Biostar Placa Base Z590MHP mATX LGA1200"}]},{"@type":"WebSite","@id":"https:\/\/aivlisoft.net\/shop\/#website","url":"https:\/\/aivlisoft.net\/shop\/","name":"Aivlisoft Inform\u00e1tica","description":"En Aivlisoft Inform\u00e1tica ofrecemos soluciones tecnol\u00f3gicas para empresas: venta de ordenadores, consumibles, perif\u00e9ricos y m\u00e1s. Calidad, atenci\u00f3n personalizada y los mejores precios para tu negocio.","publisher":{"@id":"https:\/\/aivlisoft.net\/shop\/#organization"},"potentialAction":[{"@type":"SearchAction","target":{"@type":"EntryPoint","urlTemplate":"https:\/\/aivlisoft.net\/shop\/?s={search_term_string}"},"query-input":{"@type":"PropertyValueSpecification","valueRequired":true,"valueName":"search_term_string"}}],"inLanguage":"es"},{"@type":"Organization","@id":"https:\/\/aivlisoft.net\/shop\/#organization","name":"Aivlisoft Inform\u00e1tica","url":"https:\/\/aivlisoft.net\/shop\/","logo":{"@type":"ImageObject","inLanguage":"es","@id":"https:\/\/aivlisoft.net\/shop\/#\/schema\/logo\/image\/","url":"https:\/\/aivlisoft.net\/shop\/wp-content\/uploads\/2024\/12\/removal.ai_5b848c54-0cdf-4140-95c5-c5536bb7573b-logodef.png","contentUrl":"https:\/\/aivlisoft.net\/shop\/wp-content\/uploads\/2024\/12\/removal.ai_5b848c54-0cdf-4140-95c5-c5536bb7573b-logodef.png","width":484,"height":182,"caption":"Aivlisoft Inform\u00e1tica"},"image":{"@id":"https:\/\/aivlisoft.net\/shop\/#\/schema\/logo\/image\/"}}]}},"_links":{"self":[{"href":"https:\/\/aivlisoft.net\/shop\/wp-json\/wp\/v2\/product\/14760","targetHints":{"allow":["GET"]}}],"collection":[{"href":"https:\/\/aivlisoft.net\/shop\/wp-json\/wp\/v2\/product"}],"about":[{"href":"https:\/\/aivlisoft.net\/shop\/wp-json\/wp\/v2\/types\/product"}],"wp:featuredmedia":[{"embeddable":true,"href":"https:\/\/aivlisoft.net\/shop\/wp-json\/wp\/v2\/media\/14761"}],"wp:attachment":[{"href":"https:\/\/aivlisoft.net\/shop\/wp-json\/wp\/v2\/media?parent=14760"}],"wp:term":[{"taxonomy":"product_brand","embeddable":true,"href":"https:\/\/aivlisoft.net\/shop\/wp-json\/wp\/v2\/product_brand?post=14760"},{"taxonomy":"product_cat","embeddable":true,"href":"https:\/\/aivlisoft.net\/shop\/wp-json\/wp\/v2\/product_cat?post=14760"},{"taxonomy":"product_tag","embeddable":true,"href":"https:\/\/aivlisoft.net\/shop\/wp-json\/wp\/v2\/product_tag?post=14760"}],"curies":[{"name":"wp","href":"https:\/\/api.w.org\/{rel}","templated":true}]}}