{"id":14753,"date":"2025-01-13T14:46:52","date_gmt":"2025-01-13T14:46:52","guid":{"rendered":"https:\/\/aivlisoft.com\/?post_type=product&#038;p=14753"},"modified":"2025-01-14T11:18:34","modified_gmt":"2025-01-14T11:18:34","slug":"asus-placa-base-prime-h510m-r-2-0-matx-lga1200","status":"publish","type":"product","link":"https:\/\/aivlisoft.net\/shop\/producto\/asus-placa-base-prime-h510m-r-2-0-matx-lga1200\/","title":{"rendered":"Asus Placa Base PRIME H510M-R 2.0 mATX LGA1200"},"content":{"rendered":"<p><\/p>\n<table class=\"tabla_caracteristicas k-table\" width=\"100%\">\n<tr>\n<td valign=\"top\"><strong>Marca<\/strong><\/td>\n<td>Asus<\/td>\n<\/tr>\n<tr>\n<td valign=\"top\"><strong>Modelo<\/strong><\/td>\n<td><strong>90MB1EX0-M0ECY0<\/strong><\/td>\n<\/tr>\n<tr>\n<td valign=\"top\"><strong>Plataforma<\/strong><\/td>\n<td>&#8211; mATX (18,8 cm x 21,3 cm)<\/td>\n<\/tr>\n<tr>\n<td valign=\"top\"><strong>Chipset<\/strong><\/td>\n<td>&#8211; Intel H510<\/td>\n<\/tr>\n<tr>\n<td valign=\"top\"><strong>CPU<\/strong><br \/>\t\t\t<strong>Soportados<\/strong><\/td>\n<td>&#8211; Z&oacute;calo del procesador: Z&oacute;calo LGA1200<br \/>\t\t\t&#8211; Procesadores compatibles: Intel Core de 11.&ordf; generaci&oacute;n y procesadores Intel Core , Pentium Gold y Celeron de 10.&ordf; generaci&oacute;n.<br \/>\t\t\t* Consulte www.asus.com para ver la lista de soporte de CPU<\/td>\n<\/tr>\n<tr>\n<td valign=\"top\"><strong>Memoria<\/strong><\/td>\n<td>&#8211; 2 x DIMM, Max. 64GB, DDR4&nbsp; 3200(OC)\/3000(OC)\/2933\/2800\/2666\/2400\/2133 Memoria sin b&uacute;fer, sin ECC<br \/>\t\t\t&#8211; Arquitectura de memoria de doble canal<\/td>\n<\/tr>\n<tr>\n<td valign=\"top\"><strong>Gr&aacute;ficos<\/strong><\/td>\n<td>&#8211; 1 x D-Sub<br \/>\t\t\t&#8211; 1 x HDMI 2.0<br \/>\t\t\t*Las especificaciones gr&aacute;ficas pueden variar entre los tipos de CPU. Consulte www.intel.com para obtener actualizaciones.<\/td>\n<\/tr>\n<tr>\n<td valign=\"top\">\n<div><strong>Slots Expansi&oacute;n<\/strong><\/div>\n<\/td>\n<td>&#8211; 1 x PCIe Gen 3.x<br \/>\t\t\t&#8211; 1 x PCIe x16 Gen 4.x<\/td>\n<\/tr>\n<tr>\n<td valign=\"top\">\n<div><strong>Puertos E\/S, <\/strong><\/div>\n<div><strong>Conectores<\/strong><\/div>\n<div>&nbsp;<\/div>\n<\/td>\n<td>\n<div>\n<div><strong>Conectores Internos E\/S <\/strong><\/div>\n<\/p><\/div>\n<p>\t\t\t&#8211; 2 x USB 2.0<br \/>\t\t\t&#8211; 1 x USB 3.2 gen1<br \/>\t\t\t&#8211; 4 x Conectores SATA III<br \/>\t\t\t&#8211; 1 x Conector EATX<br \/>\t\t\t&#8211; 1 x Conector de ventilador<br \/>\t\t\t&#8211; Conector de audio en panel frontal<br \/>\t\t\t&#8211; Conector de panel delantero<br \/>\t\t\t&#8211; Conector de potencia ATX (24 pines)<br \/>\t\t\t&#8211; Conector de ventilador CPU<br \/>\t\t\t&#8211; Conector TPM<br \/>\t\t\t&#8211; Conector paralelo<br \/>\t\t\t&#8211; Conector el&eacute;ctrico de 12 V\t\t\t<\/p>\n<div>\n<div><strong>Panel E\/S Trasero<\/strong><\/div>\n<\/p><\/div>\n<p>\t\t\t&#8211; 2 x USB 2.0<br \/>\t\t\t&#8211; 2 x USB 3.2 Tipo A (Gen 1)<br \/>\t\t\t&#8211; 1 x Ethernet LAN (RJ-45)<br \/>\t\t\t&#8211; 2 x Puerto de rat&oacute;n PS\/2<br \/>\t\t\t&#8211; 1 x VGA (D-Sub)<br \/>\t\t\t&#8211; 1 x HDMI<br \/>\t\t\t&#8211; 1 x DVI-D<br \/>\t\t\t&#8211; 3 x Salida de auriculares<br \/>\t\t\t&#8211; 1 x Entrada de Jack \/ micr&oacute;fono<\/td>\n<\/tr>\n<tr>\n<td valign=\"top\">\n<div><strong>Otras <\/strong><\/div>\n<div><strong>Caracter&iacute;sticas<\/strong><\/div>\n<\/td>\n<td><strong>Almacenamiento<\/strong><br \/>\t\t\t&#8211; 4 x SATA III<br \/>\t\t\t<strong>USB<\/strong><br \/>\t\t\t&#8211; 4 x USB trasero<br \/>\t\t\t&#8211; 6 x USB frontal<br \/>\t\t\t<strong>LAN<\/strong>\t\t\t<\/p>\n<div class=\"TechSpec__rowTable__1LR9D\">\n<div class=\"TechSpec__rowTableTitle__3GLj4\">\n<div class=\"TechSpec__rowTableItems__KYWXp\" style=\"flex-basis: 924px;\">&#8211; 1 x Intel I219-V 1Gb Ethernet<\/div>\n<\/p><\/div>\n<\/p><\/div>\n<p>\t\t\t<strong>Audio<\/strong><br \/>\t\t\t&#8211; Realtek ALC897\/887 7.1 Surround Sound High Definition Audio CODEC<\/td>\n<\/tr>\n<tr>\n<td valign=\"top\"><strong>Fecha Revisi&oacute;n<\/strong><\/td>\n<td>14-11-2023 por RTY<\/td>\n<\/tr>\n<\/table>\n","protected":false},"excerpt":{"rendered":"<p>Marca Asus Modelo 90MB1EX0-M0ECY0 Plataforma &#8211; mATX (18,8 cm x 21,3 cm) Chipset &#8211; Intel H510 CPU Soportados &#8211; Z&oacute;calo del procesador: Z&oacute;calo LGA1200 &#8211; Procesadores compatibles: Intel Core de 11.&ordf; generaci&oacute;n y procesadores Intel Core , Pentium Gold y Celeron de 10.&ordf; generaci&oacute;n. * Consulte www.asus.com para ver la lista de soporte de CPU&hellip;&nbsp;<a href=\"https:\/\/aivlisoft.net\/shop\/producto\/asus-placa-base-prime-h510m-r-2-0-matx-lga1200\/\" rel=\"bookmark\"><span class=\"screen-reader-text\">Asus Placa Base PRIME H510M-R 2.0 mATX LGA1200<\/span><\/a><\/p>\n","protected":false},"featured_media":14754,"template":"","meta":{"neve_meta_sidebar":"","neve_meta_container":"","neve_meta_enable_content_width":"","neve_meta_content_width":0,"neve_meta_title_alignment":"","neve_meta_author_avatar":"","neve_post_elements_order":"","neve_meta_disable_header":"","neve_meta_disable_footer":"","neve_meta_disable_title":""},"product_brand":[],"product_cat":[8749],"product_tag":[5662],"class_list":{"0":"post-14753","1":"product","2":"type-product","3":"status-publish","4":"has-post-thumbnail","6":"product_cat-intel-socket-1200","7":"product_tag-90mb1ex0-m0ecy0","9":"first","10":"instock","11":"taxable","12":"shipping-taxable","13":"purchasable","14":"product-type-simple"},"yoast_head":"<!-- This site is optimized with the Yoast SEO plugin v26.0 - https:\/\/yoast.com\/wordpress\/plugins\/seo\/ -->\n<title>Asus Placa Base PRIME H510M-R 2.0 mATX LGA1200 - Aivlisoft Inform\u00e1tica<\/title>\n<meta name=\"robots\" content=\"index, follow, max-snippet:-1, max-image-preview:large, max-video-preview:-1\" \/>\n<link rel=\"canonical\" href=\"https:\/\/aivlisoft.net\/shop\/producto\/asus-placa-base-prime-h510m-r-2-0-matx-lga1200\/\" \/>\n<meta property=\"og:locale\" content=\"es_ES\" \/>\n<meta property=\"og:type\" content=\"article\" \/>\n<meta property=\"og:title\" content=\"Asus Placa Base PRIME H510M-R 2.0 mATX LGA1200 - Aivlisoft Inform\u00e1tica\" \/>\n<meta property=\"og:description\" content=\"Marca Asus Modelo 90MB1EX0-M0ECY0 Plataforma &#8211; mATX (18,8 cm x 21,3 cm) Chipset &#8211; Intel H510 CPU Soportados &#8211; Z&oacute;calo del procesador: Z&oacute;calo LGA1200 &#8211; Procesadores compatibles: Intel Core de 11.&ordf; generaci&oacute;n y procesadores Intel Core , Pentium Gold y Celeron de 10.&ordf; generaci&oacute;n. * Consulte www.asus.com para ver la lista de soporte de CPU&hellip;&nbsp;Asus Placa Base PRIME H510M-R 2.0 mATX LGA1200\" \/>\n<meta property=\"og:url\" content=\"https:\/\/aivlisoft.net\/shop\/producto\/asus-placa-base-prime-h510m-r-2-0-matx-lga1200\/\" \/>\n<meta property=\"og:site_name\" content=\"Aivlisoft Inform\u00e1tica\" \/>\n<meta property=\"article:modified_time\" content=\"2025-01-14T11:18:34+00:00\" \/>\n<meta property=\"og:image\" content=\"https:\/\/aivlisoft.net\/shop\/wp-content\/uploads\/2025\/01\/IPBPI80126_800.jpg\" \/>\n\t<meta property=\"og:image:width\" content=\"800\" \/>\n\t<meta property=\"og:image:height\" content=\"800\" \/>\n\t<meta property=\"og:image:type\" content=\"image\/jpeg\" \/>\n<meta name=\"twitter:card\" content=\"summary_large_image\" \/>\n<meta name=\"twitter:label1\" content=\"Tiempo de lectura\" \/>\n\t<meta name=\"twitter:data1\" content=\"1 minuto\" \/>\n<script type=\"application\/ld+json\" class=\"yoast-schema-graph\">{\"@context\":\"https:\/\/schema.org\",\"@graph\":[{\"@type\":\"WebPage\",\"@id\":\"https:\/\/aivlisoft.net\/shop\/producto\/asus-placa-base-prime-h510m-r-2-0-matx-lga1200\/\",\"url\":\"https:\/\/aivlisoft.net\/shop\/producto\/asus-placa-base-prime-h510m-r-2-0-matx-lga1200\/\",\"name\":\"Asus Placa Base PRIME H510M-R 2.0 mATX LGA1200 - Aivlisoft Inform\u00e1tica\",\"isPartOf\":{\"@id\":\"https:\/\/aivlisoft.net\/shop\/#website\"},\"primaryImageOfPage\":{\"@id\":\"https:\/\/aivlisoft.net\/shop\/producto\/asus-placa-base-prime-h510m-r-2-0-matx-lga1200\/#primaryimage\"},\"image\":{\"@id\":\"https:\/\/aivlisoft.net\/shop\/producto\/asus-placa-base-prime-h510m-r-2-0-matx-lga1200\/#primaryimage\"},\"thumbnailUrl\":\"https:\/\/aivlisoft.net\/shop\/wp-content\/uploads\/2025\/01\/IPBPI80126_800.jpg\",\"datePublished\":\"2025-01-13T14:46:52+00:00\",\"dateModified\":\"2025-01-14T11:18:34+00:00\",\"breadcrumb\":{\"@id\":\"https:\/\/aivlisoft.net\/shop\/producto\/asus-placa-base-prime-h510m-r-2-0-matx-lga1200\/#breadcrumb\"},\"inLanguage\":\"es\",\"potentialAction\":[{\"@type\":\"ReadAction\",\"target\":[\"https:\/\/aivlisoft.net\/shop\/producto\/asus-placa-base-prime-h510m-r-2-0-matx-lga1200\/\"]}]},{\"@type\":\"ImageObject\",\"inLanguage\":\"es\",\"@id\":\"https:\/\/aivlisoft.net\/shop\/producto\/asus-placa-base-prime-h510m-r-2-0-matx-lga1200\/#primaryimage\",\"url\":\"https:\/\/aivlisoft.net\/shop\/wp-content\/uploads\/2025\/01\/IPBPI80126_800.jpg\",\"contentUrl\":\"https:\/\/aivlisoft.net\/shop\/wp-content\/uploads\/2025\/01\/IPBPI80126_800.jpg\",\"width\":800,\"height\":800},{\"@type\":\"BreadcrumbList\",\"@id\":\"https:\/\/aivlisoft.net\/shop\/producto\/asus-placa-base-prime-h510m-r-2-0-matx-lga1200\/#breadcrumb\",\"itemListElement\":[{\"@type\":\"ListItem\",\"position\":1,\"name\":\"Portada\",\"item\":\"https:\/\/aivlisoft.net\/shop\/\"},{\"@type\":\"ListItem\",\"position\":2,\"name\":\"Tienda\",\"item\":\"https:\/\/aivlisoft.net\/shop\/tienda\/\"},{\"@type\":\"ListItem\",\"position\":3,\"name\":\"Asus Placa Base PRIME H510M-R 2.0 mATX LGA1200\"}]},{\"@type\":\"WebSite\",\"@id\":\"https:\/\/aivlisoft.net\/shop\/#website\",\"url\":\"https:\/\/aivlisoft.net\/shop\/\",\"name\":\"Aivlisoft Inform\u00e1tica\",\"description\":\"En Aivlisoft Inform\u00e1tica ofrecemos soluciones tecnol\u00f3gicas para empresas: venta de ordenadores, consumibles, perif\u00e9ricos y m\u00e1s. Calidad, atenci\u00f3n personalizada y los mejores precios para tu negocio.\",\"publisher\":{\"@id\":\"https:\/\/aivlisoft.net\/shop\/#organization\"},\"potentialAction\":[{\"@type\":\"SearchAction\",\"target\":{\"@type\":\"EntryPoint\",\"urlTemplate\":\"https:\/\/aivlisoft.net\/shop\/?s={search_term_string}\"},\"query-input\":{\"@type\":\"PropertyValueSpecification\",\"valueRequired\":true,\"valueName\":\"search_term_string\"}}],\"inLanguage\":\"es\"},{\"@type\":\"Organization\",\"@id\":\"https:\/\/aivlisoft.net\/shop\/#organization\",\"name\":\"Aivlisoft Inform\u00e1tica\",\"url\":\"https:\/\/aivlisoft.net\/shop\/\",\"logo\":{\"@type\":\"ImageObject\",\"inLanguage\":\"es\",\"@id\":\"https:\/\/aivlisoft.net\/shop\/#\/schema\/logo\/image\/\",\"url\":\"https:\/\/aivlisoft.net\/shop\/wp-content\/uploads\/2024\/12\/removal.ai_5b848c54-0cdf-4140-95c5-c5536bb7573b-logodef.png\",\"contentUrl\":\"https:\/\/aivlisoft.net\/shop\/wp-content\/uploads\/2024\/12\/removal.ai_5b848c54-0cdf-4140-95c5-c5536bb7573b-logodef.png\",\"width\":484,\"height\":182,\"caption\":\"Aivlisoft Inform\u00e1tica\"},\"image\":{\"@id\":\"https:\/\/aivlisoft.net\/shop\/#\/schema\/logo\/image\/\"}}]}<\/script>\n<!-- \/ Yoast SEO plugin. -->","yoast_head_json":{"title":"Asus Placa Base PRIME H510M-R 2.0 mATX LGA1200 - Aivlisoft Inform\u00e1tica","robots":{"index":"index","follow":"follow","max-snippet":"max-snippet:-1","max-image-preview":"max-image-preview:large","max-video-preview":"max-video-preview:-1"},"canonical":"https:\/\/aivlisoft.net\/shop\/producto\/asus-placa-base-prime-h510m-r-2-0-matx-lga1200\/","og_locale":"es_ES","og_type":"article","og_title":"Asus Placa Base PRIME H510M-R 2.0 mATX LGA1200 - Aivlisoft Inform\u00e1tica","og_description":"Marca Asus Modelo 90MB1EX0-M0ECY0 Plataforma &#8211; mATX (18,8 cm x 21,3 cm) Chipset &#8211; Intel H510 CPU Soportados &#8211; Z&oacute;calo del procesador: Z&oacute;calo LGA1200 &#8211; Procesadores compatibles: Intel Core de 11.&ordf; generaci&oacute;n y procesadores Intel Core , Pentium Gold y Celeron de 10.&ordf; generaci&oacute;n. * Consulte www.asus.com para ver la lista de soporte de CPU&hellip;&nbsp;Asus Placa Base PRIME H510M-R 2.0 mATX LGA1200","og_url":"https:\/\/aivlisoft.net\/shop\/producto\/asus-placa-base-prime-h510m-r-2-0-matx-lga1200\/","og_site_name":"Aivlisoft Inform\u00e1tica","article_modified_time":"2025-01-14T11:18:34+00:00","og_image":[{"width":800,"height":800,"url":"https:\/\/aivlisoft.net\/shop\/wp-content\/uploads\/2025\/01\/IPBPI80126_800.jpg","type":"image\/jpeg"}],"twitter_card":"summary_large_image","twitter_misc":{"Tiempo de lectura":"1 minuto"},"schema":{"@context":"https:\/\/schema.org","@graph":[{"@type":"WebPage","@id":"https:\/\/aivlisoft.net\/shop\/producto\/asus-placa-base-prime-h510m-r-2-0-matx-lga1200\/","url":"https:\/\/aivlisoft.net\/shop\/producto\/asus-placa-base-prime-h510m-r-2-0-matx-lga1200\/","name":"Asus Placa Base PRIME H510M-R 2.0 mATX LGA1200 - Aivlisoft Inform\u00e1tica","isPartOf":{"@id":"https:\/\/aivlisoft.net\/shop\/#website"},"primaryImageOfPage":{"@id":"https:\/\/aivlisoft.net\/shop\/producto\/asus-placa-base-prime-h510m-r-2-0-matx-lga1200\/#primaryimage"},"image":{"@id":"https:\/\/aivlisoft.net\/shop\/producto\/asus-placa-base-prime-h510m-r-2-0-matx-lga1200\/#primaryimage"},"thumbnailUrl":"https:\/\/aivlisoft.net\/shop\/wp-content\/uploads\/2025\/01\/IPBPI80126_800.jpg","datePublished":"2025-01-13T14:46:52+00:00","dateModified":"2025-01-14T11:18:34+00:00","breadcrumb":{"@id":"https:\/\/aivlisoft.net\/shop\/producto\/asus-placa-base-prime-h510m-r-2-0-matx-lga1200\/#breadcrumb"},"inLanguage":"es","potentialAction":[{"@type":"ReadAction","target":["https:\/\/aivlisoft.net\/shop\/producto\/asus-placa-base-prime-h510m-r-2-0-matx-lga1200\/"]}]},{"@type":"ImageObject","inLanguage":"es","@id":"https:\/\/aivlisoft.net\/shop\/producto\/asus-placa-base-prime-h510m-r-2-0-matx-lga1200\/#primaryimage","url":"https:\/\/aivlisoft.net\/shop\/wp-content\/uploads\/2025\/01\/IPBPI80126_800.jpg","contentUrl":"https:\/\/aivlisoft.net\/shop\/wp-content\/uploads\/2025\/01\/IPBPI80126_800.jpg","width":800,"height":800},{"@type":"BreadcrumbList","@id":"https:\/\/aivlisoft.net\/shop\/producto\/asus-placa-base-prime-h510m-r-2-0-matx-lga1200\/#breadcrumb","itemListElement":[{"@type":"ListItem","position":1,"name":"Portada","item":"https:\/\/aivlisoft.net\/shop\/"},{"@type":"ListItem","position":2,"name":"Tienda","item":"https:\/\/aivlisoft.net\/shop\/tienda\/"},{"@type":"ListItem","position":3,"name":"Asus Placa Base PRIME H510M-R 2.0 mATX LGA1200"}]},{"@type":"WebSite","@id":"https:\/\/aivlisoft.net\/shop\/#website","url":"https:\/\/aivlisoft.net\/shop\/","name":"Aivlisoft Inform\u00e1tica","description":"En Aivlisoft Inform\u00e1tica ofrecemos soluciones tecnol\u00f3gicas para empresas: venta de ordenadores, consumibles, perif\u00e9ricos y m\u00e1s. Calidad, atenci\u00f3n personalizada y los mejores precios para tu negocio.","publisher":{"@id":"https:\/\/aivlisoft.net\/shop\/#organization"},"potentialAction":[{"@type":"SearchAction","target":{"@type":"EntryPoint","urlTemplate":"https:\/\/aivlisoft.net\/shop\/?s={search_term_string}"},"query-input":{"@type":"PropertyValueSpecification","valueRequired":true,"valueName":"search_term_string"}}],"inLanguage":"es"},{"@type":"Organization","@id":"https:\/\/aivlisoft.net\/shop\/#organization","name":"Aivlisoft Inform\u00e1tica","url":"https:\/\/aivlisoft.net\/shop\/","logo":{"@type":"ImageObject","inLanguage":"es","@id":"https:\/\/aivlisoft.net\/shop\/#\/schema\/logo\/image\/","url":"https:\/\/aivlisoft.net\/shop\/wp-content\/uploads\/2024\/12\/removal.ai_5b848c54-0cdf-4140-95c5-c5536bb7573b-logodef.png","contentUrl":"https:\/\/aivlisoft.net\/shop\/wp-content\/uploads\/2024\/12\/removal.ai_5b848c54-0cdf-4140-95c5-c5536bb7573b-logodef.png","width":484,"height":182,"caption":"Aivlisoft Inform\u00e1tica"},"image":{"@id":"https:\/\/aivlisoft.net\/shop\/#\/schema\/logo\/image\/"}}]}},"_links":{"self":[{"href":"https:\/\/aivlisoft.net\/shop\/wp-json\/wp\/v2\/product\/14753","targetHints":{"allow":["GET"]}}],"collection":[{"href":"https:\/\/aivlisoft.net\/shop\/wp-json\/wp\/v2\/product"}],"about":[{"href":"https:\/\/aivlisoft.net\/shop\/wp-json\/wp\/v2\/types\/product"}],"wp:featuredmedia":[{"embeddable":true,"href":"https:\/\/aivlisoft.net\/shop\/wp-json\/wp\/v2\/media\/14754"}],"wp:attachment":[{"href":"https:\/\/aivlisoft.net\/shop\/wp-json\/wp\/v2\/media?parent=14753"}],"wp:term":[{"taxonomy":"product_brand","embeddable":true,"href":"https:\/\/aivlisoft.net\/shop\/wp-json\/wp\/v2\/product_brand?post=14753"},{"taxonomy":"product_cat","embeddable":true,"href":"https:\/\/aivlisoft.net\/shop\/wp-json\/wp\/v2\/product_cat?post=14753"},{"taxonomy":"product_tag","embeddable":true,"href":"https:\/\/aivlisoft.net\/shop\/wp-json\/wp\/v2\/product_tag?post=14753"}],"curies":[{"name":"wp","href":"https:\/\/api.w.org\/{rel}","templated":true}]}}