{"id":14733,"date":"2025-01-13T14:46:43","date_gmt":"2025-01-13T14:46:43","guid":{"rendered":"https:\/\/aivlisoft.com\/?post_type=product&#038;p=14733"},"modified":"2025-01-14T11:18:30","modified_gmt":"2025-01-14T11:18:30","slug":"biostar-placa-base-j4125nhu-mitx-cpu-integrada","status":"publish","type":"product","link":"https:\/\/aivlisoft.net\/shop\/producto\/biostar-placa-base-j4125nhu-mitx-cpu-integrada\/","title":{"rendered":"Biostar Placa Base J4125NHU mITX CPU integrada"},"content":{"rendered":"<p><\/p>\n<table class=\"tabla_caracteristicas k-table\" width=\"100%\">\n<tr>\n<td valign=\"top\"><strong>Marca<\/strong><\/td>\n<td>Biostar<\/td>\n<\/tr>\n<tr>\n<td valign=\"top\"><strong>Modelo<\/strong><\/td>\n<td><strong>J4125NHU<\/strong><\/td>\n<\/tr>\n<tr>\n<td valign=\"top\"><strong>Plataforma<\/strong><\/td>\n<td>&#8211; mini ITX (17cm x 17cm)<\/td>\n<\/tr>\n<tr>\n<td valign=\"top\"><strong>Chipset<\/strong><\/td>\n<td>&#8211; Intel J4125<\/td>\n<\/tr>\n<tr>\n<td valign=\"top\"><strong>CPU<\/strong><\/td>\n<td>&#8211; J4125NHU: Intel Celeron J4125 processor<\/td>\n<\/tr>\n<tr>\n<td valign=\"top\"><strong>Memoria <\/strong><\/td>\n<td>&#8211; Compatible con doble canal <strong>DDR4<\/strong>-1866\/ 2133\/ 2400<br \/>\t\t\t&#8211; 2 x ranuras de memoria DIMM DDR4, m&aacute;x.<br \/>\t\t\t&#8211; Admite hasta 8 GB de memoria<br \/>\t\t\t&#8211; Cada DIMM admite m&oacute;dulos DDR4 de 4 GB no ECC<br \/>\t\t\t* Consulte www.biostar.com.tw para ver la lista de soporte de memoria.<\/td>\n<\/tr>\n<tr>\n<td valign=\"top\"><strong>Slots Expansi&oacute;n <\/strong><\/td>\n<td>&#8211; 1 x ranura PCIe 2.0 x16 (modo x1)<\/td>\n<\/tr>\n<tr>\n<td valign=\"top\"><strong>Gr&aacute;ficos<\/strong><\/td>\n<td>&#8211; Por modelo de CPU<br \/>\t\t\t&#8211; Admite DX12<\/td>\n<\/tr>\n<tr>\n<td valign=\"top\">\n<div><strong>Puertos E\/S,<\/strong><\/div>\n<div><strong>Conectores<\/strong><\/div>\n<\/td>\n<td><strong>Internos<\/strong><br \/>\t\t\t&#8211; 2 x SATA III &#8211; Conectores 6Gb\/s<br \/>\t\t\t&#8211; 2 x cabezales USB 2.0 (cada cabezal admite 2 puertos USB 2.0)<br \/>\t\t\t&#8211; 1 x conector de alimentaci&oacute;n de 4 pines<br \/>\t\t\t&#8211; 1 x conector de alimentaci&oacute;n de 24 pines<br \/>\t\t\t&#8211; 2 x Conectores de ventilador del sistema<br \/>\t\t\t&#8211; 1 x cabezal de panel frontal<br \/>\t\t\t&#8211; 1 x cabezal de audio frontal<br \/>\t\t\t&#8211; 2 x cabezales de puerto COM<br \/>\t\t\t&#8211; 1 x cabezal de puerto de impresora<br \/>\t\t\t&#8211; 1 x cabezal CMOS transparente<br \/>\t\t\t<strong>Traseros<\/strong><br \/>\t\t\t&#8211; 1 x puerto para teclado\/rat&oacute;n PS\/2<br \/>\t\t\t&#8211; 1 x puerto HDMI.<br \/>\t\t\t&#8211; 1 x puerto VGA<br \/>\t\t\t&#8211; 2 x puertos USB 3.1 (Gen1)<br \/>\t\t\t&#8211; 2 x puertos USB 2.0<br \/>\t\t\t&#8211; 1 x puerto LAN<br \/>\t\t\t&#8211; 3 x conectores de audio<\/td>\n<\/tr>\n<tr>\n<td valign=\"top\">\n<div><strong>Otras <\/strong><\/div>\n<div><strong>Caracter&iacute;sticas<\/strong><\/div>\n<\/td>\n<td><strong>Almacenamiento<\/strong><br \/>\t\t\t&#8211; 2 x SATA III (6Gb\/s) Soporta AHCI<br \/>\t\t\t&#8211; 1 x M.2 (tecla M): compatible con SSD PCI-E 2.0 x2 (10 Gb\/s) y SATA III (6 Gb\/s)<br \/>\t\t\t<strong>LAN<\/strong><br \/>\t\t\t&#8211; Realtek RTL8111H &#8211; 10\/100\/1000Mb\/s negociaci&oacute;n autom&aacute;tica, capacidad Half \/ Full Duplex<br \/>\t\t\t<strong>Audio<\/strong><br \/>\t\t\t&#8211; ALC887<br \/>\t\t\t&#8211; ALC897<br \/>\t\t\t&#8211; 7.1 canales, audio de alta definici&oacute;n<br \/>\t\t\t<strong>USB<\/strong><br \/>\t\t\t&#8211; 2 x puertos USB 3.1 (Gen1) (2 en E\/S traseras)<br \/>\t\t\t&#8211; 6 x puertos USB 2.0 (2 en E\/S traseras y 4 a trav&eacute;s de encabezados internos)<br \/>\t\t\t<strong>SO soportados<\/strong><br \/>\t\t\t&#8211; Admite Windows 10 (64 bits) \/ 11 (64 bits)<br \/>\t\t\t* Biostar se reserva el derecho de agregar o quitar soporte para cualquier sistema operativo con o sin previo aviso<br \/>\t\t\t<strong>Contenido<\/strong><br \/>\t\t\t&#8211; 2 x cables SATA<br \/>\t\t\t&#8211; 1 x protector de E\/S<br \/>\t\t\t&#8211; 1 x controlador de DVD<br \/>\t\t\t&#8211; 1 x gu&iacute;a r&aacute;pida<\/td>\n<\/tr>\n<tr>\n<td valign=\"top\"><strong>Fecha Revisi&oacute;n<\/strong><\/td>\n<td>28-06-2023 por RTY<\/td>\n<\/tr>\n<\/table>\n<p><br class=\"k-br\"><\/p>\n<p>&nbsp;<\/p>\n","protected":false},"excerpt":{"rendered":"<p>Marca Biostar Modelo J4125NHU Plataforma &#8211; mini ITX (17cm x 17cm) Chipset &#8211; Intel J4125 CPU &#8211; J4125NHU: Intel Celeron J4125 processor Memoria &#8211; Compatible con doble canal DDR4-1866\/ 2133\/ 2400 &#8211; 2 x ranuras de memoria DIMM DDR4, m&aacute;x. &#8211; Admite hasta 8 GB de memoria &#8211; Cada DIMM admite m&oacute;dulos DDR4 de 4&hellip;&nbsp;<a href=\"https:\/\/aivlisoft.net\/shop\/producto\/biostar-placa-base-j4125nhu-mitx-cpu-integrada\/\" rel=\"bookmark\"><span class=\"screen-reader-text\">Biostar Placa Base J4125NHU mITX CPU integrada<\/span><\/a><\/p>\n","protected":false},"featured_media":14734,"template":"","meta":{"neve_meta_sidebar":"","neve_meta_container":"","neve_meta_enable_content_width":"","neve_meta_content_width":0,"neve_meta_title_alignment":"","neve_meta_author_avatar":"","neve_post_elements_order":"","neve_meta_disable_header":"","neve_meta_disable_footer":"","neve_meta_disable_title":""},"product_brand":[],"product_cat":[8747],"product_tag":[5658],"class_list":{"0":"post-14733","1":"product","2":"type-product","3":"status-publish","4":"has-post-thumbnail","6":"product_cat-cpu-integrada","7":"product_tag-j4125nhu","9":"first","10":"instock","11":"taxable","12":"shipping-taxable","13":"purchasable","14":"product-type-simple"},"yoast_head":"<!-- This site is optimized with the Yoast SEO plugin v26.0 - https:\/\/yoast.com\/wordpress\/plugins\/seo\/ -->\n<title>Biostar Placa Base J4125NHU mITX CPU integrada - Aivlisoft Inform\u00e1tica<\/title>\n<meta name=\"robots\" content=\"index, follow, max-snippet:-1, max-image-preview:large, max-video-preview:-1\" \/>\n<link rel=\"canonical\" href=\"https:\/\/aivlisoft.net\/shop\/producto\/biostar-placa-base-j4125nhu-mitx-cpu-integrada\/\" \/>\n<meta property=\"og:locale\" content=\"es_ES\" \/>\n<meta property=\"og:type\" content=\"article\" \/>\n<meta property=\"og:title\" content=\"Biostar Placa Base J4125NHU mITX CPU integrada - Aivlisoft Inform\u00e1tica\" \/>\n<meta property=\"og:description\" content=\"Marca Biostar Modelo J4125NHU Plataforma &#8211; mini ITX (17cm x 17cm) Chipset &#8211; Intel J4125 CPU &#8211; J4125NHU: Intel Celeron J4125 processor Memoria &#8211; Compatible con doble canal DDR4-1866\/ 2133\/ 2400 &#8211; 2 x ranuras de memoria DIMM DDR4, m&aacute;x. &#8211; Admite hasta 8 GB de memoria &#8211; Cada DIMM admite m&oacute;dulos DDR4 de 4&hellip;&nbsp;Biostar Placa Base J4125NHU mITX CPU integrada\" \/>\n<meta property=\"og:url\" content=\"https:\/\/aivlisoft.net\/shop\/producto\/biostar-placa-base-j4125nhu-mitx-cpu-integrada\/\" \/>\n<meta property=\"og:site_name\" content=\"Aivlisoft Inform\u00e1tica\" \/>\n<meta property=\"article:modified_time\" content=\"2025-01-14T11:18:30+00:00\" \/>\n<meta property=\"og:image\" content=\"https:\/\/aivlisoft.net\/shop\/wp-content\/uploads\/2025\/01\/IPBPCI0053_800.jpg\" \/>\n\t<meta property=\"og:image:width\" content=\"800\" \/>\n\t<meta property=\"og:image:height\" content=\"800\" \/>\n\t<meta property=\"og:image:type\" content=\"image\/jpeg\" \/>\n<meta name=\"twitter:card\" content=\"summary_large_image\" \/>\n<meta name=\"twitter:label1\" content=\"Tiempo de lectura\" \/>\n\t<meta name=\"twitter:data1\" content=\"2 minutos\" \/>\n<script type=\"application\/ld+json\" class=\"yoast-schema-graph\">{\"@context\":\"https:\/\/schema.org\",\"@graph\":[{\"@type\":\"WebPage\",\"@id\":\"https:\/\/aivlisoft.net\/shop\/producto\/biostar-placa-base-j4125nhu-mitx-cpu-integrada\/\",\"url\":\"https:\/\/aivlisoft.net\/shop\/producto\/biostar-placa-base-j4125nhu-mitx-cpu-integrada\/\",\"name\":\"Biostar Placa Base J4125NHU mITX CPU integrada - Aivlisoft Inform\u00e1tica\",\"isPartOf\":{\"@id\":\"https:\/\/aivlisoft.net\/shop\/#website\"},\"primaryImageOfPage\":{\"@id\":\"https:\/\/aivlisoft.net\/shop\/producto\/biostar-placa-base-j4125nhu-mitx-cpu-integrada\/#primaryimage\"},\"image\":{\"@id\":\"https:\/\/aivlisoft.net\/shop\/producto\/biostar-placa-base-j4125nhu-mitx-cpu-integrada\/#primaryimage\"},\"thumbnailUrl\":\"https:\/\/aivlisoft.net\/shop\/wp-content\/uploads\/2025\/01\/IPBPCI0053_800.jpg\",\"datePublished\":\"2025-01-13T14:46:43+00:00\",\"dateModified\":\"2025-01-14T11:18:30+00:00\",\"breadcrumb\":{\"@id\":\"https:\/\/aivlisoft.net\/shop\/producto\/biostar-placa-base-j4125nhu-mitx-cpu-integrada\/#breadcrumb\"},\"inLanguage\":\"es\",\"potentialAction\":[{\"@type\":\"ReadAction\",\"target\":[\"https:\/\/aivlisoft.net\/shop\/producto\/biostar-placa-base-j4125nhu-mitx-cpu-integrada\/\"]}]},{\"@type\":\"ImageObject\",\"inLanguage\":\"es\",\"@id\":\"https:\/\/aivlisoft.net\/shop\/producto\/biostar-placa-base-j4125nhu-mitx-cpu-integrada\/#primaryimage\",\"url\":\"https:\/\/aivlisoft.net\/shop\/wp-content\/uploads\/2025\/01\/IPBPCI0053_800.jpg\",\"contentUrl\":\"https:\/\/aivlisoft.net\/shop\/wp-content\/uploads\/2025\/01\/IPBPCI0053_800.jpg\",\"width\":800,\"height\":800},{\"@type\":\"BreadcrumbList\",\"@id\":\"https:\/\/aivlisoft.net\/shop\/producto\/biostar-placa-base-j4125nhu-mitx-cpu-integrada\/#breadcrumb\",\"itemListElement\":[{\"@type\":\"ListItem\",\"position\":1,\"name\":\"Portada\",\"item\":\"https:\/\/aivlisoft.net\/shop\/\"},{\"@type\":\"ListItem\",\"position\":2,\"name\":\"Tienda\",\"item\":\"https:\/\/aivlisoft.net\/shop\/tienda\/\"},{\"@type\":\"ListItem\",\"position\":3,\"name\":\"Biostar Placa Base J4125NHU mITX CPU integrada\"}]},{\"@type\":\"WebSite\",\"@id\":\"https:\/\/aivlisoft.net\/shop\/#website\",\"url\":\"https:\/\/aivlisoft.net\/shop\/\",\"name\":\"Aivlisoft Inform\u00e1tica\",\"description\":\"En Aivlisoft Inform\u00e1tica ofrecemos soluciones tecnol\u00f3gicas para empresas: venta de ordenadores, consumibles, perif\u00e9ricos y m\u00e1s. Calidad, atenci\u00f3n personalizada y los mejores precios para tu negocio.\",\"publisher\":{\"@id\":\"https:\/\/aivlisoft.net\/shop\/#organization\"},\"potentialAction\":[{\"@type\":\"SearchAction\",\"target\":{\"@type\":\"EntryPoint\",\"urlTemplate\":\"https:\/\/aivlisoft.net\/shop\/?s={search_term_string}\"},\"query-input\":{\"@type\":\"PropertyValueSpecification\",\"valueRequired\":true,\"valueName\":\"search_term_string\"}}],\"inLanguage\":\"es\"},{\"@type\":\"Organization\",\"@id\":\"https:\/\/aivlisoft.net\/shop\/#organization\",\"name\":\"Aivlisoft Inform\u00e1tica\",\"url\":\"https:\/\/aivlisoft.net\/shop\/\",\"logo\":{\"@type\":\"ImageObject\",\"inLanguage\":\"es\",\"@id\":\"https:\/\/aivlisoft.net\/shop\/#\/schema\/logo\/image\/\",\"url\":\"https:\/\/aivlisoft.net\/shop\/wp-content\/uploads\/2024\/12\/removal.ai_5b848c54-0cdf-4140-95c5-c5536bb7573b-logodef.png\",\"contentUrl\":\"https:\/\/aivlisoft.net\/shop\/wp-content\/uploads\/2024\/12\/removal.ai_5b848c54-0cdf-4140-95c5-c5536bb7573b-logodef.png\",\"width\":484,\"height\":182,\"caption\":\"Aivlisoft Inform\u00e1tica\"},\"image\":{\"@id\":\"https:\/\/aivlisoft.net\/shop\/#\/schema\/logo\/image\/\"}}]}<\/script>\n<!-- \/ Yoast SEO plugin. -->","yoast_head_json":{"title":"Biostar Placa Base J4125NHU mITX CPU integrada - Aivlisoft Inform\u00e1tica","robots":{"index":"index","follow":"follow","max-snippet":"max-snippet:-1","max-image-preview":"max-image-preview:large","max-video-preview":"max-video-preview:-1"},"canonical":"https:\/\/aivlisoft.net\/shop\/producto\/biostar-placa-base-j4125nhu-mitx-cpu-integrada\/","og_locale":"es_ES","og_type":"article","og_title":"Biostar Placa Base J4125NHU mITX CPU integrada - Aivlisoft Inform\u00e1tica","og_description":"Marca Biostar Modelo J4125NHU Plataforma &#8211; mini ITX (17cm x 17cm) Chipset &#8211; Intel J4125 CPU &#8211; J4125NHU: Intel Celeron J4125 processor Memoria &#8211; Compatible con doble canal DDR4-1866\/ 2133\/ 2400 &#8211; 2 x ranuras de memoria DIMM DDR4, m&aacute;x. &#8211; Admite hasta 8 GB de memoria &#8211; Cada DIMM admite m&oacute;dulos DDR4 de 4&hellip;&nbsp;Biostar Placa Base J4125NHU mITX CPU integrada","og_url":"https:\/\/aivlisoft.net\/shop\/producto\/biostar-placa-base-j4125nhu-mitx-cpu-integrada\/","og_site_name":"Aivlisoft Inform\u00e1tica","article_modified_time":"2025-01-14T11:18:30+00:00","og_image":[{"width":800,"height":800,"url":"https:\/\/aivlisoft.net\/shop\/wp-content\/uploads\/2025\/01\/IPBPCI0053_800.jpg","type":"image\/jpeg"}],"twitter_card":"summary_large_image","twitter_misc":{"Tiempo de lectura":"2 minutos"},"schema":{"@context":"https:\/\/schema.org","@graph":[{"@type":"WebPage","@id":"https:\/\/aivlisoft.net\/shop\/producto\/biostar-placa-base-j4125nhu-mitx-cpu-integrada\/","url":"https:\/\/aivlisoft.net\/shop\/producto\/biostar-placa-base-j4125nhu-mitx-cpu-integrada\/","name":"Biostar Placa Base J4125NHU mITX CPU integrada - Aivlisoft Inform\u00e1tica","isPartOf":{"@id":"https:\/\/aivlisoft.net\/shop\/#website"},"primaryImageOfPage":{"@id":"https:\/\/aivlisoft.net\/shop\/producto\/biostar-placa-base-j4125nhu-mitx-cpu-integrada\/#primaryimage"},"image":{"@id":"https:\/\/aivlisoft.net\/shop\/producto\/biostar-placa-base-j4125nhu-mitx-cpu-integrada\/#primaryimage"},"thumbnailUrl":"https:\/\/aivlisoft.net\/shop\/wp-content\/uploads\/2025\/01\/IPBPCI0053_800.jpg","datePublished":"2025-01-13T14:46:43+00:00","dateModified":"2025-01-14T11:18:30+00:00","breadcrumb":{"@id":"https:\/\/aivlisoft.net\/shop\/producto\/biostar-placa-base-j4125nhu-mitx-cpu-integrada\/#breadcrumb"},"inLanguage":"es","potentialAction":[{"@type":"ReadAction","target":["https:\/\/aivlisoft.net\/shop\/producto\/biostar-placa-base-j4125nhu-mitx-cpu-integrada\/"]}]},{"@type":"ImageObject","inLanguage":"es","@id":"https:\/\/aivlisoft.net\/shop\/producto\/biostar-placa-base-j4125nhu-mitx-cpu-integrada\/#primaryimage","url":"https:\/\/aivlisoft.net\/shop\/wp-content\/uploads\/2025\/01\/IPBPCI0053_800.jpg","contentUrl":"https:\/\/aivlisoft.net\/shop\/wp-content\/uploads\/2025\/01\/IPBPCI0053_800.jpg","width":800,"height":800},{"@type":"BreadcrumbList","@id":"https:\/\/aivlisoft.net\/shop\/producto\/biostar-placa-base-j4125nhu-mitx-cpu-integrada\/#breadcrumb","itemListElement":[{"@type":"ListItem","position":1,"name":"Portada","item":"https:\/\/aivlisoft.net\/shop\/"},{"@type":"ListItem","position":2,"name":"Tienda","item":"https:\/\/aivlisoft.net\/shop\/tienda\/"},{"@type":"ListItem","position":3,"name":"Biostar Placa Base J4125NHU mITX CPU integrada"}]},{"@type":"WebSite","@id":"https:\/\/aivlisoft.net\/shop\/#website","url":"https:\/\/aivlisoft.net\/shop\/","name":"Aivlisoft Inform\u00e1tica","description":"En Aivlisoft Inform\u00e1tica ofrecemos soluciones tecnol\u00f3gicas para empresas: venta de ordenadores, consumibles, perif\u00e9ricos y m\u00e1s. Calidad, atenci\u00f3n personalizada y los mejores precios para tu negocio.","publisher":{"@id":"https:\/\/aivlisoft.net\/shop\/#organization"},"potentialAction":[{"@type":"SearchAction","target":{"@type":"EntryPoint","urlTemplate":"https:\/\/aivlisoft.net\/shop\/?s={search_term_string}"},"query-input":{"@type":"PropertyValueSpecification","valueRequired":true,"valueName":"search_term_string"}}],"inLanguage":"es"},{"@type":"Organization","@id":"https:\/\/aivlisoft.net\/shop\/#organization","name":"Aivlisoft Inform\u00e1tica","url":"https:\/\/aivlisoft.net\/shop\/","logo":{"@type":"ImageObject","inLanguage":"es","@id":"https:\/\/aivlisoft.net\/shop\/#\/schema\/logo\/image\/","url":"https:\/\/aivlisoft.net\/shop\/wp-content\/uploads\/2024\/12\/removal.ai_5b848c54-0cdf-4140-95c5-c5536bb7573b-logodef.png","contentUrl":"https:\/\/aivlisoft.net\/shop\/wp-content\/uploads\/2024\/12\/removal.ai_5b848c54-0cdf-4140-95c5-c5536bb7573b-logodef.png","width":484,"height":182,"caption":"Aivlisoft Inform\u00e1tica"},"image":{"@id":"https:\/\/aivlisoft.net\/shop\/#\/schema\/logo\/image\/"}}]}},"_links":{"self":[{"href":"https:\/\/aivlisoft.net\/shop\/wp-json\/wp\/v2\/product\/14733","targetHints":{"allow":["GET"]}}],"collection":[{"href":"https:\/\/aivlisoft.net\/shop\/wp-json\/wp\/v2\/product"}],"about":[{"href":"https:\/\/aivlisoft.net\/shop\/wp-json\/wp\/v2\/types\/product"}],"wp:featuredmedia":[{"embeddable":true,"href":"https:\/\/aivlisoft.net\/shop\/wp-json\/wp\/v2\/media\/14734"}],"wp:attachment":[{"href":"https:\/\/aivlisoft.net\/shop\/wp-json\/wp\/v2\/media?parent=14733"}],"wp:term":[{"taxonomy":"product_brand","embeddable":true,"href":"https:\/\/aivlisoft.net\/shop\/wp-json\/wp\/v2\/product_brand?post=14733"},{"taxonomy":"product_cat","embeddable":true,"href":"https:\/\/aivlisoft.net\/shop\/wp-json\/wp\/v2\/product_cat?post=14733"},{"taxonomy":"product_tag","embeddable":true,"href":"https:\/\/aivlisoft.net\/shop\/wp-json\/wp\/v2\/product_tag?post=14733"}],"curies":[{"name":"wp","href":"https:\/\/api.w.org\/{rel}","templated":true}]}}