{"id":14700,"date":"2025-01-13T14:46:22","date_gmt":"2025-01-13T14:46:22","guid":{"rendered":"https:\/\/aivlisoft.com\/?post_type=product&#038;p=14700"},"modified":"2025-01-14T11:18:13","modified_gmt":"2025-01-14T11:18:13","slug":"gigabyte-placa-base-x870-a-elite-wf7-ice-atx-am5","status":"publish","type":"product","link":"https:\/\/aivlisoft.net\/shop\/producto\/gigabyte-placa-base-x870-a-elite-wf7-ice-atx-am5\/","title":{"rendered":"Gigabyte Placa Base X870 A ELITE WF7 ICE  ATX AM5"},"content":{"rendered":"<p><\/p>\n<table class=\"tabla_caracteristicas k-table\" width=\"100%\">\n<tr>\n<td valign=\"top\"><strong>Marca<\/strong><\/td>\n<td>Gigabyte<\/td>\n<\/tr>\n<tr>\n<td valign=\"top\"><strong>Modelo<\/strong><\/td>\n<td><strong>X870 A ELITE WF7 ICE<\/strong><\/td>\n<\/tr>\n<tr>\n<td valign=\"top\"><strong>Plataforma<\/strong><\/td>\n<td>&#8211; ATX ( 30.5cm x 24.4cm )<\/td>\n<\/tr>\n<tr>\n<td valign=\"top\"><strong>Chipset<\/strong><\/td>\n<td>&#8211; AMD <strong>X870<\/strong><\/td>\n<\/tr>\n<tr>\n<td valign=\"top\">\n<div><strong>CPU <\/strong><strong>Soportados<\/strong><\/div>\n<\/td>\n<td>&#8211; AMD Socket AM5, soporte para:<br \/>\t\t\t&nbsp; Procesadores AMD Ryzen serie 9000\/<br \/>\t\t\t&nbsp; Procesadores AMD Ryzen serie 8000\/<br \/>\t\t\t&nbsp; Procesadores AMD Ryzen serie 7000<br \/>\t\t\t* Vaya al sitio web de GIGABYTE para obtener la lista m&aacute;s reciente de soporte de CPU<\/td>\n<\/tr>\n<tr>\n<td valign=\"top\"><strong>Memoria<\/strong><\/td>\n<td>&#8211; Soporte para DDR5 8000(OC) \/ 7800(OC) \/ 7600(OC) \/ 7200(OC) \/ 7000(OC) \/ 6800(OC) \/ 6666(OC) \/ 6600(OC) \/ 6400(OC) \/ 6200( OC) \/ 6000(OC) \/ 5600(OC) \/ 5200 \/ 4800 \/ 4400 m&oacute;dulos de memoria MT\/s<br \/>\t\t\t&#8211; 4 x z&oacute;calos DIMM DDR5 que admiten hasta 256 GB (64 GB de capacidad DIMM &uacute;nica) de memoria del sistema<br \/>\t\t\t&#8211; Arquitectura de memoria de doble canal<br \/>\t\t\t&#8211; Compatibilidad con m&oacute;dulos de memoria DIMM 1Rx8\/2Rx8\/1Rx16 sin b&uacute;fer y sin ECC<br \/>\t\t\t&#8211; Compatibilidad con los m&oacute;dulos de memoria AMD EXtended Profiles for Overclocking (AMD EXPO&trade;) y Extreme Memory Profile (XMP)<br \/>\t\t\t* La configuraci&oacute;n de la CPU y la memoria puede afectar los tipos de memoria admitidos, la velocidad de datos (velocidad) y la cantidad de m&oacute;dulos DRAM; consulte la \u00abLista de soporte de memoria\u00bb en el sitio web de GIGABYTE para obtener m&aacute;s informaci&oacute;n<\/td>\n<\/tr>\n<tr>\n<td valign=\"top\">\n<div><strong>Slots Expansi&oacute;n<\/strong><\/div>\n<\/td>\n<td>&#8211; 1 x ranura PCI Express x16 (PCIEX16), integrada en la CPU:<br \/>\t\t\t&nbsp; Los procesadores AMD Ryzen&trade; serie 9000\/7000 admiten el modo PCIe 5.0 x16<br \/>\t\t\t* Los conectores M2B_CPU y M2C_CPU comparten ancho de banda con la ranura PCIEX16.<br \/>\t\t\t&#8211; Cuando el conector M2B_CPU o M2C_CPU est&aacute; ocupado, la ranura PCIEX16 funciona hasta en modo x8.<br \/>\t\t\t&nbsp; Los procesadores AMD Ryzen&trade; serie 8000-Phoenix 1 admiten el modo PCIe 4.0 x8<br \/>\t\t\t&nbsp; Los procesadores AMD Ryzen&trade; serie 8000-Phoenix 2 admiten el modo PCIe 4.0 x4<br \/>\t\t\t* La ranura PCIEX16 solo admite una tarjeta gr&aacute;fica o un SSD NVMe. Si solo se va a instalar una tarjeta gr&aacute;fica, aseg&uacute;rese de instalarla en la ranura PCIEX16<br \/>\t\t\t&#8211; Chipset:<br \/>\t\t\t&nbsp; 1 x ranura PCI Express x16, compatible con PCIe 4.0 y funcionando a x4 (PCIEX4)<br \/>\t\t\t* La ranura PCIEX4 comparte ancho de banda con el conector M2D_SB. La ranura PCIEX4 deja de estar disponible cuando se instala un dispositivo en el conector M2D_SB.<br \/>\t\t\t&nbsp; 1 x ranura PCI Express x16, compatible con PCIe 3.0 y funcionando a x2 (PCIEX2)<\/td>\n<\/tr>\n<tr>\n<td valign=\"top\"><strong>Gr&aacute;ficos<\/strong><\/td>\n<td>&#8211; Procesador de gr&aacute;ficos integrado con soporte para gr&aacute;ficos AMD Radeon +controlador ASMedia USB4:<br \/>\t\t\t&nbsp; 2 x puertos USB4 USB Type-C, compatibles con salidas de v&iacute;deo USB4 y DisplayPort y una resoluci&oacute;n m&aacute;xima de 3840&#215;2160@240 Hz<br \/>\t\t\t* Soporte para la versi&oacute;n DisplayPort 1.4 y HDR.<br \/>\t\t\t&#8211; Procesador de gr&aacute;ficos integrado con soporte para gr&aacute;ficos AMD Radeon:<br \/>\t\t\t&nbsp; 1 x puerto HDMI, compatible con una resoluci&oacute;n m&aacute;xima de 4096&#215;2160@60 Hz<br \/>\t\t\t* Compatibilidad con la versi&oacute;n HDMI 2.1, HDCP 2.3 y HDR.<br \/>\t\t\t** Admite puertos nativos compatibles con HDMI 2.1 TMDS.<br \/>\t\t\t&nbsp; 1 x puerto HDMI frontal, que admite una resoluci&oacute;n m&aacute;xima de 1920&#215;1080@30 Hz<br \/>\t\t\t* Soporte para la versi&oacute;n HDMI 1.4<br \/>\t\t\t(Las especificaciones gr&aacute;ficas pueden variar seg&uacute;n la compatibilidad de la CPU).<br \/>\t\t\t&#8211; Soporte para hasta cuatro pantallas al mismo tiempo<\/td>\n<\/tr>\n<tr>\n<td valign=\"top\">\n<div><strong>Puertos E\/S, <\/strong><\/div>\n<div><strong>Conectores<\/strong><\/div>\n<div>&nbsp;<\/div>\n<\/td>\n<td>\n<div>\n<div><strong>Conectores Internos E\/S <\/strong><\/div>\n<\/p><\/div>\n<p>\t\t\t&#8211; 1 x conector de alimentaci&oacute;n principal ATX de 24 pines<br \/>\t\t\t&#8211; 2 x conectores de alimentaci&oacute;n ATX de 12 V de 8 pines<br \/>\t\t\t&#8211; 1 x cabezal del ventilador de la CPU<br \/>\t\t\t&#8211; 1 x cabezal de ventilador de CPU\/bomba de refrigeraci&oacute;n por agua<br \/>\t\t\t&#8211; 4 x cabezales de ventilador del sistema<br \/>\t\t\t&#8211; 2 x cabezales de ventilador del sistema\/bomba de refrigeraci&oacute;n por agua<br \/>\t\t\t&#8211; 3 x cabezales de tira LED RGB Gen2 direccionables<br \/>\t\t\t&#8211; 1 x cabezal de tira LED RGB<br \/>\t\t\t&#8211; 4 x conectores M.2 hembra 3<br \/>\t\t\t&#8211; 4 x conectores SATA de 6 Gb\/s<br \/>\t\t\t&#8211; 1 x cabezal del panel frontal<br \/>\t\t\t&#8211; 1 x cabezal de audio del panel frontal<br \/>\t\t\t&#8211; 1 x conector USB Type-C, compatible con USB 3.2 Gen 2&#215;2<br \/>\t\t\t&#8211; 1 x conector USB 3.2 Gen 1<br \/>\t\t\t&#8211; 2 x cabezales USB 2.0\/1.1<br \/>\t\t\t&#8211; 1 x cabezal de detecci&oacute;n de ruido<br \/>\t\t\t&#8211; 1 x cabezal del m&oacute;dulo de plataforma segura (solo para el m&oacute;dulo GC-TPM2.0 SPI\/GC-TPM2.0 SPI 2.0\/GC-TPM2.0 SPI V2)<br \/>\t\t\t&#8211; 1 x puerto HDMI (Nota)<br \/>\t\t\t&#8211; 1 x bot&oacute;n de encendido<br \/>\t\t\t&#8211; 1 x bot&oacute;n de reinicio<br \/>\t\t\t&#8211; 2 x cabezales de sensor de temperatura<br \/>\t\t\t&#8211; 1 x puente de reinicio<br \/>\t\t\t&#8211; 1 x puente CMOS transparente\t\t\t<\/p>\n<div>\n<div><strong>Panel E\/S Trasero<\/strong><\/div>\n<\/p><\/div>\n<p>\t\t\t&#8211; 1 x bot&oacute;n Q-Flash Plus<br \/>\t\t\t&#8211; 1 x puerto HDMI (Nota)<br \/>\t\t\t&#8211; 2 x conectores de antena (2T2R)<br \/>\t\t\t&#8211; 2 x puertos USB4 USB Type-C (DisplayPort (Nota))<br \/>\t\t\t&#8211; 2 x puertos USB 3.2 Gen 2 tipo A (rojo)<br \/>\t\t\t&#8211; 4 x puertos USB 3.2 Gen 1<br \/>\t\t\t&#8211; 4 x puertos USB 2.0\/1.1<br \/>\t\t\t&#8211; 1 x puerto RJ-45<br \/>\t\t\t&#8211; 1 x conector de salida &oacute;ptica S\/PDIF<br \/>\t\t\t&#8211; 2 x conectores de audio<\/td>\n<\/tr>\n<tr>\n<td valign=\"top\">\n<div><strong>Otras <\/strong><\/div>\n<div><strong>Caracter&iacute;sticas<\/strong><\/div>\n<\/td>\n<td><strong>Audio<\/strong><br \/>\t\t\t&#8211; CODEC Realtek ALC1220<br \/>\t\t\t* El conector de salida de l&iacute;nea del panel posterior admite audio DSD.<br \/>\t\t\t&#8211; Audio de alta definici&oacute;n 2\/4\/5.1\/7.1 canales<br \/>\t\t\t* Puede cambiar la funcionalidad de un conector de audio utilizando el software de audio. Para configurar el audio de 7.1 canales, acceda al software de audio para realizar la configuraci&oacute;n de audio.<br \/>\t\t\t&#8211; Soporte para salida S\/PDIF<br \/>\t\t\t<strong>LAN<\/strong><br \/>\t\t\t&#8211; Chip LAN Realtek de 2,5 GbE (2,5 Gbps\/1 Gbps\/100 Mbps)<br \/>\t\t\t<strong>M&oacute;dulo de comunicaciones inal&aacute;mbricas<\/strong><br \/>\t\t\t&#8211; MediaTek Wi-Fi 7 MT7925 (PCB revisi&oacute;n 1.0)<br \/>\t\t\t&nbsp; WIFI a, b, g, n, ac, ax, compatible con bandas de frecuencia portadora de 2,4\/5\/6 GHz<br \/>\t\t\t&nbsp; Bluetooth 5.4<br \/>\t\t\t&nbsp; Soporte para el est&aacute;ndar inal&aacute;mbrico 11be 160MHz<br \/>\t\t\t&#8211; Realtek Wi-Fi 7 RTL8922AE (PCB revisi&oacute;n 1.1)<br \/>\t\t\t&nbsp; WIFI a, b, g, n, ac, ax, compatible con bandas de frecuencia portadora de 2,4\/5\/6 GHz<br \/>\t\t\t&nbsp; Bluetooth 5.4<br \/>\t\t\t&nbsp; Soporte para el est&aacute;ndar inal&aacute;mbrico 11be 160MHz<br \/>\t\t\t&nbsp; (La velocidad de datos real puede variar seg&uacute;n el entorno y el equipo)<br \/>\t\t\t* Las funciones de Wi-Fi 7 requieren Windows 11 SV3 para funcionar correctamente. (No hay ning&uacute;n controlador compatible con Windows 10).<br \/>\t\t\t**La disponibilidad de Wi-Fi de 7 canales en la banda de 6 GHz depende de las regulaciones de cada pa&iacute;s.<br \/>\t\t\t<strong>Almacenamiento<\/strong><br \/>\t\t\t&#8211; 1 x conector M.2 (M2A_CPU), integrado en la CPU, compatible con SSD Socket 3, clave M, tipo 25110\/22110\/2580\/2280:<br \/>\t\t\t&nbsp; Los procesadores AMD Ryzen serie 9000\/7000 admiten SSD PCIe 5.0 x4\/x2<br \/>\t\t\t&nbsp; Los procesadores AMD Ryzen serie 8000-Phoenix 1 admiten SSD PCIe 4.0 x4\/x2<br \/>\t\t\t&nbsp; Los procesadores AMD Ryzen serie 8000-Phoenix 2 admiten SSD PCIe 4.0 x4\/x2<br \/>\t\t\t&#8211; 2 x conectores M.2 (M2B_CPU, M2C_CPU), integrados en la CPU, compatibles con Socket 3, clave M, SSD tipo 22110\/2280:<br \/>\t\t\t&nbsp; Los procesadores AMD Ryzen serie 9000\/7000 admiten SSD PCIe 5.0 x4\/x2<br \/>\t\t\t* Los conectores M2B_CPU y M2C_CPU dejan de estar disponibles cuando se utiliza un procesador AMD Ryzen 8000 Series-Phoenix 1\/Phoenix 2.<br \/>\t\t\t&#8211; 1 x conector M.2 (M2D_SB), integrado en el chipset, compatible con SSD Socket 3, clave M, tipo 22110\/2280 PCIe 4.0 x4\/x2<br \/>\t\t\t&#8211; 4 x conectores SATA de 6 Gb\/s Compatibilidad con RAID 0, RAID 1, RAID 5 y RAID 10 para dispositivos de almacenamiento SSD NVMe<br \/>\t\t\t* RAID 5 solo est&aacute; disponible en los procesadores AMD Ryzen serie 9000.<br \/>\t\t\t&#8211; Compatibilidad con RAID 0, RAID 1 y RAID 10 para dispositivos de almacenamiento SATA<br \/>\t\t\t<strong>USB<\/strong><br \/>\t\t\t&#8211; Controlador CPU+ASMedia USB4:<br \/>\t\t\t&nbsp; 2 x puertos USB4 USB Type-C en el panel posterior<br \/>\t\t\t&#8211; CPU+concentrador USB 3.2 Gen 1:<br \/>\t\t\t&nbsp; 4 x puertos USB 3.2 Gen 1 en el panel posterior<br \/>\t\t\t&#8211; CPU+concentrador USB 2.0:<br \/>\t\t\t&nbsp; 4 x puertos USB 2.0\/1.1 en el panel posterior<br \/>\t\t\t&#8211; Conjunto de chips:<br \/>\t\t\t&nbsp; 1 x puerto USB Type-C con soporte USB 3.2 Gen 2&#215;2, disponible a trav&eacute;s de<br \/>\t\t\t&#8211; El encabezado USB interno<br \/>\t\t\t&nbsp; 2 x puertos USB 3.2 Gen 2 Tipo-A (rojos) en el panel posterior<br \/>\t\t\t&nbsp; 2 x puertos USB 3.2 Gen 1 disponibles a trav&eacute;s del encabezado USB interno<br \/>\t\t\t&nbsp; 4 x puertos USB 2.0\/1.1 disponibles a trav&eacute;s de los cabezales USB internos<br \/>\t\t\t<strong>Controlador de I\/O<\/strong><br \/>\t\t\t&#8211; iTE Controlador de I\/O de chip<br \/>\t\t\t<strong>Sistema Operativo<\/strong><br \/>\t\t\t&#8211; Soporte para Windows 11 64-bit<\/td>\n<\/tr>\n<tr>\n<td valign=\"top\"><strong>Fecha Revisi&oacute;n<\/strong><\/td>\n<td>15-10-2024 por RTY<\/td>\n<\/tr>\n<\/table>\n","protected":false},"excerpt":{"rendered":"<p>Marca Gigabyte Modelo X870 A ELITE WF7 ICE Plataforma &#8211; ATX ( 30.5cm x 24.4cm ) Chipset &#8211; AMD X870 CPU Soportados &#8211; AMD Socket AM5, soporte para: &nbsp; Procesadores AMD Ryzen serie 9000\/ &nbsp; Procesadores AMD Ryzen serie 8000\/ &nbsp; Procesadores AMD Ryzen serie 7000 * Vaya al sitio web de GIGABYTE para obtener&hellip;&nbsp;<a href=\"https:\/\/aivlisoft.net\/shop\/producto\/gigabyte-placa-base-x870-a-elite-wf7-ice-atx-am5\/\" rel=\"bookmark\"><span class=\"screen-reader-text\">Gigabyte Placa Base X870 A ELITE WF7 ICE  ATX AM5<\/span><\/a><\/p>\n","protected":false},"featured_media":0,"template":"","meta":{"neve_meta_sidebar":"","neve_meta_container":"","neve_meta_enable_content_width":"","neve_meta_content_width":0,"neve_meta_title_alignment":"","neve_meta_author_avatar":"","neve_post_elements_order":"","neve_meta_disable_header":"","neve_meta_disable_footer":"","neve_meta_disable_title":""},"product_brand":[],"product_cat":[8746],"product_tag":[5641],"class_list":{"0":"post-14700","1":"product","2":"type-product","3":"status-publish","5":"product_cat-amd-socket-am5","6":"product_tag-x870-a-elite-wf7-ice","8":"first","9":"instock","10":"taxable","11":"shipping-taxable","12":"purchasable","13":"product-type-simple"},"yoast_head":"<!-- This site is optimized with the Yoast SEO plugin v26.0 - https:\/\/yoast.com\/wordpress\/plugins\/seo\/ -->\n<title>Gigabyte Placa Base X870 A ELITE WF7 ICE ATX AM5 - Aivlisoft Inform\u00e1tica<\/title>\n<meta name=\"robots\" content=\"index, follow, max-snippet:-1, max-image-preview:large, max-video-preview:-1\" \/>\n<link rel=\"canonical\" href=\"https:\/\/aivlisoft.net\/shop\/producto\/gigabyte-placa-base-x870-a-elite-wf7-ice-atx-am5\/\" \/>\n<meta property=\"og:locale\" content=\"es_ES\" \/>\n<meta property=\"og:type\" content=\"article\" \/>\n<meta property=\"og:title\" content=\"Gigabyte Placa Base X870 A ELITE WF7 ICE ATX AM5 - Aivlisoft Inform\u00e1tica\" \/>\n<meta property=\"og:description\" content=\"Marca Gigabyte Modelo X870 A ELITE WF7 ICE Plataforma &#8211; ATX ( 30.5cm x 24.4cm ) Chipset &#8211; AMD X870 CPU Soportados &#8211; AMD Socket AM5, soporte para: &nbsp; Procesadores AMD Ryzen serie 9000\/ &nbsp; Procesadores AMD Ryzen serie 8000\/ &nbsp; Procesadores AMD Ryzen serie 7000 * Vaya al sitio web de GIGABYTE para obtener&hellip;&nbsp;Gigabyte Placa Base X870 A ELITE WF7 ICE ATX AM5\" \/>\n<meta property=\"og:url\" content=\"https:\/\/aivlisoft.net\/shop\/producto\/gigabyte-placa-base-x870-a-elite-wf7-ice-atx-am5\/\" \/>\n<meta property=\"og:site_name\" content=\"Aivlisoft Inform\u00e1tica\" \/>\n<meta property=\"article:modified_time\" content=\"2025-01-14T11:18:13+00:00\" \/>\n<meta name=\"twitter:card\" content=\"summary_large_image\" \/>\n<meta name=\"twitter:label1\" content=\"Tiempo de lectura\" \/>\n\t<meta name=\"twitter:data1\" content=\"7 minutos\" \/>\n<script type=\"application\/ld+json\" class=\"yoast-schema-graph\">{\"@context\":\"https:\/\/schema.org\",\"@graph\":[{\"@type\":\"WebPage\",\"@id\":\"https:\/\/aivlisoft.net\/shop\/producto\/gigabyte-placa-base-x870-a-elite-wf7-ice-atx-am5\/\",\"url\":\"https:\/\/aivlisoft.net\/shop\/producto\/gigabyte-placa-base-x870-a-elite-wf7-ice-atx-am5\/\",\"name\":\"Gigabyte Placa Base X870 A ELITE WF7 ICE ATX AM5 - Aivlisoft Inform\u00e1tica\",\"isPartOf\":{\"@id\":\"https:\/\/aivlisoft.net\/shop\/#website\"},\"datePublished\":\"2025-01-13T14:46:22+00:00\",\"dateModified\":\"2025-01-14T11:18:13+00:00\",\"breadcrumb\":{\"@id\":\"https:\/\/aivlisoft.net\/shop\/producto\/gigabyte-placa-base-x870-a-elite-wf7-ice-atx-am5\/#breadcrumb\"},\"inLanguage\":\"es\",\"potentialAction\":[{\"@type\":\"ReadAction\",\"target\":[\"https:\/\/aivlisoft.net\/shop\/producto\/gigabyte-placa-base-x870-a-elite-wf7-ice-atx-am5\/\"]}]},{\"@type\":\"BreadcrumbList\",\"@id\":\"https:\/\/aivlisoft.net\/shop\/producto\/gigabyte-placa-base-x870-a-elite-wf7-ice-atx-am5\/#breadcrumb\",\"itemListElement\":[{\"@type\":\"ListItem\",\"position\":1,\"name\":\"Portada\",\"item\":\"https:\/\/aivlisoft.net\/shop\/\"},{\"@type\":\"ListItem\",\"position\":2,\"name\":\"Tienda\",\"item\":\"https:\/\/aivlisoft.net\/shop\/tienda\/\"},{\"@type\":\"ListItem\",\"position\":3,\"name\":\"Gigabyte Placa Base X870 A ELITE WF7 ICE ATX AM5\"}]},{\"@type\":\"WebSite\",\"@id\":\"https:\/\/aivlisoft.net\/shop\/#website\",\"url\":\"https:\/\/aivlisoft.net\/shop\/\",\"name\":\"Aivlisoft Inform\u00e1tica\",\"description\":\"En Aivlisoft Inform\u00e1tica ofrecemos soluciones tecnol\u00f3gicas para empresas: venta de ordenadores, consumibles, perif\u00e9ricos y m\u00e1s. Calidad, atenci\u00f3n personalizada y los mejores precios para tu negocio.\",\"publisher\":{\"@id\":\"https:\/\/aivlisoft.net\/shop\/#organization\"},\"potentialAction\":[{\"@type\":\"SearchAction\",\"target\":{\"@type\":\"EntryPoint\",\"urlTemplate\":\"https:\/\/aivlisoft.net\/shop\/?s={search_term_string}\"},\"query-input\":{\"@type\":\"PropertyValueSpecification\",\"valueRequired\":true,\"valueName\":\"search_term_string\"}}],\"inLanguage\":\"es\"},{\"@type\":\"Organization\",\"@id\":\"https:\/\/aivlisoft.net\/shop\/#organization\",\"name\":\"Aivlisoft Inform\u00e1tica\",\"url\":\"https:\/\/aivlisoft.net\/shop\/\",\"logo\":{\"@type\":\"ImageObject\",\"inLanguage\":\"es\",\"@id\":\"https:\/\/aivlisoft.net\/shop\/#\/schema\/logo\/image\/\",\"url\":\"https:\/\/aivlisoft.net\/shop\/wp-content\/uploads\/2024\/12\/removal.ai_5b848c54-0cdf-4140-95c5-c5536bb7573b-logodef.png\",\"contentUrl\":\"https:\/\/aivlisoft.net\/shop\/wp-content\/uploads\/2024\/12\/removal.ai_5b848c54-0cdf-4140-95c5-c5536bb7573b-logodef.png\",\"width\":484,\"height\":182,\"caption\":\"Aivlisoft Inform\u00e1tica\"},\"image\":{\"@id\":\"https:\/\/aivlisoft.net\/shop\/#\/schema\/logo\/image\/\"}}]}<\/script>\n<!-- \/ Yoast SEO plugin. -->","yoast_head_json":{"title":"Gigabyte Placa Base X870 A ELITE WF7 ICE ATX AM5 - Aivlisoft Inform\u00e1tica","robots":{"index":"index","follow":"follow","max-snippet":"max-snippet:-1","max-image-preview":"max-image-preview:large","max-video-preview":"max-video-preview:-1"},"canonical":"https:\/\/aivlisoft.net\/shop\/producto\/gigabyte-placa-base-x870-a-elite-wf7-ice-atx-am5\/","og_locale":"es_ES","og_type":"article","og_title":"Gigabyte Placa Base X870 A ELITE WF7 ICE ATX AM5 - Aivlisoft Inform\u00e1tica","og_description":"Marca Gigabyte Modelo X870 A ELITE WF7 ICE Plataforma &#8211; ATX ( 30.5cm x 24.4cm ) Chipset &#8211; AMD X870 CPU Soportados &#8211; AMD Socket AM5, soporte para: &nbsp; Procesadores AMD Ryzen serie 9000\/ &nbsp; Procesadores AMD Ryzen serie 8000\/ &nbsp; Procesadores AMD Ryzen serie 7000 * Vaya al sitio web de GIGABYTE para obtener&hellip;&nbsp;Gigabyte Placa Base X870 A ELITE WF7 ICE ATX AM5","og_url":"https:\/\/aivlisoft.net\/shop\/producto\/gigabyte-placa-base-x870-a-elite-wf7-ice-atx-am5\/","og_site_name":"Aivlisoft Inform\u00e1tica","article_modified_time":"2025-01-14T11:18:13+00:00","twitter_card":"summary_large_image","twitter_misc":{"Tiempo de lectura":"7 minutos"},"schema":{"@context":"https:\/\/schema.org","@graph":[{"@type":"WebPage","@id":"https:\/\/aivlisoft.net\/shop\/producto\/gigabyte-placa-base-x870-a-elite-wf7-ice-atx-am5\/","url":"https:\/\/aivlisoft.net\/shop\/producto\/gigabyte-placa-base-x870-a-elite-wf7-ice-atx-am5\/","name":"Gigabyte Placa Base X870 A ELITE WF7 ICE ATX AM5 - Aivlisoft Inform\u00e1tica","isPartOf":{"@id":"https:\/\/aivlisoft.net\/shop\/#website"},"datePublished":"2025-01-13T14:46:22+00:00","dateModified":"2025-01-14T11:18:13+00:00","breadcrumb":{"@id":"https:\/\/aivlisoft.net\/shop\/producto\/gigabyte-placa-base-x870-a-elite-wf7-ice-atx-am5\/#breadcrumb"},"inLanguage":"es","potentialAction":[{"@type":"ReadAction","target":["https:\/\/aivlisoft.net\/shop\/producto\/gigabyte-placa-base-x870-a-elite-wf7-ice-atx-am5\/"]}]},{"@type":"BreadcrumbList","@id":"https:\/\/aivlisoft.net\/shop\/producto\/gigabyte-placa-base-x870-a-elite-wf7-ice-atx-am5\/#breadcrumb","itemListElement":[{"@type":"ListItem","position":1,"name":"Portada","item":"https:\/\/aivlisoft.net\/shop\/"},{"@type":"ListItem","position":2,"name":"Tienda","item":"https:\/\/aivlisoft.net\/shop\/tienda\/"},{"@type":"ListItem","position":3,"name":"Gigabyte Placa Base X870 A ELITE WF7 ICE ATX AM5"}]},{"@type":"WebSite","@id":"https:\/\/aivlisoft.net\/shop\/#website","url":"https:\/\/aivlisoft.net\/shop\/","name":"Aivlisoft Inform\u00e1tica","description":"En Aivlisoft Inform\u00e1tica ofrecemos soluciones tecnol\u00f3gicas para empresas: venta de ordenadores, consumibles, perif\u00e9ricos y m\u00e1s. Calidad, atenci\u00f3n personalizada y los mejores precios para tu negocio.","publisher":{"@id":"https:\/\/aivlisoft.net\/shop\/#organization"},"potentialAction":[{"@type":"SearchAction","target":{"@type":"EntryPoint","urlTemplate":"https:\/\/aivlisoft.net\/shop\/?s={search_term_string}"},"query-input":{"@type":"PropertyValueSpecification","valueRequired":true,"valueName":"search_term_string"}}],"inLanguage":"es"},{"@type":"Organization","@id":"https:\/\/aivlisoft.net\/shop\/#organization","name":"Aivlisoft Inform\u00e1tica","url":"https:\/\/aivlisoft.net\/shop\/","logo":{"@type":"ImageObject","inLanguage":"es","@id":"https:\/\/aivlisoft.net\/shop\/#\/schema\/logo\/image\/","url":"https:\/\/aivlisoft.net\/shop\/wp-content\/uploads\/2024\/12\/removal.ai_5b848c54-0cdf-4140-95c5-c5536bb7573b-logodef.png","contentUrl":"https:\/\/aivlisoft.net\/shop\/wp-content\/uploads\/2024\/12\/removal.ai_5b848c54-0cdf-4140-95c5-c5536bb7573b-logodef.png","width":484,"height":182,"caption":"Aivlisoft Inform\u00e1tica"},"image":{"@id":"https:\/\/aivlisoft.net\/shop\/#\/schema\/logo\/image\/"}}]}},"_links":{"self":[{"href":"https:\/\/aivlisoft.net\/shop\/wp-json\/wp\/v2\/product\/14700","targetHints":{"allow":["GET"]}}],"collection":[{"href":"https:\/\/aivlisoft.net\/shop\/wp-json\/wp\/v2\/product"}],"about":[{"href":"https:\/\/aivlisoft.net\/shop\/wp-json\/wp\/v2\/types\/product"}],"wp:attachment":[{"href":"https:\/\/aivlisoft.net\/shop\/wp-json\/wp\/v2\/media?parent=14700"}],"wp:term":[{"taxonomy":"product_brand","embeddable":true,"href":"https:\/\/aivlisoft.net\/shop\/wp-json\/wp\/v2\/product_brand?post=14700"},{"taxonomy":"product_cat","embeddable":true,"href":"https:\/\/aivlisoft.net\/shop\/wp-json\/wp\/v2\/product_cat?post=14700"},{"taxonomy":"product_tag","embeddable":true,"href":"https:\/\/aivlisoft.net\/shop\/wp-json\/wp\/v2\/product_tag?post=14700"}],"curies":[{"name":"wp","href":"https:\/\/api.w.org\/{rel}","templated":true}]}}