{"id":14677,"date":"2025-01-13T14:46:03","date_gmt":"2025-01-13T14:46:03","guid":{"rendered":"https:\/\/aivlisoft.com\/?post_type=product&#038;p=14677"},"modified":"2025-01-14T11:18:05","modified_gmt":"2025-01-14T11:18:05","slug":"asus-placa-base-prime-b650m-a-wifi-ii-matx-am5","status":"publish","type":"product","link":"https:\/\/aivlisoft.net\/shop\/producto\/asus-placa-base-prime-b650m-a-wifi-ii-matx-am5\/","title":{"rendered":"ASUS Placa Base PRIME B650M-A WIFI II mATX AM5"},"content":{"rendered":"<p><\/p>\n<table class=\"tabla_caracteristicas k-table\" width=\"100%\">\n<tr>\n<td valign=\"top\"><strong>Marca<\/strong><\/td>\n<td>Asus<\/td>\n<\/tr>\n<tr>\n<td valign=\"top\"><strong>Modelo<\/strong><\/td>\n<td><strong>90MB1EG0-M0EAY0<\/strong><\/td>\n<\/tr>\n<tr>\n<td valign=\"top\"><strong>Plataforma<\/strong><\/td>\n<td>&#8211; mATX ( 24.4 cm x 24.4 cm )<\/td>\n<\/tr>\n<tr>\n<td valign=\"top\"><strong>Chipset<\/strong><\/td>\n<td>&#8211; <strong>AMD B650<\/strong><\/td>\n<\/tr>\n<tr>\n<td valign=\"top\"><strong>CPU<\/strong><strong> Soportados<\/strong><\/td>\n<td>&#8211; AMD Socket AM5 para procesadores de escritorio AMD Ryzen series 9000, 8000 y 7000*<br \/>\t\t\t* Consulte www.asus.com para obtener la lista de soporte de CPU.<\/td>\n<\/tr>\n<tr>\n<td valign=\"top\"><strong>Memoria<\/strong><\/td>\n<td>&#8211; 4 x DIMM, m&aacute;x. 192 GB, DDR5 7600+(OC)\/ 7200(OC)\/ 7000(OC)\/ 6800(OC)\/ 6600(OC)\/ 6400(OC)\/ 6200(OC)\/ 6000(OC)\/ 5800(OC)\/ 5600(OC) \/ 5400(OC)\/ 5200\/ 5000\/ 4800 ECC y no ECC, memoria sin b&uacute;fer*<br \/>\t\t\t&#8211; Arquitectura de memoria de doble canal<br \/>\t\t\t&#8211; Admite perfiles AMD EXTended para overclocking (EXPO)<br \/>\t\t\t&#8211; OptiMem II<br \/>\t\t\t* Los tipos de memoria admitidos, la velocidad de datos (velocidad) y la cantidad de m&oacute;dulos DRAM var&iacute;an seg&uacute;n la CPU y la configuraci&oacute;n de la memoria; para obtener m&aacute;s informaci&oacute;n, consulte www.asus.com para obtener la lista de compatibilidad de memoria.<br \/>\t\t\t** La memoria DDR5 sin ECC y sin b&uacute;fer admite la funci&oacute;n On-Die ECC<\/td>\n<\/tr>\n<tr>\n<td valign=\"top\">\n<div><strong>Slots Expansi&oacute;n<\/strong><\/div>\n<\/td>\n<td><strong>Procesadores de escritorio AMD Ryzen series 9000 y 7000<\/strong>*<br \/>\t\t\t&#8211; 1 x ranura(s) PCIe 4.0 x16<br \/>\t\t\t<strong>Procesadores de escritorio AMD Ryzen serie 8000<\/strong>*<br \/>\t\t\t&#8211; 1 x ranura PCIe 4.0 x16 (admite modo x8\/x4)**<br \/>\t\t\t<strong>Conjunto de chips AMD B650<\/strong><br \/>\t\t\t&#8211; 2 x ranuras PCIe 4.0 x16 (compatible con modo x1)<br \/>\t\t\t* Consulte la tabla de bifurcaci&oacute;n de PCIe en el sitio de soporte (https:\/\/www.asus.com\/support\/FAQ\/1037507\/).<br \/>\t\t\t** Las especificaciones var&iacute;an seg&uacute;n el tipo de CPU.<br \/>\t\t\t&#8211; Para garantizar la compatibilidad del dispositivo instalado, consulte https:\/\/www.asus.com\/support\/ para obtener la lista de perif&eacute;ricos compatibles.<\/td>\n<\/tr>\n<tr>\n<td valign=\"top\"><strong>Gr&aacute;ficos<\/strong><\/td>\n<td>&#8211; 1 x puerto DisplayPort*<br \/>\t\t\t&#8211; 1 x puerto VGA<br \/>\t\t\t&#8211; 1 x puerto HDMI&reg;**<br \/>\t\t\t* Soporta m&aacute;x. 8K@60Hz como se especifica en DisplayPort 1.4.<br \/>\t\t\t** Admite 4K@60Hz como se especifica en HDMI 2.1. &nbsp;<br \/>\t\t\t*** La compatibilidad con la resoluci&oacute;n VGA depende de la resoluci&oacute;n de los procesadores o las tarjetas gr&aacute;ficas.<\/td>\n<\/tr>\n<tr>\n<td valign=\"top\">\n<div><strong>Puertos E\/S, <\/strong><\/div>\n<div><strong>Conectores<\/strong><\/div>\n<div>&nbsp;<\/div>\n<\/td>\n<td>\n<div>\n<div><strong>Conectores Internos E\/S <\/strong><\/div>\n<\/p><\/div>\n<p>\t\t\t&#8211; Relacionados con ventiladores y refrigeraci&oacute;n<br \/>\t\t\t&nbsp; 1 x cabezal de ventilador de CPU de 4 pines.<br \/>\t\t\t&nbsp; 1 x cabezal de ventilador OPT de CPU de 4 pines<br \/>\t\t\t&#8211; Conectores de ventilador de chasis de 3 x 4 pines<br \/>\t\t\t&#8211; Relacionado con el poder<br \/>\t\t\t&nbsp; 1 x conector de alimentaci&oacute;n principal de 24 pines<br \/>\t\t\t&nbsp; 1 x conector de alimentaci&oacute;n de 8 pines +12 V<br \/>\t\t\t&nbsp; 1 x conector de alimentaci&oacute;n de 4 pines +12 V<br \/>\t\t\t&#8211; Relacionado con el almacenamiento<br \/>\t\t\t&nbsp; 2 x ranuras M.2 (clave M)<br \/>\t\t\t&nbsp; 4 x puertos SATA de 6 Gb\/s<br \/>\t\t\t&#8211; USB<br \/>\t\t\t&nbsp; 1 x conector USB 3.2 Gen 1 (compatible con USB Type-C&reg;)<br \/>\t\t\t&nbsp; 1 x conector USB 3.2 Gen 1 que admite 2 puertos USB 3.2 Gen 1 adicionales<br \/>\t\t\t&nbsp; 2 x cabezales USB 2.0 que admiten 4 puertos USB 2.0 adicionales<br \/>\t\t\t&#8211; Miscel&aacute;neas<br \/>\t\t\t&nbsp; 3 x cabezales direccionables Gen 2<br \/>\t\t\t&nbsp; 1 x cabezal Aura RGB<br \/>\t\t\t&nbsp; 1 x cabezal CMOS transparente<br \/>\t\t\t&nbsp; 1 x cabezal de puerto COM<br \/>\t\t\t&nbsp; 1 x cabezal de audio del panel frontal (AAFP)<br \/>\t\t\t&nbsp; 1 x cabezal de salida S\/PDIF<br \/>\t\t\t&nbsp; 1 x cabezal de altavoz<br \/>\t\t\t&nbsp; 1 x cabezal SPI TPM (14-1 pines)<br \/>\t\t\t&nbsp; 1 x cabezal del panel del sistema de 10-1 pines\t\t\t<\/p>\n<div>\n<div><strong>Panel E\/S Trasero<\/strong><\/div>\n<\/p><\/div>\n<p>\t\t\t&#8211; 2 x puertos USB 3.2 Gen 2 (2 x Tipo A)<br \/>\t\t\t&#8211; 2 x puertos USB 3.2 Gen 1 (2 x Tipo A)<br \/>\t\t\t&#8211; 4 x puertos USB 2.0 (4 x Tipo-A)<br \/>\t\t\t&#8211; 1 x puerto DisplayPort<br \/>\t\t\t&#8211; 1 x puerto VGA<br \/>\t\t\t&#8211; 1 x puerto HDMI<br \/>\t\t\t&#8211; 1 x m&oacute;dulo WiFi<br \/>\t\t\t&#8211; 1 x puerto Ethernet Realtek de 2,5 Gb<br \/>\t\t\t&#8211; 3 x conectores de audio<br \/>\t\t\t&#8211; 1 x bot&oacute;n BIOS FlashBack<br \/>\t\t\t&#8211; 1 x puerto combinado de teclado\/rat&oacute;n PS\/2<\/td>\n<\/tr>\n<tr>\n<td valign=\"top\">\n<div><strong>Otras <\/strong><\/div>\n<div><strong>Caracter&iacute;sticas<\/strong><\/div>\n<\/td>\n<td><strong>Audio<\/strong><br \/>\t\t\t&#8211; CODEC de audio de alta definici&oacute;n con sonido envolvente Realtek 7.1*<br \/>\t\t\t&nbsp; Admite: detecci&oacute;n de jack, transmisi&oacute;n m&uacute;ltiple, reasignaci&oacute;n de jack en el panel frontal<br \/>\t\t\t&nbsp; Admite reproducci&oacute;n de hasta 24 bits\/192 kHz<br \/>\t\t\t&#8211; Funciones de audio<br \/>\t\t\t&nbsp; Blindaje de audio<br \/>\t\t\t&nbsp; Condensadores de audio premium<br \/>\t\t\t&nbsp; Capas de PCB de audio dedicadas<br \/>\t\t\t* Se requiere un chasis con un m&oacute;dulo de audio HD en el panel frontal para admitir la salida de audio de sonido envolvente 7.1.<br \/>\t\t\t** Se requiere un chasis con un m&oacute;dulo de audio HD en el panel frontal para admitir la salida de audio de sonido envolvente 7.1.<br \/>\t\t\t<strong>LAN<\/strong><br \/>\t\t\t&#8211; 1 x Ethernet Realtek de 2,5 Gb<br \/>\t\t\t<strong>Inal&aacute;mbrico y Bluetooth<\/strong><br \/>\t\t\t&#8211; Wifi 6 2&#215;2 (802.11 a\/b\/g\/n\/ac\/ax)<br \/>\t\t\t&#8211; Admite banda de frecuencia de 2,4\/5 GHz<br \/>\t\t\t&#8211; Bluetooth v5.2<br \/>\t\t\t<strong>Almacenamiento<\/strong><br \/>\t\t\t&#8211; Total admite 2 ranuras M.2 y 4 puertos SATA de 6 Gb\/s<br \/>\t\t\t&#8211; Procesadores de escritorio AMD Ryzen series 9000 y 7000<br \/>\t\t\t&nbsp; Ranura M.2_1 (Clave M), tipo 2242\/2260\/2280 (admite modo PCIe 5.0 x4)<br \/>\t\t\t&#8211; Procesadores de escritorio AMD Ryzen serie 8000<br \/>\t\t\t&nbsp; Ranura M.2_1 (Clave M), tipo 2242\/2260\/2280 (admite modo PCIe 4.0 x4)<br \/>\t\t\t&#8211; Conjunto de chips AMD B650<br \/>\t\t\t&nbsp; Ranura M.2_2 (Clave M), tipo 2242\/2260\/2280 (admite modo PCIe 4.0 x4)***<br \/>\t\t\t&nbsp; 4 puertos SATA de 6 Gb\/s<br \/>\t\t\t* La tecnolog&iacute;a AMD RAIDXpert2 admite PCIe RAID 0\/1\/10 y SATA RAID 0\/1\/10.<br \/>\t\t\t<strong>USB<\/strong><br \/>\t\t\t&#8211; USB trasero (8 puertos en total)<br \/>\t\t\t&nbsp; 2 x puertos USB 3.2 Gen 2&#215;2 (2 x Type-A)<br \/>\t\t\t&nbsp; 2 x puertos USB 3.2 Gen 1 (2 x Tipo A)<br \/>\t\t\t&nbsp; 4 x puertos USB 2.0 (4 x Tipo-A)<br \/>\t\t\t&#8211; USB frontal (7 puertos en total)<br \/>\t\t\t&nbsp; 1 x conector USB 3.2 Gen 1 (compatible con USB Type-C)<br \/>\t\t\t&nbsp; 1 x conector USB 3.2 Gen 1 que admite 2 puertos USB 3.2 Gen 1 adicionales<br \/>\t\t\t&nbsp; 2 x cabezales USB 2.0 que admiten 4 puertos USB 2.0 adicionales\t\t\t<\/p>\n<div class=\"TechSpec__rowTable__1LR9D\">\n<div class=\"TechSpec__rowTableTitle__3GLj4\">\n<div class=\"rowTableTitle\"><strong>Sistema operativo<\/strong><\/div>\n<\/p><\/div>\n<div class=\"rowTableItemViewBox TechSpec__rowTableItemViewBox__edVaL undefined\">\n<div class=\"TechSpec__rowTableItemBox__8tmQd TechSpec__themeDark__3Vuxm\" style=\"transform: translateX(0px); min-height: 30px;\">\n<div class=\"TechSpec__rowTableItems__KYWXp\" style=\"flex-basis: 904px;\">&#8211; Windows 11<br \/>\t\t\t&#8211; Windows 10 64-bit<\/div>\n<\/p><\/div>\n<\/p><\/div>\n<\/p><\/div>\n<\/td>\n<\/tr>\n<tr>\n<td valign=\"top\"><strong>Fecha Revisi&oacute;n<\/strong><\/td>\n<td>23-09-2024 por RTY<\/td>\n<\/tr>\n<\/table>\n","protected":false},"excerpt":{"rendered":"<p>Marca Asus Modelo 90MB1EG0-M0EAY0 Plataforma &#8211; mATX ( 24.4 cm x 24.4 cm ) Chipset &#8211; AMD B650 CPU Soportados &#8211; AMD Socket AM5 para procesadores de escritorio AMD Ryzen series 9000, 8000 y 7000* * Consulte www.asus.com para obtener la lista de soporte de CPU. Memoria &#8211; 4 x DIMM, m&aacute;x. 192 GB, DDR5&hellip;&nbsp;<a href=\"https:\/\/aivlisoft.net\/shop\/producto\/asus-placa-base-prime-b650m-a-wifi-ii-matx-am5\/\" rel=\"bookmark\"><span class=\"screen-reader-text\">ASUS Placa Base PRIME B650M-A WIFI II mATX AM5<\/span><\/a><\/p>\n","protected":false},"featured_media":14678,"template":"","meta":{"neve_meta_sidebar":"","neve_meta_container":"","neve_meta_enable_content_width":"","neve_meta_content_width":0,"neve_meta_title_alignment":"","neve_meta_author_avatar":"","neve_post_elements_order":"","neve_meta_disable_header":"","neve_meta_disable_footer":"","neve_meta_disable_title":""},"product_brand":[],"product_cat":[8746],"product_tag":[5634],"class_list":{"0":"post-14677","1":"product","2":"type-product","3":"status-publish","4":"has-post-thumbnail","6":"product_cat-amd-socket-am5","7":"product_tag-90mb1eg0-m0eay0","9":"first","10":"instock","11":"taxable","12":"shipping-taxable","13":"purchasable","14":"product-type-simple"},"yoast_head":"<!-- This site is optimized with the Yoast SEO plugin v26.0 - https:\/\/yoast.com\/wordpress\/plugins\/seo\/ -->\n<title>ASUS Placa Base PRIME B650M-A WIFI II mATX AM5 - Aivlisoft Inform\u00e1tica<\/title>\n<meta name=\"robots\" content=\"index, follow, max-snippet:-1, max-image-preview:large, max-video-preview:-1\" \/>\n<link rel=\"canonical\" href=\"https:\/\/aivlisoft.net\/shop\/producto\/asus-placa-base-prime-b650m-a-wifi-ii-matx-am5\/\" \/>\n<meta property=\"og:locale\" content=\"es_ES\" \/>\n<meta property=\"og:type\" content=\"article\" \/>\n<meta property=\"og:title\" content=\"ASUS Placa Base PRIME B650M-A WIFI II mATX AM5 - Aivlisoft Inform\u00e1tica\" \/>\n<meta property=\"og:description\" content=\"Marca Asus Modelo 90MB1EG0-M0EAY0 Plataforma &#8211; mATX ( 24.4 cm x 24.4 cm ) Chipset &#8211; AMD B650 CPU Soportados &#8211; AMD Socket AM5 para procesadores de escritorio AMD Ryzen series 9000, 8000 y 7000* * Consulte www.asus.com para obtener la lista de soporte de CPU. Memoria &#8211; 4 x DIMM, m&aacute;x. 192 GB, DDR5&hellip;&nbsp;ASUS Placa Base PRIME B650M-A WIFI II mATX AM5\" \/>\n<meta property=\"og:url\" content=\"https:\/\/aivlisoft.net\/shop\/producto\/asus-placa-base-prime-b650m-a-wifi-ii-matx-am5\/\" \/>\n<meta property=\"og:site_name\" content=\"Aivlisoft Inform\u00e1tica\" \/>\n<meta property=\"article:modified_time\" content=\"2025-01-14T11:18:05+00:00\" \/>\n<meta property=\"og:image\" content=\"https:\/\/aivlisoft.net\/shop\/wp-content\/uploads\/2025\/01\/IPBPA50046_800.jpg\" \/>\n\t<meta property=\"og:image:width\" content=\"800\" \/>\n\t<meta property=\"og:image:height\" content=\"800\" \/>\n\t<meta property=\"og:image:type\" content=\"image\/jpeg\" \/>\n<meta name=\"twitter:card\" content=\"summary_large_image\" \/>\n<meta name=\"twitter:label1\" content=\"Tiempo de lectura\" \/>\n\t<meta name=\"twitter:data1\" content=\"4 minutos\" \/>\n<script type=\"application\/ld+json\" class=\"yoast-schema-graph\">{\"@context\":\"https:\/\/schema.org\",\"@graph\":[{\"@type\":\"WebPage\",\"@id\":\"https:\/\/aivlisoft.net\/shop\/producto\/asus-placa-base-prime-b650m-a-wifi-ii-matx-am5\/\",\"url\":\"https:\/\/aivlisoft.net\/shop\/producto\/asus-placa-base-prime-b650m-a-wifi-ii-matx-am5\/\",\"name\":\"ASUS Placa Base PRIME B650M-A WIFI II mATX AM5 - Aivlisoft Inform\u00e1tica\",\"isPartOf\":{\"@id\":\"https:\/\/aivlisoft.net\/shop\/#website\"},\"primaryImageOfPage\":{\"@id\":\"https:\/\/aivlisoft.net\/shop\/producto\/asus-placa-base-prime-b650m-a-wifi-ii-matx-am5\/#primaryimage\"},\"image\":{\"@id\":\"https:\/\/aivlisoft.net\/shop\/producto\/asus-placa-base-prime-b650m-a-wifi-ii-matx-am5\/#primaryimage\"},\"thumbnailUrl\":\"https:\/\/aivlisoft.net\/shop\/wp-content\/uploads\/2025\/01\/IPBPA50046_800.jpg\",\"datePublished\":\"2025-01-13T14:46:03+00:00\",\"dateModified\":\"2025-01-14T11:18:05+00:00\",\"breadcrumb\":{\"@id\":\"https:\/\/aivlisoft.net\/shop\/producto\/asus-placa-base-prime-b650m-a-wifi-ii-matx-am5\/#breadcrumb\"},\"inLanguage\":\"es\",\"potentialAction\":[{\"@type\":\"ReadAction\",\"target\":[\"https:\/\/aivlisoft.net\/shop\/producto\/asus-placa-base-prime-b650m-a-wifi-ii-matx-am5\/\"]}]},{\"@type\":\"ImageObject\",\"inLanguage\":\"es\",\"@id\":\"https:\/\/aivlisoft.net\/shop\/producto\/asus-placa-base-prime-b650m-a-wifi-ii-matx-am5\/#primaryimage\",\"url\":\"https:\/\/aivlisoft.net\/shop\/wp-content\/uploads\/2025\/01\/IPBPA50046_800.jpg\",\"contentUrl\":\"https:\/\/aivlisoft.net\/shop\/wp-content\/uploads\/2025\/01\/IPBPA50046_800.jpg\",\"width\":800,\"height\":800},{\"@type\":\"BreadcrumbList\",\"@id\":\"https:\/\/aivlisoft.net\/shop\/producto\/asus-placa-base-prime-b650m-a-wifi-ii-matx-am5\/#breadcrumb\",\"itemListElement\":[{\"@type\":\"ListItem\",\"position\":1,\"name\":\"Portada\",\"item\":\"https:\/\/aivlisoft.net\/shop\/\"},{\"@type\":\"ListItem\",\"position\":2,\"name\":\"Tienda\",\"item\":\"https:\/\/aivlisoft.net\/shop\/tienda\/\"},{\"@type\":\"ListItem\",\"position\":3,\"name\":\"ASUS Placa Base PRIME B650M-A WIFI II mATX AM5\"}]},{\"@type\":\"WebSite\",\"@id\":\"https:\/\/aivlisoft.net\/shop\/#website\",\"url\":\"https:\/\/aivlisoft.net\/shop\/\",\"name\":\"Aivlisoft Inform\u00e1tica\",\"description\":\"En Aivlisoft Inform\u00e1tica ofrecemos soluciones tecnol\u00f3gicas para empresas: venta de ordenadores, consumibles, perif\u00e9ricos y m\u00e1s. Calidad, atenci\u00f3n personalizada y los mejores precios para tu negocio.\",\"publisher\":{\"@id\":\"https:\/\/aivlisoft.net\/shop\/#organization\"},\"potentialAction\":[{\"@type\":\"SearchAction\",\"target\":{\"@type\":\"EntryPoint\",\"urlTemplate\":\"https:\/\/aivlisoft.net\/shop\/?s={search_term_string}\"},\"query-input\":{\"@type\":\"PropertyValueSpecification\",\"valueRequired\":true,\"valueName\":\"search_term_string\"}}],\"inLanguage\":\"es\"},{\"@type\":\"Organization\",\"@id\":\"https:\/\/aivlisoft.net\/shop\/#organization\",\"name\":\"Aivlisoft Inform\u00e1tica\",\"url\":\"https:\/\/aivlisoft.net\/shop\/\",\"logo\":{\"@type\":\"ImageObject\",\"inLanguage\":\"es\",\"@id\":\"https:\/\/aivlisoft.net\/shop\/#\/schema\/logo\/image\/\",\"url\":\"https:\/\/aivlisoft.net\/shop\/wp-content\/uploads\/2024\/12\/removal.ai_5b848c54-0cdf-4140-95c5-c5536bb7573b-logodef.png\",\"contentUrl\":\"https:\/\/aivlisoft.net\/shop\/wp-content\/uploads\/2024\/12\/removal.ai_5b848c54-0cdf-4140-95c5-c5536bb7573b-logodef.png\",\"width\":484,\"height\":182,\"caption\":\"Aivlisoft Inform\u00e1tica\"},\"image\":{\"@id\":\"https:\/\/aivlisoft.net\/shop\/#\/schema\/logo\/image\/\"}}]}<\/script>\n<!-- \/ Yoast SEO plugin. -->","yoast_head_json":{"title":"ASUS Placa Base PRIME B650M-A WIFI II mATX AM5 - Aivlisoft Inform\u00e1tica","robots":{"index":"index","follow":"follow","max-snippet":"max-snippet:-1","max-image-preview":"max-image-preview:large","max-video-preview":"max-video-preview:-1"},"canonical":"https:\/\/aivlisoft.net\/shop\/producto\/asus-placa-base-prime-b650m-a-wifi-ii-matx-am5\/","og_locale":"es_ES","og_type":"article","og_title":"ASUS Placa Base PRIME B650M-A WIFI II mATX AM5 - Aivlisoft Inform\u00e1tica","og_description":"Marca Asus Modelo 90MB1EG0-M0EAY0 Plataforma &#8211; mATX ( 24.4 cm x 24.4 cm ) Chipset &#8211; AMD B650 CPU Soportados &#8211; AMD Socket AM5 para procesadores de escritorio AMD Ryzen series 9000, 8000 y 7000* * Consulte www.asus.com para obtener la lista de soporte de CPU. Memoria &#8211; 4 x DIMM, m&aacute;x. 192 GB, DDR5&hellip;&nbsp;ASUS Placa Base PRIME B650M-A WIFI II mATX AM5","og_url":"https:\/\/aivlisoft.net\/shop\/producto\/asus-placa-base-prime-b650m-a-wifi-ii-matx-am5\/","og_site_name":"Aivlisoft Inform\u00e1tica","article_modified_time":"2025-01-14T11:18:05+00:00","og_image":[{"width":800,"height":800,"url":"https:\/\/aivlisoft.net\/shop\/wp-content\/uploads\/2025\/01\/IPBPA50046_800.jpg","type":"image\/jpeg"}],"twitter_card":"summary_large_image","twitter_misc":{"Tiempo de lectura":"4 minutos"},"schema":{"@context":"https:\/\/schema.org","@graph":[{"@type":"WebPage","@id":"https:\/\/aivlisoft.net\/shop\/producto\/asus-placa-base-prime-b650m-a-wifi-ii-matx-am5\/","url":"https:\/\/aivlisoft.net\/shop\/producto\/asus-placa-base-prime-b650m-a-wifi-ii-matx-am5\/","name":"ASUS Placa Base PRIME B650M-A WIFI II mATX AM5 - Aivlisoft Inform\u00e1tica","isPartOf":{"@id":"https:\/\/aivlisoft.net\/shop\/#website"},"primaryImageOfPage":{"@id":"https:\/\/aivlisoft.net\/shop\/producto\/asus-placa-base-prime-b650m-a-wifi-ii-matx-am5\/#primaryimage"},"image":{"@id":"https:\/\/aivlisoft.net\/shop\/producto\/asus-placa-base-prime-b650m-a-wifi-ii-matx-am5\/#primaryimage"},"thumbnailUrl":"https:\/\/aivlisoft.net\/shop\/wp-content\/uploads\/2025\/01\/IPBPA50046_800.jpg","datePublished":"2025-01-13T14:46:03+00:00","dateModified":"2025-01-14T11:18:05+00:00","breadcrumb":{"@id":"https:\/\/aivlisoft.net\/shop\/producto\/asus-placa-base-prime-b650m-a-wifi-ii-matx-am5\/#breadcrumb"},"inLanguage":"es","potentialAction":[{"@type":"ReadAction","target":["https:\/\/aivlisoft.net\/shop\/producto\/asus-placa-base-prime-b650m-a-wifi-ii-matx-am5\/"]}]},{"@type":"ImageObject","inLanguage":"es","@id":"https:\/\/aivlisoft.net\/shop\/producto\/asus-placa-base-prime-b650m-a-wifi-ii-matx-am5\/#primaryimage","url":"https:\/\/aivlisoft.net\/shop\/wp-content\/uploads\/2025\/01\/IPBPA50046_800.jpg","contentUrl":"https:\/\/aivlisoft.net\/shop\/wp-content\/uploads\/2025\/01\/IPBPA50046_800.jpg","width":800,"height":800},{"@type":"BreadcrumbList","@id":"https:\/\/aivlisoft.net\/shop\/producto\/asus-placa-base-prime-b650m-a-wifi-ii-matx-am5\/#breadcrumb","itemListElement":[{"@type":"ListItem","position":1,"name":"Portada","item":"https:\/\/aivlisoft.net\/shop\/"},{"@type":"ListItem","position":2,"name":"Tienda","item":"https:\/\/aivlisoft.net\/shop\/tienda\/"},{"@type":"ListItem","position":3,"name":"ASUS Placa Base PRIME B650M-A WIFI II mATX AM5"}]},{"@type":"WebSite","@id":"https:\/\/aivlisoft.net\/shop\/#website","url":"https:\/\/aivlisoft.net\/shop\/","name":"Aivlisoft Inform\u00e1tica","description":"En Aivlisoft Inform\u00e1tica ofrecemos soluciones tecnol\u00f3gicas para empresas: venta de ordenadores, consumibles, perif\u00e9ricos y m\u00e1s. Calidad, atenci\u00f3n personalizada y los mejores precios para tu negocio.","publisher":{"@id":"https:\/\/aivlisoft.net\/shop\/#organization"},"potentialAction":[{"@type":"SearchAction","target":{"@type":"EntryPoint","urlTemplate":"https:\/\/aivlisoft.net\/shop\/?s={search_term_string}"},"query-input":{"@type":"PropertyValueSpecification","valueRequired":true,"valueName":"search_term_string"}}],"inLanguage":"es"},{"@type":"Organization","@id":"https:\/\/aivlisoft.net\/shop\/#organization","name":"Aivlisoft Inform\u00e1tica","url":"https:\/\/aivlisoft.net\/shop\/","logo":{"@type":"ImageObject","inLanguage":"es","@id":"https:\/\/aivlisoft.net\/shop\/#\/schema\/logo\/image\/","url":"https:\/\/aivlisoft.net\/shop\/wp-content\/uploads\/2024\/12\/removal.ai_5b848c54-0cdf-4140-95c5-c5536bb7573b-logodef.png","contentUrl":"https:\/\/aivlisoft.net\/shop\/wp-content\/uploads\/2024\/12\/removal.ai_5b848c54-0cdf-4140-95c5-c5536bb7573b-logodef.png","width":484,"height":182,"caption":"Aivlisoft Inform\u00e1tica"},"image":{"@id":"https:\/\/aivlisoft.net\/shop\/#\/schema\/logo\/image\/"}}]}},"_links":{"self":[{"href":"https:\/\/aivlisoft.net\/shop\/wp-json\/wp\/v2\/product\/14677","targetHints":{"allow":["GET"]}}],"collection":[{"href":"https:\/\/aivlisoft.net\/shop\/wp-json\/wp\/v2\/product"}],"about":[{"href":"https:\/\/aivlisoft.net\/shop\/wp-json\/wp\/v2\/types\/product"}],"wp:featuredmedia":[{"embeddable":true,"href":"https:\/\/aivlisoft.net\/shop\/wp-json\/wp\/v2\/media\/14678"}],"wp:attachment":[{"href":"https:\/\/aivlisoft.net\/shop\/wp-json\/wp\/v2\/media?parent=14677"}],"wp:term":[{"taxonomy":"product_brand","embeddable":true,"href":"https:\/\/aivlisoft.net\/shop\/wp-json\/wp\/v2\/product_brand?post=14677"},{"taxonomy":"product_cat","embeddable":true,"href":"https:\/\/aivlisoft.net\/shop\/wp-json\/wp\/v2\/product_cat?post=14677"},{"taxonomy":"product_tag","embeddable":true,"href":"https:\/\/aivlisoft.net\/shop\/wp-json\/wp\/v2\/product_tag?post=14677"}],"curies":[{"name":"wp","href":"https:\/\/api.w.org\/{rel}","templated":true}]}}