{"id":14675,"date":"2025-01-13T14:46:02","date_gmt":"2025-01-13T14:46:02","guid":{"rendered":"https:\/\/aivlisoft.com\/?post_type=product&#038;p=14675"},"modified":"2025-01-14T11:18:04","modified_gmt":"2025-01-14T11:18:04","slug":"msi-placa-base-mag-x870-tomahawk-wifi-am5","status":"publish","type":"product","link":"https:\/\/aivlisoft.net\/shop\/producto\/msi-placa-base-mag-x870-tomahawk-wifi-am5\/","title":{"rendered":"MSI Placa Base MAG X870 TOMAHAWK WIFI AM5"},"content":{"rendered":"<p><\/p>\n<table class=\"tabla_caracteristicas k-table\" width=\"100%\">\n<tr>\n<td valign=\"top\"><strong>Marca<\/strong><\/td>\n<td>MSI<\/td>\n<\/tr>\n<tr>\n<td valign=\"top\"><strong>Modelo<\/strong><\/td>\n<td><strong>911-7E51-07S<\/strong><\/td>\n<\/tr>\n<tr>\n<td valign=\"top\"><strong>Formato placa<\/strong><\/td>\n<td>&#8211; <strong>ATX<\/strong> ( 304.8mmx243.84mm)<\/td>\n<\/tr>\n<tr>\n<td valign=\"top\"><strong>Chipset<\/strong><\/td>\n<td>&#8211; <strong>AMD X870<\/strong><\/td>\n<\/tr>\n<tr>\n<td valign=\"top\">\n<div><strong>CPU Soportados<\/strong><\/div>\n<\/td>\n<td>&#8211; Compatible con procesadores de escritorio AMD Ryzen series 9000\/8000\/7000 Enchufe AM5<\/td>\n<\/tr>\n<tr>\n<td valign=\"top\"><strong>Memoria<\/strong><\/td>\n<td>&#8211; 4 x <strong>DDR5 <\/strong>memory slots, soporta hasta 256GB<br \/>\t\t\t&#8211; Soporta DDR5 8400+(OC)\/ 8200+(OC)\/ 8000+(OC)\/ 7800(OC)\/ 7600(OC)\/ 7400(OC)\/ 7200(OC)\/ 7000(OC)\/ 6800(OC)\/ 6600(OC)\/ 6400(OC)\/ 6200(OC)\/ 6000(OC)\/ 5800(OC)\/ 5600(JEDEC)\/ 5400(JEDEC)\/ 5200(JEDEC)\/ 5000(JEDEC)\/ 4800(JEDEC) MT\/s<br \/>\t\t\t&nbsp;&#8211; Procesadores Ryzen serie 9000 m&aacute;x. frecuencia de overclocking:<br \/>\t\t\t&nbsp; 1DPC 1R Velocidad m&aacute;xima de hasta 8400+ MT\/s<br \/>\t\t\t&nbsp; 1DPC 2R Velocidad m&aacute;xima de hasta 6400+ MT\/s<br \/>\t\t\t&nbsp; 2DPC 1R Velocidad m&aacute;xima de hasta 6400+ MT\/s<br \/>\t\t\t&nbsp; 2DPC 2R Velocidad m&aacute;xima de hasta 4800+ MT\/s<br \/>\t\t\t&#8211; Admite velocidad AMD POR y velocidad JEDEC<br \/>\t\t\t&#8211; Admite overclocking de memoria y AMD EXPOTM<br \/>\t\t\t&#8211; Soporta modo de doble canal<br \/>\t\t\t&#8211; Admite memoria sin b&uacute;fer y sin ECC<br \/>\t\t\t&#8211; Admite CUDIMM, modo de derivaci&oacute;n del controlador del reloj &uacute;nicamente<\/td>\n<\/tr>\n<tr>\n<td valign=\"top\">\n<div><strong>Slots Expansi&oacute;n<\/strong><\/div>\n<\/td>\n<td>&#8211; 3 x ranura PCI-E x16<br \/>\t\t\t&nbsp; PCI_E1 Gen PCIe 5.0 admite hasta x16 (desde CPU)<br \/>\t\t\t&nbsp; PCI_E2 Gen PCIe 3.0 admite hasta x1 (desde CPU)<br \/>\t\t\t&nbsp; PCI_E3 Gen PCIe 4.0 admite hasta x4 (desde el chipset)<br \/>\t\t\t&#8211; Ranura PCI_E1<br \/>\t\t\t&nbsp; Admite PCIe 5.0 x16 (para procesadores Ryzen series 9000\/7000)<br \/>\t\t\t&nbsp; Admite PCIe 4.0 x8 (para procesadores Ryzen series 8700\/8600\/8400)<br \/>\t\t\t&nbsp; Admite PCIe 4.0 x4 (para procesadores Ryzen serie 8500\/8300)<br \/>\t\t\t*La ranura PCI_E3 funcionar&aacute; a una velocidad x2 al instalar el dispositivo en la ranura M2_3. Puede cambiar la ranura PCI_E3 a x4 en el BIOS, pero esto desactivar&aacute; la ranura M2_3<\/td>\n<\/tr>\n<tr>\n<td valign=\"top\"><strong>Gr&aacute;ficos<\/strong><\/td>\n<td>&#8211; 1 x HDMI<br \/>\t\t\t&nbsp; Admite HDMI&trade; 2.1 FRL, resoluci&oacute;n m&aacute;xima de 8K 60 Hz*<br \/>\t\t\t&#8211; 2 x DisplayPort tipo C<br \/>\t\t\t&#8211; Puerto USB4<br \/>\t\t\t&nbsp; Compatible con DisplayPort 1.4 con HBR3 a trav&eacute;s de USB Type-C, resoluci&oacute;n m&aacute;xima de 4K 60 Hz*<br \/>\t\t\t*Disponible s&oacute;lo en procesadores con gr&aacute;ficos integrados. Las especificaciones gr&aacute;ficas pueden variar seg&uacute;n la CPU instalada.<\/td>\n<\/tr>\n<tr>\n<td valign=\"top\">\n<div><strong>Puertos E\/S, <\/strong><\/div>\n<div><strong>Conectores<\/strong><\/div>\n<div>&nbsp;<\/div>\n<\/td>\n<td>\n<div><strong>Internos<\/strong><\/div>\n<div>&#8211; 1 x conector de alimentaci&oacute;n (ATX_PWR)<br \/>\t\t\t&#8211; 2 x conector de alimentaci&oacute;n (CPU_PWR)<br \/>\t\t\t&#8211; 1 x conector de alimentaci&oacute;n (PCIE_PWR de 8 pines)<br \/>\t\t\t&#8211; 1 x ventilador de CPU<br \/>\t\t\t&#8211; 1 x ventilador combinado (ventilador Pump_Sys)<br \/>\t\t\t&#8211; 6 x ventilador del sistema<br \/>\t\t\t&#8211; 1 x conector EZ (JAF_2)<br \/>\t\t\t&#8211; 2 x Panel frontal (JFP)<br \/>\t\t\t&#8211; 1 x Intrusi&oacute;n de chasis (JCI)<br \/>\t\t\t&#8211; 1 x audio frontal (JAUD)<br \/>\t\t\t&#8211; 3 x Conector LED RGB V2 direccionable (JARGB_V2)<br \/>\t\t\t&#8211; 1 x conector LED RGB (JRGB)<br \/>\t\t\t&#8211; 1 x encabezado de pin TPM (compatible con TPM 2.0)<br \/>\t\t\t&#8211; 4 x puertos USB 2.0<br \/>\t\t\t&#8211; 4 x puertos USB tipo A de 5 Gbps<br \/>\t\t\t&#8211; 1 x puerto USB tipo C de 20 Gbps<\/div>\n<div><strong>Externos<\/strong><\/div>\n<p>\t\t\t&#8211; Bot&oacute;n Borrar CMOS<br \/>\t\t\t&#8211; USB 10 Gbps tipo A<br \/>\t\t\t&#8211; USB 5 Gbps tipo A<br \/>\t\t\t&#8211; USB 2.0<br \/>\t\t\t&#8211; LAN 5G<br \/>\t\t\t&#8211; Wi-Fi\/Bluetooth<br \/>\t\t\t&#8211; Conectores de audio<br \/>\t\t\t&#8211; Bot&oacute;n BIOS flash<br \/>\t\t\t&#8211; HDMI<br \/>\t\t\t&#8211; USB 40 Gbps tipo C<br \/>\t\t\t&#8211; USB 10 Gbps tipo C<br \/>\t\t\t&#8211; USB 10 Gbps tipo A<\/td>\n<\/tr>\n<tr>\n<td valign=\"top\">\n<div><strong>Otras <\/strong><\/div>\n<div><strong>Caracter&iacute;sticas<\/strong><\/div>\n<\/td>\n<td>\n<div><strong>Almacenamiento<\/strong><br \/>\t\t\t&#8211; 4 x M.2:<br \/>\t\t\t&nbsp; Fuente M.2_1 (desde CPU) admite hasta PCIe 5.0 x4, admite dispositivos 22110\/2280<br \/>\t\t\t&nbsp; Fuente M.2_2 (desde CPU) admite hasta PCIe 5.0 x4, admite dispositivos 2280\/2260<br \/>\t\t\t&nbsp; Fuente M.2_3 (desde chipset) admite hasta PCIe 4.0 x2, admite dispositivos 2280\/2260<br \/>\t\t\t&nbsp; Fuente M.2_4 (desde chipset) admite hasta PCIe 4.0 x4, admite dispositivos 2280\/2260<br \/>\t\t\t* La ranura M2_2 no estar&aacute; disponible cuando se utilicen procesadores Ryzen series 8500\/8300.<br \/>\t\t\t** Los puertos USB tipo C de 40 Gbps en el panel posterior y la ranura M2_2 comparten ancho de banda PCIe 5.0 x4. Ambos se ejecutan en PCIe 5.0 x2 cuando se instala un dispositivo en la ranura M2_2. Puede cambiar M2_2 a PCIe 5.0 x4 en el BIOS, pero esto deshabilitar&aacute; los puertos USB tipo C de 40 Gbps<br \/>\t\t\t*** La ranura PCI_E3 funcionar&aacute; a una velocidad x2 al instalar el dispositivo en la ranura M2_3. Puede cambiar la ranura PCI_E3 a x4 en el BIOS, pero esto desactivar&aacute; la ranura M2_3.<br \/>\t\t\t**** Consulte el manual para conocer las restricciones del disipador t&eacute;rmico SSD M.2<br \/>\t\t\t<strong>RAID<\/strong><br \/>\t\t\t&#8211; Soporta <strong>RAID 0, RAID 1 y RAID 10<\/strong> para dispositivos de almacenamiento M.2 NVMe<br \/>\t\t\t<strong>USB<\/strong><br \/>\t\t\t&#8211; 4 x USB 2.0 (trasero)<br \/>\t\t\t&#8211; 4 x USB 2.0 (Frontal)<br \/>\t\t\t&#8211; 3 x USB 5Gbps Tipo A (Trasero)<br \/>\t\t\t&#8211; 4 x USB 5Gbps Tipo A (Frontal)<br \/>\t\t\t&#8211; 2 x USB 10Gbps Tipo A (Trasero)<br \/>\t\t\t&#8211; 1 x USB 10Gbps Tipo C (Trasero)<br \/>\t\t\t&#8211; 1 x USB 20Gbps Tipo C (Frontal)<br \/>\t\t\t&#8211; 2 x USB 40Gbps Tipo C (Trasero)<br \/>\t\t\t<strong>Red<\/strong><br \/>\t\t\t&#8211; 1 x Realtek 8126-CG 5G LAN<br \/>\t\t\t<strong>Audio<\/strong><br \/>\t\t\t&#8211; C&oacute;dec Realtek ALC4080<br \/>\t\t\t&#8211; Audio de alto rendimiento USB de 7.1 canales<br \/>\t\t\t&#8211; Admite reproducci&oacute;n de hasta 32 bits\/384 kHz en el panel frontal<br \/>\t\t\t&#8211; Admite salida S\/PDIF<\/div>\n<p>\t\t\t<strong>S.O. Compatible<\/strong><br \/>\t\t\t&#8211; Soporte para Windows 11 64-bit<\/td>\n<\/tr>\n<tr>\n<td valign=\"top\"><strong>Fecha Revisi&oacute;n<\/strong><\/td>\n<td>01-10-2024 por RTY<\/td>\n<\/tr>\n<\/table>\n","protected":false},"excerpt":{"rendered":"<p>Marca MSI Modelo 911-7E51-07S Formato placa &#8211; ATX ( 304.8mmx243.84mm) Chipset &#8211; AMD X870 CPU Soportados &#8211; Compatible con procesadores de escritorio AMD Ryzen series 9000\/8000\/7000 Enchufe AM5 Memoria &#8211; 4 x DDR5 memory slots, soporta hasta 256GB &#8211; Soporta DDR5 8400+(OC)\/ 8200+(OC)\/ 8000+(OC)\/ 7800(OC)\/ 7600(OC)\/ 7400(OC)\/ 7200(OC)\/ 7000(OC)\/ 6800(OC)\/ 6600(OC)\/ 6400(OC)\/ 6200(OC)\/ 6000(OC)\/ 5800(OC)\/&hellip;&nbsp;<a href=\"https:\/\/aivlisoft.net\/shop\/producto\/msi-placa-base-mag-x870-tomahawk-wifi-am5\/\" rel=\"bookmark\"><span class=\"screen-reader-text\">MSI Placa Base MAG X870 TOMAHAWK WIFI AM5<\/span><\/a><\/p>\n","protected":false},"featured_media":0,"template":"","meta":{"neve_meta_sidebar":"","neve_meta_container":"","neve_meta_enable_content_width":"","neve_meta_content_width":0,"neve_meta_title_alignment":"","neve_meta_author_avatar":"","neve_post_elements_order":"","neve_meta_disable_header":"","neve_meta_disable_footer":"","neve_meta_disable_title":""},"product_brand":[],"product_cat":[8746],"product_tag":[5632],"class_list":{"0":"post-14675","1":"product","2":"type-product","3":"status-publish","5":"product_cat-amd-socket-am5","6":"product_tag-911-7e51-07s","8":"first","9":"instock","10":"taxable","11":"shipping-taxable","12":"purchasable","13":"product-type-simple"},"yoast_head":"<!-- This site is optimized with the Yoast SEO plugin v26.0 - https:\/\/yoast.com\/wordpress\/plugins\/seo\/ -->\n<title>MSI Placa Base MAG X870 TOMAHAWK WIFI AM5 - Aivlisoft Inform\u00e1tica<\/title>\n<meta name=\"robots\" content=\"index, follow, max-snippet:-1, max-image-preview:large, max-video-preview:-1\" \/>\n<link rel=\"canonical\" href=\"https:\/\/aivlisoft.net\/shop\/producto\/msi-placa-base-mag-x870-tomahawk-wifi-am5\/\" \/>\n<meta property=\"og:locale\" content=\"es_ES\" \/>\n<meta property=\"og:type\" content=\"article\" \/>\n<meta property=\"og:title\" content=\"MSI Placa Base MAG X870 TOMAHAWK WIFI AM5 - Aivlisoft Inform\u00e1tica\" \/>\n<meta property=\"og:description\" content=\"Marca MSI Modelo 911-7E51-07S Formato placa &#8211; ATX ( 304.8mmx243.84mm) Chipset &#8211; AMD X870 CPU Soportados &#8211; Compatible con procesadores de escritorio AMD Ryzen series 9000\/8000\/7000 Enchufe AM5 Memoria &#8211; 4 x DDR5 memory slots, soporta hasta 256GB &#8211; Soporta DDR5 8400+(OC)\/ 8200+(OC)\/ 8000+(OC)\/ 7800(OC)\/ 7600(OC)\/ 7400(OC)\/ 7200(OC)\/ 7000(OC)\/ 6800(OC)\/ 6600(OC)\/ 6400(OC)\/ 6200(OC)\/ 6000(OC)\/ 5800(OC)\/&hellip;&nbsp;MSI Placa Base MAG X870 TOMAHAWK WIFI AM5\" \/>\n<meta property=\"og:url\" content=\"https:\/\/aivlisoft.net\/shop\/producto\/msi-placa-base-mag-x870-tomahawk-wifi-am5\/\" \/>\n<meta property=\"og:site_name\" content=\"Aivlisoft Inform\u00e1tica\" \/>\n<meta property=\"article:modified_time\" content=\"2025-01-14T11:18:04+00:00\" \/>\n<meta name=\"twitter:card\" content=\"summary_large_image\" \/>\n<meta name=\"twitter:label1\" content=\"Tiempo de lectura\" \/>\n\t<meta name=\"twitter:data1\" content=\"4 minutos\" \/>\n<script type=\"application\/ld+json\" class=\"yoast-schema-graph\">{\"@context\":\"https:\/\/schema.org\",\"@graph\":[{\"@type\":\"WebPage\",\"@id\":\"https:\/\/aivlisoft.net\/shop\/producto\/msi-placa-base-mag-x870-tomahawk-wifi-am5\/\",\"url\":\"https:\/\/aivlisoft.net\/shop\/producto\/msi-placa-base-mag-x870-tomahawk-wifi-am5\/\",\"name\":\"MSI Placa Base MAG X870 TOMAHAWK WIFI AM5 - Aivlisoft Inform\u00e1tica\",\"isPartOf\":{\"@id\":\"https:\/\/aivlisoft.net\/shop\/#website\"},\"datePublished\":\"2025-01-13T14:46:02+00:00\",\"dateModified\":\"2025-01-14T11:18:04+00:00\",\"breadcrumb\":{\"@id\":\"https:\/\/aivlisoft.net\/shop\/producto\/msi-placa-base-mag-x870-tomahawk-wifi-am5\/#breadcrumb\"},\"inLanguage\":\"es\",\"potentialAction\":[{\"@type\":\"ReadAction\",\"target\":[\"https:\/\/aivlisoft.net\/shop\/producto\/msi-placa-base-mag-x870-tomahawk-wifi-am5\/\"]}]},{\"@type\":\"BreadcrumbList\",\"@id\":\"https:\/\/aivlisoft.net\/shop\/producto\/msi-placa-base-mag-x870-tomahawk-wifi-am5\/#breadcrumb\",\"itemListElement\":[{\"@type\":\"ListItem\",\"position\":1,\"name\":\"Portada\",\"item\":\"https:\/\/aivlisoft.net\/shop\/\"},{\"@type\":\"ListItem\",\"position\":2,\"name\":\"Tienda\",\"item\":\"https:\/\/aivlisoft.net\/shop\/tienda\/\"},{\"@type\":\"ListItem\",\"position\":3,\"name\":\"MSI Placa Base MAG X870 TOMAHAWK WIFI AM5\"}]},{\"@type\":\"WebSite\",\"@id\":\"https:\/\/aivlisoft.net\/shop\/#website\",\"url\":\"https:\/\/aivlisoft.net\/shop\/\",\"name\":\"Aivlisoft Inform\u00e1tica\",\"description\":\"En Aivlisoft Inform\u00e1tica ofrecemos soluciones tecnol\u00f3gicas para empresas: venta de ordenadores, consumibles, perif\u00e9ricos y m\u00e1s. Calidad, atenci\u00f3n personalizada y los mejores precios para tu negocio.\",\"publisher\":{\"@id\":\"https:\/\/aivlisoft.net\/shop\/#organization\"},\"potentialAction\":[{\"@type\":\"SearchAction\",\"target\":{\"@type\":\"EntryPoint\",\"urlTemplate\":\"https:\/\/aivlisoft.net\/shop\/?s={search_term_string}\"},\"query-input\":{\"@type\":\"PropertyValueSpecification\",\"valueRequired\":true,\"valueName\":\"search_term_string\"}}],\"inLanguage\":\"es\"},{\"@type\":\"Organization\",\"@id\":\"https:\/\/aivlisoft.net\/shop\/#organization\",\"name\":\"Aivlisoft Inform\u00e1tica\",\"url\":\"https:\/\/aivlisoft.net\/shop\/\",\"logo\":{\"@type\":\"ImageObject\",\"inLanguage\":\"es\",\"@id\":\"https:\/\/aivlisoft.net\/shop\/#\/schema\/logo\/image\/\",\"url\":\"https:\/\/aivlisoft.net\/shop\/wp-content\/uploads\/2024\/12\/removal.ai_5b848c54-0cdf-4140-95c5-c5536bb7573b-logodef.png\",\"contentUrl\":\"https:\/\/aivlisoft.net\/shop\/wp-content\/uploads\/2024\/12\/removal.ai_5b848c54-0cdf-4140-95c5-c5536bb7573b-logodef.png\",\"width\":484,\"height\":182,\"caption\":\"Aivlisoft Inform\u00e1tica\"},\"image\":{\"@id\":\"https:\/\/aivlisoft.net\/shop\/#\/schema\/logo\/image\/\"}}]}<\/script>\n<!-- \/ Yoast SEO plugin. -->","yoast_head_json":{"title":"MSI Placa Base MAG X870 TOMAHAWK WIFI AM5 - Aivlisoft Inform\u00e1tica","robots":{"index":"index","follow":"follow","max-snippet":"max-snippet:-1","max-image-preview":"max-image-preview:large","max-video-preview":"max-video-preview:-1"},"canonical":"https:\/\/aivlisoft.net\/shop\/producto\/msi-placa-base-mag-x870-tomahawk-wifi-am5\/","og_locale":"es_ES","og_type":"article","og_title":"MSI Placa Base MAG X870 TOMAHAWK WIFI AM5 - Aivlisoft Inform\u00e1tica","og_description":"Marca MSI Modelo 911-7E51-07S Formato placa &#8211; ATX ( 304.8mmx243.84mm) Chipset &#8211; AMD X870 CPU Soportados &#8211; Compatible con procesadores de escritorio AMD Ryzen series 9000\/8000\/7000 Enchufe AM5 Memoria &#8211; 4 x DDR5 memory slots, soporta hasta 256GB &#8211; Soporta DDR5 8400+(OC)\/ 8200+(OC)\/ 8000+(OC)\/ 7800(OC)\/ 7600(OC)\/ 7400(OC)\/ 7200(OC)\/ 7000(OC)\/ 6800(OC)\/ 6600(OC)\/ 6400(OC)\/ 6200(OC)\/ 6000(OC)\/ 5800(OC)\/&hellip;&nbsp;MSI Placa Base MAG X870 TOMAHAWK WIFI AM5","og_url":"https:\/\/aivlisoft.net\/shop\/producto\/msi-placa-base-mag-x870-tomahawk-wifi-am5\/","og_site_name":"Aivlisoft Inform\u00e1tica","article_modified_time":"2025-01-14T11:18:04+00:00","twitter_card":"summary_large_image","twitter_misc":{"Tiempo de lectura":"4 minutos"},"schema":{"@context":"https:\/\/schema.org","@graph":[{"@type":"WebPage","@id":"https:\/\/aivlisoft.net\/shop\/producto\/msi-placa-base-mag-x870-tomahawk-wifi-am5\/","url":"https:\/\/aivlisoft.net\/shop\/producto\/msi-placa-base-mag-x870-tomahawk-wifi-am5\/","name":"MSI Placa Base MAG X870 TOMAHAWK WIFI AM5 - Aivlisoft Inform\u00e1tica","isPartOf":{"@id":"https:\/\/aivlisoft.net\/shop\/#website"},"datePublished":"2025-01-13T14:46:02+00:00","dateModified":"2025-01-14T11:18:04+00:00","breadcrumb":{"@id":"https:\/\/aivlisoft.net\/shop\/producto\/msi-placa-base-mag-x870-tomahawk-wifi-am5\/#breadcrumb"},"inLanguage":"es","potentialAction":[{"@type":"ReadAction","target":["https:\/\/aivlisoft.net\/shop\/producto\/msi-placa-base-mag-x870-tomahawk-wifi-am5\/"]}]},{"@type":"BreadcrumbList","@id":"https:\/\/aivlisoft.net\/shop\/producto\/msi-placa-base-mag-x870-tomahawk-wifi-am5\/#breadcrumb","itemListElement":[{"@type":"ListItem","position":1,"name":"Portada","item":"https:\/\/aivlisoft.net\/shop\/"},{"@type":"ListItem","position":2,"name":"Tienda","item":"https:\/\/aivlisoft.net\/shop\/tienda\/"},{"@type":"ListItem","position":3,"name":"MSI Placa Base MAG X870 TOMAHAWK WIFI AM5"}]},{"@type":"WebSite","@id":"https:\/\/aivlisoft.net\/shop\/#website","url":"https:\/\/aivlisoft.net\/shop\/","name":"Aivlisoft Inform\u00e1tica","description":"En Aivlisoft Inform\u00e1tica ofrecemos soluciones tecnol\u00f3gicas para empresas: venta de ordenadores, consumibles, perif\u00e9ricos y m\u00e1s. Calidad, atenci\u00f3n personalizada y los mejores precios para tu negocio.","publisher":{"@id":"https:\/\/aivlisoft.net\/shop\/#organization"},"potentialAction":[{"@type":"SearchAction","target":{"@type":"EntryPoint","urlTemplate":"https:\/\/aivlisoft.net\/shop\/?s={search_term_string}"},"query-input":{"@type":"PropertyValueSpecification","valueRequired":true,"valueName":"search_term_string"}}],"inLanguage":"es"},{"@type":"Organization","@id":"https:\/\/aivlisoft.net\/shop\/#organization","name":"Aivlisoft Inform\u00e1tica","url":"https:\/\/aivlisoft.net\/shop\/","logo":{"@type":"ImageObject","inLanguage":"es","@id":"https:\/\/aivlisoft.net\/shop\/#\/schema\/logo\/image\/","url":"https:\/\/aivlisoft.net\/shop\/wp-content\/uploads\/2024\/12\/removal.ai_5b848c54-0cdf-4140-95c5-c5536bb7573b-logodef.png","contentUrl":"https:\/\/aivlisoft.net\/shop\/wp-content\/uploads\/2024\/12\/removal.ai_5b848c54-0cdf-4140-95c5-c5536bb7573b-logodef.png","width":484,"height":182,"caption":"Aivlisoft Inform\u00e1tica"},"image":{"@id":"https:\/\/aivlisoft.net\/shop\/#\/schema\/logo\/image\/"}}]}},"_links":{"self":[{"href":"https:\/\/aivlisoft.net\/shop\/wp-json\/wp\/v2\/product\/14675","targetHints":{"allow":["GET"]}}],"collection":[{"href":"https:\/\/aivlisoft.net\/shop\/wp-json\/wp\/v2\/product"}],"about":[{"href":"https:\/\/aivlisoft.net\/shop\/wp-json\/wp\/v2\/types\/product"}],"wp:attachment":[{"href":"https:\/\/aivlisoft.net\/shop\/wp-json\/wp\/v2\/media?parent=14675"}],"wp:term":[{"taxonomy":"product_brand","embeddable":true,"href":"https:\/\/aivlisoft.net\/shop\/wp-json\/wp\/v2\/product_brand?post=14675"},{"taxonomy":"product_cat","embeddable":true,"href":"https:\/\/aivlisoft.net\/shop\/wp-json\/wp\/v2\/product_cat?post=14675"},{"taxonomy":"product_tag","embeddable":true,"href":"https:\/\/aivlisoft.net\/shop\/wp-json\/wp\/v2\/product_tag?post=14675"}],"curies":[{"name":"wp","href":"https:\/\/api.w.org\/{rel}","templated":true}]}}