{"id":14652,"date":"2025-01-13T14:45:45","date_gmt":"2025-01-13T14:45:45","guid":{"rendered":"https:\/\/aivlisoft.com\/?post_type=product&#038;p=14652"},"modified":"2025-01-14T11:17:56","modified_gmt":"2025-01-14T11:17:56","slug":"gigabyte-placa-base-a620m-gaming-x-matx-am5","status":"publish","type":"product","link":"https:\/\/aivlisoft.net\/shop\/producto\/gigabyte-placa-base-a620m-gaming-x-matx-am5\/","title":{"rendered":"Gigabyte Placa Base A620M GAMING X mATX AM5"},"content":{"rendered":"<p><\/p>\n<table class=\"tabla_caracteristicas k-table\" width=\"100%\">\n<tr>\n<td valign=\"top\"><strong>Marca<\/strong><\/td>\n<td>Gigabyte<\/td>\n<\/tr>\n<tr>\n<td valign=\"top\"><strong>Modelo<\/strong><\/td>\n<td><strong>A620M GAMING X<\/strong><\/td>\n<\/tr>\n<tr>\n<td valign=\"top\"><strong>Plataforma<\/strong><\/td>\n<td>&#8211;&nbsp;Micro ATX (&nbsp;24.4cm x 24.4cm )<\/td>\n<\/tr>\n<tr>\n<td valign=\"top\"><strong>Chipset<\/strong><\/td>\n<td>&#8211; AMD A620<\/td>\n<\/tr>\n<tr>\n<td valign=\"top\">\n<div><strong>CPU <\/strong><strong>Soportados<\/strong><\/div>\n<\/td>\n<td>&#8211; AMD Socket AM5, soporte para: Procesadores AMD Ryzen 7000 \/ Ryzen 8000 Series<br \/>\t\t\t* Consulte la \u00abLista de compatibilidad de CPU\u00bb para obtener m&aacute;s informaci&oacute;n<\/td>\n<\/tr>\n<tr>\n<td valign=\"top\"><strong>Memoria<\/strong><\/td>\n<td>&#8211; Compatibilidad con DDR5 m&oacute;dulos de memoria 8000(OC)\/ 7800(OC)\/ 7600(OC)\/ 7200(OC)\/ 7000(OC)\/ 6800(OC)\/ 6600(OC)\/ 6400(OC)\/ 6200(OC)\/ 6000(OC)\/ 5600(OC)\/ 5200\/ 4800 MT\/s<br \/>\t\t\t&#8211; 4 x z&oacute;calos DIMM DDR5 que admiten hasta 192 GB (48 GB de capacidad DIMM &uacute;nica) de memoria del sistema<br \/>\t\t\t&#8211; Arquitectura de memoria de doble canal<br \/>\t\t\t&#8211; Compatibilidad con m&oacute;dulos de memoria DIMM 1Rx8\/2Rx8\/1Rx16 sin b&uacute;fer y sin ECC<br \/>\t\t\t&#8211; Compatibilidad con los m&oacute;dulos de memoria AMD EXtended Profiles for Overclocking (AMD EXPO&trade;) y Extreme Memory Profile (XMP)<br \/>\t\t\t* La configuraci&oacute;n de la CPU y la memoria puede afectar los tipos de memoria admitidos, la velocidad de datos (velocidad) y la cantidad de m&oacute;dulos DRAM; consulte la \u00abLista de compatibilidad de memoria\u00bb para obtener m&aacute;s informaci&oacute;n.<\/td>\n<\/tr>\n<tr>\n<td valign=\"top\">\n<div><strong>Slots Expansi&oacute;n<\/strong><\/div>\n<\/td>\n<td>&#8211; 1 x PCI Express x16 slot (PCIEX16), integrated in the CPU:<br \/>\t\t\t&nbsp; AMD Ryzen 7000 Series Processors support PCIe 4.0 x16 mode<br \/>\t\t\t&nbsp; AMD Ryzen 8000 Series-Phoenix 1 Processors support PCIe 4.0 x8 mode<br \/>\t\t\t&nbsp; AMD Ryzen 8000 Series-Phoenix 2 Processors support PCIe 4.0 x4 mode<br \/>\t\t\t* The PCIEX16 slot can only support a graphics card or an NVMe SSD.<br \/>\t\t\t&#8211; Chipset:<br \/>\t\t\t&nbsp; 1 x PCI Express x1 slot, supporting PCIe 3.0 and running at x1 (PCIEX1)<\/td>\n<\/tr>\n<tr>\n<td valign=\"top\"><strong>Gr&aacute;ficos<\/strong><\/td>\n<td>&#8211; Procesador de gr&aacute;ficos integrado:<br \/>\t\t\t&nbsp; 1 x DisplayPort, compatible con una resoluci&oacute;n m&aacute;xima de 3840&#215;2160@144 Hz<br \/>\t\t\t&nbsp; * Soporte para la versi&oacute;n DisplayPort 1.4.<br \/>\t\t\t&nbsp; 1 x puerto HDMI, compatible con una resoluci&oacute;n m&aacute;xima de 4096&#215;2160@60 Hz<br \/>\t\t\t&nbsp; * Compatibilidad con la versi&oacute;n HDMI 2.1 y HDCP 2.3.<br \/>\t\t\t&nbsp; ** Admite puertos nativos compatibles con HDMI 2.1 TMDS.<br \/>\t\t\t* Las especificaciones gr&aacute;ficas pueden variar seg&uacute;n la compatibilidad de la CPU.<\/td>\n<\/tr>\n<tr>\n<td valign=\"top\">\n<div><strong>Puertos E\/S, <\/strong><\/div>\n<div><strong>Conectores<\/strong><\/div>\n<div>&nbsp;<\/div>\n<\/td>\n<td>\n<div>\n<div><strong>Conectores Internos E\/S <\/strong><\/div>\n<\/p><\/div>\n<p>\t\t\t&#8211; 1 x conector de alimentaci&oacute;n principal ATX de 24 pines<br \/>\t\t\t&#8211; 1 x conector de alimentaci&oacute;n ATX de 12 V de 8 pines<br \/>\t\t\t&#8211; 1 x cabezal del ventilador de la CPU<br \/>\t\t\t&#8211; 2 x cabezales de ventilador del sistema<br \/>\t\t\t&#8211; 1 x cabezal de tira LED direccionable<br \/>\t\t\t&#8211; 1 x cabezal de tira LED RGB<br \/>\t\t\t&#8211; 1 x conector M.2 hembra 3<br \/>\t\t\t&#8211; 4 x conectores SATA de 6 Gb\/s<br \/>\t\t\t&#8211; 1 x cabezal del panel frontal<br \/>\t\t\t&#8211; 1 x cabezal de audio del panel frontal<br \/>\t\t\t&#8211; 1 x conector USB Type-C, compatible con USB 3.2 Gen 1<br \/>\t\t\t&#8211; 1 x conector USB 3.2 Gen 1<br \/>\t\t\t&#8211; 1 x cabezal USB 2.0\/1.1<br \/>\t\t\t&#8211; 1 x cabezal del m&oacute;dulo de plataforma segura (solo para el m&oacute;dulo GC-TPM2.0 SPI\/GC-TPM2.0 SPI 2.0)<br \/>\t\t\t&#8211; 1 x puente CMOS transparente\t\t\t<\/p>\n<div>\n<div><strong>Panel E\/S Trasero<\/strong><\/div>\n<\/p><\/div>\n<p>\t\t\t&#8211; 1 x puerto de teclado\/rat&oacute;n PS\/2<br \/>\t\t\t&#8211; 1 x puerto USB Type-C, compatible con USB 3.2 Gen 1<br \/>\t\t\t&#8211; 1 x puerto USB 3.2 Gen 2 tipo A (rojo)<br \/>\t\t\t&#8211; 2 x puertos USB 3.2 Gen 1<br \/>\t\t\t&#8211; 2 x puertos USB 2.0\/1.1<br \/>\t\t\t&#8211; 1 x puerto HDMI<br \/>\t\t\t&#8211; 1 x puerto DisplayPort<br \/>\t\t\t&#8211; 1 x bot&oacute;n Q-Flash Plus<br \/>\t\t\t&#8211; 1 x puerto RJ-45<br \/>\t\t\t&#8211; 3 x conectores de audio<\/td>\n<\/tr>\n<tr>\n<td valign=\"top\">\n<div><strong>Otras <\/strong><\/div>\n<div><strong>Caracter&iacute;sticas<\/strong><\/div>\n<\/td>\n<td><strong>Audio<\/strong><br \/>\t\t\t&#8211; C&Oacute;DEC de audio Realtek<br \/>\t\t\t&#8211; Audio de alta definici&oacute;n<br \/>\t\t\t&#8211; 2\/4\/5.1\/7.1 canales<br \/>\t\t\t* Puede cambiar la funcionalidad de un conector de audio utilizando el software de audio. Para configurar el audio de 7.1 canales, acceda al software de audio para realizar la configuraci&oacute;n de audio.<br \/>\t\t\t<strong>LAN<\/strong><br \/>\t\t\t&#8211; Realtek GbE LAN chip (1 Gbps\/100 Mbps)<br \/>\t\t\t<strong>Almacenamiento<\/strong><br \/>\t\t\t&#8211; 1 x M.2 connector (M2A_CPU), integrated in the CPU, supporting Socket 3, M key, type 2580 SSDs:<br \/>\t\t\t&nbsp; AMD Ryzen 7000 Series Processors support PCIe 4.0 x4\/x2 SSDs<br \/>\t\t\t&nbsp; AMD Ryzen 8000 Series-Phoenix 1 Processors support PCIe 4.0 x4\/x2 SSDs<br \/>\t\t\t&nbsp; AMD Ryzen 8000 Series-Phoenix 2 Processors support PCIe 4.0 x4\/x2 SSDs<br \/>\t\t\t&#8211; 4 x SATA 6Gb\/s connectors<br \/>\t\t\t&nbsp; RAID 0, RAID 1, and RAID 10 support for NVMe SSD storage devices<br \/>\t\t\t&nbsp; RAID 0, RAID 1, and RAID 10 support for SATA storage devices<br \/>\t\t\t<strong>USB<\/strong><br \/>\t\t\t&#8211; CPU:<br \/>\t\t\t&nbsp; 1 puerto USB 3.2 Gen 2 tipo A (rojo) en el panel posterior<br \/>\t\t\t&nbsp; 1 puerto USB Type-C en el panel posterior, compatible con USB 3.2 Gen 1<br \/>\t\t\t&nbsp; 1 x puerto USB 3.2 Gen 1 en el panel posterior<br \/>\t\t\t&#8211; Conjunto de chips:<br \/>\t\t\t&nbsp; 1 x puerto USB Type-C con soporte USB 3.2 Gen 1, disponible a trav&eacute;s del encabezado USB interno<br \/>\t\t\t&nbsp; 3 x puertos USB 3.2 Gen 1 (1 puerto en el panel posterior, 2 puertos disponibles a trav&eacute;s del encabezado USB interno)<br \/>\t\t\t&nbsp; 4 x puertos USB 2.0\/1.1 (2 puertos en el panel posterior, 2 puertos disponibles a trav&eacute;s del encabezado USB interno)<br \/>\t\t\t<strong>Sistema Operativo<\/strong><br \/>\t\t\t&#8211; Soporte para Windows 10 64-bit y Windows 11 64-bit<\/td>\n<\/tr>\n<tr>\n<td valign=\"top\"><strong>Fecha Revisi&oacute;n<\/strong><\/td>\n<td>08-04-2024 por RTY<\/td>\n<\/tr>\n<\/table>\n","protected":false},"excerpt":{"rendered":"<p>Marca Gigabyte Modelo A620M GAMING X Plataforma &#8211;&nbsp;Micro ATX (&nbsp;24.4cm x 24.4cm ) Chipset &#8211; AMD A620 CPU Soportados &#8211; AMD Socket AM5, soporte para: Procesadores AMD Ryzen 7000 \/ Ryzen 8000 Series * Consulte la \u00abLista de compatibilidad de CPU\u00bb para obtener m&aacute;s informaci&oacute;n Memoria &#8211; Compatibilidad con DDR5 m&oacute;dulos de memoria 8000(OC)\/ 7800(OC)\/&hellip;&nbsp;<a href=\"https:\/\/aivlisoft.net\/shop\/producto\/gigabyte-placa-base-a620m-gaming-x-matx-am5\/\" rel=\"bookmark\"><span class=\"screen-reader-text\">Gigabyte Placa Base A620M GAMING X mATX AM5<\/span><\/a><\/p>\n","protected":false},"featured_media":14653,"template":"","meta":{"neve_meta_sidebar":"","neve_meta_container":"","neve_meta_enable_content_width":"","neve_meta_content_width":0,"neve_meta_title_alignment":"","neve_meta_author_avatar":"","neve_post_elements_order":"","neve_meta_disable_header":"","neve_meta_disable_footer":"","neve_meta_disable_title":""},"product_brand":[],"product_cat":[8746],"product_tag":[5626],"class_list":{"0":"post-14652","1":"product","2":"type-product","3":"status-publish","4":"has-post-thumbnail","6":"product_cat-amd-socket-am5","7":"product_tag-a620m-gaming-x","9":"first","10":"instock","11":"taxable","12":"shipping-taxable","13":"purchasable","14":"product-type-simple"},"yoast_head":"<!-- This site is optimized with the Yoast SEO plugin v26.0 - https:\/\/yoast.com\/wordpress\/plugins\/seo\/ -->\n<title>Gigabyte Placa Base A620M GAMING X mATX AM5 - Aivlisoft Inform\u00e1tica<\/title>\n<meta name=\"robots\" content=\"index, follow, max-snippet:-1, max-image-preview:large, max-video-preview:-1\" \/>\n<link rel=\"canonical\" href=\"https:\/\/aivlisoft.net\/shop\/producto\/gigabyte-placa-base-a620m-gaming-x-matx-am5\/\" \/>\n<meta property=\"og:locale\" content=\"es_ES\" \/>\n<meta property=\"og:type\" content=\"article\" \/>\n<meta property=\"og:title\" content=\"Gigabyte Placa Base A620M GAMING X mATX AM5 - Aivlisoft Inform\u00e1tica\" \/>\n<meta property=\"og:description\" content=\"Marca Gigabyte Modelo A620M GAMING X Plataforma &#8211;&nbsp;Micro ATX (&nbsp;24.4cm x 24.4cm ) Chipset &#8211; AMD A620 CPU Soportados &#8211; AMD Socket AM5, soporte para: Procesadores AMD Ryzen 7000 \/ Ryzen 8000 Series * Consulte la \u00abLista de compatibilidad de CPU\u00bb para obtener m&aacute;s informaci&oacute;n Memoria &#8211; Compatibilidad con DDR5 m&oacute;dulos de memoria 8000(OC)\/ 7800(OC)\/&hellip;&nbsp;Gigabyte Placa Base A620M GAMING X mATX AM5\" \/>\n<meta property=\"og:url\" content=\"https:\/\/aivlisoft.net\/shop\/producto\/gigabyte-placa-base-a620m-gaming-x-matx-am5\/\" \/>\n<meta property=\"og:site_name\" content=\"Aivlisoft Inform\u00e1tica\" \/>\n<meta property=\"article:modified_time\" content=\"2025-01-14T11:17:56+00:00\" \/>\n<meta property=\"og:image\" content=\"https:\/\/aivlisoft.net\/shop\/wp-content\/uploads\/2025\/01\/IPBPA50031_800.jpg\" \/>\n\t<meta property=\"og:image:width\" content=\"800\" \/>\n\t<meta property=\"og:image:height\" content=\"800\" \/>\n\t<meta property=\"og:image:type\" content=\"image\/jpeg\" \/>\n<meta name=\"twitter:card\" content=\"summary_large_image\" \/>\n<meta name=\"twitter:label1\" content=\"Tiempo de lectura\" \/>\n\t<meta name=\"twitter:data1\" content=\"4 minutos\" \/>\n<script type=\"application\/ld+json\" class=\"yoast-schema-graph\">{\"@context\":\"https:\/\/schema.org\",\"@graph\":[{\"@type\":\"WebPage\",\"@id\":\"https:\/\/aivlisoft.net\/shop\/producto\/gigabyte-placa-base-a620m-gaming-x-matx-am5\/\",\"url\":\"https:\/\/aivlisoft.net\/shop\/producto\/gigabyte-placa-base-a620m-gaming-x-matx-am5\/\",\"name\":\"Gigabyte Placa Base A620M GAMING X mATX AM5 - Aivlisoft Inform\u00e1tica\",\"isPartOf\":{\"@id\":\"https:\/\/aivlisoft.net\/shop\/#website\"},\"primaryImageOfPage\":{\"@id\":\"https:\/\/aivlisoft.net\/shop\/producto\/gigabyte-placa-base-a620m-gaming-x-matx-am5\/#primaryimage\"},\"image\":{\"@id\":\"https:\/\/aivlisoft.net\/shop\/producto\/gigabyte-placa-base-a620m-gaming-x-matx-am5\/#primaryimage\"},\"thumbnailUrl\":\"https:\/\/aivlisoft.net\/shop\/wp-content\/uploads\/2025\/01\/IPBPA50031_800.jpg\",\"datePublished\":\"2025-01-13T14:45:45+00:00\",\"dateModified\":\"2025-01-14T11:17:56+00:00\",\"breadcrumb\":{\"@id\":\"https:\/\/aivlisoft.net\/shop\/producto\/gigabyte-placa-base-a620m-gaming-x-matx-am5\/#breadcrumb\"},\"inLanguage\":\"es\",\"potentialAction\":[{\"@type\":\"ReadAction\",\"target\":[\"https:\/\/aivlisoft.net\/shop\/producto\/gigabyte-placa-base-a620m-gaming-x-matx-am5\/\"]}]},{\"@type\":\"ImageObject\",\"inLanguage\":\"es\",\"@id\":\"https:\/\/aivlisoft.net\/shop\/producto\/gigabyte-placa-base-a620m-gaming-x-matx-am5\/#primaryimage\",\"url\":\"https:\/\/aivlisoft.net\/shop\/wp-content\/uploads\/2025\/01\/IPBPA50031_800.jpg\",\"contentUrl\":\"https:\/\/aivlisoft.net\/shop\/wp-content\/uploads\/2025\/01\/IPBPA50031_800.jpg\",\"width\":800,\"height\":800},{\"@type\":\"BreadcrumbList\",\"@id\":\"https:\/\/aivlisoft.net\/shop\/producto\/gigabyte-placa-base-a620m-gaming-x-matx-am5\/#breadcrumb\",\"itemListElement\":[{\"@type\":\"ListItem\",\"position\":1,\"name\":\"Portada\",\"item\":\"https:\/\/aivlisoft.net\/shop\/\"},{\"@type\":\"ListItem\",\"position\":2,\"name\":\"Tienda\",\"item\":\"https:\/\/aivlisoft.net\/shop\/tienda\/\"},{\"@type\":\"ListItem\",\"position\":3,\"name\":\"Gigabyte Placa Base A620M GAMING X mATX AM5\"}]},{\"@type\":\"WebSite\",\"@id\":\"https:\/\/aivlisoft.net\/shop\/#website\",\"url\":\"https:\/\/aivlisoft.net\/shop\/\",\"name\":\"Aivlisoft Inform\u00e1tica\",\"description\":\"En Aivlisoft Inform\u00e1tica ofrecemos soluciones tecnol\u00f3gicas para empresas: venta de ordenadores, consumibles, perif\u00e9ricos y m\u00e1s. Calidad, atenci\u00f3n personalizada y los mejores precios para tu negocio.\",\"publisher\":{\"@id\":\"https:\/\/aivlisoft.net\/shop\/#organization\"},\"potentialAction\":[{\"@type\":\"SearchAction\",\"target\":{\"@type\":\"EntryPoint\",\"urlTemplate\":\"https:\/\/aivlisoft.net\/shop\/?s={search_term_string}\"},\"query-input\":{\"@type\":\"PropertyValueSpecification\",\"valueRequired\":true,\"valueName\":\"search_term_string\"}}],\"inLanguage\":\"es\"},{\"@type\":\"Organization\",\"@id\":\"https:\/\/aivlisoft.net\/shop\/#organization\",\"name\":\"Aivlisoft Inform\u00e1tica\",\"url\":\"https:\/\/aivlisoft.net\/shop\/\",\"logo\":{\"@type\":\"ImageObject\",\"inLanguage\":\"es\",\"@id\":\"https:\/\/aivlisoft.net\/shop\/#\/schema\/logo\/image\/\",\"url\":\"https:\/\/aivlisoft.net\/shop\/wp-content\/uploads\/2024\/12\/removal.ai_5b848c54-0cdf-4140-95c5-c5536bb7573b-logodef.png\",\"contentUrl\":\"https:\/\/aivlisoft.net\/shop\/wp-content\/uploads\/2024\/12\/removal.ai_5b848c54-0cdf-4140-95c5-c5536bb7573b-logodef.png\",\"width\":484,\"height\":182,\"caption\":\"Aivlisoft Inform\u00e1tica\"},\"image\":{\"@id\":\"https:\/\/aivlisoft.net\/shop\/#\/schema\/logo\/image\/\"}}]}<\/script>\n<!-- \/ Yoast SEO plugin. -->","yoast_head_json":{"title":"Gigabyte Placa Base A620M GAMING X mATX AM5 - Aivlisoft Inform\u00e1tica","robots":{"index":"index","follow":"follow","max-snippet":"max-snippet:-1","max-image-preview":"max-image-preview:large","max-video-preview":"max-video-preview:-1"},"canonical":"https:\/\/aivlisoft.net\/shop\/producto\/gigabyte-placa-base-a620m-gaming-x-matx-am5\/","og_locale":"es_ES","og_type":"article","og_title":"Gigabyte Placa Base A620M GAMING X mATX AM5 - Aivlisoft Inform\u00e1tica","og_description":"Marca Gigabyte Modelo A620M GAMING X Plataforma &#8211;&nbsp;Micro ATX (&nbsp;24.4cm x 24.4cm ) Chipset &#8211; AMD A620 CPU Soportados &#8211; AMD Socket AM5, soporte para: Procesadores AMD Ryzen 7000 \/ Ryzen 8000 Series * Consulte la \u00abLista de compatibilidad de CPU\u00bb para obtener m&aacute;s informaci&oacute;n Memoria &#8211; Compatibilidad con DDR5 m&oacute;dulos de memoria 8000(OC)\/ 7800(OC)\/&hellip;&nbsp;Gigabyte Placa Base A620M GAMING X mATX AM5","og_url":"https:\/\/aivlisoft.net\/shop\/producto\/gigabyte-placa-base-a620m-gaming-x-matx-am5\/","og_site_name":"Aivlisoft Inform\u00e1tica","article_modified_time":"2025-01-14T11:17:56+00:00","og_image":[{"width":800,"height":800,"url":"https:\/\/aivlisoft.net\/shop\/wp-content\/uploads\/2025\/01\/IPBPA50031_800.jpg","type":"image\/jpeg"}],"twitter_card":"summary_large_image","twitter_misc":{"Tiempo de lectura":"4 minutos"},"schema":{"@context":"https:\/\/schema.org","@graph":[{"@type":"WebPage","@id":"https:\/\/aivlisoft.net\/shop\/producto\/gigabyte-placa-base-a620m-gaming-x-matx-am5\/","url":"https:\/\/aivlisoft.net\/shop\/producto\/gigabyte-placa-base-a620m-gaming-x-matx-am5\/","name":"Gigabyte Placa Base A620M GAMING X mATX AM5 - Aivlisoft Inform\u00e1tica","isPartOf":{"@id":"https:\/\/aivlisoft.net\/shop\/#website"},"primaryImageOfPage":{"@id":"https:\/\/aivlisoft.net\/shop\/producto\/gigabyte-placa-base-a620m-gaming-x-matx-am5\/#primaryimage"},"image":{"@id":"https:\/\/aivlisoft.net\/shop\/producto\/gigabyte-placa-base-a620m-gaming-x-matx-am5\/#primaryimage"},"thumbnailUrl":"https:\/\/aivlisoft.net\/shop\/wp-content\/uploads\/2025\/01\/IPBPA50031_800.jpg","datePublished":"2025-01-13T14:45:45+00:00","dateModified":"2025-01-14T11:17:56+00:00","breadcrumb":{"@id":"https:\/\/aivlisoft.net\/shop\/producto\/gigabyte-placa-base-a620m-gaming-x-matx-am5\/#breadcrumb"},"inLanguage":"es","potentialAction":[{"@type":"ReadAction","target":["https:\/\/aivlisoft.net\/shop\/producto\/gigabyte-placa-base-a620m-gaming-x-matx-am5\/"]}]},{"@type":"ImageObject","inLanguage":"es","@id":"https:\/\/aivlisoft.net\/shop\/producto\/gigabyte-placa-base-a620m-gaming-x-matx-am5\/#primaryimage","url":"https:\/\/aivlisoft.net\/shop\/wp-content\/uploads\/2025\/01\/IPBPA50031_800.jpg","contentUrl":"https:\/\/aivlisoft.net\/shop\/wp-content\/uploads\/2025\/01\/IPBPA50031_800.jpg","width":800,"height":800},{"@type":"BreadcrumbList","@id":"https:\/\/aivlisoft.net\/shop\/producto\/gigabyte-placa-base-a620m-gaming-x-matx-am5\/#breadcrumb","itemListElement":[{"@type":"ListItem","position":1,"name":"Portada","item":"https:\/\/aivlisoft.net\/shop\/"},{"@type":"ListItem","position":2,"name":"Tienda","item":"https:\/\/aivlisoft.net\/shop\/tienda\/"},{"@type":"ListItem","position":3,"name":"Gigabyte Placa Base A620M GAMING X mATX AM5"}]},{"@type":"WebSite","@id":"https:\/\/aivlisoft.net\/shop\/#website","url":"https:\/\/aivlisoft.net\/shop\/","name":"Aivlisoft Inform\u00e1tica","description":"En Aivlisoft Inform\u00e1tica ofrecemos soluciones tecnol\u00f3gicas para empresas: venta de ordenadores, consumibles, perif\u00e9ricos y m\u00e1s. Calidad, atenci\u00f3n personalizada y los mejores precios para tu negocio.","publisher":{"@id":"https:\/\/aivlisoft.net\/shop\/#organization"},"potentialAction":[{"@type":"SearchAction","target":{"@type":"EntryPoint","urlTemplate":"https:\/\/aivlisoft.net\/shop\/?s={search_term_string}"},"query-input":{"@type":"PropertyValueSpecification","valueRequired":true,"valueName":"search_term_string"}}],"inLanguage":"es"},{"@type":"Organization","@id":"https:\/\/aivlisoft.net\/shop\/#organization","name":"Aivlisoft Inform\u00e1tica","url":"https:\/\/aivlisoft.net\/shop\/","logo":{"@type":"ImageObject","inLanguage":"es","@id":"https:\/\/aivlisoft.net\/shop\/#\/schema\/logo\/image\/","url":"https:\/\/aivlisoft.net\/shop\/wp-content\/uploads\/2024\/12\/removal.ai_5b848c54-0cdf-4140-95c5-c5536bb7573b-logodef.png","contentUrl":"https:\/\/aivlisoft.net\/shop\/wp-content\/uploads\/2024\/12\/removal.ai_5b848c54-0cdf-4140-95c5-c5536bb7573b-logodef.png","width":484,"height":182,"caption":"Aivlisoft Inform\u00e1tica"},"image":{"@id":"https:\/\/aivlisoft.net\/shop\/#\/schema\/logo\/image\/"}}]}},"_links":{"self":[{"href":"https:\/\/aivlisoft.net\/shop\/wp-json\/wp\/v2\/product\/14652","targetHints":{"allow":["GET"]}}],"collection":[{"href":"https:\/\/aivlisoft.net\/shop\/wp-json\/wp\/v2\/product"}],"about":[{"href":"https:\/\/aivlisoft.net\/shop\/wp-json\/wp\/v2\/types\/product"}],"wp:featuredmedia":[{"embeddable":true,"href":"https:\/\/aivlisoft.net\/shop\/wp-json\/wp\/v2\/media\/14653"}],"wp:attachment":[{"href":"https:\/\/aivlisoft.net\/shop\/wp-json\/wp\/v2\/media?parent=14652"}],"wp:term":[{"taxonomy":"product_brand","embeddable":true,"href":"https:\/\/aivlisoft.net\/shop\/wp-json\/wp\/v2\/product_brand?post=14652"},{"taxonomy":"product_cat","embeddable":true,"href":"https:\/\/aivlisoft.net\/shop\/wp-json\/wp\/v2\/product_cat?post=14652"},{"taxonomy":"product_tag","embeddable":true,"href":"https:\/\/aivlisoft.net\/shop\/wp-json\/wp\/v2\/product_tag?post=14652"}],"curies":[{"name":"wp","href":"https:\/\/api.w.org\/{rel}","templated":true}]}}