{"id":14590,"date":"2025-01-13T14:45:08","date_gmt":"2025-01-13T14:45:08","guid":{"rendered":"https:\/\/aivlisoft.com\/?post_type=product&#038;p=14590"},"modified":"2025-01-14T11:17:40","modified_gmt":"2025-01-14T11:17:40","slug":"asus-placa-base-prime-b650-plus-atx-am5","status":"publish","type":"product","link":"https:\/\/aivlisoft.net\/shop\/producto\/asus-placa-base-prime-b650-plus-atx-am5\/","title":{"rendered":"ASUS Placa Base PRIME B650-PLUS ATX AM5"},"content":{"rendered":"<p><\/p>\n<p>&nbsp;<\/p>\n<table class=\"tabla_caracteristicas k-table\" width=\"100%\">\n<tr>\n<td valign=\"top\"><strong>Marca<\/strong><\/td>\n<td>Asus<\/td>\n<\/tr>\n<tr>\n<td valign=\"top\"><strong>Modelo<\/strong><\/td>\n<td><strong>90MB1BS0-M0EAY0<\/strong><\/td>\n<\/tr>\n<tr>\n<td valign=\"top\"><strong>Plataforma<\/strong><\/td>\n<td>&#8211; ATX (30.5 cm x 24.4 cm)<\/td>\n<\/tr>\n<tr>\n<td valign=\"top\"><strong>Chipset<\/strong><\/td>\n<td>&#8211; AMD B650<\/td>\n<\/tr>\n<tr>\n<td valign=\"top\"><strong>CPU<\/strong><br \/>\t\t\t<strong>Soportados<\/strong><\/td>\n<td>&#8211; Z&oacute;calo del procesador: Z&oacute;calo AM5<br \/>\t\t\t&#8211; Z&oacute;calos de procesador compatibles: Z&oacute;calo AM5<br \/>\t\t\t&#8211; Procesadores compatibles: AMD Ryzen&trade; 3, AMD Ryzen&trade; 7, AMD Ryzen 9 7th Gen<\/td>\n<\/tr>\n<tr>\n<td valign=\"top\"><strong>Memoria<\/strong><\/td>\n<td>&#8211; 4 x DIMM, Max. 128GB, <strong>DDR5-SDRAM<\/strong><br \/>\t\t\t&#8211; Admite: 4800,5000,5200,5400,5600,5800,6000,6200,6400 MHz<br \/>\t\t\t&#8211; Dual Channel<br \/>\t\t\t&#8211; ECC y Non-ECC<br \/>\t\t\t&#8211; Unbuffered memory<\/td>\n<\/tr>\n<tr>\n<td valign=\"top\">\n<div><strong>Slots Expansi&oacute;n<\/strong><\/div>\n<\/td>\n<td>&#8211; 2 x PCI Express x4 (Gen 1.x)<br \/>\t\t\t&#8211; 2 x PCI Express x16 (Gen 4.x)<br \/>\t\t\t&#8211; 2 x Number of M.2 (M)<\/td>\n<\/tr>\n<tr>\n<td valign=\"top\">\n<div><strong>Puertos E\/S, <\/strong><\/div>\n<div><strong>Conectores<\/strong><\/div>\n<div>&nbsp;<\/div>\n<\/td>\n<td>\n<div>\n<div><strong>Conectores Internos E\/S <\/strong><\/div>\n<\/p><\/div>\n<p>\t\t\t&#8211; 2 x USB 2.0<br \/>\t\t\t&#8211; 2 x USB 3.2 Gen 1 (3.1 Gen 1)<br \/>\t\t\t&#8211; 4 x Number of SATA III<br \/>\t\t\t&#8211; 3 x Number of chassis fan<br \/>\t\t\t&#8211; 1 x Number of COM<br \/>\t\t\t&#8211; 1 x Thunderbolt headers<br \/>\t\t\t&#8211; Front panel audio<br \/>\t\t\t&#8211; ATX Power (24-pin)<br \/>\t\t\t&#8211; CPU fan<br \/>\t\t\t&#8211; EPS power (8-pin)<br \/>\t\t\t&#8211; TPM<br \/>\t\t\t&#8211; 12V power<br \/>\t\t\t&#8211; RGB LED pin header\t\t\t<\/p>\n<div>\n<div><strong>Panel E\/S Trasero<\/strong><\/div>\n<\/p><\/div>\n<p>\t\t\t&#8211; 2 x USB 2.0&nbsp; &nbsp;<br \/>\t\t\t&#8211; 2 x USB 3.2 Gen 1 (3.1 Gen 1) Type-A&nbsp; &nbsp;<br \/>\t\t\t&#8211; 3 x USB 3.2 Gen 2 (3.1 Gen 2) Type-A&nbsp; &nbsp;<br \/>\t\t\t&#8211; 1 x USB 3.2 Gen 2 (3.1 Gen 2) Type-C&nbsp; &nbsp;<br \/>\t\t\t&#8211; 1 x Ethernet LAN (RJ-45) &nbsp;<br \/>\t\t\t&#8211; 1 x HDMI 2.1<br \/>\t\t\t&#8211; 1 x DisplayPort 1.4<br \/>\t\t\t&#8211; 1 x Headphone outputs<br \/>\t\t\t&#8211; Line-in<br \/>\t\t\t&#8211; Microphone in<br \/>\t\t\t&#8211; S\/PDIF out port<\/td>\n<\/tr>\n<tr>\n<td valign=\"top\">\n<div><strong>Otras <\/strong><\/div>\n<div><strong>Caracter&iacute;sticas<\/strong><\/div>\n<\/td>\n<td><strong>Almacenamiento<\/strong><br \/>\t\t\t&#8211; Tipos de unidades de almacenamiento compatibles: HDD y SSD<br \/>\t\t\t&#8211; Interfaces de unidades de almacenamiento compatibles: M.2, SATA III<br \/>\t\t\t&#8211; Niveles RAID: 0, 1, 10<br \/>\t\t\t<strong>Audio<\/strong><br \/>\t\t\t&#8211; Realtek 7.1&nbsp;AMD B650<br \/>\t\t\t<strong>LAN<\/strong><br \/>\t\t\t&#8211; &nbsp;2.5 Gigabit Ethernet<br \/>\t\t\t<strong>Sistema Operativo<\/strong><br \/>\t\t\t&#8211; &nbsp;Windows 10, Windows 11 x64<\/td>\n<\/tr>\n<tr>\n<td valign=\"top\"><strong>Fecha Revisi&oacute;n<\/strong><\/td>\n<td>07-06-2023 por RTY<\/td>\n<\/tr>\n<\/table>\n<p><br class=\"k-br\"><\/p>\n<p>&nbsp;<\/p>\n","protected":false},"excerpt":{"rendered":"<p>&nbsp; Marca Asus Modelo 90MB1BS0-M0EAY0 Plataforma &#8211; ATX (30.5 cm x 24.4 cm) Chipset &#8211; AMD B650 CPU Soportados &#8211; Z&oacute;calo del procesador: Z&oacute;calo AM5 &#8211; Z&oacute;calos de procesador compatibles: Z&oacute;calo AM5 &#8211; Procesadores compatibles: AMD Ryzen&trade; 3, AMD Ryzen&trade; 7, AMD Ryzen 9 7th Gen Memoria &#8211; 4 x DIMM, Max. 128GB, DDR5-SDRAM &#8211;&hellip;&nbsp;<a href=\"https:\/\/aivlisoft.net\/shop\/producto\/asus-placa-base-prime-b650-plus-atx-am5\/\" rel=\"bookmark\"><span class=\"screen-reader-text\">ASUS Placa Base PRIME B650-PLUS ATX AM5<\/span><\/a><\/p>\n","protected":false},"featured_media":14591,"template":"","meta":{"neve_meta_sidebar":"","neve_meta_container":"","neve_meta_enable_content_width":"","neve_meta_content_width":0,"neve_meta_title_alignment":"","neve_meta_author_avatar":"","neve_post_elements_order":"","neve_meta_disable_header":"","neve_meta_disable_footer":"","neve_meta_disable_title":""},"product_brand":[],"product_cat":[8746],"product_tag":[5613],"class_list":{"0":"post-14590","1":"product","2":"type-product","3":"status-publish","4":"has-post-thumbnail","6":"product_cat-amd-socket-am5","7":"product_tag-90mb1bs0-m0eay0","9":"first","10":"instock","11":"taxable","12":"shipping-taxable","13":"purchasable","14":"product-type-simple"},"yoast_head":"<!-- This site is optimized with the Yoast SEO plugin v26.0 - https:\/\/yoast.com\/wordpress\/plugins\/seo\/ -->\n<title>ASUS Placa Base PRIME B650-PLUS ATX AM5 - Aivlisoft Inform\u00e1tica<\/title>\n<meta name=\"robots\" content=\"index, follow, max-snippet:-1, max-image-preview:large, max-video-preview:-1\" \/>\n<link rel=\"canonical\" href=\"https:\/\/aivlisoft.net\/shop\/producto\/asus-placa-base-prime-b650-plus-atx-am5\/\" \/>\n<meta property=\"og:locale\" content=\"es_ES\" \/>\n<meta property=\"og:type\" content=\"article\" \/>\n<meta property=\"og:title\" content=\"ASUS Placa Base PRIME B650-PLUS ATX AM5 - Aivlisoft Inform\u00e1tica\" \/>\n<meta property=\"og:description\" content=\"&nbsp; Marca Asus Modelo 90MB1BS0-M0EAY0 Plataforma &#8211; ATX (30.5 cm x 24.4 cm) Chipset &#8211; AMD B650 CPU Soportados &#8211; Z&oacute;calo del procesador: Z&oacute;calo AM5 &#8211; Z&oacute;calos de procesador compatibles: Z&oacute;calo AM5 &#8211; Procesadores compatibles: AMD Ryzen&trade; 3, AMD Ryzen&trade; 7, AMD Ryzen 9 7th Gen Memoria &#8211; 4 x DIMM, Max. 128GB, DDR5-SDRAM &#8211;&hellip;&nbsp;ASUS Placa Base PRIME B650-PLUS ATX AM5\" \/>\n<meta property=\"og:url\" content=\"https:\/\/aivlisoft.net\/shop\/producto\/asus-placa-base-prime-b650-plus-atx-am5\/\" \/>\n<meta property=\"og:site_name\" content=\"Aivlisoft Inform\u00e1tica\" \/>\n<meta property=\"article:modified_time\" content=\"2025-01-14T11:17:40+00:00\" \/>\n<meta property=\"og:image\" content=\"https:\/\/aivlisoft.net\/shop\/wp-content\/uploads\/2025\/01\/IPBPA50006_800.jpg\" \/>\n\t<meta property=\"og:image:width\" content=\"800\" \/>\n\t<meta property=\"og:image:height\" content=\"800\" \/>\n\t<meta property=\"og:image:type\" content=\"image\/jpeg\" \/>\n<meta name=\"twitter:card\" content=\"summary_large_image\" \/>\n<meta name=\"twitter:label1\" content=\"Tiempo de lectura\" \/>\n\t<meta name=\"twitter:data1\" content=\"1 minuto\" \/>\n<script type=\"application\/ld+json\" class=\"yoast-schema-graph\">{\"@context\":\"https:\/\/schema.org\",\"@graph\":[{\"@type\":\"WebPage\",\"@id\":\"https:\/\/aivlisoft.net\/shop\/producto\/asus-placa-base-prime-b650-plus-atx-am5\/\",\"url\":\"https:\/\/aivlisoft.net\/shop\/producto\/asus-placa-base-prime-b650-plus-atx-am5\/\",\"name\":\"ASUS Placa Base PRIME B650-PLUS ATX AM5 - Aivlisoft Inform\u00e1tica\",\"isPartOf\":{\"@id\":\"https:\/\/aivlisoft.net\/shop\/#website\"},\"primaryImageOfPage\":{\"@id\":\"https:\/\/aivlisoft.net\/shop\/producto\/asus-placa-base-prime-b650-plus-atx-am5\/#primaryimage\"},\"image\":{\"@id\":\"https:\/\/aivlisoft.net\/shop\/producto\/asus-placa-base-prime-b650-plus-atx-am5\/#primaryimage\"},\"thumbnailUrl\":\"https:\/\/aivlisoft.net\/shop\/wp-content\/uploads\/2025\/01\/IPBPA50006_800.jpg\",\"datePublished\":\"2025-01-13T14:45:08+00:00\",\"dateModified\":\"2025-01-14T11:17:40+00:00\",\"breadcrumb\":{\"@id\":\"https:\/\/aivlisoft.net\/shop\/producto\/asus-placa-base-prime-b650-plus-atx-am5\/#breadcrumb\"},\"inLanguage\":\"es\",\"potentialAction\":[{\"@type\":\"ReadAction\",\"target\":[\"https:\/\/aivlisoft.net\/shop\/producto\/asus-placa-base-prime-b650-plus-atx-am5\/\"]}]},{\"@type\":\"ImageObject\",\"inLanguage\":\"es\",\"@id\":\"https:\/\/aivlisoft.net\/shop\/producto\/asus-placa-base-prime-b650-plus-atx-am5\/#primaryimage\",\"url\":\"https:\/\/aivlisoft.net\/shop\/wp-content\/uploads\/2025\/01\/IPBPA50006_800.jpg\",\"contentUrl\":\"https:\/\/aivlisoft.net\/shop\/wp-content\/uploads\/2025\/01\/IPBPA50006_800.jpg\",\"width\":800,\"height\":800},{\"@type\":\"BreadcrumbList\",\"@id\":\"https:\/\/aivlisoft.net\/shop\/producto\/asus-placa-base-prime-b650-plus-atx-am5\/#breadcrumb\",\"itemListElement\":[{\"@type\":\"ListItem\",\"position\":1,\"name\":\"Portada\",\"item\":\"https:\/\/aivlisoft.net\/shop\/\"},{\"@type\":\"ListItem\",\"position\":2,\"name\":\"Tienda\",\"item\":\"https:\/\/aivlisoft.net\/shop\/tienda\/\"},{\"@type\":\"ListItem\",\"position\":3,\"name\":\"ASUS Placa Base PRIME B650-PLUS ATX AM5\"}]},{\"@type\":\"WebSite\",\"@id\":\"https:\/\/aivlisoft.net\/shop\/#website\",\"url\":\"https:\/\/aivlisoft.net\/shop\/\",\"name\":\"Aivlisoft Inform\u00e1tica\",\"description\":\"En Aivlisoft Inform\u00e1tica ofrecemos soluciones tecnol\u00f3gicas para empresas: venta de ordenadores, consumibles, perif\u00e9ricos y m\u00e1s. Calidad, atenci\u00f3n personalizada y los mejores precios para tu negocio.\",\"publisher\":{\"@id\":\"https:\/\/aivlisoft.net\/shop\/#organization\"},\"potentialAction\":[{\"@type\":\"SearchAction\",\"target\":{\"@type\":\"EntryPoint\",\"urlTemplate\":\"https:\/\/aivlisoft.net\/shop\/?s={search_term_string}\"},\"query-input\":{\"@type\":\"PropertyValueSpecification\",\"valueRequired\":true,\"valueName\":\"search_term_string\"}}],\"inLanguage\":\"es\"},{\"@type\":\"Organization\",\"@id\":\"https:\/\/aivlisoft.net\/shop\/#organization\",\"name\":\"Aivlisoft Inform\u00e1tica\",\"url\":\"https:\/\/aivlisoft.net\/shop\/\",\"logo\":{\"@type\":\"ImageObject\",\"inLanguage\":\"es\",\"@id\":\"https:\/\/aivlisoft.net\/shop\/#\/schema\/logo\/image\/\",\"url\":\"https:\/\/aivlisoft.net\/shop\/wp-content\/uploads\/2024\/12\/removal.ai_5b848c54-0cdf-4140-95c5-c5536bb7573b-logodef.png\",\"contentUrl\":\"https:\/\/aivlisoft.net\/shop\/wp-content\/uploads\/2024\/12\/removal.ai_5b848c54-0cdf-4140-95c5-c5536bb7573b-logodef.png\",\"width\":484,\"height\":182,\"caption\":\"Aivlisoft Inform\u00e1tica\"},\"image\":{\"@id\":\"https:\/\/aivlisoft.net\/shop\/#\/schema\/logo\/image\/\"}}]}<\/script>\n<!-- \/ Yoast SEO plugin. -->","yoast_head_json":{"title":"ASUS Placa Base PRIME B650-PLUS ATX AM5 - Aivlisoft Inform\u00e1tica","robots":{"index":"index","follow":"follow","max-snippet":"max-snippet:-1","max-image-preview":"max-image-preview:large","max-video-preview":"max-video-preview:-1"},"canonical":"https:\/\/aivlisoft.net\/shop\/producto\/asus-placa-base-prime-b650-plus-atx-am5\/","og_locale":"es_ES","og_type":"article","og_title":"ASUS Placa Base PRIME B650-PLUS ATX AM5 - Aivlisoft Inform\u00e1tica","og_description":"&nbsp; Marca Asus Modelo 90MB1BS0-M0EAY0 Plataforma &#8211; ATX (30.5 cm x 24.4 cm) Chipset &#8211; AMD B650 CPU Soportados &#8211; Z&oacute;calo del procesador: Z&oacute;calo AM5 &#8211; Z&oacute;calos de procesador compatibles: Z&oacute;calo AM5 &#8211; Procesadores compatibles: AMD Ryzen&trade; 3, AMD Ryzen&trade; 7, AMD Ryzen 9 7th Gen Memoria &#8211; 4 x DIMM, Max. 128GB, DDR5-SDRAM &#8211;&hellip;&nbsp;ASUS Placa Base PRIME B650-PLUS ATX AM5","og_url":"https:\/\/aivlisoft.net\/shop\/producto\/asus-placa-base-prime-b650-plus-atx-am5\/","og_site_name":"Aivlisoft Inform\u00e1tica","article_modified_time":"2025-01-14T11:17:40+00:00","og_image":[{"width":800,"height":800,"url":"https:\/\/aivlisoft.net\/shop\/wp-content\/uploads\/2025\/01\/IPBPA50006_800.jpg","type":"image\/jpeg"}],"twitter_card":"summary_large_image","twitter_misc":{"Tiempo de lectura":"1 minuto"},"schema":{"@context":"https:\/\/schema.org","@graph":[{"@type":"WebPage","@id":"https:\/\/aivlisoft.net\/shop\/producto\/asus-placa-base-prime-b650-plus-atx-am5\/","url":"https:\/\/aivlisoft.net\/shop\/producto\/asus-placa-base-prime-b650-plus-atx-am5\/","name":"ASUS Placa Base PRIME B650-PLUS ATX AM5 - Aivlisoft Inform\u00e1tica","isPartOf":{"@id":"https:\/\/aivlisoft.net\/shop\/#website"},"primaryImageOfPage":{"@id":"https:\/\/aivlisoft.net\/shop\/producto\/asus-placa-base-prime-b650-plus-atx-am5\/#primaryimage"},"image":{"@id":"https:\/\/aivlisoft.net\/shop\/producto\/asus-placa-base-prime-b650-plus-atx-am5\/#primaryimage"},"thumbnailUrl":"https:\/\/aivlisoft.net\/shop\/wp-content\/uploads\/2025\/01\/IPBPA50006_800.jpg","datePublished":"2025-01-13T14:45:08+00:00","dateModified":"2025-01-14T11:17:40+00:00","breadcrumb":{"@id":"https:\/\/aivlisoft.net\/shop\/producto\/asus-placa-base-prime-b650-plus-atx-am5\/#breadcrumb"},"inLanguage":"es","potentialAction":[{"@type":"ReadAction","target":["https:\/\/aivlisoft.net\/shop\/producto\/asus-placa-base-prime-b650-plus-atx-am5\/"]}]},{"@type":"ImageObject","inLanguage":"es","@id":"https:\/\/aivlisoft.net\/shop\/producto\/asus-placa-base-prime-b650-plus-atx-am5\/#primaryimage","url":"https:\/\/aivlisoft.net\/shop\/wp-content\/uploads\/2025\/01\/IPBPA50006_800.jpg","contentUrl":"https:\/\/aivlisoft.net\/shop\/wp-content\/uploads\/2025\/01\/IPBPA50006_800.jpg","width":800,"height":800},{"@type":"BreadcrumbList","@id":"https:\/\/aivlisoft.net\/shop\/producto\/asus-placa-base-prime-b650-plus-atx-am5\/#breadcrumb","itemListElement":[{"@type":"ListItem","position":1,"name":"Portada","item":"https:\/\/aivlisoft.net\/shop\/"},{"@type":"ListItem","position":2,"name":"Tienda","item":"https:\/\/aivlisoft.net\/shop\/tienda\/"},{"@type":"ListItem","position":3,"name":"ASUS Placa Base PRIME B650-PLUS ATX AM5"}]},{"@type":"WebSite","@id":"https:\/\/aivlisoft.net\/shop\/#website","url":"https:\/\/aivlisoft.net\/shop\/","name":"Aivlisoft Inform\u00e1tica","description":"En Aivlisoft Inform\u00e1tica ofrecemos soluciones tecnol\u00f3gicas para empresas: venta de ordenadores, consumibles, perif\u00e9ricos y m\u00e1s. Calidad, atenci\u00f3n personalizada y los mejores precios para tu negocio.","publisher":{"@id":"https:\/\/aivlisoft.net\/shop\/#organization"},"potentialAction":[{"@type":"SearchAction","target":{"@type":"EntryPoint","urlTemplate":"https:\/\/aivlisoft.net\/shop\/?s={search_term_string}"},"query-input":{"@type":"PropertyValueSpecification","valueRequired":true,"valueName":"search_term_string"}}],"inLanguage":"es"},{"@type":"Organization","@id":"https:\/\/aivlisoft.net\/shop\/#organization","name":"Aivlisoft Inform\u00e1tica","url":"https:\/\/aivlisoft.net\/shop\/","logo":{"@type":"ImageObject","inLanguage":"es","@id":"https:\/\/aivlisoft.net\/shop\/#\/schema\/logo\/image\/","url":"https:\/\/aivlisoft.net\/shop\/wp-content\/uploads\/2024\/12\/removal.ai_5b848c54-0cdf-4140-95c5-c5536bb7573b-logodef.png","contentUrl":"https:\/\/aivlisoft.net\/shop\/wp-content\/uploads\/2024\/12\/removal.ai_5b848c54-0cdf-4140-95c5-c5536bb7573b-logodef.png","width":484,"height":182,"caption":"Aivlisoft Inform\u00e1tica"},"image":{"@id":"https:\/\/aivlisoft.net\/shop\/#\/schema\/logo\/image\/"}}]}},"_links":{"self":[{"href":"https:\/\/aivlisoft.net\/shop\/wp-json\/wp\/v2\/product\/14590","targetHints":{"allow":["GET"]}}],"collection":[{"href":"https:\/\/aivlisoft.net\/shop\/wp-json\/wp\/v2\/product"}],"about":[{"href":"https:\/\/aivlisoft.net\/shop\/wp-json\/wp\/v2\/types\/product"}],"wp:featuredmedia":[{"embeddable":true,"href":"https:\/\/aivlisoft.net\/shop\/wp-json\/wp\/v2\/media\/14591"}],"wp:attachment":[{"href":"https:\/\/aivlisoft.net\/shop\/wp-json\/wp\/v2\/media?parent=14590"}],"wp:term":[{"taxonomy":"product_brand","embeddable":true,"href":"https:\/\/aivlisoft.net\/shop\/wp-json\/wp\/v2\/product_brand?post=14590"},{"taxonomy":"product_cat","embeddable":true,"href":"https:\/\/aivlisoft.net\/shop\/wp-json\/wp\/v2\/product_cat?post=14590"},{"taxonomy":"product_tag","embeddable":true,"href":"https:\/\/aivlisoft.net\/shop\/wp-json\/wp\/v2\/product_tag?post=14590"}],"curies":[{"name":"wp","href":"https:\/\/api.w.org\/{rel}","templated":true}]}}