{"id":14578,"date":"2025-01-13T14:45:03","date_gmt":"2025-01-13T14:45:03","guid":{"rendered":"https:\/\/aivlisoft.com\/?post_type=product&#038;p=14578"},"modified":"2025-01-14T11:17:38","modified_gmt":"2025-01-14T11:17:38","slug":"biostar-placa-base-a520mhp-matx-am4","status":"publish","type":"product","link":"https:\/\/aivlisoft.net\/shop\/producto\/biostar-placa-base-a520mhp-matx-am4\/","title":{"rendered":"Biostar Placa Base A520MHP mATX AM4"},"content":{"rendered":"<p><\/p>\n<table class=\"tabla_caracteristicas k-table\" width=\"100%\">\n<tr>\n<td valign=\"top\"><strong>Marca<\/strong><\/td>\n<td>Biostar<\/td>\n<\/tr>\n<tr>\n<td valign=\"top\"><strong>Modelo<\/strong><\/td>\n<td><strong>A520MHP<\/strong><\/td>\n<\/tr>\n<tr>\n<td valign=\"top\"><strong>Plataforma<\/strong><\/td>\n<td>&#8211; Micro ATX : ( 19,0 cm x 23,5 cm )<\/td>\n<\/tr>\n<tr>\n<td valign=\"top\"><strong>Chipset<\/strong><\/td>\n<td>&#8211; AMD A520<\/td>\n<\/tr>\n<tr>\n<td valign=\"top\"><strong>CPU<\/strong><\/td>\n<td>&#8211; Compatible con procesadores AMD Ryzen series 5000\/5000G\/4000G\/3000\/3000G<br \/>\t\t\t&#8211; Soporte para futuros procesadores AMD Ryzen con actualizaci&oacute;n de BIOS<br \/>\t\t\t* Consulte www.biostar.com.tw para obtener la lista de soporte de CPU.<\/td>\n<\/tr>\n<tr>\n<td valign=\"top\"><strong>Memoria <\/strong><\/td>\n<td>&#8211; Procesadores AMD Ryzen de cuarta generaci&oacute;n (CPU Vermeer): Admite DDR4 de doble canal: 4266+(OC)\/4133(OC)\/ 4000(OC)\/ 3800(OC)\/ 3600(OC)\/ 3200\/ 2933\/2667\/ 2400\/2133<br \/>\t\t\t&#8211; AMD Ryzen de cuarta generaci&oacute;n con procesadores gr&aacute;ficos Radeon (APU Cezanne): admite DDR4 de doble canal &#8211; 4400+(OC)\/ 4266(OC)\/4133(OC)\/ 4000(OC)\/ 3800(OC)\/ 3600(OC)\/ 3200 \/2933\/ 2667\/ 2400\/2133<br \/>\t\t\t&#8211; Procesadores AMD Ryzen de tercera generaci&oacute;n (CPU Matisse): Admite DDR4 de doble canal: 4266+(OC)\/4133(OC)\/ 4000(OC)\/ 3800(OC)\/ 3600(OC)\/ 3200\/ 2933\/2667\/ 2400\/2133<br \/>\t\t\t&#8211; AMD Ryzen de tercera generaci&oacute;n con procesadores gr&aacute;ficos Radeon (APU Renoir): Admite DDR4 de doble canal: 4400+(OC)\/ 4266(OC)\/4133(OC)\/ 4000(OC)\/ 3800(OC)\/ 3600(OC)\/ 3200\/2933\/ 2667\/ 2400\/2133<br \/>\t\t\t&#8211; 2 x ranuras para memoria DIMM DDR4, m&aacute;x. Admite hasta 64 GB de memoria<br \/>\t\t\t&#8211; Cada DIMM admite m&oacute;dulos DDR4 de 8\/16\/32 GB sin ECC<br \/>\t\t\t* Consulte www.biostar.com.tw para obtener la lista de soporte de memoria.<\/td>\n<\/tr>\n<tr>\n<td valign=\"top\"><strong>Slots Expansi&oacute;n <\/strong><\/td>\n<td>&#8211; Procesadores AMD Ryzen 5000\/3000<br \/>\t\t\t&nbsp; 1 x ranura PCIe 3.0 x16 (modo x16 o x4\/x4\/x4\/x4)<br \/>\t\t\t&#8211; Procesadores AMD Ryzen 5000G\/4000G\/3000G<br \/>\t\t\t&nbsp; 1 x ranura PCIe 3.0 x16 (modo x16 o x8\/x4\/x4)<br \/>\t\t\t&#8211; Conjunto de chips AMD A520<br \/>\t\t\t&nbsp; 2 ranuras PCIe 3.0 x1<br \/>\t\t\t* Seg&uacute;n las diferentes CPU, las velocidades ser&aacute;n diferentes.<br \/>\t\t\t* Las especificaciones var&iacute;an seg&uacute;n el tipo de CPU<\/td>\n<\/tr>\n<tr>\n<td valign=\"top\">\n<div><strong>Puertos E\/S,<\/strong><\/div>\n<div><strong>Conectores<\/strong><\/div>\n<\/td>\n<td><strong>Internos<\/strong><br \/>\t\t\t&#8211; 4 x conectores SATA III de 6,0 Gb\/s<br \/>\t\t\t&#8211; 1 x encabezado USB 3.2 (Gen1) (cada encabezado admite 2 puertos USB 3.2 (Gen1))<br \/>\t\t\t&#8211; 2 x encabezado USB 2.0 (cada encabezado admite 2 puertos USB 2.0)<br \/>\t\t\t&#8211; 1 x conector de alimentaci&oacute;n de 4 pines<br \/>\t\t\t&#8211; 1 x conector de alimentaci&oacute;n de 24 pines<br \/>\t\t\t&#8211; 1 x conector de ventilador de CPU<br \/>\t\t\t&#8211; 1 x conector del ventilador del sistema<br \/>\t\t\t&#8211; 1 x encabezado del panel frontal<br \/>\t\t\t&#8211; 1 x encabezado de audio frontal<br \/>\t\t\t&#8211; 1 x encabezado CMOS transparente<br \/>\t\t\t&#8211; 1 x encabezado serie COM<br \/>\t\t\t&#8211; 1 x encabezado de altavoz est&eacute;reo interno<br \/>\t\t\t<strong>Traseros<\/strong><br \/>\t\t\t&#8211; 1 x teclado\/rat&oacute;n PS\/2<br \/>\t\t\t&#8211; 1 x puerto VGA<br \/>\t\t\t&#8211; 1 x puerto HDMI<br \/>\t\t\t&#8211; 1 x puerto LAN<br \/>\t\t\t&#8211; 2 x puertos USB 3.2 (Gen1)<br \/>\t\t\t&#8211; 4 x puertos USB 2.0<br \/>\t\t\t&#8211; 3 x conectores de audio<\/td>\n<\/tr>\n<tr>\n<td valign=\"top\">\n<div><strong>Otras <\/strong><\/div>\n<div><strong>Caracter&iacute;sticas<\/strong><\/div>\n<\/td>\n<td><strong>Almacenamiento<\/strong><br \/>\t\t\t&#8211; Totalmente compatible con 1 z&oacute;calo M.2 y 4 puertos SATA III (6 Gb\/s)<br \/>\t\t\t&#8211; Procesadores AMD Ryzen 5000\/5000G\/4000G\/3000\/3000G<br \/>\t\t\t&#8211; 1 x conector M.2 (llave M):<br \/>\t\t\t&#8211; Admite m&oacute;dulo SSD M.2 tipo 2260\/2280<br \/>\t\t\t&#8211; Soporta PCIe 3.0 x4 (32Gb\/s) &#8211; NVMe\/AHCI SSD<br \/>\t\t\t&#8211; Admite SSD SATA III (6,0 Gb\/s)<br \/>\t\t\t&#8211; Conjunto de chips AMD A520<br \/>\t\t\t&#8211; 4 x conectores SATA III (6 Gb\/s):<br \/>\t\t\t&#8211; Soporta AHCI y RAID 0, 1, 10<br \/>\t\t\t* Las especificaciones var&iacute;an seg&uacute;n el tipo de CPU<br \/>\t\t\t<strong>LAN<\/strong><br \/>\t\t\t&#8211; Realtek RTL8111H<br \/>\t\t\t&#8211; Negociaci&oacute;n autom&aacute;tica de 10\/100\/1000 Mb\/s, capacidad Half\/Full Duplex<br \/>\t\t\t<strong>Audio<\/strong><br \/>\t\t\t&#8211; Realtek ALC897<br \/>\t\t\t&#8211; 7.1 canales, audio de alta definici&oacute;n, Hi-Fi (frontal)<br \/>\t\t\t<strong>USB<\/strong><br \/>\t\t\t&#8211; 4 x puertos USB 3.2 (Gen1)<br \/>\t\t\t&nbsp;2 en E\/S traseras<br \/>\t\t\t&nbsp;2 a trav&eacute;s de encabezados internos<br \/>\t\t\t&#8211; 8 x puertos USB 2.0<br \/>\t\t\t&nbsp; 4 en E\/S traseras<br \/>\t\t\t&nbsp; 4 a trav&eacute;s de encabezados internos<br \/>\t\t\t<strong>SO soportados<\/strong><br \/>\t\t\t&#8211; Supports Windows 10(64bit)\/ 11(64bit)<\/td>\n<\/tr>\n<tr>\n<td valign=\"top\"><strong>Fecha Revisi&oacute;n<\/strong><\/td>\n<td>06-11-2024 por RTY<\/td>\n<\/tr>\n<\/table>\n<p>&nbsp;<\/p>\n<p>&nbsp;<\/p>\n","protected":false},"excerpt":{"rendered":"<p>Marca Biostar Modelo A520MHP Plataforma &#8211; Micro ATX : ( 19,0 cm x 23,5 cm ) Chipset &#8211; AMD A520 CPU &#8211; Compatible con procesadores AMD Ryzen series 5000\/5000G\/4000G\/3000\/3000G &#8211; Soporte para futuros procesadores AMD Ryzen con actualizaci&oacute;n de BIOS * Consulte www.biostar.com.tw para obtener la lista de soporte de CPU. Memoria &#8211; Procesadores AMD&hellip;&nbsp;<a href=\"https:\/\/aivlisoft.net\/shop\/producto\/biostar-placa-base-a520mhp-matx-am4\/\" rel=\"bookmark\"><span class=\"screen-reader-text\">Biostar Placa Base A520MHP mATX AM4<\/span><\/a><\/p>\n","protected":false},"featured_media":14579,"template":"","meta":{"neve_meta_sidebar":"","neve_meta_container":"","neve_meta_enable_content_width":"","neve_meta_content_width":0,"neve_meta_title_alignment":"","neve_meta_author_avatar":"","neve_post_elements_order":"","neve_meta_disable_header":"","neve_meta_disable_footer":"","neve_meta_disable_title":""},"product_brand":[],"product_cat":[8745],"product_tag":[5609],"class_list":{"0":"post-14578","1":"product","2":"type-product","3":"status-publish","4":"has-post-thumbnail","6":"product_cat-amd-socket-am4","7":"product_tag-a520mhp","9":"first","10":"instock","11":"taxable","12":"shipping-taxable","13":"purchasable","14":"product-type-simple"},"yoast_head":"<!-- This site is optimized with the Yoast SEO plugin v26.0 - https:\/\/yoast.com\/wordpress\/plugins\/seo\/ -->\n<title>Biostar Placa Base A520MHP mATX AM4 - Aivlisoft Inform\u00e1tica<\/title>\n<meta name=\"robots\" content=\"index, follow, max-snippet:-1, max-image-preview:large, max-video-preview:-1\" \/>\n<link rel=\"canonical\" href=\"https:\/\/aivlisoft.net\/shop\/producto\/biostar-placa-base-a520mhp-matx-am4\/\" \/>\n<meta property=\"og:locale\" content=\"es_ES\" \/>\n<meta property=\"og:type\" content=\"article\" \/>\n<meta property=\"og:title\" content=\"Biostar Placa Base A520MHP mATX AM4 - Aivlisoft Inform\u00e1tica\" \/>\n<meta property=\"og:description\" content=\"Marca Biostar Modelo A520MHP Plataforma &#8211; Micro ATX : ( 19,0 cm x 23,5 cm ) Chipset &#8211; AMD A520 CPU &#8211; Compatible con procesadores AMD Ryzen series 5000\/5000G\/4000G\/3000\/3000G &#8211; Soporte para futuros procesadores AMD Ryzen con actualizaci&oacute;n de BIOS * Consulte www.biostar.com.tw para obtener la lista de soporte de CPU. Memoria &#8211; Procesadores AMD&hellip;&nbsp;Biostar Placa Base A520MHP mATX AM4\" \/>\n<meta property=\"og:url\" content=\"https:\/\/aivlisoft.net\/shop\/producto\/biostar-placa-base-a520mhp-matx-am4\/\" \/>\n<meta property=\"og:site_name\" content=\"Aivlisoft Inform\u00e1tica\" \/>\n<meta property=\"article:modified_time\" content=\"2025-01-14T11:17:38+00:00\" \/>\n<meta property=\"og:image\" content=\"https:\/\/aivlisoft.net\/shop\/wp-content\/uploads\/2025\/01\/IPBPA40191_800.jpg\" \/>\n\t<meta property=\"og:image:width\" content=\"800\" \/>\n\t<meta property=\"og:image:height\" content=\"800\" \/>\n\t<meta property=\"og:image:type\" content=\"image\/jpeg\" \/>\n<meta name=\"twitter:card\" content=\"summary_large_image\" \/>\n<meta name=\"twitter:label1\" content=\"Tiempo de lectura\" \/>\n\t<meta name=\"twitter:data1\" content=\"3 minutos\" \/>\n<script type=\"application\/ld+json\" class=\"yoast-schema-graph\">{\"@context\":\"https:\/\/schema.org\",\"@graph\":[{\"@type\":\"WebPage\",\"@id\":\"https:\/\/aivlisoft.net\/shop\/producto\/biostar-placa-base-a520mhp-matx-am4\/\",\"url\":\"https:\/\/aivlisoft.net\/shop\/producto\/biostar-placa-base-a520mhp-matx-am4\/\",\"name\":\"Biostar Placa Base A520MHP mATX AM4 - Aivlisoft Inform\u00e1tica\",\"isPartOf\":{\"@id\":\"https:\/\/aivlisoft.net\/shop\/#website\"},\"primaryImageOfPage\":{\"@id\":\"https:\/\/aivlisoft.net\/shop\/producto\/biostar-placa-base-a520mhp-matx-am4\/#primaryimage\"},\"image\":{\"@id\":\"https:\/\/aivlisoft.net\/shop\/producto\/biostar-placa-base-a520mhp-matx-am4\/#primaryimage\"},\"thumbnailUrl\":\"https:\/\/aivlisoft.net\/shop\/wp-content\/uploads\/2025\/01\/IPBPA40191_800.jpg\",\"datePublished\":\"2025-01-13T14:45:03+00:00\",\"dateModified\":\"2025-01-14T11:17:38+00:00\",\"breadcrumb\":{\"@id\":\"https:\/\/aivlisoft.net\/shop\/producto\/biostar-placa-base-a520mhp-matx-am4\/#breadcrumb\"},\"inLanguage\":\"es\",\"potentialAction\":[{\"@type\":\"ReadAction\",\"target\":[\"https:\/\/aivlisoft.net\/shop\/producto\/biostar-placa-base-a520mhp-matx-am4\/\"]}]},{\"@type\":\"ImageObject\",\"inLanguage\":\"es\",\"@id\":\"https:\/\/aivlisoft.net\/shop\/producto\/biostar-placa-base-a520mhp-matx-am4\/#primaryimage\",\"url\":\"https:\/\/aivlisoft.net\/shop\/wp-content\/uploads\/2025\/01\/IPBPA40191_800.jpg\",\"contentUrl\":\"https:\/\/aivlisoft.net\/shop\/wp-content\/uploads\/2025\/01\/IPBPA40191_800.jpg\",\"width\":800,\"height\":800},{\"@type\":\"BreadcrumbList\",\"@id\":\"https:\/\/aivlisoft.net\/shop\/producto\/biostar-placa-base-a520mhp-matx-am4\/#breadcrumb\",\"itemListElement\":[{\"@type\":\"ListItem\",\"position\":1,\"name\":\"Portada\",\"item\":\"https:\/\/aivlisoft.net\/shop\/\"},{\"@type\":\"ListItem\",\"position\":2,\"name\":\"Tienda\",\"item\":\"https:\/\/aivlisoft.net\/shop\/tienda\/\"},{\"@type\":\"ListItem\",\"position\":3,\"name\":\"Biostar Placa Base A520MHP mATX AM4\"}]},{\"@type\":\"WebSite\",\"@id\":\"https:\/\/aivlisoft.net\/shop\/#website\",\"url\":\"https:\/\/aivlisoft.net\/shop\/\",\"name\":\"Aivlisoft Inform\u00e1tica\",\"description\":\"En Aivlisoft Inform\u00e1tica ofrecemos soluciones tecnol\u00f3gicas para empresas: venta de ordenadores, consumibles, perif\u00e9ricos y m\u00e1s. Calidad, atenci\u00f3n personalizada y los mejores precios para tu negocio.\",\"publisher\":{\"@id\":\"https:\/\/aivlisoft.net\/shop\/#organization\"},\"potentialAction\":[{\"@type\":\"SearchAction\",\"target\":{\"@type\":\"EntryPoint\",\"urlTemplate\":\"https:\/\/aivlisoft.net\/shop\/?s={search_term_string}\"},\"query-input\":{\"@type\":\"PropertyValueSpecification\",\"valueRequired\":true,\"valueName\":\"search_term_string\"}}],\"inLanguage\":\"es\"},{\"@type\":\"Organization\",\"@id\":\"https:\/\/aivlisoft.net\/shop\/#organization\",\"name\":\"Aivlisoft Inform\u00e1tica\",\"url\":\"https:\/\/aivlisoft.net\/shop\/\",\"logo\":{\"@type\":\"ImageObject\",\"inLanguage\":\"es\",\"@id\":\"https:\/\/aivlisoft.net\/shop\/#\/schema\/logo\/image\/\",\"url\":\"https:\/\/aivlisoft.net\/shop\/wp-content\/uploads\/2024\/12\/removal.ai_5b848c54-0cdf-4140-95c5-c5536bb7573b-logodef.png\",\"contentUrl\":\"https:\/\/aivlisoft.net\/shop\/wp-content\/uploads\/2024\/12\/removal.ai_5b848c54-0cdf-4140-95c5-c5536bb7573b-logodef.png\",\"width\":484,\"height\":182,\"caption\":\"Aivlisoft Inform\u00e1tica\"},\"image\":{\"@id\":\"https:\/\/aivlisoft.net\/shop\/#\/schema\/logo\/image\/\"}}]}<\/script>\n<!-- \/ Yoast SEO plugin. -->","yoast_head_json":{"title":"Biostar Placa Base A520MHP mATX AM4 - Aivlisoft Inform\u00e1tica","robots":{"index":"index","follow":"follow","max-snippet":"max-snippet:-1","max-image-preview":"max-image-preview:large","max-video-preview":"max-video-preview:-1"},"canonical":"https:\/\/aivlisoft.net\/shop\/producto\/biostar-placa-base-a520mhp-matx-am4\/","og_locale":"es_ES","og_type":"article","og_title":"Biostar Placa Base A520MHP mATX AM4 - Aivlisoft Inform\u00e1tica","og_description":"Marca Biostar Modelo A520MHP Plataforma &#8211; Micro ATX : ( 19,0 cm x 23,5 cm ) Chipset &#8211; AMD A520 CPU &#8211; Compatible con procesadores AMD Ryzen series 5000\/5000G\/4000G\/3000\/3000G &#8211; Soporte para futuros procesadores AMD Ryzen con actualizaci&oacute;n de BIOS * Consulte www.biostar.com.tw para obtener la lista de soporte de CPU. Memoria &#8211; Procesadores AMD&hellip;&nbsp;Biostar Placa Base A520MHP mATX AM4","og_url":"https:\/\/aivlisoft.net\/shop\/producto\/biostar-placa-base-a520mhp-matx-am4\/","og_site_name":"Aivlisoft Inform\u00e1tica","article_modified_time":"2025-01-14T11:17:38+00:00","og_image":[{"width":800,"height":800,"url":"https:\/\/aivlisoft.net\/shop\/wp-content\/uploads\/2025\/01\/IPBPA40191_800.jpg","type":"image\/jpeg"}],"twitter_card":"summary_large_image","twitter_misc":{"Tiempo de lectura":"3 minutos"},"schema":{"@context":"https:\/\/schema.org","@graph":[{"@type":"WebPage","@id":"https:\/\/aivlisoft.net\/shop\/producto\/biostar-placa-base-a520mhp-matx-am4\/","url":"https:\/\/aivlisoft.net\/shop\/producto\/biostar-placa-base-a520mhp-matx-am4\/","name":"Biostar Placa Base A520MHP mATX AM4 - Aivlisoft Inform\u00e1tica","isPartOf":{"@id":"https:\/\/aivlisoft.net\/shop\/#website"},"primaryImageOfPage":{"@id":"https:\/\/aivlisoft.net\/shop\/producto\/biostar-placa-base-a520mhp-matx-am4\/#primaryimage"},"image":{"@id":"https:\/\/aivlisoft.net\/shop\/producto\/biostar-placa-base-a520mhp-matx-am4\/#primaryimage"},"thumbnailUrl":"https:\/\/aivlisoft.net\/shop\/wp-content\/uploads\/2025\/01\/IPBPA40191_800.jpg","datePublished":"2025-01-13T14:45:03+00:00","dateModified":"2025-01-14T11:17:38+00:00","breadcrumb":{"@id":"https:\/\/aivlisoft.net\/shop\/producto\/biostar-placa-base-a520mhp-matx-am4\/#breadcrumb"},"inLanguage":"es","potentialAction":[{"@type":"ReadAction","target":["https:\/\/aivlisoft.net\/shop\/producto\/biostar-placa-base-a520mhp-matx-am4\/"]}]},{"@type":"ImageObject","inLanguage":"es","@id":"https:\/\/aivlisoft.net\/shop\/producto\/biostar-placa-base-a520mhp-matx-am4\/#primaryimage","url":"https:\/\/aivlisoft.net\/shop\/wp-content\/uploads\/2025\/01\/IPBPA40191_800.jpg","contentUrl":"https:\/\/aivlisoft.net\/shop\/wp-content\/uploads\/2025\/01\/IPBPA40191_800.jpg","width":800,"height":800},{"@type":"BreadcrumbList","@id":"https:\/\/aivlisoft.net\/shop\/producto\/biostar-placa-base-a520mhp-matx-am4\/#breadcrumb","itemListElement":[{"@type":"ListItem","position":1,"name":"Portada","item":"https:\/\/aivlisoft.net\/shop\/"},{"@type":"ListItem","position":2,"name":"Tienda","item":"https:\/\/aivlisoft.net\/shop\/tienda\/"},{"@type":"ListItem","position":3,"name":"Biostar Placa Base A520MHP mATX AM4"}]},{"@type":"WebSite","@id":"https:\/\/aivlisoft.net\/shop\/#website","url":"https:\/\/aivlisoft.net\/shop\/","name":"Aivlisoft Inform\u00e1tica","description":"En Aivlisoft Inform\u00e1tica ofrecemos soluciones tecnol\u00f3gicas para empresas: venta de ordenadores, consumibles, perif\u00e9ricos y m\u00e1s. Calidad, atenci\u00f3n personalizada y los mejores precios para tu negocio.","publisher":{"@id":"https:\/\/aivlisoft.net\/shop\/#organization"},"potentialAction":[{"@type":"SearchAction","target":{"@type":"EntryPoint","urlTemplate":"https:\/\/aivlisoft.net\/shop\/?s={search_term_string}"},"query-input":{"@type":"PropertyValueSpecification","valueRequired":true,"valueName":"search_term_string"}}],"inLanguage":"es"},{"@type":"Organization","@id":"https:\/\/aivlisoft.net\/shop\/#organization","name":"Aivlisoft Inform\u00e1tica","url":"https:\/\/aivlisoft.net\/shop\/","logo":{"@type":"ImageObject","inLanguage":"es","@id":"https:\/\/aivlisoft.net\/shop\/#\/schema\/logo\/image\/","url":"https:\/\/aivlisoft.net\/shop\/wp-content\/uploads\/2024\/12\/removal.ai_5b848c54-0cdf-4140-95c5-c5536bb7573b-logodef.png","contentUrl":"https:\/\/aivlisoft.net\/shop\/wp-content\/uploads\/2024\/12\/removal.ai_5b848c54-0cdf-4140-95c5-c5536bb7573b-logodef.png","width":484,"height":182,"caption":"Aivlisoft Inform\u00e1tica"},"image":{"@id":"https:\/\/aivlisoft.net\/shop\/#\/schema\/logo\/image\/"}}]}},"_links":{"self":[{"href":"https:\/\/aivlisoft.net\/shop\/wp-json\/wp\/v2\/product\/14578","targetHints":{"allow":["GET"]}}],"collection":[{"href":"https:\/\/aivlisoft.net\/shop\/wp-json\/wp\/v2\/product"}],"about":[{"href":"https:\/\/aivlisoft.net\/shop\/wp-json\/wp\/v2\/types\/product"}],"wp:featuredmedia":[{"embeddable":true,"href":"https:\/\/aivlisoft.net\/shop\/wp-json\/wp\/v2\/media\/14579"}],"wp:attachment":[{"href":"https:\/\/aivlisoft.net\/shop\/wp-json\/wp\/v2\/media?parent=14578"}],"wp:term":[{"taxonomy":"product_brand","embeddable":true,"href":"https:\/\/aivlisoft.net\/shop\/wp-json\/wp\/v2\/product_brand?post=14578"},{"taxonomy":"product_cat","embeddable":true,"href":"https:\/\/aivlisoft.net\/shop\/wp-json\/wp\/v2\/product_cat?post=14578"},{"taxonomy":"product_tag","embeddable":true,"href":"https:\/\/aivlisoft.net\/shop\/wp-json\/wp\/v2\/product_tag?post=14578"}],"curies":[{"name":"wp","href":"https:\/\/api.w.org\/{rel}","templated":true}]}}