{"id":14557,"date":"2025-01-13T14:44:49","date_gmt":"2025-01-13T14:44:49","guid":{"rendered":"https:\/\/aivlisoft.com\/?post_type=product&#038;p=14557"},"modified":"2025-01-14T11:17:31","modified_gmt":"2025-01-14T11:17:31","slug":"msi-placa-base-a520m-a-pro-matx-am4","status":"publish","type":"product","link":"https:\/\/aivlisoft.net\/shop\/producto\/msi-placa-base-a520m-a-pro-matx-am4\/","title":{"rendered":"MSI Placa Base A520M-A PRO mATX AM4"},"content":{"rendered":"<p><\/p>\n<table class=\"tabla_caracteristicas k-table\" width=\"100%\">\n<tbody>\n<tr>\n<td valign=\"top\"><strong>Marca<\/strong><\/td>\n<td>msi<\/td>\n<\/tr>\n<tr>\n<td valign=\"top\"><strong>Modelo<\/strong><\/td>\n<td>A520M-A PRO MAX<br \/>(<strong>911-7C96-001<\/strong>)<\/td>\n<\/tr>\n<tr>\n<td valign=\"top\"><strong>Plataforma<\/strong><\/td>\n<td>&#8211; m-ATX (23.6 cm x 20.0 cm)<\/td>\n<\/tr>\n<tr>\n<td valign=\"top\"><strong>Chipset<\/strong><\/td>\n<td>&#8211; Soporta 3&ordf; Gen de procesadores de escritorio AMD Ryzen&trade; y AMD Ryzen&trade; 4000 serie G, socket <strong>AM4<\/strong><\/td>\n<\/tr>\n<tr>\n<td valign=\"top\">\n<div><strong>CPU <\/strong><\/div>\n<div><strong>Soportados<\/strong><\/div>\n<\/td>\n<td>&#8211; Soporta <strong>AMD&reg; RYZEN&trade;<\/strong> 1&ordf;, 2&ordf; y 3&ordf; Generaci&oacute;n AMD Ryzen con Radeon&trade; Vega Graphics, 2&ordf; Gen AMD Ryzen con Radeon Graphics y Athlon con Radeon Vega Graphics Desktop para Socket <strong>AM4<\/strong><\/td>\n<\/tr>\n<tr>\n<td valign=\"top\"><strong>Memoria<\/strong><\/td>\n<td>&#8211; 2 x <strong>DDR4 <\/strong>memory slots, Soporta hasta 64GB<br \/>&#8211; Soporta DDR4 1866\/ 2133\/ 2400\/ 2667\/ 2800\/ 2933\/ 3000\/ 3066\/ 3200 MHz by JEDEC<br \/>&#8211; Soporta DDR4 2667\/ 2800 \/2933 \/3000 \/3066 \/3200 \/3466 \/3600\/ 3733 \/3866 \/4000 \/4133 \/4266 \/4400\/ 4600+ MHz by A-XMP OC MODE<br \/>&#8211; Dual channel memory architecture<br \/>&#8211; Soporta non-ECC UDIMM memory<br \/>&#8211; Soporta ECC UDIMM memory (non-ECC mode)<br \/>&#8211; Soporta un-buffered memory<\/td>\n<\/tr>\n<tr>\n<td valign=\"top\">\n<div><strong>Slots Expansi&oacute;n<\/strong><\/div>\n<\/td>\n<td>&#8211; 1 x PCIe 3.0 x1 slot<br \/>&#8211; 1 x PCIe x16 slot<\/td>\n<\/tr>\n<tr>\n<td valign=\"top\"><strong>Gr&aacute;ficos<\/strong><\/td>\n<td>&#8211; 1 x DVI-D, 1920&#215;1200@60Hz<br \/>&#8211; 1 x HDMI 2.1, 4096&#215;2160 @60Hz<br \/>&#8211; Memoria compartida m&aacute;x. 16GB<\/td>\n<\/tr>\n<tr>\n<td valign=\"top\">\n<div><strong>Puertos E\/S, <\/strong><\/div>\n<div><strong>Conectores<\/strong><\/div>\n<div>&nbsp;<\/div>\n<\/td>\n<td>\n<div><strong>Internos<\/strong><\/div>\n<div>&#8211; 1 x 24-pin ATX main power<br \/>&#8211; 1 x 4-pin ATX 12V power<br \/>&#8211; 4 x SATA 6Gb\/s<br \/>&#8211; 1 x M.2 slots (M-Key)<br \/>&#8211; 1 x USB 3.2 Gen 1 5Gbps<br \/>&#8211; 2 x USB 2.0<br \/>&#8211; 1 x 4-pin CPU fan<br \/>&#8211; 1 x 4-pin system fan<br \/>&#8211; 1 x Front panel audio<br \/>&#8211; 2 x System panel<br \/>&#8211; 1 x Chassis Intrusion<br \/>&#8211; 1 xTPM module<br \/>&#8211; 1 x Clear CMOS jumper<\/div>\n<div><strong>Externos<\/strong><\/div>\n<p>&#8211; LAN<br \/>&#8211; HDMI<br \/>&#8211; DVI-D<br \/>&#8211; Keyboard \/ Mouse<br \/>&#8211; USB 3.2 Gen 1 5Gbps Type-A<br \/>&#8211; USB 3.2 Gen 1 5Gbps Type-A<br \/>&#8211; USB 2.0<br \/>&#8211; Audio Connectors<\/td>\n<\/tr>\n<tr>\n<td valign=\"top\">\n<div><strong>Otras <\/strong><\/div>\n<div><strong>Caracter&iacute;sticas<\/strong><\/div>\n<\/td>\n<td>\n<div><strong>Almacenamiento<\/strong><br \/><strong><\/strong>&#8211; 4 x SATA 6Gb\/s<br \/>&#8211; 1 x M.2 (Key M)<br \/>&#8211; Soporta 2242\/ 2260\/ 2280\/ 22110 dispositivos de almacenamiento<br \/><strong>RAID<\/strong><br \/>&#8211; Admite <strong>RAID 0, RAID 1 y RAID 10<\/strong> para dispositivos de almacenamiento SATA<br \/>&#8211; Admite <strong>RAID 0 y RAID 1<\/strong> para dispositivos de almacenamiento M.2 NVMe<br \/><strong>USB<\/strong><br \/>&#8211; 2 x USB 3.2 Gen 1 5Gbps<br \/>&#8211; 6 x USB 2.0<br \/>&#8211; 4 x USB 3.2 Gen 1 5Gbps Type-A<br \/><strong>Red<\/strong><br \/>&#8211; 1 x Realtek&reg; RTL8111H Gigabit LAN<br \/><strong>Audio<\/strong><br \/><strong><\/strong>&#8211; Realtek&reg; ALC892\/ALC897 Codec<br \/>&#8211; 7.1-Channel High Definition Audio<br \/><strong>Montaje<\/strong><\/div>\n<p>&#8211; 8 x agujeros de montaje<\/td>\n<\/tr>\n<tr>\n<td valign=\"top\"><strong>Fecha Revisi&oacute;n<\/strong><\/td>\n<td>02-11-2020 por MSB<\/td>\n<\/tr>\n<\/tbody>\n<\/table>\n","protected":false},"excerpt":{"rendered":"<p>Marca msi Modelo A520M-A PRO MAX(911-7C96-001) Plataforma &#8211; m-ATX (23.6 cm x 20.0 cm) Chipset &#8211; Soporta 3&ordf; Gen de procesadores de escritorio AMD Ryzen&trade; y AMD Ryzen&trade; 4000 serie G, socket AM4 CPU Soportados &#8211; Soporta AMD&reg; RYZEN&trade; 1&ordf;, 2&ordf; y 3&ordf; Generaci&oacute;n AMD Ryzen con Radeon&trade; Vega Graphics, 2&ordf; Gen AMD Ryzen con&hellip;&nbsp;<a href=\"https:\/\/aivlisoft.net\/shop\/producto\/msi-placa-base-a520m-a-pro-matx-am4\/\" rel=\"bookmark\"><span class=\"screen-reader-text\">MSI Placa Base A520M-A PRO mATX AM4<\/span><\/a><\/p>\n","protected":false},"featured_media":14558,"template":"","meta":{"neve_meta_sidebar":"","neve_meta_container":"","neve_meta_enable_content_width":"","neve_meta_content_width":0,"neve_meta_title_alignment":"","neve_meta_author_avatar":"","neve_post_elements_order":"","neve_meta_disable_header":"","neve_meta_disable_footer":"","neve_meta_disable_title":""},"product_brand":[],"product_cat":[8745],"product_tag":[5604],"class_list":{"0":"post-14557","1":"product","2":"type-product","3":"status-publish","4":"has-post-thumbnail","6":"product_cat-amd-socket-am4","7":"product_tag-911-7c96-001","9":"first","10":"instock","11":"taxable","12":"shipping-taxable","13":"purchasable","14":"product-type-simple"},"yoast_head":"<!-- This site is optimized with the Yoast SEO plugin v26.0 - https:\/\/yoast.com\/wordpress\/plugins\/seo\/ -->\n<title>MSI Placa Base A520M-A PRO mATX AM4 - Aivlisoft Inform\u00e1tica<\/title>\n<meta name=\"robots\" content=\"index, follow, max-snippet:-1, max-image-preview:large, max-video-preview:-1\" \/>\n<link rel=\"canonical\" href=\"https:\/\/aivlisoft.net\/shop\/producto\/msi-placa-base-a520m-a-pro-matx-am4\/\" \/>\n<meta property=\"og:locale\" content=\"es_ES\" \/>\n<meta property=\"og:type\" content=\"article\" \/>\n<meta property=\"og:title\" content=\"MSI Placa Base A520M-A PRO mATX AM4 - Aivlisoft Inform\u00e1tica\" \/>\n<meta property=\"og:description\" content=\"Marca msi Modelo A520M-A PRO MAX(911-7C96-001) Plataforma &#8211; m-ATX (23.6 cm x 20.0 cm) Chipset &#8211; Soporta 3&ordf; Gen de procesadores de escritorio AMD Ryzen&trade; y AMD Ryzen&trade; 4000 serie G, socket AM4 CPU Soportados &#8211; Soporta AMD&reg; RYZEN&trade; 1&ordf;, 2&ordf; y 3&ordf; Generaci&oacute;n AMD Ryzen con Radeon&trade; Vega Graphics, 2&ordf; Gen AMD Ryzen con&hellip;&nbsp;MSI Placa Base A520M-A PRO mATX AM4\" \/>\n<meta property=\"og:url\" content=\"https:\/\/aivlisoft.net\/shop\/producto\/msi-placa-base-a520m-a-pro-matx-am4\/\" \/>\n<meta property=\"og:site_name\" content=\"Aivlisoft Inform\u00e1tica\" \/>\n<meta property=\"article:modified_time\" content=\"2025-01-14T11:17:31+00:00\" \/>\n<meta property=\"og:image\" content=\"https:\/\/aivlisoft.net\/shop\/wp-content\/uploads\/2025\/01\/IPBPA40141_800.jpg\" \/>\n\t<meta property=\"og:image:width\" content=\"800\" \/>\n\t<meta property=\"og:image:height\" content=\"800\" \/>\n\t<meta property=\"og:image:type\" content=\"image\/jpeg\" \/>\n<meta name=\"twitter:card\" content=\"summary_large_image\" \/>\n<meta name=\"twitter:label1\" content=\"Tiempo de lectura\" \/>\n\t<meta name=\"twitter:data1\" content=\"1 minuto\" \/>\n<script type=\"application\/ld+json\" class=\"yoast-schema-graph\">{\"@context\":\"https:\/\/schema.org\",\"@graph\":[{\"@type\":\"WebPage\",\"@id\":\"https:\/\/aivlisoft.net\/shop\/producto\/msi-placa-base-a520m-a-pro-matx-am4\/\",\"url\":\"https:\/\/aivlisoft.net\/shop\/producto\/msi-placa-base-a520m-a-pro-matx-am4\/\",\"name\":\"MSI Placa Base A520M-A PRO mATX AM4 - Aivlisoft Inform\u00e1tica\",\"isPartOf\":{\"@id\":\"https:\/\/aivlisoft.net\/shop\/#website\"},\"primaryImageOfPage\":{\"@id\":\"https:\/\/aivlisoft.net\/shop\/producto\/msi-placa-base-a520m-a-pro-matx-am4\/#primaryimage\"},\"image\":{\"@id\":\"https:\/\/aivlisoft.net\/shop\/producto\/msi-placa-base-a520m-a-pro-matx-am4\/#primaryimage\"},\"thumbnailUrl\":\"https:\/\/aivlisoft.net\/shop\/wp-content\/uploads\/2025\/01\/IPBPA40141_800.jpg\",\"datePublished\":\"2025-01-13T14:44:49+00:00\",\"dateModified\":\"2025-01-14T11:17:31+00:00\",\"breadcrumb\":{\"@id\":\"https:\/\/aivlisoft.net\/shop\/producto\/msi-placa-base-a520m-a-pro-matx-am4\/#breadcrumb\"},\"inLanguage\":\"es\",\"potentialAction\":[{\"@type\":\"ReadAction\",\"target\":[\"https:\/\/aivlisoft.net\/shop\/producto\/msi-placa-base-a520m-a-pro-matx-am4\/\"]}]},{\"@type\":\"ImageObject\",\"inLanguage\":\"es\",\"@id\":\"https:\/\/aivlisoft.net\/shop\/producto\/msi-placa-base-a520m-a-pro-matx-am4\/#primaryimage\",\"url\":\"https:\/\/aivlisoft.net\/shop\/wp-content\/uploads\/2025\/01\/IPBPA40141_800.jpg\",\"contentUrl\":\"https:\/\/aivlisoft.net\/shop\/wp-content\/uploads\/2025\/01\/IPBPA40141_800.jpg\",\"width\":800,\"height\":800},{\"@type\":\"BreadcrumbList\",\"@id\":\"https:\/\/aivlisoft.net\/shop\/producto\/msi-placa-base-a520m-a-pro-matx-am4\/#breadcrumb\",\"itemListElement\":[{\"@type\":\"ListItem\",\"position\":1,\"name\":\"Portada\",\"item\":\"https:\/\/aivlisoft.net\/shop\/\"},{\"@type\":\"ListItem\",\"position\":2,\"name\":\"Tienda\",\"item\":\"https:\/\/aivlisoft.net\/shop\/tienda\/\"},{\"@type\":\"ListItem\",\"position\":3,\"name\":\"MSI Placa Base A520M-A PRO mATX AM4\"}]},{\"@type\":\"WebSite\",\"@id\":\"https:\/\/aivlisoft.net\/shop\/#website\",\"url\":\"https:\/\/aivlisoft.net\/shop\/\",\"name\":\"Aivlisoft Inform\u00e1tica\",\"description\":\"En Aivlisoft Inform\u00e1tica ofrecemos soluciones tecnol\u00f3gicas para empresas: venta de ordenadores, consumibles, perif\u00e9ricos y m\u00e1s. Calidad, atenci\u00f3n personalizada y los mejores precios para tu negocio.\",\"publisher\":{\"@id\":\"https:\/\/aivlisoft.net\/shop\/#organization\"},\"potentialAction\":[{\"@type\":\"SearchAction\",\"target\":{\"@type\":\"EntryPoint\",\"urlTemplate\":\"https:\/\/aivlisoft.net\/shop\/?s={search_term_string}\"},\"query-input\":{\"@type\":\"PropertyValueSpecification\",\"valueRequired\":true,\"valueName\":\"search_term_string\"}}],\"inLanguage\":\"es\"},{\"@type\":\"Organization\",\"@id\":\"https:\/\/aivlisoft.net\/shop\/#organization\",\"name\":\"Aivlisoft Inform\u00e1tica\",\"url\":\"https:\/\/aivlisoft.net\/shop\/\",\"logo\":{\"@type\":\"ImageObject\",\"inLanguage\":\"es\",\"@id\":\"https:\/\/aivlisoft.net\/shop\/#\/schema\/logo\/image\/\",\"url\":\"https:\/\/aivlisoft.net\/shop\/wp-content\/uploads\/2024\/12\/removal.ai_5b848c54-0cdf-4140-95c5-c5536bb7573b-logodef.png\",\"contentUrl\":\"https:\/\/aivlisoft.net\/shop\/wp-content\/uploads\/2024\/12\/removal.ai_5b848c54-0cdf-4140-95c5-c5536bb7573b-logodef.png\",\"width\":484,\"height\":182,\"caption\":\"Aivlisoft Inform\u00e1tica\"},\"image\":{\"@id\":\"https:\/\/aivlisoft.net\/shop\/#\/schema\/logo\/image\/\"}}]}<\/script>\n<!-- \/ Yoast SEO plugin. -->","yoast_head_json":{"title":"MSI Placa Base A520M-A PRO mATX AM4 - Aivlisoft Inform\u00e1tica","robots":{"index":"index","follow":"follow","max-snippet":"max-snippet:-1","max-image-preview":"max-image-preview:large","max-video-preview":"max-video-preview:-1"},"canonical":"https:\/\/aivlisoft.net\/shop\/producto\/msi-placa-base-a520m-a-pro-matx-am4\/","og_locale":"es_ES","og_type":"article","og_title":"MSI Placa Base A520M-A PRO mATX AM4 - Aivlisoft Inform\u00e1tica","og_description":"Marca msi Modelo A520M-A PRO MAX(911-7C96-001) Plataforma &#8211; m-ATX (23.6 cm x 20.0 cm) Chipset &#8211; Soporta 3&ordf; Gen de procesadores de escritorio AMD Ryzen&trade; y AMD Ryzen&trade; 4000 serie G, socket AM4 CPU Soportados &#8211; Soporta AMD&reg; RYZEN&trade; 1&ordf;, 2&ordf; y 3&ordf; Generaci&oacute;n AMD Ryzen con Radeon&trade; Vega Graphics, 2&ordf; Gen AMD Ryzen con&hellip;&nbsp;MSI Placa Base A520M-A PRO mATX AM4","og_url":"https:\/\/aivlisoft.net\/shop\/producto\/msi-placa-base-a520m-a-pro-matx-am4\/","og_site_name":"Aivlisoft Inform\u00e1tica","article_modified_time":"2025-01-14T11:17:31+00:00","og_image":[{"width":800,"height":800,"url":"https:\/\/aivlisoft.net\/shop\/wp-content\/uploads\/2025\/01\/IPBPA40141_800.jpg","type":"image\/jpeg"}],"twitter_card":"summary_large_image","twitter_misc":{"Tiempo de lectura":"1 minuto"},"schema":{"@context":"https:\/\/schema.org","@graph":[{"@type":"WebPage","@id":"https:\/\/aivlisoft.net\/shop\/producto\/msi-placa-base-a520m-a-pro-matx-am4\/","url":"https:\/\/aivlisoft.net\/shop\/producto\/msi-placa-base-a520m-a-pro-matx-am4\/","name":"MSI Placa Base A520M-A PRO mATX AM4 - Aivlisoft Inform\u00e1tica","isPartOf":{"@id":"https:\/\/aivlisoft.net\/shop\/#website"},"primaryImageOfPage":{"@id":"https:\/\/aivlisoft.net\/shop\/producto\/msi-placa-base-a520m-a-pro-matx-am4\/#primaryimage"},"image":{"@id":"https:\/\/aivlisoft.net\/shop\/producto\/msi-placa-base-a520m-a-pro-matx-am4\/#primaryimage"},"thumbnailUrl":"https:\/\/aivlisoft.net\/shop\/wp-content\/uploads\/2025\/01\/IPBPA40141_800.jpg","datePublished":"2025-01-13T14:44:49+00:00","dateModified":"2025-01-14T11:17:31+00:00","breadcrumb":{"@id":"https:\/\/aivlisoft.net\/shop\/producto\/msi-placa-base-a520m-a-pro-matx-am4\/#breadcrumb"},"inLanguage":"es","potentialAction":[{"@type":"ReadAction","target":["https:\/\/aivlisoft.net\/shop\/producto\/msi-placa-base-a520m-a-pro-matx-am4\/"]}]},{"@type":"ImageObject","inLanguage":"es","@id":"https:\/\/aivlisoft.net\/shop\/producto\/msi-placa-base-a520m-a-pro-matx-am4\/#primaryimage","url":"https:\/\/aivlisoft.net\/shop\/wp-content\/uploads\/2025\/01\/IPBPA40141_800.jpg","contentUrl":"https:\/\/aivlisoft.net\/shop\/wp-content\/uploads\/2025\/01\/IPBPA40141_800.jpg","width":800,"height":800},{"@type":"BreadcrumbList","@id":"https:\/\/aivlisoft.net\/shop\/producto\/msi-placa-base-a520m-a-pro-matx-am4\/#breadcrumb","itemListElement":[{"@type":"ListItem","position":1,"name":"Portada","item":"https:\/\/aivlisoft.net\/shop\/"},{"@type":"ListItem","position":2,"name":"Tienda","item":"https:\/\/aivlisoft.net\/shop\/tienda\/"},{"@type":"ListItem","position":3,"name":"MSI Placa Base A520M-A PRO mATX AM4"}]},{"@type":"WebSite","@id":"https:\/\/aivlisoft.net\/shop\/#website","url":"https:\/\/aivlisoft.net\/shop\/","name":"Aivlisoft Inform\u00e1tica","description":"En Aivlisoft Inform\u00e1tica ofrecemos soluciones tecnol\u00f3gicas para empresas: venta de ordenadores, consumibles, perif\u00e9ricos y m\u00e1s. Calidad, atenci\u00f3n personalizada y los mejores precios para tu negocio.","publisher":{"@id":"https:\/\/aivlisoft.net\/shop\/#organization"},"potentialAction":[{"@type":"SearchAction","target":{"@type":"EntryPoint","urlTemplate":"https:\/\/aivlisoft.net\/shop\/?s={search_term_string}"},"query-input":{"@type":"PropertyValueSpecification","valueRequired":true,"valueName":"search_term_string"}}],"inLanguage":"es"},{"@type":"Organization","@id":"https:\/\/aivlisoft.net\/shop\/#organization","name":"Aivlisoft Inform\u00e1tica","url":"https:\/\/aivlisoft.net\/shop\/","logo":{"@type":"ImageObject","inLanguage":"es","@id":"https:\/\/aivlisoft.net\/shop\/#\/schema\/logo\/image\/","url":"https:\/\/aivlisoft.net\/shop\/wp-content\/uploads\/2024\/12\/removal.ai_5b848c54-0cdf-4140-95c5-c5536bb7573b-logodef.png","contentUrl":"https:\/\/aivlisoft.net\/shop\/wp-content\/uploads\/2024\/12\/removal.ai_5b848c54-0cdf-4140-95c5-c5536bb7573b-logodef.png","width":484,"height":182,"caption":"Aivlisoft Inform\u00e1tica"},"image":{"@id":"https:\/\/aivlisoft.net\/shop\/#\/schema\/logo\/image\/"}}]}},"_links":{"self":[{"href":"https:\/\/aivlisoft.net\/shop\/wp-json\/wp\/v2\/product\/14557","targetHints":{"allow":["GET"]}}],"collection":[{"href":"https:\/\/aivlisoft.net\/shop\/wp-json\/wp\/v2\/product"}],"about":[{"href":"https:\/\/aivlisoft.net\/shop\/wp-json\/wp\/v2\/types\/product"}],"wp:featuredmedia":[{"embeddable":true,"href":"https:\/\/aivlisoft.net\/shop\/wp-json\/wp\/v2\/media\/14558"}],"wp:attachment":[{"href":"https:\/\/aivlisoft.net\/shop\/wp-json\/wp\/v2\/media?parent=14557"}],"wp:term":[{"taxonomy":"product_brand","embeddable":true,"href":"https:\/\/aivlisoft.net\/shop\/wp-json\/wp\/v2\/product_brand?post=14557"},{"taxonomy":"product_cat","embeddable":true,"href":"https:\/\/aivlisoft.net\/shop\/wp-json\/wp\/v2\/product_cat?post=14557"},{"taxonomy":"product_tag","embeddable":true,"href":"https:\/\/aivlisoft.net\/shop\/wp-json\/wp\/v2\/product_tag?post=14557"}],"curies":[{"name":"wp","href":"https:\/\/api.w.org\/{rel}","templated":true}]}}