{"id":14125,"date":"2025-01-13T14:40:13","date_gmt":"2025-01-13T14:40:13","guid":{"rendered":"https:\/\/aivlisoft.com\/?post_type=product&#038;p=14125"},"modified":"2025-01-14T11:15:00","modified_gmt":"2025-01-14T11:15:00","slug":"intel-core-ultra-7-265k-5-5-ghz-30mb-lga-1851-box","status":"publish","type":"product","link":"https:\/\/aivlisoft.net\/shop\/producto\/intel-core-ultra-7-265k-5-5-ghz-30mb-lga-1851-box\/","title":{"rendered":"Intel Core Ultra 7 265K 5.5 GHz  30MB LGA 1851 BOX"},"content":{"rendered":"<p><\/p>\n<table class=\"tabla_caracteristicas k-table\" width=\"100%\">\n<tr>\n<td valign=\"top\"><strong>Marca<\/strong><\/td>\n<td>Intel<\/td>\n<\/tr>\n<tr>\n<td valign=\"top\"><strong>Modelo<\/strong><\/td>\n<td><strong>BX80768265K<\/strong><\/td>\n<\/tr>\n<tr>\n<td valign=\"top\"><strong>Z&oacute;calo <\/strong><\/td>\n<td>&#8211;<strong> LGA 1851<\/strong><\/td>\n<\/tr>\n<tr>\n<td valign=\"top\"><strong>Procesador<\/strong><\/td>\n<td>&#8211; Intel Core Ultra Processors (Series 2)<\/td>\n<\/tr>\n<tr>\n<td valign=\"top\"><strong>Velocidad de reloj<\/strong><\/td>\n<td>&#8211; Frecuencia turbo m&aacute;xima: 5.5 GHz<br \/>\t\t\t&#8211; Frecuencia de la Tecnolog&iacute;a Intel Turbo Boost Max 3.0: 5.5 GHz<br \/>\t\t\t&#8211; Frecuencia turbo m&aacute;xima del Performance-core: 5.4 GHz<br \/>\t\t\t&#8211; Frecuencia turbo m&aacute;xima de Efficient-core: 4.6 GHz<br \/>\t\t\t&#8211; Frecuencia base de Performance-core: <strong>3.9 GHz<\/strong><br \/>\t\t\t&#8211; Frecuencia base de Efficient-core: 3.3 GHz<\/td>\n<\/tr>\n<tr>\n<td valign=\"top\"><strong>Cach&eacute;<\/strong><\/td>\n<td>&#8211; Intel Smart Cache: <strong>30 MB <\/strong><\/td>\n<\/tr>\n<tr>\n<td valign=\"top\"><strong>Especificaciones de CPU<\/strong><\/td>\n<td>&#8211; Cantidad de n&uacute;cleos: 20<br \/>\t\t\t&#8211; Cantidad de Performance-cores: 8<br \/>\t\t\t&#8211; Cantidad de Efficient-cores: 12<br \/>\t\t\t&#8211; Cantidad de subprocesos: 20<\/td>\n<\/tr>\n<tr>\n<td valign=\"top\"><strong>Memoria<\/strong><\/td>\n<td>&#8211; Tama&ntilde;o de memoria m&aacute;x. (depende del tipo de memoria): 192 GB<br \/>\t\t\t&#8211; Tipos de memoria: Hasta DDR5 6400 MT\/s<br \/>\t\t\t&#8211; M&aacute;xima velocidad de memoria: 6400 MHz<br \/>\t\t\t&#8211; Cantidad m&aacute;xima de canales de memoria: 2<br \/>\t\t\t&#8211; Compatible con memoria ECC<\/td>\n<\/tr>\n<tr>\n<td valign=\"top\"><strong>Expansi&oacute;n<\/strong><\/td>\n<td>&#8211; Revisi&oacute;n de la interfaz de medios directa (DMI): 4<br \/>\t\t\t&#8211; Cantidad m&aacute;xima de carriles DMI: 8<br \/>\t\t\t&#8211; Intel Thunderbolt 4<br \/>\t\t\t&#8211; Escalabilidad: 1S Only<br \/>\t\t\t&#8211; Revisi&oacute;n de PCI Express: 5.0 and 4.0<br \/>\t\t\t&#8211; Configuraciones de PCI Express: Hasta 1&#215;16+2&#215;4, 2&#215;8+2&#215;4,1&#215;8+4&#215;4<br \/>\t\t\t&#8211; Cantidad m&aacute;xima de l&iacute;neas PCI Express: 24<\/td>\n<\/tr>\n<tr>\n<td valign=\"top\"><strong>Tecnolog&iacute;as<\/strong><br \/>\t\t\t<strong>soportadas<\/strong><\/td>\n<td><strong>Tecnolog&iacute;as avanzadas <\/strong><br \/>\t\t\t&#8211; Dispositivo de gesti&oacute;n de vol&uacute;menes (VMD) Intel<br \/>\t\t\t&#8211; Acelerador Intel gausiano y neural: 3.5<br \/>\t\t\t&#8211; Intel Thread Director<br \/>\t\t\t&#8211; Tecnolog&iacute;a Intel Speed Shift<br \/>\t\t\t&#8211; Tecnolog&iacute;a Intel Turbo Boost Max 3.0<br \/>\t\t\t&#8211; Tecnolog&iacute;a Intel Turbo Boost: 2.0<br \/>\t\t\t&#8211; Intel 64<br \/>\t\t\t&#8211; Conjunto de instrucciones: 64-bit<br \/>\t\t\t&#8211; Extensiones de conjunto de instrucciones: Intel SSE4.1, Intel SSE4.2, Intel AVX2<br \/>\t\t\t&#8211; Estados de inactividad<br \/>\t\t\t&#8211; Tecnolog&iacute;a Intel SpeedStep mejorada<br \/>\t\t\t&#8211; Tecnolog&iacute;as de monitoreo t&eacute;rmico<br \/>\t\t\t<strong>Seguridad y confiabilidad<\/strong><br \/>\t\t\t&#8211; La elegibilidad de Intel vPro: Intel vPro Enterprise, Intel vPro Platform<br \/>\t\t\t&#8211; Tecnolog&iacute;a Intel Threat Detection (TDT)<br \/>\t\t\t&#8211; Intel Active Management Technology (AMT)<br \/>\t\t\t&#8211; Administraci&oacute;n est&aacute;ndar de Intel<br \/>\t\t\t&#8211; Intel Remote Platform Erase (RPE)<br \/>\t\t\t&#8211; Intel One-Click Recovery<br \/>\t\t\t&#8211; Elegibilidad de Intel Hardware Shield<br \/>\t\t\t&#8211; Intel Control-Flow Enforcement Technology<br \/>\t\t\t&#8211; Intel Total Memory Encryption, Multitecla<br \/>\t\t\t&#8211; Nuevas instrucciones de AES Intel<br \/>\t\t\t&#8211; Secure Key<br \/>\t\t\t&#8211; Tecnolog&iacute;a Intel Trusted Execution<br \/>\t\t\t&#8211; Bit de desactivaci&oacute;n de ejecuci&oacute;n<br \/>\t\t\t&#8211; Intel OS Guard<br \/>\t\t\t&#8211; Intel Boot Guard<br \/>\t\t\t&#8211; Control de ejecuci&oacute;n basado en modo (MBEC)<br \/>\t\t\t&#8211; Programa Intel de imagen estable para plataformas (SIPP)<br \/>\t\t\t&#8211; Tecnolog&iacute;a de virtualizaci&oacute;n Intel con Redirect Protection (VT-rp)<br \/>\t\t\t&#8211; Tecnolog&iacute;a de virtualizaci&oacute;n Intel (VT-x)<br \/>\t\t\t&#8211; Tecnolog&iacute;a de virtualizaci&oacute;n Intel para E\/S dirigida (VT-d)<br \/>\t\t\t&#8211; Intel VT-x con tablas de p&aacute;ginas extendidas (EPT)<\/td>\n<\/tr>\n<tr>\n<td valign=\"top\"><strong>Gr&aacute;fica<\/strong><\/td>\n<td>&#8211; GPU Name: Intel Graphics<br \/>\t\t\t&#8211; Frecuencia de base de gr&aacute;ficos: 300 MHz<br \/>\t\t\t&#8211; Frecuencia din&aacute;mica m&aacute;xima de gr&aacute;ficos: 2 GHz<br \/>\t\t\t&#8211; TOPS m&aacute;ximo de GPU (Int8): 8<br \/>\t\t\t&#8211; Salida de gr&aacute;ficos: DP2.1 UHBR20, HDM2.1 FRL 12GHz, eDP1.4b<br \/>\t\t\t&#8211; Xe-cores: 4<br \/>\t\t\t&#8211; Resoluci&oacute;n m&aacute;xima (HDMI): 4K @ 60Hz (HDMI 2.1 TMDS) 8K @ 60Hz (HDMI2.1 FRL)<br \/>\t\t\t&#8211; Resoluci&oacute;n m&aacute;xima (DP): 8K @ 60Hz<br \/>\t\t\t&#8211; Resoluci&oacute;n m&aacute;xima (eDP &#8211; panel plano integrado): 4K @ 60Hz<br \/>\t\t\t&#8211; Compatibilidad con DirectX: 12<br \/>\t\t\t&#8211; Compatibilidad con OpenGL: 4.5<br \/>\t\t\t&#8211; Compatibilidad con OpenCL: 3<br \/>\t\t\t&#8211; Intel Quick Sync Video<br \/>\t\t\t&#8211; Cantidad de pantallas admitidas: 4<br \/>\t\t\t&#8211; ID de dispositivo: 0x7D67<br \/>\t\t\t&#8211; Intel Deep Learning Boost (Intel&reg; DL Boost) on GPU<\/td>\n<\/tr>\n<tr>\n<td valign=\"top\"><strong>Ventilador<\/strong><\/td>\n<td>&#8211; Sin Ventilador<\/td>\n<\/tr>\n<tr>\n<td valign=\"top\"><strong>Fecha Revisi&oacute;n<\/strong><\/td>\n<td>22-10-2024 por RTY<\/td>\n<\/tr>\n<\/table>\n","protected":false},"excerpt":{"rendered":"<p>Marca Intel Modelo BX80768265K Z&oacute;calo &#8211; LGA 1851 Procesador &#8211; Intel Core Ultra Processors (Series 2) Velocidad de reloj &#8211; Frecuencia turbo m&aacute;xima: 5.5 GHz &#8211; Frecuencia de la Tecnolog&iacute;a Intel Turbo Boost Max 3.0: 5.5 GHz &#8211; Frecuencia turbo m&aacute;xima del Performance-core: 5.4 GHz &#8211; Frecuencia turbo m&aacute;xima de Efficient-core: 4.6 GHz &#8211; Frecuencia&hellip;&nbsp;<a href=\"https:\/\/aivlisoft.net\/shop\/producto\/intel-core-ultra-7-265k-5-5-ghz-30mb-lga-1851-box\/\" rel=\"bookmark\"><span class=\"screen-reader-text\">Intel Core Ultra 7 265K 5.5 GHz  30MB LGA 1851 BOX<\/span><\/a><\/p>\n","protected":false},"featured_media":0,"template":"","meta":{"neve_meta_sidebar":"","neve_meta_container":"","neve_meta_enable_content_width":"","neve_meta_content_width":0,"neve_meta_title_alignment":"","neve_meta_author_avatar":"","neve_post_elements_order":"","neve_meta_disable_header":"","neve_meta_disable_footer":"","neve_meta_disable_title":""},"product_brand":[],"product_cat":[8743],"product_tag":[5467],"class_list":{"0":"post-14125","1":"product","2":"type-product","3":"status-publish","5":"product_cat-micros-intel-socket-1851","6":"product_tag-bx80768265k","8":"first","9":"instock","10":"taxable","11":"shipping-taxable","12":"purchasable","13":"product-type-simple"},"yoast_head":"<!-- This site is optimized with the Yoast SEO plugin v26.0 - https:\/\/yoast.com\/wordpress\/plugins\/seo\/ -->\n<title>Intel Core Ultra 7 265K 5.5 GHz 30MB LGA 1851 BOX - Aivlisoft Inform\u00e1tica<\/title>\n<meta name=\"robots\" content=\"index, follow, max-snippet:-1, max-image-preview:large, max-video-preview:-1\" \/>\n<link rel=\"canonical\" href=\"https:\/\/aivlisoft.net\/shop\/producto\/intel-core-ultra-7-265k-5-5-ghz-30mb-lga-1851-box\/\" \/>\n<meta property=\"og:locale\" content=\"es_ES\" \/>\n<meta property=\"og:type\" content=\"article\" \/>\n<meta property=\"og:title\" content=\"Intel Core Ultra 7 265K 5.5 GHz 30MB LGA 1851 BOX - Aivlisoft Inform\u00e1tica\" \/>\n<meta property=\"og:description\" content=\"Marca Intel Modelo BX80768265K Z&oacute;calo &#8211; LGA 1851 Procesador &#8211; Intel Core Ultra Processors (Series 2) Velocidad de reloj &#8211; Frecuencia turbo m&aacute;xima: 5.5 GHz &#8211; Frecuencia de la Tecnolog&iacute;a Intel Turbo Boost Max 3.0: 5.5 GHz &#8211; Frecuencia turbo m&aacute;xima del Performance-core: 5.4 GHz &#8211; Frecuencia turbo m&aacute;xima de Efficient-core: 4.6 GHz &#8211; Frecuencia&hellip;&nbsp;Intel Core Ultra 7 265K 5.5 GHz 30MB LGA 1851 BOX\" \/>\n<meta property=\"og:url\" content=\"https:\/\/aivlisoft.net\/shop\/producto\/intel-core-ultra-7-265k-5-5-ghz-30mb-lga-1851-box\/\" \/>\n<meta property=\"og:site_name\" content=\"Aivlisoft Inform\u00e1tica\" \/>\n<meta property=\"article:modified_time\" content=\"2025-01-14T11:15:00+00:00\" \/>\n<meta name=\"twitter:card\" content=\"summary_large_image\" \/>\n<meta name=\"twitter:label1\" content=\"Tiempo de lectura\" \/>\n\t<meta name=\"twitter:data1\" content=\"3 minutos\" \/>\n<script type=\"application\/ld+json\" class=\"yoast-schema-graph\">{\"@context\":\"https:\/\/schema.org\",\"@graph\":[{\"@type\":\"WebPage\",\"@id\":\"https:\/\/aivlisoft.net\/shop\/producto\/intel-core-ultra-7-265k-5-5-ghz-30mb-lga-1851-box\/\",\"url\":\"https:\/\/aivlisoft.net\/shop\/producto\/intel-core-ultra-7-265k-5-5-ghz-30mb-lga-1851-box\/\",\"name\":\"Intel Core Ultra 7 265K 5.5 GHz 30MB LGA 1851 BOX - Aivlisoft Inform\u00e1tica\",\"isPartOf\":{\"@id\":\"https:\/\/aivlisoft.net\/shop\/#website\"},\"datePublished\":\"2025-01-13T14:40:13+00:00\",\"dateModified\":\"2025-01-14T11:15:00+00:00\",\"breadcrumb\":{\"@id\":\"https:\/\/aivlisoft.net\/shop\/producto\/intel-core-ultra-7-265k-5-5-ghz-30mb-lga-1851-box\/#breadcrumb\"},\"inLanguage\":\"es\",\"potentialAction\":[{\"@type\":\"ReadAction\",\"target\":[\"https:\/\/aivlisoft.net\/shop\/producto\/intel-core-ultra-7-265k-5-5-ghz-30mb-lga-1851-box\/\"]}]},{\"@type\":\"BreadcrumbList\",\"@id\":\"https:\/\/aivlisoft.net\/shop\/producto\/intel-core-ultra-7-265k-5-5-ghz-30mb-lga-1851-box\/#breadcrumb\",\"itemListElement\":[{\"@type\":\"ListItem\",\"position\":1,\"name\":\"Portada\",\"item\":\"https:\/\/aivlisoft.net\/shop\/\"},{\"@type\":\"ListItem\",\"position\":2,\"name\":\"Tienda\",\"item\":\"https:\/\/aivlisoft.net\/shop\/tienda\/\"},{\"@type\":\"ListItem\",\"position\":3,\"name\":\"Intel Core Ultra 7 265K 5.5 GHz 30MB LGA 1851 BOX\"}]},{\"@type\":\"WebSite\",\"@id\":\"https:\/\/aivlisoft.net\/shop\/#website\",\"url\":\"https:\/\/aivlisoft.net\/shop\/\",\"name\":\"Aivlisoft Inform\u00e1tica\",\"description\":\"En Aivlisoft Inform\u00e1tica ofrecemos soluciones tecnol\u00f3gicas para empresas: venta de ordenadores, consumibles, perif\u00e9ricos y m\u00e1s. Calidad, atenci\u00f3n personalizada y los mejores precios para tu negocio.\",\"publisher\":{\"@id\":\"https:\/\/aivlisoft.net\/shop\/#organization\"},\"potentialAction\":[{\"@type\":\"SearchAction\",\"target\":{\"@type\":\"EntryPoint\",\"urlTemplate\":\"https:\/\/aivlisoft.net\/shop\/?s={search_term_string}\"},\"query-input\":{\"@type\":\"PropertyValueSpecification\",\"valueRequired\":true,\"valueName\":\"search_term_string\"}}],\"inLanguage\":\"es\"},{\"@type\":\"Organization\",\"@id\":\"https:\/\/aivlisoft.net\/shop\/#organization\",\"name\":\"Aivlisoft Inform\u00e1tica\",\"url\":\"https:\/\/aivlisoft.net\/shop\/\",\"logo\":{\"@type\":\"ImageObject\",\"inLanguage\":\"es\",\"@id\":\"https:\/\/aivlisoft.net\/shop\/#\/schema\/logo\/image\/\",\"url\":\"https:\/\/aivlisoft.net\/shop\/wp-content\/uploads\/2024\/12\/removal.ai_5b848c54-0cdf-4140-95c5-c5536bb7573b-logodef.png\",\"contentUrl\":\"https:\/\/aivlisoft.net\/shop\/wp-content\/uploads\/2024\/12\/removal.ai_5b848c54-0cdf-4140-95c5-c5536bb7573b-logodef.png\",\"width\":484,\"height\":182,\"caption\":\"Aivlisoft Inform\u00e1tica\"},\"image\":{\"@id\":\"https:\/\/aivlisoft.net\/shop\/#\/schema\/logo\/image\/\"}}]}<\/script>\n<!-- \/ Yoast SEO plugin. -->","yoast_head_json":{"title":"Intel Core Ultra 7 265K 5.5 GHz 30MB LGA 1851 BOX - Aivlisoft Inform\u00e1tica","robots":{"index":"index","follow":"follow","max-snippet":"max-snippet:-1","max-image-preview":"max-image-preview:large","max-video-preview":"max-video-preview:-1"},"canonical":"https:\/\/aivlisoft.net\/shop\/producto\/intel-core-ultra-7-265k-5-5-ghz-30mb-lga-1851-box\/","og_locale":"es_ES","og_type":"article","og_title":"Intel Core Ultra 7 265K 5.5 GHz 30MB LGA 1851 BOX - Aivlisoft Inform\u00e1tica","og_description":"Marca Intel Modelo BX80768265K Z&oacute;calo &#8211; LGA 1851 Procesador &#8211; Intel Core Ultra Processors (Series 2) Velocidad de reloj &#8211; Frecuencia turbo m&aacute;xima: 5.5 GHz &#8211; Frecuencia de la Tecnolog&iacute;a Intel Turbo Boost Max 3.0: 5.5 GHz &#8211; Frecuencia turbo m&aacute;xima del Performance-core: 5.4 GHz &#8211; Frecuencia turbo m&aacute;xima de Efficient-core: 4.6 GHz &#8211; Frecuencia&hellip;&nbsp;Intel Core Ultra 7 265K 5.5 GHz 30MB LGA 1851 BOX","og_url":"https:\/\/aivlisoft.net\/shop\/producto\/intel-core-ultra-7-265k-5-5-ghz-30mb-lga-1851-box\/","og_site_name":"Aivlisoft Inform\u00e1tica","article_modified_time":"2025-01-14T11:15:00+00:00","twitter_card":"summary_large_image","twitter_misc":{"Tiempo de lectura":"3 minutos"},"schema":{"@context":"https:\/\/schema.org","@graph":[{"@type":"WebPage","@id":"https:\/\/aivlisoft.net\/shop\/producto\/intel-core-ultra-7-265k-5-5-ghz-30mb-lga-1851-box\/","url":"https:\/\/aivlisoft.net\/shop\/producto\/intel-core-ultra-7-265k-5-5-ghz-30mb-lga-1851-box\/","name":"Intel Core Ultra 7 265K 5.5 GHz 30MB LGA 1851 BOX - Aivlisoft Inform\u00e1tica","isPartOf":{"@id":"https:\/\/aivlisoft.net\/shop\/#website"},"datePublished":"2025-01-13T14:40:13+00:00","dateModified":"2025-01-14T11:15:00+00:00","breadcrumb":{"@id":"https:\/\/aivlisoft.net\/shop\/producto\/intel-core-ultra-7-265k-5-5-ghz-30mb-lga-1851-box\/#breadcrumb"},"inLanguage":"es","potentialAction":[{"@type":"ReadAction","target":["https:\/\/aivlisoft.net\/shop\/producto\/intel-core-ultra-7-265k-5-5-ghz-30mb-lga-1851-box\/"]}]},{"@type":"BreadcrumbList","@id":"https:\/\/aivlisoft.net\/shop\/producto\/intel-core-ultra-7-265k-5-5-ghz-30mb-lga-1851-box\/#breadcrumb","itemListElement":[{"@type":"ListItem","position":1,"name":"Portada","item":"https:\/\/aivlisoft.net\/shop\/"},{"@type":"ListItem","position":2,"name":"Tienda","item":"https:\/\/aivlisoft.net\/shop\/tienda\/"},{"@type":"ListItem","position":3,"name":"Intel Core Ultra 7 265K 5.5 GHz 30MB LGA 1851 BOX"}]},{"@type":"WebSite","@id":"https:\/\/aivlisoft.net\/shop\/#website","url":"https:\/\/aivlisoft.net\/shop\/","name":"Aivlisoft Inform\u00e1tica","description":"En Aivlisoft Inform\u00e1tica ofrecemos soluciones tecnol\u00f3gicas para empresas: venta de ordenadores, consumibles, perif\u00e9ricos y m\u00e1s. Calidad, atenci\u00f3n personalizada y los mejores precios para tu negocio.","publisher":{"@id":"https:\/\/aivlisoft.net\/shop\/#organization"},"potentialAction":[{"@type":"SearchAction","target":{"@type":"EntryPoint","urlTemplate":"https:\/\/aivlisoft.net\/shop\/?s={search_term_string}"},"query-input":{"@type":"PropertyValueSpecification","valueRequired":true,"valueName":"search_term_string"}}],"inLanguage":"es"},{"@type":"Organization","@id":"https:\/\/aivlisoft.net\/shop\/#organization","name":"Aivlisoft Inform\u00e1tica","url":"https:\/\/aivlisoft.net\/shop\/","logo":{"@type":"ImageObject","inLanguage":"es","@id":"https:\/\/aivlisoft.net\/shop\/#\/schema\/logo\/image\/","url":"https:\/\/aivlisoft.net\/shop\/wp-content\/uploads\/2024\/12\/removal.ai_5b848c54-0cdf-4140-95c5-c5536bb7573b-logodef.png","contentUrl":"https:\/\/aivlisoft.net\/shop\/wp-content\/uploads\/2024\/12\/removal.ai_5b848c54-0cdf-4140-95c5-c5536bb7573b-logodef.png","width":484,"height":182,"caption":"Aivlisoft Inform\u00e1tica"},"image":{"@id":"https:\/\/aivlisoft.net\/shop\/#\/schema\/logo\/image\/"}}]}},"_links":{"self":[{"href":"https:\/\/aivlisoft.net\/shop\/wp-json\/wp\/v2\/product\/14125","targetHints":{"allow":["GET"]}}],"collection":[{"href":"https:\/\/aivlisoft.net\/shop\/wp-json\/wp\/v2\/product"}],"about":[{"href":"https:\/\/aivlisoft.net\/shop\/wp-json\/wp\/v2\/types\/product"}],"wp:attachment":[{"href":"https:\/\/aivlisoft.net\/shop\/wp-json\/wp\/v2\/media?parent=14125"}],"wp:term":[{"taxonomy":"product_brand","embeddable":true,"href":"https:\/\/aivlisoft.net\/shop\/wp-json\/wp\/v2\/product_brand?post=14125"},{"taxonomy":"product_cat","embeddable":true,"href":"https:\/\/aivlisoft.net\/shop\/wp-json\/wp\/v2\/product_cat?post=14125"},{"taxonomy":"product_tag","embeddable":true,"href":"https:\/\/aivlisoft.net\/shop\/wp-json\/wp\/v2\/product_tag?post=14125"}],"curies":[{"name":"wp","href":"https:\/\/api.w.org\/{rel}","templated":true}]}}