{"id":14090,"date":"2025-01-13T14:39:47","date_gmt":"2025-01-13T14:39:47","guid":{"rendered":"https:\/\/aivlisoft.com\/?post_type=product&#038;p=14090"},"modified":"2025-01-14T11:14:42","modified_gmt":"2025-01-14T11:14:42","slug":"intel-core-i7-13700-2-1ghz-30mb-lga-1700-box","status":"publish","type":"product","link":"https:\/\/aivlisoft.net\/shop\/producto\/intel-core-i7-13700-2-1ghz-30mb-lga-1700-box\/","title":{"rendered":"Intel Core i7 13700 2.1Ghz 30MB LGA 1700 BOX"},"content":{"rendered":"<p><\/p>\n<table class=\"tabla_caracteristicas k-table\" width=\"100%\">\n<tr>\n<td valign=\"top\"><strong>Marca<\/strong><\/td>\n<td>Intel<\/td>\n<\/tr>\n<tr>\n<td valign=\"top\"><strong>Modelo<\/strong><\/td>\n<td><strong>BX8071513700<\/strong><\/td>\n<\/tr>\n<tr>\n<td valign=\"top\"><strong>Z&oacute;calo <\/strong><\/td>\n<td>&#8211; LGA1700<\/td>\n<\/tr>\n<tr>\n<td valign=\"top\"><strong>Procesador<\/strong><\/td>\n<td>&#8211; Intel Core i7 de 13&ordf; Generaci&oacute;n (<strong>i7-13700)<\/strong><\/td>\n<\/tr>\n<tr>\n<td valign=\"top\"><strong>Velocidad de reloj<\/strong><\/td>\n<td>&#8211; Frecuencia turbo m&aacute;xima: 5,20 GHz<br \/>\t\t\t&#8211; Frecuencia de la Tecnolog&iacute;a Intel Turbo Boost Max 3.0: 5,20 GHz<br \/>\t\t\t&#8211; Frecuencia turbo m&aacute;xima del Performance-core: 5.10 GHz<br \/>\t\t\t&#8211; Frecuencia turbo m&aacute;xima de Efficient-core: 4.10 GHz<br \/>\t\t\t&#8211; Frecuencia base de Performance-core: <strong>2.10 GHz<\/strong><br \/>\t\t\t&#8211; Frecuencia base de Efficient-core: 1.50 GHz<\/td>\n<\/tr>\n<tr>\n<td valign=\"top\"><strong>Cach&eacute;<\/strong><\/td>\n<td>&#8211; Intel Smart Cache: <strong>30 MB<\/strong><\/td>\n<\/tr>\n<tr>\n<td valign=\"top\"><strong>Especificaciones de CPU<\/strong><\/td>\n<td>&#8211; N.&ordm; de n&uacute;cleos de rendimiento: 16<br \/>\t\t\t&#8211; N.&ordm; de n&uacute;cleos eficientes: 8<br \/>\t\t\t&#8211; N&ordm; de hilos: 24<\/td>\n<\/tr>\n<tr>\n<td valign=\"top\"><strong>Memoria<\/strong><\/td>\n<td>&#8211; Tama&ntilde;o de memoria m&aacute;x. (depende del tipo de memoria): 128 GB<br \/>\t\t\t&#8211; Tipos de memoria:<br \/>\t\t\t&nbsp; DDR5 5600 MT\/s<br \/>\t\t\t&nbsp; DDR4 3200 MT\/s<br \/>\t\t\t&#8211; Cantidad m&aacute;xima de canales de memoria: 2<\/td>\n<\/tr>\n<tr>\n<td valign=\"top\"><strong>Expansi&oacute;n<\/strong><\/td>\n<td>&#8211; Revisi&oacute;n de PCI Express: 5.0 y 4.0<br \/>\t\t\t&#8211; Configuraciones de PCI Express: 1&#215;16+1&#215;4, 2&#215;8+1&#215;4<\/td>\n<\/tr>\n<tr>\n<td valign=\"top\"><strong>Paquete<\/strong><\/td>\n<td>&#8211; Configuraci&oacute;n m&aacute;xima de CPU: 1<\/td>\n<\/tr>\n<tr>\n<td valign=\"top\"><strong>Tecnolog&iacute;as<\/strong><br \/>\t\t\t<strong>soportadas<\/strong><\/td>\n<td><strong>Tecnolog&iacute;as avanzadas y seguridad<\/strong><br \/>\t\t\t&#8211; Acelerador Intel gausiano y neural: 3.0<br \/>\t\t\t&#8211; Intel Thread Director<br \/>\t\t\t&#8211; Intel Deep Learning Boost (Intel DL Boost)<br \/>\t\t\t&#8211; Tecnolog&iacute;a Intel Speed Shift<br \/>\t\t\t&#8211; Tecnolog&iacute;a Intel Turbo Boost Max 3.0 &nbsp;<br \/>\t\t\t&#8211; Tecnolog&iacute;a Intel Turbo Boost: 2,0<br \/>\t\t\t&#8211; Tecnolog&iacute;a Intel Hyper-Threading &nbsp;<br \/>\t\t\t&#8211; Intel 64 &nbsp;<br \/>\t\t\t&#8211; Conjunto de instrucciones: 64-bit<br \/>\t\t\t&#8211; Extensiones de conjunto de instrucciones: Intel SSE4.1, Intel SSE4.2, Intel AVX2<br \/>\t\t\t&#8211; Estados de inactividad<br \/>\t\t\t&#8211; Tecnolog&iacute;a Intel SpeedStep mejorada<br \/>\t\t\t&#8211; Tecnolog&iacute;as de monitoreo t&eacute;rmico<br \/>\t\t\t&#8211; Dispositivo de gesti&oacute;n de vol&uacute;menes (VMD) Intel<br \/>\t\t\t&#8211; Administraci&oacute;n est&aacute;ndar de Intel &nbsp;<br \/>\t\t\t&#8211; Intel Control-Flow Enforcement Technology<br \/>\t\t\t&#8211; Nuevas instrucciones de AES Intel<br \/>\t\t\t&#8211; Secure Key<br \/>\t\t\t&#8211; Intel OS Guard<br \/>\t\t\t&#8211; Tecnolog&iacute;a Intel Trusted Execution &nbsp;<br \/>\t\t\t&#8211; Bit de desactivaci&oacute;n de ejecuci&oacute;n &nbsp;<br \/>\t\t\t&#8211; Intel Boot Guard<br \/>\t\t\t&#8211; Control de ejecuci&oacute;n basado en modo (MBE)<br \/>\t\t\t&#8211; Tecnolog&iacute;a de virtualizaci&oacute;n Intel (VT-x) &nbsp;<br \/>\t\t\t&#8211; Tecnolog&iacute;a de virtualizaci&oacute;n Intel para E\/S dirigida (VT-d) &nbsp;<br \/>\t\t\t&#8211; Intel VT-x con tablas de p&aacute;ginas extendidas (EPT)&nbsp;<\/td>\n<\/tr>\n<tr>\n<td valign=\"top\"><strong>Gr&aacute;fica<\/strong><\/td>\n<td>&#8211; Gr&aacute;ficos UHD Intel 770<\/td>\n<\/tr>\n<tr>\n<td valign=\"top\"><strong>Ventilador<\/strong><\/td>\n<td>&#8211; Con Ventilador<\/td>\n<\/tr>\n<tr>\n<td valign=\"top\"><strong>Fecha Revisi&oacute;n<\/strong><\/td>\n<td>04-01-2023 por RTY<\/td>\n<\/tr>\n<\/table>\n","protected":false},"excerpt":{"rendered":"<p>Marca Intel Modelo BX8071513700 Z&oacute;calo &#8211; LGA1700 Procesador &#8211; Intel Core i7 de 13&ordf; Generaci&oacute;n (i7-13700) Velocidad de reloj &#8211; Frecuencia turbo m&aacute;xima: 5,20 GHz &#8211; Frecuencia de la Tecnolog&iacute;a Intel Turbo Boost Max 3.0: 5,20 GHz &#8211; Frecuencia turbo m&aacute;xima del Performance-core: 5.10 GHz &#8211; Frecuencia turbo m&aacute;xima de Efficient-core: 4.10 GHz &#8211; Frecuencia&hellip;&nbsp;<a href=\"https:\/\/aivlisoft.net\/shop\/producto\/intel-core-i7-13700-2-1ghz-30mb-lga-1700-box\/\" rel=\"bookmark\"><span class=\"screen-reader-text\">Intel Core i7 13700 2.1Ghz 30MB LGA 1700 BOX<\/span><\/a><\/p>\n","protected":false},"featured_media":14091,"template":"","meta":{"neve_meta_sidebar":"","neve_meta_container":"","neve_meta_enable_content_width":"","neve_meta_content_width":0,"neve_meta_title_alignment":"","neve_meta_author_avatar":"","neve_post_elements_order":"","neve_meta_disable_header":"","neve_meta_disable_footer":"","neve_meta_disable_title":""},"product_brand":[],"product_cat":[8742],"product_tag":[5448],"class_list":{"0":"post-14090","1":"product","2":"type-product","3":"status-publish","4":"has-post-thumbnail","6":"product_cat-micros-intel-socket-1700","7":"product_tag-bx8071513700","9":"first","10":"instock","11":"taxable","12":"shipping-taxable","13":"purchasable","14":"product-type-simple"},"yoast_head":"<!-- This site is optimized with the Yoast SEO plugin v26.0 - https:\/\/yoast.com\/wordpress\/plugins\/seo\/ -->\n<title>Intel Core i7 13700 2.1Ghz 30MB LGA 1700 BOX - Aivlisoft Inform\u00e1tica<\/title>\n<meta name=\"robots\" content=\"index, follow, max-snippet:-1, max-image-preview:large, max-video-preview:-1\" \/>\n<link rel=\"canonical\" href=\"https:\/\/aivlisoft.net\/shop\/producto\/intel-core-i7-13700-2-1ghz-30mb-lga-1700-box\/\" \/>\n<meta property=\"og:locale\" content=\"es_ES\" \/>\n<meta property=\"og:type\" content=\"article\" \/>\n<meta property=\"og:title\" content=\"Intel Core i7 13700 2.1Ghz 30MB LGA 1700 BOX - Aivlisoft Inform\u00e1tica\" \/>\n<meta property=\"og:description\" content=\"Marca Intel Modelo BX8071513700 Z&oacute;calo &#8211; LGA1700 Procesador &#8211; Intel Core i7 de 13&ordf; Generaci&oacute;n (i7-13700) Velocidad de reloj &#8211; Frecuencia turbo m&aacute;xima: 5,20 GHz &#8211; Frecuencia de la Tecnolog&iacute;a Intel Turbo Boost Max 3.0: 5,20 GHz &#8211; Frecuencia turbo m&aacute;xima del Performance-core: 5.10 GHz &#8211; Frecuencia turbo m&aacute;xima de Efficient-core: 4.10 GHz &#8211; Frecuencia&hellip;&nbsp;Intel Core i7 13700 2.1Ghz 30MB LGA 1700 BOX\" \/>\n<meta property=\"og:url\" content=\"https:\/\/aivlisoft.net\/shop\/producto\/intel-core-i7-13700-2-1ghz-30mb-lga-1700-box\/\" \/>\n<meta property=\"og:site_name\" content=\"Aivlisoft Inform\u00e1tica\" \/>\n<meta property=\"article:modified_time\" content=\"2025-01-14T11:14:42+00:00\" \/>\n<meta property=\"og:image\" content=\"https:\/\/aivlisoft.net\/shop\/wp-content\/uploads\/2025\/01\/IMIMIB0029_800.jpg\" \/>\n\t<meta property=\"og:image:width\" content=\"800\" \/>\n\t<meta property=\"og:image:height\" content=\"800\" \/>\n\t<meta property=\"og:image:type\" content=\"image\/jpeg\" \/>\n<meta name=\"twitter:card\" content=\"summary_large_image\" \/>\n<meta name=\"twitter:label1\" content=\"Tiempo de lectura\" \/>\n\t<meta name=\"twitter:data1\" content=\"2 minutos\" \/>\n<script type=\"application\/ld+json\" class=\"yoast-schema-graph\">{\"@context\":\"https:\/\/schema.org\",\"@graph\":[{\"@type\":\"WebPage\",\"@id\":\"https:\/\/aivlisoft.net\/shop\/producto\/intel-core-i7-13700-2-1ghz-30mb-lga-1700-box\/\",\"url\":\"https:\/\/aivlisoft.net\/shop\/producto\/intel-core-i7-13700-2-1ghz-30mb-lga-1700-box\/\",\"name\":\"Intel Core i7 13700 2.1Ghz 30MB LGA 1700 BOX - Aivlisoft Inform\u00e1tica\",\"isPartOf\":{\"@id\":\"https:\/\/aivlisoft.net\/shop\/#website\"},\"primaryImageOfPage\":{\"@id\":\"https:\/\/aivlisoft.net\/shop\/producto\/intel-core-i7-13700-2-1ghz-30mb-lga-1700-box\/#primaryimage\"},\"image\":{\"@id\":\"https:\/\/aivlisoft.net\/shop\/producto\/intel-core-i7-13700-2-1ghz-30mb-lga-1700-box\/#primaryimage\"},\"thumbnailUrl\":\"https:\/\/aivlisoft.net\/shop\/wp-content\/uploads\/2025\/01\/IMIMIB0029_800.jpg\",\"datePublished\":\"2025-01-13T14:39:47+00:00\",\"dateModified\":\"2025-01-14T11:14:42+00:00\",\"breadcrumb\":{\"@id\":\"https:\/\/aivlisoft.net\/shop\/producto\/intel-core-i7-13700-2-1ghz-30mb-lga-1700-box\/#breadcrumb\"},\"inLanguage\":\"es\",\"potentialAction\":[{\"@type\":\"ReadAction\",\"target\":[\"https:\/\/aivlisoft.net\/shop\/producto\/intel-core-i7-13700-2-1ghz-30mb-lga-1700-box\/\"]}]},{\"@type\":\"ImageObject\",\"inLanguage\":\"es\",\"@id\":\"https:\/\/aivlisoft.net\/shop\/producto\/intel-core-i7-13700-2-1ghz-30mb-lga-1700-box\/#primaryimage\",\"url\":\"https:\/\/aivlisoft.net\/shop\/wp-content\/uploads\/2025\/01\/IMIMIB0029_800.jpg\",\"contentUrl\":\"https:\/\/aivlisoft.net\/shop\/wp-content\/uploads\/2025\/01\/IMIMIB0029_800.jpg\",\"width\":800,\"height\":800},{\"@type\":\"BreadcrumbList\",\"@id\":\"https:\/\/aivlisoft.net\/shop\/producto\/intel-core-i7-13700-2-1ghz-30mb-lga-1700-box\/#breadcrumb\",\"itemListElement\":[{\"@type\":\"ListItem\",\"position\":1,\"name\":\"Portada\",\"item\":\"https:\/\/aivlisoft.net\/shop\/\"},{\"@type\":\"ListItem\",\"position\":2,\"name\":\"Tienda\",\"item\":\"https:\/\/aivlisoft.net\/shop\/tienda\/\"},{\"@type\":\"ListItem\",\"position\":3,\"name\":\"Intel Core i7 13700 2.1Ghz 30MB LGA 1700 BOX\"}]},{\"@type\":\"WebSite\",\"@id\":\"https:\/\/aivlisoft.net\/shop\/#website\",\"url\":\"https:\/\/aivlisoft.net\/shop\/\",\"name\":\"Aivlisoft Inform\u00e1tica\",\"description\":\"En Aivlisoft Inform\u00e1tica ofrecemos soluciones tecnol\u00f3gicas para empresas: venta de ordenadores, consumibles, perif\u00e9ricos y m\u00e1s. Calidad, atenci\u00f3n personalizada y los mejores precios para tu negocio.\",\"publisher\":{\"@id\":\"https:\/\/aivlisoft.net\/shop\/#organization\"},\"potentialAction\":[{\"@type\":\"SearchAction\",\"target\":{\"@type\":\"EntryPoint\",\"urlTemplate\":\"https:\/\/aivlisoft.net\/shop\/?s={search_term_string}\"},\"query-input\":{\"@type\":\"PropertyValueSpecification\",\"valueRequired\":true,\"valueName\":\"search_term_string\"}}],\"inLanguage\":\"es\"},{\"@type\":\"Organization\",\"@id\":\"https:\/\/aivlisoft.net\/shop\/#organization\",\"name\":\"Aivlisoft Inform\u00e1tica\",\"url\":\"https:\/\/aivlisoft.net\/shop\/\",\"logo\":{\"@type\":\"ImageObject\",\"inLanguage\":\"es\",\"@id\":\"https:\/\/aivlisoft.net\/shop\/#\/schema\/logo\/image\/\",\"url\":\"https:\/\/aivlisoft.net\/shop\/wp-content\/uploads\/2024\/12\/removal.ai_5b848c54-0cdf-4140-95c5-c5536bb7573b-logodef.png\",\"contentUrl\":\"https:\/\/aivlisoft.net\/shop\/wp-content\/uploads\/2024\/12\/removal.ai_5b848c54-0cdf-4140-95c5-c5536bb7573b-logodef.png\",\"width\":484,\"height\":182,\"caption\":\"Aivlisoft Inform\u00e1tica\"},\"image\":{\"@id\":\"https:\/\/aivlisoft.net\/shop\/#\/schema\/logo\/image\/\"}}]}<\/script>\n<!-- \/ Yoast SEO plugin. -->","yoast_head_json":{"title":"Intel Core i7 13700 2.1Ghz 30MB LGA 1700 BOX - Aivlisoft Inform\u00e1tica","robots":{"index":"index","follow":"follow","max-snippet":"max-snippet:-1","max-image-preview":"max-image-preview:large","max-video-preview":"max-video-preview:-1"},"canonical":"https:\/\/aivlisoft.net\/shop\/producto\/intel-core-i7-13700-2-1ghz-30mb-lga-1700-box\/","og_locale":"es_ES","og_type":"article","og_title":"Intel Core i7 13700 2.1Ghz 30MB LGA 1700 BOX - Aivlisoft Inform\u00e1tica","og_description":"Marca Intel Modelo BX8071513700 Z&oacute;calo &#8211; LGA1700 Procesador &#8211; Intel Core i7 de 13&ordf; Generaci&oacute;n (i7-13700) Velocidad de reloj &#8211; Frecuencia turbo m&aacute;xima: 5,20 GHz &#8211; Frecuencia de la Tecnolog&iacute;a Intel Turbo Boost Max 3.0: 5,20 GHz &#8211; Frecuencia turbo m&aacute;xima del Performance-core: 5.10 GHz &#8211; Frecuencia turbo m&aacute;xima de Efficient-core: 4.10 GHz &#8211; Frecuencia&hellip;&nbsp;Intel Core i7 13700 2.1Ghz 30MB LGA 1700 BOX","og_url":"https:\/\/aivlisoft.net\/shop\/producto\/intel-core-i7-13700-2-1ghz-30mb-lga-1700-box\/","og_site_name":"Aivlisoft Inform\u00e1tica","article_modified_time":"2025-01-14T11:14:42+00:00","og_image":[{"width":800,"height":800,"url":"https:\/\/aivlisoft.net\/shop\/wp-content\/uploads\/2025\/01\/IMIMIB0029_800.jpg","type":"image\/jpeg"}],"twitter_card":"summary_large_image","twitter_misc":{"Tiempo de lectura":"2 minutos"},"schema":{"@context":"https:\/\/schema.org","@graph":[{"@type":"WebPage","@id":"https:\/\/aivlisoft.net\/shop\/producto\/intel-core-i7-13700-2-1ghz-30mb-lga-1700-box\/","url":"https:\/\/aivlisoft.net\/shop\/producto\/intel-core-i7-13700-2-1ghz-30mb-lga-1700-box\/","name":"Intel Core i7 13700 2.1Ghz 30MB LGA 1700 BOX - Aivlisoft Inform\u00e1tica","isPartOf":{"@id":"https:\/\/aivlisoft.net\/shop\/#website"},"primaryImageOfPage":{"@id":"https:\/\/aivlisoft.net\/shop\/producto\/intel-core-i7-13700-2-1ghz-30mb-lga-1700-box\/#primaryimage"},"image":{"@id":"https:\/\/aivlisoft.net\/shop\/producto\/intel-core-i7-13700-2-1ghz-30mb-lga-1700-box\/#primaryimage"},"thumbnailUrl":"https:\/\/aivlisoft.net\/shop\/wp-content\/uploads\/2025\/01\/IMIMIB0029_800.jpg","datePublished":"2025-01-13T14:39:47+00:00","dateModified":"2025-01-14T11:14:42+00:00","breadcrumb":{"@id":"https:\/\/aivlisoft.net\/shop\/producto\/intel-core-i7-13700-2-1ghz-30mb-lga-1700-box\/#breadcrumb"},"inLanguage":"es","potentialAction":[{"@type":"ReadAction","target":["https:\/\/aivlisoft.net\/shop\/producto\/intel-core-i7-13700-2-1ghz-30mb-lga-1700-box\/"]}]},{"@type":"ImageObject","inLanguage":"es","@id":"https:\/\/aivlisoft.net\/shop\/producto\/intel-core-i7-13700-2-1ghz-30mb-lga-1700-box\/#primaryimage","url":"https:\/\/aivlisoft.net\/shop\/wp-content\/uploads\/2025\/01\/IMIMIB0029_800.jpg","contentUrl":"https:\/\/aivlisoft.net\/shop\/wp-content\/uploads\/2025\/01\/IMIMIB0029_800.jpg","width":800,"height":800},{"@type":"BreadcrumbList","@id":"https:\/\/aivlisoft.net\/shop\/producto\/intel-core-i7-13700-2-1ghz-30mb-lga-1700-box\/#breadcrumb","itemListElement":[{"@type":"ListItem","position":1,"name":"Portada","item":"https:\/\/aivlisoft.net\/shop\/"},{"@type":"ListItem","position":2,"name":"Tienda","item":"https:\/\/aivlisoft.net\/shop\/tienda\/"},{"@type":"ListItem","position":3,"name":"Intel Core i7 13700 2.1Ghz 30MB LGA 1700 BOX"}]},{"@type":"WebSite","@id":"https:\/\/aivlisoft.net\/shop\/#website","url":"https:\/\/aivlisoft.net\/shop\/","name":"Aivlisoft Inform\u00e1tica","description":"En Aivlisoft Inform\u00e1tica ofrecemos soluciones tecnol\u00f3gicas para empresas: venta de ordenadores, consumibles, perif\u00e9ricos y m\u00e1s. Calidad, atenci\u00f3n personalizada y los mejores precios para tu negocio.","publisher":{"@id":"https:\/\/aivlisoft.net\/shop\/#organization"},"potentialAction":[{"@type":"SearchAction","target":{"@type":"EntryPoint","urlTemplate":"https:\/\/aivlisoft.net\/shop\/?s={search_term_string}"},"query-input":{"@type":"PropertyValueSpecification","valueRequired":true,"valueName":"search_term_string"}}],"inLanguage":"es"},{"@type":"Organization","@id":"https:\/\/aivlisoft.net\/shop\/#organization","name":"Aivlisoft Inform\u00e1tica","url":"https:\/\/aivlisoft.net\/shop\/","logo":{"@type":"ImageObject","inLanguage":"es","@id":"https:\/\/aivlisoft.net\/shop\/#\/schema\/logo\/image\/","url":"https:\/\/aivlisoft.net\/shop\/wp-content\/uploads\/2024\/12\/removal.ai_5b848c54-0cdf-4140-95c5-c5536bb7573b-logodef.png","contentUrl":"https:\/\/aivlisoft.net\/shop\/wp-content\/uploads\/2024\/12\/removal.ai_5b848c54-0cdf-4140-95c5-c5536bb7573b-logodef.png","width":484,"height":182,"caption":"Aivlisoft Inform\u00e1tica"},"image":{"@id":"https:\/\/aivlisoft.net\/shop\/#\/schema\/logo\/image\/"}}]}},"_links":{"self":[{"href":"https:\/\/aivlisoft.net\/shop\/wp-json\/wp\/v2\/product\/14090","targetHints":{"allow":["GET"]}}],"collection":[{"href":"https:\/\/aivlisoft.net\/shop\/wp-json\/wp\/v2\/product"}],"about":[{"href":"https:\/\/aivlisoft.net\/shop\/wp-json\/wp\/v2\/types\/product"}],"wp:featuredmedia":[{"embeddable":true,"href":"https:\/\/aivlisoft.net\/shop\/wp-json\/wp\/v2\/media\/14091"}],"wp:attachment":[{"href":"https:\/\/aivlisoft.net\/shop\/wp-json\/wp\/v2\/media?parent=14090"}],"wp:term":[{"taxonomy":"product_brand","embeddable":true,"href":"https:\/\/aivlisoft.net\/shop\/wp-json\/wp\/v2\/product_brand?post=14090"},{"taxonomy":"product_cat","embeddable":true,"href":"https:\/\/aivlisoft.net\/shop\/wp-json\/wp\/v2\/product_cat?post=14090"},{"taxonomy":"product_tag","embeddable":true,"href":"https:\/\/aivlisoft.net\/shop\/wp-json\/wp\/v2\/product_tag?post=14090"}],"curies":[{"name":"wp","href":"https:\/\/api.w.org\/{rel}","templated":true}]}}