{"id":14074,"date":"2025-01-13T14:39:36","date_gmt":"2025-01-13T14:39:36","guid":{"rendered":"https:\/\/aivlisoft.com\/?post_type=product&#038;p=14074"},"modified":"2025-01-14T11:14:33","modified_gmt":"2025-01-14T11:14:33","slug":"intel-core-i7-13700k-5-4ghz-30mb-lga-1700-box","status":"publish","type":"product","link":"https:\/\/aivlisoft.net\/shop\/producto\/intel-core-i7-13700k-5-4ghz-30mb-lga-1700-box\/","title":{"rendered":"Intel Core i7 13700K 5.4Ghz 30MB LGA 1700 BOX"},"content":{"rendered":"<p><\/p>\n<table class=\"tabla_caracteristicas k-table\" width=\"100%\">\n<tr>\n<td valign=\"top\"><strong>Marca<\/strong><\/td>\n<td>Intel<\/td>\n<\/tr>\n<tr>\n<td valign=\"top\"><strong>Modelo<\/strong><\/td>\n<td><strong>BX8071513700K<\/strong><\/td>\n<\/tr>\n<tr>\n<td valign=\"top\"><strong>Z&oacute;calo <\/strong><\/td>\n<td>&#8211; LGA1700<\/td>\n<\/tr>\n<tr>\n<td valign=\"top\"><strong>Velocidad de reloj<\/strong><\/td>\n<td>&#8211; Velocidad de reloj: 2.5 GHz<br \/>\t\t\t&#8211; Frecuencia turbo m&aacute;xima: 5,4 GHz<\/td>\n<\/tr>\n<tr>\n<td valign=\"top\"><strong>Cach&eacute;<\/strong><\/td>\n<td>&#8211; Intel&reg; Smart Cache: 30MB<\/td>\n<\/tr>\n<tr>\n<td valign=\"top\"><strong>Especificaciones de CPU<\/strong><\/td>\n<td>&#8211; N.&ordm; de n&uacute;cleos de rendimiento: 8<br \/>\t\t\t&#8211; N.&ordm; de n&uacute;cleos eficientes: 8<br \/>\t\t\t&#8211; N&ordm; de hilos: 24<\/td>\n<\/tr>\n<tr>\n<td valign=\"top\"><strong>Memoria<\/strong><\/td>\n<td>&#8211; Tama&ntilde;o de memoria m&aacute;x. (depende del tipo de memoria): 128 GB<br \/>\t\t\t&#8211; Tipos de memoria:<br \/>\t\t\t&nbsp; DDR4-SDRAM<br \/>\t\t\t&nbsp; DDR5-SDRAM<br \/>\t\t\t&#8211; Cantidad m&aacute;xima de canales de memoria: 2<br \/>\t\t\t&#8211; ECC: Si<br \/>\t\t\t&#8211; Ancho de banda de memoria (max): 89,6 GB\/s<\/td>\n<\/tr>\n<tr>\n<td valign=\"top\"><strong>Expansi&oacute;n<\/strong><\/td>\n<td>&#8211; Revisi&oacute;n de PCI Express: 5.0 y 4.0<br \/>\t\t\t&#8211; Configuraciones de PCI Express: 1&#215;16+1&#215;4, 2&#215;8+1&#215;4<\/td>\n<\/tr>\n<tr>\n<td valign=\"top\"><strong>Paquete<\/strong><\/td>\n<td>&#8211; Configuraci&oacute;n m&aacute;xima de CPU: 1<\/td>\n<\/tr>\n<tr>\n<td valign=\"top\"><strong>Tecnolog&iacute;as<\/strong><br \/>\t\t\t<strong>soportadas<\/strong><\/td>\n<td><strong>Tecnolog&iacute;as avanzadas y seguridad<\/strong><br \/>\t\t\t&#8211; Intel Hyper-Threading<br \/>\t\t\t&#8211; Tecnolog&iacute;a Intel&reg; Turbo Boost 2.0<br \/>\t\t\t&#8211; Tecnolog&iacute;a Intel&reg; Quick Sync Video<br \/>\t\t\t&#8211; Tecnolog&iacute;a Clear Video HD de Intel&reg; (Intel&reg; CVT HD)<br \/>\t\t\t&#8211; Intel&reg; AES Nuevas instrucciones (Intel&reg; AES-NI)<br \/>\t\t\t&#8211; Tecnolog&iacute;a SpeedStep mejorada de Intel<br \/>\t\t\t&#8211; Tecnolog&iacute;a Trusted Execution de Intel&reg;<br \/>\t\t\t&#8211; Tecnolog&iacute;a Intel&reg; Speed Shift<br \/>\t\t\t&#8211; Intel&reg; Turbo Boost Max Technology 3.0 frequency 5,4 GHz<br \/>\t\t\t&#8211; Intel&reg; Gausan &amp; Neural Accelerator (Intel&reg; GNA) 3.0<br \/>\t\t\t&#8211; Intel&reg; Control-flow Enforcement Technology (CET)<br \/>\t\t\t&#8211; Intel&reg; Thread Director<br \/>\t\t\t&#8211; VT-x de Intel&reg; con Extended Page Tables (EPT)<br \/>\t\t\t&#8211; Intel&reg; Secure Key<br \/>\t\t\t&#8211; Intel&reg; OS Guard<br \/>\t\t\t&#8211; Intel&reg; 64<br \/>\t\t\t&#8211; Tecnolog&iacute;a de virtualizaci&oacute;n Intel&reg; (VT-x)<br \/>\t\t\t&#8211; Tecnolog&iacute;a de virtualizaci&oacute;n de Intel&reg; para E \/ S dirigida (VT-d)<br \/>\t\t\t&#8211; Tecnolog&iacute;a 3.0 Intel&reg; Turbo Boost Max<br \/>\t\t\t&#8211; Intel&reg; Boot Guard<br \/>\t\t\t&#8211; Intel&reg; Deep Learning Boost (Intel&reg; DL Boost)<br \/>\t\t\t&#8211; Dispotivo de gesti&oacute;n de volumen Intel&reg; (VMD)<br \/>\t\t\t&#8211; Control de ejecuci&oacute;n basado en modo (MBE)<br \/>\t\t\t&#8211; Administraci&oacute;n est&aacute;ndar de Intel&reg; (ISM)<\/td>\n<\/tr>\n<tr>\n<td valign=\"top\"><strong>Gr&aacute;fica<\/strong><\/td>\n<td>&#8211; Adaptador gr&aacute;fico incorporado: Si, Intel UHD Graphics 770<br \/>\t\t\t&#8211; Salidas compatibles de adaptador gr&aacute;fico incorporado: Embedded DisplayPort (eDP) 1.4b, DisplayPort 1.4a, HDMI 2.1<br \/>\t\t\t&#8211; Frecuencia base de gr&aacute;ficos incorporada: 300 MHz<br \/>\t\t\t&#8211; Frecuencia din&aacute;mica (m&aacute;x) de adaptador gr&aacute;fico incorporado: 1600 MHz<br \/>\t\t\t&#8211; N&uacute;mero de pantallas soportadas: 4<br \/>\t\t\t&#8211; Versi&oacute;n DirectX 12.0<br \/>\t\t\t&#8211; Versi&oacute;n OpenGL 4.5<br \/>\t\t\t&#8211; Resoluci&oacute;n m&aacute;xima de (DisplayPort): 7680 x 4320 Pixeles<br \/>\t\t\t&#8211; Resoluci&oacute;n m&aacute;xima de (eDP &#8211; Integrated Flat Panel): 5120 x 3200 Pixeles<br \/>\t\t\t&#8211; Resoluci&oacute;n m&aacute;xima de (HDMI): 4096 x 2160 Pixeles<\/td>\n<\/tr>\n<tr>\n<td valign=\"top\"><strong>Ventilador<\/strong><\/td>\n<td>&#8211; Sin Ventilador<\/td>\n<\/tr>\n<tr>\n<td valign=\"top\"><strong>Fecha Revisi&oacute;n<\/strong><\/td>\n<td>25-10-2022 por MPM<\/td>\n<\/tr>\n<\/table>\n","protected":false},"excerpt":{"rendered":"<p>Marca Intel Modelo BX8071513700K Z&oacute;calo &#8211; LGA1700 Velocidad de reloj &#8211; Velocidad de reloj: 2.5 GHz &#8211; Frecuencia turbo m&aacute;xima: 5,4 GHz Cach&eacute; &#8211; Intel&reg; Smart Cache: 30MB Especificaciones de CPU &#8211; N.&ordm; de n&uacute;cleos de rendimiento: 8 &#8211; N.&ordm; de n&uacute;cleos eficientes: 8 &#8211; N&ordm; de hilos: 24 Memoria &#8211; Tama&ntilde;o de memoria m&aacute;x.&hellip;&nbsp;<a href=\"https:\/\/aivlisoft.net\/shop\/producto\/intel-core-i7-13700k-5-4ghz-30mb-lga-1700-box\/\" rel=\"bookmark\"><span class=\"screen-reader-text\">Intel Core i7 13700K 5.4Ghz 30MB LGA 1700 BOX<\/span><\/a><\/p>\n","protected":false},"featured_media":14075,"template":"","meta":{"neve_meta_sidebar":"","neve_meta_container":"","neve_meta_enable_content_width":"","neve_meta_content_width":0,"neve_meta_title_alignment":"","neve_meta_author_avatar":"","neve_post_elements_order":"","neve_meta_disable_header":"","neve_meta_disable_footer":"","neve_meta_disable_title":""},"product_brand":[],"product_cat":[8742],"product_tag":[5440],"class_list":{"0":"post-14074","1":"product","2":"type-product","3":"status-publish","4":"has-post-thumbnail","6":"product_cat-micros-intel-socket-1700","7":"product_tag-bx8071513700k","9":"first","10":"instock","11":"taxable","12":"shipping-taxable","13":"purchasable","14":"product-type-simple"},"yoast_head":"<!-- This site is optimized with the Yoast SEO plugin v26.0 - https:\/\/yoast.com\/wordpress\/plugins\/seo\/ -->\n<title>Intel Core i7 13700K 5.4Ghz 30MB LGA 1700 BOX - Aivlisoft Inform\u00e1tica<\/title>\n<meta name=\"robots\" content=\"index, follow, max-snippet:-1, max-image-preview:large, max-video-preview:-1\" \/>\n<link rel=\"canonical\" href=\"https:\/\/aivlisoft.net\/shop\/producto\/intel-core-i7-13700k-5-4ghz-30mb-lga-1700-box\/\" \/>\n<meta property=\"og:locale\" content=\"es_ES\" \/>\n<meta property=\"og:type\" content=\"article\" \/>\n<meta property=\"og:title\" content=\"Intel Core i7 13700K 5.4Ghz 30MB LGA 1700 BOX - Aivlisoft Inform\u00e1tica\" \/>\n<meta property=\"og:description\" content=\"Marca Intel Modelo BX8071513700K Z&oacute;calo &#8211; LGA1700 Velocidad de reloj &#8211; Velocidad de reloj: 2.5 GHz &#8211; Frecuencia turbo m&aacute;xima: 5,4 GHz Cach&eacute; &#8211; Intel&reg; Smart Cache: 30MB Especificaciones de CPU &#8211; N.&ordm; de n&uacute;cleos de rendimiento: 8 &#8211; N.&ordm; de n&uacute;cleos eficientes: 8 &#8211; N&ordm; de hilos: 24 Memoria &#8211; Tama&ntilde;o de memoria m&aacute;x.&hellip;&nbsp;Intel Core i7 13700K 5.4Ghz 30MB LGA 1700 BOX\" \/>\n<meta property=\"og:url\" content=\"https:\/\/aivlisoft.net\/shop\/producto\/intel-core-i7-13700k-5-4ghz-30mb-lga-1700-box\/\" \/>\n<meta property=\"og:site_name\" content=\"Aivlisoft Inform\u00e1tica\" \/>\n<meta property=\"article:modified_time\" content=\"2025-01-14T11:14:33+00:00\" \/>\n<meta property=\"og:image\" content=\"https:\/\/aivlisoft.net\/shop\/wp-content\/uploads\/2025\/01\/IMIMIB0020_800.jpg\" \/>\n\t<meta property=\"og:image:width\" content=\"800\" \/>\n\t<meta property=\"og:image:height\" content=\"800\" \/>\n\t<meta property=\"og:image:type\" content=\"image\/jpeg\" \/>\n<meta name=\"twitter:card\" content=\"summary_large_image\" \/>\n<meta name=\"twitter:label1\" content=\"Tiempo de lectura\" \/>\n\t<meta name=\"twitter:data1\" content=\"2 minutos\" \/>\n<script type=\"application\/ld+json\" class=\"yoast-schema-graph\">{\"@context\":\"https:\/\/schema.org\",\"@graph\":[{\"@type\":\"WebPage\",\"@id\":\"https:\/\/aivlisoft.net\/shop\/producto\/intel-core-i7-13700k-5-4ghz-30mb-lga-1700-box\/\",\"url\":\"https:\/\/aivlisoft.net\/shop\/producto\/intel-core-i7-13700k-5-4ghz-30mb-lga-1700-box\/\",\"name\":\"Intel Core i7 13700K 5.4Ghz 30MB LGA 1700 BOX - Aivlisoft Inform\u00e1tica\",\"isPartOf\":{\"@id\":\"https:\/\/aivlisoft.net\/shop\/#website\"},\"primaryImageOfPage\":{\"@id\":\"https:\/\/aivlisoft.net\/shop\/producto\/intel-core-i7-13700k-5-4ghz-30mb-lga-1700-box\/#primaryimage\"},\"image\":{\"@id\":\"https:\/\/aivlisoft.net\/shop\/producto\/intel-core-i7-13700k-5-4ghz-30mb-lga-1700-box\/#primaryimage\"},\"thumbnailUrl\":\"https:\/\/aivlisoft.net\/shop\/wp-content\/uploads\/2025\/01\/IMIMIB0020_800.jpg\",\"datePublished\":\"2025-01-13T14:39:36+00:00\",\"dateModified\":\"2025-01-14T11:14:33+00:00\",\"breadcrumb\":{\"@id\":\"https:\/\/aivlisoft.net\/shop\/producto\/intel-core-i7-13700k-5-4ghz-30mb-lga-1700-box\/#breadcrumb\"},\"inLanguage\":\"es\",\"potentialAction\":[{\"@type\":\"ReadAction\",\"target\":[\"https:\/\/aivlisoft.net\/shop\/producto\/intel-core-i7-13700k-5-4ghz-30mb-lga-1700-box\/\"]}]},{\"@type\":\"ImageObject\",\"inLanguage\":\"es\",\"@id\":\"https:\/\/aivlisoft.net\/shop\/producto\/intel-core-i7-13700k-5-4ghz-30mb-lga-1700-box\/#primaryimage\",\"url\":\"https:\/\/aivlisoft.net\/shop\/wp-content\/uploads\/2025\/01\/IMIMIB0020_800.jpg\",\"contentUrl\":\"https:\/\/aivlisoft.net\/shop\/wp-content\/uploads\/2025\/01\/IMIMIB0020_800.jpg\",\"width\":800,\"height\":800},{\"@type\":\"BreadcrumbList\",\"@id\":\"https:\/\/aivlisoft.net\/shop\/producto\/intel-core-i7-13700k-5-4ghz-30mb-lga-1700-box\/#breadcrumb\",\"itemListElement\":[{\"@type\":\"ListItem\",\"position\":1,\"name\":\"Portada\",\"item\":\"https:\/\/aivlisoft.net\/shop\/\"},{\"@type\":\"ListItem\",\"position\":2,\"name\":\"Tienda\",\"item\":\"https:\/\/aivlisoft.net\/shop\/tienda\/\"},{\"@type\":\"ListItem\",\"position\":3,\"name\":\"Intel Core i7 13700K 5.4Ghz 30MB LGA 1700 BOX\"}]},{\"@type\":\"WebSite\",\"@id\":\"https:\/\/aivlisoft.net\/shop\/#website\",\"url\":\"https:\/\/aivlisoft.net\/shop\/\",\"name\":\"Aivlisoft Inform\u00e1tica\",\"description\":\"En Aivlisoft Inform\u00e1tica ofrecemos soluciones tecnol\u00f3gicas para empresas: venta de ordenadores, consumibles, perif\u00e9ricos y m\u00e1s. Calidad, atenci\u00f3n personalizada y los mejores precios para tu negocio.\",\"publisher\":{\"@id\":\"https:\/\/aivlisoft.net\/shop\/#organization\"},\"potentialAction\":[{\"@type\":\"SearchAction\",\"target\":{\"@type\":\"EntryPoint\",\"urlTemplate\":\"https:\/\/aivlisoft.net\/shop\/?s={search_term_string}\"},\"query-input\":{\"@type\":\"PropertyValueSpecification\",\"valueRequired\":true,\"valueName\":\"search_term_string\"}}],\"inLanguage\":\"es\"},{\"@type\":\"Organization\",\"@id\":\"https:\/\/aivlisoft.net\/shop\/#organization\",\"name\":\"Aivlisoft Inform\u00e1tica\",\"url\":\"https:\/\/aivlisoft.net\/shop\/\",\"logo\":{\"@type\":\"ImageObject\",\"inLanguage\":\"es\",\"@id\":\"https:\/\/aivlisoft.net\/shop\/#\/schema\/logo\/image\/\",\"url\":\"https:\/\/aivlisoft.net\/shop\/wp-content\/uploads\/2024\/12\/removal.ai_5b848c54-0cdf-4140-95c5-c5536bb7573b-logodef.png\",\"contentUrl\":\"https:\/\/aivlisoft.net\/shop\/wp-content\/uploads\/2024\/12\/removal.ai_5b848c54-0cdf-4140-95c5-c5536bb7573b-logodef.png\",\"width\":484,\"height\":182,\"caption\":\"Aivlisoft Inform\u00e1tica\"},\"image\":{\"@id\":\"https:\/\/aivlisoft.net\/shop\/#\/schema\/logo\/image\/\"}}]}<\/script>\n<!-- \/ Yoast SEO plugin. -->","yoast_head_json":{"title":"Intel Core i7 13700K 5.4Ghz 30MB LGA 1700 BOX - Aivlisoft Inform\u00e1tica","robots":{"index":"index","follow":"follow","max-snippet":"max-snippet:-1","max-image-preview":"max-image-preview:large","max-video-preview":"max-video-preview:-1"},"canonical":"https:\/\/aivlisoft.net\/shop\/producto\/intel-core-i7-13700k-5-4ghz-30mb-lga-1700-box\/","og_locale":"es_ES","og_type":"article","og_title":"Intel Core i7 13700K 5.4Ghz 30MB LGA 1700 BOX - Aivlisoft Inform\u00e1tica","og_description":"Marca Intel Modelo BX8071513700K Z&oacute;calo &#8211; LGA1700 Velocidad de reloj &#8211; Velocidad de reloj: 2.5 GHz &#8211; Frecuencia turbo m&aacute;xima: 5,4 GHz Cach&eacute; &#8211; Intel&reg; Smart Cache: 30MB Especificaciones de CPU &#8211; N.&ordm; de n&uacute;cleos de rendimiento: 8 &#8211; N.&ordm; de n&uacute;cleos eficientes: 8 &#8211; N&ordm; de hilos: 24 Memoria &#8211; Tama&ntilde;o de memoria m&aacute;x.&hellip;&nbsp;Intel Core i7 13700K 5.4Ghz 30MB LGA 1700 BOX","og_url":"https:\/\/aivlisoft.net\/shop\/producto\/intel-core-i7-13700k-5-4ghz-30mb-lga-1700-box\/","og_site_name":"Aivlisoft Inform\u00e1tica","article_modified_time":"2025-01-14T11:14:33+00:00","og_image":[{"width":800,"height":800,"url":"https:\/\/aivlisoft.net\/shop\/wp-content\/uploads\/2025\/01\/IMIMIB0020_800.jpg","type":"image\/jpeg"}],"twitter_card":"summary_large_image","twitter_misc":{"Tiempo de lectura":"2 minutos"},"schema":{"@context":"https:\/\/schema.org","@graph":[{"@type":"WebPage","@id":"https:\/\/aivlisoft.net\/shop\/producto\/intel-core-i7-13700k-5-4ghz-30mb-lga-1700-box\/","url":"https:\/\/aivlisoft.net\/shop\/producto\/intel-core-i7-13700k-5-4ghz-30mb-lga-1700-box\/","name":"Intel Core i7 13700K 5.4Ghz 30MB LGA 1700 BOX - Aivlisoft Inform\u00e1tica","isPartOf":{"@id":"https:\/\/aivlisoft.net\/shop\/#website"},"primaryImageOfPage":{"@id":"https:\/\/aivlisoft.net\/shop\/producto\/intel-core-i7-13700k-5-4ghz-30mb-lga-1700-box\/#primaryimage"},"image":{"@id":"https:\/\/aivlisoft.net\/shop\/producto\/intel-core-i7-13700k-5-4ghz-30mb-lga-1700-box\/#primaryimage"},"thumbnailUrl":"https:\/\/aivlisoft.net\/shop\/wp-content\/uploads\/2025\/01\/IMIMIB0020_800.jpg","datePublished":"2025-01-13T14:39:36+00:00","dateModified":"2025-01-14T11:14:33+00:00","breadcrumb":{"@id":"https:\/\/aivlisoft.net\/shop\/producto\/intel-core-i7-13700k-5-4ghz-30mb-lga-1700-box\/#breadcrumb"},"inLanguage":"es","potentialAction":[{"@type":"ReadAction","target":["https:\/\/aivlisoft.net\/shop\/producto\/intel-core-i7-13700k-5-4ghz-30mb-lga-1700-box\/"]}]},{"@type":"ImageObject","inLanguage":"es","@id":"https:\/\/aivlisoft.net\/shop\/producto\/intel-core-i7-13700k-5-4ghz-30mb-lga-1700-box\/#primaryimage","url":"https:\/\/aivlisoft.net\/shop\/wp-content\/uploads\/2025\/01\/IMIMIB0020_800.jpg","contentUrl":"https:\/\/aivlisoft.net\/shop\/wp-content\/uploads\/2025\/01\/IMIMIB0020_800.jpg","width":800,"height":800},{"@type":"BreadcrumbList","@id":"https:\/\/aivlisoft.net\/shop\/producto\/intel-core-i7-13700k-5-4ghz-30mb-lga-1700-box\/#breadcrumb","itemListElement":[{"@type":"ListItem","position":1,"name":"Portada","item":"https:\/\/aivlisoft.net\/shop\/"},{"@type":"ListItem","position":2,"name":"Tienda","item":"https:\/\/aivlisoft.net\/shop\/tienda\/"},{"@type":"ListItem","position":3,"name":"Intel Core i7 13700K 5.4Ghz 30MB LGA 1700 BOX"}]},{"@type":"WebSite","@id":"https:\/\/aivlisoft.net\/shop\/#website","url":"https:\/\/aivlisoft.net\/shop\/","name":"Aivlisoft Inform\u00e1tica","description":"En Aivlisoft Inform\u00e1tica ofrecemos soluciones tecnol\u00f3gicas para empresas: venta de ordenadores, consumibles, perif\u00e9ricos y m\u00e1s. Calidad, atenci\u00f3n personalizada y los mejores precios para tu negocio.","publisher":{"@id":"https:\/\/aivlisoft.net\/shop\/#organization"},"potentialAction":[{"@type":"SearchAction","target":{"@type":"EntryPoint","urlTemplate":"https:\/\/aivlisoft.net\/shop\/?s={search_term_string}"},"query-input":{"@type":"PropertyValueSpecification","valueRequired":true,"valueName":"search_term_string"}}],"inLanguage":"es"},{"@type":"Organization","@id":"https:\/\/aivlisoft.net\/shop\/#organization","name":"Aivlisoft Inform\u00e1tica","url":"https:\/\/aivlisoft.net\/shop\/","logo":{"@type":"ImageObject","inLanguage":"es","@id":"https:\/\/aivlisoft.net\/shop\/#\/schema\/logo\/image\/","url":"https:\/\/aivlisoft.net\/shop\/wp-content\/uploads\/2024\/12\/removal.ai_5b848c54-0cdf-4140-95c5-c5536bb7573b-logodef.png","contentUrl":"https:\/\/aivlisoft.net\/shop\/wp-content\/uploads\/2024\/12\/removal.ai_5b848c54-0cdf-4140-95c5-c5536bb7573b-logodef.png","width":484,"height":182,"caption":"Aivlisoft Inform\u00e1tica"},"image":{"@id":"https:\/\/aivlisoft.net\/shop\/#\/schema\/logo\/image\/"}}]}},"_links":{"self":[{"href":"https:\/\/aivlisoft.net\/shop\/wp-json\/wp\/v2\/product\/14074","targetHints":{"allow":["GET"]}}],"collection":[{"href":"https:\/\/aivlisoft.net\/shop\/wp-json\/wp\/v2\/product"}],"about":[{"href":"https:\/\/aivlisoft.net\/shop\/wp-json\/wp\/v2\/types\/product"}],"wp:featuredmedia":[{"embeddable":true,"href":"https:\/\/aivlisoft.net\/shop\/wp-json\/wp\/v2\/media\/14075"}],"wp:attachment":[{"href":"https:\/\/aivlisoft.net\/shop\/wp-json\/wp\/v2\/media?parent=14074"}],"wp:term":[{"taxonomy":"product_brand","embeddable":true,"href":"https:\/\/aivlisoft.net\/shop\/wp-json\/wp\/v2\/product_brand?post=14074"},{"taxonomy":"product_cat","embeddable":true,"href":"https:\/\/aivlisoft.net\/shop\/wp-json\/wp\/v2\/product_cat?post=14074"},{"taxonomy":"product_tag","embeddable":true,"href":"https:\/\/aivlisoft.net\/shop\/wp-json\/wp\/v2\/product_tag?post=14074"}],"curies":[{"name":"wp","href":"https:\/\/api.w.org\/{rel}","templated":true}]}}