{"id":14062,"date":"2025-01-13T14:39:26","date_gmt":"2025-01-13T14:39:26","guid":{"rendered":"https:\/\/aivlisoft.com\/?post_type=product&#038;p=14062"},"modified":"2025-01-14T11:14:27","modified_gmt":"2025-01-14T11:14:27","slug":"intel-pentium-gold-g7400-3-70ghz-6mb-lga-1700-box","status":"publish","type":"product","link":"https:\/\/aivlisoft.net\/shop\/producto\/intel-pentium-gold-g7400-3-70ghz-6mb-lga-1700-box\/","title":{"rendered":"Intel Pentium Gold G7400 3.70Ghz 6MB LGA 1700 BOX"},"content":{"rendered":"<p>&nbsp;<\/p>\n<table class=\"tabla_caracteristicas k-table\" width=\"100%\">\n<tr>\n<td valign=\"top\"><strong>Marca<\/strong><\/td>\n<td>Intel&reg;<\/td>\n<\/tr>\n<tr>\n<td valign=\"top\"><strong>Modelo<\/strong><\/td>\n<td>Intel Pentium Gold G7400<br \/>\t\t\t(<strong>BX80715G7400<\/strong>)<\/td>\n<\/tr>\n<tr>\n<td valign=\"top\"><strong>Z&oacute;calo <\/strong><\/td>\n<td>&#8211; FCLGA1700<\/td>\n<\/tr>\n<tr>\n<td valign=\"top\"><strong>Velocidad de reloj<\/strong><\/td>\n<td>&#8211; Frecuencia b&aacute;sica del procesador 3.70 GHz<\/td>\n<\/tr>\n<tr>\n<td valign=\"top\"><strong>Cach&eacute; nivel 3 (L3) <\/strong><\/td>\n<td>&#8211; Intel&reg; Smart Cache: 6MB<\/td>\n<\/tr>\n<tr>\n<td valign=\"top\"><strong>TDP M&aacute;x.<\/strong><\/td>\n<td>&#8211; 46 W<\/td>\n<\/tr>\n<tr>\n<td valign=\"top\">\n<div><strong>Otras <\/strong><\/div>\n<div><strong>Caracter&iacute;sticas<\/strong><\/div>\n<\/td>\n<td>&#8211; Cantidad de n&uacute;cleos 2<br \/>\t\t\t&#8211; Cantidad de subprocesos 4<br \/>\t\t\t&#8211; Conjunto de instrucciones: 64-bit<\/td>\n<\/tr>\n<tr>\n<td valign=\"top\"><strong>Memoria<\/strong><\/td>\n<td>&#8211; Tama&ntilde;o de memoria m&aacute;ximo (depende del tipo de memoria) 128 GB<br \/>\t\t\t&#8211; Tipos de memoria:<br \/>\t\t\t&nbsp; Hasta DDR5 a 4800 MT\/s<br \/>\t\t\t&nbsp; Hasta DDR4 a 3200 MT\/s<br \/>\t\t\t&#8211; Cantidad m&aacute;xima de canales de memoria 2<br \/>\t\t\t&#8211; M&aacute;ximo de ancho de banda de memoria 76.8 GB\/s<\/td>\n<\/tr>\n<tr>\n<td valign=\"top\"><strong>Gr&aacute;ficos<\/strong><\/td>\n<td>&#8211; Gr&aacute;ficos del procesador: Intel&reg; UHD Graphics 710<br \/>\t\t\t&#8211; Frecuencia de base de gr&aacute;ficos 300 MHz<br \/>\t\t\t&#8211; Frecuencia din&aacute;mica m&aacute;xima de gr&aacute;ficos 1,35 GHz<br \/>\t\t\t&#8211; Salida de gr&aacute;ficos: eDP 1.4b, DP 1.4a, HDMI 2.1<br \/>\t\t\t&#8211; Compatibilidad con 4K: 60Hz<br \/>\t\t\t&#8211; Compatibilidad con DirectX: 12<br \/>\t\t\t&#8211; Compatibilidad con OpenGL: 4.5<br \/>\t\t\t&#8211; Intel&reg; Quick Sync Video<br \/>\t\t\t&#8211; Tecnolog&iacute;a Intel&reg; de video n&iacute;tido HD<br \/>\t\t\t&#8211; N&ordm; de pantallas admitidas: 4<\/td>\n<\/tr>\n<tr>\n<td valign=\"top\"><strong>Expansi&oacute;n<\/strong><\/td>\n<td>&#8211; Escalabilidad 1S Only<br \/>\t\t\t&#8211; Revisi&oacute;n de PCI Express 5.0 y 4.0<br \/>\t\t\t&#8211; Configuraciones de PCI Express: Up to 1&#215;16+4, 2&#215;8+4<br \/>\t\t\t&#8211; Cantidad m&aacute;xima de l&iacute;neas PCI Express: 20<\/td>\n<\/tr>\n<tr>\n<td valign=\"top\"><strong>Paquete<\/strong><\/td>\n<td>&#8211; Socket soportado: FCLGA1700<br \/>\t\t\t&#8211; M&aacute;xima configuraci&oacute;n de CPU: 1<br \/>\t\t\t&#8211; Especificaci&oacute;n de soluci&oacute;n t&eacute;rmica: PCG 2020C<br \/>\t\t\t&#8211; TJUNCTION 100&deg;C<br \/>\t\t\t&#8211; Tama&ntilde;o de paquete 45.0 mm x 37.5 mm<\/td>\n<\/tr>\n<tr>\n<td valign=\"top\">\n<div><strong>Tecnolog&iacute;as<\/strong><\/div>\n<div><strong>soportadas<\/strong><\/div>\n<\/td>\n<td>&#8211; Acelerador neuronal y gaussiano Intel&reg; 3.0<br \/>\t\t\t&#8211; Impulso de aprendizaje profundo Intel&reg; (Intel&reg; DL Boost)<br \/>\t\t\t&#8211; Memoria Intel&reg; Optane&trade; compatible<br \/>\t\t\t&#8211; Tecnolog&iacute;a de cambio de velocidad Intel&reg;<br \/>\t\t\t&#8211; Tecnolog&iacute;a Intel&reg; Hyper-Threading<br \/>\t\t\t&#8211; Intel&reg; 64<br \/>\t\t\t&#8211; Conjunto de instrucciones de 64 bits<br \/>\t\t\t&#8211; Extensiones del conjunto de instrucciones Intel&reg; SSE4.1, Intel&reg; SSE4.2, Intel&reg; AVX2<br \/>\t\t\t&#8211; Estados inactivos<br \/>\t\t\t&#8211; Tecnolog&iacute;a Intel SpeedStep&reg; mejorada<br \/>\t\t\t&#8211; Tecnolog&iacute;as de monitoreo t&eacute;rmico<br \/>\t\t\t&#8211; Dispositivo de administraci&oacute;n de volumen Intel&reg; (VMD)<\/td>\n<\/tr>\n<tr>\n<td valign=\"top\"><strong>Fecha Revisi&oacute;n<\/strong><\/td>\n<td>15-03-2022 por MPM<\/td>\n<\/tr>\n<\/table>\n<p><br class=\"k-br\" \/>&nbsp;<\/p>\n","protected":false},"excerpt":{"rendered":"<p>&nbsp; Marca Intel&reg; Modelo Intel Pentium Gold G7400 (BX80715G7400) Z&oacute;calo &#8211; FCLGA1700 Velocidad de reloj &#8211; Frecuencia b&aacute;sica del procesador 3.70 GHz Cach&eacute; nivel 3 (L3) &#8211; Intel&reg; Smart Cache: 6MB TDP M&aacute;x. &#8211; 46 W Otras Caracter&iacute;sticas &#8211; Cantidad de n&uacute;cleos 2 &#8211; Cantidad de subprocesos 4 &#8211; Conjunto de instrucciones: 64-bit Memoria &#8211;&hellip;&nbsp;<a href=\"https:\/\/aivlisoft.net\/shop\/producto\/intel-pentium-gold-g7400-3-70ghz-6mb-lga-1700-box\/\" rel=\"bookmark\"><span class=\"screen-reader-text\">Intel Pentium Gold G7400 3.70Ghz 6MB LGA 1700 BOX<\/span><\/a><\/p>\n","protected":false},"featured_media":14063,"template":"","meta":{"neve_meta_sidebar":"","neve_meta_container":"","neve_meta_enable_content_width":"","neve_meta_content_width":0,"neve_meta_title_alignment":"","neve_meta_author_avatar":"","neve_post_elements_order":"","neve_meta_disable_header":"","neve_meta_disable_footer":"","neve_meta_disable_title":""},"product_brand":[],"product_cat":[8742],"product_tag":[5434],"class_list":{"0":"post-14062","1":"product","2":"type-product","3":"status-publish","4":"has-post-thumbnail","6":"product_cat-micros-intel-socket-1700","7":"product_tag-bx80715g7400","9":"first","10":"instock","11":"taxable","12":"shipping-taxable","13":"purchasable","14":"product-type-simple"},"yoast_head":"<!-- This site is optimized with the Yoast SEO plugin v26.0 - https:\/\/yoast.com\/wordpress\/plugins\/seo\/ -->\n<title>Intel Pentium Gold G7400 3.70Ghz 6MB LGA 1700 BOX - Aivlisoft Inform\u00e1tica<\/title>\n<meta name=\"robots\" content=\"index, follow, max-snippet:-1, max-image-preview:large, max-video-preview:-1\" \/>\n<link rel=\"canonical\" href=\"https:\/\/aivlisoft.net\/shop\/producto\/intel-pentium-gold-g7400-3-70ghz-6mb-lga-1700-box\/\" \/>\n<meta property=\"og:locale\" content=\"es_ES\" \/>\n<meta property=\"og:type\" content=\"article\" \/>\n<meta property=\"og:title\" content=\"Intel Pentium Gold G7400 3.70Ghz 6MB LGA 1700 BOX - Aivlisoft Inform\u00e1tica\" \/>\n<meta property=\"og:description\" content=\"&nbsp; Marca Intel&reg; Modelo Intel Pentium Gold G7400 (BX80715G7400) Z&oacute;calo &#8211; FCLGA1700 Velocidad de reloj &#8211; Frecuencia b&aacute;sica del procesador 3.70 GHz Cach&eacute; nivel 3 (L3) &#8211; Intel&reg; Smart Cache: 6MB TDP M&aacute;x. &#8211; 46 W Otras Caracter&iacute;sticas &#8211; Cantidad de n&uacute;cleos 2 &#8211; Cantidad de subprocesos 4 &#8211; Conjunto de instrucciones: 64-bit Memoria &#8211;&hellip;&nbsp;Intel Pentium Gold G7400 3.70Ghz 6MB LGA 1700 BOX\" \/>\n<meta property=\"og:url\" content=\"https:\/\/aivlisoft.net\/shop\/producto\/intel-pentium-gold-g7400-3-70ghz-6mb-lga-1700-box\/\" \/>\n<meta property=\"og:site_name\" content=\"Aivlisoft Inform\u00e1tica\" \/>\n<meta property=\"article:modified_time\" content=\"2025-01-14T11:14:27+00:00\" \/>\n<meta property=\"og:image\" content=\"https:\/\/aivlisoft.net\/shop\/wp-content\/uploads\/2025\/01\/IMIMIB0011_800.jpg\" \/>\n\t<meta property=\"og:image:width\" content=\"800\" \/>\n\t<meta property=\"og:image:height\" content=\"800\" \/>\n\t<meta property=\"og:image:type\" content=\"image\/jpeg\" \/>\n<meta name=\"twitter:card\" content=\"summary_large_image\" \/>\n<meta name=\"twitter:label1\" content=\"Tiempo de lectura\" \/>\n\t<meta name=\"twitter:data1\" content=\"2 minutos\" \/>\n<script type=\"application\/ld+json\" class=\"yoast-schema-graph\">{\"@context\":\"https:\/\/schema.org\",\"@graph\":[{\"@type\":\"WebPage\",\"@id\":\"https:\/\/aivlisoft.net\/shop\/producto\/intel-pentium-gold-g7400-3-70ghz-6mb-lga-1700-box\/\",\"url\":\"https:\/\/aivlisoft.net\/shop\/producto\/intel-pentium-gold-g7400-3-70ghz-6mb-lga-1700-box\/\",\"name\":\"Intel Pentium Gold G7400 3.70Ghz 6MB LGA 1700 BOX - Aivlisoft Inform\u00e1tica\",\"isPartOf\":{\"@id\":\"https:\/\/aivlisoft.net\/shop\/#website\"},\"primaryImageOfPage\":{\"@id\":\"https:\/\/aivlisoft.net\/shop\/producto\/intel-pentium-gold-g7400-3-70ghz-6mb-lga-1700-box\/#primaryimage\"},\"image\":{\"@id\":\"https:\/\/aivlisoft.net\/shop\/producto\/intel-pentium-gold-g7400-3-70ghz-6mb-lga-1700-box\/#primaryimage\"},\"thumbnailUrl\":\"https:\/\/aivlisoft.net\/shop\/wp-content\/uploads\/2025\/01\/IMIMIB0011_800.jpg\",\"datePublished\":\"2025-01-13T14:39:26+00:00\",\"dateModified\":\"2025-01-14T11:14:27+00:00\",\"breadcrumb\":{\"@id\":\"https:\/\/aivlisoft.net\/shop\/producto\/intel-pentium-gold-g7400-3-70ghz-6mb-lga-1700-box\/#breadcrumb\"},\"inLanguage\":\"es\",\"potentialAction\":[{\"@type\":\"ReadAction\",\"target\":[\"https:\/\/aivlisoft.net\/shop\/producto\/intel-pentium-gold-g7400-3-70ghz-6mb-lga-1700-box\/\"]}]},{\"@type\":\"ImageObject\",\"inLanguage\":\"es\",\"@id\":\"https:\/\/aivlisoft.net\/shop\/producto\/intel-pentium-gold-g7400-3-70ghz-6mb-lga-1700-box\/#primaryimage\",\"url\":\"https:\/\/aivlisoft.net\/shop\/wp-content\/uploads\/2025\/01\/IMIMIB0011_800.jpg\",\"contentUrl\":\"https:\/\/aivlisoft.net\/shop\/wp-content\/uploads\/2025\/01\/IMIMIB0011_800.jpg\",\"width\":800,\"height\":800},{\"@type\":\"BreadcrumbList\",\"@id\":\"https:\/\/aivlisoft.net\/shop\/producto\/intel-pentium-gold-g7400-3-70ghz-6mb-lga-1700-box\/#breadcrumb\",\"itemListElement\":[{\"@type\":\"ListItem\",\"position\":1,\"name\":\"Portada\",\"item\":\"https:\/\/aivlisoft.net\/shop\/\"},{\"@type\":\"ListItem\",\"position\":2,\"name\":\"Tienda\",\"item\":\"https:\/\/aivlisoft.net\/shop\/tienda\/\"},{\"@type\":\"ListItem\",\"position\":3,\"name\":\"Intel Pentium Gold G7400 3.70Ghz 6MB LGA 1700 BOX\"}]},{\"@type\":\"WebSite\",\"@id\":\"https:\/\/aivlisoft.net\/shop\/#website\",\"url\":\"https:\/\/aivlisoft.net\/shop\/\",\"name\":\"Aivlisoft Inform\u00e1tica\",\"description\":\"En Aivlisoft Inform\u00e1tica ofrecemos soluciones tecnol\u00f3gicas para empresas: venta de ordenadores, consumibles, perif\u00e9ricos y m\u00e1s. Calidad, atenci\u00f3n personalizada y los mejores precios para tu negocio.\",\"publisher\":{\"@id\":\"https:\/\/aivlisoft.net\/shop\/#organization\"},\"potentialAction\":[{\"@type\":\"SearchAction\",\"target\":{\"@type\":\"EntryPoint\",\"urlTemplate\":\"https:\/\/aivlisoft.net\/shop\/?s={search_term_string}\"},\"query-input\":{\"@type\":\"PropertyValueSpecification\",\"valueRequired\":true,\"valueName\":\"search_term_string\"}}],\"inLanguage\":\"es\"},{\"@type\":\"Organization\",\"@id\":\"https:\/\/aivlisoft.net\/shop\/#organization\",\"name\":\"Aivlisoft Inform\u00e1tica\",\"url\":\"https:\/\/aivlisoft.net\/shop\/\",\"logo\":{\"@type\":\"ImageObject\",\"inLanguage\":\"es\",\"@id\":\"https:\/\/aivlisoft.net\/shop\/#\/schema\/logo\/image\/\",\"url\":\"https:\/\/aivlisoft.net\/shop\/wp-content\/uploads\/2024\/12\/removal.ai_5b848c54-0cdf-4140-95c5-c5536bb7573b-logodef.png\",\"contentUrl\":\"https:\/\/aivlisoft.net\/shop\/wp-content\/uploads\/2024\/12\/removal.ai_5b848c54-0cdf-4140-95c5-c5536bb7573b-logodef.png\",\"width\":484,\"height\":182,\"caption\":\"Aivlisoft Inform\u00e1tica\"},\"image\":{\"@id\":\"https:\/\/aivlisoft.net\/shop\/#\/schema\/logo\/image\/\"}}]}<\/script>\n<!-- \/ Yoast SEO plugin. -->","yoast_head_json":{"title":"Intel Pentium Gold G7400 3.70Ghz 6MB LGA 1700 BOX - Aivlisoft Inform\u00e1tica","robots":{"index":"index","follow":"follow","max-snippet":"max-snippet:-1","max-image-preview":"max-image-preview:large","max-video-preview":"max-video-preview:-1"},"canonical":"https:\/\/aivlisoft.net\/shop\/producto\/intel-pentium-gold-g7400-3-70ghz-6mb-lga-1700-box\/","og_locale":"es_ES","og_type":"article","og_title":"Intel Pentium Gold G7400 3.70Ghz 6MB LGA 1700 BOX - Aivlisoft Inform\u00e1tica","og_description":"&nbsp; Marca Intel&reg; Modelo Intel Pentium Gold G7400 (BX80715G7400) Z&oacute;calo &#8211; FCLGA1700 Velocidad de reloj &#8211; Frecuencia b&aacute;sica del procesador 3.70 GHz Cach&eacute; nivel 3 (L3) &#8211; Intel&reg; Smart Cache: 6MB TDP M&aacute;x. &#8211; 46 W Otras Caracter&iacute;sticas &#8211; Cantidad de n&uacute;cleos 2 &#8211; Cantidad de subprocesos 4 &#8211; Conjunto de instrucciones: 64-bit Memoria &#8211;&hellip;&nbsp;Intel Pentium Gold G7400 3.70Ghz 6MB LGA 1700 BOX","og_url":"https:\/\/aivlisoft.net\/shop\/producto\/intel-pentium-gold-g7400-3-70ghz-6mb-lga-1700-box\/","og_site_name":"Aivlisoft Inform\u00e1tica","article_modified_time":"2025-01-14T11:14:27+00:00","og_image":[{"width":800,"height":800,"url":"https:\/\/aivlisoft.net\/shop\/wp-content\/uploads\/2025\/01\/IMIMIB0011_800.jpg","type":"image\/jpeg"}],"twitter_card":"summary_large_image","twitter_misc":{"Tiempo de lectura":"2 minutos"},"schema":{"@context":"https:\/\/schema.org","@graph":[{"@type":"WebPage","@id":"https:\/\/aivlisoft.net\/shop\/producto\/intel-pentium-gold-g7400-3-70ghz-6mb-lga-1700-box\/","url":"https:\/\/aivlisoft.net\/shop\/producto\/intel-pentium-gold-g7400-3-70ghz-6mb-lga-1700-box\/","name":"Intel Pentium Gold G7400 3.70Ghz 6MB LGA 1700 BOX - Aivlisoft Inform\u00e1tica","isPartOf":{"@id":"https:\/\/aivlisoft.net\/shop\/#website"},"primaryImageOfPage":{"@id":"https:\/\/aivlisoft.net\/shop\/producto\/intel-pentium-gold-g7400-3-70ghz-6mb-lga-1700-box\/#primaryimage"},"image":{"@id":"https:\/\/aivlisoft.net\/shop\/producto\/intel-pentium-gold-g7400-3-70ghz-6mb-lga-1700-box\/#primaryimage"},"thumbnailUrl":"https:\/\/aivlisoft.net\/shop\/wp-content\/uploads\/2025\/01\/IMIMIB0011_800.jpg","datePublished":"2025-01-13T14:39:26+00:00","dateModified":"2025-01-14T11:14:27+00:00","breadcrumb":{"@id":"https:\/\/aivlisoft.net\/shop\/producto\/intel-pentium-gold-g7400-3-70ghz-6mb-lga-1700-box\/#breadcrumb"},"inLanguage":"es","potentialAction":[{"@type":"ReadAction","target":["https:\/\/aivlisoft.net\/shop\/producto\/intel-pentium-gold-g7400-3-70ghz-6mb-lga-1700-box\/"]}]},{"@type":"ImageObject","inLanguage":"es","@id":"https:\/\/aivlisoft.net\/shop\/producto\/intel-pentium-gold-g7400-3-70ghz-6mb-lga-1700-box\/#primaryimage","url":"https:\/\/aivlisoft.net\/shop\/wp-content\/uploads\/2025\/01\/IMIMIB0011_800.jpg","contentUrl":"https:\/\/aivlisoft.net\/shop\/wp-content\/uploads\/2025\/01\/IMIMIB0011_800.jpg","width":800,"height":800},{"@type":"BreadcrumbList","@id":"https:\/\/aivlisoft.net\/shop\/producto\/intel-pentium-gold-g7400-3-70ghz-6mb-lga-1700-box\/#breadcrumb","itemListElement":[{"@type":"ListItem","position":1,"name":"Portada","item":"https:\/\/aivlisoft.net\/shop\/"},{"@type":"ListItem","position":2,"name":"Tienda","item":"https:\/\/aivlisoft.net\/shop\/tienda\/"},{"@type":"ListItem","position":3,"name":"Intel Pentium Gold G7400 3.70Ghz 6MB LGA 1700 BOX"}]},{"@type":"WebSite","@id":"https:\/\/aivlisoft.net\/shop\/#website","url":"https:\/\/aivlisoft.net\/shop\/","name":"Aivlisoft Inform\u00e1tica","description":"En Aivlisoft Inform\u00e1tica ofrecemos soluciones tecnol\u00f3gicas para empresas: venta de ordenadores, consumibles, perif\u00e9ricos y m\u00e1s. Calidad, atenci\u00f3n personalizada y los mejores precios para tu negocio.","publisher":{"@id":"https:\/\/aivlisoft.net\/shop\/#organization"},"potentialAction":[{"@type":"SearchAction","target":{"@type":"EntryPoint","urlTemplate":"https:\/\/aivlisoft.net\/shop\/?s={search_term_string}"},"query-input":{"@type":"PropertyValueSpecification","valueRequired":true,"valueName":"search_term_string"}}],"inLanguage":"es"},{"@type":"Organization","@id":"https:\/\/aivlisoft.net\/shop\/#organization","name":"Aivlisoft Inform\u00e1tica","url":"https:\/\/aivlisoft.net\/shop\/","logo":{"@type":"ImageObject","inLanguage":"es","@id":"https:\/\/aivlisoft.net\/shop\/#\/schema\/logo\/image\/","url":"https:\/\/aivlisoft.net\/shop\/wp-content\/uploads\/2024\/12\/removal.ai_5b848c54-0cdf-4140-95c5-c5536bb7573b-logodef.png","contentUrl":"https:\/\/aivlisoft.net\/shop\/wp-content\/uploads\/2024\/12\/removal.ai_5b848c54-0cdf-4140-95c5-c5536bb7573b-logodef.png","width":484,"height":182,"caption":"Aivlisoft Inform\u00e1tica"},"image":{"@id":"https:\/\/aivlisoft.net\/shop\/#\/schema\/logo\/image\/"}}]}},"_links":{"self":[{"href":"https:\/\/aivlisoft.net\/shop\/wp-json\/wp\/v2\/product\/14062","targetHints":{"allow":["GET"]}}],"collection":[{"href":"https:\/\/aivlisoft.net\/shop\/wp-json\/wp\/v2\/product"}],"about":[{"href":"https:\/\/aivlisoft.net\/shop\/wp-json\/wp\/v2\/types\/product"}],"wp:featuredmedia":[{"embeddable":true,"href":"https:\/\/aivlisoft.net\/shop\/wp-json\/wp\/v2\/media\/14063"}],"wp:attachment":[{"href":"https:\/\/aivlisoft.net\/shop\/wp-json\/wp\/v2\/media?parent=14062"}],"wp:term":[{"taxonomy":"product_brand","embeddable":true,"href":"https:\/\/aivlisoft.net\/shop\/wp-json\/wp\/v2\/product_brand?post=14062"},{"taxonomy":"product_cat","embeddable":true,"href":"https:\/\/aivlisoft.net\/shop\/wp-json\/wp\/v2\/product_cat?post=14062"},{"taxonomy":"product_tag","embeddable":true,"href":"https:\/\/aivlisoft.net\/shop\/wp-json\/wp\/v2\/product_tag?post=14062"}],"curies":[{"name":"wp","href":"https:\/\/api.w.org\/{rel}","templated":true}]}}