{"id":14042,"date":"2025-01-13T14:39:13","date_gmt":"2025-01-13T14:39:13","guid":{"rendered":"https:\/\/aivlisoft.com\/?post_type=product&#038;p=14042"},"modified":"2025-01-14T11:14:17","modified_gmt":"2025-01-14T11:14:17","slug":"intel-pentium-gold-g6405-4-10ghz-4mb-lga-1200-box","status":"publish","type":"product","link":"https:\/\/aivlisoft.net\/shop\/producto\/intel-pentium-gold-g6405-4-10ghz-4mb-lga-1200-box\/","title":{"rendered":"Intel Pentium Gold G6405 4.10Ghz 4MB LGA 1200 BOX"},"content":{"rendered":"<p>Intel Pentium Gold G6405 4.10Ghz 4MB LGA 1200 BOX<br \/>&nbsp;<\/p>\n<table width=\"100%\">\n<tr>\n<td><strong>Marca<\/strong><\/td>\n<td>Intel<\/td>\n<\/tr>\n<tr>\n<td><strong>Modelo<\/strong><\/td>\n<td><strong>BX80701G6405<\/strong><\/td>\n<\/tr>\n<tr>\n<td><strong>Caracter&iacute;sticas<\/strong><\/td>\n<td><strong>CPU<\/strong><br \/>\t\t\t&#8211; Cantidad de n&uacute;cleos: 2<br \/>\t\t\t&#8211; Cantidad de subprocesos: 4<br \/>\t\t\t&#8211; Frecuencia b&aacute;sica del procesador: 4.10 GHz<br \/>\t\t\t&#8211; Cach&eacute;: 4 MB Intel&reg; Smart Cache<br \/>\t\t\t&#8211; Velocidad del bus: 8 GT\/s<br \/>\t\t\t&#8211; TDP 58 W<br \/>\t\t\t<strong>Memoria<\/strong><br \/>\t\t\t&#8211; Tama&ntilde;o de memoria m&aacute;ximo (depende del tipo de memoria): 128 GB<br \/>\t\t\t&#8211; Tipos de memoria: DDR4-2666<br \/>\t\t\t&#8211; Cantidad m&aacute;xima de canales de memoria: 2<br \/>\t\t\t&#8211; M&aacute;ximo de ancho de banda de memoria: 41.6 GB\/s<br \/>\t\t\t<strong>Gr&aacute;ficos<\/strong><br \/>\t\t\t&#8211; Gr&aacute;ficos del procesador : Gr&aacute;ficos UHD Intel&reg; 610<br \/>\t\t\t&#8211; Frecuencia de base de gr&aacute;ficos: 350 MHz<br \/>\t\t\t&#8211; Frecuencia din&aacute;mica m&aacute;xima de gr&aacute;ficos: 1.05 GHz<br \/>\t\t\t&#8211; Memoria m&aacute;xima de video de gr&aacute;ficos: 64 GB<br \/>\t\t\t&#8211; Compatibilidad con 4K&nbsp;<br \/>\t\t\t&#8211; Resoluci&oacute;n m&aacute;xima (HDMI 1.4): 4096&#215;2160@30Hz<br \/>\t\t\t&#8211; Resoluci&oacute;n m&aacute;xima (DP): 4096&#215;2304@60Hz<br \/>\t\t\t&#8211; Resoluci&oacute;n m&aacute;xima (eDP &#8211; panel plano integrado): 4096&#215;2304@60Hz<br \/>\t\t\t&#8211; Compatibilidad con DirectX* 12<br \/>\t\t\t&#8211; Compatibilidad con OpenGL* 4.5<br \/>\t\t\t&#8211; Intel&reg; Quick Sync Video&nbsp;<br \/>\t\t\t&#8211; Tecnolog&iacute;a Intel&reg; InTru&trade; 3D&nbsp;<br \/>\t\t\t&#8211; Tecnolog&iacute;a Intel&reg; Clear Video HD&nbsp;<br \/>\t\t\t&#8211; Tecnolog&iacute;a Intel&reg; de video n&iacute;tido&nbsp;<br \/>\t\t\t&#8211; Cantidad de pantallas admitidas: 3<br \/>\t\t\t<strong>Opciones de exoansi&oacute;n<\/strong><br \/>\t\t\t&#8211; Escalabilidad1S Only<br \/>\t\t\t&#8211; Revisi&oacute;n de PCI Express 3.0<br \/>\t\t\t&#8211; Configuraciones de PCI Express &nbsp;Up to 1&#215;16, 2&#215;8, 1&#215;8+2&#215;4<br \/>\t\t\t&#8211; Cantidad m&aacute;xima de l&iacute;neas PCI Express 16<br \/>\t\t\t<strong>Especificaciones del paquete<br \/>\t\t\t&#8211;<\/strong> Z&oacute;calos compatibles: FCLGA1200<br \/>\t\t\t&#8211; M&aacute;xima configuraci&oacute;n de CPU1<br \/>\t\t\t&#8211; Especificaci&oacute;n de soluci&oacute;n t&eacute;rmica: PCG 2015C<br \/>\t\t\t&#8211; Tama&ntilde;o de paquete: 37.5mm x 37.5mm<br \/>\t\t\t<strong>Tecnolog&iacute;as avanzadas<\/strong><br \/>\t\t\t&#8211; Compatible con la memoria Intel&reg; Optane&trade;&nbsp;<br \/>\t\t\t&#8211; Tecnolog&iacute;a Intel&reg; Hyper-Threading&nbsp;<br \/>\t\t\t&#8211; Tecnolog&iacute;a de virtualizaci&oacute;n Intel&reg; (VT-x)&nbsp;<br \/>\t\t\t&#8211; Tecnolog&iacute;a de virtualizaci&oacute;n Intel&reg; para E\/S dirigida (VT-d)&nbsp;<br \/>\t\t\t&#8211; Intel&reg; VT-x con tablas de p&aacute;ginas extendidas (EPT)&nbsp;<br \/>\t\t\t&#8211; Intel&reg; 64&nbsp;<br \/>\t\t\t&#8211; Conjunto de instrucciones 64-bit<br \/>\t\t\t&#8211; Extensiones de conjunto de instrucciones Intel&reg; SSE4.1, Intel&reg; SSE4.2<br \/>\t\t\t&#8211; Estados de inactividad&nbsp;<br \/>\t\t\t&#8211; Tecnolog&iacute;a Intel SpeedStep&reg; mejorada&nbsp;<br \/>\t\t\t&#8211; Tecnolog&iacute;as de monitoreo t&eacute;rmico&nbsp;<br \/>\t\t\t&#8211; Tecnolog&iacute;a de protecci&oacute;n de la identidad Intel&reg;&nbsp;<\/td>\n<\/tr>\n<tr>\n<td><strong>Fecha de revisi&oacute;n<\/strong><\/td>\n<td>28-06-2021 por YMC<\/td>\n<\/tr>\n<\/table>\n","protected":false},"excerpt":{"rendered":"<p>Intel Pentium Gold G6405 4.10Ghz 4MB LGA 1200 BOX&nbsp; Marca Intel Modelo BX80701G6405 Caracter&iacute;sticas CPU &#8211; Cantidad de n&uacute;cleos: 2 &#8211; Cantidad de subprocesos: 4 &#8211; Frecuencia b&aacute;sica del procesador: 4.10 GHz &#8211; Cach&eacute;: 4 MB Intel&reg; Smart Cache &#8211; Velocidad del bus: 8 GT\/s &#8211; TDP 58 W Memoria &#8211; Tama&ntilde;o de memoria m&aacute;ximo&hellip;&nbsp;<a href=\"https:\/\/aivlisoft.net\/shop\/producto\/intel-pentium-gold-g6405-4-10ghz-4mb-lga-1200-box\/\" rel=\"bookmark\"><span class=\"screen-reader-text\">Intel Pentium Gold G6405 4.10Ghz 4MB LGA 1200 BOX<\/span><\/a><\/p>\n","protected":false},"featured_media":14043,"template":"","meta":{"neve_meta_sidebar":"","neve_meta_container":"","neve_meta_enable_content_width":"","neve_meta_content_width":0,"neve_meta_title_alignment":"","neve_meta_author_avatar":"","neve_post_elements_order":"","neve_meta_disable_header":"","neve_meta_disable_footer":"","neve_meta_disable_title":""},"product_brand":[],"product_cat":[8740],"product_tag":[5424],"class_list":{"0":"post-14042","1":"product","2":"type-product","3":"status-publish","4":"has-post-thumbnail","6":"product_cat-micros-intel-socket-1200","7":"product_tag-bx80701g6405","9":"first","10":"instock","11":"taxable","12":"shipping-taxable","13":"purchasable","14":"product-type-simple"},"yoast_head":"<!-- This site is optimized with the Yoast SEO plugin v26.0 - https:\/\/yoast.com\/wordpress\/plugins\/seo\/ -->\n<title>Intel Pentium Gold G6405 4.10Ghz 4MB LGA 1200 BOX - Aivlisoft Inform\u00e1tica<\/title>\n<meta name=\"robots\" content=\"index, follow, max-snippet:-1, max-image-preview:large, max-video-preview:-1\" \/>\n<link rel=\"canonical\" href=\"https:\/\/aivlisoft.net\/shop\/producto\/intel-pentium-gold-g6405-4-10ghz-4mb-lga-1200-box\/\" \/>\n<meta property=\"og:locale\" content=\"es_ES\" \/>\n<meta property=\"og:type\" content=\"article\" \/>\n<meta property=\"og:title\" content=\"Intel Pentium Gold G6405 4.10Ghz 4MB LGA 1200 BOX - Aivlisoft Inform\u00e1tica\" \/>\n<meta property=\"og:description\" content=\"Intel Pentium Gold G6405 4.10Ghz 4MB LGA 1200 BOX&nbsp; Marca Intel Modelo BX80701G6405 Caracter&iacute;sticas CPU &#8211; Cantidad de n&uacute;cleos: 2 &#8211; Cantidad de subprocesos: 4 &#8211; Frecuencia b&aacute;sica del procesador: 4.10 GHz &#8211; Cach&eacute;: 4 MB Intel&reg; Smart Cache &#8211; Velocidad del bus: 8 GT\/s &#8211; TDP 58 W Memoria &#8211; Tama&ntilde;o de memoria m&aacute;ximo&hellip;&nbsp;Intel Pentium Gold G6405 4.10Ghz 4MB LGA 1200 BOX\" \/>\n<meta property=\"og:url\" content=\"https:\/\/aivlisoft.net\/shop\/producto\/intel-pentium-gold-g6405-4-10ghz-4mb-lga-1200-box\/\" \/>\n<meta property=\"og:site_name\" content=\"Aivlisoft Inform\u00e1tica\" \/>\n<meta property=\"article:modified_time\" content=\"2025-01-14T11:14:17+00:00\" \/>\n<meta property=\"og:image\" content=\"https:\/\/aivlisoft.net\/shop\/wp-content\/uploads\/2025\/01\/IMIMI90036_800.jpg\" \/>\n\t<meta property=\"og:image:width\" content=\"800\" \/>\n\t<meta property=\"og:image:height\" content=\"800\" \/>\n\t<meta property=\"og:image:type\" content=\"image\/jpeg\" \/>\n<meta name=\"twitter:card\" content=\"summary_large_image\" \/>\n<meta name=\"twitter:label1\" content=\"Tiempo de lectura\" \/>\n\t<meta name=\"twitter:data1\" content=\"2 minutos\" \/>\n<script type=\"application\/ld+json\" class=\"yoast-schema-graph\">{\"@context\":\"https:\/\/schema.org\",\"@graph\":[{\"@type\":\"WebPage\",\"@id\":\"https:\/\/aivlisoft.net\/shop\/producto\/intel-pentium-gold-g6405-4-10ghz-4mb-lga-1200-box\/\",\"url\":\"https:\/\/aivlisoft.net\/shop\/producto\/intel-pentium-gold-g6405-4-10ghz-4mb-lga-1200-box\/\",\"name\":\"Intel Pentium Gold G6405 4.10Ghz 4MB LGA 1200 BOX - Aivlisoft Inform\u00e1tica\",\"isPartOf\":{\"@id\":\"https:\/\/aivlisoft.net\/shop\/#website\"},\"primaryImageOfPage\":{\"@id\":\"https:\/\/aivlisoft.net\/shop\/producto\/intel-pentium-gold-g6405-4-10ghz-4mb-lga-1200-box\/#primaryimage\"},\"image\":{\"@id\":\"https:\/\/aivlisoft.net\/shop\/producto\/intel-pentium-gold-g6405-4-10ghz-4mb-lga-1200-box\/#primaryimage\"},\"thumbnailUrl\":\"https:\/\/aivlisoft.net\/shop\/wp-content\/uploads\/2025\/01\/IMIMI90036_800.jpg\",\"datePublished\":\"2025-01-13T14:39:13+00:00\",\"dateModified\":\"2025-01-14T11:14:17+00:00\",\"breadcrumb\":{\"@id\":\"https:\/\/aivlisoft.net\/shop\/producto\/intel-pentium-gold-g6405-4-10ghz-4mb-lga-1200-box\/#breadcrumb\"},\"inLanguage\":\"es\",\"potentialAction\":[{\"@type\":\"ReadAction\",\"target\":[\"https:\/\/aivlisoft.net\/shop\/producto\/intel-pentium-gold-g6405-4-10ghz-4mb-lga-1200-box\/\"]}]},{\"@type\":\"ImageObject\",\"inLanguage\":\"es\",\"@id\":\"https:\/\/aivlisoft.net\/shop\/producto\/intel-pentium-gold-g6405-4-10ghz-4mb-lga-1200-box\/#primaryimage\",\"url\":\"https:\/\/aivlisoft.net\/shop\/wp-content\/uploads\/2025\/01\/IMIMI90036_800.jpg\",\"contentUrl\":\"https:\/\/aivlisoft.net\/shop\/wp-content\/uploads\/2025\/01\/IMIMI90036_800.jpg\",\"width\":800,\"height\":800},{\"@type\":\"BreadcrumbList\",\"@id\":\"https:\/\/aivlisoft.net\/shop\/producto\/intel-pentium-gold-g6405-4-10ghz-4mb-lga-1200-box\/#breadcrumb\",\"itemListElement\":[{\"@type\":\"ListItem\",\"position\":1,\"name\":\"Portada\",\"item\":\"https:\/\/aivlisoft.net\/shop\/\"},{\"@type\":\"ListItem\",\"position\":2,\"name\":\"Tienda\",\"item\":\"https:\/\/aivlisoft.net\/shop\/tienda\/\"},{\"@type\":\"ListItem\",\"position\":3,\"name\":\"Intel Pentium Gold G6405 4.10Ghz 4MB LGA 1200 BOX\"}]},{\"@type\":\"WebSite\",\"@id\":\"https:\/\/aivlisoft.net\/shop\/#website\",\"url\":\"https:\/\/aivlisoft.net\/shop\/\",\"name\":\"Aivlisoft Inform\u00e1tica\",\"description\":\"En Aivlisoft Inform\u00e1tica ofrecemos soluciones tecnol\u00f3gicas para empresas: venta de ordenadores, consumibles, perif\u00e9ricos y m\u00e1s. Calidad, atenci\u00f3n personalizada y los mejores precios para tu negocio.\",\"publisher\":{\"@id\":\"https:\/\/aivlisoft.net\/shop\/#organization\"},\"potentialAction\":[{\"@type\":\"SearchAction\",\"target\":{\"@type\":\"EntryPoint\",\"urlTemplate\":\"https:\/\/aivlisoft.net\/shop\/?s={search_term_string}\"},\"query-input\":{\"@type\":\"PropertyValueSpecification\",\"valueRequired\":true,\"valueName\":\"search_term_string\"}}],\"inLanguage\":\"es\"},{\"@type\":\"Organization\",\"@id\":\"https:\/\/aivlisoft.net\/shop\/#organization\",\"name\":\"Aivlisoft Inform\u00e1tica\",\"url\":\"https:\/\/aivlisoft.net\/shop\/\",\"logo\":{\"@type\":\"ImageObject\",\"inLanguage\":\"es\",\"@id\":\"https:\/\/aivlisoft.net\/shop\/#\/schema\/logo\/image\/\",\"url\":\"https:\/\/aivlisoft.net\/shop\/wp-content\/uploads\/2024\/12\/removal.ai_5b848c54-0cdf-4140-95c5-c5536bb7573b-logodef.png\",\"contentUrl\":\"https:\/\/aivlisoft.net\/shop\/wp-content\/uploads\/2024\/12\/removal.ai_5b848c54-0cdf-4140-95c5-c5536bb7573b-logodef.png\",\"width\":484,\"height\":182,\"caption\":\"Aivlisoft Inform\u00e1tica\"},\"image\":{\"@id\":\"https:\/\/aivlisoft.net\/shop\/#\/schema\/logo\/image\/\"}}]}<\/script>\n<!-- \/ Yoast SEO plugin. -->","yoast_head_json":{"title":"Intel Pentium Gold G6405 4.10Ghz 4MB LGA 1200 BOX - Aivlisoft Inform\u00e1tica","robots":{"index":"index","follow":"follow","max-snippet":"max-snippet:-1","max-image-preview":"max-image-preview:large","max-video-preview":"max-video-preview:-1"},"canonical":"https:\/\/aivlisoft.net\/shop\/producto\/intel-pentium-gold-g6405-4-10ghz-4mb-lga-1200-box\/","og_locale":"es_ES","og_type":"article","og_title":"Intel Pentium Gold G6405 4.10Ghz 4MB LGA 1200 BOX - Aivlisoft Inform\u00e1tica","og_description":"Intel Pentium Gold G6405 4.10Ghz 4MB LGA 1200 BOX&nbsp; Marca Intel Modelo BX80701G6405 Caracter&iacute;sticas CPU &#8211; Cantidad de n&uacute;cleos: 2 &#8211; Cantidad de subprocesos: 4 &#8211; Frecuencia b&aacute;sica del procesador: 4.10 GHz &#8211; Cach&eacute;: 4 MB Intel&reg; Smart Cache &#8211; Velocidad del bus: 8 GT\/s &#8211; TDP 58 W Memoria &#8211; Tama&ntilde;o de memoria m&aacute;ximo&hellip;&nbsp;Intel Pentium Gold G6405 4.10Ghz 4MB LGA 1200 BOX","og_url":"https:\/\/aivlisoft.net\/shop\/producto\/intel-pentium-gold-g6405-4-10ghz-4mb-lga-1200-box\/","og_site_name":"Aivlisoft Inform\u00e1tica","article_modified_time":"2025-01-14T11:14:17+00:00","og_image":[{"width":800,"height":800,"url":"https:\/\/aivlisoft.net\/shop\/wp-content\/uploads\/2025\/01\/IMIMI90036_800.jpg","type":"image\/jpeg"}],"twitter_card":"summary_large_image","twitter_misc":{"Tiempo de lectura":"2 minutos"},"schema":{"@context":"https:\/\/schema.org","@graph":[{"@type":"WebPage","@id":"https:\/\/aivlisoft.net\/shop\/producto\/intel-pentium-gold-g6405-4-10ghz-4mb-lga-1200-box\/","url":"https:\/\/aivlisoft.net\/shop\/producto\/intel-pentium-gold-g6405-4-10ghz-4mb-lga-1200-box\/","name":"Intel Pentium Gold G6405 4.10Ghz 4MB LGA 1200 BOX - Aivlisoft Inform\u00e1tica","isPartOf":{"@id":"https:\/\/aivlisoft.net\/shop\/#website"},"primaryImageOfPage":{"@id":"https:\/\/aivlisoft.net\/shop\/producto\/intel-pentium-gold-g6405-4-10ghz-4mb-lga-1200-box\/#primaryimage"},"image":{"@id":"https:\/\/aivlisoft.net\/shop\/producto\/intel-pentium-gold-g6405-4-10ghz-4mb-lga-1200-box\/#primaryimage"},"thumbnailUrl":"https:\/\/aivlisoft.net\/shop\/wp-content\/uploads\/2025\/01\/IMIMI90036_800.jpg","datePublished":"2025-01-13T14:39:13+00:00","dateModified":"2025-01-14T11:14:17+00:00","breadcrumb":{"@id":"https:\/\/aivlisoft.net\/shop\/producto\/intel-pentium-gold-g6405-4-10ghz-4mb-lga-1200-box\/#breadcrumb"},"inLanguage":"es","potentialAction":[{"@type":"ReadAction","target":["https:\/\/aivlisoft.net\/shop\/producto\/intel-pentium-gold-g6405-4-10ghz-4mb-lga-1200-box\/"]}]},{"@type":"ImageObject","inLanguage":"es","@id":"https:\/\/aivlisoft.net\/shop\/producto\/intel-pentium-gold-g6405-4-10ghz-4mb-lga-1200-box\/#primaryimage","url":"https:\/\/aivlisoft.net\/shop\/wp-content\/uploads\/2025\/01\/IMIMI90036_800.jpg","contentUrl":"https:\/\/aivlisoft.net\/shop\/wp-content\/uploads\/2025\/01\/IMIMI90036_800.jpg","width":800,"height":800},{"@type":"BreadcrumbList","@id":"https:\/\/aivlisoft.net\/shop\/producto\/intel-pentium-gold-g6405-4-10ghz-4mb-lga-1200-box\/#breadcrumb","itemListElement":[{"@type":"ListItem","position":1,"name":"Portada","item":"https:\/\/aivlisoft.net\/shop\/"},{"@type":"ListItem","position":2,"name":"Tienda","item":"https:\/\/aivlisoft.net\/shop\/tienda\/"},{"@type":"ListItem","position":3,"name":"Intel Pentium Gold G6405 4.10Ghz 4MB LGA 1200 BOX"}]},{"@type":"WebSite","@id":"https:\/\/aivlisoft.net\/shop\/#website","url":"https:\/\/aivlisoft.net\/shop\/","name":"Aivlisoft Inform\u00e1tica","description":"En Aivlisoft Inform\u00e1tica ofrecemos soluciones tecnol\u00f3gicas para empresas: venta de ordenadores, consumibles, perif\u00e9ricos y m\u00e1s. Calidad, atenci\u00f3n personalizada y los mejores precios para tu negocio.","publisher":{"@id":"https:\/\/aivlisoft.net\/shop\/#organization"},"potentialAction":[{"@type":"SearchAction","target":{"@type":"EntryPoint","urlTemplate":"https:\/\/aivlisoft.net\/shop\/?s={search_term_string}"},"query-input":{"@type":"PropertyValueSpecification","valueRequired":true,"valueName":"search_term_string"}}],"inLanguage":"es"},{"@type":"Organization","@id":"https:\/\/aivlisoft.net\/shop\/#organization","name":"Aivlisoft Inform\u00e1tica","url":"https:\/\/aivlisoft.net\/shop\/","logo":{"@type":"ImageObject","inLanguage":"es","@id":"https:\/\/aivlisoft.net\/shop\/#\/schema\/logo\/image\/","url":"https:\/\/aivlisoft.net\/shop\/wp-content\/uploads\/2024\/12\/removal.ai_5b848c54-0cdf-4140-95c5-c5536bb7573b-logodef.png","contentUrl":"https:\/\/aivlisoft.net\/shop\/wp-content\/uploads\/2024\/12\/removal.ai_5b848c54-0cdf-4140-95c5-c5536bb7573b-logodef.png","width":484,"height":182,"caption":"Aivlisoft Inform\u00e1tica"},"image":{"@id":"https:\/\/aivlisoft.net\/shop\/#\/schema\/logo\/image\/"}}]}},"_links":{"self":[{"href":"https:\/\/aivlisoft.net\/shop\/wp-json\/wp\/v2\/product\/14042","targetHints":{"allow":["GET"]}}],"collection":[{"href":"https:\/\/aivlisoft.net\/shop\/wp-json\/wp\/v2\/product"}],"about":[{"href":"https:\/\/aivlisoft.net\/shop\/wp-json\/wp\/v2\/types\/product"}],"wp:featuredmedia":[{"embeddable":true,"href":"https:\/\/aivlisoft.net\/shop\/wp-json\/wp\/v2\/media\/14043"}],"wp:attachment":[{"href":"https:\/\/aivlisoft.net\/shop\/wp-json\/wp\/v2\/media?parent=14042"}],"wp:term":[{"taxonomy":"product_brand","embeddable":true,"href":"https:\/\/aivlisoft.net\/shop\/wp-json\/wp\/v2\/product_brand?post=14042"},{"taxonomy":"product_cat","embeddable":true,"href":"https:\/\/aivlisoft.net\/shop\/wp-json\/wp\/v2\/product_cat?post=14042"},{"taxonomy":"product_tag","embeddable":true,"href":"https:\/\/aivlisoft.net\/shop\/wp-json\/wp\/v2\/product_tag?post=14042"}],"curies":[{"name":"wp","href":"https:\/\/api.w.org\/{rel}","templated":true}]}}