{"id":14036,"date":"2025-01-13T14:39:10","date_gmt":"2025-01-13T14:39:10","guid":{"rendered":"https:\/\/aivlisoft.com\/?post_type=product&#038;p=14036"},"modified":"2025-01-14T11:14:15","modified_gmt":"2025-01-14T11:14:15","slug":"intel-celeron-g5905-3-5ghz-4mb-lga1200-box","status":"publish","type":"product","link":"https:\/\/aivlisoft.net\/shop\/producto\/intel-celeron-g5905-3-5ghz-4mb-lga1200-box\/","title":{"rendered":"Intel Celeron G5905 3.5Ghz 4MB LGA1200 BOX"},"content":{"rendered":"<p>&nbsp;<\/p>\n<table class=\"tabla_caracteristicas k-table\" width=\"100%\">\n<tr>\n<td valign=\"top\"><strong>Marca<\/strong><\/td>\n<td>Intel&reg;<\/td>\n<\/tr>\n<tr>\n<td valign=\"top\"><strong>Modelo<\/strong><\/td>\n<td>\n<div><strong>BX80701G5905<\/strong><\/div>\n<\/td>\n<\/tr>\n<tr>\n<td valign=\"top\"><strong>Z&oacute;calo <\/strong><\/td>\n<td>&#8211; <strong>FCLGA1200<\/strong><\/td>\n<\/tr>\n<tr>\n<td valign=\"top\"><strong>Velocidad de reloj<\/strong><\/td>\n<td>\n<div>&#8211; Velocidad de reloj base: 3.5 GHz<\/div>\n<\/td>\n<\/tr>\n<tr>\n<td valign=\"top\"><strong>Cach&eacute; nivel 3 (L3) <\/strong><\/td>\n<td>&#8211; Intel&reg; Smart Cache: 4MB<\/td>\n<\/tr>\n<tr>\n<td valign=\"top\"><strong>TDP M&aacute;x.<\/strong><\/td>\n<td>&#8211; 58W<\/td>\n<\/tr>\n<tr>\n<td valign=\"top\">\n<div><strong>Otras <\/strong><\/div>\n<div><strong>Caracter&iacute;sticas<\/strong><\/div>\n<\/td>\n<td>\n<div>&#8211; N&uacute;cleos: 2<br \/>\t\t\t&#8211; N&ordm; de subprocesos: 2<br \/>\t\t\t&#8211; Conjunto de instrucciones: 64-bit<br \/>\t\t\t&#8211; Extensiones del conjunto de instrucciones:<\/div>\n<div>&nbsp; Intel SSE 4.1, Intel SSE 4.2<br \/>\t\t\t&#8211; Litograf&iacute;a: 14 nm<\/div>\n<\/td>\n<\/tr>\n<tr>\n<td valign=\"top\"><strong>Memoria<\/strong><\/td>\n<td>\n<div>&#8211; Tama&ntilde;o de memoria m&aacute;x.<\/div>\n<div>&nbsp; (depende del tipo de memoria): 128 GB<br \/>\t\t\t&#8211; Tipos de memoria: DDR4-2666<\/div>\n<\/td>\n<\/tr>\n<tr>\n<td valign=\"top\"><strong>Gr&aacute;ficos<\/strong><\/td>\n<td>\n<div>&#8211; Gr&aacute;ficos de procesador: Intel&reg; HD Graphics 610<\/div>\n<div>&#8211; Frecuencia base gr&aacute;ficos: 350 MHz<br \/>\t\t\t&#8211; Frecuencia din&aacute;mica m&aacute;xima de los gr&aacute;ficos: 1.05 GHz<br \/>\t\t\t&#8211; Memoria m&aacute;xima de v&iacute;deo de los gr&aacute;ficos: 64 GB<\/div>\n<\/td>\n<\/tr>\n<tr>\n<td valign=\"top\"><strong>Expansi&oacute;n<\/strong><\/td>\n<td>&#8211; Revisi&oacute;n de PCI Express: 3.0<br \/>\t\t\t&#8211; Configuraciones de PCI Express: 1&#215;16, 2&#215;8, 1&#215;8 &amp; 2&#215;4<\/td>\n<\/tr>\n<tr>\n<td valign=\"top\"><strong>Paquete<\/strong><\/td>\n<td>&#8211; Configuraci&oacute;n m&aacute;xima de CPU: 1<br \/>\t\t\t&#8211; Tama&ntilde;o del paquete: 37.5mm x 37.5mm<br \/>\t\t\t&#8211; Z&oacute;calos admitidos: FCLGA1200<\/td>\n<\/tr>\n<tr>\n<td valign=\"top\">\n<div><strong>Tecnolog&iacute;as<\/strong><\/div>\n<div><strong>soportadas<\/strong><\/div>\n<\/td>\n<td>&#8211; Compatible con la memoria Intel&reg; Optane&trade;<br \/>\t\t\t&#8211; Tecnolog&iacute;a de virtualizaci&oacute;n Intel&reg; (VT-x)<br \/>\t\t\t&#8211; Tecnolog&iacute;a de virtualizaci&oacute;n Intel&reg; para E\/S dirigida (VT-d)<br \/>\t\t\t&#8211; Intel&reg; VT-x con tablas de p&aacute;ginas extendidas (EPT)<br \/>\t\t\t&#8211; Intel&reg; 64<br \/>\t\t\t&#8211; Extensiones de conjunto de instrucciones Intel&reg; SSE4.1, Intel&reg; SSE4.2<br \/>\t\t\t&#8211; Estados de inactividad<br \/>\t\t\t&#8211; Tecnolog&iacute;a Intel SpeedStep&reg; mejorada<br \/>\t\t\t&#8211; Tecnolog&iacute;as de monitoreo t&eacute;rmico<br \/>\t\t\t&#8211; Tecnolog&iacute;a de protecci&oacute;n de la identidad Intel&reg;<br \/>\t\t\t<strong>Tecnolog&iacute;a Intel&reg; para protecci&oacute;n de datos<\/strong><br \/>\t\t\t&#8211; Nuevas instrucciones de AES Intel&reg;<br \/>\t\t\t&#8211; Secure Key<br \/>\t\t\t&#8211; Intel&reg; Software Guard Extensions (Intel&reg; SGX) Yes with Intel&reg; ME<br \/>\t\t\t&#8211; Intel&reg; OS Guard<br \/>\t\t\t&#8211; Bit de desactivaci&oacute;n de ejecuci&oacute;n<br \/>\t\t\t&#8211; Intel&reg; Boot Guard<\/td>\n<\/tr>\n<tr>\n<td valign=\"top\"><strong>Refrigeraci&oacute;n<\/strong><\/td>\n<td>&#8211; Ventilador Incluido<\/td>\n<\/tr>\n<tr>\n<td valign=\"top\"><strong>Fecha Revisi&oacute;n<\/strong><\/td>\n<td>26-03-2021 por MPM<\/td>\n<\/tr>\n<\/table>\n","protected":false},"excerpt":{"rendered":"<p>&nbsp; Marca Intel&reg; Modelo BX80701G5905 Z&oacute;calo &#8211; FCLGA1200 Velocidad de reloj &#8211; Velocidad de reloj base: 3.5 GHz Cach&eacute; nivel 3 (L3) &#8211; Intel&reg; Smart Cache: 4MB TDP M&aacute;x. &#8211; 58W Otras Caracter&iacute;sticas &#8211; N&uacute;cleos: 2 &#8211; N&ordm; de subprocesos: 2 &#8211; Conjunto de instrucciones: 64-bit &#8211; Extensiones del conjunto de instrucciones: &nbsp; Intel SSE&hellip;&nbsp;<a href=\"https:\/\/aivlisoft.net\/shop\/producto\/intel-celeron-g5905-3-5ghz-4mb-lga1200-box\/\" rel=\"bookmark\"><span class=\"screen-reader-text\">Intel Celeron G5905 3.5Ghz 4MB LGA1200 BOX<\/span><\/a><\/p>\n","protected":false},"featured_media":14037,"template":"","meta":{"neve_meta_sidebar":"","neve_meta_container":"","neve_meta_enable_content_width":"","neve_meta_content_width":0,"neve_meta_title_alignment":"","neve_meta_author_avatar":"","neve_post_elements_order":"","neve_meta_disable_header":"","neve_meta_disable_footer":"","neve_meta_disable_title":""},"product_brand":[],"product_cat":[8740],"product_tag":[5421],"class_list":{"0":"post-14036","1":"product","2":"type-product","3":"status-publish","4":"has-post-thumbnail","6":"product_cat-micros-intel-socket-1200","7":"product_tag-bx80701g5905","9":"first","10":"instock","11":"taxable","12":"shipping-taxable","13":"purchasable","14":"product-type-simple"},"yoast_head":"<!-- This site is optimized with the Yoast SEO plugin v26.0 - https:\/\/yoast.com\/wordpress\/plugins\/seo\/ -->\n<title>Intel Celeron G5905 3.5Ghz 4MB LGA1200 BOX - Aivlisoft Inform\u00e1tica<\/title>\n<meta name=\"robots\" content=\"index, follow, max-snippet:-1, max-image-preview:large, max-video-preview:-1\" \/>\n<link rel=\"canonical\" href=\"https:\/\/aivlisoft.net\/shop\/producto\/intel-celeron-g5905-3-5ghz-4mb-lga1200-box\/\" \/>\n<meta property=\"og:locale\" content=\"es_ES\" \/>\n<meta property=\"og:type\" content=\"article\" \/>\n<meta property=\"og:title\" content=\"Intel Celeron G5905 3.5Ghz 4MB LGA1200 BOX - Aivlisoft Inform\u00e1tica\" \/>\n<meta property=\"og:description\" content=\"&nbsp; Marca Intel&reg; Modelo BX80701G5905 Z&oacute;calo &#8211; FCLGA1200 Velocidad de reloj &#8211; Velocidad de reloj base: 3.5 GHz Cach&eacute; nivel 3 (L3) &#8211; Intel&reg; Smart Cache: 4MB TDP M&aacute;x. &#8211; 58W Otras Caracter&iacute;sticas &#8211; N&uacute;cleos: 2 &#8211; N&ordm; de subprocesos: 2 &#8211; Conjunto de instrucciones: 64-bit &#8211; Extensiones del conjunto de instrucciones: &nbsp; Intel SSE&hellip;&nbsp;Intel Celeron G5905 3.5Ghz 4MB LGA1200 BOX\" \/>\n<meta property=\"og:url\" content=\"https:\/\/aivlisoft.net\/shop\/producto\/intel-celeron-g5905-3-5ghz-4mb-lga1200-box\/\" \/>\n<meta property=\"og:site_name\" content=\"Aivlisoft Inform\u00e1tica\" \/>\n<meta property=\"article:modified_time\" content=\"2025-01-14T11:14:15+00:00\" \/>\n<meta property=\"og:image\" content=\"https:\/\/aivlisoft.net\/shop\/wp-content\/uploads\/2025\/01\/IMIMI90021_800.jpg\" \/>\n\t<meta property=\"og:image:width\" content=\"800\" \/>\n\t<meta property=\"og:image:height\" content=\"800\" \/>\n\t<meta property=\"og:image:type\" content=\"image\/jpeg\" \/>\n<meta name=\"twitter:card\" content=\"summary_large_image\" \/>\n<meta name=\"twitter:label1\" content=\"Tiempo de lectura\" \/>\n\t<meta name=\"twitter:data1\" content=\"2 minutos\" \/>\n<script type=\"application\/ld+json\" class=\"yoast-schema-graph\">{\"@context\":\"https:\/\/schema.org\",\"@graph\":[{\"@type\":\"WebPage\",\"@id\":\"https:\/\/aivlisoft.net\/shop\/producto\/intel-celeron-g5905-3-5ghz-4mb-lga1200-box\/\",\"url\":\"https:\/\/aivlisoft.net\/shop\/producto\/intel-celeron-g5905-3-5ghz-4mb-lga1200-box\/\",\"name\":\"Intel Celeron G5905 3.5Ghz 4MB LGA1200 BOX - Aivlisoft Inform\u00e1tica\",\"isPartOf\":{\"@id\":\"https:\/\/aivlisoft.net\/shop\/#website\"},\"primaryImageOfPage\":{\"@id\":\"https:\/\/aivlisoft.net\/shop\/producto\/intel-celeron-g5905-3-5ghz-4mb-lga1200-box\/#primaryimage\"},\"image\":{\"@id\":\"https:\/\/aivlisoft.net\/shop\/producto\/intel-celeron-g5905-3-5ghz-4mb-lga1200-box\/#primaryimage\"},\"thumbnailUrl\":\"https:\/\/aivlisoft.net\/shop\/wp-content\/uploads\/2025\/01\/IMIMI90021_800.jpg\",\"datePublished\":\"2025-01-13T14:39:10+00:00\",\"dateModified\":\"2025-01-14T11:14:15+00:00\",\"breadcrumb\":{\"@id\":\"https:\/\/aivlisoft.net\/shop\/producto\/intel-celeron-g5905-3-5ghz-4mb-lga1200-box\/#breadcrumb\"},\"inLanguage\":\"es\",\"potentialAction\":[{\"@type\":\"ReadAction\",\"target\":[\"https:\/\/aivlisoft.net\/shop\/producto\/intel-celeron-g5905-3-5ghz-4mb-lga1200-box\/\"]}]},{\"@type\":\"ImageObject\",\"inLanguage\":\"es\",\"@id\":\"https:\/\/aivlisoft.net\/shop\/producto\/intel-celeron-g5905-3-5ghz-4mb-lga1200-box\/#primaryimage\",\"url\":\"https:\/\/aivlisoft.net\/shop\/wp-content\/uploads\/2025\/01\/IMIMI90021_800.jpg\",\"contentUrl\":\"https:\/\/aivlisoft.net\/shop\/wp-content\/uploads\/2025\/01\/IMIMI90021_800.jpg\",\"width\":800,\"height\":800},{\"@type\":\"BreadcrumbList\",\"@id\":\"https:\/\/aivlisoft.net\/shop\/producto\/intel-celeron-g5905-3-5ghz-4mb-lga1200-box\/#breadcrumb\",\"itemListElement\":[{\"@type\":\"ListItem\",\"position\":1,\"name\":\"Portada\",\"item\":\"https:\/\/aivlisoft.net\/shop\/\"},{\"@type\":\"ListItem\",\"position\":2,\"name\":\"Tienda\",\"item\":\"https:\/\/aivlisoft.net\/shop\/tienda\/\"},{\"@type\":\"ListItem\",\"position\":3,\"name\":\"Intel Celeron G5905 3.5Ghz 4MB LGA1200 BOX\"}]},{\"@type\":\"WebSite\",\"@id\":\"https:\/\/aivlisoft.net\/shop\/#website\",\"url\":\"https:\/\/aivlisoft.net\/shop\/\",\"name\":\"Aivlisoft Inform\u00e1tica\",\"description\":\"En Aivlisoft Inform\u00e1tica ofrecemos soluciones tecnol\u00f3gicas para empresas: venta de ordenadores, consumibles, perif\u00e9ricos y m\u00e1s. Calidad, atenci\u00f3n personalizada y los mejores precios para tu negocio.\",\"publisher\":{\"@id\":\"https:\/\/aivlisoft.net\/shop\/#organization\"},\"potentialAction\":[{\"@type\":\"SearchAction\",\"target\":{\"@type\":\"EntryPoint\",\"urlTemplate\":\"https:\/\/aivlisoft.net\/shop\/?s={search_term_string}\"},\"query-input\":{\"@type\":\"PropertyValueSpecification\",\"valueRequired\":true,\"valueName\":\"search_term_string\"}}],\"inLanguage\":\"es\"},{\"@type\":\"Organization\",\"@id\":\"https:\/\/aivlisoft.net\/shop\/#organization\",\"name\":\"Aivlisoft Inform\u00e1tica\",\"url\":\"https:\/\/aivlisoft.net\/shop\/\",\"logo\":{\"@type\":\"ImageObject\",\"inLanguage\":\"es\",\"@id\":\"https:\/\/aivlisoft.net\/shop\/#\/schema\/logo\/image\/\",\"url\":\"https:\/\/aivlisoft.net\/shop\/wp-content\/uploads\/2024\/12\/removal.ai_5b848c54-0cdf-4140-95c5-c5536bb7573b-logodef.png\",\"contentUrl\":\"https:\/\/aivlisoft.net\/shop\/wp-content\/uploads\/2024\/12\/removal.ai_5b848c54-0cdf-4140-95c5-c5536bb7573b-logodef.png\",\"width\":484,\"height\":182,\"caption\":\"Aivlisoft Inform\u00e1tica\"},\"image\":{\"@id\":\"https:\/\/aivlisoft.net\/shop\/#\/schema\/logo\/image\/\"}}]}<\/script>\n<!-- \/ Yoast SEO plugin. -->","yoast_head_json":{"title":"Intel Celeron G5905 3.5Ghz 4MB LGA1200 BOX - Aivlisoft Inform\u00e1tica","robots":{"index":"index","follow":"follow","max-snippet":"max-snippet:-1","max-image-preview":"max-image-preview:large","max-video-preview":"max-video-preview:-1"},"canonical":"https:\/\/aivlisoft.net\/shop\/producto\/intel-celeron-g5905-3-5ghz-4mb-lga1200-box\/","og_locale":"es_ES","og_type":"article","og_title":"Intel Celeron G5905 3.5Ghz 4MB LGA1200 BOX - Aivlisoft Inform\u00e1tica","og_description":"&nbsp; Marca Intel&reg; Modelo BX80701G5905 Z&oacute;calo &#8211; FCLGA1200 Velocidad de reloj &#8211; Velocidad de reloj base: 3.5 GHz Cach&eacute; nivel 3 (L3) &#8211; Intel&reg; Smart Cache: 4MB TDP M&aacute;x. &#8211; 58W Otras Caracter&iacute;sticas &#8211; N&uacute;cleos: 2 &#8211; N&ordm; de subprocesos: 2 &#8211; Conjunto de instrucciones: 64-bit &#8211; Extensiones del conjunto de instrucciones: &nbsp; Intel SSE&hellip;&nbsp;Intel Celeron G5905 3.5Ghz 4MB LGA1200 BOX","og_url":"https:\/\/aivlisoft.net\/shop\/producto\/intel-celeron-g5905-3-5ghz-4mb-lga1200-box\/","og_site_name":"Aivlisoft Inform\u00e1tica","article_modified_time":"2025-01-14T11:14:15+00:00","og_image":[{"width":800,"height":800,"url":"https:\/\/aivlisoft.net\/shop\/wp-content\/uploads\/2025\/01\/IMIMI90021_800.jpg","type":"image\/jpeg"}],"twitter_card":"summary_large_image","twitter_misc":{"Tiempo de lectura":"2 minutos"},"schema":{"@context":"https:\/\/schema.org","@graph":[{"@type":"WebPage","@id":"https:\/\/aivlisoft.net\/shop\/producto\/intel-celeron-g5905-3-5ghz-4mb-lga1200-box\/","url":"https:\/\/aivlisoft.net\/shop\/producto\/intel-celeron-g5905-3-5ghz-4mb-lga1200-box\/","name":"Intel Celeron G5905 3.5Ghz 4MB LGA1200 BOX - Aivlisoft Inform\u00e1tica","isPartOf":{"@id":"https:\/\/aivlisoft.net\/shop\/#website"},"primaryImageOfPage":{"@id":"https:\/\/aivlisoft.net\/shop\/producto\/intel-celeron-g5905-3-5ghz-4mb-lga1200-box\/#primaryimage"},"image":{"@id":"https:\/\/aivlisoft.net\/shop\/producto\/intel-celeron-g5905-3-5ghz-4mb-lga1200-box\/#primaryimage"},"thumbnailUrl":"https:\/\/aivlisoft.net\/shop\/wp-content\/uploads\/2025\/01\/IMIMI90021_800.jpg","datePublished":"2025-01-13T14:39:10+00:00","dateModified":"2025-01-14T11:14:15+00:00","breadcrumb":{"@id":"https:\/\/aivlisoft.net\/shop\/producto\/intel-celeron-g5905-3-5ghz-4mb-lga1200-box\/#breadcrumb"},"inLanguage":"es","potentialAction":[{"@type":"ReadAction","target":["https:\/\/aivlisoft.net\/shop\/producto\/intel-celeron-g5905-3-5ghz-4mb-lga1200-box\/"]}]},{"@type":"ImageObject","inLanguage":"es","@id":"https:\/\/aivlisoft.net\/shop\/producto\/intel-celeron-g5905-3-5ghz-4mb-lga1200-box\/#primaryimage","url":"https:\/\/aivlisoft.net\/shop\/wp-content\/uploads\/2025\/01\/IMIMI90021_800.jpg","contentUrl":"https:\/\/aivlisoft.net\/shop\/wp-content\/uploads\/2025\/01\/IMIMI90021_800.jpg","width":800,"height":800},{"@type":"BreadcrumbList","@id":"https:\/\/aivlisoft.net\/shop\/producto\/intel-celeron-g5905-3-5ghz-4mb-lga1200-box\/#breadcrumb","itemListElement":[{"@type":"ListItem","position":1,"name":"Portada","item":"https:\/\/aivlisoft.net\/shop\/"},{"@type":"ListItem","position":2,"name":"Tienda","item":"https:\/\/aivlisoft.net\/shop\/tienda\/"},{"@type":"ListItem","position":3,"name":"Intel Celeron G5905 3.5Ghz 4MB LGA1200 BOX"}]},{"@type":"WebSite","@id":"https:\/\/aivlisoft.net\/shop\/#website","url":"https:\/\/aivlisoft.net\/shop\/","name":"Aivlisoft Inform\u00e1tica","description":"En Aivlisoft Inform\u00e1tica ofrecemos soluciones tecnol\u00f3gicas para empresas: venta de ordenadores, consumibles, perif\u00e9ricos y m\u00e1s. Calidad, atenci\u00f3n personalizada y los mejores precios para tu negocio.","publisher":{"@id":"https:\/\/aivlisoft.net\/shop\/#organization"},"potentialAction":[{"@type":"SearchAction","target":{"@type":"EntryPoint","urlTemplate":"https:\/\/aivlisoft.net\/shop\/?s={search_term_string}"},"query-input":{"@type":"PropertyValueSpecification","valueRequired":true,"valueName":"search_term_string"}}],"inLanguage":"es"},{"@type":"Organization","@id":"https:\/\/aivlisoft.net\/shop\/#organization","name":"Aivlisoft Inform\u00e1tica","url":"https:\/\/aivlisoft.net\/shop\/","logo":{"@type":"ImageObject","inLanguage":"es","@id":"https:\/\/aivlisoft.net\/shop\/#\/schema\/logo\/image\/","url":"https:\/\/aivlisoft.net\/shop\/wp-content\/uploads\/2024\/12\/removal.ai_5b848c54-0cdf-4140-95c5-c5536bb7573b-logodef.png","contentUrl":"https:\/\/aivlisoft.net\/shop\/wp-content\/uploads\/2024\/12\/removal.ai_5b848c54-0cdf-4140-95c5-c5536bb7573b-logodef.png","width":484,"height":182,"caption":"Aivlisoft Inform\u00e1tica"},"image":{"@id":"https:\/\/aivlisoft.net\/shop\/#\/schema\/logo\/image\/"}}]}},"_links":{"self":[{"href":"https:\/\/aivlisoft.net\/shop\/wp-json\/wp\/v2\/product\/14036","targetHints":{"allow":["GET"]}}],"collection":[{"href":"https:\/\/aivlisoft.net\/shop\/wp-json\/wp\/v2\/product"}],"about":[{"href":"https:\/\/aivlisoft.net\/shop\/wp-json\/wp\/v2\/types\/product"}],"wp:featuredmedia":[{"embeddable":true,"href":"https:\/\/aivlisoft.net\/shop\/wp-json\/wp\/v2\/media\/14037"}],"wp:attachment":[{"href":"https:\/\/aivlisoft.net\/shop\/wp-json\/wp\/v2\/media?parent=14036"}],"wp:term":[{"taxonomy":"product_brand","embeddable":true,"href":"https:\/\/aivlisoft.net\/shop\/wp-json\/wp\/v2\/product_brand?post=14036"},{"taxonomy":"product_cat","embeddable":true,"href":"https:\/\/aivlisoft.net\/shop\/wp-json\/wp\/v2\/product_cat?post=14036"},{"taxonomy":"product_tag","embeddable":true,"href":"https:\/\/aivlisoft.net\/shop\/wp-json\/wp\/v2\/product_tag?post=14036"}],"curies":[{"name":"wp","href":"https:\/\/api.w.org\/{rel}","templated":true}]}}