{"id":14029,"date":"2025-01-13T14:39:05","date_gmt":"2025-01-13T14:39:05","guid":{"rendered":"https:\/\/aivlisoft.com\/?post_type=product&#038;p=14029"},"modified":"2025-01-14T11:14:13","modified_gmt":"2025-01-14T11:14:13","slug":"intel-core-i3-10100-3-6ghz-6mb-lga-1200-box","status":"publish","type":"product","link":"https:\/\/aivlisoft.net\/shop\/producto\/intel-core-i3-10100-3-6ghz-6mb-lga-1200-box\/","title":{"rendered":"Intel Core i3 10100 3.6Ghz 6MB LGA 1200 BOX"},"content":{"rendered":"<p>&nbsp;<\/p>\n<table class=\"tabla_caracteristicas k-table\" width=\"100%\">\n<tr>\n<td valign=\"top\"><strong>Marca<\/strong><\/td>\n<td>Intel<\/td>\n<\/tr>\n<tr>\n<td valign=\"top\"><strong>Modelo<\/strong><\/td>\n<td><strong>BX80684I39100<\/strong><\/td>\n<\/tr>\n<tr>\n<td valign=\"top\"><strong>Especificaciones <\/strong><\/td>\n<td>&#8211; Tipo de z&oacute;calo de CPU: <strong>LGA 1200<\/strong><br \/>\t\t\t&#8211; Nombre del n&uacute;cleo: <strong>Comet Lake<\/strong><br \/>\t\t\t&#8211; N&ordm; de Cores: 4-Core<br \/>\t\t\t&#8211; N&ordm; de hilos: 8<br \/>\t\t\t&#8211; Frecuencia de operaci&oacute;n: <strong>3.6 GHz<\/strong><br \/>\t\t\t&#8211; Frecuencia m&aacute;xima de turbo: 4.3 GHz<br \/>\t\t\t&#8211; Cach&eacute; L3: <strong>6MB<\/strong><br \/>\t\t\t&#8211; Tecnolog&iacute;a de fabricaci&oacute;n: 14nm<br \/>\t\t\t&#8211; Soporte de 64 bits: S&iacute;<br \/>\t\t\t&#8211; Tama&ntilde;o de memoria m&aacute;ximo: 128 GB<br \/>\t\t\t&#8211; Tipos de memoria: DDR4-2666<br \/>\t\t\t&#8211; Canal de memoria: 2<br \/>\t\t\t&#8211; Compatible con memoria ECC: No<br \/>\t\t\t&#8211; Gr&aacute;ficos integrados: Intel HD Graphics 630<br \/>\t\t\t&#8211; Frecuencia base de gr&aacute;ficos: 350 MHz<br \/>\t\t\t&#8211; Gr&aacute;ficos de frecuencia din&aacute;mica m&aacute;xima: 1.1 GHz<br \/>\t\t\t&#8211; Revisi&oacute;n de PCI Express: 3.0<br \/>\t\t\t&#8211; N&uacute;mero m&aacute;ximo de carriles PCI Express: 216<br \/>\t\t\t&#8211; Potencia de dise&ntilde;o t&eacute;rmico: 65W<\/td>\n<\/tr>\n<tr>\n<td valign=\"top\"><strong>Refrigeraci&oacute;n<\/strong><\/td>\n<td>&#8211; Ventilador Incluido<\/td>\n<\/tr>\n<tr>\n<td valign=\"top\"><strong>Fecha Revisi&oacute;n<\/strong><\/td>\n<td>10-09-2020 por MSB<\/td>\n<\/tr>\n<\/table>\n","protected":false},"excerpt":{"rendered":"<p>&nbsp; Marca Intel Modelo BX80684I39100 Especificaciones &#8211; Tipo de z&oacute;calo de CPU: LGA 1200 &#8211; Nombre del n&uacute;cleo: Comet Lake &#8211; N&ordm; de Cores: 4-Core &#8211; N&ordm; de hilos: 8 &#8211; Frecuencia de operaci&oacute;n: 3.6 GHz &#8211; Frecuencia m&aacute;xima de turbo: 4.3 GHz &#8211; Cach&eacute; L3: 6MB &#8211; Tecnolog&iacute;a de fabricaci&oacute;n: 14nm &#8211; Soporte de&hellip;&nbsp;<a href=\"https:\/\/aivlisoft.net\/shop\/producto\/intel-core-i3-10100-3-6ghz-6mb-lga-1200-box\/\" rel=\"bookmark\"><span class=\"screen-reader-text\">Intel Core i3 10100 3.6Ghz 6MB LGA 1200 BOX<\/span><\/a><\/p>\n","protected":false},"featured_media":14030,"template":"","meta":{"neve_meta_sidebar":"","neve_meta_container":"","neve_meta_enable_content_width":"","neve_meta_content_width":0,"neve_meta_title_alignment":"","neve_meta_author_avatar":"","neve_post_elements_order":"","neve_meta_disable_header":"","neve_meta_disable_footer":"","neve_meta_disable_title":""},"product_brand":[],"product_cat":[8740],"product_tag":[5418],"class_list":{"0":"post-14029","1":"product","2":"type-product","3":"status-publish","4":"has-post-thumbnail","6":"product_cat-micros-intel-socket-1200","7":"product_tag-bx8070110100","9":"first","10":"instock","11":"taxable","12":"shipping-taxable","13":"purchasable","14":"product-type-simple"},"yoast_head":"<!-- This site is optimized with the Yoast SEO plugin v26.0 - https:\/\/yoast.com\/wordpress\/plugins\/seo\/ -->\n<title>Intel Core i3 10100 3.6Ghz 6MB LGA 1200 BOX - Aivlisoft Inform\u00e1tica<\/title>\n<meta name=\"robots\" content=\"index, follow, max-snippet:-1, max-image-preview:large, max-video-preview:-1\" \/>\n<link rel=\"canonical\" href=\"https:\/\/aivlisoft.net\/shop\/producto\/intel-core-i3-10100-3-6ghz-6mb-lga-1200-box\/\" \/>\n<meta property=\"og:locale\" content=\"es_ES\" \/>\n<meta property=\"og:type\" content=\"article\" \/>\n<meta property=\"og:title\" content=\"Intel Core i3 10100 3.6Ghz 6MB LGA 1200 BOX - Aivlisoft Inform\u00e1tica\" \/>\n<meta property=\"og:description\" content=\"&nbsp; Marca Intel Modelo BX80684I39100 Especificaciones &#8211; Tipo de z&oacute;calo de CPU: LGA 1200 &#8211; Nombre del n&uacute;cleo: Comet Lake &#8211; N&ordm; de Cores: 4-Core &#8211; N&ordm; de hilos: 8 &#8211; Frecuencia de operaci&oacute;n: 3.6 GHz &#8211; Frecuencia m&aacute;xima de turbo: 4.3 GHz &#8211; Cach&eacute; L3: 6MB &#8211; Tecnolog&iacute;a de fabricaci&oacute;n: 14nm &#8211; Soporte de&hellip;&nbsp;Intel Core i3 10100 3.6Ghz 6MB LGA 1200 BOX\" \/>\n<meta property=\"og:url\" content=\"https:\/\/aivlisoft.net\/shop\/producto\/intel-core-i3-10100-3-6ghz-6mb-lga-1200-box\/\" \/>\n<meta property=\"og:site_name\" content=\"Aivlisoft Inform\u00e1tica\" \/>\n<meta property=\"article:modified_time\" content=\"2025-01-14T11:14:13+00:00\" \/>\n<meta property=\"og:image\" content=\"https:\/\/aivlisoft.net\/shop\/wp-content\/uploads\/2025\/01\/IMIMI90010_800.jpg\" \/>\n\t<meta property=\"og:image:width\" content=\"800\" \/>\n\t<meta property=\"og:image:height\" content=\"666\" \/>\n\t<meta property=\"og:image:type\" content=\"image\/jpeg\" \/>\n<meta name=\"twitter:card\" content=\"summary_large_image\" \/>\n<meta name=\"twitter:label1\" content=\"Tiempo de lectura\" \/>\n\t<meta name=\"twitter:data1\" content=\"1 minuto\" \/>\n<script type=\"application\/ld+json\" class=\"yoast-schema-graph\">{\"@context\":\"https:\/\/schema.org\",\"@graph\":[{\"@type\":\"WebPage\",\"@id\":\"https:\/\/aivlisoft.net\/shop\/producto\/intel-core-i3-10100-3-6ghz-6mb-lga-1200-box\/\",\"url\":\"https:\/\/aivlisoft.net\/shop\/producto\/intel-core-i3-10100-3-6ghz-6mb-lga-1200-box\/\",\"name\":\"Intel Core i3 10100 3.6Ghz 6MB LGA 1200 BOX - Aivlisoft Inform\u00e1tica\",\"isPartOf\":{\"@id\":\"https:\/\/aivlisoft.net\/shop\/#website\"},\"primaryImageOfPage\":{\"@id\":\"https:\/\/aivlisoft.net\/shop\/producto\/intel-core-i3-10100-3-6ghz-6mb-lga-1200-box\/#primaryimage\"},\"image\":{\"@id\":\"https:\/\/aivlisoft.net\/shop\/producto\/intel-core-i3-10100-3-6ghz-6mb-lga-1200-box\/#primaryimage\"},\"thumbnailUrl\":\"https:\/\/aivlisoft.net\/shop\/wp-content\/uploads\/2025\/01\/IMIMI90010_800.jpg\",\"datePublished\":\"2025-01-13T14:39:05+00:00\",\"dateModified\":\"2025-01-14T11:14:13+00:00\",\"breadcrumb\":{\"@id\":\"https:\/\/aivlisoft.net\/shop\/producto\/intel-core-i3-10100-3-6ghz-6mb-lga-1200-box\/#breadcrumb\"},\"inLanguage\":\"es\",\"potentialAction\":[{\"@type\":\"ReadAction\",\"target\":[\"https:\/\/aivlisoft.net\/shop\/producto\/intel-core-i3-10100-3-6ghz-6mb-lga-1200-box\/\"]}]},{\"@type\":\"ImageObject\",\"inLanguage\":\"es\",\"@id\":\"https:\/\/aivlisoft.net\/shop\/producto\/intel-core-i3-10100-3-6ghz-6mb-lga-1200-box\/#primaryimage\",\"url\":\"https:\/\/aivlisoft.net\/shop\/wp-content\/uploads\/2025\/01\/IMIMI90010_800.jpg\",\"contentUrl\":\"https:\/\/aivlisoft.net\/shop\/wp-content\/uploads\/2025\/01\/IMIMI90010_800.jpg\",\"width\":800,\"height\":666},{\"@type\":\"BreadcrumbList\",\"@id\":\"https:\/\/aivlisoft.net\/shop\/producto\/intel-core-i3-10100-3-6ghz-6mb-lga-1200-box\/#breadcrumb\",\"itemListElement\":[{\"@type\":\"ListItem\",\"position\":1,\"name\":\"Portada\",\"item\":\"https:\/\/aivlisoft.net\/shop\/\"},{\"@type\":\"ListItem\",\"position\":2,\"name\":\"Tienda\",\"item\":\"https:\/\/aivlisoft.net\/shop\/tienda\/\"},{\"@type\":\"ListItem\",\"position\":3,\"name\":\"Intel Core i3 10100 3.6Ghz 6MB LGA 1200 BOX\"}]},{\"@type\":\"WebSite\",\"@id\":\"https:\/\/aivlisoft.net\/shop\/#website\",\"url\":\"https:\/\/aivlisoft.net\/shop\/\",\"name\":\"Aivlisoft Inform\u00e1tica\",\"description\":\"En Aivlisoft Inform\u00e1tica ofrecemos soluciones tecnol\u00f3gicas para empresas: venta de ordenadores, consumibles, perif\u00e9ricos y m\u00e1s. Calidad, atenci\u00f3n personalizada y los mejores precios para tu negocio.\",\"publisher\":{\"@id\":\"https:\/\/aivlisoft.net\/shop\/#organization\"},\"potentialAction\":[{\"@type\":\"SearchAction\",\"target\":{\"@type\":\"EntryPoint\",\"urlTemplate\":\"https:\/\/aivlisoft.net\/shop\/?s={search_term_string}\"},\"query-input\":{\"@type\":\"PropertyValueSpecification\",\"valueRequired\":true,\"valueName\":\"search_term_string\"}}],\"inLanguage\":\"es\"},{\"@type\":\"Organization\",\"@id\":\"https:\/\/aivlisoft.net\/shop\/#organization\",\"name\":\"Aivlisoft Inform\u00e1tica\",\"url\":\"https:\/\/aivlisoft.net\/shop\/\",\"logo\":{\"@type\":\"ImageObject\",\"inLanguage\":\"es\",\"@id\":\"https:\/\/aivlisoft.net\/shop\/#\/schema\/logo\/image\/\",\"url\":\"https:\/\/aivlisoft.net\/shop\/wp-content\/uploads\/2024\/12\/removal.ai_5b848c54-0cdf-4140-95c5-c5536bb7573b-logodef.png\",\"contentUrl\":\"https:\/\/aivlisoft.net\/shop\/wp-content\/uploads\/2024\/12\/removal.ai_5b848c54-0cdf-4140-95c5-c5536bb7573b-logodef.png\",\"width\":484,\"height\":182,\"caption\":\"Aivlisoft Inform\u00e1tica\"},\"image\":{\"@id\":\"https:\/\/aivlisoft.net\/shop\/#\/schema\/logo\/image\/\"}}]}<\/script>\n<!-- \/ Yoast SEO plugin. -->","yoast_head_json":{"title":"Intel Core i3 10100 3.6Ghz 6MB LGA 1200 BOX - Aivlisoft Inform\u00e1tica","robots":{"index":"index","follow":"follow","max-snippet":"max-snippet:-1","max-image-preview":"max-image-preview:large","max-video-preview":"max-video-preview:-1"},"canonical":"https:\/\/aivlisoft.net\/shop\/producto\/intel-core-i3-10100-3-6ghz-6mb-lga-1200-box\/","og_locale":"es_ES","og_type":"article","og_title":"Intel Core i3 10100 3.6Ghz 6MB LGA 1200 BOX - Aivlisoft Inform\u00e1tica","og_description":"&nbsp; Marca Intel Modelo BX80684I39100 Especificaciones &#8211; Tipo de z&oacute;calo de CPU: LGA 1200 &#8211; Nombre del n&uacute;cleo: Comet Lake &#8211; N&ordm; de Cores: 4-Core &#8211; N&ordm; de hilos: 8 &#8211; Frecuencia de operaci&oacute;n: 3.6 GHz &#8211; Frecuencia m&aacute;xima de turbo: 4.3 GHz &#8211; Cach&eacute; L3: 6MB &#8211; Tecnolog&iacute;a de fabricaci&oacute;n: 14nm &#8211; Soporte de&hellip;&nbsp;Intel Core i3 10100 3.6Ghz 6MB LGA 1200 BOX","og_url":"https:\/\/aivlisoft.net\/shop\/producto\/intel-core-i3-10100-3-6ghz-6mb-lga-1200-box\/","og_site_name":"Aivlisoft Inform\u00e1tica","article_modified_time":"2025-01-14T11:14:13+00:00","og_image":[{"width":800,"height":666,"url":"https:\/\/aivlisoft.net\/shop\/wp-content\/uploads\/2025\/01\/IMIMI90010_800.jpg","type":"image\/jpeg"}],"twitter_card":"summary_large_image","twitter_misc":{"Tiempo de lectura":"1 minuto"},"schema":{"@context":"https:\/\/schema.org","@graph":[{"@type":"WebPage","@id":"https:\/\/aivlisoft.net\/shop\/producto\/intel-core-i3-10100-3-6ghz-6mb-lga-1200-box\/","url":"https:\/\/aivlisoft.net\/shop\/producto\/intel-core-i3-10100-3-6ghz-6mb-lga-1200-box\/","name":"Intel Core i3 10100 3.6Ghz 6MB LGA 1200 BOX - Aivlisoft Inform\u00e1tica","isPartOf":{"@id":"https:\/\/aivlisoft.net\/shop\/#website"},"primaryImageOfPage":{"@id":"https:\/\/aivlisoft.net\/shop\/producto\/intel-core-i3-10100-3-6ghz-6mb-lga-1200-box\/#primaryimage"},"image":{"@id":"https:\/\/aivlisoft.net\/shop\/producto\/intel-core-i3-10100-3-6ghz-6mb-lga-1200-box\/#primaryimage"},"thumbnailUrl":"https:\/\/aivlisoft.net\/shop\/wp-content\/uploads\/2025\/01\/IMIMI90010_800.jpg","datePublished":"2025-01-13T14:39:05+00:00","dateModified":"2025-01-14T11:14:13+00:00","breadcrumb":{"@id":"https:\/\/aivlisoft.net\/shop\/producto\/intel-core-i3-10100-3-6ghz-6mb-lga-1200-box\/#breadcrumb"},"inLanguage":"es","potentialAction":[{"@type":"ReadAction","target":["https:\/\/aivlisoft.net\/shop\/producto\/intel-core-i3-10100-3-6ghz-6mb-lga-1200-box\/"]}]},{"@type":"ImageObject","inLanguage":"es","@id":"https:\/\/aivlisoft.net\/shop\/producto\/intel-core-i3-10100-3-6ghz-6mb-lga-1200-box\/#primaryimage","url":"https:\/\/aivlisoft.net\/shop\/wp-content\/uploads\/2025\/01\/IMIMI90010_800.jpg","contentUrl":"https:\/\/aivlisoft.net\/shop\/wp-content\/uploads\/2025\/01\/IMIMI90010_800.jpg","width":800,"height":666},{"@type":"BreadcrumbList","@id":"https:\/\/aivlisoft.net\/shop\/producto\/intel-core-i3-10100-3-6ghz-6mb-lga-1200-box\/#breadcrumb","itemListElement":[{"@type":"ListItem","position":1,"name":"Portada","item":"https:\/\/aivlisoft.net\/shop\/"},{"@type":"ListItem","position":2,"name":"Tienda","item":"https:\/\/aivlisoft.net\/shop\/tienda\/"},{"@type":"ListItem","position":3,"name":"Intel Core i3 10100 3.6Ghz 6MB LGA 1200 BOX"}]},{"@type":"WebSite","@id":"https:\/\/aivlisoft.net\/shop\/#website","url":"https:\/\/aivlisoft.net\/shop\/","name":"Aivlisoft Inform\u00e1tica","description":"En Aivlisoft Inform\u00e1tica ofrecemos soluciones tecnol\u00f3gicas para empresas: venta de ordenadores, consumibles, perif\u00e9ricos y m\u00e1s. Calidad, atenci\u00f3n personalizada y los mejores precios para tu negocio.","publisher":{"@id":"https:\/\/aivlisoft.net\/shop\/#organization"},"potentialAction":[{"@type":"SearchAction","target":{"@type":"EntryPoint","urlTemplate":"https:\/\/aivlisoft.net\/shop\/?s={search_term_string}"},"query-input":{"@type":"PropertyValueSpecification","valueRequired":true,"valueName":"search_term_string"}}],"inLanguage":"es"},{"@type":"Organization","@id":"https:\/\/aivlisoft.net\/shop\/#organization","name":"Aivlisoft Inform\u00e1tica","url":"https:\/\/aivlisoft.net\/shop\/","logo":{"@type":"ImageObject","inLanguage":"es","@id":"https:\/\/aivlisoft.net\/shop\/#\/schema\/logo\/image\/","url":"https:\/\/aivlisoft.net\/shop\/wp-content\/uploads\/2024\/12\/removal.ai_5b848c54-0cdf-4140-95c5-c5536bb7573b-logodef.png","contentUrl":"https:\/\/aivlisoft.net\/shop\/wp-content\/uploads\/2024\/12\/removal.ai_5b848c54-0cdf-4140-95c5-c5536bb7573b-logodef.png","width":484,"height":182,"caption":"Aivlisoft Inform\u00e1tica"},"image":{"@id":"https:\/\/aivlisoft.net\/shop\/#\/schema\/logo\/image\/"}}]}},"_links":{"self":[{"href":"https:\/\/aivlisoft.net\/shop\/wp-json\/wp\/v2\/product\/14029","targetHints":{"allow":["GET"]}}],"collection":[{"href":"https:\/\/aivlisoft.net\/shop\/wp-json\/wp\/v2\/product"}],"about":[{"href":"https:\/\/aivlisoft.net\/shop\/wp-json\/wp\/v2\/types\/product"}],"wp:featuredmedia":[{"embeddable":true,"href":"https:\/\/aivlisoft.net\/shop\/wp-json\/wp\/v2\/media\/14030"}],"wp:attachment":[{"href":"https:\/\/aivlisoft.net\/shop\/wp-json\/wp\/v2\/media?parent=14029"}],"wp:term":[{"taxonomy":"product_brand","embeddable":true,"href":"https:\/\/aivlisoft.net\/shop\/wp-json\/wp\/v2\/product_brand?post=14029"},{"taxonomy":"product_cat","embeddable":true,"href":"https:\/\/aivlisoft.net\/shop\/wp-json\/wp\/v2\/product_cat?post=14029"},{"taxonomy":"product_tag","embeddable":true,"href":"https:\/\/aivlisoft.net\/shop\/wp-json\/wp\/v2\/product_tag?post=14029"}],"curies":[{"name":"wp","href":"https:\/\/api.w.org\/{rel}","templated":true}]}}