{"id":14017,"date":"2025-01-13T14:38:57","date_gmt":"2025-01-13T14:38:57","guid":{"rendered":"https:\/\/aivlisoft.com\/?post_type=product&#038;p=14017"},"modified":"2025-01-14T11:14:05","modified_gmt":"2025-01-14T11:14:05","slug":"amd-ryzen-5-8600g-4-3ghz-22-mb-6-core-am5-box","status":"publish","type":"product","link":"https:\/\/aivlisoft.net\/shop\/producto\/amd-ryzen-5-8600g-4-3ghz-22-mb-6-core-am5-box\/","title":{"rendered":"AMD RYZEN 5 8600G 4.3GHZ 22 MB 6 CORE AM5 BOX"},"content":{"rendered":"<p><\/p>\n<table class=\"tabla_caracteristicas k-table\" width=\"100%\">\n<tr>\n<td valign=\"top\" width=\"35%\"><strong>Marca<\/strong><\/td>\n<td valign=\"top\">AMD<\/td>\n<\/tr>\n<tr>\n<td valign=\"top\" width=\"35%\"><strong>Modelo<\/strong><\/td>\n<td valign=\"top\"><strong>100-100001237BOX<\/strong><\/td>\n<\/tr>\n<tr>\n<td valign=\"top\" width=\"35%\"><strong>Encapsulado<\/strong><\/td>\n<td valign=\"top\"><strong>&#8211; AM5<\/strong><\/td>\n<\/tr>\n<tr>\n<td valign=\"top\" width=\"35%\"><strong>Frecuencia<\/strong><\/td>\n<td valign=\"top\">&#8211; Base: <strong>4.3 GHz<\/strong><br \/>\t\t\t&#8211; Reloj de aumento m&aacute;x.: Hasta 5 GHz<\/td>\n<\/tr>\n<tr>\n<td valign=\"top\" width=\"35%\"><strong>Cach&eacute; interna<\/strong><\/td>\n<td valign=\"top\">&#8211; Cache L2 total: 6MB<br \/>\t\t\t&#8211; Cach&eacute; L3 total: 16MB<\/td>\n<\/tr>\n<tr>\n<td valign=\"top\" width=\"35%\"><strong>Caracter&iacute;sticas<\/strong><\/td>\n<td valign=\"top\">&#8211; N.&ordm; de n&uacute;cleos de CPU : 8<br \/>\t\t\t&#8211; N.&ordm; de subprocesos: 12<br \/>\t\t\t&#8211; Desbloqueado<br \/>\t\t\t&#8211; Tecnolog&iacute;a de procesador para n&uacute;cleos de CPU: TSMC 4nm FinFET<br \/>\t\t\t&#8211; Temp. m&aacute;x.: 95&deg;C<br \/>\t\t\t&#8211; Versi&oacute;n PCI Express: PCIe 4.0<br \/>\t\t\t&#8211; TDP predeterminada: 65W<br \/>\t\t\t<strong>Memoria<\/strong><br \/>\t\t\t&#8211; Tipo de memoria DDR4<br \/>\t\t\t&#8211; Velocidad m&aacute;xima de memoria: 3200MHz<br \/>\t\t\t&#8211; Canales de memoria: 2<br \/>\t\t\t&#8211; Velocidad m&aacute;xima de memoria:<br \/>\t\t\t&nbsp; 2x1R DDR5-5200<br \/>\t\t\t&nbsp; 2x2R DDR5-5200<br \/>\t\t\t&nbsp; 4x1R DDR5-3600<br \/>\t\t\t&nbsp; 4x2R DDR5-3600<br \/>\t\t\t<strong>Tecnolog&iacute;as compatibles<\/strong><br \/>\t\t\t&#8211; AMD Ryzen Master<\/td>\n<\/tr>\n<tr>\n<td valign=\"top\"><strong>Fecha de revisi&oacute;n<\/strong><\/td>\n<td valign=\"top\">19-09-2024 por RTY<\/td>\n<\/tr>\n<\/table>\n","protected":false},"excerpt":{"rendered":"<p>Marca AMD Modelo 100-100001237BOX Encapsulado &#8211; AM5 Frecuencia &#8211; Base: 4.3 GHz &#8211; Reloj de aumento m&aacute;x.: Hasta 5 GHz Cach&eacute; interna &#8211; Cache L2 total: 6MB &#8211; Cach&eacute; L3 total: 16MB Caracter&iacute;sticas &#8211; N.&ordm; de n&uacute;cleos de CPU : 8 &#8211; N.&ordm; de subprocesos: 12 &#8211; Desbloqueado &#8211; Tecnolog&iacute;a de procesador para n&uacute;cleos de&hellip;&nbsp;<a href=\"https:\/\/aivlisoft.net\/shop\/producto\/amd-ryzen-5-8600g-4-3ghz-22-mb-6-core-am5-box\/\" rel=\"bookmark\"><span class=\"screen-reader-text\">AMD RYZEN 5 8600G 4.3GHZ 22 MB 6 CORE AM5 BOX<\/span><\/a><\/p>\n","protected":false},"featured_media":0,"template":"","meta":{"neve_meta_sidebar":"","neve_meta_container":"","neve_meta_enable_content_width":"","neve_meta_content_width":0,"neve_meta_title_alignment":"","neve_meta_author_avatar":"","neve_post_elements_order":"","neve_meta_disable_header":"","neve_meta_disable_footer":"","neve_meta_disable_title":""},"product_brand":[],"product_cat":[8738],"product_tag":[5411],"class_list":{"0":"post-14017","1":"product","2":"type-product","3":"status-publish","5":"product_cat-micros-amd-socket-am5","6":"product_tag-100-100001237box","8":"first","9":"instock","10":"taxable","11":"shipping-taxable","12":"purchasable","13":"product-type-simple"},"yoast_head":"<!-- This site is optimized with the Yoast SEO plugin v26.0 - https:\/\/yoast.com\/wordpress\/plugins\/seo\/ -->\n<title>AMD RYZEN 5 8600G 4.3GHZ 22 MB 6 CORE AM5 BOX - Aivlisoft Inform\u00e1tica<\/title>\n<meta name=\"robots\" content=\"index, follow, max-snippet:-1, max-image-preview:large, max-video-preview:-1\" \/>\n<link rel=\"canonical\" href=\"https:\/\/aivlisoft.net\/shop\/producto\/amd-ryzen-5-8600g-4-3ghz-22-mb-6-core-am5-box\/\" \/>\n<meta property=\"og:locale\" content=\"es_ES\" \/>\n<meta property=\"og:type\" content=\"article\" \/>\n<meta property=\"og:title\" content=\"AMD RYZEN 5 8600G 4.3GHZ 22 MB 6 CORE AM5 BOX - Aivlisoft Inform\u00e1tica\" \/>\n<meta property=\"og:description\" content=\"Marca AMD Modelo 100-100001237BOX Encapsulado &#8211; AM5 Frecuencia &#8211; Base: 4.3 GHz &#8211; Reloj de aumento m&aacute;x.: Hasta 5 GHz Cach&eacute; interna &#8211; Cache L2 total: 6MB &#8211; Cach&eacute; L3 total: 16MB Caracter&iacute;sticas &#8211; N.&ordm; de n&uacute;cleos de CPU : 8 &#8211; N.&ordm; de subprocesos: 12 &#8211; Desbloqueado &#8211; Tecnolog&iacute;a de procesador para n&uacute;cleos de&hellip;&nbsp;AMD RYZEN 5 8600G 4.3GHZ 22 MB 6 CORE AM5 BOX\" \/>\n<meta property=\"og:url\" content=\"https:\/\/aivlisoft.net\/shop\/producto\/amd-ryzen-5-8600g-4-3ghz-22-mb-6-core-am5-box\/\" \/>\n<meta property=\"og:site_name\" content=\"Aivlisoft Inform\u00e1tica\" \/>\n<meta property=\"article:modified_time\" content=\"2025-01-14T11:14:05+00:00\" \/>\n<meta name=\"twitter:card\" content=\"summary_large_image\" \/>\n<meta name=\"twitter:label1\" content=\"Tiempo de lectura\" \/>\n\t<meta name=\"twitter:data1\" content=\"1 minuto\" \/>\n<script type=\"application\/ld+json\" class=\"yoast-schema-graph\">{\"@context\":\"https:\/\/schema.org\",\"@graph\":[{\"@type\":\"WebPage\",\"@id\":\"https:\/\/aivlisoft.net\/shop\/producto\/amd-ryzen-5-8600g-4-3ghz-22-mb-6-core-am5-box\/\",\"url\":\"https:\/\/aivlisoft.net\/shop\/producto\/amd-ryzen-5-8600g-4-3ghz-22-mb-6-core-am5-box\/\",\"name\":\"AMD RYZEN 5 8600G 4.3GHZ 22 MB 6 CORE AM5 BOX - Aivlisoft Inform\u00e1tica\",\"isPartOf\":{\"@id\":\"https:\/\/aivlisoft.net\/shop\/#website\"},\"datePublished\":\"2025-01-13T14:38:57+00:00\",\"dateModified\":\"2025-01-14T11:14:05+00:00\",\"breadcrumb\":{\"@id\":\"https:\/\/aivlisoft.net\/shop\/producto\/amd-ryzen-5-8600g-4-3ghz-22-mb-6-core-am5-box\/#breadcrumb\"},\"inLanguage\":\"es\",\"potentialAction\":[{\"@type\":\"ReadAction\",\"target\":[\"https:\/\/aivlisoft.net\/shop\/producto\/amd-ryzen-5-8600g-4-3ghz-22-mb-6-core-am5-box\/\"]}]},{\"@type\":\"BreadcrumbList\",\"@id\":\"https:\/\/aivlisoft.net\/shop\/producto\/amd-ryzen-5-8600g-4-3ghz-22-mb-6-core-am5-box\/#breadcrumb\",\"itemListElement\":[{\"@type\":\"ListItem\",\"position\":1,\"name\":\"Portada\",\"item\":\"https:\/\/aivlisoft.net\/shop\/\"},{\"@type\":\"ListItem\",\"position\":2,\"name\":\"Tienda\",\"item\":\"https:\/\/aivlisoft.net\/shop\/tienda\/\"},{\"@type\":\"ListItem\",\"position\":3,\"name\":\"AMD RYZEN 5 8600G 4.3GHZ 22 MB 6 CORE AM5 BOX\"}]},{\"@type\":\"WebSite\",\"@id\":\"https:\/\/aivlisoft.net\/shop\/#website\",\"url\":\"https:\/\/aivlisoft.net\/shop\/\",\"name\":\"Aivlisoft Inform\u00e1tica\",\"description\":\"En Aivlisoft Inform\u00e1tica ofrecemos soluciones tecnol\u00f3gicas para empresas: venta de ordenadores, consumibles, perif\u00e9ricos y m\u00e1s. Calidad, atenci\u00f3n personalizada y los mejores precios para tu negocio.\",\"publisher\":{\"@id\":\"https:\/\/aivlisoft.net\/shop\/#organization\"},\"potentialAction\":[{\"@type\":\"SearchAction\",\"target\":{\"@type\":\"EntryPoint\",\"urlTemplate\":\"https:\/\/aivlisoft.net\/shop\/?s={search_term_string}\"},\"query-input\":{\"@type\":\"PropertyValueSpecification\",\"valueRequired\":true,\"valueName\":\"search_term_string\"}}],\"inLanguage\":\"es\"},{\"@type\":\"Organization\",\"@id\":\"https:\/\/aivlisoft.net\/shop\/#organization\",\"name\":\"Aivlisoft Inform\u00e1tica\",\"url\":\"https:\/\/aivlisoft.net\/shop\/\",\"logo\":{\"@type\":\"ImageObject\",\"inLanguage\":\"es\",\"@id\":\"https:\/\/aivlisoft.net\/shop\/#\/schema\/logo\/image\/\",\"url\":\"https:\/\/aivlisoft.net\/shop\/wp-content\/uploads\/2024\/12\/removal.ai_5b848c54-0cdf-4140-95c5-c5536bb7573b-logodef.png\",\"contentUrl\":\"https:\/\/aivlisoft.net\/shop\/wp-content\/uploads\/2024\/12\/removal.ai_5b848c54-0cdf-4140-95c5-c5536bb7573b-logodef.png\",\"width\":484,\"height\":182,\"caption\":\"Aivlisoft Inform\u00e1tica\"},\"image\":{\"@id\":\"https:\/\/aivlisoft.net\/shop\/#\/schema\/logo\/image\/\"}}]}<\/script>\n<!-- \/ Yoast SEO plugin. -->","yoast_head_json":{"title":"AMD RYZEN 5 8600G 4.3GHZ 22 MB 6 CORE AM5 BOX - Aivlisoft Inform\u00e1tica","robots":{"index":"index","follow":"follow","max-snippet":"max-snippet:-1","max-image-preview":"max-image-preview:large","max-video-preview":"max-video-preview:-1"},"canonical":"https:\/\/aivlisoft.net\/shop\/producto\/amd-ryzen-5-8600g-4-3ghz-22-mb-6-core-am5-box\/","og_locale":"es_ES","og_type":"article","og_title":"AMD RYZEN 5 8600G 4.3GHZ 22 MB 6 CORE AM5 BOX - Aivlisoft Inform\u00e1tica","og_description":"Marca AMD Modelo 100-100001237BOX Encapsulado &#8211; AM5 Frecuencia &#8211; Base: 4.3 GHz &#8211; Reloj de aumento m&aacute;x.: Hasta 5 GHz Cach&eacute; interna &#8211; Cache L2 total: 6MB &#8211; Cach&eacute; L3 total: 16MB Caracter&iacute;sticas &#8211; N.&ordm; de n&uacute;cleos de CPU : 8 &#8211; N.&ordm; de subprocesos: 12 &#8211; Desbloqueado &#8211; Tecnolog&iacute;a de procesador para n&uacute;cleos de&hellip;&nbsp;AMD RYZEN 5 8600G 4.3GHZ 22 MB 6 CORE AM5 BOX","og_url":"https:\/\/aivlisoft.net\/shop\/producto\/amd-ryzen-5-8600g-4-3ghz-22-mb-6-core-am5-box\/","og_site_name":"Aivlisoft Inform\u00e1tica","article_modified_time":"2025-01-14T11:14:05+00:00","twitter_card":"summary_large_image","twitter_misc":{"Tiempo de lectura":"1 minuto"},"schema":{"@context":"https:\/\/schema.org","@graph":[{"@type":"WebPage","@id":"https:\/\/aivlisoft.net\/shop\/producto\/amd-ryzen-5-8600g-4-3ghz-22-mb-6-core-am5-box\/","url":"https:\/\/aivlisoft.net\/shop\/producto\/amd-ryzen-5-8600g-4-3ghz-22-mb-6-core-am5-box\/","name":"AMD RYZEN 5 8600G 4.3GHZ 22 MB 6 CORE AM5 BOX - Aivlisoft Inform\u00e1tica","isPartOf":{"@id":"https:\/\/aivlisoft.net\/shop\/#website"},"datePublished":"2025-01-13T14:38:57+00:00","dateModified":"2025-01-14T11:14:05+00:00","breadcrumb":{"@id":"https:\/\/aivlisoft.net\/shop\/producto\/amd-ryzen-5-8600g-4-3ghz-22-mb-6-core-am5-box\/#breadcrumb"},"inLanguage":"es","potentialAction":[{"@type":"ReadAction","target":["https:\/\/aivlisoft.net\/shop\/producto\/amd-ryzen-5-8600g-4-3ghz-22-mb-6-core-am5-box\/"]}]},{"@type":"BreadcrumbList","@id":"https:\/\/aivlisoft.net\/shop\/producto\/amd-ryzen-5-8600g-4-3ghz-22-mb-6-core-am5-box\/#breadcrumb","itemListElement":[{"@type":"ListItem","position":1,"name":"Portada","item":"https:\/\/aivlisoft.net\/shop\/"},{"@type":"ListItem","position":2,"name":"Tienda","item":"https:\/\/aivlisoft.net\/shop\/tienda\/"},{"@type":"ListItem","position":3,"name":"AMD RYZEN 5 8600G 4.3GHZ 22 MB 6 CORE AM5 BOX"}]},{"@type":"WebSite","@id":"https:\/\/aivlisoft.net\/shop\/#website","url":"https:\/\/aivlisoft.net\/shop\/","name":"Aivlisoft Inform\u00e1tica","description":"En Aivlisoft Inform\u00e1tica ofrecemos soluciones tecnol\u00f3gicas para empresas: venta de ordenadores, consumibles, perif\u00e9ricos y m\u00e1s. Calidad, atenci\u00f3n personalizada y los mejores precios para tu negocio.","publisher":{"@id":"https:\/\/aivlisoft.net\/shop\/#organization"},"potentialAction":[{"@type":"SearchAction","target":{"@type":"EntryPoint","urlTemplate":"https:\/\/aivlisoft.net\/shop\/?s={search_term_string}"},"query-input":{"@type":"PropertyValueSpecification","valueRequired":true,"valueName":"search_term_string"}}],"inLanguage":"es"},{"@type":"Organization","@id":"https:\/\/aivlisoft.net\/shop\/#organization","name":"Aivlisoft Inform\u00e1tica","url":"https:\/\/aivlisoft.net\/shop\/","logo":{"@type":"ImageObject","inLanguage":"es","@id":"https:\/\/aivlisoft.net\/shop\/#\/schema\/logo\/image\/","url":"https:\/\/aivlisoft.net\/shop\/wp-content\/uploads\/2024\/12\/removal.ai_5b848c54-0cdf-4140-95c5-c5536bb7573b-logodef.png","contentUrl":"https:\/\/aivlisoft.net\/shop\/wp-content\/uploads\/2024\/12\/removal.ai_5b848c54-0cdf-4140-95c5-c5536bb7573b-logodef.png","width":484,"height":182,"caption":"Aivlisoft Inform\u00e1tica"},"image":{"@id":"https:\/\/aivlisoft.net\/shop\/#\/schema\/logo\/image\/"}}]}},"_links":{"self":[{"href":"https:\/\/aivlisoft.net\/shop\/wp-json\/wp\/v2\/product\/14017","targetHints":{"allow":["GET"]}}],"collection":[{"href":"https:\/\/aivlisoft.net\/shop\/wp-json\/wp\/v2\/product"}],"about":[{"href":"https:\/\/aivlisoft.net\/shop\/wp-json\/wp\/v2\/types\/product"}],"wp:attachment":[{"href":"https:\/\/aivlisoft.net\/shop\/wp-json\/wp\/v2\/media?parent=14017"}],"wp:term":[{"taxonomy":"product_brand","embeddable":true,"href":"https:\/\/aivlisoft.net\/shop\/wp-json\/wp\/v2\/product_brand?post=14017"},{"taxonomy":"product_cat","embeddable":true,"href":"https:\/\/aivlisoft.net\/shop\/wp-json\/wp\/v2\/product_cat?post=14017"},{"taxonomy":"product_tag","embeddable":true,"href":"https:\/\/aivlisoft.net\/shop\/wp-json\/wp\/v2\/product_tag?post=14017"}],"curies":[{"name":"wp","href":"https:\/\/api.w.org\/{rel}","templated":true}]}}