{"id":13989,"date":"2025-01-13T14:38:42","date_gmt":"2025-01-13T14:38:42","guid":{"rendered":"https:\/\/aivlisoft.com\/?post_type=product&#038;p=13989"},"modified":"2025-01-14T11:13:54","modified_gmt":"2025-01-14T11:13:54","slug":"amd-ryzen-5-4500-3-6ghz-8mb-6-core-am4-boxdisipa","status":"publish","type":"product","link":"https:\/\/aivlisoft.net\/shop\/producto\/amd-ryzen-5-4500-3-6ghz-8mb-6-core-am4-boxdisipa\/","title":{"rendered":"AMD RYZEN 5 4500 3.6GHz 8MB 6 CORE AM4 BOX+Disipa"},"content":{"rendered":"<p><\/p>\n<table class=\"tabla_caracteristicas k-table\" width=\"100%\">\n<tr>\n<td valign=\"top\" width=\"35%\"><strong>Marca<\/strong><\/td>\n<td valign=\"top\">AMD<\/td>\n<\/tr>\n<tr>\n<td valign=\"top\" width=\"35%\"><strong>Modelo<\/strong><\/td>\n<td valign=\"top\"><strong>100-100000644BOX<\/strong><\/td>\n<\/tr>\n<tr>\n<td valign=\"top\" width=\"35%\"><strong>Encapsulado<\/strong><\/td>\n<td valign=\"top\"><strong>&#8211; AM4<\/strong><\/td>\n<\/tr>\n<tr>\n<td valign=\"top\" width=\"35%\"><strong>Frecuencia<\/strong><\/td>\n<td valign=\"top\">&#8211; Base: <strong>3.6GHz<\/strong><br \/>\t\t\t&#8211; Reloj de aumento m&aacute;x.: Hasta <strong>4.1 GHz<\/strong><\/td>\n<\/tr>\n<tr>\n<td valign=\"top\" width=\"35%\"><strong>Cach&eacute; interna<\/strong><\/td>\n<td valign=\"top\">&#8211; Cach&eacute; L1 total: 384 KB<br \/>\t\t\t&#8211; Cache L2 total: 3 MB<br \/>\t\t\t&#8211; Cach&eacute; L3 total: 8 MB<\/td>\n<\/tr>\n<tr>\n<td valign=\"top\" width=\"35%\"><strong>Caracter&iacute;sticas<\/strong><\/td>\n<td valign=\"top\">&#8211; N&uacute;mero de Cores: 6<br \/>\t\t\t&#8211; N&uacute;mero de Hilos: 12<br \/>\t\t\t&#8211; Desbloqueado<br \/>\t\t\t&#8211; Processor Technology for CPU Cores: TSMC 7nm FinFET<br \/>\t\t\t&#8211; CPU Socket: AM4<br \/>\t\t\t&#8211; N&uacute;mero de sockets: 1P<br \/>\t\t\t&#8211; Temp. m&aacute;x.: 90&deg;C<br \/>\t\t\t&#8211; Versi&oacute;n PCI Express: PCIe 3.0<br \/>\t\t\t&#8211; Default TDP \/ TDP: 65W<br \/>\t\t\t&#8211; Soluci&oacute;n t&eacute;rmica: AMD Wraith Stealth<br \/>\t\t\t<strong>Compatible con SO<\/strong><br \/>\t\t\t&#8211; Windows 11 &#8211; Edici&oacute;n de 64-bits<br \/>\t\t\t&#8211; Windows 10 edici&oacute;n de 64&middot;bits<br \/>\t\t\t&#8211; RHEL x86 edici&oacute;n de 64&middot;bits<br \/>\t\t\t&#8211; Ubuntu x86 edici&oacute;n de 64&middot;bits<br \/>\t\t\t*El soporte del sistema operativo (SO) variar&aacute; seg&uacute;n el fabricante.<br \/>\t\t\t<strong>Memoria<\/strong><br \/>\t\t\t&#8211; Tipo de memoria DDR4<br \/>\t\t\t&#8211; Velocidad m&aacute;xima de memoria: 3200MHz<br \/>\t\t\t&#8211; Canales de memoria: 2<br \/>\t\t\t&#8211; Max Memory Speed:<br \/>\t\t\t&nbsp; 2x1R DDR4-3200<br \/>\t\t\t&nbsp; 2x2R DDR4-3200<br \/>\t\t\t&nbsp; 4x1R DDR4-2933<br \/>\t\t\t&nbsp; 4x2R DDR4-2667<br \/>\t\t\t<strong>Funcionalidades principales<\/strong><br \/>\t\t\t&#8211; Tecnolog&iacute;as compatibles:<br \/>\t\t\t&nbsp; Tecnolog&iacute;a AMD StoreMI<br \/>\t\t\t&nbsp; AMD Ryzen VR-Ready Premium<\/td>\n<\/tr>\n<tr>\n<td valign=\"top\"><strong>Fecha de revisi&oacute;n<\/strong><\/td>\n<td valign=\"top\">24-03-2023 por RTY<\/td>\n<\/tr>\n<\/table>\n","protected":false},"excerpt":{"rendered":"<p>Marca AMD Modelo 100-100000644BOX Encapsulado &#8211; AM4 Frecuencia &#8211; Base: 3.6GHz &#8211; Reloj de aumento m&aacute;x.: Hasta 4.1 GHz Cach&eacute; interna &#8211; Cach&eacute; L1 total: 384 KB &#8211; Cache L2 total: 3 MB &#8211; Cach&eacute; L3 total: 8 MB Caracter&iacute;sticas &#8211; N&uacute;mero de Cores: 6 &#8211; N&uacute;mero de Hilos: 12 &#8211; Desbloqueado &#8211; Processor Technology&hellip;&nbsp;<a href=\"https:\/\/aivlisoft.net\/shop\/producto\/amd-ryzen-5-4500-3-6ghz-8mb-6-core-am4-boxdisipa\/\" rel=\"bookmark\"><span class=\"screen-reader-text\">AMD RYZEN 5 4500 3.6GHz 8MB 6 CORE AM4 BOX+Disipa<\/span><\/a><\/p>\n","protected":false},"featured_media":13990,"template":"","meta":{"neve_meta_sidebar":"","neve_meta_container":"","neve_meta_enable_content_width":"","neve_meta_content_width":0,"neve_meta_title_alignment":"","neve_meta_author_avatar":"","neve_post_elements_order":"","neve_meta_disable_header":"","neve_meta_disable_footer":"","neve_meta_disable_title":""},"product_brand":[],"product_cat":[8737],"product_tag":[5398],"class_list":{"0":"post-13989","1":"product","2":"type-product","3":"status-publish","4":"has-post-thumbnail","6":"product_cat-micros-amd-am4","7":"product_tag-100-100000644box","9":"first","10":"instock","11":"taxable","12":"shipping-taxable","13":"purchasable","14":"product-type-simple"},"yoast_head":"<!-- This site is optimized with the Yoast SEO plugin v26.0 - https:\/\/yoast.com\/wordpress\/plugins\/seo\/ -->\n<title>AMD RYZEN 5 4500 3.6GHz 8MB 6 CORE AM4 BOX+Disipa - Aivlisoft Inform\u00e1tica<\/title>\n<meta name=\"robots\" content=\"index, follow, max-snippet:-1, max-image-preview:large, max-video-preview:-1\" \/>\n<link rel=\"canonical\" href=\"https:\/\/aivlisoft.net\/shop\/producto\/amd-ryzen-5-4500-3-6ghz-8mb-6-core-am4-boxdisipa\/\" \/>\n<meta property=\"og:locale\" content=\"es_ES\" \/>\n<meta property=\"og:type\" content=\"article\" \/>\n<meta property=\"og:title\" content=\"AMD RYZEN 5 4500 3.6GHz 8MB 6 CORE AM4 BOX+Disipa - Aivlisoft Inform\u00e1tica\" \/>\n<meta property=\"og:description\" content=\"Marca AMD Modelo 100-100000644BOX Encapsulado &#8211; AM4 Frecuencia &#8211; Base: 3.6GHz &#8211; Reloj de aumento m&aacute;x.: Hasta 4.1 GHz Cach&eacute; interna &#8211; Cach&eacute; L1 total: 384 KB &#8211; Cache L2 total: 3 MB &#8211; Cach&eacute; L3 total: 8 MB Caracter&iacute;sticas &#8211; N&uacute;mero de Cores: 6 &#8211; N&uacute;mero de Hilos: 12 &#8211; Desbloqueado &#8211; Processor Technology&hellip;&nbsp;AMD RYZEN 5 4500 3.6GHz 8MB 6 CORE AM4 BOX+Disipa\" \/>\n<meta property=\"og:url\" content=\"https:\/\/aivlisoft.net\/shop\/producto\/amd-ryzen-5-4500-3-6ghz-8mb-6-core-am4-boxdisipa\/\" \/>\n<meta property=\"og:site_name\" content=\"Aivlisoft Inform\u00e1tica\" \/>\n<meta property=\"article:modified_time\" content=\"2025-01-14T11:13:54+00:00\" \/>\n<meta property=\"og:image\" content=\"https:\/\/aivlisoft.net\/shop\/wp-content\/uploads\/2025\/01\/IMIMA40051_800.jpg\" \/>\n\t<meta property=\"og:image:width\" content=\"800\" \/>\n\t<meta property=\"og:image:height\" content=\"800\" \/>\n\t<meta property=\"og:image:type\" content=\"image\/jpeg\" \/>\n<meta name=\"twitter:card\" content=\"summary_large_image\" \/>\n<meta name=\"twitter:label1\" content=\"Tiempo de lectura\" \/>\n\t<meta name=\"twitter:data1\" content=\"1 minuto\" \/>\n<script type=\"application\/ld+json\" class=\"yoast-schema-graph\">{\"@context\":\"https:\/\/schema.org\",\"@graph\":[{\"@type\":\"WebPage\",\"@id\":\"https:\/\/aivlisoft.net\/shop\/producto\/amd-ryzen-5-4500-3-6ghz-8mb-6-core-am4-boxdisipa\/\",\"url\":\"https:\/\/aivlisoft.net\/shop\/producto\/amd-ryzen-5-4500-3-6ghz-8mb-6-core-am4-boxdisipa\/\",\"name\":\"AMD RYZEN 5 4500 3.6GHz 8MB 6 CORE AM4 BOX+Disipa - Aivlisoft Inform\u00e1tica\",\"isPartOf\":{\"@id\":\"https:\/\/aivlisoft.net\/shop\/#website\"},\"primaryImageOfPage\":{\"@id\":\"https:\/\/aivlisoft.net\/shop\/producto\/amd-ryzen-5-4500-3-6ghz-8mb-6-core-am4-boxdisipa\/#primaryimage\"},\"image\":{\"@id\":\"https:\/\/aivlisoft.net\/shop\/producto\/amd-ryzen-5-4500-3-6ghz-8mb-6-core-am4-boxdisipa\/#primaryimage\"},\"thumbnailUrl\":\"https:\/\/aivlisoft.net\/shop\/wp-content\/uploads\/2025\/01\/IMIMA40051_800.jpg\",\"datePublished\":\"2025-01-13T14:38:42+00:00\",\"dateModified\":\"2025-01-14T11:13:54+00:00\",\"breadcrumb\":{\"@id\":\"https:\/\/aivlisoft.net\/shop\/producto\/amd-ryzen-5-4500-3-6ghz-8mb-6-core-am4-boxdisipa\/#breadcrumb\"},\"inLanguage\":\"es\",\"potentialAction\":[{\"@type\":\"ReadAction\",\"target\":[\"https:\/\/aivlisoft.net\/shop\/producto\/amd-ryzen-5-4500-3-6ghz-8mb-6-core-am4-boxdisipa\/\"]}]},{\"@type\":\"ImageObject\",\"inLanguage\":\"es\",\"@id\":\"https:\/\/aivlisoft.net\/shop\/producto\/amd-ryzen-5-4500-3-6ghz-8mb-6-core-am4-boxdisipa\/#primaryimage\",\"url\":\"https:\/\/aivlisoft.net\/shop\/wp-content\/uploads\/2025\/01\/IMIMA40051_800.jpg\",\"contentUrl\":\"https:\/\/aivlisoft.net\/shop\/wp-content\/uploads\/2025\/01\/IMIMA40051_800.jpg\",\"width\":800,\"height\":800},{\"@type\":\"BreadcrumbList\",\"@id\":\"https:\/\/aivlisoft.net\/shop\/producto\/amd-ryzen-5-4500-3-6ghz-8mb-6-core-am4-boxdisipa\/#breadcrumb\",\"itemListElement\":[{\"@type\":\"ListItem\",\"position\":1,\"name\":\"Portada\",\"item\":\"https:\/\/aivlisoft.net\/shop\/\"},{\"@type\":\"ListItem\",\"position\":2,\"name\":\"Tienda\",\"item\":\"https:\/\/aivlisoft.net\/shop\/tienda\/\"},{\"@type\":\"ListItem\",\"position\":3,\"name\":\"AMD RYZEN 5 4500 3.6GHz 8MB 6 CORE AM4 BOX+Disipa\"}]},{\"@type\":\"WebSite\",\"@id\":\"https:\/\/aivlisoft.net\/shop\/#website\",\"url\":\"https:\/\/aivlisoft.net\/shop\/\",\"name\":\"Aivlisoft Inform\u00e1tica\",\"description\":\"En Aivlisoft Inform\u00e1tica ofrecemos soluciones tecnol\u00f3gicas para empresas: venta de ordenadores, consumibles, perif\u00e9ricos y m\u00e1s. Calidad, atenci\u00f3n personalizada y los mejores precios para tu negocio.\",\"publisher\":{\"@id\":\"https:\/\/aivlisoft.net\/shop\/#organization\"},\"potentialAction\":[{\"@type\":\"SearchAction\",\"target\":{\"@type\":\"EntryPoint\",\"urlTemplate\":\"https:\/\/aivlisoft.net\/shop\/?s={search_term_string}\"},\"query-input\":{\"@type\":\"PropertyValueSpecification\",\"valueRequired\":true,\"valueName\":\"search_term_string\"}}],\"inLanguage\":\"es\"},{\"@type\":\"Organization\",\"@id\":\"https:\/\/aivlisoft.net\/shop\/#organization\",\"name\":\"Aivlisoft Inform\u00e1tica\",\"url\":\"https:\/\/aivlisoft.net\/shop\/\",\"logo\":{\"@type\":\"ImageObject\",\"inLanguage\":\"es\",\"@id\":\"https:\/\/aivlisoft.net\/shop\/#\/schema\/logo\/image\/\",\"url\":\"https:\/\/aivlisoft.net\/shop\/wp-content\/uploads\/2024\/12\/removal.ai_5b848c54-0cdf-4140-95c5-c5536bb7573b-logodef.png\",\"contentUrl\":\"https:\/\/aivlisoft.net\/shop\/wp-content\/uploads\/2024\/12\/removal.ai_5b848c54-0cdf-4140-95c5-c5536bb7573b-logodef.png\",\"width\":484,\"height\":182,\"caption\":\"Aivlisoft Inform\u00e1tica\"},\"image\":{\"@id\":\"https:\/\/aivlisoft.net\/shop\/#\/schema\/logo\/image\/\"}}]}<\/script>\n<!-- \/ Yoast SEO plugin. -->","yoast_head_json":{"title":"AMD RYZEN 5 4500 3.6GHz 8MB 6 CORE AM4 BOX+Disipa - Aivlisoft Inform\u00e1tica","robots":{"index":"index","follow":"follow","max-snippet":"max-snippet:-1","max-image-preview":"max-image-preview:large","max-video-preview":"max-video-preview:-1"},"canonical":"https:\/\/aivlisoft.net\/shop\/producto\/amd-ryzen-5-4500-3-6ghz-8mb-6-core-am4-boxdisipa\/","og_locale":"es_ES","og_type":"article","og_title":"AMD RYZEN 5 4500 3.6GHz 8MB 6 CORE AM4 BOX+Disipa - Aivlisoft Inform\u00e1tica","og_description":"Marca AMD Modelo 100-100000644BOX Encapsulado &#8211; AM4 Frecuencia &#8211; Base: 3.6GHz &#8211; Reloj de aumento m&aacute;x.: Hasta 4.1 GHz Cach&eacute; interna &#8211; Cach&eacute; L1 total: 384 KB &#8211; Cache L2 total: 3 MB &#8211; Cach&eacute; L3 total: 8 MB Caracter&iacute;sticas &#8211; N&uacute;mero de Cores: 6 &#8211; N&uacute;mero de Hilos: 12 &#8211; Desbloqueado &#8211; Processor Technology&hellip;&nbsp;AMD RYZEN 5 4500 3.6GHz 8MB 6 CORE AM4 BOX+Disipa","og_url":"https:\/\/aivlisoft.net\/shop\/producto\/amd-ryzen-5-4500-3-6ghz-8mb-6-core-am4-boxdisipa\/","og_site_name":"Aivlisoft Inform\u00e1tica","article_modified_time":"2025-01-14T11:13:54+00:00","og_image":[{"width":800,"height":800,"url":"https:\/\/aivlisoft.net\/shop\/wp-content\/uploads\/2025\/01\/IMIMA40051_800.jpg","type":"image\/jpeg"}],"twitter_card":"summary_large_image","twitter_misc":{"Tiempo de lectura":"1 minuto"},"schema":{"@context":"https:\/\/schema.org","@graph":[{"@type":"WebPage","@id":"https:\/\/aivlisoft.net\/shop\/producto\/amd-ryzen-5-4500-3-6ghz-8mb-6-core-am4-boxdisipa\/","url":"https:\/\/aivlisoft.net\/shop\/producto\/amd-ryzen-5-4500-3-6ghz-8mb-6-core-am4-boxdisipa\/","name":"AMD RYZEN 5 4500 3.6GHz 8MB 6 CORE AM4 BOX+Disipa - Aivlisoft Inform\u00e1tica","isPartOf":{"@id":"https:\/\/aivlisoft.net\/shop\/#website"},"primaryImageOfPage":{"@id":"https:\/\/aivlisoft.net\/shop\/producto\/amd-ryzen-5-4500-3-6ghz-8mb-6-core-am4-boxdisipa\/#primaryimage"},"image":{"@id":"https:\/\/aivlisoft.net\/shop\/producto\/amd-ryzen-5-4500-3-6ghz-8mb-6-core-am4-boxdisipa\/#primaryimage"},"thumbnailUrl":"https:\/\/aivlisoft.net\/shop\/wp-content\/uploads\/2025\/01\/IMIMA40051_800.jpg","datePublished":"2025-01-13T14:38:42+00:00","dateModified":"2025-01-14T11:13:54+00:00","breadcrumb":{"@id":"https:\/\/aivlisoft.net\/shop\/producto\/amd-ryzen-5-4500-3-6ghz-8mb-6-core-am4-boxdisipa\/#breadcrumb"},"inLanguage":"es","potentialAction":[{"@type":"ReadAction","target":["https:\/\/aivlisoft.net\/shop\/producto\/amd-ryzen-5-4500-3-6ghz-8mb-6-core-am4-boxdisipa\/"]}]},{"@type":"ImageObject","inLanguage":"es","@id":"https:\/\/aivlisoft.net\/shop\/producto\/amd-ryzen-5-4500-3-6ghz-8mb-6-core-am4-boxdisipa\/#primaryimage","url":"https:\/\/aivlisoft.net\/shop\/wp-content\/uploads\/2025\/01\/IMIMA40051_800.jpg","contentUrl":"https:\/\/aivlisoft.net\/shop\/wp-content\/uploads\/2025\/01\/IMIMA40051_800.jpg","width":800,"height":800},{"@type":"BreadcrumbList","@id":"https:\/\/aivlisoft.net\/shop\/producto\/amd-ryzen-5-4500-3-6ghz-8mb-6-core-am4-boxdisipa\/#breadcrumb","itemListElement":[{"@type":"ListItem","position":1,"name":"Portada","item":"https:\/\/aivlisoft.net\/shop\/"},{"@type":"ListItem","position":2,"name":"Tienda","item":"https:\/\/aivlisoft.net\/shop\/tienda\/"},{"@type":"ListItem","position":3,"name":"AMD RYZEN 5 4500 3.6GHz 8MB 6 CORE AM4 BOX+Disipa"}]},{"@type":"WebSite","@id":"https:\/\/aivlisoft.net\/shop\/#website","url":"https:\/\/aivlisoft.net\/shop\/","name":"Aivlisoft Inform\u00e1tica","description":"En Aivlisoft Inform\u00e1tica ofrecemos soluciones tecnol\u00f3gicas para empresas: venta de ordenadores, consumibles, perif\u00e9ricos y m\u00e1s. Calidad, atenci\u00f3n personalizada y los mejores precios para tu negocio.","publisher":{"@id":"https:\/\/aivlisoft.net\/shop\/#organization"},"potentialAction":[{"@type":"SearchAction","target":{"@type":"EntryPoint","urlTemplate":"https:\/\/aivlisoft.net\/shop\/?s={search_term_string}"},"query-input":{"@type":"PropertyValueSpecification","valueRequired":true,"valueName":"search_term_string"}}],"inLanguage":"es"},{"@type":"Organization","@id":"https:\/\/aivlisoft.net\/shop\/#organization","name":"Aivlisoft Inform\u00e1tica","url":"https:\/\/aivlisoft.net\/shop\/","logo":{"@type":"ImageObject","inLanguage":"es","@id":"https:\/\/aivlisoft.net\/shop\/#\/schema\/logo\/image\/","url":"https:\/\/aivlisoft.net\/shop\/wp-content\/uploads\/2024\/12\/removal.ai_5b848c54-0cdf-4140-95c5-c5536bb7573b-logodef.png","contentUrl":"https:\/\/aivlisoft.net\/shop\/wp-content\/uploads\/2024\/12\/removal.ai_5b848c54-0cdf-4140-95c5-c5536bb7573b-logodef.png","width":484,"height":182,"caption":"Aivlisoft Inform\u00e1tica"},"image":{"@id":"https:\/\/aivlisoft.net\/shop\/#\/schema\/logo\/image\/"}}]}},"_links":{"self":[{"href":"https:\/\/aivlisoft.net\/shop\/wp-json\/wp\/v2\/product\/13989","targetHints":{"allow":["GET"]}}],"collection":[{"href":"https:\/\/aivlisoft.net\/shop\/wp-json\/wp\/v2\/product"}],"about":[{"href":"https:\/\/aivlisoft.net\/shop\/wp-json\/wp\/v2\/types\/product"}],"wp:featuredmedia":[{"embeddable":true,"href":"https:\/\/aivlisoft.net\/shop\/wp-json\/wp\/v2\/media\/13990"}],"wp:attachment":[{"href":"https:\/\/aivlisoft.net\/shop\/wp-json\/wp\/v2\/media?parent=13989"}],"wp:term":[{"taxonomy":"product_brand","embeddable":true,"href":"https:\/\/aivlisoft.net\/shop\/wp-json\/wp\/v2\/product_brand?post=13989"},{"taxonomy":"product_cat","embeddable":true,"href":"https:\/\/aivlisoft.net\/shop\/wp-json\/wp\/v2\/product_cat?post=13989"},{"taxonomy":"product_tag","embeddable":true,"href":"https:\/\/aivlisoft.net\/shop\/wp-json\/wp\/v2\/product_tag?post=13989"}],"curies":[{"name":"wp","href":"https:\/\/api.w.org\/{rel}","templated":true}]}}