{"id":13985,"date":"2025-01-13T14:38:38","date_gmt":"2025-01-13T14:38:38","guid":{"rendered":"https:\/\/aivlisoft.com\/?post_type=product&#038;p=13985"},"modified":"2025-01-14T11:13:49","modified_gmt":"2025-01-14T11:13:49","slug":"amd-ryzen-7-5700g-4-6ghz-20mb-8-core-am4-boxdisi","status":"publish","type":"product","link":"https:\/\/aivlisoft.net\/shop\/producto\/amd-ryzen-7-5700g-4-6ghz-20mb-8-core-am4-boxdisi\/","title":{"rendered":"AMD RYZEN 7 5700G 4.6GHz 20MB 8 CORE  AM4 BOX+Disi"},"content":{"rendered":"<p>&nbsp;<\/p>\n<table class=\"tabla_caracteristicas\" width=\"100%\">\n<tr>\n<td valign=\"top\" width=\"35%\"><strong>Marca<\/strong><\/td>\n<td valign=\"top\">AMD<\/td>\n<\/tr>\n<tr>\n<td valign=\"top\" width=\"35%\"><strong>Modelo<\/strong><\/td>\n<td valign=\"top\"><strong>100-100000263BOX<\/strong><\/td>\n<\/tr>\n<tr>\n<td valign=\"top\" width=\"35%\"><strong>Encapsulado<\/strong><\/td>\n<td valign=\"top\"><strong>&#8211; AM4<\/strong><\/td>\n<\/tr>\n<tr>\n<td valign=\"top\" width=\"35%\"><strong>Frecuencia<\/strong><\/td>\n<td valign=\"top\"><strong>&#8211; <\/strong>2000 MHz<\/td>\n<\/tr>\n<tr>\n<td valign=\"top\" width=\"35%\"><strong>Cach&eacute; interna<\/strong><\/td>\n<td valign=\"top\">&#8211; 16 MB (L3)<br \/>\t\t\t&#8211; 4 MB (L2)<\/td>\n<\/tr>\n<tr>\n<td valign=\"top\" width=\"35%\"><strong>Rendimiento<\/strong><\/td>\n<td valign=\"top\">&#8211; N&uacute;mero de n&uacute;cleos de CPU: 8<br \/>\t\t\t&#8211; N&uacute;mero de hilos: 16<br \/>\t\t\t&#8211;&nbsp;N.&deg; de n&uacute;cleos de GPU: 8<br \/>\t\t\t&#8211; Velocidad base de reloj: 3.8GHz<br \/>\t\t\t&#8211; Velocidad m&aacute;x. de n&uacute;cleo: Hasta 4.6GHz<br \/>\t\t\t&#8211; TDP: 65W<br \/>\t\t\t&#8211; Soluci&oacute;n t&eacute;rmica: Disipador Wraith Stealth<\/td>\n<\/tr>\n<tr>\n<td valign=\"top\"><strong>Fecha de revisi&oacute;n<\/strong><\/td>\n<td valign=\"top\">30-12-2021 por MSB<\/td>\n<\/tr>\n<\/table>\n","protected":false},"excerpt":{"rendered":"<p>&nbsp; Marca AMD Modelo 100-100000263BOX Encapsulado &#8211; AM4 Frecuencia &#8211; 2000 MHz Cach&eacute; interna &#8211; 16 MB (L3) &#8211; 4 MB (L2) Rendimiento &#8211; N&uacute;mero de n&uacute;cleos de CPU: 8 &#8211; N&uacute;mero de hilos: 16 &#8211;&nbsp;N.&deg; de n&uacute;cleos de GPU: 8 &#8211; Velocidad base de reloj: 3.8GHz &#8211; Velocidad m&aacute;x. de n&uacute;cleo: Hasta 4.6GHz &#8211;&hellip;&nbsp;<a href=\"https:\/\/aivlisoft.net\/shop\/producto\/amd-ryzen-7-5700g-4-6ghz-20mb-8-core-am4-boxdisi\/\" rel=\"bookmark\"><span class=\"screen-reader-text\">AMD RYZEN 7 5700G 4.6GHz 20MB 8 CORE  AM4 BOX+Disi<\/span><\/a><\/p>\n","protected":false},"featured_media":13986,"template":"","meta":{"neve_meta_sidebar":"","neve_meta_container":"","neve_meta_enable_content_width":"","neve_meta_content_width":0,"neve_meta_title_alignment":"","neve_meta_author_avatar":"","neve_post_elements_order":"","neve_meta_disable_header":"","neve_meta_disable_footer":"","neve_meta_disable_title":""},"product_brand":[],"product_cat":[8737],"product_tag":[5396],"class_list":{"0":"post-13985","1":"product","2":"type-product","3":"status-publish","4":"has-post-thumbnail","6":"product_cat-micros-amd-am4","7":"product_tag-100-100000263box","9":"first","10":"instock","11":"taxable","12":"shipping-taxable","13":"purchasable","14":"product-type-simple"},"yoast_head":"<!-- This site is optimized with the Yoast SEO plugin v26.0 - https:\/\/yoast.com\/wordpress\/plugins\/seo\/ -->\n<title>AMD RYZEN 7 5700G 4.6GHz 20MB 8 CORE AM4 BOX+Disi - Aivlisoft Inform\u00e1tica<\/title>\n<meta name=\"robots\" content=\"index, follow, max-snippet:-1, max-image-preview:large, max-video-preview:-1\" \/>\n<link rel=\"canonical\" href=\"https:\/\/aivlisoft.net\/shop\/producto\/amd-ryzen-7-5700g-4-6ghz-20mb-8-core-am4-boxdisi\/\" \/>\n<meta property=\"og:locale\" content=\"es_ES\" \/>\n<meta property=\"og:type\" content=\"article\" \/>\n<meta property=\"og:title\" content=\"AMD RYZEN 7 5700G 4.6GHz 20MB 8 CORE AM4 BOX+Disi - Aivlisoft Inform\u00e1tica\" \/>\n<meta property=\"og:description\" content=\"&nbsp; Marca AMD Modelo 100-100000263BOX Encapsulado &#8211; AM4 Frecuencia &#8211; 2000 MHz Cach&eacute; interna &#8211; 16 MB (L3) &#8211; 4 MB (L2) Rendimiento &#8211; N&uacute;mero de n&uacute;cleos de CPU: 8 &#8211; N&uacute;mero de hilos: 16 &#8211;&nbsp;N.&deg; de n&uacute;cleos de GPU: 8 &#8211; Velocidad base de reloj: 3.8GHz &#8211; Velocidad m&aacute;x. de n&uacute;cleo: Hasta 4.6GHz &#8211;&hellip;&nbsp;AMD RYZEN 7 5700G 4.6GHz 20MB 8 CORE AM4 BOX+Disi\" \/>\n<meta property=\"og:url\" content=\"https:\/\/aivlisoft.net\/shop\/producto\/amd-ryzen-7-5700g-4-6ghz-20mb-8-core-am4-boxdisi\/\" \/>\n<meta property=\"og:site_name\" content=\"Aivlisoft Inform\u00e1tica\" \/>\n<meta property=\"article:modified_time\" content=\"2025-01-14T11:13:49+00:00\" \/>\n<meta property=\"og:image\" content=\"https:\/\/aivlisoft.net\/shop\/wp-content\/uploads\/2025\/01\/IMIMA40046_800.jpg\" \/>\n\t<meta property=\"og:image:width\" content=\"800\" \/>\n\t<meta property=\"og:image:height\" content=\"800\" \/>\n\t<meta property=\"og:image:type\" content=\"image\/jpeg\" \/>\n<meta name=\"twitter:card\" content=\"summary_large_image\" \/>\n<script type=\"application\/ld+json\" class=\"yoast-schema-graph\">{\"@context\":\"https:\/\/schema.org\",\"@graph\":[{\"@type\":\"WebPage\",\"@id\":\"https:\/\/aivlisoft.net\/shop\/producto\/amd-ryzen-7-5700g-4-6ghz-20mb-8-core-am4-boxdisi\/\",\"url\":\"https:\/\/aivlisoft.net\/shop\/producto\/amd-ryzen-7-5700g-4-6ghz-20mb-8-core-am4-boxdisi\/\",\"name\":\"AMD RYZEN 7 5700G 4.6GHz 20MB 8 CORE AM4 BOX+Disi - Aivlisoft Inform\u00e1tica\",\"isPartOf\":{\"@id\":\"https:\/\/aivlisoft.net\/shop\/#website\"},\"primaryImageOfPage\":{\"@id\":\"https:\/\/aivlisoft.net\/shop\/producto\/amd-ryzen-7-5700g-4-6ghz-20mb-8-core-am4-boxdisi\/#primaryimage\"},\"image\":{\"@id\":\"https:\/\/aivlisoft.net\/shop\/producto\/amd-ryzen-7-5700g-4-6ghz-20mb-8-core-am4-boxdisi\/#primaryimage\"},\"thumbnailUrl\":\"https:\/\/aivlisoft.net\/shop\/wp-content\/uploads\/2025\/01\/IMIMA40046_800.jpg\",\"datePublished\":\"2025-01-13T14:38:38+00:00\",\"dateModified\":\"2025-01-14T11:13:49+00:00\",\"breadcrumb\":{\"@id\":\"https:\/\/aivlisoft.net\/shop\/producto\/amd-ryzen-7-5700g-4-6ghz-20mb-8-core-am4-boxdisi\/#breadcrumb\"},\"inLanguage\":\"es\",\"potentialAction\":[{\"@type\":\"ReadAction\",\"target\":[\"https:\/\/aivlisoft.net\/shop\/producto\/amd-ryzen-7-5700g-4-6ghz-20mb-8-core-am4-boxdisi\/\"]}]},{\"@type\":\"ImageObject\",\"inLanguage\":\"es\",\"@id\":\"https:\/\/aivlisoft.net\/shop\/producto\/amd-ryzen-7-5700g-4-6ghz-20mb-8-core-am4-boxdisi\/#primaryimage\",\"url\":\"https:\/\/aivlisoft.net\/shop\/wp-content\/uploads\/2025\/01\/IMIMA40046_800.jpg\",\"contentUrl\":\"https:\/\/aivlisoft.net\/shop\/wp-content\/uploads\/2025\/01\/IMIMA40046_800.jpg\",\"width\":800,\"height\":800},{\"@type\":\"BreadcrumbList\",\"@id\":\"https:\/\/aivlisoft.net\/shop\/producto\/amd-ryzen-7-5700g-4-6ghz-20mb-8-core-am4-boxdisi\/#breadcrumb\",\"itemListElement\":[{\"@type\":\"ListItem\",\"position\":1,\"name\":\"Portada\",\"item\":\"https:\/\/aivlisoft.net\/shop\/\"},{\"@type\":\"ListItem\",\"position\":2,\"name\":\"Tienda\",\"item\":\"https:\/\/aivlisoft.net\/shop\/tienda\/\"},{\"@type\":\"ListItem\",\"position\":3,\"name\":\"AMD RYZEN 7 5700G 4.6GHz 20MB 8 CORE AM4 BOX+Disi\"}]},{\"@type\":\"WebSite\",\"@id\":\"https:\/\/aivlisoft.net\/shop\/#website\",\"url\":\"https:\/\/aivlisoft.net\/shop\/\",\"name\":\"Aivlisoft Inform\u00e1tica\",\"description\":\"En Aivlisoft Inform\u00e1tica ofrecemos soluciones tecnol\u00f3gicas para empresas: venta de ordenadores, consumibles, perif\u00e9ricos y m\u00e1s. Calidad, atenci\u00f3n personalizada y los mejores precios para tu negocio.\",\"publisher\":{\"@id\":\"https:\/\/aivlisoft.net\/shop\/#organization\"},\"potentialAction\":[{\"@type\":\"SearchAction\",\"target\":{\"@type\":\"EntryPoint\",\"urlTemplate\":\"https:\/\/aivlisoft.net\/shop\/?s={search_term_string}\"},\"query-input\":{\"@type\":\"PropertyValueSpecification\",\"valueRequired\":true,\"valueName\":\"search_term_string\"}}],\"inLanguage\":\"es\"},{\"@type\":\"Organization\",\"@id\":\"https:\/\/aivlisoft.net\/shop\/#organization\",\"name\":\"Aivlisoft Inform\u00e1tica\",\"url\":\"https:\/\/aivlisoft.net\/shop\/\",\"logo\":{\"@type\":\"ImageObject\",\"inLanguage\":\"es\",\"@id\":\"https:\/\/aivlisoft.net\/shop\/#\/schema\/logo\/image\/\",\"url\":\"https:\/\/aivlisoft.net\/shop\/wp-content\/uploads\/2024\/12\/removal.ai_5b848c54-0cdf-4140-95c5-c5536bb7573b-logodef.png\",\"contentUrl\":\"https:\/\/aivlisoft.net\/shop\/wp-content\/uploads\/2024\/12\/removal.ai_5b848c54-0cdf-4140-95c5-c5536bb7573b-logodef.png\",\"width\":484,\"height\":182,\"caption\":\"Aivlisoft Inform\u00e1tica\"},\"image\":{\"@id\":\"https:\/\/aivlisoft.net\/shop\/#\/schema\/logo\/image\/\"}}]}<\/script>\n<!-- \/ Yoast SEO plugin. -->","yoast_head_json":{"title":"AMD RYZEN 7 5700G 4.6GHz 20MB 8 CORE AM4 BOX+Disi - Aivlisoft Inform\u00e1tica","robots":{"index":"index","follow":"follow","max-snippet":"max-snippet:-1","max-image-preview":"max-image-preview:large","max-video-preview":"max-video-preview:-1"},"canonical":"https:\/\/aivlisoft.net\/shop\/producto\/amd-ryzen-7-5700g-4-6ghz-20mb-8-core-am4-boxdisi\/","og_locale":"es_ES","og_type":"article","og_title":"AMD RYZEN 7 5700G 4.6GHz 20MB 8 CORE AM4 BOX+Disi - Aivlisoft Inform\u00e1tica","og_description":"&nbsp; Marca AMD Modelo 100-100000263BOX Encapsulado &#8211; AM4 Frecuencia &#8211; 2000 MHz Cach&eacute; interna &#8211; 16 MB (L3) &#8211; 4 MB (L2) Rendimiento &#8211; N&uacute;mero de n&uacute;cleos de CPU: 8 &#8211; N&uacute;mero de hilos: 16 &#8211;&nbsp;N.&deg; de n&uacute;cleos de GPU: 8 &#8211; Velocidad base de reloj: 3.8GHz &#8211; Velocidad m&aacute;x. de n&uacute;cleo: Hasta 4.6GHz &#8211;&hellip;&nbsp;AMD RYZEN 7 5700G 4.6GHz 20MB 8 CORE AM4 BOX+Disi","og_url":"https:\/\/aivlisoft.net\/shop\/producto\/amd-ryzen-7-5700g-4-6ghz-20mb-8-core-am4-boxdisi\/","og_site_name":"Aivlisoft Inform\u00e1tica","article_modified_time":"2025-01-14T11:13:49+00:00","og_image":[{"width":800,"height":800,"url":"https:\/\/aivlisoft.net\/shop\/wp-content\/uploads\/2025\/01\/IMIMA40046_800.jpg","type":"image\/jpeg"}],"twitter_card":"summary_large_image","schema":{"@context":"https:\/\/schema.org","@graph":[{"@type":"WebPage","@id":"https:\/\/aivlisoft.net\/shop\/producto\/amd-ryzen-7-5700g-4-6ghz-20mb-8-core-am4-boxdisi\/","url":"https:\/\/aivlisoft.net\/shop\/producto\/amd-ryzen-7-5700g-4-6ghz-20mb-8-core-am4-boxdisi\/","name":"AMD RYZEN 7 5700G 4.6GHz 20MB 8 CORE AM4 BOX+Disi - Aivlisoft Inform\u00e1tica","isPartOf":{"@id":"https:\/\/aivlisoft.net\/shop\/#website"},"primaryImageOfPage":{"@id":"https:\/\/aivlisoft.net\/shop\/producto\/amd-ryzen-7-5700g-4-6ghz-20mb-8-core-am4-boxdisi\/#primaryimage"},"image":{"@id":"https:\/\/aivlisoft.net\/shop\/producto\/amd-ryzen-7-5700g-4-6ghz-20mb-8-core-am4-boxdisi\/#primaryimage"},"thumbnailUrl":"https:\/\/aivlisoft.net\/shop\/wp-content\/uploads\/2025\/01\/IMIMA40046_800.jpg","datePublished":"2025-01-13T14:38:38+00:00","dateModified":"2025-01-14T11:13:49+00:00","breadcrumb":{"@id":"https:\/\/aivlisoft.net\/shop\/producto\/amd-ryzen-7-5700g-4-6ghz-20mb-8-core-am4-boxdisi\/#breadcrumb"},"inLanguage":"es","potentialAction":[{"@type":"ReadAction","target":["https:\/\/aivlisoft.net\/shop\/producto\/amd-ryzen-7-5700g-4-6ghz-20mb-8-core-am4-boxdisi\/"]}]},{"@type":"ImageObject","inLanguage":"es","@id":"https:\/\/aivlisoft.net\/shop\/producto\/amd-ryzen-7-5700g-4-6ghz-20mb-8-core-am4-boxdisi\/#primaryimage","url":"https:\/\/aivlisoft.net\/shop\/wp-content\/uploads\/2025\/01\/IMIMA40046_800.jpg","contentUrl":"https:\/\/aivlisoft.net\/shop\/wp-content\/uploads\/2025\/01\/IMIMA40046_800.jpg","width":800,"height":800},{"@type":"BreadcrumbList","@id":"https:\/\/aivlisoft.net\/shop\/producto\/amd-ryzen-7-5700g-4-6ghz-20mb-8-core-am4-boxdisi\/#breadcrumb","itemListElement":[{"@type":"ListItem","position":1,"name":"Portada","item":"https:\/\/aivlisoft.net\/shop\/"},{"@type":"ListItem","position":2,"name":"Tienda","item":"https:\/\/aivlisoft.net\/shop\/tienda\/"},{"@type":"ListItem","position":3,"name":"AMD RYZEN 7 5700G 4.6GHz 20MB 8 CORE AM4 BOX+Disi"}]},{"@type":"WebSite","@id":"https:\/\/aivlisoft.net\/shop\/#website","url":"https:\/\/aivlisoft.net\/shop\/","name":"Aivlisoft Inform\u00e1tica","description":"En Aivlisoft Inform\u00e1tica ofrecemos soluciones tecnol\u00f3gicas para empresas: venta de ordenadores, consumibles, perif\u00e9ricos y m\u00e1s. Calidad, atenci\u00f3n personalizada y los mejores precios para tu negocio.","publisher":{"@id":"https:\/\/aivlisoft.net\/shop\/#organization"},"potentialAction":[{"@type":"SearchAction","target":{"@type":"EntryPoint","urlTemplate":"https:\/\/aivlisoft.net\/shop\/?s={search_term_string}"},"query-input":{"@type":"PropertyValueSpecification","valueRequired":true,"valueName":"search_term_string"}}],"inLanguage":"es"},{"@type":"Organization","@id":"https:\/\/aivlisoft.net\/shop\/#organization","name":"Aivlisoft Inform\u00e1tica","url":"https:\/\/aivlisoft.net\/shop\/","logo":{"@type":"ImageObject","inLanguage":"es","@id":"https:\/\/aivlisoft.net\/shop\/#\/schema\/logo\/image\/","url":"https:\/\/aivlisoft.net\/shop\/wp-content\/uploads\/2024\/12\/removal.ai_5b848c54-0cdf-4140-95c5-c5536bb7573b-logodef.png","contentUrl":"https:\/\/aivlisoft.net\/shop\/wp-content\/uploads\/2024\/12\/removal.ai_5b848c54-0cdf-4140-95c5-c5536bb7573b-logodef.png","width":484,"height":182,"caption":"Aivlisoft Inform\u00e1tica"},"image":{"@id":"https:\/\/aivlisoft.net\/shop\/#\/schema\/logo\/image\/"}}]}},"_links":{"self":[{"href":"https:\/\/aivlisoft.net\/shop\/wp-json\/wp\/v2\/product\/13985","targetHints":{"allow":["GET"]}}],"collection":[{"href":"https:\/\/aivlisoft.net\/shop\/wp-json\/wp\/v2\/product"}],"about":[{"href":"https:\/\/aivlisoft.net\/shop\/wp-json\/wp\/v2\/types\/product"}],"wp:featuredmedia":[{"embeddable":true,"href":"https:\/\/aivlisoft.net\/shop\/wp-json\/wp\/v2\/media\/13986"}],"wp:attachment":[{"href":"https:\/\/aivlisoft.net\/shop\/wp-json\/wp\/v2\/media?parent=13985"}],"wp:term":[{"taxonomy":"product_brand","embeddable":true,"href":"https:\/\/aivlisoft.net\/shop\/wp-json\/wp\/v2\/product_brand?post=13985"},{"taxonomy":"product_cat","embeddable":true,"href":"https:\/\/aivlisoft.net\/shop\/wp-json\/wp\/v2\/product_cat?post=13985"},{"taxonomy":"product_tag","embeddable":true,"href":"https:\/\/aivlisoft.net\/shop\/wp-json\/wp\/v2\/product_tag?post=13985"}],"curies":[{"name":"wp","href":"https:\/\/api.w.org\/{rel}","templated":true}]}}