{"id":13963,"date":"2025-01-13T14:38:24","date_gmt":"2025-01-13T14:38:24","guid":{"rendered":"https:\/\/aivlisoft.com\/?post_type=product&#038;p=13963"},"modified":"2025-01-14T11:13:39","modified_gmt":"2025-01-14T11:13:39","slug":"biwin-dw100-ddr5-rgb-udimm-6000mhz-32g16g2-cl30-2","status":"publish","type":"product","link":"https:\/\/aivlisoft.net\/shop\/producto\/biwin-dw100-ddr5-rgb-udimm-6000mhz-32g16g2-cl30-2\/","title":{"rendered":"Biwin DW100 DDR5 RGB UDIMM 6000MHz 32G(16G*2) CL30"},"content":{"rendered":"<p><\/p>\n<table class=\"tabla_caracteristicas k-table\" width=\"100%\">\n<tr>\n<td valign=\"top\"><strong>Marca<\/strong><\/td>\n<td>Biwin<\/td>\n<\/tr>\n<tr>\n<td valign=\"top\"><strong>Modelo<\/strong><\/td>\n<td><strong>B5DW100326030ER2G-CW<\/strong><\/td>\n<\/tr>\n<tr>\n<td valign=\"top\"><strong>Tecnolog&iacute;a<\/strong><\/td>\n<td><strong>&#8211; DDR5<\/strong><\/td>\n<\/tr>\n<tr>\n<td valign=\"top\"><strong>Capacidad<\/strong><\/td>\n<td><strong>&#8211; 32GB <\/strong>(2 pcs x 16 GB)<\/td>\n<\/tr>\n<tr>\n<td valign=\"top\"><strong>Latencia<\/strong><\/td>\n<td>&#8211; CL30<\/td>\n<\/tr>\n<tr>\n<td valign=\"top\"><strong>Voltaje<\/strong><\/td>\n<td>&#8211; 1.35V<\/td>\n<\/tr>\n<tr>\n<td valign=\"top\"><strong>Caracter&iacute;sticas<\/strong><\/td>\n<td>&#8211; Rank: 1R*8<br \/>\t\t\t&#8211; Data Rate: 6000<br \/>\t\t\t&#8211; Iluminaci&oacute;n: RGB<br \/>\t\t\t&#8211; Temperatura de funcionamiento: 0? to +85?<br \/>\t\t\t&#8211; Temperatura de almacenamiento: -40? to +85?<br \/>\t\t\t<strong>Dimensiones<\/strong><br \/>\t\t\t&#8211; 136,19 x 50,24 x 8,40 mm<\/td>\n<\/tr>\n<tr>\n<td valign=\"top\"><strong>Fecha de revisi&oacute;n<\/strong><\/td>\n<td>13-11-2024 por RTY<\/td>\n<\/tr>\n<\/table>\n","protected":false},"excerpt":{"rendered":"<p>Marca Biwin Modelo B5DW100326030ER2G-CW Tecnolog&iacute;a &#8211; DDR5 Capacidad &#8211; 32GB (2 pcs x 16 GB) Latencia &#8211; CL30 Voltaje &#8211; 1.35V Caracter&iacute;sticas &#8211; Rank: 1R*8 &#8211; Data Rate: 6000 &#8211; Iluminaci&oacute;n: RGB &#8211; Temperatura de funcionamiento: 0? to +85? &#8211; Temperatura de almacenamiento: -40? to +85? Dimensiones &#8211; 136,19 x 50,24 x 8,40 mm Fecha&hellip;&nbsp;<a href=\"https:\/\/aivlisoft.net\/shop\/producto\/biwin-dw100-ddr5-rgb-udimm-6000mhz-32g16g2-cl30-2\/\" rel=\"bookmark\"><span class=\"screen-reader-text\">Biwin DW100 DDR5 RGB UDIMM 6000MHz 32G(16G*2) CL30<\/span><\/a><\/p>\n","protected":false},"featured_media":13964,"template":"","meta":{"neve_meta_sidebar":"","neve_meta_container":"","neve_meta_enable_content_width":"","neve_meta_content_width":0,"neve_meta_title_alignment":"","neve_meta_author_avatar":"","neve_post_elements_order":"","neve_meta_disable_header":"","neve_meta_disable_footer":"","neve_meta_disable_title":""},"product_brand":[],"product_cat":[8736],"product_tag":[5383],"class_list":{"0":"post-13963","1":"product","2":"type-product","3":"status-publish","4":"has-post-thumbnail","6":"product_cat-memorias-ddr5","7":"product_tag-b5dw100326030er2g-cw","9":"first","10":"instock","11":"taxable","12":"shipping-taxable","13":"purchasable","14":"product-type-simple"},"yoast_head":"<!-- This site is optimized with the Yoast SEO plugin v26.0 - https:\/\/yoast.com\/wordpress\/plugins\/seo\/ -->\n<title>Biwin DW100 DDR5 RGB UDIMM 6000MHz 32G(16G*2) CL30 - Aivlisoft Inform\u00e1tica<\/title>\n<meta name=\"robots\" content=\"index, follow, max-snippet:-1, max-image-preview:large, max-video-preview:-1\" \/>\n<link rel=\"canonical\" href=\"https:\/\/aivlisoft.net\/shop\/producto\/biwin-dw100-ddr5-rgb-udimm-6000mhz-32g16g2-cl30-2\/\" \/>\n<meta property=\"og:locale\" content=\"es_ES\" \/>\n<meta property=\"og:type\" content=\"article\" \/>\n<meta property=\"og:title\" content=\"Biwin DW100 DDR5 RGB UDIMM 6000MHz 32G(16G*2) CL30 - Aivlisoft Inform\u00e1tica\" \/>\n<meta property=\"og:description\" content=\"Marca Biwin Modelo B5DW100326030ER2G-CW Tecnolog&iacute;a &#8211; DDR5 Capacidad &#8211; 32GB (2 pcs x 16 GB) Latencia &#8211; CL30 Voltaje &#8211; 1.35V Caracter&iacute;sticas &#8211; Rank: 1R*8 &#8211; Data Rate: 6000 &#8211; Iluminaci&oacute;n: RGB &#8211; Temperatura de funcionamiento: 0? to +85? &#8211; Temperatura de almacenamiento: -40? to +85? Dimensiones &#8211; 136,19 x 50,24 x 8,40 mm Fecha&hellip;&nbsp;Biwin DW100 DDR5 RGB UDIMM 6000MHz 32G(16G*2) CL30\" \/>\n<meta property=\"og:url\" content=\"https:\/\/aivlisoft.net\/shop\/producto\/biwin-dw100-ddr5-rgb-udimm-6000mhz-32g16g2-cl30-2\/\" \/>\n<meta property=\"og:site_name\" content=\"Aivlisoft Inform\u00e1tica\" \/>\n<meta property=\"article:modified_time\" content=\"2025-01-14T11:13:39+00:00\" \/>\n<meta property=\"og:image\" content=\"https:\/\/aivlisoft.net\/shop\/wp-content\/uploads\/2025\/01\/IMEMD50121_800.jpg\" \/>\n\t<meta property=\"og:image:width\" content=\"800\" \/>\n\t<meta property=\"og:image:height\" content=\"800\" \/>\n\t<meta property=\"og:image:type\" content=\"image\/jpeg\" \/>\n<meta name=\"twitter:card\" content=\"summary_large_image\" \/>\n<script type=\"application\/ld+json\" class=\"yoast-schema-graph\">{\"@context\":\"https:\/\/schema.org\",\"@graph\":[{\"@type\":\"WebPage\",\"@id\":\"https:\/\/aivlisoft.net\/shop\/producto\/biwin-dw100-ddr5-rgb-udimm-6000mhz-32g16g2-cl30-2\/\",\"url\":\"https:\/\/aivlisoft.net\/shop\/producto\/biwin-dw100-ddr5-rgb-udimm-6000mhz-32g16g2-cl30-2\/\",\"name\":\"Biwin DW100 DDR5 RGB UDIMM 6000MHz 32G(16G*2) CL30 - Aivlisoft Inform\u00e1tica\",\"isPartOf\":{\"@id\":\"https:\/\/aivlisoft.net\/shop\/#website\"},\"primaryImageOfPage\":{\"@id\":\"https:\/\/aivlisoft.net\/shop\/producto\/biwin-dw100-ddr5-rgb-udimm-6000mhz-32g16g2-cl30-2\/#primaryimage\"},\"image\":{\"@id\":\"https:\/\/aivlisoft.net\/shop\/producto\/biwin-dw100-ddr5-rgb-udimm-6000mhz-32g16g2-cl30-2\/#primaryimage\"},\"thumbnailUrl\":\"https:\/\/aivlisoft.net\/shop\/wp-content\/uploads\/2025\/01\/IMEMD50121_800.jpg\",\"datePublished\":\"2025-01-13T14:38:24+00:00\",\"dateModified\":\"2025-01-14T11:13:39+00:00\",\"breadcrumb\":{\"@id\":\"https:\/\/aivlisoft.net\/shop\/producto\/biwin-dw100-ddr5-rgb-udimm-6000mhz-32g16g2-cl30-2\/#breadcrumb\"},\"inLanguage\":\"es\",\"potentialAction\":[{\"@type\":\"ReadAction\",\"target\":[\"https:\/\/aivlisoft.net\/shop\/producto\/biwin-dw100-ddr5-rgb-udimm-6000mhz-32g16g2-cl30-2\/\"]}]},{\"@type\":\"ImageObject\",\"inLanguage\":\"es\",\"@id\":\"https:\/\/aivlisoft.net\/shop\/producto\/biwin-dw100-ddr5-rgb-udimm-6000mhz-32g16g2-cl30-2\/#primaryimage\",\"url\":\"https:\/\/aivlisoft.net\/shop\/wp-content\/uploads\/2025\/01\/IMEMD50121_800.jpg\",\"contentUrl\":\"https:\/\/aivlisoft.net\/shop\/wp-content\/uploads\/2025\/01\/IMEMD50121_800.jpg\",\"width\":800,\"height\":800},{\"@type\":\"BreadcrumbList\",\"@id\":\"https:\/\/aivlisoft.net\/shop\/producto\/biwin-dw100-ddr5-rgb-udimm-6000mhz-32g16g2-cl30-2\/#breadcrumb\",\"itemListElement\":[{\"@type\":\"ListItem\",\"position\":1,\"name\":\"Portada\",\"item\":\"https:\/\/aivlisoft.net\/shop\/\"},{\"@type\":\"ListItem\",\"position\":2,\"name\":\"Tienda\",\"item\":\"https:\/\/aivlisoft.net\/shop\/tienda\/\"},{\"@type\":\"ListItem\",\"position\":3,\"name\":\"Biwin DW100 DDR5 RGB UDIMM 6000MHz 32G(16G*2) CL30\"}]},{\"@type\":\"WebSite\",\"@id\":\"https:\/\/aivlisoft.net\/shop\/#website\",\"url\":\"https:\/\/aivlisoft.net\/shop\/\",\"name\":\"Aivlisoft Inform\u00e1tica\",\"description\":\"En Aivlisoft Inform\u00e1tica ofrecemos soluciones tecnol\u00f3gicas para empresas: venta de ordenadores, consumibles, perif\u00e9ricos y m\u00e1s. Calidad, atenci\u00f3n personalizada y los mejores precios para tu negocio.\",\"publisher\":{\"@id\":\"https:\/\/aivlisoft.net\/shop\/#organization\"},\"potentialAction\":[{\"@type\":\"SearchAction\",\"target\":{\"@type\":\"EntryPoint\",\"urlTemplate\":\"https:\/\/aivlisoft.net\/shop\/?s={search_term_string}\"},\"query-input\":{\"@type\":\"PropertyValueSpecification\",\"valueRequired\":true,\"valueName\":\"search_term_string\"}}],\"inLanguage\":\"es\"},{\"@type\":\"Organization\",\"@id\":\"https:\/\/aivlisoft.net\/shop\/#organization\",\"name\":\"Aivlisoft Inform\u00e1tica\",\"url\":\"https:\/\/aivlisoft.net\/shop\/\",\"logo\":{\"@type\":\"ImageObject\",\"inLanguage\":\"es\",\"@id\":\"https:\/\/aivlisoft.net\/shop\/#\/schema\/logo\/image\/\",\"url\":\"https:\/\/aivlisoft.net\/shop\/wp-content\/uploads\/2024\/12\/removal.ai_5b848c54-0cdf-4140-95c5-c5536bb7573b-logodef.png\",\"contentUrl\":\"https:\/\/aivlisoft.net\/shop\/wp-content\/uploads\/2024\/12\/removal.ai_5b848c54-0cdf-4140-95c5-c5536bb7573b-logodef.png\",\"width\":484,\"height\":182,\"caption\":\"Aivlisoft Inform\u00e1tica\"},\"image\":{\"@id\":\"https:\/\/aivlisoft.net\/shop\/#\/schema\/logo\/image\/\"}}]}<\/script>\n<!-- \/ Yoast SEO plugin. -->","yoast_head_json":{"title":"Biwin DW100 DDR5 RGB UDIMM 6000MHz 32G(16G*2) CL30 - Aivlisoft Inform\u00e1tica","robots":{"index":"index","follow":"follow","max-snippet":"max-snippet:-1","max-image-preview":"max-image-preview:large","max-video-preview":"max-video-preview:-1"},"canonical":"https:\/\/aivlisoft.net\/shop\/producto\/biwin-dw100-ddr5-rgb-udimm-6000mhz-32g16g2-cl30-2\/","og_locale":"es_ES","og_type":"article","og_title":"Biwin DW100 DDR5 RGB UDIMM 6000MHz 32G(16G*2) CL30 - Aivlisoft Inform\u00e1tica","og_description":"Marca Biwin Modelo B5DW100326030ER2G-CW Tecnolog&iacute;a &#8211; DDR5 Capacidad &#8211; 32GB (2 pcs x 16 GB) Latencia &#8211; CL30 Voltaje &#8211; 1.35V Caracter&iacute;sticas &#8211; Rank: 1R*8 &#8211; Data Rate: 6000 &#8211; Iluminaci&oacute;n: RGB &#8211; Temperatura de funcionamiento: 0? to +85? &#8211; Temperatura de almacenamiento: -40? to +85? Dimensiones &#8211; 136,19 x 50,24 x 8,40 mm Fecha&hellip;&nbsp;Biwin DW100 DDR5 RGB UDIMM 6000MHz 32G(16G*2) CL30","og_url":"https:\/\/aivlisoft.net\/shop\/producto\/biwin-dw100-ddr5-rgb-udimm-6000mhz-32g16g2-cl30-2\/","og_site_name":"Aivlisoft Inform\u00e1tica","article_modified_time":"2025-01-14T11:13:39+00:00","og_image":[{"width":800,"height":800,"url":"https:\/\/aivlisoft.net\/shop\/wp-content\/uploads\/2025\/01\/IMEMD50121_800.jpg","type":"image\/jpeg"}],"twitter_card":"summary_large_image","schema":{"@context":"https:\/\/schema.org","@graph":[{"@type":"WebPage","@id":"https:\/\/aivlisoft.net\/shop\/producto\/biwin-dw100-ddr5-rgb-udimm-6000mhz-32g16g2-cl30-2\/","url":"https:\/\/aivlisoft.net\/shop\/producto\/biwin-dw100-ddr5-rgb-udimm-6000mhz-32g16g2-cl30-2\/","name":"Biwin DW100 DDR5 RGB UDIMM 6000MHz 32G(16G*2) CL30 - Aivlisoft Inform\u00e1tica","isPartOf":{"@id":"https:\/\/aivlisoft.net\/shop\/#website"},"primaryImageOfPage":{"@id":"https:\/\/aivlisoft.net\/shop\/producto\/biwin-dw100-ddr5-rgb-udimm-6000mhz-32g16g2-cl30-2\/#primaryimage"},"image":{"@id":"https:\/\/aivlisoft.net\/shop\/producto\/biwin-dw100-ddr5-rgb-udimm-6000mhz-32g16g2-cl30-2\/#primaryimage"},"thumbnailUrl":"https:\/\/aivlisoft.net\/shop\/wp-content\/uploads\/2025\/01\/IMEMD50121_800.jpg","datePublished":"2025-01-13T14:38:24+00:00","dateModified":"2025-01-14T11:13:39+00:00","breadcrumb":{"@id":"https:\/\/aivlisoft.net\/shop\/producto\/biwin-dw100-ddr5-rgb-udimm-6000mhz-32g16g2-cl30-2\/#breadcrumb"},"inLanguage":"es","potentialAction":[{"@type":"ReadAction","target":["https:\/\/aivlisoft.net\/shop\/producto\/biwin-dw100-ddr5-rgb-udimm-6000mhz-32g16g2-cl30-2\/"]}]},{"@type":"ImageObject","inLanguage":"es","@id":"https:\/\/aivlisoft.net\/shop\/producto\/biwin-dw100-ddr5-rgb-udimm-6000mhz-32g16g2-cl30-2\/#primaryimage","url":"https:\/\/aivlisoft.net\/shop\/wp-content\/uploads\/2025\/01\/IMEMD50121_800.jpg","contentUrl":"https:\/\/aivlisoft.net\/shop\/wp-content\/uploads\/2025\/01\/IMEMD50121_800.jpg","width":800,"height":800},{"@type":"BreadcrumbList","@id":"https:\/\/aivlisoft.net\/shop\/producto\/biwin-dw100-ddr5-rgb-udimm-6000mhz-32g16g2-cl30-2\/#breadcrumb","itemListElement":[{"@type":"ListItem","position":1,"name":"Portada","item":"https:\/\/aivlisoft.net\/shop\/"},{"@type":"ListItem","position":2,"name":"Tienda","item":"https:\/\/aivlisoft.net\/shop\/tienda\/"},{"@type":"ListItem","position":3,"name":"Biwin DW100 DDR5 RGB UDIMM 6000MHz 32G(16G*2) CL30"}]},{"@type":"WebSite","@id":"https:\/\/aivlisoft.net\/shop\/#website","url":"https:\/\/aivlisoft.net\/shop\/","name":"Aivlisoft Inform\u00e1tica","description":"En Aivlisoft Inform\u00e1tica ofrecemos soluciones tecnol\u00f3gicas para empresas: venta de ordenadores, consumibles, perif\u00e9ricos y m\u00e1s. Calidad, atenci\u00f3n personalizada y los mejores precios para tu negocio.","publisher":{"@id":"https:\/\/aivlisoft.net\/shop\/#organization"},"potentialAction":[{"@type":"SearchAction","target":{"@type":"EntryPoint","urlTemplate":"https:\/\/aivlisoft.net\/shop\/?s={search_term_string}"},"query-input":{"@type":"PropertyValueSpecification","valueRequired":true,"valueName":"search_term_string"}}],"inLanguage":"es"},{"@type":"Organization","@id":"https:\/\/aivlisoft.net\/shop\/#organization","name":"Aivlisoft Inform\u00e1tica","url":"https:\/\/aivlisoft.net\/shop\/","logo":{"@type":"ImageObject","inLanguage":"es","@id":"https:\/\/aivlisoft.net\/shop\/#\/schema\/logo\/image\/","url":"https:\/\/aivlisoft.net\/shop\/wp-content\/uploads\/2024\/12\/removal.ai_5b848c54-0cdf-4140-95c5-c5536bb7573b-logodef.png","contentUrl":"https:\/\/aivlisoft.net\/shop\/wp-content\/uploads\/2024\/12\/removal.ai_5b848c54-0cdf-4140-95c5-c5536bb7573b-logodef.png","width":484,"height":182,"caption":"Aivlisoft Inform\u00e1tica"},"image":{"@id":"https:\/\/aivlisoft.net\/shop\/#\/schema\/logo\/image\/"}}]}},"_links":{"self":[{"href":"https:\/\/aivlisoft.net\/shop\/wp-json\/wp\/v2\/product\/13963","targetHints":{"allow":["GET"]}}],"collection":[{"href":"https:\/\/aivlisoft.net\/shop\/wp-json\/wp\/v2\/product"}],"about":[{"href":"https:\/\/aivlisoft.net\/shop\/wp-json\/wp\/v2\/types\/product"}],"wp:featuredmedia":[{"embeddable":true,"href":"https:\/\/aivlisoft.net\/shop\/wp-json\/wp\/v2\/media\/13964"}],"wp:attachment":[{"href":"https:\/\/aivlisoft.net\/shop\/wp-json\/wp\/v2\/media?parent=13963"}],"wp:term":[{"taxonomy":"product_brand","embeddable":true,"href":"https:\/\/aivlisoft.net\/shop\/wp-json\/wp\/v2\/product_brand?post=13963"},{"taxonomy":"product_cat","embeddable":true,"href":"https:\/\/aivlisoft.net\/shop\/wp-json\/wp\/v2\/product_cat?post=13963"},{"taxonomy":"product_tag","embeddable":true,"href":"https:\/\/aivlisoft.net\/shop\/wp-json\/wp\/v2\/product_tag?post=13963"}],"curies":[{"name":"wp","href":"https:\/\/api.w.org\/{rel}","templated":true}]}}