{"id":13773,"date":"2025-01-13T14:36:36","date_gmt":"2025-01-13T14:36:36","guid":{"rendered":"https:\/\/aivlisoft.com\/?post_type=product&#038;p=13773"},"modified":"2025-01-14T11:12:30","modified_gmt":"2025-01-14T11:12:30","slug":"kingston-fury-beast-kf432c16bb12a-16-16gb-3200-rg","status":"publish","type":"product","link":"https:\/\/aivlisoft.net\/shop\/producto\/kingston-fury-beast-kf432c16bb12a-16-16gb-3200-rg\/","title":{"rendered":"Kingston Fury Beast KF432C16BB12A\/16 16Gb 3200 RG"},"content":{"rendered":"<p><\/p>\n<table class=\"tabla_caracteristicas\" width=\"100%\">\n<tr>\n<td valign=\"top\"><strong>Marca<\/strong><\/td>\n<td>Kingston<\/td>\n<\/tr>\n<tr>\n<td valign=\"top\"><strong>Modelo<\/strong><\/td>\n<td><strong>KF432C16BB12A\/16<\/strong><\/td>\n<\/tr>\n<tr>\n<td valign=\"top\"><strong>Caracter&iacute;sticas<\/strong><\/td>\n<td>&#8211; Formato: DIMM<br \/>\t\t\t&#8211; N&uacute;mero de pines: 288 pines<br \/>\t\t\t&#8211; Capacidad: <strong>16 GB<\/strong><br \/>\t\t\t&#8211; Tipo: <strong>DDR4<\/strong><br \/>\t\t\t&#8211; Voltaje: 1.2V<br \/>\t\t\t&#8211; Frecuencia: 3200 Mhz<br \/>\t\t\t&#8211; Latencia: CL16<br \/>\t\t\t&#8211; Tiempo de ciclo de hilera (tRCmin): 17 ciclos<br \/>\t\t\t&#8211; Actualizar a Activo\/Actualizar: 45,75 ns (m&iacute;n.)<br \/>\t\t\t&#8211; Tiempo de comando (tRFCmin): 350 ns (m&iacute;n.)<br \/>\t\t\t&#8211; Tiempo activo de fila (tRASmin): 32 ns (m&iacute;n.)<br \/>\t\t\t&#8211; Clasificaci&oacute;n UL: 94V &#8211; 0<br \/>\t\t\t&#8211; Temperatura de funcionamiento: 0 &ordm;C a +70 &ordm;C<br \/>\t\t\t&#8211; Temperatura de almacenamiento: -40 &ordm;C a +85 &ordm;C<br \/>\t\t\t&#8211; Iluminaci&oacute;n: RGB<br \/>\t\t\t&#8211; Dimensiones: 133.35 x 43 x 8.2 mm<\/td>\n<\/tr>\n<tr>\n<td valign=\"top\"><strong>Fecha de revisi&oacute;n<\/strong><\/td>\n<td>04-03-2024 por RTY<\/td>\n<\/tr>\n<\/table>\n","protected":false},"excerpt":{"rendered":"<p>Marca Kingston Modelo KF432C16BB12A\/16 Caracter&iacute;sticas &#8211; Formato: DIMM &#8211; N&uacute;mero de pines: 288 pines &#8211; Capacidad: 16 GB &#8211; Tipo: DDR4 &#8211; Voltaje: 1.2V &#8211; Frecuencia: 3200 Mhz &#8211; Latencia: CL16 &#8211; Tiempo de ciclo de hilera (tRCmin): 17 ciclos &#8211; Actualizar a Activo\/Actualizar: 45,75 ns (m&iacute;n.) &#8211; Tiempo de comando (tRFCmin): 350 ns (m&iacute;n.)&hellip;&nbsp;<a href=\"https:\/\/aivlisoft.net\/shop\/producto\/kingston-fury-beast-kf432c16bb12a-16-16gb-3200-rg\/\" rel=\"bookmark\"><span class=\"screen-reader-text\">Kingston Fury Beast KF432C16BB12A\/16 16Gb 3200 RG<\/span><\/a><\/p>\n","protected":false},"featured_media":13774,"template":"","meta":{"neve_meta_sidebar":"","neve_meta_container":"","neve_meta_enable_content_width":"","neve_meta_content_width":0,"neve_meta_title_alignment":"","neve_meta_author_avatar":"","neve_post_elements_order":"","neve_meta_disable_header":"","neve_meta_disable_footer":"","neve_meta_disable_title":""},"product_brand":[],"product_cat":[8735],"product_tag":[5318],"class_list":{"0":"post-13773","1":"product","2":"type-product","3":"status-publish","4":"has-post-thumbnail","6":"product_cat-memorias-ddr4","7":"product_tag-kf432c16bb12a-16","9":"first","10":"instock","11":"taxable","12":"shipping-taxable","13":"purchasable","14":"product-type-simple"},"yoast_head":"<!-- This site is optimized with the Yoast SEO plugin v26.0 - https:\/\/yoast.com\/wordpress\/plugins\/seo\/ -->\n<title>Kingston Fury Beast KF432C16BB12A\/16 16Gb 3200 RG - Aivlisoft Inform\u00e1tica<\/title>\n<meta name=\"robots\" content=\"index, follow, max-snippet:-1, max-image-preview:large, max-video-preview:-1\" \/>\n<link rel=\"canonical\" href=\"https:\/\/aivlisoft.net\/shop\/producto\/kingston-fury-beast-kf432c16bb12a-16-16gb-3200-rg\/\" \/>\n<meta property=\"og:locale\" content=\"es_ES\" \/>\n<meta property=\"og:type\" content=\"article\" \/>\n<meta property=\"og:title\" content=\"Kingston Fury Beast KF432C16BB12A\/16 16Gb 3200 RG - Aivlisoft Inform\u00e1tica\" \/>\n<meta property=\"og:description\" content=\"Marca Kingston Modelo KF432C16BB12A\/16 Caracter&iacute;sticas &#8211; Formato: DIMM &#8211; N&uacute;mero de pines: 288 pines &#8211; Capacidad: 16 GB &#8211; Tipo: DDR4 &#8211; Voltaje: 1.2V &#8211; Frecuencia: 3200 Mhz &#8211; Latencia: CL16 &#8211; Tiempo de ciclo de hilera (tRCmin): 17 ciclos &#8211; Actualizar a Activo\/Actualizar: 45,75 ns (m&iacute;n.) &#8211; Tiempo de comando (tRFCmin): 350 ns (m&iacute;n.)&hellip;&nbsp;Kingston Fury Beast KF432C16BB12A\/16 16Gb 3200 RG\" \/>\n<meta property=\"og:url\" content=\"https:\/\/aivlisoft.net\/shop\/producto\/kingston-fury-beast-kf432c16bb12a-16-16gb-3200-rg\/\" \/>\n<meta property=\"og:site_name\" content=\"Aivlisoft Inform\u00e1tica\" \/>\n<meta property=\"article:modified_time\" content=\"2025-01-14T11:12:30+00:00\" \/>\n<meta property=\"og:image\" content=\"https:\/\/aivlisoft.net\/shop\/wp-content\/uploads\/2025\/01\/IMEMD40553_800.jpg\" \/>\n\t<meta property=\"og:image:width\" content=\"800\" \/>\n\t<meta property=\"og:image:height\" content=\"800\" \/>\n\t<meta property=\"og:image:type\" content=\"image\/jpeg\" \/>\n<meta name=\"twitter:card\" content=\"summary_large_image\" \/>\n<meta name=\"twitter:label1\" content=\"Tiempo de lectura\" \/>\n\t<meta name=\"twitter:data1\" content=\"1 minuto\" \/>\n<script type=\"application\/ld+json\" class=\"yoast-schema-graph\">{\"@context\":\"https:\/\/schema.org\",\"@graph\":[{\"@type\":\"WebPage\",\"@id\":\"https:\/\/aivlisoft.net\/shop\/producto\/kingston-fury-beast-kf432c16bb12a-16-16gb-3200-rg\/\",\"url\":\"https:\/\/aivlisoft.net\/shop\/producto\/kingston-fury-beast-kf432c16bb12a-16-16gb-3200-rg\/\",\"name\":\"Kingston Fury Beast KF432C16BB12A\/16 16Gb 3200 RG - Aivlisoft Inform\u00e1tica\",\"isPartOf\":{\"@id\":\"https:\/\/aivlisoft.net\/shop\/#website\"},\"primaryImageOfPage\":{\"@id\":\"https:\/\/aivlisoft.net\/shop\/producto\/kingston-fury-beast-kf432c16bb12a-16-16gb-3200-rg\/#primaryimage\"},\"image\":{\"@id\":\"https:\/\/aivlisoft.net\/shop\/producto\/kingston-fury-beast-kf432c16bb12a-16-16gb-3200-rg\/#primaryimage\"},\"thumbnailUrl\":\"https:\/\/aivlisoft.net\/shop\/wp-content\/uploads\/2025\/01\/IMEMD40553_800.jpg\",\"datePublished\":\"2025-01-13T14:36:36+00:00\",\"dateModified\":\"2025-01-14T11:12:30+00:00\",\"breadcrumb\":{\"@id\":\"https:\/\/aivlisoft.net\/shop\/producto\/kingston-fury-beast-kf432c16bb12a-16-16gb-3200-rg\/#breadcrumb\"},\"inLanguage\":\"es\",\"potentialAction\":[{\"@type\":\"ReadAction\",\"target\":[\"https:\/\/aivlisoft.net\/shop\/producto\/kingston-fury-beast-kf432c16bb12a-16-16gb-3200-rg\/\"]}]},{\"@type\":\"ImageObject\",\"inLanguage\":\"es\",\"@id\":\"https:\/\/aivlisoft.net\/shop\/producto\/kingston-fury-beast-kf432c16bb12a-16-16gb-3200-rg\/#primaryimage\",\"url\":\"https:\/\/aivlisoft.net\/shop\/wp-content\/uploads\/2025\/01\/IMEMD40553_800.jpg\",\"contentUrl\":\"https:\/\/aivlisoft.net\/shop\/wp-content\/uploads\/2025\/01\/IMEMD40553_800.jpg\",\"width\":800,\"height\":800},{\"@type\":\"BreadcrumbList\",\"@id\":\"https:\/\/aivlisoft.net\/shop\/producto\/kingston-fury-beast-kf432c16bb12a-16-16gb-3200-rg\/#breadcrumb\",\"itemListElement\":[{\"@type\":\"ListItem\",\"position\":1,\"name\":\"Portada\",\"item\":\"https:\/\/aivlisoft.net\/shop\/\"},{\"@type\":\"ListItem\",\"position\":2,\"name\":\"Tienda\",\"item\":\"https:\/\/aivlisoft.net\/shop\/tienda\/\"},{\"@type\":\"ListItem\",\"position\":3,\"name\":\"Kingston Fury Beast KF432C16BB12A\/16 16Gb 3200 RG\"}]},{\"@type\":\"WebSite\",\"@id\":\"https:\/\/aivlisoft.net\/shop\/#website\",\"url\":\"https:\/\/aivlisoft.net\/shop\/\",\"name\":\"Aivlisoft Inform\u00e1tica\",\"description\":\"En Aivlisoft Inform\u00e1tica ofrecemos soluciones tecnol\u00f3gicas para empresas: venta de ordenadores, consumibles, perif\u00e9ricos y m\u00e1s. Calidad, atenci\u00f3n personalizada y los mejores precios para tu negocio.\",\"publisher\":{\"@id\":\"https:\/\/aivlisoft.net\/shop\/#organization\"},\"potentialAction\":[{\"@type\":\"SearchAction\",\"target\":{\"@type\":\"EntryPoint\",\"urlTemplate\":\"https:\/\/aivlisoft.net\/shop\/?s={search_term_string}\"},\"query-input\":{\"@type\":\"PropertyValueSpecification\",\"valueRequired\":true,\"valueName\":\"search_term_string\"}}],\"inLanguage\":\"es\"},{\"@type\":\"Organization\",\"@id\":\"https:\/\/aivlisoft.net\/shop\/#organization\",\"name\":\"Aivlisoft Inform\u00e1tica\",\"url\":\"https:\/\/aivlisoft.net\/shop\/\",\"logo\":{\"@type\":\"ImageObject\",\"inLanguage\":\"es\",\"@id\":\"https:\/\/aivlisoft.net\/shop\/#\/schema\/logo\/image\/\",\"url\":\"https:\/\/aivlisoft.net\/shop\/wp-content\/uploads\/2024\/12\/removal.ai_5b848c54-0cdf-4140-95c5-c5536bb7573b-logodef.png\",\"contentUrl\":\"https:\/\/aivlisoft.net\/shop\/wp-content\/uploads\/2024\/12\/removal.ai_5b848c54-0cdf-4140-95c5-c5536bb7573b-logodef.png\",\"width\":484,\"height\":182,\"caption\":\"Aivlisoft Inform\u00e1tica\"},\"image\":{\"@id\":\"https:\/\/aivlisoft.net\/shop\/#\/schema\/logo\/image\/\"}}]}<\/script>\n<!-- \/ Yoast SEO plugin. -->","yoast_head_json":{"title":"Kingston Fury Beast KF432C16BB12A\/16 16Gb 3200 RG - Aivlisoft Inform\u00e1tica","robots":{"index":"index","follow":"follow","max-snippet":"max-snippet:-1","max-image-preview":"max-image-preview:large","max-video-preview":"max-video-preview:-1"},"canonical":"https:\/\/aivlisoft.net\/shop\/producto\/kingston-fury-beast-kf432c16bb12a-16-16gb-3200-rg\/","og_locale":"es_ES","og_type":"article","og_title":"Kingston Fury Beast KF432C16BB12A\/16 16Gb 3200 RG - Aivlisoft Inform\u00e1tica","og_description":"Marca Kingston Modelo KF432C16BB12A\/16 Caracter&iacute;sticas &#8211; Formato: DIMM &#8211; N&uacute;mero de pines: 288 pines &#8211; Capacidad: 16 GB &#8211; Tipo: DDR4 &#8211; Voltaje: 1.2V &#8211; Frecuencia: 3200 Mhz &#8211; Latencia: CL16 &#8211; Tiempo de ciclo de hilera (tRCmin): 17 ciclos &#8211; Actualizar a Activo\/Actualizar: 45,75 ns (m&iacute;n.) &#8211; Tiempo de comando (tRFCmin): 350 ns (m&iacute;n.)&hellip;&nbsp;Kingston Fury Beast KF432C16BB12A\/16 16Gb 3200 RG","og_url":"https:\/\/aivlisoft.net\/shop\/producto\/kingston-fury-beast-kf432c16bb12a-16-16gb-3200-rg\/","og_site_name":"Aivlisoft Inform\u00e1tica","article_modified_time":"2025-01-14T11:12:30+00:00","og_image":[{"width":800,"height":800,"url":"https:\/\/aivlisoft.net\/shop\/wp-content\/uploads\/2025\/01\/IMEMD40553_800.jpg","type":"image\/jpeg"}],"twitter_card":"summary_large_image","twitter_misc":{"Tiempo de lectura":"1 minuto"},"schema":{"@context":"https:\/\/schema.org","@graph":[{"@type":"WebPage","@id":"https:\/\/aivlisoft.net\/shop\/producto\/kingston-fury-beast-kf432c16bb12a-16-16gb-3200-rg\/","url":"https:\/\/aivlisoft.net\/shop\/producto\/kingston-fury-beast-kf432c16bb12a-16-16gb-3200-rg\/","name":"Kingston Fury Beast KF432C16BB12A\/16 16Gb 3200 RG - Aivlisoft Inform\u00e1tica","isPartOf":{"@id":"https:\/\/aivlisoft.net\/shop\/#website"},"primaryImageOfPage":{"@id":"https:\/\/aivlisoft.net\/shop\/producto\/kingston-fury-beast-kf432c16bb12a-16-16gb-3200-rg\/#primaryimage"},"image":{"@id":"https:\/\/aivlisoft.net\/shop\/producto\/kingston-fury-beast-kf432c16bb12a-16-16gb-3200-rg\/#primaryimage"},"thumbnailUrl":"https:\/\/aivlisoft.net\/shop\/wp-content\/uploads\/2025\/01\/IMEMD40553_800.jpg","datePublished":"2025-01-13T14:36:36+00:00","dateModified":"2025-01-14T11:12:30+00:00","breadcrumb":{"@id":"https:\/\/aivlisoft.net\/shop\/producto\/kingston-fury-beast-kf432c16bb12a-16-16gb-3200-rg\/#breadcrumb"},"inLanguage":"es","potentialAction":[{"@type":"ReadAction","target":["https:\/\/aivlisoft.net\/shop\/producto\/kingston-fury-beast-kf432c16bb12a-16-16gb-3200-rg\/"]}]},{"@type":"ImageObject","inLanguage":"es","@id":"https:\/\/aivlisoft.net\/shop\/producto\/kingston-fury-beast-kf432c16bb12a-16-16gb-3200-rg\/#primaryimage","url":"https:\/\/aivlisoft.net\/shop\/wp-content\/uploads\/2025\/01\/IMEMD40553_800.jpg","contentUrl":"https:\/\/aivlisoft.net\/shop\/wp-content\/uploads\/2025\/01\/IMEMD40553_800.jpg","width":800,"height":800},{"@type":"BreadcrumbList","@id":"https:\/\/aivlisoft.net\/shop\/producto\/kingston-fury-beast-kf432c16bb12a-16-16gb-3200-rg\/#breadcrumb","itemListElement":[{"@type":"ListItem","position":1,"name":"Portada","item":"https:\/\/aivlisoft.net\/shop\/"},{"@type":"ListItem","position":2,"name":"Tienda","item":"https:\/\/aivlisoft.net\/shop\/tienda\/"},{"@type":"ListItem","position":3,"name":"Kingston Fury Beast KF432C16BB12A\/16 16Gb 3200 RG"}]},{"@type":"WebSite","@id":"https:\/\/aivlisoft.net\/shop\/#website","url":"https:\/\/aivlisoft.net\/shop\/","name":"Aivlisoft Inform\u00e1tica","description":"En Aivlisoft Inform\u00e1tica ofrecemos soluciones tecnol\u00f3gicas para empresas: venta de ordenadores, consumibles, perif\u00e9ricos y m\u00e1s. Calidad, atenci\u00f3n personalizada y los mejores precios para tu negocio.","publisher":{"@id":"https:\/\/aivlisoft.net\/shop\/#organization"},"potentialAction":[{"@type":"SearchAction","target":{"@type":"EntryPoint","urlTemplate":"https:\/\/aivlisoft.net\/shop\/?s={search_term_string}"},"query-input":{"@type":"PropertyValueSpecification","valueRequired":true,"valueName":"search_term_string"}}],"inLanguage":"es"},{"@type":"Organization","@id":"https:\/\/aivlisoft.net\/shop\/#organization","name":"Aivlisoft Inform\u00e1tica","url":"https:\/\/aivlisoft.net\/shop\/","logo":{"@type":"ImageObject","inLanguage":"es","@id":"https:\/\/aivlisoft.net\/shop\/#\/schema\/logo\/image\/","url":"https:\/\/aivlisoft.net\/shop\/wp-content\/uploads\/2024\/12\/removal.ai_5b848c54-0cdf-4140-95c5-c5536bb7573b-logodef.png","contentUrl":"https:\/\/aivlisoft.net\/shop\/wp-content\/uploads\/2024\/12\/removal.ai_5b848c54-0cdf-4140-95c5-c5536bb7573b-logodef.png","width":484,"height":182,"caption":"Aivlisoft Inform\u00e1tica"},"image":{"@id":"https:\/\/aivlisoft.net\/shop\/#\/schema\/logo\/image\/"}}]}},"_links":{"self":[{"href":"https:\/\/aivlisoft.net\/shop\/wp-json\/wp\/v2\/product\/13773","targetHints":{"allow":["GET"]}}],"collection":[{"href":"https:\/\/aivlisoft.net\/shop\/wp-json\/wp\/v2\/product"}],"about":[{"href":"https:\/\/aivlisoft.net\/shop\/wp-json\/wp\/v2\/types\/product"}],"wp:featuredmedia":[{"embeddable":true,"href":"https:\/\/aivlisoft.net\/shop\/wp-json\/wp\/v2\/media\/13774"}],"wp:attachment":[{"href":"https:\/\/aivlisoft.net\/shop\/wp-json\/wp\/v2\/media?parent=13773"}],"wp:term":[{"taxonomy":"product_brand","embeddable":true,"href":"https:\/\/aivlisoft.net\/shop\/wp-json\/wp\/v2\/product_brand?post=13773"},{"taxonomy":"product_cat","embeddable":true,"href":"https:\/\/aivlisoft.net\/shop\/wp-json\/wp\/v2\/product_cat?post=13773"},{"taxonomy":"product_tag","embeddable":true,"href":"https:\/\/aivlisoft.net\/shop\/wp-json\/wp\/v2\/product_tag?post=13773"}],"curies":[{"name":"wp","href":"https:\/\/api.w.org\/{rel}","templated":true}]}}