{"id":13617,"date":"2025-01-13T14:34:57","date_gmt":"2025-01-13T14:34:57","guid":{"rendered":"https:\/\/aivlisoft.com\/?post_type=product&#038;p=13617"},"modified":"2025-01-14T11:11:31","modified_gmt":"2025-01-14T11:11:31","slug":"kingston-fury-beast-kf426c16bb1-16-16-ddr4-2666m","status":"publish","type":"product","link":"https:\/\/aivlisoft.net\/shop\/producto\/kingston-fury-beast-kf426c16bb1-16-16-ddr4-2666m\/","title":{"rendered":"Kingston Fury Beast KF426C16BB1\/16 16 DDR4 2666M"},"content":{"rendered":"<p>La memoria para<strong>&nbsp;PC FURY Beast DDR4 de Kingston<\/strong>&nbsp;ofrece un potente aumento de rendimiento para juegos, edici&oacute;n de v&iacute;deo y renderizaci&oacute;n con velocidades de hasta 3733 MHz. Esta rentable actualizaci&oacute;n est&aacute; disponible en velocidades de 2666 MHz a 3733 MHz, con latencias de CL15 a 19, capacidades de 4 GB a 32 GB en m&oacute;dulos individuales y de 8 GB a 128 GB en kits. Su overclocking autom&aacute;tico Plug N Play a velocidades de 2666 MHz est&aacute; disponible en Intel XMP y Ryzen. El m&oacute;dulo FURY Beast DDR4 se mantiene fresco gracias a su elegante y delgado disipador de calor. Probada al 100% y garantizada de por vida, esta actualizaci&oacute;n es muy f&aacute;cil y sin problemas para tu sistema Intel o AMD.<\/p>\n<p>La memoria FURY Beast DDR4 de Kingston es la elecci&oacute;n perfecta para los desarrolladores de sistemas y para quienes buscan una actualizaci&oacute;n para regenerar un sistema lento. La memoria DDR4 FURY Beast de Kingston, que ofrece una actualizaci&oacute;n Plug N Play sencilla y f&aacute;cil, har&aacute; un overclocking autom&aacute;tico a la velocidad m&aacute;s alta permitida por el BIOS de tu sistema (hasta 2666 MHz).<\/p>\n<p>&nbsp;<\/p>\n<table width=\"100%\">\n<tr>\n<td valign=\"top\"><strong>Marca<\/strong><\/td>\n<td>Kingston<\/td>\n<\/tr>\n<tr>\n<td valign=\"top\"><strong>Modelo<\/strong><\/td>\n<td><strong>KF426C16BB1\/16<\/strong><\/td>\n<\/tr>\n<tr>\n<td valign=\"top\"><strong>Conector<\/strong><\/td>\n<td>&#8211; Dise&ntilde;o delgado del disipador t&eacute;rmico<br \/>\t\t\t&#8211; Actualizaci&oacute;n rentable de DDR4 de alto rendimiento<br \/>\t\t\t&#8211; Compatible con Intel XMP<br \/>\t\t\t&#8211; Compatible con AMD Ryzen<br \/>\t\t\t&#8211; Velocidades de hasta 3733MHz y capacidades de hasta 128GB<br \/>\t\t\t&#8211; Funcionalidad Plug &amp; Play a 2666MHz<br \/>\t\t\t&#8211; Capacidad 16 Go<br \/>\t\t\t&#8211; Frecuencia(s) memoria DDR4 2666 MHz<br \/>\t\t\t&#8211; Norma JEDEC PC4-21300<br \/>\t\t\t&#8211; Especificaci&oacute;n memoria Unbuffered<br \/>\t\t\t&#8211; N&uacute;mero de m&oacute;dulos de memoria 1<br \/>\t\t\t&#8211; Capacidad por m&oacute;dulo de memoria 16 Go<br \/>\t\t\t&#8211; LED No<br \/>\t\t\t&#8211; LED RGB No<br \/>\t\t\t&#8211; Refrigeraci&oacute;n<br \/>\t\t\t&#8211; Radiador S&iacute;<br \/>\t\t\t&#8211; Color radiador Negro<br \/>\t\t\t&#8211; Ventilador suministrado No<br \/>\t\t\t&#8211; Timings<br \/>\t\t\t&#8211; CAS Latency 16<br \/>\t\t\t&#8211; RAS to CAS Delay 18<br \/>\t\t\t&#8211; RAS Precharge Time 18<br \/>\t\t\t&#8211; Estos timings son compatibles con una tensi&oacute;n m&iacute;nima de: 1.2Volt(s)<br \/>\t\t\t&#8211; Tensi&oacute;n 1,2Voltios<\/td>\n<\/tr>\n<tr>\n<td valign=\"top\"><strong>Fecha de revisi&oacute;n<\/strong><\/td>\n<td>28-07-2021 por YMC<\/td>\n<\/tr>\n<\/table>\n","protected":false},"excerpt":{"rendered":"<p>La memoria para&nbsp;PC FURY Beast DDR4 de Kingston&nbsp;ofrece un potente aumento de rendimiento para juegos, edici&oacute;n de v&iacute;deo y renderizaci&oacute;n con velocidades de hasta 3733 MHz. Esta rentable actualizaci&oacute;n est&aacute; disponible en velocidades de 2666 MHz a 3733 MHz, con latencias de CL15 a 19, capacidades de 4 GB a 32 GB en m&oacute;dulos individuales&hellip;&nbsp;<a href=\"https:\/\/aivlisoft.net\/shop\/producto\/kingston-fury-beast-kf426c16bb1-16-16-ddr4-2666m\/\" rel=\"bookmark\"><span class=\"screen-reader-text\">Kingston Fury Beast KF426C16BB1\/16 16 DDR4 2666M<\/span><\/a><\/p>\n","protected":false},"featured_media":13618,"template":"","meta":{"neve_meta_sidebar":"","neve_meta_container":"","neve_meta_enable_content_width":"","neve_meta_content_width":0,"neve_meta_title_alignment":"","neve_meta_author_avatar":"","neve_post_elements_order":"","neve_meta_disable_header":"","neve_meta_disable_footer":"","neve_meta_disable_title":""},"product_brand":[],"product_cat":[8735],"product_tag":[5264],"class_list":{"0":"post-13617","1":"product","2":"type-product","3":"status-publish","4":"has-post-thumbnail","6":"product_cat-memorias-ddr4","7":"product_tag-kf426c16bb1-16","9":"first","10":"instock","11":"taxable","12":"shipping-taxable","13":"purchasable","14":"product-type-simple"},"yoast_head":"<!-- This site is optimized with the Yoast SEO plugin v26.0 - https:\/\/yoast.com\/wordpress\/plugins\/seo\/ -->\n<title>Kingston Fury Beast KF426C16BB1\/16 16 DDR4 2666M - Aivlisoft Inform\u00e1tica<\/title>\n<meta name=\"robots\" content=\"index, follow, max-snippet:-1, max-image-preview:large, max-video-preview:-1\" \/>\n<link rel=\"canonical\" href=\"https:\/\/aivlisoft.net\/shop\/producto\/kingston-fury-beast-kf426c16bb1-16-16-ddr4-2666m\/\" \/>\n<meta property=\"og:locale\" content=\"es_ES\" \/>\n<meta property=\"og:type\" content=\"article\" \/>\n<meta property=\"og:title\" content=\"Kingston Fury Beast KF426C16BB1\/16 16 DDR4 2666M - Aivlisoft Inform\u00e1tica\" \/>\n<meta property=\"og:description\" content=\"La memoria para&nbsp;PC FURY Beast DDR4 de Kingston&nbsp;ofrece un potente aumento de rendimiento para juegos, edici&oacute;n de v&iacute;deo y renderizaci&oacute;n con velocidades de hasta 3733 MHz. Esta rentable actualizaci&oacute;n est&aacute; disponible en velocidades de 2666 MHz a 3733 MHz, con latencias de CL15 a 19, capacidades de 4 GB a 32 GB en m&oacute;dulos individuales&hellip;&nbsp;Kingston Fury Beast KF426C16BB1\/16 16 DDR4 2666M\" \/>\n<meta property=\"og:url\" content=\"https:\/\/aivlisoft.net\/shop\/producto\/kingston-fury-beast-kf426c16bb1-16-16-ddr4-2666m\/\" \/>\n<meta property=\"og:site_name\" content=\"Aivlisoft Inform\u00e1tica\" \/>\n<meta property=\"article:modified_time\" content=\"2025-01-14T11:11:31+00:00\" \/>\n<meta property=\"og:image\" content=\"https:\/\/aivlisoft.net\/shop\/wp-content\/uploads\/2025\/01\/IMEMD40373_800.jpg\" \/>\n\t<meta property=\"og:image:width\" content=\"800\" \/>\n\t<meta property=\"og:image:height\" content=\"800\" \/>\n\t<meta property=\"og:image:type\" content=\"image\/jpeg\" \/>\n<meta name=\"twitter:card\" content=\"summary_large_image\" \/>\n<meta name=\"twitter:label1\" content=\"Tiempo de lectura\" \/>\n\t<meta name=\"twitter:data1\" content=\"2 minutos\" \/>\n<script type=\"application\/ld+json\" class=\"yoast-schema-graph\">{\"@context\":\"https:\/\/schema.org\",\"@graph\":[{\"@type\":\"WebPage\",\"@id\":\"https:\/\/aivlisoft.net\/shop\/producto\/kingston-fury-beast-kf426c16bb1-16-16-ddr4-2666m\/\",\"url\":\"https:\/\/aivlisoft.net\/shop\/producto\/kingston-fury-beast-kf426c16bb1-16-16-ddr4-2666m\/\",\"name\":\"Kingston Fury Beast KF426C16BB1\/16 16 DDR4 2666M - Aivlisoft Inform\u00e1tica\",\"isPartOf\":{\"@id\":\"https:\/\/aivlisoft.net\/shop\/#website\"},\"primaryImageOfPage\":{\"@id\":\"https:\/\/aivlisoft.net\/shop\/producto\/kingston-fury-beast-kf426c16bb1-16-16-ddr4-2666m\/#primaryimage\"},\"image\":{\"@id\":\"https:\/\/aivlisoft.net\/shop\/producto\/kingston-fury-beast-kf426c16bb1-16-16-ddr4-2666m\/#primaryimage\"},\"thumbnailUrl\":\"https:\/\/aivlisoft.net\/shop\/wp-content\/uploads\/2025\/01\/IMEMD40373_800.jpg\",\"datePublished\":\"2025-01-13T14:34:57+00:00\",\"dateModified\":\"2025-01-14T11:11:31+00:00\",\"breadcrumb\":{\"@id\":\"https:\/\/aivlisoft.net\/shop\/producto\/kingston-fury-beast-kf426c16bb1-16-16-ddr4-2666m\/#breadcrumb\"},\"inLanguage\":\"es\",\"potentialAction\":[{\"@type\":\"ReadAction\",\"target\":[\"https:\/\/aivlisoft.net\/shop\/producto\/kingston-fury-beast-kf426c16bb1-16-16-ddr4-2666m\/\"]}]},{\"@type\":\"ImageObject\",\"inLanguage\":\"es\",\"@id\":\"https:\/\/aivlisoft.net\/shop\/producto\/kingston-fury-beast-kf426c16bb1-16-16-ddr4-2666m\/#primaryimage\",\"url\":\"https:\/\/aivlisoft.net\/shop\/wp-content\/uploads\/2025\/01\/IMEMD40373_800.jpg\",\"contentUrl\":\"https:\/\/aivlisoft.net\/shop\/wp-content\/uploads\/2025\/01\/IMEMD40373_800.jpg\",\"width\":800,\"height\":800},{\"@type\":\"BreadcrumbList\",\"@id\":\"https:\/\/aivlisoft.net\/shop\/producto\/kingston-fury-beast-kf426c16bb1-16-16-ddr4-2666m\/#breadcrumb\",\"itemListElement\":[{\"@type\":\"ListItem\",\"position\":1,\"name\":\"Portada\",\"item\":\"https:\/\/aivlisoft.net\/shop\/\"},{\"@type\":\"ListItem\",\"position\":2,\"name\":\"Tienda\",\"item\":\"https:\/\/aivlisoft.net\/shop\/tienda\/\"},{\"@type\":\"ListItem\",\"position\":3,\"name\":\"Kingston Fury Beast KF426C16BB1\/16 16 DDR4 2666M\"}]},{\"@type\":\"WebSite\",\"@id\":\"https:\/\/aivlisoft.net\/shop\/#website\",\"url\":\"https:\/\/aivlisoft.net\/shop\/\",\"name\":\"Aivlisoft Inform\u00e1tica\",\"description\":\"En Aivlisoft Inform\u00e1tica ofrecemos soluciones tecnol\u00f3gicas para empresas: venta de ordenadores, consumibles, perif\u00e9ricos y m\u00e1s. Calidad, atenci\u00f3n personalizada y los mejores precios para tu negocio.\",\"publisher\":{\"@id\":\"https:\/\/aivlisoft.net\/shop\/#organization\"},\"potentialAction\":[{\"@type\":\"SearchAction\",\"target\":{\"@type\":\"EntryPoint\",\"urlTemplate\":\"https:\/\/aivlisoft.net\/shop\/?s={search_term_string}\"},\"query-input\":{\"@type\":\"PropertyValueSpecification\",\"valueRequired\":true,\"valueName\":\"search_term_string\"}}],\"inLanguage\":\"es\"},{\"@type\":\"Organization\",\"@id\":\"https:\/\/aivlisoft.net\/shop\/#organization\",\"name\":\"Aivlisoft Inform\u00e1tica\",\"url\":\"https:\/\/aivlisoft.net\/shop\/\",\"logo\":{\"@type\":\"ImageObject\",\"inLanguage\":\"es\",\"@id\":\"https:\/\/aivlisoft.net\/shop\/#\/schema\/logo\/image\/\",\"url\":\"https:\/\/aivlisoft.net\/shop\/wp-content\/uploads\/2024\/12\/removal.ai_5b848c54-0cdf-4140-95c5-c5536bb7573b-logodef.png\",\"contentUrl\":\"https:\/\/aivlisoft.net\/shop\/wp-content\/uploads\/2024\/12\/removal.ai_5b848c54-0cdf-4140-95c5-c5536bb7573b-logodef.png\",\"width\":484,\"height\":182,\"caption\":\"Aivlisoft Inform\u00e1tica\"},\"image\":{\"@id\":\"https:\/\/aivlisoft.net\/shop\/#\/schema\/logo\/image\/\"}}]}<\/script>\n<!-- \/ Yoast SEO plugin. -->","yoast_head_json":{"title":"Kingston Fury Beast KF426C16BB1\/16 16 DDR4 2666M - Aivlisoft Inform\u00e1tica","robots":{"index":"index","follow":"follow","max-snippet":"max-snippet:-1","max-image-preview":"max-image-preview:large","max-video-preview":"max-video-preview:-1"},"canonical":"https:\/\/aivlisoft.net\/shop\/producto\/kingston-fury-beast-kf426c16bb1-16-16-ddr4-2666m\/","og_locale":"es_ES","og_type":"article","og_title":"Kingston Fury Beast KF426C16BB1\/16 16 DDR4 2666M - Aivlisoft Inform\u00e1tica","og_description":"La memoria para&nbsp;PC FURY Beast DDR4 de Kingston&nbsp;ofrece un potente aumento de rendimiento para juegos, edici&oacute;n de v&iacute;deo y renderizaci&oacute;n con velocidades de hasta 3733 MHz. Esta rentable actualizaci&oacute;n est&aacute; disponible en velocidades de 2666 MHz a 3733 MHz, con latencias de CL15 a 19, capacidades de 4 GB a 32 GB en m&oacute;dulos individuales&hellip;&nbsp;Kingston Fury Beast KF426C16BB1\/16 16 DDR4 2666M","og_url":"https:\/\/aivlisoft.net\/shop\/producto\/kingston-fury-beast-kf426c16bb1-16-16-ddr4-2666m\/","og_site_name":"Aivlisoft Inform\u00e1tica","article_modified_time":"2025-01-14T11:11:31+00:00","og_image":[{"width":800,"height":800,"url":"https:\/\/aivlisoft.net\/shop\/wp-content\/uploads\/2025\/01\/IMEMD40373_800.jpg","type":"image\/jpeg"}],"twitter_card":"summary_large_image","twitter_misc":{"Tiempo de lectura":"2 minutos"},"schema":{"@context":"https:\/\/schema.org","@graph":[{"@type":"WebPage","@id":"https:\/\/aivlisoft.net\/shop\/producto\/kingston-fury-beast-kf426c16bb1-16-16-ddr4-2666m\/","url":"https:\/\/aivlisoft.net\/shop\/producto\/kingston-fury-beast-kf426c16bb1-16-16-ddr4-2666m\/","name":"Kingston Fury Beast KF426C16BB1\/16 16 DDR4 2666M - Aivlisoft Inform\u00e1tica","isPartOf":{"@id":"https:\/\/aivlisoft.net\/shop\/#website"},"primaryImageOfPage":{"@id":"https:\/\/aivlisoft.net\/shop\/producto\/kingston-fury-beast-kf426c16bb1-16-16-ddr4-2666m\/#primaryimage"},"image":{"@id":"https:\/\/aivlisoft.net\/shop\/producto\/kingston-fury-beast-kf426c16bb1-16-16-ddr4-2666m\/#primaryimage"},"thumbnailUrl":"https:\/\/aivlisoft.net\/shop\/wp-content\/uploads\/2025\/01\/IMEMD40373_800.jpg","datePublished":"2025-01-13T14:34:57+00:00","dateModified":"2025-01-14T11:11:31+00:00","breadcrumb":{"@id":"https:\/\/aivlisoft.net\/shop\/producto\/kingston-fury-beast-kf426c16bb1-16-16-ddr4-2666m\/#breadcrumb"},"inLanguage":"es","potentialAction":[{"@type":"ReadAction","target":["https:\/\/aivlisoft.net\/shop\/producto\/kingston-fury-beast-kf426c16bb1-16-16-ddr4-2666m\/"]}]},{"@type":"ImageObject","inLanguage":"es","@id":"https:\/\/aivlisoft.net\/shop\/producto\/kingston-fury-beast-kf426c16bb1-16-16-ddr4-2666m\/#primaryimage","url":"https:\/\/aivlisoft.net\/shop\/wp-content\/uploads\/2025\/01\/IMEMD40373_800.jpg","contentUrl":"https:\/\/aivlisoft.net\/shop\/wp-content\/uploads\/2025\/01\/IMEMD40373_800.jpg","width":800,"height":800},{"@type":"BreadcrumbList","@id":"https:\/\/aivlisoft.net\/shop\/producto\/kingston-fury-beast-kf426c16bb1-16-16-ddr4-2666m\/#breadcrumb","itemListElement":[{"@type":"ListItem","position":1,"name":"Portada","item":"https:\/\/aivlisoft.net\/shop\/"},{"@type":"ListItem","position":2,"name":"Tienda","item":"https:\/\/aivlisoft.net\/shop\/tienda\/"},{"@type":"ListItem","position":3,"name":"Kingston Fury Beast KF426C16BB1\/16 16 DDR4 2666M"}]},{"@type":"WebSite","@id":"https:\/\/aivlisoft.net\/shop\/#website","url":"https:\/\/aivlisoft.net\/shop\/","name":"Aivlisoft Inform\u00e1tica","description":"En Aivlisoft Inform\u00e1tica ofrecemos soluciones tecnol\u00f3gicas para empresas: venta de ordenadores, consumibles, perif\u00e9ricos y m\u00e1s. Calidad, atenci\u00f3n personalizada y los mejores precios para tu negocio.","publisher":{"@id":"https:\/\/aivlisoft.net\/shop\/#organization"},"potentialAction":[{"@type":"SearchAction","target":{"@type":"EntryPoint","urlTemplate":"https:\/\/aivlisoft.net\/shop\/?s={search_term_string}"},"query-input":{"@type":"PropertyValueSpecification","valueRequired":true,"valueName":"search_term_string"}}],"inLanguage":"es"},{"@type":"Organization","@id":"https:\/\/aivlisoft.net\/shop\/#organization","name":"Aivlisoft Inform\u00e1tica","url":"https:\/\/aivlisoft.net\/shop\/","logo":{"@type":"ImageObject","inLanguage":"es","@id":"https:\/\/aivlisoft.net\/shop\/#\/schema\/logo\/image\/","url":"https:\/\/aivlisoft.net\/shop\/wp-content\/uploads\/2024\/12\/removal.ai_5b848c54-0cdf-4140-95c5-c5536bb7573b-logodef.png","contentUrl":"https:\/\/aivlisoft.net\/shop\/wp-content\/uploads\/2024\/12\/removal.ai_5b848c54-0cdf-4140-95c5-c5536bb7573b-logodef.png","width":484,"height":182,"caption":"Aivlisoft Inform\u00e1tica"},"image":{"@id":"https:\/\/aivlisoft.net\/shop\/#\/schema\/logo\/image\/"}}]}},"_links":{"self":[{"href":"https:\/\/aivlisoft.net\/shop\/wp-json\/wp\/v2\/product\/13617","targetHints":{"allow":["GET"]}}],"collection":[{"href":"https:\/\/aivlisoft.net\/shop\/wp-json\/wp\/v2\/product"}],"about":[{"href":"https:\/\/aivlisoft.net\/shop\/wp-json\/wp\/v2\/types\/product"}],"wp:featuredmedia":[{"embeddable":true,"href":"https:\/\/aivlisoft.net\/shop\/wp-json\/wp\/v2\/media\/13618"}],"wp:attachment":[{"href":"https:\/\/aivlisoft.net\/shop\/wp-json\/wp\/v2\/media?parent=13617"}],"wp:term":[{"taxonomy":"product_brand","embeddable":true,"href":"https:\/\/aivlisoft.net\/shop\/wp-json\/wp\/v2\/product_brand?post=13617"},{"taxonomy":"product_cat","embeddable":true,"href":"https:\/\/aivlisoft.net\/shop\/wp-json\/wp\/v2\/product_cat?post=13617"},{"taxonomy":"product_tag","embeddable":true,"href":"https:\/\/aivlisoft.net\/shop\/wp-json\/wp\/v2\/product_tag?post=13617"}],"curies":[{"name":"wp","href":"https:\/\/api.w.org\/{rel}","templated":true}]}}