{"id":13552,"date":"2025-01-13T14:34:17","date_gmt":"2025-01-13T14:34:17","guid":{"rendered":"https:\/\/aivlisoft.com\/?post_type=product&#038;p=13552"},"modified":"2025-01-14T11:11:00","modified_gmt":"2025-01-14T11:11:00","slug":"kingston-fury-beast-kf316c10b-8-8gb-ddr3-1600mhz","status":"publish","type":"product","link":"https:\/\/aivlisoft.net\/shop\/producto\/kingston-fury-beast-kf316c10b-8-8gb-ddr3-1600mhz\/","title":{"rendered":"Kingston Fury Beast KF316C10B\/8 8GB DDR3 1600MHz"},"content":{"rendered":"<p>&nbsp;<\/p>\n<table class=\"tabla_caracteristicas\" width=\"100%\">\n<tr>\n<td valign=\"top\"><strong>Marca<\/strong><\/td>\n<td>Kingston<\/td>\n<\/tr>\n<tr>\n<td valign=\"top\"><strong>Modelo<\/strong><\/td>\n<td><strong>KF316C10B\/8<\/strong><\/td>\n<\/tr>\n<tr>\n<td valign=\"top\"><strong>Caracter&iacute;sticas<\/strong><\/td>\n<td>&ndash; Tipo de enfriamiento: Disipador<br \/>\t\t\t&ndash; Intel&reg; Extreme Memory Profile (XMP): No<br \/>\t\t\t&ndash; Voltaje de memoria: 1.5 V<br \/>\t\t\t&ndash; Latencia CAS: 10<br \/>\t\t\t&ndash; Dise&ntilde;o de memoria (m&oacute;dulos x tama&ntilde;o): 1 x 8 GB<br \/>\t\t\t&ndash; Color del producto: Azul<br \/>\t\t\t&ndash; Canales de memoria: Dual-channel<br \/>\t\t\t&ndash; Forma de factor de memoria: 240-pin DIMM<br \/>\t\t\t&ndash; Componente para: PC\/servidor<br \/>\t\t\t&ndash; Velocidad de memoria del reloj: 1600 MHz<br \/>\t\t\t&ndash; Tipo de memoria interna: DDR3<br \/>\t\t\t&ndash; Memoria interna: 8 GB<br \/>\t\t\t&ndash; Peso: 36,04 g<br \/>\t\t\t&ndash; Altura: 34 mm<br \/>\t\t\t&ndash; Profundidad: 113,4 mm<br \/>\t\t\t&ndash; Ancho: 7,1 mm<br \/>\t\t\t&ndash; Altura del paquete: 171,4 mm<br \/>\t\t\t&ndash; Peso del paquete: 51,58 g<br \/>\t\t\t&ndash; Profundidad del paquete: 14 mm<br \/>\t\t\t&ndash; Ancho del paquete: 57,1 mm<br \/>\t\t\t&ndash; Cantidad por caja de env&iacute;o: 25 pieza(s)<br \/>\t\t\t&ndash; Longitud del contenedor de env&iacute;o: 31,1 cm<br \/>\t\t\t&ndash; Anchura de la caja de env&iacute;o: 19,7 cm<br \/>\t\t\t&ndash; Altura de la caja de env&iacute;o: 6,1 cm<\/td>\n<\/tr>\n<tr>\n<td valign=\"top\"><strong>Fecha de revisi&oacute;n<\/strong><\/td>\n<td>01-09-2021 por YMC<\/td>\n<\/tr>\n<\/table>\n","protected":false},"excerpt":{"rendered":"<p>&nbsp; Marca Kingston Modelo KF316C10B\/8 Caracter&iacute;sticas &ndash; Tipo de enfriamiento: Disipador &ndash; Intel&reg; Extreme Memory Profile (XMP): No &ndash; Voltaje de memoria: 1.5 V &ndash; Latencia CAS: 10 &ndash; Dise&ntilde;o de memoria (m&oacute;dulos x tama&ntilde;o): 1 x 8 GB &ndash; Color del producto: Azul &ndash; Canales de memoria: Dual-channel &ndash; Forma de factor de memoria:&hellip;&nbsp;<a href=\"https:\/\/aivlisoft.net\/shop\/producto\/kingston-fury-beast-kf316c10b-8-8gb-ddr3-1600mhz\/\" rel=\"bookmark\"><span class=\"screen-reader-text\">Kingston Fury Beast KF316C10B\/8 8GB DDR3 1600MHz<\/span><\/a><\/p>\n","protected":false},"featured_media":13553,"template":"","meta":{"neve_meta_sidebar":"","neve_meta_container":"","neve_meta_enable_content_width":"","neve_meta_content_width":0,"neve_meta_title_alignment":"","neve_meta_author_avatar":"","neve_post_elements_order":"","neve_meta_disable_header":"","neve_meta_disable_footer":"","neve_meta_disable_title":""},"product_brand":[],"product_cat":[8734],"product_tag":[5233],"class_list":{"0":"post-13552","1":"product","2":"type-product","3":"status-publish","4":"has-post-thumbnail","6":"product_cat-memorias-ddr3","7":"product_tag-kf316c10b-8","9":"first","10":"instock","11":"taxable","12":"shipping-taxable","13":"purchasable","14":"product-type-simple"},"yoast_head":"<!-- This site is optimized with the Yoast SEO plugin v26.0 - https:\/\/yoast.com\/wordpress\/plugins\/seo\/ -->\n<title>Kingston Fury Beast KF316C10B\/8 8GB DDR3 1600MHz - Aivlisoft Inform\u00e1tica<\/title>\n<meta name=\"robots\" content=\"index, follow, max-snippet:-1, max-image-preview:large, max-video-preview:-1\" \/>\n<link rel=\"canonical\" href=\"https:\/\/aivlisoft.net\/shop\/producto\/kingston-fury-beast-kf316c10b-8-8gb-ddr3-1600mhz\/\" \/>\n<meta property=\"og:locale\" content=\"es_ES\" \/>\n<meta property=\"og:type\" content=\"article\" \/>\n<meta property=\"og:title\" content=\"Kingston Fury Beast KF316C10B\/8 8GB DDR3 1600MHz - Aivlisoft Inform\u00e1tica\" \/>\n<meta property=\"og:description\" content=\"&nbsp; Marca Kingston Modelo KF316C10B\/8 Caracter&iacute;sticas &ndash; Tipo de enfriamiento: Disipador &ndash; Intel&reg; Extreme Memory Profile (XMP): No &ndash; Voltaje de memoria: 1.5 V &ndash; Latencia CAS: 10 &ndash; Dise&ntilde;o de memoria (m&oacute;dulos x tama&ntilde;o): 1 x 8 GB &ndash; Color del producto: Azul &ndash; Canales de memoria: Dual-channel &ndash; Forma de factor de memoria:&hellip;&nbsp;Kingston Fury Beast KF316C10B\/8 8GB DDR3 1600MHz\" \/>\n<meta property=\"og:url\" content=\"https:\/\/aivlisoft.net\/shop\/producto\/kingston-fury-beast-kf316c10b-8-8gb-ddr3-1600mhz\/\" \/>\n<meta property=\"og:site_name\" content=\"Aivlisoft Inform\u00e1tica\" \/>\n<meta property=\"article:modified_time\" content=\"2025-01-14T11:11:00+00:00\" \/>\n<meta property=\"og:image\" content=\"https:\/\/aivlisoft.net\/shop\/wp-content\/uploads\/2025\/01\/IMEMD30257_800.jpg\" \/>\n\t<meta property=\"og:image:width\" content=\"800\" \/>\n\t<meta property=\"og:image:height\" content=\"800\" \/>\n\t<meta property=\"og:image:type\" content=\"image\/jpeg\" \/>\n<meta name=\"twitter:card\" content=\"summary_large_image\" \/>\n<meta name=\"twitter:label1\" content=\"Tiempo de lectura\" \/>\n\t<meta name=\"twitter:data1\" content=\"1 minuto\" \/>\n<script type=\"application\/ld+json\" class=\"yoast-schema-graph\">{\"@context\":\"https:\/\/schema.org\",\"@graph\":[{\"@type\":\"WebPage\",\"@id\":\"https:\/\/aivlisoft.net\/shop\/producto\/kingston-fury-beast-kf316c10b-8-8gb-ddr3-1600mhz\/\",\"url\":\"https:\/\/aivlisoft.net\/shop\/producto\/kingston-fury-beast-kf316c10b-8-8gb-ddr3-1600mhz\/\",\"name\":\"Kingston Fury Beast KF316C10B\/8 8GB DDR3 1600MHz - Aivlisoft Inform\u00e1tica\",\"isPartOf\":{\"@id\":\"https:\/\/aivlisoft.net\/shop\/#website\"},\"primaryImageOfPage\":{\"@id\":\"https:\/\/aivlisoft.net\/shop\/producto\/kingston-fury-beast-kf316c10b-8-8gb-ddr3-1600mhz\/#primaryimage\"},\"image\":{\"@id\":\"https:\/\/aivlisoft.net\/shop\/producto\/kingston-fury-beast-kf316c10b-8-8gb-ddr3-1600mhz\/#primaryimage\"},\"thumbnailUrl\":\"https:\/\/aivlisoft.net\/shop\/wp-content\/uploads\/2025\/01\/IMEMD30257_800.jpg\",\"datePublished\":\"2025-01-13T14:34:17+00:00\",\"dateModified\":\"2025-01-14T11:11:00+00:00\",\"breadcrumb\":{\"@id\":\"https:\/\/aivlisoft.net\/shop\/producto\/kingston-fury-beast-kf316c10b-8-8gb-ddr3-1600mhz\/#breadcrumb\"},\"inLanguage\":\"es\",\"potentialAction\":[{\"@type\":\"ReadAction\",\"target\":[\"https:\/\/aivlisoft.net\/shop\/producto\/kingston-fury-beast-kf316c10b-8-8gb-ddr3-1600mhz\/\"]}]},{\"@type\":\"ImageObject\",\"inLanguage\":\"es\",\"@id\":\"https:\/\/aivlisoft.net\/shop\/producto\/kingston-fury-beast-kf316c10b-8-8gb-ddr3-1600mhz\/#primaryimage\",\"url\":\"https:\/\/aivlisoft.net\/shop\/wp-content\/uploads\/2025\/01\/IMEMD30257_800.jpg\",\"contentUrl\":\"https:\/\/aivlisoft.net\/shop\/wp-content\/uploads\/2025\/01\/IMEMD30257_800.jpg\",\"width\":800,\"height\":800},{\"@type\":\"BreadcrumbList\",\"@id\":\"https:\/\/aivlisoft.net\/shop\/producto\/kingston-fury-beast-kf316c10b-8-8gb-ddr3-1600mhz\/#breadcrumb\",\"itemListElement\":[{\"@type\":\"ListItem\",\"position\":1,\"name\":\"Portada\",\"item\":\"https:\/\/aivlisoft.net\/shop\/\"},{\"@type\":\"ListItem\",\"position\":2,\"name\":\"Tienda\",\"item\":\"https:\/\/aivlisoft.net\/shop\/tienda\/\"},{\"@type\":\"ListItem\",\"position\":3,\"name\":\"Kingston Fury Beast KF316C10B\/8 8GB DDR3 1600MHz\"}]},{\"@type\":\"WebSite\",\"@id\":\"https:\/\/aivlisoft.net\/shop\/#website\",\"url\":\"https:\/\/aivlisoft.net\/shop\/\",\"name\":\"Aivlisoft Inform\u00e1tica\",\"description\":\"En Aivlisoft Inform\u00e1tica ofrecemos soluciones tecnol\u00f3gicas para empresas: venta de ordenadores, consumibles, perif\u00e9ricos y m\u00e1s. Calidad, atenci\u00f3n personalizada y los mejores precios para tu negocio.\",\"publisher\":{\"@id\":\"https:\/\/aivlisoft.net\/shop\/#organization\"},\"potentialAction\":[{\"@type\":\"SearchAction\",\"target\":{\"@type\":\"EntryPoint\",\"urlTemplate\":\"https:\/\/aivlisoft.net\/shop\/?s={search_term_string}\"},\"query-input\":{\"@type\":\"PropertyValueSpecification\",\"valueRequired\":true,\"valueName\":\"search_term_string\"}}],\"inLanguage\":\"es\"},{\"@type\":\"Organization\",\"@id\":\"https:\/\/aivlisoft.net\/shop\/#organization\",\"name\":\"Aivlisoft Inform\u00e1tica\",\"url\":\"https:\/\/aivlisoft.net\/shop\/\",\"logo\":{\"@type\":\"ImageObject\",\"inLanguage\":\"es\",\"@id\":\"https:\/\/aivlisoft.net\/shop\/#\/schema\/logo\/image\/\",\"url\":\"https:\/\/aivlisoft.net\/shop\/wp-content\/uploads\/2024\/12\/removal.ai_5b848c54-0cdf-4140-95c5-c5536bb7573b-logodef.png\",\"contentUrl\":\"https:\/\/aivlisoft.net\/shop\/wp-content\/uploads\/2024\/12\/removal.ai_5b848c54-0cdf-4140-95c5-c5536bb7573b-logodef.png\",\"width\":484,\"height\":182,\"caption\":\"Aivlisoft Inform\u00e1tica\"},\"image\":{\"@id\":\"https:\/\/aivlisoft.net\/shop\/#\/schema\/logo\/image\/\"}}]}<\/script>\n<!-- \/ Yoast SEO plugin. -->","yoast_head_json":{"title":"Kingston Fury Beast KF316C10B\/8 8GB DDR3 1600MHz - Aivlisoft Inform\u00e1tica","robots":{"index":"index","follow":"follow","max-snippet":"max-snippet:-1","max-image-preview":"max-image-preview:large","max-video-preview":"max-video-preview:-1"},"canonical":"https:\/\/aivlisoft.net\/shop\/producto\/kingston-fury-beast-kf316c10b-8-8gb-ddr3-1600mhz\/","og_locale":"es_ES","og_type":"article","og_title":"Kingston Fury Beast KF316C10B\/8 8GB DDR3 1600MHz - Aivlisoft Inform\u00e1tica","og_description":"&nbsp; Marca Kingston Modelo KF316C10B\/8 Caracter&iacute;sticas &ndash; Tipo de enfriamiento: Disipador &ndash; Intel&reg; Extreme Memory Profile (XMP): No &ndash; Voltaje de memoria: 1.5 V &ndash; Latencia CAS: 10 &ndash; Dise&ntilde;o de memoria (m&oacute;dulos x tama&ntilde;o): 1 x 8 GB &ndash; Color del producto: Azul &ndash; Canales de memoria: Dual-channel &ndash; Forma de factor de memoria:&hellip;&nbsp;Kingston Fury Beast KF316C10B\/8 8GB DDR3 1600MHz","og_url":"https:\/\/aivlisoft.net\/shop\/producto\/kingston-fury-beast-kf316c10b-8-8gb-ddr3-1600mhz\/","og_site_name":"Aivlisoft Inform\u00e1tica","article_modified_time":"2025-01-14T11:11:00+00:00","og_image":[{"width":800,"height":800,"url":"https:\/\/aivlisoft.net\/shop\/wp-content\/uploads\/2025\/01\/IMEMD30257_800.jpg","type":"image\/jpeg"}],"twitter_card":"summary_large_image","twitter_misc":{"Tiempo de lectura":"1 minuto"},"schema":{"@context":"https:\/\/schema.org","@graph":[{"@type":"WebPage","@id":"https:\/\/aivlisoft.net\/shop\/producto\/kingston-fury-beast-kf316c10b-8-8gb-ddr3-1600mhz\/","url":"https:\/\/aivlisoft.net\/shop\/producto\/kingston-fury-beast-kf316c10b-8-8gb-ddr3-1600mhz\/","name":"Kingston Fury Beast KF316C10B\/8 8GB DDR3 1600MHz - Aivlisoft Inform\u00e1tica","isPartOf":{"@id":"https:\/\/aivlisoft.net\/shop\/#website"},"primaryImageOfPage":{"@id":"https:\/\/aivlisoft.net\/shop\/producto\/kingston-fury-beast-kf316c10b-8-8gb-ddr3-1600mhz\/#primaryimage"},"image":{"@id":"https:\/\/aivlisoft.net\/shop\/producto\/kingston-fury-beast-kf316c10b-8-8gb-ddr3-1600mhz\/#primaryimage"},"thumbnailUrl":"https:\/\/aivlisoft.net\/shop\/wp-content\/uploads\/2025\/01\/IMEMD30257_800.jpg","datePublished":"2025-01-13T14:34:17+00:00","dateModified":"2025-01-14T11:11:00+00:00","breadcrumb":{"@id":"https:\/\/aivlisoft.net\/shop\/producto\/kingston-fury-beast-kf316c10b-8-8gb-ddr3-1600mhz\/#breadcrumb"},"inLanguage":"es","potentialAction":[{"@type":"ReadAction","target":["https:\/\/aivlisoft.net\/shop\/producto\/kingston-fury-beast-kf316c10b-8-8gb-ddr3-1600mhz\/"]}]},{"@type":"ImageObject","inLanguage":"es","@id":"https:\/\/aivlisoft.net\/shop\/producto\/kingston-fury-beast-kf316c10b-8-8gb-ddr3-1600mhz\/#primaryimage","url":"https:\/\/aivlisoft.net\/shop\/wp-content\/uploads\/2025\/01\/IMEMD30257_800.jpg","contentUrl":"https:\/\/aivlisoft.net\/shop\/wp-content\/uploads\/2025\/01\/IMEMD30257_800.jpg","width":800,"height":800},{"@type":"BreadcrumbList","@id":"https:\/\/aivlisoft.net\/shop\/producto\/kingston-fury-beast-kf316c10b-8-8gb-ddr3-1600mhz\/#breadcrumb","itemListElement":[{"@type":"ListItem","position":1,"name":"Portada","item":"https:\/\/aivlisoft.net\/shop\/"},{"@type":"ListItem","position":2,"name":"Tienda","item":"https:\/\/aivlisoft.net\/shop\/tienda\/"},{"@type":"ListItem","position":3,"name":"Kingston Fury Beast KF316C10B\/8 8GB DDR3 1600MHz"}]},{"@type":"WebSite","@id":"https:\/\/aivlisoft.net\/shop\/#website","url":"https:\/\/aivlisoft.net\/shop\/","name":"Aivlisoft Inform\u00e1tica","description":"En Aivlisoft Inform\u00e1tica ofrecemos soluciones tecnol\u00f3gicas para empresas: venta de ordenadores, consumibles, perif\u00e9ricos y m\u00e1s. Calidad, atenci\u00f3n personalizada y los mejores precios para tu negocio.","publisher":{"@id":"https:\/\/aivlisoft.net\/shop\/#organization"},"potentialAction":[{"@type":"SearchAction","target":{"@type":"EntryPoint","urlTemplate":"https:\/\/aivlisoft.net\/shop\/?s={search_term_string}"},"query-input":{"@type":"PropertyValueSpecification","valueRequired":true,"valueName":"search_term_string"}}],"inLanguage":"es"},{"@type":"Organization","@id":"https:\/\/aivlisoft.net\/shop\/#organization","name":"Aivlisoft Inform\u00e1tica","url":"https:\/\/aivlisoft.net\/shop\/","logo":{"@type":"ImageObject","inLanguage":"es","@id":"https:\/\/aivlisoft.net\/shop\/#\/schema\/logo\/image\/","url":"https:\/\/aivlisoft.net\/shop\/wp-content\/uploads\/2024\/12\/removal.ai_5b848c54-0cdf-4140-95c5-c5536bb7573b-logodef.png","contentUrl":"https:\/\/aivlisoft.net\/shop\/wp-content\/uploads\/2024\/12\/removal.ai_5b848c54-0cdf-4140-95c5-c5536bb7573b-logodef.png","width":484,"height":182,"caption":"Aivlisoft Inform\u00e1tica"},"image":{"@id":"https:\/\/aivlisoft.net\/shop\/#\/schema\/logo\/image\/"}}]}},"_links":{"self":[{"href":"https:\/\/aivlisoft.net\/shop\/wp-json\/wp\/v2\/product\/13552","targetHints":{"allow":["GET"]}}],"collection":[{"href":"https:\/\/aivlisoft.net\/shop\/wp-json\/wp\/v2\/product"}],"about":[{"href":"https:\/\/aivlisoft.net\/shop\/wp-json\/wp\/v2\/types\/product"}],"wp:featuredmedia":[{"embeddable":true,"href":"https:\/\/aivlisoft.net\/shop\/wp-json\/wp\/v2\/media\/13553"}],"wp:attachment":[{"href":"https:\/\/aivlisoft.net\/shop\/wp-json\/wp\/v2\/media?parent=13552"}],"wp:term":[{"taxonomy":"product_brand","embeddable":true,"href":"https:\/\/aivlisoft.net\/shop\/wp-json\/wp\/v2\/product_brand?post=13552"},{"taxonomy":"product_cat","embeddable":true,"href":"https:\/\/aivlisoft.net\/shop\/wp-json\/wp\/v2\/product_cat?post=13552"},{"taxonomy":"product_tag","embeddable":true,"href":"https:\/\/aivlisoft.net\/shop\/wp-json\/wp\/v2\/product_tag?post=13552"}],"curies":[{"name":"wp","href":"https:\/\/api.w.org\/{rel}","templated":true}]}}