{"id":13442,"date":"2025-01-13T14:33:17","date_gmt":"2025-01-13T14:33:17","guid":{"rendered":"https:\/\/aivlisoft.com\/?post_type=product&#038;p=13442"},"modified":"2025-01-14T11:10:23","modified_gmt":"2025-01-14T11:10:23","slug":"hiditec-fuente-alim-bzx850-v2-80plus-bronze-full-r","status":"publish","type":"product","link":"https:\/\/aivlisoft.net\/shop\/producto\/hiditec-fuente-alim-bzx850-v2-80plus-bronze-full-r\/","title":{"rendered":"Hiditec Fuente Alim.BZX850 V2 80PLUS BRONZE FULL R"},"content":{"rendered":"<p>Ventilador de 140mm con rodamientos fluido din&aacute;micos FDB ultra silencioso termo regulado.<br \/>&nbsp;<br \/>El ventilador ultra silencioso de 140mm termo regulado con rodamientos fluido din&aacute;micos FDB reduce dr&aacute;sticamente el ruido en su funcionamiento y prolonga de manera significativa su durabilidad.<br \/>&nbsp;<br \/>Va adaptando su funcionamiento a las diferentes necesidades del equipo, solo funcionar&aacute; a m&aacute;xima potencia en caso de ser requerido.<br \/>&nbsp;<br \/>El ventilador de 140mm aporta mayor caudal de aire funcionando a menos revoluciones, por lo que adem&aacute;s de hacer pr&aacute;cticamente imperceptible el ruido del ventilador vamos a conseguir mayor eficiencia y durabilidad de todos los componentes.<br \/>&nbsp;<\/p>\n<p>&nbsp;<\/p>\n<table class=\"tabla_caracteristicas k-table\" width=\"100%\">\n<tr>\n<td><strong>Marca<\/strong><\/td>\n<td>Hiditec<\/td>\n<\/tr>\n<tr>\n<td><strong>Modelo<\/strong><\/td>\n<td><strong>PSU010037<\/strong><\/td>\n<\/tr>\n<tr>\n<td valign=\"top\"><strong>Caracter&iacute;sticas<\/strong><\/td>\n<td>&#8211; Potencia: <strong>850W<\/strong><br \/>\t\t\t&#8211; Factor forma: ATX<br \/>\t\t\t&#8211; Voltaje: 100 &#8211; 240Vac<br \/>\t\t\t&#8211; MTBF: 100.000 horas<br \/>\t\t\t&#8211; Certificado 80Plus: Bronze<br \/>\t\t\t&#8211; CircuitShield: OVP, SCP, OPP, SIP, UVP<br \/>\t\t\t&#8211; Conexiones:<br \/>\t\t\t&nbsp; 1 x Conector 20+4 pin&nbsp;&nbsp; &nbsp;<br \/>\t\t\t&nbsp; 2 x Conector EPS +12V 4+4 pin&nbsp;&nbsp; &nbsp;<br \/>\t\t\t&nbsp; 1 x Conector FDD&nbsp;&nbsp; &nbsp;<br \/>\t\t\t&nbsp; 5 x Conector SATA&nbsp;&nbsp; &nbsp;<br \/>\t\t\t&nbsp; 2 x Conector Molex&nbsp;&nbsp; &nbsp;<br \/>\t\t\t&nbsp; 4 x Conector 6+2Pin PCIe&nbsp;&nbsp; &nbsp;<br \/>\t\t\t&#8211; Datos t&eacute;cnicos fuente de alimentaci&oacute;n: +12V : 70A \/ +3.3V : 20A \/ +5V : 20A \/ -12V : 0.5A \/ +5VSB : 3A<br \/>\t\t\t&#8211; Certificados: CE , FCC , RoHs<br \/>\t\t\t&#8211; Full modular<br \/>\t\t\t<strong>Dimensiones y peso<\/strong><br \/>\t\t\t&#8211; Dimensiones del ventilador: 140 x 140 x 25 mm<br \/>\t\t\t&#8211; Dimensiones: 150 x 86 x 160 mm<br \/>\t\t\t&#8211; Peso: 2200 g<\/td>\n<\/tr>\n<tr>\n<td><strong>Fecha Revisi&oacute;n<\/strong><\/td>\n<td>25-04-2024 por RTY<\/td>\n<\/tr>\n<\/table>\n","protected":false},"excerpt":{"rendered":"<p>Ventilador de 140mm con rodamientos fluido din&aacute;micos FDB ultra silencioso termo regulado.&nbsp;El ventilador ultra silencioso de 140mm termo regulado con rodamientos fluido din&aacute;micos FDB reduce dr&aacute;sticamente el ruido en su funcionamiento y prolonga de manera significativa su durabilidad.&nbsp;Va adaptando su funcionamiento a las diferentes necesidades del equipo, solo funcionar&aacute; a m&aacute;xima potencia en caso de&hellip;&nbsp;<a href=\"https:\/\/aivlisoft.net\/shop\/producto\/hiditec-fuente-alim-bzx850-v2-80plus-bronze-full-r\/\" rel=\"bookmark\"><span class=\"screen-reader-text\">Hiditec Fuente Alim.BZX850 V2 80PLUS BRONZE FULL R<\/span><\/a><\/p>\n","protected":false},"featured_media":13443,"template":"","meta":{"neve_meta_sidebar":"","neve_meta_container":"","neve_meta_enable_content_width":"","neve_meta_content_width":0,"neve_meta_title_alignment":"","neve_meta_author_avatar":"","neve_post_elements_order":"","neve_meta_disable_header":"","neve_meta_disable_footer":"","neve_meta_disable_title":""},"product_brand":[],"product_cat":[8733],"product_tag":[5199],"class_list":{"0":"post-13442","1":"product","2":"type-product","3":"status-publish","4":"has-post-thumbnail","6":"product_cat-fuentes-desde-600w","7":"product_tag-psu010037","9":"first","10":"instock","11":"taxable","12":"shipping-taxable","13":"purchasable","14":"product-type-simple"},"yoast_head":"<!-- This site is optimized with the Yoast SEO plugin v26.0 - https:\/\/yoast.com\/wordpress\/plugins\/seo\/ -->\n<title>Hiditec Fuente Alim.BZX850 V2 80PLUS BRONZE FULL R - Aivlisoft Inform\u00e1tica<\/title>\n<meta name=\"robots\" content=\"index, follow, max-snippet:-1, max-image-preview:large, max-video-preview:-1\" \/>\n<link rel=\"canonical\" href=\"https:\/\/aivlisoft.net\/shop\/producto\/hiditec-fuente-alim-bzx850-v2-80plus-bronze-full-r\/\" \/>\n<meta property=\"og:locale\" content=\"es_ES\" \/>\n<meta property=\"og:type\" content=\"article\" \/>\n<meta property=\"og:title\" content=\"Hiditec Fuente Alim.BZX850 V2 80PLUS BRONZE FULL R - Aivlisoft Inform\u00e1tica\" \/>\n<meta property=\"og:description\" content=\"Ventilador de 140mm con rodamientos fluido din&aacute;micos FDB ultra silencioso termo regulado.&nbsp;El ventilador ultra silencioso de 140mm termo regulado con rodamientos fluido din&aacute;micos FDB reduce dr&aacute;sticamente el ruido en su funcionamiento y prolonga de manera significativa su durabilidad.&nbsp;Va adaptando su funcionamiento a las diferentes necesidades del equipo, solo funcionar&aacute; a m&aacute;xima potencia en caso de&hellip;&nbsp;Hiditec Fuente Alim.BZX850 V2 80PLUS BRONZE FULL R\" \/>\n<meta property=\"og:url\" content=\"https:\/\/aivlisoft.net\/shop\/producto\/hiditec-fuente-alim-bzx850-v2-80plus-bronze-full-r\/\" \/>\n<meta property=\"og:site_name\" content=\"Aivlisoft Inform\u00e1tica\" \/>\n<meta property=\"article:modified_time\" content=\"2025-01-14T11:10:23+00:00\" \/>\n<meta property=\"og:image\" content=\"https:\/\/aivlisoft.net\/shop\/wp-content\/uploads\/2025\/01\/ICAFA70355_800.jpg\" \/>\n\t<meta property=\"og:image:width\" content=\"800\" \/>\n\t<meta property=\"og:image:height\" content=\"800\" \/>\n\t<meta property=\"og:image:type\" content=\"image\/jpeg\" \/>\n<meta name=\"twitter:card\" content=\"summary_large_image\" \/>\n<meta name=\"twitter:label1\" content=\"Tiempo de lectura\" \/>\n\t<meta name=\"twitter:data1\" content=\"1 minuto\" \/>\n<script type=\"application\/ld+json\" class=\"yoast-schema-graph\">{\"@context\":\"https:\/\/schema.org\",\"@graph\":[{\"@type\":\"WebPage\",\"@id\":\"https:\/\/aivlisoft.net\/shop\/producto\/hiditec-fuente-alim-bzx850-v2-80plus-bronze-full-r\/\",\"url\":\"https:\/\/aivlisoft.net\/shop\/producto\/hiditec-fuente-alim-bzx850-v2-80plus-bronze-full-r\/\",\"name\":\"Hiditec Fuente Alim.BZX850 V2 80PLUS BRONZE FULL R - Aivlisoft Inform\u00e1tica\",\"isPartOf\":{\"@id\":\"https:\/\/aivlisoft.net\/shop\/#website\"},\"primaryImageOfPage\":{\"@id\":\"https:\/\/aivlisoft.net\/shop\/producto\/hiditec-fuente-alim-bzx850-v2-80plus-bronze-full-r\/#primaryimage\"},\"image\":{\"@id\":\"https:\/\/aivlisoft.net\/shop\/producto\/hiditec-fuente-alim-bzx850-v2-80plus-bronze-full-r\/#primaryimage\"},\"thumbnailUrl\":\"https:\/\/aivlisoft.net\/shop\/wp-content\/uploads\/2025\/01\/ICAFA70355_800.jpg\",\"datePublished\":\"2025-01-13T14:33:17+00:00\",\"dateModified\":\"2025-01-14T11:10:23+00:00\",\"breadcrumb\":{\"@id\":\"https:\/\/aivlisoft.net\/shop\/producto\/hiditec-fuente-alim-bzx850-v2-80plus-bronze-full-r\/#breadcrumb\"},\"inLanguage\":\"es\",\"potentialAction\":[{\"@type\":\"ReadAction\",\"target\":[\"https:\/\/aivlisoft.net\/shop\/producto\/hiditec-fuente-alim-bzx850-v2-80plus-bronze-full-r\/\"]}]},{\"@type\":\"ImageObject\",\"inLanguage\":\"es\",\"@id\":\"https:\/\/aivlisoft.net\/shop\/producto\/hiditec-fuente-alim-bzx850-v2-80plus-bronze-full-r\/#primaryimage\",\"url\":\"https:\/\/aivlisoft.net\/shop\/wp-content\/uploads\/2025\/01\/ICAFA70355_800.jpg\",\"contentUrl\":\"https:\/\/aivlisoft.net\/shop\/wp-content\/uploads\/2025\/01\/ICAFA70355_800.jpg\",\"width\":800,\"height\":800},{\"@type\":\"BreadcrumbList\",\"@id\":\"https:\/\/aivlisoft.net\/shop\/producto\/hiditec-fuente-alim-bzx850-v2-80plus-bronze-full-r\/#breadcrumb\",\"itemListElement\":[{\"@type\":\"ListItem\",\"position\":1,\"name\":\"Portada\",\"item\":\"https:\/\/aivlisoft.net\/shop\/\"},{\"@type\":\"ListItem\",\"position\":2,\"name\":\"Tienda\",\"item\":\"https:\/\/aivlisoft.net\/shop\/tienda\/\"},{\"@type\":\"ListItem\",\"position\":3,\"name\":\"Hiditec Fuente Alim.BZX850 V2 80PLUS BRONZE FULL R\"}]},{\"@type\":\"WebSite\",\"@id\":\"https:\/\/aivlisoft.net\/shop\/#website\",\"url\":\"https:\/\/aivlisoft.net\/shop\/\",\"name\":\"Aivlisoft Inform\u00e1tica\",\"description\":\"En Aivlisoft Inform\u00e1tica ofrecemos soluciones tecnol\u00f3gicas para empresas: venta de ordenadores, consumibles, perif\u00e9ricos y m\u00e1s. Calidad, atenci\u00f3n personalizada y los mejores precios para tu negocio.\",\"publisher\":{\"@id\":\"https:\/\/aivlisoft.net\/shop\/#organization\"},\"potentialAction\":[{\"@type\":\"SearchAction\",\"target\":{\"@type\":\"EntryPoint\",\"urlTemplate\":\"https:\/\/aivlisoft.net\/shop\/?s={search_term_string}\"},\"query-input\":{\"@type\":\"PropertyValueSpecification\",\"valueRequired\":true,\"valueName\":\"search_term_string\"}}],\"inLanguage\":\"es\"},{\"@type\":\"Organization\",\"@id\":\"https:\/\/aivlisoft.net\/shop\/#organization\",\"name\":\"Aivlisoft Inform\u00e1tica\",\"url\":\"https:\/\/aivlisoft.net\/shop\/\",\"logo\":{\"@type\":\"ImageObject\",\"inLanguage\":\"es\",\"@id\":\"https:\/\/aivlisoft.net\/shop\/#\/schema\/logo\/image\/\",\"url\":\"https:\/\/aivlisoft.net\/shop\/wp-content\/uploads\/2024\/12\/removal.ai_5b848c54-0cdf-4140-95c5-c5536bb7573b-logodef.png\",\"contentUrl\":\"https:\/\/aivlisoft.net\/shop\/wp-content\/uploads\/2024\/12\/removal.ai_5b848c54-0cdf-4140-95c5-c5536bb7573b-logodef.png\",\"width\":484,\"height\":182,\"caption\":\"Aivlisoft Inform\u00e1tica\"},\"image\":{\"@id\":\"https:\/\/aivlisoft.net\/shop\/#\/schema\/logo\/image\/\"}}]}<\/script>\n<!-- \/ Yoast SEO plugin. -->","yoast_head_json":{"title":"Hiditec Fuente Alim.BZX850 V2 80PLUS BRONZE FULL R - Aivlisoft Inform\u00e1tica","robots":{"index":"index","follow":"follow","max-snippet":"max-snippet:-1","max-image-preview":"max-image-preview:large","max-video-preview":"max-video-preview:-1"},"canonical":"https:\/\/aivlisoft.net\/shop\/producto\/hiditec-fuente-alim-bzx850-v2-80plus-bronze-full-r\/","og_locale":"es_ES","og_type":"article","og_title":"Hiditec Fuente Alim.BZX850 V2 80PLUS BRONZE FULL R - Aivlisoft Inform\u00e1tica","og_description":"Ventilador de 140mm con rodamientos fluido din&aacute;micos FDB ultra silencioso termo regulado.&nbsp;El ventilador ultra silencioso de 140mm termo regulado con rodamientos fluido din&aacute;micos FDB reduce dr&aacute;sticamente el ruido en su funcionamiento y prolonga de manera significativa su durabilidad.&nbsp;Va adaptando su funcionamiento a las diferentes necesidades del equipo, solo funcionar&aacute; a m&aacute;xima potencia en caso de&hellip;&nbsp;Hiditec Fuente Alim.BZX850 V2 80PLUS BRONZE FULL R","og_url":"https:\/\/aivlisoft.net\/shop\/producto\/hiditec-fuente-alim-bzx850-v2-80plus-bronze-full-r\/","og_site_name":"Aivlisoft Inform\u00e1tica","article_modified_time":"2025-01-14T11:10:23+00:00","og_image":[{"width":800,"height":800,"url":"https:\/\/aivlisoft.net\/shop\/wp-content\/uploads\/2025\/01\/ICAFA70355_800.jpg","type":"image\/jpeg"}],"twitter_card":"summary_large_image","twitter_misc":{"Tiempo de lectura":"1 minuto"},"schema":{"@context":"https:\/\/schema.org","@graph":[{"@type":"WebPage","@id":"https:\/\/aivlisoft.net\/shop\/producto\/hiditec-fuente-alim-bzx850-v2-80plus-bronze-full-r\/","url":"https:\/\/aivlisoft.net\/shop\/producto\/hiditec-fuente-alim-bzx850-v2-80plus-bronze-full-r\/","name":"Hiditec Fuente Alim.BZX850 V2 80PLUS BRONZE FULL R - Aivlisoft Inform\u00e1tica","isPartOf":{"@id":"https:\/\/aivlisoft.net\/shop\/#website"},"primaryImageOfPage":{"@id":"https:\/\/aivlisoft.net\/shop\/producto\/hiditec-fuente-alim-bzx850-v2-80plus-bronze-full-r\/#primaryimage"},"image":{"@id":"https:\/\/aivlisoft.net\/shop\/producto\/hiditec-fuente-alim-bzx850-v2-80plus-bronze-full-r\/#primaryimage"},"thumbnailUrl":"https:\/\/aivlisoft.net\/shop\/wp-content\/uploads\/2025\/01\/ICAFA70355_800.jpg","datePublished":"2025-01-13T14:33:17+00:00","dateModified":"2025-01-14T11:10:23+00:00","breadcrumb":{"@id":"https:\/\/aivlisoft.net\/shop\/producto\/hiditec-fuente-alim-bzx850-v2-80plus-bronze-full-r\/#breadcrumb"},"inLanguage":"es","potentialAction":[{"@type":"ReadAction","target":["https:\/\/aivlisoft.net\/shop\/producto\/hiditec-fuente-alim-bzx850-v2-80plus-bronze-full-r\/"]}]},{"@type":"ImageObject","inLanguage":"es","@id":"https:\/\/aivlisoft.net\/shop\/producto\/hiditec-fuente-alim-bzx850-v2-80plus-bronze-full-r\/#primaryimage","url":"https:\/\/aivlisoft.net\/shop\/wp-content\/uploads\/2025\/01\/ICAFA70355_800.jpg","contentUrl":"https:\/\/aivlisoft.net\/shop\/wp-content\/uploads\/2025\/01\/ICAFA70355_800.jpg","width":800,"height":800},{"@type":"BreadcrumbList","@id":"https:\/\/aivlisoft.net\/shop\/producto\/hiditec-fuente-alim-bzx850-v2-80plus-bronze-full-r\/#breadcrumb","itemListElement":[{"@type":"ListItem","position":1,"name":"Portada","item":"https:\/\/aivlisoft.net\/shop\/"},{"@type":"ListItem","position":2,"name":"Tienda","item":"https:\/\/aivlisoft.net\/shop\/tienda\/"},{"@type":"ListItem","position":3,"name":"Hiditec Fuente Alim.BZX850 V2 80PLUS BRONZE FULL R"}]},{"@type":"WebSite","@id":"https:\/\/aivlisoft.net\/shop\/#website","url":"https:\/\/aivlisoft.net\/shop\/","name":"Aivlisoft Inform\u00e1tica","description":"En Aivlisoft Inform\u00e1tica ofrecemos soluciones tecnol\u00f3gicas para empresas: venta de ordenadores, consumibles, perif\u00e9ricos y m\u00e1s. Calidad, atenci\u00f3n personalizada y los mejores precios para tu negocio.","publisher":{"@id":"https:\/\/aivlisoft.net\/shop\/#organization"},"potentialAction":[{"@type":"SearchAction","target":{"@type":"EntryPoint","urlTemplate":"https:\/\/aivlisoft.net\/shop\/?s={search_term_string}"},"query-input":{"@type":"PropertyValueSpecification","valueRequired":true,"valueName":"search_term_string"}}],"inLanguage":"es"},{"@type":"Organization","@id":"https:\/\/aivlisoft.net\/shop\/#organization","name":"Aivlisoft Inform\u00e1tica","url":"https:\/\/aivlisoft.net\/shop\/","logo":{"@type":"ImageObject","inLanguage":"es","@id":"https:\/\/aivlisoft.net\/shop\/#\/schema\/logo\/image\/","url":"https:\/\/aivlisoft.net\/shop\/wp-content\/uploads\/2024\/12\/removal.ai_5b848c54-0cdf-4140-95c5-c5536bb7573b-logodef.png","contentUrl":"https:\/\/aivlisoft.net\/shop\/wp-content\/uploads\/2024\/12\/removal.ai_5b848c54-0cdf-4140-95c5-c5536bb7573b-logodef.png","width":484,"height":182,"caption":"Aivlisoft Inform\u00e1tica"},"image":{"@id":"https:\/\/aivlisoft.net\/shop\/#\/schema\/logo\/image\/"}}]}},"_links":{"self":[{"href":"https:\/\/aivlisoft.net\/shop\/wp-json\/wp\/v2\/product\/13442","targetHints":{"allow":["GET"]}}],"collection":[{"href":"https:\/\/aivlisoft.net\/shop\/wp-json\/wp\/v2\/product"}],"about":[{"href":"https:\/\/aivlisoft.net\/shop\/wp-json\/wp\/v2\/types\/product"}],"wp:featuredmedia":[{"embeddable":true,"href":"https:\/\/aivlisoft.net\/shop\/wp-json\/wp\/v2\/media\/13443"}],"wp:attachment":[{"href":"https:\/\/aivlisoft.net\/shop\/wp-json\/wp\/v2\/media?parent=13442"}],"wp:term":[{"taxonomy":"product_brand","embeddable":true,"href":"https:\/\/aivlisoft.net\/shop\/wp-json\/wp\/v2\/product_brand?post=13442"},{"taxonomy":"product_cat","embeddable":true,"href":"https:\/\/aivlisoft.net\/shop\/wp-json\/wp\/v2\/product_cat?post=13442"},{"taxonomy":"product_tag","embeddable":true,"href":"https:\/\/aivlisoft.net\/shop\/wp-json\/wp\/v2\/product_tag?post=13442"}],"curies":[{"name":"wp","href":"https:\/\/api.w.org\/{rel}","templated":true}]}}