{"id":13117,"date":"2025-01-13T14:29:58","date_gmt":"2025-01-13T14:29:58","guid":{"rendered":"https:\/\/aivlisoft.com\/?post_type=product&#038;p=13117"},"modified":"2025-01-14T11:08:22","modified_gmt":"2025-01-14T11:08:22","slug":"nox-semitorre-hummer-vision-blanca","status":"publish","type":"product","link":"https:\/\/aivlisoft.net\/shop\/producto\/nox-semitorre-hummer-vision-blanca\/","title":{"rendered":"NOX Semitorre Hummer Vision Blanca"},"content":{"rendered":"<p><\/p>\n<table class=\"tabla_caracteristicas\" width=\"100%\">\n<tr>\n<td valign=\"top\"><strong>Marca<\/strong><\/td>\n<td>Nox<\/td>\n<\/tr>\n<tr>\n<td valign=\"top\"><strong>Modelo<\/strong><\/td>\n<td valign=\"top\"><strong>NXHUMMERVSNWH<\/strong><\/td>\n<\/tr>\n<tr>\n<td valign=\"top\"><strong>Tipo<\/strong><\/td>\n<td valign=\"top\">&#8211; Caja Semitorre<\/td>\n<\/tr>\n<tr>\n<td valign=\"top\"><strong>Placa Base<\/strong><\/td>\n<td valign=\"top\">&#8211; ATX, M-ATX<\/td>\n<\/tr>\n<tr>\n<td valign=\"top\"><strong>Prestaciones<\/strong><\/td>\n<td>&#8211; Ventana lateral y frontal de cristal templado<br \/>\t\t\t&#8211; Espacio para instalar hasta 5 ventiladores<br \/>\t\t\t&#8211; Compatible con gr&aacute;ficas de gran tama&ntilde;o<br \/>\t\t\t&#8211; USB 3.0 de alta velocidad<br \/>\t\t\t&#8211; Sistema de organizaci&oacute;n de cables de 25 mm<br \/>\t\t\t&#8211; Filtro antipolvo magn&eacute;tico<\/td>\n<\/tr>\n<tr>\n<td valign=\"top\"><strong>Conexiones <\/strong><\/td>\n<td><strong>Bah&iacute;as<\/strong><br \/>\t\t\t&#8211; 1 x 3.5&rsquo;&rsquo;&nbsp;<br \/>\t\t\t&#8211; 2 x 2.5&rsquo;&rsquo;<br \/>\t\t\t<strong>Puertos<\/strong><br \/>\t\t\t&#8211; 1 x USB 3.0<br \/>\t\t\t&#8211; 2 x USB 2.0<br \/>\t\t\t&#8211; HD Audio<br \/>\t\t\t&#8211; Mic<\/td>\n<\/tr>\n<tr>\n<td valign=\"top\"><strong>Refrigeraci&oacute;n<\/strong><\/td>\n<td><strong>Sistema ventilaci&oacute;n<\/strong><br \/>\t\t\t&#8211; Trasero: 1x 120 mm (no incluido)<br \/>\t\t\t&#8211; Superior: 2x 120 mm (no incluidos)<br \/>\t\t\t&#8211; Zona PSU: 2x 120 mm (no incluidos)<br \/>\t\t\t<strong>Opci&oacute;n Refrigeraci&oacute;n l&iacute;quida<\/strong><br \/>\t\t\t&#8211; Trasero: 120 mm<br \/>\t\t\t&#8211; Superior: 120 \/ 240 mm (no incluido)<\/td>\n<\/tr>\n<tr>\n<td valign=\"top\"><strong>Otras <\/strong><br \/>\t\t\t<strong>Caracter&iacute;sticas<\/strong><\/td>\n<td>&#8211; Material:&nbsp;<br \/>\t\t\t&nbsp; Chasis de acero SPCC 0.55 mm<br \/>\t\t\t&nbsp; Panel lateral de cristal templado<br \/>\t\t\t&#8211; Slots de expansi&oacute;n: 7<br \/>\t\t\t&#8211; Fuente de alimentaci&oacute;n: Est&aacute;ndar ATX compatible 160 mm<br \/>\t\t\t<strong>Dimensiones y peso<\/strong><br \/>\t\t\t&#8211; CPU cooler: 165 mm<br \/>\t\t\t&#8211; VGA: 300 mm<br \/>\t\t\t&#8211; 212 x 487 x 346 mm<br \/>\t\t\t&#8211; 4 Kg<\/td>\n<\/tr>\n<tr>\n<td valign=\"top\"><strong>Fecha de revisi&oacute;n<\/strong><\/td>\n<td>02-05-2024 por RTY<\/td>\n<\/tr>\n<\/table>\n","protected":false},"excerpt":{"rendered":"<p>Marca Nox Modelo NXHUMMERVSNWH Tipo &#8211; Caja Semitorre Placa Base &#8211; ATX, M-ATX Prestaciones &#8211; Ventana lateral y frontal de cristal templado &#8211; Espacio para instalar hasta 5 ventiladores &#8211; Compatible con gr&aacute;ficas de gran tama&ntilde;o &#8211; USB 3.0 de alta velocidad &#8211; Sistema de organizaci&oacute;n de cables de 25 mm &#8211; Filtro antipolvo magn&eacute;tico&hellip;&nbsp;<a href=\"https:\/\/aivlisoft.net\/shop\/producto\/nox-semitorre-hummer-vision-blanca\/\" rel=\"bookmark\"><span class=\"screen-reader-text\">NOX Semitorre Hummer Vision Blanca<\/span><\/a><\/p>\n","protected":false},"featured_media":13118,"template":"","meta":{"neve_meta_sidebar":"","neve_meta_container":"","neve_meta_enable_content_width":"","neve_meta_content_width":0,"neve_meta_title_alignment":"","neve_meta_author_avatar":"","neve_post_elements_order":"","neve_meta_disable_header":"","neve_meta_disable_footer":"","neve_meta_disable_title":""},"product_brand":[],"product_cat":[8729],"product_tag":[5073],"class_list":{"0":"post-13117","1":"product","2":"type-product","3":"status-publish","4":"has-post-thumbnail","6":"product_cat-semitorre-y-miditorre","7":"product_tag-nxhummervsnwh","9":"first","10":"instock","11":"taxable","12":"shipping-taxable","13":"purchasable","14":"product-type-simple"},"yoast_head":"<!-- This site is optimized with the Yoast SEO plugin v26.0 - https:\/\/yoast.com\/wordpress\/plugins\/seo\/ -->\n<title>NOX Semitorre Hummer Vision Blanca - Aivlisoft Inform\u00e1tica<\/title>\n<meta name=\"robots\" content=\"index, follow, max-snippet:-1, max-image-preview:large, max-video-preview:-1\" \/>\n<link rel=\"canonical\" href=\"https:\/\/aivlisoft.net\/shop\/producto\/nox-semitorre-hummer-vision-blanca\/\" \/>\n<meta property=\"og:locale\" content=\"es_ES\" \/>\n<meta property=\"og:type\" content=\"article\" \/>\n<meta property=\"og:title\" content=\"NOX Semitorre Hummer Vision Blanca - Aivlisoft Inform\u00e1tica\" \/>\n<meta property=\"og:description\" content=\"Marca Nox Modelo NXHUMMERVSNWH Tipo &#8211; Caja Semitorre Placa Base &#8211; ATX, M-ATX Prestaciones &#8211; Ventana lateral y frontal de cristal templado &#8211; Espacio para instalar hasta 5 ventiladores &#8211; Compatible con gr&aacute;ficas de gran tama&ntilde;o &#8211; USB 3.0 de alta velocidad &#8211; Sistema de organizaci&oacute;n de cables de 25 mm &#8211; Filtro antipolvo magn&eacute;tico&hellip;&nbsp;NOX Semitorre Hummer Vision Blanca\" \/>\n<meta property=\"og:url\" content=\"https:\/\/aivlisoft.net\/shop\/producto\/nox-semitorre-hummer-vision-blanca\/\" \/>\n<meta property=\"og:site_name\" content=\"Aivlisoft Inform\u00e1tica\" \/>\n<meta property=\"article:modified_time\" content=\"2025-01-14T11:08:22+00:00\" \/>\n<meta property=\"og:image\" content=\"https:\/\/aivlisoft.net\/shop\/wp-content\/uploads\/2025\/01\/ICACSM0764_800.jpg\" \/>\n\t<meta property=\"og:image:width\" content=\"800\" \/>\n\t<meta property=\"og:image:height\" content=\"800\" \/>\n\t<meta property=\"og:image:type\" content=\"image\/jpeg\" \/>\n<meta name=\"twitter:card\" content=\"summary_large_image\" \/>\n<meta name=\"twitter:label1\" content=\"Tiempo de lectura\" \/>\n\t<meta name=\"twitter:data1\" content=\"1 minuto\" \/>\n<script type=\"application\/ld+json\" class=\"yoast-schema-graph\">{\"@context\":\"https:\/\/schema.org\",\"@graph\":[{\"@type\":\"WebPage\",\"@id\":\"https:\/\/aivlisoft.net\/shop\/producto\/nox-semitorre-hummer-vision-blanca\/\",\"url\":\"https:\/\/aivlisoft.net\/shop\/producto\/nox-semitorre-hummer-vision-blanca\/\",\"name\":\"NOX Semitorre Hummer Vision Blanca - Aivlisoft Inform\u00e1tica\",\"isPartOf\":{\"@id\":\"https:\/\/aivlisoft.net\/shop\/#website\"},\"primaryImageOfPage\":{\"@id\":\"https:\/\/aivlisoft.net\/shop\/producto\/nox-semitorre-hummer-vision-blanca\/#primaryimage\"},\"image\":{\"@id\":\"https:\/\/aivlisoft.net\/shop\/producto\/nox-semitorre-hummer-vision-blanca\/#primaryimage\"},\"thumbnailUrl\":\"https:\/\/aivlisoft.net\/shop\/wp-content\/uploads\/2025\/01\/ICACSM0764_800.jpg\",\"datePublished\":\"2025-01-13T14:29:58+00:00\",\"dateModified\":\"2025-01-14T11:08:22+00:00\",\"breadcrumb\":{\"@id\":\"https:\/\/aivlisoft.net\/shop\/producto\/nox-semitorre-hummer-vision-blanca\/#breadcrumb\"},\"inLanguage\":\"es\",\"potentialAction\":[{\"@type\":\"ReadAction\",\"target\":[\"https:\/\/aivlisoft.net\/shop\/producto\/nox-semitorre-hummer-vision-blanca\/\"]}]},{\"@type\":\"ImageObject\",\"inLanguage\":\"es\",\"@id\":\"https:\/\/aivlisoft.net\/shop\/producto\/nox-semitorre-hummer-vision-blanca\/#primaryimage\",\"url\":\"https:\/\/aivlisoft.net\/shop\/wp-content\/uploads\/2025\/01\/ICACSM0764_800.jpg\",\"contentUrl\":\"https:\/\/aivlisoft.net\/shop\/wp-content\/uploads\/2025\/01\/ICACSM0764_800.jpg\",\"width\":800,\"height\":800},{\"@type\":\"BreadcrumbList\",\"@id\":\"https:\/\/aivlisoft.net\/shop\/producto\/nox-semitorre-hummer-vision-blanca\/#breadcrumb\",\"itemListElement\":[{\"@type\":\"ListItem\",\"position\":1,\"name\":\"Portada\",\"item\":\"https:\/\/aivlisoft.net\/shop\/\"},{\"@type\":\"ListItem\",\"position\":2,\"name\":\"Tienda\",\"item\":\"https:\/\/aivlisoft.net\/shop\/tienda\/\"},{\"@type\":\"ListItem\",\"position\":3,\"name\":\"NOX Semitorre Hummer Vision Blanca\"}]},{\"@type\":\"WebSite\",\"@id\":\"https:\/\/aivlisoft.net\/shop\/#website\",\"url\":\"https:\/\/aivlisoft.net\/shop\/\",\"name\":\"Aivlisoft Inform\u00e1tica\",\"description\":\"En Aivlisoft Inform\u00e1tica ofrecemos soluciones tecnol\u00f3gicas para empresas: venta de ordenadores, consumibles, perif\u00e9ricos y m\u00e1s. Calidad, atenci\u00f3n personalizada y los mejores precios para tu negocio.\",\"publisher\":{\"@id\":\"https:\/\/aivlisoft.net\/shop\/#organization\"},\"potentialAction\":[{\"@type\":\"SearchAction\",\"target\":{\"@type\":\"EntryPoint\",\"urlTemplate\":\"https:\/\/aivlisoft.net\/shop\/?s={search_term_string}\"},\"query-input\":{\"@type\":\"PropertyValueSpecification\",\"valueRequired\":true,\"valueName\":\"search_term_string\"}}],\"inLanguage\":\"es\"},{\"@type\":\"Organization\",\"@id\":\"https:\/\/aivlisoft.net\/shop\/#organization\",\"name\":\"Aivlisoft Inform\u00e1tica\",\"url\":\"https:\/\/aivlisoft.net\/shop\/\",\"logo\":{\"@type\":\"ImageObject\",\"inLanguage\":\"es\",\"@id\":\"https:\/\/aivlisoft.net\/shop\/#\/schema\/logo\/image\/\",\"url\":\"https:\/\/aivlisoft.net\/shop\/wp-content\/uploads\/2024\/12\/removal.ai_5b848c54-0cdf-4140-95c5-c5536bb7573b-logodef.png\",\"contentUrl\":\"https:\/\/aivlisoft.net\/shop\/wp-content\/uploads\/2024\/12\/removal.ai_5b848c54-0cdf-4140-95c5-c5536bb7573b-logodef.png\",\"width\":484,\"height\":182,\"caption\":\"Aivlisoft Inform\u00e1tica\"},\"image\":{\"@id\":\"https:\/\/aivlisoft.net\/shop\/#\/schema\/logo\/image\/\"}}]}<\/script>\n<!-- \/ Yoast SEO plugin. -->","yoast_head_json":{"title":"NOX Semitorre Hummer Vision Blanca - Aivlisoft Inform\u00e1tica","robots":{"index":"index","follow":"follow","max-snippet":"max-snippet:-1","max-image-preview":"max-image-preview:large","max-video-preview":"max-video-preview:-1"},"canonical":"https:\/\/aivlisoft.net\/shop\/producto\/nox-semitorre-hummer-vision-blanca\/","og_locale":"es_ES","og_type":"article","og_title":"NOX Semitorre Hummer Vision Blanca - Aivlisoft Inform\u00e1tica","og_description":"Marca Nox Modelo NXHUMMERVSNWH Tipo &#8211; Caja Semitorre Placa Base &#8211; ATX, M-ATX Prestaciones &#8211; Ventana lateral y frontal de cristal templado &#8211; Espacio para instalar hasta 5 ventiladores &#8211; Compatible con gr&aacute;ficas de gran tama&ntilde;o &#8211; USB 3.0 de alta velocidad &#8211; Sistema de organizaci&oacute;n de cables de 25 mm &#8211; Filtro antipolvo magn&eacute;tico&hellip;&nbsp;NOX Semitorre Hummer Vision Blanca","og_url":"https:\/\/aivlisoft.net\/shop\/producto\/nox-semitorre-hummer-vision-blanca\/","og_site_name":"Aivlisoft Inform\u00e1tica","article_modified_time":"2025-01-14T11:08:22+00:00","og_image":[{"width":800,"height":800,"url":"https:\/\/aivlisoft.net\/shop\/wp-content\/uploads\/2025\/01\/ICACSM0764_800.jpg","type":"image\/jpeg"}],"twitter_card":"summary_large_image","twitter_misc":{"Tiempo de lectura":"1 minuto"},"schema":{"@context":"https:\/\/schema.org","@graph":[{"@type":"WebPage","@id":"https:\/\/aivlisoft.net\/shop\/producto\/nox-semitorre-hummer-vision-blanca\/","url":"https:\/\/aivlisoft.net\/shop\/producto\/nox-semitorre-hummer-vision-blanca\/","name":"NOX Semitorre Hummer Vision Blanca - Aivlisoft Inform\u00e1tica","isPartOf":{"@id":"https:\/\/aivlisoft.net\/shop\/#website"},"primaryImageOfPage":{"@id":"https:\/\/aivlisoft.net\/shop\/producto\/nox-semitorre-hummer-vision-blanca\/#primaryimage"},"image":{"@id":"https:\/\/aivlisoft.net\/shop\/producto\/nox-semitorre-hummer-vision-blanca\/#primaryimage"},"thumbnailUrl":"https:\/\/aivlisoft.net\/shop\/wp-content\/uploads\/2025\/01\/ICACSM0764_800.jpg","datePublished":"2025-01-13T14:29:58+00:00","dateModified":"2025-01-14T11:08:22+00:00","breadcrumb":{"@id":"https:\/\/aivlisoft.net\/shop\/producto\/nox-semitorre-hummer-vision-blanca\/#breadcrumb"},"inLanguage":"es","potentialAction":[{"@type":"ReadAction","target":["https:\/\/aivlisoft.net\/shop\/producto\/nox-semitorre-hummer-vision-blanca\/"]}]},{"@type":"ImageObject","inLanguage":"es","@id":"https:\/\/aivlisoft.net\/shop\/producto\/nox-semitorre-hummer-vision-blanca\/#primaryimage","url":"https:\/\/aivlisoft.net\/shop\/wp-content\/uploads\/2025\/01\/ICACSM0764_800.jpg","contentUrl":"https:\/\/aivlisoft.net\/shop\/wp-content\/uploads\/2025\/01\/ICACSM0764_800.jpg","width":800,"height":800},{"@type":"BreadcrumbList","@id":"https:\/\/aivlisoft.net\/shop\/producto\/nox-semitorre-hummer-vision-blanca\/#breadcrumb","itemListElement":[{"@type":"ListItem","position":1,"name":"Portada","item":"https:\/\/aivlisoft.net\/shop\/"},{"@type":"ListItem","position":2,"name":"Tienda","item":"https:\/\/aivlisoft.net\/shop\/tienda\/"},{"@type":"ListItem","position":3,"name":"NOX Semitorre Hummer Vision Blanca"}]},{"@type":"WebSite","@id":"https:\/\/aivlisoft.net\/shop\/#website","url":"https:\/\/aivlisoft.net\/shop\/","name":"Aivlisoft Inform\u00e1tica","description":"En Aivlisoft Inform\u00e1tica ofrecemos soluciones tecnol\u00f3gicas para empresas: venta de ordenadores, consumibles, perif\u00e9ricos y m\u00e1s. Calidad, atenci\u00f3n personalizada y los mejores precios para tu negocio.","publisher":{"@id":"https:\/\/aivlisoft.net\/shop\/#organization"},"potentialAction":[{"@type":"SearchAction","target":{"@type":"EntryPoint","urlTemplate":"https:\/\/aivlisoft.net\/shop\/?s={search_term_string}"},"query-input":{"@type":"PropertyValueSpecification","valueRequired":true,"valueName":"search_term_string"}}],"inLanguage":"es"},{"@type":"Organization","@id":"https:\/\/aivlisoft.net\/shop\/#organization","name":"Aivlisoft Inform\u00e1tica","url":"https:\/\/aivlisoft.net\/shop\/","logo":{"@type":"ImageObject","inLanguage":"es","@id":"https:\/\/aivlisoft.net\/shop\/#\/schema\/logo\/image\/","url":"https:\/\/aivlisoft.net\/shop\/wp-content\/uploads\/2024\/12\/removal.ai_5b848c54-0cdf-4140-95c5-c5536bb7573b-logodef.png","contentUrl":"https:\/\/aivlisoft.net\/shop\/wp-content\/uploads\/2024\/12\/removal.ai_5b848c54-0cdf-4140-95c5-c5536bb7573b-logodef.png","width":484,"height":182,"caption":"Aivlisoft Inform\u00e1tica"},"image":{"@id":"https:\/\/aivlisoft.net\/shop\/#\/schema\/logo\/image\/"}}]}},"_links":{"self":[{"href":"https:\/\/aivlisoft.net\/shop\/wp-json\/wp\/v2\/product\/13117","targetHints":{"allow":["GET"]}}],"collection":[{"href":"https:\/\/aivlisoft.net\/shop\/wp-json\/wp\/v2\/product"}],"about":[{"href":"https:\/\/aivlisoft.net\/shop\/wp-json\/wp\/v2\/types\/product"}],"wp:featuredmedia":[{"embeddable":true,"href":"https:\/\/aivlisoft.net\/shop\/wp-json\/wp\/v2\/media\/13118"}],"wp:attachment":[{"href":"https:\/\/aivlisoft.net\/shop\/wp-json\/wp\/v2\/media?parent=13117"}],"wp:term":[{"taxonomy":"product_brand","embeddable":true,"href":"https:\/\/aivlisoft.net\/shop\/wp-json\/wp\/v2\/product_brand?post=13117"},{"taxonomy":"product_cat","embeddable":true,"href":"https:\/\/aivlisoft.net\/shop\/wp-json\/wp\/v2\/product_cat?post=13117"},{"taxonomy":"product_tag","embeddable":true,"href":"https:\/\/aivlisoft.net\/shop\/wp-json\/wp\/v2\/product_tag?post=13117"}],"curies":[{"name":"wp","href":"https:\/\/api.w.org\/{rel}","templated":true}]}}