{"id":13098,"date":"2025-01-13T14:29:50","date_gmt":"2025-01-13T14:29:50","guid":{"rendered":"https:\/\/aivlisoft.com\/?post_type=product&#038;p=13098"},"modified":"2025-01-14T11:08:18","modified_gmt":"2025-01-14T11:08:18","slug":"hiditec-semitorre-gaming-h1-air-argb-usb-c","status":"publish","type":"product","link":"https:\/\/aivlisoft.net\/shop\/producto\/hiditec-semitorre-gaming-h1-air-argb-usb-c\/","title":{"rendered":"Hiditec Semitorre Gaming H1 AIR ARGB USB-C"},"content":{"rendered":"<p>El chasis H1 AIR fabricado con acero laminado de 8mm de espesor y una construcci&oacute;n aerodin&aacute;mica con gran compatibilidad y alto rendimiento de flujo de aire gracias al dise&ntilde;o microperforado y a los cuatro ventiladores que incorpora de serie.<\/p>\n<p>Cuenta con filtros magn&eacute;ticos antipolvo en todos los emplazamientos de f&aacute;cil limpieza. Adem&aacute;s incorpora USB-C y bot&oacute;n para el control de la iluminaci&oacute;n ARGB.<\/p>\n<table class=\"tabla_caracteristicas\" width=\"100%\">\n<tr>\n<td valign=\"top\"><strong>Marca<\/strong><\/td>\n<td>Hiditec<\/td>\n<\/tr>\n<tr>\n<td valign=\"top\"><strong>Modelo<\/strong><\/td>\n<td><strong>CHA010037<\/strong><\/td>\n<\/tr>\n<tr>\n<td valign=\"top\"><strong>Caracter&iacute;sticas<\/strong><\/td>\n<td>&#8211; Compatible refrigeraci&oacute;n l&iacute;quida&nbsp;&nbsp; &nbsp;<br \/>\t\t\t&#8211; Factor forma: ATX<br \/>\t\t\t&#8211; Frontal del chasis: SECC<br \/>\t\t\t&#8211; Laterales del chasis: SECC<br \/>\t\t\t&#8211; Fuente de alimentaci&oacute;n del chasis: ATX<br \/>\t\t\t&#8211; Placa base: ATX &#8211; Micro ATX &#8211; ITX<br \/>\t\t\t&#8211; Puertos I\/O frontales&nbsp;&nbsp; &nbsp;<br \/>\t\t\t&nbsp; 1 x USB 3.1 Type C<br \/>\t\t\t&nbsp; 2 x USB 3.0<br \/>\t\t\t&nbsp; 1 x Audio in\/out<br \/>\t\t\t&#8211; Bah&iacute;as 3.5&#8243;: 2<br \/>\t\t\t&#8211; Bah&iacute;as 2.5&#8243;: 4<br \/>\t\t\t&#8211; PCI: 7<br \/>\t\t\t&#8211; Ventiladores frontales: 3 x 120 mm LED ARGB<br \/>\t\t\t&#8211; Ventiladores superiores: 2 x 120 mm (Opcional)<br \/>\t\t\t&#8211; Ventilador trasero: 1 x 120 mm LED ARGB<br \/>\t\t\t&#8211; Filtros antipolvo&nbsp;&nbsp; &nbsp;<br \/>\t\t\t&#8211; Certificados: CE, FCC, RoHs<br \/>\t\t\t&#8211; Sin fuente de alimentaci&oacute;n incluida<br \/>\t\t\t<strong>Dimensiones y peso&nbsp;&nbsp; &nbsp;<\/strong><br \/>\t\t\t&#8211; Dimensiones&nbsp;&nbsp; &nbsp;436 x 202.5 x 490 mm<br \/>\t\t\t&#8211; Peso: 7200 grs<\/td>\n<\/tr>\n<tr>\n<td valign=\"top\"><strong>Fecha de revisi&oacute;n<\/strong><\/td>\n<td>11-05-2023 por RTY<\/td>\n<\/tr>\n<\/table>\n","protected":false},"excerpt":{"rendered":"<p>El chasis H1 AIR fabricado con acero laminado de 8mm de espesor y una construcci&oacute;n aerodin&aacute;mica con gran compatibilidad y alto rendimiento de flujo de aire gracias al dise&ntilde;o microperforado y a los cuatro ventiladores que incorpora de serie. Cuenta con filtros magn&eacute;ticos antipolvo en todos los emplazamientos de f&aacute;cil limpieza. Adem&aacute;s incorpora USB-C y&hellip;&nbsp;<a href=\"https:\/\/aivlisoft.net\/shop\/producto\/hiditec-semitorre-gaming-h1-air-argb-usb-c\/\" rel=\"bookmark\"><span class=\"screen-reader-text\">Hiditec Semitorre Gaming H1 AIR ARGB USB-C<\/span><\/a><\/p>\n","protected":false},"featured_media":13099,"template":"","meta":{"neve_meta_sidebar":"","neve_meta_container":"","neve_meta_enable_content_width":"","neve_meta_content_width":0,"neve_meta_title_alignment":"","neve_meta_author_avatar":"","neve_post_elements_order":"","neve_meta_disable_header":"","neve_meta_disable_footer":"","neve_meta_disable_title":""},"product_brand":[],"product_cat":[8729],"product_tag":[5069],"class_list":{"0":"post-13098","1":"product","2":"type-product","3":"status-publish","4":"has-post-thumbnail","6":"product_cat-semitorre-y-miditorre","7":"product_tag-cha010037","9":"first","10":"instock","11":"taxable","12":"shipping-taxable","13":"purchasable","14":"product-type-simple"},"yoast_head":"<!-- This site is optimized with the Yoast SEO plugin v26.0 - https:\/\/yoast.com\/wordpress\/plugins\/seo\/ -->\n<title>Hiditec Semitorre Gaming H1 AIR ARGB USB-C - Aivlisoft Inform\u00e1tica<\/title>\n<meta name=\"robots\" content=\"index, follow, max-snippet:-1, max-image-preview:large, max-video-preview:-1\" \/>\n<link rel=\"canonical\" href=\"https:\/\/aivlisoft.net\/shop\/producto\/hiditec-semitorre-gaming-h1-air-argb-usb-c\/\" \/>\n<meta property=\"og:locale\" content=\"es_ES\" \/>\n<meta property=\"og:type\" content=\"article\" \/>\n<meta property=\"og:title\" content=\"Hiditec Semitorre Gaming H1 AIR ARGB USB-C - Aivlisoft Inform\u00e1tica\" \/>\n<meta property=\"og:description\" content=\"El chasis H1 AIR fabricado con acero laminado de 8mm de espesor y una construcci&oacute;n aerodin&aacute;mica con gran compatibilidad y alto rendimiento de flujo de aire gracias al dise&ntilde;o microperforado y a los cuatro ventiladores que incorpora de serie. Cuenta con filtros magn&eacute;ticos antipolvo en todos los emplazamientos de f&aacute;cil limpieza. Adem&aacute;s incorpora USB-C y&hellip;&nbsp;Hiditec Semitorre Gaming H1 AIR ARGB USB-C\" \/>\n<meta property=\"og:url\" content=\"https:\/\/aivlisoft.net\/shop\/producto\/hiditec-semitorre-gaming-h1-air-argb-usb-c\/\" \/>\n<meta property=\"og:site_name\" content=\"Aivlisoft Inform\u00e1tica\" \/>\n<meta property=\"article:modified_time\" content=\"2025-01-14T11:08:18+00:00\" \/>\n<meta property=\"og:image\" content=\"https:\/\/aivlisoft.net\/shop\/wp-content\/uploads\/2025\/01\/ICACSM0754_800.jpg\" \/>\n\t<meta property=\"og:image:width\" content=\"800\" \/>\n\t<meta property=\"og:image:height\" content=\"800\" \/>\n\t<meta property=\"og:image:type\" content=\"image\/jpeg\" \/>\n<meta name=\"twitter:card\" content=\"summary_large_image\" \/>\n<meta name=\"twitter:label1\" content=\"Tiempo de lectura\" \/>\n\t<meta name=\"twitter:data1\" content=\"1 minuto\" \/>\n<script type=\"application\/ld+json\" class=\"yoast-schema-graph\">{\"@context\":\"https:\/\/schema.org\",\"@graph\":[{\"@type\":\"WebPage\",\"@id\":\"https:\/\/aivlisoft.net\/shop\/producto\/hiditec-semitorre-gaming-h1-air-argb-usb-c\/\",\"url\":\"https:\/\/aivlisoft.net\/shop\/producto\/hiditec-semitorre-gaming-h1-air-argb-usb-c\/\",\"name\":\"Hiditec Semitorre Gaming H1 AIR ARGB USB-C - Aivlisoft Inform\u00e1tica\",\"isPartOf\":{\"@id\":\"https:\/\/aivlisoft.net\/shop\/#website\"},\"primaryImageOfPage\":{\"@id\":\"https:\/\/aivlisoft.net\/shop\/producto\/hiditec-semitorre-gaming-h1-air-argb-usb-c\/#primaryimage\"},\"image\":{\"@id\":\"https:\/\/aivlisoft.net\/shop\/producto\/hiditec-semitorre-gaming-h1-air-argb-usb-c\/#primaryimage\"},\"thumbnailUrl\":\"https:\/\/aivlisoft.net\/shop\/wp-content\/uploads\/2025\/01\/ICACSM0754_800.jpg\",\"datePublished\":\"2025-01-13T14:29:50+00:00\",\"dateModified\":\"2025-01-14T11:08:18+00:00\",\"breadcrumb\":{\"@id\":\"https:\/\/aivlisoft.net\/shop\/producto\/hiditec-semitorre-gaming-h1-air-argb-usb-c\/#breadcrumb\"},\"inLanguage\":\"es\",\"potentialAction\":[{\"@type\":\"ReadAction\",\"target\":[\"https:\/\/aivlisoft.net\/shop\/producto\/hiditec-semitorre-gaming-h1-air-argb-usb-c\/\"]}]},{\"@type\":\"ImageObject\",\"inLanguage\":\"es\",\"@id\":\"https:\/\/aivlisoft.net\/shop\/producto\/hiditec-semitorre-gaming-h1-air-argb-usb-c\/#primaryimage\",\"url\":\"https:\/\/aivlisoft.net\/shop\/wp-content\/uploads\/2025\/01\/ICACSM0754_800.jpg\",\"contentUrl\":\"https:\/\/aivlisoft.net\/shop\/wp-content\/uploads\/2025\/01\/ICACSM0754_800.jpg\",\"width\":800,\"height\":800},{\"@type\":\"BreadcrumbList\",\"@id\":\"https:\/\/aivlisoft.net\/shop\/producto\/hiditec-semitorre-gaming-h1-air-argb-usb-c\/#breadcrumb\",\"itemListElement\":[{\"@type\":\"ListItem\",\"position\":1,\"name\":\"Portada\",\"item\":\"https:\/\/aivlisoft.net\/shop\/\"},{\"@type\":\"ListItem\",\"position\":2,\"name\":\"Tienda\",\"item\":\"https:\/\/aivlisoft.net\/shop\/tienda\/\"},{\"@type\":\"ListItem\",\"position\":3,\"name\":\"Hiditec Semitorre Gaming H1 AIR ARGB USB-C\"}]},{\"@type\":\"WebSite\",\"@id\":\"https:\/\/aivlisoft.net\/shop\/#website\",\"url\":\"https:\/\/aivlisoft.net\/shop\/\",\"name\":\"Aivlisoft Inform\u00e1tica\",\"description\":\"En Aivlisoft Inform\u00e1tica ofrecemos soluciones tecnol\u00f3gicas para empresas: venta de ordenadores, consumibles, perif\u00e9ricos y m\u00e1s. Calidad, atenci\u00f3n personalizada y los mejores precios para tu negocio.\",\"publisher\":{\"@id\":\"https:\/\/aivlisoft.net\/shop\/#organization\"},\"potentialAction\":[{\"@type\":\"SearchAction\",\"target\":{\"@type\":\"EntryPoint\",\"urlTemplate\":\"https:\/\/aivlisoft.net\/shop\/?s={search_term_string}\"},\"query-input\":{\"@type\":\"PropertyValueSpecification\",\"valueRequired\":true,\"valueName\":\"search_term_string\"}}],\"inLanguage\":\"es\"},{\"@type\":\"Organization\",\"@id\":\"https:\/\/aivlisoft.net\/shop\/#organization\",\"name\":\"Aivlisoft Inform\u00e1tica\",\"url\":\"https:\/\/aivlisoft.net\/shop\/\",\"logo\":{\"@type\":\"ImageObject\",\"inLanguage\":\"es\",\"@id\":\"https:\/\/aivlisoft.net\/shop\/#\/schema\/logo\/image\/\",\"url\":\"https:\/\/aivlisoft.net\/shop\/wp-content\/uploads\/2024\/12\/removal.ai_5b848c54-0cdf-4140-95c5-c5536bb7573b-logodef.png\",\"contentUrl\":\"https:\/\/aivlisoft.net\/shop\/wp-content\/uploads\/2024\/12\/removal.ai_5b848c54-0cdf-4140-95c5-c5536bb7573b-logodef.png\",\"width\":484,\"height\":182,\"caption\":\"Aivlisoft Inform\u00e1tica\"},\"image\":{\"@id\":\"https:\/\/aivlisoft.net\/shop\/#\/schema\/logo\/image\/\"}}]}<\/script>\n<!-- \/ Yoast SEO plugin. -->","yoast_head_json":{"title":"Hiditec Semitorre Gaming H1 AIR ARGB USB-C - Aivlisoft Inform\u00e1tica","robots":{"index":"index","follow":"follow","max-snippet":"max-snippet:-1","max-image-preview":"max-image-preview:large","max-video-preview":"max-video-preview:-1"},"canonical":"https:\/\/aivlisoft.net\/shop\/producto\/hiditec-semitorre-gaming-h1-air-argb-usb-c\/","og_locale":"es_ES","og_type":"article","og_title":"Hiditec Semitorre Gaming H1 AIR ARGB USB-C - Aivlisoft Inform\u00e1tica","og_description":"El chasis H1 AIR fabricado con acero laminado de 8mm de espesor y una construcci&oacute;n aerodin&aacute;mica con gran compatibilidad y alto rendimiento de flujo de aire gracias al dise&ntilde;o microperforado y a los cuatro ventiladores que incorpora de serie. Cuenta con filtros magn&eacute;ticos antipolvo en todos los emplazamientos de f&aacute;cil limpieza. Adem&aacute;s incorpora USB-C y&hellip;&nbsp;Hiditec Semitorre Gaming H1 AIR ARGB USB-C","og_url":"https:\/\/aivlisoft.net\/shop\/producto\/hiditec-semitorre-gaming-h1-air-argb-usb-c\/","og_site_name":"Aivlisoft Inform\u00e1tica","article_modified_time":"2025-01-14T11:08:18+00:00","og_image":[{"width":800,"height":800,"url":"https:\/\/aivlisoft.net\/shop\/wp-content\/uploads\/2025\/01\/ICACSM0754_800.jpg","type":"image\/jpeg"}],"twitter_card":"summary_large_image","twitter_misc":{"Tiempo de lectura":"1 minuto"},"schema":{"@context":"https:\/\/schema.org","@graph":[{"@type":"WebPage","@id":"https:\/\/aivlisoft.net\/shop\/producto\/hiditec-semitorre-gaming-h1-air-argb-usb-c\/","url":"https:\/\/aivlisoft.net\/shop\/producto\/hiditec-semitorre-gaming-h1-air-argb-usb-c\/","name":"Hiditec Semitorre Gaming H1 AIR ARGB USB-C - Aivlisoft Inform\u00e1tica","isPartOf":{"@id":"https:\/\/aivlisoft.net\/shop\/#website"},"primaryImageOfPage":{"@id":"https:\/\/aivlisoft.net\/shop\/producto\/hiditec-semitorre-gaming-h1-air-argb-usb-c\/#primaryimage"},"image":{"@id":"https:\/\/aivlisoft.net\/shop\/producto\/hiditec-semitorre-gaming-h1-air-argb-usb-c\/#primaryimage"},"thumbnailUrl":"https:\/\/aivlisoft.net\/shop\/wp-content\/uploads\/2025\/01\/ICACSM0754_800.jpg","datePublished":"2025-01-13T14:29:50+00:00","dateModified":"2025-01-14T11:08:18+00:00","breadcrumb":{"@id":"https:\/\/aivlisoft.net\/shop\/producto\/hiditec-semitorre-gaming-h1-air-argb-usb-c\/#breadcrumb"},"inLanguage":"es","potentialAction":[{"@type":"ReadAction","target":["https:\/\/aivlisoft.net\/shop\/producto\/hiditec-semitorre-gaming-h1-air-argb-usb-c\/"]}]},{"@type":"ImageObject","inLanguage":"es","@id":"https:\/\/aivlisoft.net\/shop\/producto\/hiditec-semitorre-gaming-h1-air-argb-usb-c\/#primaryimage","url":"https:\/\/aivlisoft.net\/shop\/wp-content\/uploads\/2025\/01\/ICACSM0754_800.jpg","contentUrl":"https:\/\/aivlisoft.net\/shop\/wp-content\/uploads\/2025\/01\/ICACSM0754_800.jpg","width":800,"height":800},{"@type":"BreadcrumbList","@id":"https:\/\/aivlisoft.net\/shop\/producto\/hiditec-semitorre-gaming-h1-air-argb-usb-c\/#breadcrumb","itemListElement":[{"@type":"ListItem","position":1,"name":"Portada","item":"https:\/\/aivlisoft.net\/shop\/"},{"@type":"ListItem","position":2,"name":"Tienda","item":"https:\/\/aivlisoft.net\/shop\/tienda\/"},{"@type":"ListItem","position":3,"name":"Hiditec Semitorre Gaming H1 AIR ARGB USB-C"}]},{"@type":"WebSite","@id":"https:\/\/aivlisoft.net\/shop\/#website","url":"https:\/\/aivlisoft.net\/shop\/","name":"Aivlisoft Inform\u00e1tica","description":"En Aivlisoft Inform\u00e1tica ofrecemos soluciones tecnol\u00f3gicas para empresas: venta de ordenadores, consumibles, perif\u00e9ricos y m\u00e1s. Calidad, atenci\u00f3n personalizada y los mejores precios para tu negocio.","publisher":{"@id":"https:\/\/aivlisoft.net\/shop\/#organization"},"potentialAction":[{"@type":"SearchAction","target":{"@type":"EntryPoint","urlTemplate":"https:\/\/aivlisoft.net\/shop\/?s={search_term_string}"},"query-input":{"@type":"PropertyValueSpecification","valueRequired":true,"valueName":"search_term_string"}}],"inLanguage":"es"},{"@type":"Organization","@id":"https:\/\/aivlisoft.net\/shop\/#organization","name":"Aivlisoft Inform\u00e1tica","url":"https:\/\/aivlisoft.net\/shop\/","logo":{"@type":"ImageObject","inLanguage":"es","@id":"https:\/\/aivlisoft.net\/shop\/#\/schema\/logo\/image\/","url":"https:\/\/aivlisoft.net\/shop\/wp-content\/uploads\/2024\/12\/removal.ai_5b848c54-0cdf-4140-95c5-c5536bb7573b-logodef.png","contentUrl":"https:\/\/aivlisoft.net\/shop\/wp-content\/uploads\/2024\/12\/removal.ai_5b848c54-0cdf-4140-95c5-c5536bb7573b-logodef.png","width":484,"height":182,"caption":"Aivlisoft Inform\u00e1tica"},"image":{"@id":"https:\/\/aivlisoft.net\/shop\/#\/schema\/logo\/image\/"}}]}},"_links":{"self":[{"href":"https:\/\/aivlisoft.net\/shop\/wp-json\/wp\/v2\/product\/13098","targetHints":{"allow":["GET"]}}],"collection":[{"href":"https:\/\/aivlisoft.net\/shop\/wp-json\/wp\/v2\/product"}],"about":[{"href":"https:\/\/aivlisoft.net\/shop\/wp-json\/wp\/v2\/types\/product"}],"wp:featuredmedia":[{"embeddable":true,"href":"https:\/\/aivlisoft.net\/shop\/wp-json\/wp\/v2\/media\/13099"}],"wp:attachment":[{"href":"https:\/\/aivlisoft.net\/shop\/wp-json\/wp\/v2\/media?parent=13098"}],"wp:term":[{"taxonomy":"product_brand","embeddable":true,"href":"https:\/\/aivlisoft.net\/shop\/wp-json\/wp\/v2\/product_brand?post=13098"},{"taxonomy":"product_cat","embeddable":true,"href":"https:\/\/aivlisoft.net\/shop\/wp-json\/wp\/v2\/product_cat?post=13098"},{"taxonomy":"product_tag","embeddable":true,"href":"https:\/\/aivlisoft.net\/shop\/wp-json\/wp\/v2\/product_tag?post=13098"}],"curies":[{"name":"wp","href":"https:\/\/api.w.org\/{rel}","templated":true}]}}