{"id":13060,"date":"2025-01-13T14:29:28","date_gmt":"2025-01-13T14:29:28","guid":{"rendered":"https:\/\/aivlisoft.com\/?post_type=product&#038;p=13060"},"modified":"2025-01-14T11:08:07","modified_gmt":"2025-01-14T11:08:07","slug":"cougar-caja-semitorre-duoface-pro-rgb-blanca","status":"publish","type":"product","link":"https:\/\/aivlisoft.net\/shop\/producto\/cougar-caja-semitorre-duoface-pro-rgb-blanca\/","title":{"rendered":"Cougar Caja Semitorre Duoface PRO Rgb Blanca"},"content":{"rendered":"<p><\/p>\n<table class=\"tabla_caracteristicas\" width=\"100%\">\n<tr>\n<td valign=\"top\"><strong>Marca<\/strong><\/td>\n<td>Cougar<\/td>\n<\/tr>\n<tr>\n<td valign=\"top\"><strong>Modelo<\/strong><\/td>\n<td><strong>385AD10.0002<\/strong><\/td>\n<\/tr>\n<tr>\n<td valign=\"top\"><strong>Caracter&iacute;sticas<\/strong><\/td>\n<td>&#8211; Factor de forma de la caja: Midi Torre<br \/>\t\t\t&#8211; Tipo de placa base: Mini ITX \/ Micro ATX \/ ATX \/ CEB \/ E-ATX<br \/>\t\t\t&#8211; Panel I\/O:<br \/>\t\t\t&nbsp; 1 x USB Tipo C Gen 2 (Conector clave A de 20 pines)<br \/>\t\t\t&nbsp; 2 x USB 3.0<br \/>\t\t\t&nbsp; 1 x USB 2.0<br \/>\t\t\t&nbsp; 1 x conector de audio para auriculares de 4 polos<br \/>\t\t\t&nbsp; Bot&oacute;n RGB<br \/>\t\t\t&#8211; Bah&iacute;a de unidad de 3,5&#8243;: 2<br \/>\t\t\t&#8211; Bah&iacute;a de unidad de 2,5&#8243;: 2 (2 bandejas SSD incluidas)<br \/>\t\t\t&#8211; Ranuras de expansi&oacute;n: Horizontal: 7 + 3<br \/>\t\t\t&#8211; Compatibilidad con GPU verticales<br \/>\t\t\t&#8211; Soporte del ventilador de refrigeraci&oacute;n:<br \/>\t\t\t&nbsp; Frontal: 3 x 120 mm \/ 2 x 140 mm<br \/>\t\t\t&nbsp; Superior: 3 x 120 mm \/ 2 x 140 mm<br \/>\t\t\t&nbsp; PSU Cover: 2 x 120mm<br \/>\t\t\t&nbsp; Trasero: 1 x 120 mm \/ 1 x 140 mm<br \/>\t\t\t&#8211; Ventiladores preinstalados:<br \/>\t\t\t&nbsp; Frontal: 3 x ventiladores ARGB 120 mm<br \/>\t\t\t&nbsp; Trasero: 1 x ventiladores ARGB 120 mm<br \/>\t\t\t&nbsp; Velocidad: 1000RPM<br \/>\t\t\t&nbsp; Conector: 5V 3 Pin (ARGB) \/ 3 Pin (Ventilador)<br \/>\t\t\t&#8211; N&uacute;mero m&aacute;ximo de ventiladores: 9 M&aacute;x.<br \/>\t\t\t&#8211; Soporte de refrigeraci&oacute;n por agua:<br \/>\t\t\t&nbsp; Delantero: 360 mm \/ 280 mm \/ 240 mm \/ 140 mm \/ 120 mm<br \/>\t\t\t&nbsp; Superior:&nbsp; 360 mm \/ 280 mm \/ 140 mm \/ 124 mm \/ 120 mm<br \/>\t\t\t&nbsp; Trasero: 140 mm \/ 120 mm<br \/>\t\t\t* Elija frontal o superior para instalar un radiador de 360 mm.<br \/>\t\t\t&#8211; Panel transparente: <strong>vidrio templado<\/strong><br \/>\t\t\t&#8211; Paneles de <strong>flujo de aire<\/strong><br \/>\t\t\t&#8211; Sistema de iluminaci&oacute;n a bordo<br \/>\t\t\t&#8211; Sincronizaci&oacute;n RGB con M\/B<br \/>\t\t\t&#8211; M&aacute;x. Longitud de la tarjeta gr&aacute;fica: 390 mm<br \/>\t\t\t&#8211; M&aacute;x. Altura del enfriador de CPU: 190 mm<br \/>\t\t\t&#8211; M&aacute;x. Longitud de la fuente de alimentaci&oacute;n: 200 mm<br \/>\t\t\t&#8211; Dimensiones: 465 x 240 x 496 mm<\/td>\n<\/tr>\n<tr>\n<td valign=\"top\"><strong>Fecha de revisi&oacute;n<\/strong><\/td>\n<td>02-03-2023 por RTY<\/td>\n<\/tr>\n<\/table>\n","protected":false},"excerpt":{"rendered":"<p>Marca Cougar Modelo 385AD10.0002 Caracter&iacute;sticas &#8211; Factor de forma de la caja: Midi Torre &#8211; Tipo de placa base: Mini ITX \/ Micro ATX \/ ATX \/ CEB \/ E-ATX &#8211; Panel I\/O: &nbsp; 1 x USB Tipo C Gen 2 (Conector clave A de 20 pines) &nbsp; 2 x USB 3.0 &nbsp; 1 x&hellip;&nbsp;<a href=\"https:\/\/aivlisoft.net\/shop\/producto\/cougar-caja-semitorre-duoface-pro-rgb-blanca\/\" rel=\"bookmark\"><span class=\"screen-reader-text\">Cougar Caja Semitorre Duoface PRO Rgb Blanca<\/span><\/a><\/p>\n","protected":false},"featured_media":13061,"template":"","meta":{"neve_meta_sidebar":"","neve_meta_container":"","neve_meta_enable_content_width":"","neve_meta_content_width":0,"neve_meta_title_alignment":"","neve_meta_author_avatar":"","neve_post_elements_order":"","neve_meta_disable_header":"","neve_meta_disable_footer":"","neve_meta_disable_title":""},"product_brand":[],"product_cat":[8729],"product_tag":[5061],"class_list":{"0":"post-13060","1":"product","2":"type-product","3":"status-publish","4":"has-post-thumbnail","6":"product_cat-semitorre-y-miditorre","7":"product_tag-385ad10-0002","9":"first","10":"instock","11":"taxable","12":"shipping-taxable","13":"purchasable","14":"product-type-simple"},"yoast_head":"<!-- This site is optimized with the Yoast SEO plugin v26.0 - https:\/\/yoast.com\/wordpress\/plugins\/seo\/ -->\n<title>Cougar Caja Semitorre Duoface PRO Rgb Blanca - Aivlisoft Inform\u00e1tica<\/title>\n<meta name=\"robots\" content=\"index, follow, max-snippet:-1, max-image-preview:large, max-video-preview:-1\" \/>\n<link rel=\"canonical\" href=\"https:\/\/aivlisoft.net\/shop\/producto\/cougar-caja-semitorre-duoface-pro-rgb-blanca\/\" \/>\n<meta property=\"og:locale\" content=\"es_ES\" \/>\n<meta property=\"og:type\" content=\"article\" \/>\n<meta property=\"og:title\" content=\"Cougar Caja Semitorre Duoface PRO Rgb Blanca - Aivlisoft Inform\u00e1tica\" \/>\n<meta property=\"og:description\" content=\"Marca Cougar Modelo 385AD10.0002 Caracter&iacute;sticas &#8211; Factor de forma de la caja: Midi Torre &#8211; Tipo de placa base: Mini ITX \/ Micro ATX \/ ATX \/ CEB \/ E-ATX &#8211; Panel I\/O: &nbsp; 1 x USB Tipo C Gen 2 (Conector clave A de 20 pines) &nbsp; 2 x USB 3.0 &nbsp; 1 x&hellip;&nbsp;Cougar Caja Semitorre Duoface PRO Rgb Blanca\" \/>\n<meta property=\"og:url\" content=\"https:\/\/aivlisoft.net\/shop\/producto\/cougar-caja-semitorre-duoface-pro-rgb-blanca\/\" \/>\n<meta property=\"og:site_name\" content=\"Aivlisoft Inform\u00e1tica\" \/>\n<meta property=\"article:modified_time\" content=\"2025-01-14T11:08:07+00:00\" \/>\n<meta property=\"og:image\" content=\"https:\/\/aivlisoft.net\/shop\/wp-content\/uploads\/2025\/01\/ICACSM0746_800.jpg\" \/>\n\t<meta property=\"og:image:width\" content=\"800\" \/>\n\t<meta property=\"og:image:height\" content=\"800\" \/>\n\t<meta property=\"og:image:type\" content=\"image\/jpeg\" \/>\n<meta name=\"twitter:card\" content=\"summary_large_image\" \/>\n<meta name=\"twitter:label1\" content=\"Tiempo de lectura\" \/>\n\t<meta name=\"twitter:data1\" content=\"1 minuto\" \/>\n<script type=\"application\/ld+json\" class=\"yoast-schema-graph\">{\"@context\":\"https:\/\/schema.org\",\"@graph\":[{\"@type\":\"WebPage\",\"@id\":\"https:\/\/aivlisoft.net\/shop\/producto\/cougar-caja-semitorre-duoface-pro-rgb-blanca\/\",\"url\":\"https:\/\/aivlisoft.net\/shop\/producto\/cougar-caja-semitorre-duoface-pro-rgb-blanca\/\",\"name\":\"Cougar Caja Semitorre Duoface PRO Rgb Blanca - Aivlisoft Inform\u00e1tica\",\"isPartOf\":{\"@id\":\"https:\/\/aivlisoft.net\/shop\/#website\"},\"primaryImageOfPage\":{\"@id\":\"https:\/\/aivlisoft.net\/shop\/producto\/cougar-caja-semitorre-duoface-pro-rgb-blanca\/#primaryimage\"},\"image\":{\"@id\":\"https:\/\/aivlisoft.net\/shop\/producto\/cougar-caja-semitorre-duoface-pro-rgb-blanca\/#primaryimage\"},\"thumbnailUrl\":\"https:\/\/aivlisoft.net\/shop\/wp-content\/uploads\/2025\/01\/ICACSM0746_800.jpg\",\"datePublished\":\"2025-01-13T14:29:28+00:00\",\"dateModified\":\"2025-01-14T11:08:07+00:00\",\"breadcrumb\":{\"@id\":\"https:\/\/aivlisoft.net\/shop\/producto\/cougar-caja-semitorre-duoface-pro-rgb-blanca\/#breadcrumb\"},\"inLanguage\":\"es\",\"potentialAction\":[{\"@type\":\"ReadAction\",\"target\":[\"https:\/\/aivlisoft.net\/shop\/producto\/cougar-caja-semitorre-duoface-pro-rgb-blanca\/\"]}]},{\"@type\":\"ImageObject\",\"inLanguage\":\"es\",\"@id\":\"https:\/\/aivlisoft.net\/shop\/producto\/cougar-caja-semitorre-duoface-pro-rgb-blanca\/#primaryimage\",\"url\":\"https:\/\/aivlisoft.net\/shop\/wp-content\/uploads\/2025\/01\/ICACSM0746_800.jpg\",\"contentUrl\":\"https:\/\/aivlisoft.net\/shop\/wp-content\/uploads\/2025\/01\/ICACSM0746_800.jpg\",\"width\":800,\"height\":800},{\"@type\":\"BreadcrumbList\",\"@id\":\"https:\/\/aivlisoft.net\/shop\/producto\/cougar-caja-semitorre-duoface-pro-rgb-blanca\/#breadcrumb\",\"itemListElement\":[{\"@type\":\"ListItem\",\"position\":1,\"name\":\"Portada\",\"item\":\"https:\/\/aivlisoft.net\/shop\/\"},{\"@type\":\"ListItem\",\"position\":2,\"name\":\"Tienda\",\"item\":\"https:\/\/aivlisoft.net\/shop\/tienda\/\"},{\"@type\":\"ListItem\",\"position\":3,\"name\":\"Cougar Caja Semitorre Duoface PRO Rgb Blanca\"}]},{\"@type\":\"WebSite\",\"@id\":\"https:\/\/aivlisoft.net\/shop\/#website\",\"url\":\"https:\/\/aivlisoft.net\/shop\/\",\"name\":\"Aivlisoft Inform\u00e1tica\",\"description\":\"En Aivlisoft Inform\u00e1tica ofrecemos soluciones tecnol\u00f3gicas para empresas: venta de ordenadores, consumibles, perif\u00e9ricos y m\u00e1s. Calidad, atenci\u00f3n personalizada y los mejores precios para tu negocio.\",\"publisher\":{\"@id\":\"https:\/\/aivlisoft.net\/shop\/#organization\"},\"potentialAction\":[{\"@type\":\"SearchAction\",\"target\":{\"@type\":\"EntryPoint\",\"urlTemplate\":\"https:\/\/aivlisoft.net\/shop\/?s={search_term_string}\"},\"query-input\":{\"@type\":\"PropertyValueSpecification\",\"valueRequired\":true,\"valueName\":\"search_term_string\"}}],\"inLanguage\":\"es\"},{\"@type\":\"Organization\",\"@id\":\"https:\/\/aivlisoft.net\/shop\/#organization\",\"name\":\"Aivlisoft Inform\u00e1tica\",\"url\":\"https:\/\/aivlisoft.net\/shop\/\",\"logo\":{\"@type\":\"ImageObject\",\"inLanguage\":\"es\",\"@id\":\"https:\/\/aivlisoft.net\/shop\/#\/schema\/logo\/image\/\",\"url\":\"https:\/\/aivlisoft.net\/shop\/wp-content\/uploads\/2024\/12\/removal.ai_5b848c54-0cdf-4140-95c5-c5536bb7573b-logodef.png\",\"contentUrl\":\"https:\/\/aivlisoft.net\/shop\/wp-content\/uploads\/2024\/12\/removal.ai_5b848c54-0cdf-4140-95c5-c5536bb7573b-logodef.png\",\"width\":484,\"height\":182,\"caption\":\"Aivlisoft Inform\u00e1tica\"},\"image\":{\"@id\":\"https:\/\/aivlisoft.net\/shop\/#\/schema\/logo\/image\/\"}}]}<\/script>\n<!-- \/ Yoast SEO plugin. -->","yoast_head_json":{"title":"Cougar Caja Semitorre Duoface PRO Rgb Blanca - Aivlisoft Inform\u00e1tica","robots":{"index":"index","follow":"follow","max-snippet":"max-snippet:-1","max-image-preview":"max-image-preview:large","max-video-preview":"max-video-preview:-1"},"canonical":"https:\/\/aivlisoft.net\/shop\/producto\/cougar-caja-semitorre-duoface-pro-rgb-blanca\/","og_locale":"es_ES","og_type":"article","og_title":"Cougar Caja Semitorre Duoface PRO Rgb Blanca - Aivlisoft Inform\u00e1tica","og_description":"Marca Cougar Modelo 385AD10.0002 Caracter&iacute;sticas &#8211; Factor de forma de la caja: Midi Torre &#8211; Tipo de placa base: Mini ITX \/ Micro ATX \/ ATX \/ CEB \/ E-ATX &#8211; Panel I\/O: &nbsp; 1 x USB Tipo C Gen 2 (Conector clave A de 20 pines) &nbsp; 2 x USB 3.0 &nbsp; 1 x&hellip;&nbsp;Cougar Caja Semitorre Duoface PRO Rgb Blanca","og_url":"https:\/\/aivlisoft.net\/shop\/producto\/cougar-caja-semitorre-duoface-pro-rgb-blanca\/","og_site_name":"Aivlisoft Inform\u00e1tica","article_modified_time":"2025-01-14T11:08:07+00:00","og_image":[{"width":800,"height":800,"url":"https:\/\/aivlisoft.net\/shop\/wp-content\/uploads\/2025\/01\/ICACSM0746_800.jpg","type":"image\/jpeg"}],"twitter_card":"summary_large_image","twitter_misc":{"Tiempo de lectura":"1 minuto"},"schema":{"@context":"https:\/\/schema.org","@graph":[{"@type":"WebPage","@id":"https:\/\/aivlisoft.net\/shop\/producto\/cougar-caja-semitorre-duoface-pro-rgb-blanca\/","url":"https:\/\/aivlisoft.net\/shop\/producto\/cougar-caja-semitorre-duoface-pro-rgb-blanca\/","name":"Cougar Caja Semitorre Duoface PRO Rgb Blanca - Aivlisoft Inform\u00e1tica","isPartOf":{"@id":"https:\/\/aivlisoft.net\/shop\/#website"},"primaryImageOfPage":{"@id":"https:\/\/aivlisoft.net\/shop\/producto\/cougar-caja-semitorre-duoface-pro-rgb-blanca\/#primaryimage"},"image":{"@id":"https:\/\/aivlisoft.net\/shop\/producto\/cougar-caja-semitorre-duoface-pro-rgb-blanca\/#primaryimage"},"thumbnailUrl":"https:\/\/aivlisoft.net\/shop\/wp-content\/uploads\/2025\/01\/ICACSM0746_800.jpg","datePublished":"2025-01-13T14:29:28+00:00","dateModified":"2025-01-14T11:08:07+00:00","breadcrumb":{"@id":"https:\/\/aivlisoft.net\/shop\/producto\/cougar-caja-semitorre-duoface-pro-rgb-blanca\/#breadcrumb"},"inLanguage":"es","potentialAction":[{"@type":"ReadAction","target":["https:\/\/aivlisoft.net\/shop\/producto\/cougar-caja-semitorre-duoface-pro-rgb-blanca\/"]}]},{"@type":"ImageObject","inLanguage":"es","@id":"https:\/\/aivlisoft.net\/shop\/producto\/cougar-caja-semitorre-duoface-pro-rgb-blanca\/#primaryimage","url":"https:\/\/aivlisoft.net\/shop\/wp-content\/uploads\/2025\/01\/ICACSM0746_800.jpg","contentUrl":"https:\/\/aivlisoft.net\/shop\/wp-content\/uploads\/2025\/01\/ICACSM0746_800.jpg","width":800,"height":800},{"@type":"BreadcrumbList","@id":"https:\/\/aivlisoft.net\/shop\/producto\/cougar-caja-semitorre-duoface-pro-rgb-blanca\/#breadcrumb","itemListElement":[{"@type":"ListItem","position":1,"name":"Portada","item":"https:\/\/aivlisoft.net\/shop\/"},{"@type":"ListItem","position":2,"name":"Tienda","item":"https:\/\/aivlisoft.net\/shop\/tienda\/"},{"@type":"ListItem","position":3,"name":"Cougar Caja Semitorre Duoface PRO Rgb Blanca"}]},{"@type":"WebSite","@id":"https:\/\/aivlisoft.net\/shop\/#website","url":"https:\/\/aivlisoft.net\/shop\/","name":"Aivlisoft Inform\u00e1tica","description":"En Aivlisoft Inform\u00e1tica ofrecemos soluciones tecnol\u00f3gicas para empresas: venta de ordenadores, consumibles, perif\u00e9ricos y m\u00e1s. Calidad, atenci\u00f3n personalizada y los mejores precios para tu negocio.","publisher":{"@id":"https:\/\/aivlisoft.net\/shop\/#organization"},"potentialAction":[{"@type":"SearchAction","target":{"@type":"EntryPoint","urlTemplate":"https:\/\/aivlisoft.net\/shop\/?s={search_term_string}"},"query-input":{"@type":"PropertyValueSpecification","valueRequired":true,"valueName":"search_term_string"}}],"inLanguage":"es"},{"@type":"Organization","@id":"https:\/\/aivlisoft.net\/shop\/#organization","name":"Aivlisoft Inform\u00e1tica","url":"https:\/\/aivlisoft.net\/shop\/","logo":{"@type":"ImageObject","inLanguage":"es","@id":"https:\/\/aivlisoft.net\/shop\/#\/schema\/logo\/image\/","url":"https:\/\/aivlisoft.net\/shop\/wp-content\/uploads\/2024\/12\/removal.ai_5b848c54-0cdf-4140-95c5-c5536bb7573b-logodef.png","contentUrl":"https:\/\/aivlisoft.net\/shop\/wp-content\/uploads\/2024\/12\/removal.ai_5b848c54-0cdf-4140-95c5-c5536bb7573b-logodef.png","width":484,"height":182,"caption":"Aivlisoft Inform\u00e1tica"},"image":{"@id":"https:\/\/aivlisoft.net\/shop\/#\/schema\/logo\/image\/"}}]}},"_links":{"self":[{"href":"https:\/\/aivlisoft.net\/shop\/wp-json\/wp\/v2\/product\/13060","targetHints":{"allow":["GET"]}}],"collection":[{"href":"https:\/\/aivlisoft.net\/shop\/wp-json\/wp\/v2\/product"}],"about":[{"href":"https:\/\/aivlisoft.net\/shop\/wp-json\/wp\/v2\/types\/product"}],"wp:featuredmedia":[{"embeddable":true,"href":"https:\/\/aivlisoft.net\/shop\/wp-json\/wp\/v2\/media\/13061"}],"wp:attachment":[{"href":"https:\/\/aivlisoft.net\/shop\/wp-json\/wp\/v2\/media?parent=13060"}],"wp:term":[{"taxonomy":"product_brand","embeddable":true,"href":"https:\/\/aivlisoft.net\/shop\/wp-json\/wp\/v2\/product_brand?post=13060"},{"taxonomy":"product_cat","embeddable":true,"href":"https:\/\/aivlisoft.net\/shop\/wp-json\/wp\/v2\/product_cat?post=13060"},{"taxonomy":"product_tag","embeddable":true,"href":"https:\/\/aivlisoft.net\/shop\/wp-json\/wp\/v2\/product_tag?post=13060"}],"curies":[{"name":"wp","href":"https:\/\/api.w.org\/{rel}","templated":true}]}}