{"id":13027,"date":"2025-01-13T14:29:08","date_gmt":"2025-01-13T14:29:08","guid":{"rendered":"https:\/\/aivlisoft.com\/?post_type=product&#038;p=13027"},"modified":"2025-01-14T11:07:55","modified_gmt":"2025-01-14T11:07:55","slug":"mars-gaming-torre-e-atx-mcv3-premium-xxl-black","status":"publish","type":"product","link":"https:\/\/aivlisoft.net\/shop\/producto\/mars-gaming-torre-e-atx-mcv3-premium-xxl-black\/","title":{"rendered":"MARS GAMING Torre E-ATX MCV3 PREMIUM XXL BLACK"},"content":{"rendered":"<p><\/p>\n<table class=\"tabla_caracteristicas\" width=\"100%\">\n<tr>\n<td valign=\"top\"><strong>Marca<\/strong><\/td>\n<td>Mars Gamming<\/td>\n<\/tr>\n<tr>\n<td valign=\"top\"><strong>Modelo<\/strong><\/td>\n<td><strong>MCV3<\/strong><\/td>\n<\/tr>\n<tr>\n<td valign=\"top\"><strong>Caracter&iacute;sticas<\/strong><\/td>\n<td>&#8211; Tama&ntilde;o: Torre<br \/>\t\t\t&#8211; Ventana lateral y frontal total de cristal templado<br \/>\t\t\t&#8211; Iluminaci&oacute;n RGB Croma frontal 12 modo de luz<br \/>\t\t\t&#8211; Sistema de gesti&oacute;n de cableado interno<br \/>\t\t\t&#8211; Compatibilidad con placas base: E-ATX \/ ATX \/ MicroATX \/ Mini-ITX<br \/>\t\t\t&#8211; Filtros antipolvo:<br \/>\t\t\t&nbsp; 1x filtro superior magn&eacute;tico<br \/>\t\t\t&nbsp; 1x filtro inferior magn&eacute;tico<br \/>\t\t\t&#8211; Sistema de gesti&oacute;n de cableado interno<br \/>\t\t\t&#8211; Ventilador dedicado para CPU<br \/>\t\t\t&#8211; Dise&ntilde;o de doble c&aacute;mara<br \/>\t\t\t&#8211; Puertos:<br \/>\t\t\t&nbsp; 1 x USB 3.0<br \/>\t\t\t&nbsp; 2 x USB 2.0<br \/>\t\t\t&nbsp; HD Audio + Mic<br \/>\t\t\t&#8211; Tipo de fuente: ATX<br \/>\t\t\t&#8211; Bah&iacute;as internas: 2 x 3.5&quot; HDD \/ 3 x 2.5&quot; SSD<br \/>\t\t\t&#8211; Longitud VGA m&aacute;x.: 418 mm<br \/>\t\t\t&#8211; Anchura VGA m&aacute;x.: 157 mm<br \/>\t\t\t&#8211; Altura disipador m&aacute;x.: 162 mm<br \/>\t\t\t&#8211; Slots de expansi&oacute;n: 7<br \/>\t\t\t&#8211; Refrigeraci&oacute;n l&iacute;quida:<br \/>\t\t\t&nbsp; Superior: 360, 280, 240, 140, 120mm<br \/>\t\t\t&nbsp; Interior: 280, 240, 140, 120mm<br \/>\t\t\t&nbsp; Inferior: 360, 240, 120mm<br \/>\t\t\t&#8211; Capacidad de ventiladores: Hasta 10 x 120 mm o 4 x 140 mm<br \/>\t\t\t&#8211; Ventiladores:<br \/>\t\t\t&nbsp; Superior: 3 x 120mm o 2 x 140mm<br \/>\t\t\t&nbsp; Interior: 3 x 120mm o 2 x 140mm<br \/>\t\t\t&nbsp; Inferior: 3 x 120mm<br \/>\t\t\t&nbsp; Trasero: 1 x 120mm<br \/>\t\t\t&#8211; Medidas internas: Ancho-27 Alto-37.5 (suelo a techo) Largo 42 cm<br \/>\t\t\t&#8211; Dimensiones: 400 x 289 x 440 mm<br \/>\t\t\t&#8211; Peso: 6.5 kg<\/td>\n<\/tr>\n<tr>\n<td valign=\"top\"><strong>Fecha de revisi&oacute;n<\/strong><\/td>\n<td>30-01-2023 por RTY<\/td>\n<\/tr>\n<\/table>\n","protected":false},"excerpt":{"rendered":"<p>Marca Mars Gamming Modelo MCV3 Caracter&iacute;sticas &#8211; Tama&ntilde;o: Torre &#8211; Ventana lateral y frontal total de cristal templado &#8211; Iluminaci&oacute;n RGB Croma frontal 12 modo de luz &#8211; Sistema de gesti&oacute;n de cableado interno &#8211; Compatibilidad con placas base: E-ATX \/ ATX \/ MicroATX \/ Mini-ITX &#8211; Filtros antipolvo: &nbsp; 1x filtro superior magn&eacute;tico &nbsp;&hellip;&nbsp;<a href=\"https:\/\/aivlisoft.net\/shop\/producto\/mars-gaming-torre-e-atx-mcv3-premium-xxl-black\/\" rel=\"bookmark\"><span class=\"screen-reader-text\">MARS GAMING Torre E-ATX MCV3 PREMIUM XXL BLACK<\/span><\/a><\/p>\n","protected":false},"featured_media":13028,"template":"","meta":{"neve_meta_sidebar":"","neve_meta_container":"","neve_meta_enable_content_width":"","neve_meta_content_width":0,"neve_meta_title_alignment":"","neve_meta_author_avatar":"","neve_post_elements_order":"","neve_meta_disable_header":"","neve_meta_disable_footer":"","neve_meta_disable_title":""},"product_brand":[],"product_cat":[8729],"product_tag":[5049],"class_list":{"0":"post-13027","1":"product","2":"type-product","3":"status-publish","4":"has-post-thumbnail","6":"product_cat-semitorre-y-miditorre","7":"product_tag-mcv3","9":"first","10":"instock","11":"taxable","12":"shipping-taxable","13":"purchasable","14":"product-type-simple"},"yoast_head":"<!-- This site is optimized with the Yoast SEO plugin v26.0 - https:\/\/yoast.com\/wordpress\/plugins\/seo\/ -->\n<title>MARS GAMING Torre E-ATX MCV3 PREMIUM XXL BLACK - Aivlisoft Inform\u00e1tica<\/title>\n<meta name=\"robots\" content=\"index, follow, max-snippet:-1, max-image-preview:large, max-video-preview:-1\" \/>\n<link rel=\"canonical\" href=\"https:\/\/aivlisoft.net\/shop\/producto\/mars-gaming-torre-e-atx-mcv3-premium-xxl-black\/\" \/>\n<meta property=\"og:locale\" content=\"es_ES\" \/>\n<meta property=\"og:type\" content=\"article\" \/>\n<meta property=\"og:title\" content=\"MARS GAMING Torre E-ATX MCV3 PREMIUM XXL BLACK - Aivlisoft Inform\u00e1tica\" \/>\n<meta property=\"og:description\" content=\"Marca Mars Gamming Modelo MCV3 Caracter&iacute;sticas &#8211; Tama&ntilde;o: Torre &#8211; Ventana lateral y frontal total de cristal templado &#8211; Iluminaci&oacute;n RGB Croma frontal 12 modo de luz &#8211; Sistema de gesti&oacute;n de cableado interno &#8211; Compatibilidad con placas base: E-ATX \/ ATX \/ MicroATX \/ Mini-ITX &#8211; Filtros antipolvo: &nbsp; 1x filtro superior magn&eacute;tico &nbsp;&hellip;&nbsp;MARS GAMING Torre E-ATX MCV3 PREMIUM XXL BLACK\" \/>\n<meta property=\"og:url\" content=\"https:\/\/aivlisoft.net\/shop\/producto\/mars-gaming-torre-e-atx-mcv3-premium-xxl-black\/\" \/>\n<meta property=\"og:site_name\" content=\"Aivlisoft Inform\u00e1tica\" \/>\n<meta property=\"article:modified_time\" content=\"2025-01-14T11:07:55+00:00\" \/>\n<meta property=\"og:image\" content=\"https:\/\/aivlisoft.net\/shop\/wp-content\/uploads\/2025\/01\/ICACSM0724_800.jpg\" \/>\n\t<meta property=\"og:image:width\" content=\"800\" \/>\n\t<meta property=\"og:image:height\" content=\"800\" \/>\n\t<meta property=\"og:image:type\" content=\"image\/jpeg\" \/>\n<meta name=\"twitter:card\" content=\"summary_large_image\" \/>\n<meta name=\"twitter:label1\" content=\"Tiempo de lectura\" \/>\n\t<meta name=\"twitter:data1\" content=\"1 minuto\" \/>\n<script type=\"application\/ld+json\" class=\"yoast-schema-graph\">{\"@context\":\"https:\/\/schema.org\",\"@graph\":[{\"@type\":\"WebPage\",\"@id\":\"https:\/\/aivlisoft.net\/shop\/producto\/mars-gaming-torre-e-atx-mcv3-premium-xxl-black\/\",\"url\":\"https:\/\/aivlisoft.net\/shop\/producto\/mars-gaming-torre-e-atx-mcv3-premium-xxl-black\/\",\"name\":\"MARS GAMING Torre E-ATX MCV3 PREMIUM XXL BLACK - Aivlisoft Inform\u00e1tica\",\"isPartOf\":{\"@id\":\"https:\/\/aivlisoft.net\/shop\/#website\"},\"primaryImageOfPage\":{\"@id\":\"https:\/\/aivlisoft.net\/shop\/producto\/mars-gaming-torre-e-atx-mcv3-premium-xxl-black\/#primaryimage\"},\"image\":{\"@id\":\"https:\/\/aivlisoft.net\/shop\/producto\/mars-gaming-torre-e-atx-mcv3-premium-xxl-black\/#primaryimage\"},\"thumbnailUrl\":\"https:\/\/aivlisoft.net\/shop\/wp-content\/uploads\/2025\/01\/ICACSM0724_800.jpg\",\"datePublished\":\"2025-01-13T14:29:08+00:00\",\"dateModified\":\"2025-01-14T11:07:55+00:00\",\"breadcrumb\":{\"@id\":\"https:\/\/aivlisoft.net\/shop\/producto\/mars-gaming-torre-e-atx-mcv3-premium-xxl-black\/#breadcrumb\"},\"inLanguage\":\"es\",\"potentialAction\":[{\"@type\":\"ReadAction\",\"target\":[\"https:\/\/aivlisoft.net\/shop\/producto\/mars-gaming-torre-e-atx-mcv3-premium-xxl-black\/\"]}]},{\"@type\":\"ImageObject\",\"inLanguage\":\"es\",\"@id\":\"https:\/\/aivlisoft.net\/shop\/producto\/mars-gaming-torre-e-atx-mcv3-premium-xxl-black\/#primaryimage\",\"url\":\"https:\/\/aivlisoft.net\/shop\/wp-content\/uploads\/2025\/01\/ICACSM0724_800.jpg\",\"contentUrl\":\"https:\/\/aivlisoft.net\/shop\/wp-content\/uploads\/2025\/01\/ICACSM0724_800.jpg\",\"width\":800,\"height\":800},{\"@type\":\"BreadcrumbList\",\"@id\":\"https:\/\/aivlisoft.net\/shop\/producto\/mars-gaming-torre-e-atx-mcv3-premium-xxl-black\/#breadcrumb\",\"itemListElement\":[{\"@type\":\"ListItem\",\"position\":1,\"name\":\"Portada\",\"item\":\"https:\/\/aivlisoft.net\/shop\/\"},{\"@type\":\"ListItem\",\"position\":2,\"name\":\"Tienda\",\"item\":\"https:\/\/aivlisoft.net\/shop\/tienda\/\"},{\"@type\":\"ListItem\",\"position\":3,\"name\":\"MARS GAMING Torre E-ATX MCV3 PREMIUM XXL BLACK\"}]},{\"@type\":\"WebSite\",\"@id\":\"https:\/\/aivlisoft.net\/shop\/#website\",\"url\":\"https:\/\/aivlisoft.net\/shop\/\",\"name\":\"Aivlisoft Inform\u00e1tica\",\"description\":\"En Aivlisoft Inform\u00e1tica ofrecemos soluciones tecnol\u00f3gicas para empresas: venta de ordenadores, consumibles, perif\u00e9ricos y m\u00e1s. Calidad, atenci\u00f3n personalizada y los mejores precios para tu negocio.\",\"publisher\":{\"@id\":\"https:\/\/aivlisoft.net\/shop\/#organization\"},\"potentialAction\":[{\"@type\":\"SearchAction\",\"target\":{\"@type\":\"EntryPoint\",\"urlTemplate\":\"https:\/\/aivlisoft.net\/shop\/?s={search_term_string}\"},\"query-input\":{\"@type\":\"PropertyValueSpecification\",\"valueRequired\":true,\"valueName\":\"search_term_string\"}}],\"inLanguage\":\"es\"},{\"@type\":\"Organization\",\"@id\":\"https:\/\/aivlisoft.net\/shop\/#organization\",\"name\":\"Aivlisoft Inform\u00e1tica\",\"url\":\"https:\/\/aivlisoft.net\/shop\/\",\"logo\":{\"@type\":\"ImageObject\",\"inLanguage\":\"es\",\"@id\":\"https:\/\/aivlisoft.net\/shop\/#\/schema\/logo\/image\/\",\"url\":\"https:\/\/aivlisoft.net\/shop\/wp-content\/uploads\/2024\/12\/removal.ai_5b848c54-0cdf-4140-95c5-c5536bb7573b-logodef.png\",\"contentUrl\":\"https:\/\/aivlisoft.net\/shop\/wp-content\/uploads\/2024\/12\/removal.ai_5b848c54-0cdf-4140-95c5-c5536bb7573b-logodef.png\",\"width\":484,\"height\":182,\"caption\":\"Aivlisoft Inform\u00e1tica\"},\"image\":{\"@id\":\"https:\/\/aivlisoft.net\/shop\/#\/schema\/logo\/image\/\"}}]}<\/script>\n<!-- \/ Yoast SEO plugin. -->","yoast_head_json":{"title":"MARS GAMING Torre E-ATX MCV3 PREMIUM XXL BLACK - Aivlisoft Inform\u00e1tica","robots":{"index":"index","follow":"follow","max-snippet":"max-snippet:-1","max-image-preview":"max-image-preview:large","max-video-preview":"max-video-preview:-1"},"canonical":"https:\/\/aivlisoft.net\/shop\/producto\/mars-gaming-torre-e-atx-mcv3-premium-xxl-black\/","og_locale":"es_ES","og_type":"article","og_title":"MARS GAMING Torre E-ATX MCV3 PREMIUM XXL BLACK - Aivlisoft Inform\u00e1tica","og_description":"Marca Mars Gamming Modelo MCV3 Caracter&iacute;sticas &#8211; Tama&ntilde;o: Torre &#8211; Ventana lateral y frontal total de cristal templado &#8211; Iluminaci&oacute;n RGB Croma frontal 12 modo de luz &#8211; Sistema de gesti&oacute;n de cableado interno &#8211; Compatibilidad con placas base: E-ATX \/ ATX \/ MicroATX \/ Mini-ITX &#8211; Filtros antipolvo: &nbsp; 1x filtro superior magn&eacute;tico &nbsp;&hellip;&nbsp;MARS GAMING Torre E-ATX MCV3 PREMIUM XXL BLACK","og_url":"https:\/\/aivlisoft.net\/shop\/producto\/mars-gaming-torre-e-atx-mcv3-premium-xxl-black\/","og_site_name":"Aivlisoft Inform\u00e1tica","article_modified_time":"2025-01-14T11:07:55+00:00","og_image":[{"width":800,"height":800,"url":"https:\/\/aivlisoft.net\/shop\/wp-content\/uploads\/2025\/01\/ICACSM0724_800.jpg","type":"image\/jpeg"}],"twitter_card":"summary_large_image","twitter_misc":{"Tiempo de lectura":"1 minuto"},"schema":{"@context":"https:\/\/schema.org","@graph":[{"@type":"WebPage","@id":"https:\/\/aivlisoft.net\/shop\/producto\/mars-gaming-torre-e-atx-mcv3-premium-xxl-black\/","url":"https:\/\/aivlisoft.net\/shop\/producto\/mars-gaming-torre-e-atx-mcv3-premium-xxl-black\/","name":"MARS GAMING Torre E-ATX MCV3 PREMIUM XXL BLACK - Aivlisoft Inform\u00e1tica","isPartOf":{"@id":"https:\/\/aivlisoft.net\/shop\/#website"},"primaryImageOfPage":{"@id":"https:\/\/aivlisoft.net\/shop\/producto\/mars-gaming-torre-e-atx-mcv3-premium-xxl-black\/#primaryimage"},"image":{"@id":"https:\/\/aivlisoft.net\/shop\/producto\/mars-gaming-torre-e-atx-mcv3-premium-xxl-black\/#primaryimage"},"thumbnailUrl":"https:\/\/aivlisoft.net\/shop\/wp-content\/uploads\/2025\/01\/ICACSM0724_800.jpg","datePublished":"2025-01-13T14:29:08+00:00","dateModified":"2025-01-14T11:07:55+00:00","breadcrumb":{"@id":"https:\/\/aivlisoft.net\/shop\/producto\/mars-gaming-torre-e-atx-mcv3-premium-xxl-black\/#breadcrumb"},"inLanguage":"es","potentialAction":[{"@type":"ReadAction","target":["https:\/\/aivlisoft.net\/shop\/producto\/mars-gaming-torre-e-atx-mcv3-premium-xxl-black\/"]}]},{"@type":"ImageObject","inLanguage":"es","@id":"https:\/\/aivlisoft.net\/shop\/producto\/mars-gaming-torre-e-atx-mcv3-premium-xxl-black\/#primaryimage","url":"https:\/\/aivlisoft.net\/shop\/wp-content\/uploads\/2025\/01\/ICACSM0724_800.jpg","contentUrl":"https:\/\/aivlisoft.net\/shop\/wp-content\/uploads\/2025\/01\/ICACSM0724_800.jpg","width":800,"height":800},{"@type":"BreadcrumbList","@id":"https:\/\/aivlisoft.net\/shop\/producto\/mars-gaming-torre-e-atx-mcv3-premium-xxl-black\/#breadcrumb","itemListElement":[{"@type":"ListItem","position":1,"name":"Portada","item":"https:\/\/aivlisoft.net\/shop\/"},{"@type":"ListItem","position":2,"name":"Tienda","item":"https:\/\/aivlisoft.net\/shop\/tienda\/"},{"@type":"ListItem","position":3,"name":"MARS GAMING Torre E-ATX MCV3 PREMIUM XXL BLACK"}]},{"@type":"WebSite","@id":"https:\/\/aivlisoft.net\/shop\/#website","url":"https:\/\/aivlisoft.net\/shop\/","name":"Aivlisoft Inform\u00e1tica","description":"En Aivlisoft Inform\u00e1tica ofrecemos soluciones tecnol\u00f3gicas para empresas: venta de ordenadores, consumibles, perif\u00e9ricos y m\u00e1s. Calidad, atenci\u00f3n personalizada y los mejores precios para tu negocio.","publisher":{"@id":"https:\/\/aivlisoft.net\/shop\/#organization"},"potentialAction":[{"@type":"SearchAction","target":{"@type":"EntryPoint","urlTemplate":"https:\/\/aivlisoft.net\/shop\/?s={search_term_string}"},"query-input":{"@type":"PropertyValueSpecification","valueRequired":true,"valueName":"search_term_string"}}],"inLanguage":"es"},{"@type":"Organization","@id":"https:\/\/aivlisoft.net\/shop\/#organization","name":"Aivlisoft Inform\u00e1tica","url":"https:\/\/aivlisoft.net\/shop\/","logo":{"@type":"ImageObject","inLanguage":"es","@id":"https:\/\/aivlisoft.net\/shop\/#\/schema\/logo\/image\/","url":"https:\/\/aivlisoft.net\/shop\/wp-content\/uploads\/2024\/12\/removal.ai_5b848c54-0cdf-4140-95c5-c5536bb7573b-logodef.png","contentUrl":"https:\/\/aivlisoft.net\/shop\/wp-content\/uploads\/2024\/12\/removal.ai_5b848c54-0cdf-4140-95c5-c5536bb7573b-logodef.png","width":484,"height":182,"caption":"Aivlisoft Inform\u00e1tica"},"image":{"@id":"https:\/\/aivlisoft.net\/shop\/#\/schema\/logo\/image\/"}}]}},"_links":{"self":[{"href":"https:\/\/aivlisoft.net\/shop\/wp-json\/wp\/v2\/product\/13027","targetHints":{"allow":["GET"]}}],"collection":[{"href":"https:\/\/aivlisoft.net\/shop\/wp-json\/wp\/v2\/product"}],"about":[{"href":"https:\/\/aivlisoft.net\/shop\/wp-json\/wp\/v2\/types\/product"}],"wp:featuredmedia":[{"embeddable":true,"href":"https:\/\/aivlisoft.net\/shop\/wp-json\/wp\/v2\/media\/13028"}],"wp:attachment":[{"href":"https:\/\/aivlisoft.net\/shop\/wp-json\/wp\/v2\/media?parent=13027"}],"wp:term":[{"taxonomy":"product_brand","embeddable":true,"href":"https:\/\/aivlisoft.net\/shop\/wp-json\/wp\/v2\/product_brand?post=13027"},{"taxonomy":"product_cat","embeddable":true,"href":"https:\/\/aivlisoft.net\/shop\/wp-json\/wp\/v2\/product_cat?post=13027"},{"taxonomy":"product_tag","embeddable":true,"href":"https:\/\/aivlisoft.net\/shop\/wp-json\/wp\/v2\/product_tag?post=13027"}],"curies":[{"name":"wp","href":"https:\/\/api.w.org\/{rel}","templated":true}]}}