{"id":12996,"date":"2025-01-13T14:28:51","date_gmt":"2025-01-13T14:28:51","guid":{"rendered":"https:\/\/aivlisoft.com\/?post_type=product&#038;p=12996"},"modified":"2025-01-14T11:07:46","modified_gmt":"2025-01-14T11:07:46","slug":"cougar-caja-semitorre-duoface-rgb","status":"publish","type":"product","link":"https:\/\/aivlisoft.net\/shop\/producto\/cougar-caja-semitorre-duoface-rgb\/","title":{"rendered":"Cougar Caja Semitorre Duoface Rgb"},"content":{"rendered":"<p><\/p>\n<table class=\"tabla_caracteristicas\" width=\"100%\">\n<tr>\n<td valign=\"top\"><strong>Marca<\/strong><\/td>\n<td>Cougar<\/td>\n<\/tr>\n<tr>\n<td valign=\"top\"><strong>Modelo<\/strong><\/td>\n<td><strong>385ZD10.0001<\/strong><\/td>\n<\/tr>\n<tr>\n<td valign=\"top\"><strong>Caracter&iacute;sticas<\/strong><\/td>\n<td>&#8211; Factor de forma de caja: Torre media<br \/>\t\t\t&#8211; Tipo de placa base: Mini ITX \/ Micro ATX \/ ATX \/ CEB \/ *E-ATX<br \/>\t\t\t&#8211; Dimensiones (An. x Al. x Pr.):<br \/>\t\t\t&nbsp; 230 x 491 x 386 (mm)<br \/>\t\t\t&nbsp; 9,1 x 19,3 x 15,2 (pulgadas)<br \/>\t\t\t&#8211; Panel de E\/S: USB 3.0 x 2, USB 2.0 x 1, conector de audio para auriculares de 4 polos x 1, bot&oacute;n RGB<br \/>\t\t\t&#8211; Bah&iacute;a de unidad de 3,5&quot;: 2<br \/>\t\t\t&#8211; Bah&iacute;a de unidad de 2,5&quot;: 2 (2 bandejas SSD incluidas)<br \/>\t\t\t&#8211; Ranuras de expansi&oacute;n: 7+3<br \/>\t\t\t&#8211; Soporte de ventilador de refrigeraci&oacute;n:<br \/>\t\t\t&nbsp; Frente: 120 mm x 2 \/ 140 mm x 2 (ventilador ARGB de 140 mm x 2 preinstalado)<br \/>\t\t\t&nbsp; Superior: 120 mm x 2 \/ 140 mm x 2<br \/>\t\t\t&nbsp; Trasero: 120 mm x 1 \/ 140 mm x 1 (ventilador ARGB de 120 mm x 1 preinstalado)<br \/>\t\t\t&#8211; N&uacute;mero M&aacute;ximo de Ventiladores: 5 Max.<br \/>\t\t\t&#8211; Soporte de refrigeraci&oacute;n por agua:<br \/>\t\t\t&nbsp; Frente: *280mm \/ 240mm \/ 140mm \/ 120mm<br \/>\t\t\t&nbsp; Superior: *280 mm \/ 240 mm \/ 140 mm \/ 120 mm<br \/>\t\t\t&nbsp; Trasero: 120 mm \/ 140 mm<br \/>\t\t\t&#8211; Panel izquierdo transparente: vidrio templado de 4 mm<br \/>\t\t\t&#8211; Sistema de iluminaci&oacute;n a bordo: S&iacute;<br \/>\t\t\t&#8211; Sincronizaci&oacute;n RGB con M\/B: S&iacute;<br \/>\t\t\t&#8211; Logotipo COUGAR Luz RGB: S&iacute;<br \/>\t\t\t&#8211; M&aacute;x. Longitud de la tarjeta gr&aacute;fica: 330 (mm) \/ 13 (pulgadas)<br \/>\t\t\t&#8211; M&aacute;x. Altura del enfriador de CPU: 190 (mm) \/ 7,5 (pulgadas)<br \/>\t\t\t&#8211; M&aacute;x. Longitud de la fuente de alimentaci&oacute;n: 160 (mm) \/ 6,3 (pulgadas)<\/td>\n<\/tr>\n<tr>\n<td valign=\"top\"><strong>Fecha de revisi&oacute;n<\/strong><\/td>\n<td>05-09-2022 por MPM<\/td>\n<\/tr>\n<\/table>\n","protected":false},"excerpt":{"rendered":"<p>Marca Cougar Modelo 385ZD10.0001 Caracter&iacute;sticas &#8211; Factor de forma de caja: Torre media &#8211; Tipo de placa base: Mini ITX \/ Micro ATX \/ ATX \/ CEB \/ *E-ATX &#8211; Dimensiones (An. x Al. x Pr.): &nbsp; 230 x 491 x 386 (mm) &nbsp; 9,1 x 19,3 x 15,2 (pulgadas) &#8211; Panel de E\/S: USB&hellip;&nbsp;<a href=\"https:\/\/aivlisoft.net\/shop\/producto\/cougar-caja-semitorre-duoface-rgb\/\" rel=\"bookmark\"><span class=\"screen-reader-text\">Cougar Caja Semitorre Duoface Rgb<\/span><\/a><\/p>\n","protected":false},"featured_media":12997,"template":"","meta":{"neve_meta_sidebar":"","neve_meta_container":"","neve_meta_enable_content_width":"","neve_meta_content_width":0,"neve_meta_title_alignment":"","neve_meta_author_avatar":"","neve_post_elements_order":"","neve_meta_disable_header":"","neve_meta_disable_footer":"","neve_meta_disable_title":""},"product_brand":[],"product_cat":[8729],"product_tag":[5042],"class_list":{"0":"post-12996","1":"product","2":"type-product","3":"status-publish","4":"has-post-thumbnail","6":"product_cat-semitorre-y-miditorre","7":"product_tag-385zd10-0001","9":"first","10":"instock","11":"taxable","12":"shipping-taxable","13":"purchasable","14":"product-type-simple"},"yoast_head":"<!-- This site is optimized with the Yoast SEO plugin v26.0 - https:\/\/yoast.com\/wordpress\/plugins\/seo\/ -->\n<title>Cougar Caja Semitorre Duoface Rgb - Aivlisoft Inform\u00e1tica<\/title>\n<meta name=\"robots\" content=\"index, follow, max-snippet:-1, max-image-preview:large, max-video-preview:-1\" \/>\n<link rel=\"canonical\" href=\"https:\/\/aivlisoft.net\/shop\/producto\/cougar-caja-semitorre-duoface-rgb\/\" \/>\n<meta property=\"og:locale\" content=\"es_ES\" \/>\n<meta property=\"og:type\" content=\"article\" \/>\n<meta property=\"og:title\" content=\"Cougar Caja Semitorre Duoface Rgb - Aivlisoft Inform\u00e1tica\" \/>\n<meta property=\"og:description\" content=\"Marca Cougar Modelo 385ZD10.0001 Caracter&iacute;sticas &#8211; Factor de forma de caja: Torre media &#8211; Tipo de placa base: Mini ITX \/ Micro ATX \/ ATX \/ CEB \/ *E-ATX &#8211; Dimensiones (An. x Al. x Pr.): &nbsp; 230 x 491 x 386 (mm) &nbsp; 9,1 x 19,3 x 15,2 (pulgadas) &#8211; Panel de E\/S: USB&hellip;&nbsp;Cougar Caja Semitorre Duoface Rgb\" \/>\n<meta property=\"og:url\" content=\"https:\/\/aivlisoft.net\/shop\/producto\/cougar-caja-semitorre-duoface-rgb\/\" \/>\n<meta property=\"og:site_name\" content=\"Aivlisoft Inform\u00e1tica\" \/>\n<meta property=\"article:modified_time\" content=\"2025-01-14T11:07:46+00:00\" \/>\n<meta property=\"og:image\" content=\"https:\/\/aivlisoft.net\/shop\/wp-content\/uploads\/2025\/01\/ICACSM0713_800.jpg\" \/>\n\t<meta property=\"og:image:width\" content=\"800\" \/>\n\t<meta property=\"og:image:height\" content=\"800\" \/>\n\t<meta property=\"og:image:type\" content=\"image\/jpeg\" \/>\n<meta name=\"twitter:card\" content=\"summary_large_image\" \/>\n<meta name=\"twitter:label1\" content=\"Tiempo de lectura\" \/>\n\t<meta name=\"twitter:data1\" content=\"1 minuto\" \/>\n<script type=\"application\/ld+json\" class=\"yoast-schema-graph\">{\"@context\":\"https:\/\/schema.org\",\"@graph\":[{\"@type\":\"WebPage\",\"@id\":\"https:\/\/aivlisoft.net\/shop\/producto\/cougar-caja-semitorre-duoface-rgb\/\",\"url\":\"https:\/\/aivlisoft.net\/shop\/producto\/cougar-caja-semitorre-duoface-rgb\/\",\"name\":\"Cougar Caja Semitorre Duoface Rgb - Aivlisoft Inform\u00e1tica\",\"isPartOf\":{\"@id\":\"https:\/\/aivlisoft.net\/shop\/#website\"},\"primaryImageOfPage\":{\"@id\":\"https:\/\/aivlisoft.net\/shop\/producto\/cougar-caja-semitorre-duoface-rgb\/#primaryimage\"},\"image\":{\"@id\":\"https:\/\/aivlisoft.net\/shop\/producto\/cougar-caja-semitorre-duoface-rgb\/#primaryimage\"},\"thumbnailUrl\":\"https:\/\/aivlisoft.net\/shop\/wp-content\/uploads\/2025\/01\/ICACSM0713_800.jpg\",\"datePublished\":\"2025-01-13T14:28:51+00:00\",\"dateModified\":\"2025-01-14T11:07:46+00:00\",\"breadcrumb\":{\"@id\":\"https:\/\/aivlisoft.net\/shop\/producto\/cougar-caja-semitorre-duoface-rgb\/#breadcrumb\"},\"inLanguage\":\"es\",\"potentialAction\":[{\"@type\":\"ReadAction\",\"target\":[\"https:\/\/aivlisoft.net\/shop\/producto\/cougar-caja-semitorre-duoface-rgb\/\"]}]},{\"@type\":\"ImageObject\",\"inLanguage\":\"es\",\"@id\":\"https:\/\/aivlisoft.net\/shop\/producto\/cougar-caja-semitorre-duoface-rgb\/#primaryimage\",\"url\":\"https:\/\/aivlisoft.net\/shop\/wp-content\/uploads\/2025\/01\/ICACSM0713_800.jpg\",\"contentUrl\":\"https:\/\/aivlisoft.net\/shop\/wp-content\/uploads\/2025\/01\/ICACSM0713_800.jpg\",\"width\":800,\"height\":800},{\"@type\":\"BreadcrumbList\",\"@id\":\"https:\/\/aivlisoft.net\/shop\/producto\/cougar-caja-semitorre-duoface-rgb\/#breadcrumb\",\"itemListElement\":[{\"@type\":\"ListItem\",\"position\":1,\"name\":\"Portada\",\"item\":\"https:\/\/aivlisoft.net\/shop\/\"},{\"@type\":\"ListItem\",\"position\":2,\"name\":\"Tienda\",\"item\":\"https:\/\/aivlisoft.net\/shop\/tienda\/\"},{\"@type\":\"ListItem\",\"position\":3,\"name\":\"Cougar Caja Semitorre Duoface Rgb\"}]},{\"@type\":\"WebSite\",\"@id\":\"https:\/\/aivlisoft.net\/shop\/#website\",\"url\":\"https:\/\/aivlisoft.net\/shop\/\",\"name\":\"Aivlisoft Inform\u00e1tica\",\"description\":\"En Aivlisoft Inform\u00e1tica ofrecemos soluciones tecnol\u00f3gicas para empresas: venta de ordenadores, consumibles, perif\u00e9ricos y m\u00e1s. Calidad, atenci\u00f3n personalizada y los mejores precios para tu negocio.\",\"publisher\":{\"@id\":\"https:\/\/aivlisoft.net\/shop\/#organization\"},\"potentialAction\":[{\"@type\":\"SearchAction\",\"target\":{\"@type\":\"EntryPoint\",\"urlTemplate\":\"https:\/\/aivlisoft.net\/shop\/?s={search_term_string}\"},\"query-input\":{\"@type\":\"PropertyValueSpecification\",\"valueRequired\":true,\"valueName\":\"search_term_string\"}}],\"inLanguage\":\"es\"},{\"@type\":\"Organization\",\"@id\":\"https:\/\/aivlisoft.net\/shop\/#organization\",\"name\":\"Aivlisoft Inform\u00e1tica\",\"url\":\"https:\/\/aivlisoft.net\/shop\/\",\"logo\":{\"@type\":\"ImageObject\",\"inLanguage\":\"es\",\"@id\":\"https:\/\/aivlisoft.net\/shop\/#\/schema\/logo\/image\/\",\"url\":\"https:\/\/aivlisoft.net\/shop\/wp-content\/uploads\/2024\/12\/removal.ai_5b848c54-0cdf-4140-95c5-c5536bb7573b-logodef.png\",\"contentUrl\":\"https:\/\/aivlisoft.net\/shop\/wp-content\/uploads\/2024\/12\/removal.ai_5b848c54-0cdf-4140-95c5-c5536bb7573b-logodef.png\",\"width\":484,\"height\":182,\"caption\":\"Aivlisoft Inform\u00e1tica\"},\"image\":{\"@id\":\"https:\/\/aivlisoft.net\/shop\/#\/schema\/logo\/image\/\"}}]}<\/script>\n<!-- \/ Yoast SEO plugin. -->","yoast_head_json":{"title":"Cougar Caja Semitorre Duoface Rgb - Aivlisoft Inform\u00e1tica","robots":{"index":"index","follow":"follow","max-snippet":"max-snippet:-1","max-image-preview":"max-image-preview:large","max-video-preview":"max-video-preview:-1"},"canonical":"https:\/\/aivlisoft.net\/shop\/producto\/cougar-caja-semitorre-duoface-rgb\/","og_locale":"es_ES","og_type":"article","og_title":"Cougar Caja Semitorre Duoface Rgb - Aivlisoft Inform\u00e1tica","og_description":"Marca Cougar Modelo 385ZD10.0001 Caracter&iacute;sticas &#8211; Factor de forma de caja: Torre media &#8211; Tipo de placa base: Mini ITX \/ Micro ATX \/ ATX \/ CEB \/ *E-ATX &#8211; Dimensiones (An. x Al. x Pr.): &nbsp; 230 x 491 x 386 (mm) &nbsp; 9,1 x 19,3 x 15,2 (pulgadas) &#8211; Panel de E\/S: USB&hellip;&nbsp;Cougar Caja Semitorre Duoface Rgb","og_url":"https:\/\/aivlisoft.net\/shop\/producto\/cougar-caja-semitorre-duoface-rgb\/","og_site_name":"Aivlisoft Inform\u00e1tica","article_modified_time":"2025-01-14T11:07:46+00:00","og_image":[{"width":800,"height":800,"url":"https:\/\/aivlisoft.net\/shop\/wp-content\/uploads\/2025\/01\/ICACSM0713_800.jpg","type":"image\/jpeg"}],"twitter_card":"summary_large_image","twitter_misc":{"Tiempo de lectura":"1 minuto"},"schema":{"@context":"https:\/\/schema.org","@graph":[{"@type":"WebPage","@id":"https:\/\/aivlisoft.net\/shop\/producto\/cougar-caja-semitorre-duoface-rgb\/","url":"https:\/\/aivlisoft.net\/shop\/producto\/cougar-caja-semitorre-duoface-rgb\/","name":"Cougar Caja Semitorre Duoface Rgb - Aivlisoft Inform\u00e1tica","isPartOf":{"@id":"https:\/\/aivlisoft.net\/shop\/#website"},"primaryImageOfPage":{"@id":"https:\/\/aivlisoft.net\/shop\/producto\/cougar-caja-semitorre-duoface-rgb\/#primaryimage"},"image":{"@id":"https:\/\/aivlisoft.net\/shop\/producto\/cougar-caja-semitorre-duoface-rgb\/#primaryimage"},"thumbnailUrl":"https:\/\/aivlisoft.net\/shop\/wp-content\/uploads\/2025\/01\/ICACSM0713_800.jpg","datePublished":"2025-01-13T14:28:51+00:00","dateModified":"2025-01-14T11:07:46+00:00","breadcrumb":{"@id":"https:\/\/aivlisoft.net\/shop\/producto\/cougar-caja-semitorre-duoface-rgb\/#breadcrumb"},"inLanguage":"es","potentialAction":[{"@type":"ReadAction","target":["https:\/\/aivlisoft.net\/shop\/producto\/cougar-caja-semitorre-duoface-rgb\/"]}]},{"@type":"ImageObject","inLanguage":"es","@id":"https:\/\/aivlisoft.net\/shop\/producto\/cougar-caja-semitorre-duoface-rgb\/#primaryimage","url":"https:\/\/aivlisoft.net\/shop\/wp-content\/uploads\/2025\/01\/ICACSM0713_800.jpg","contentUrl":"https:\/\/aivlisoft.net\/shop\/wp-content\/uploads\/2025\/01\/ICACSM0713_800.jpg","width":800,"height":800},{"@type":"BreadcrumbList","@id":"https:\/\/aivlisoft.net\/shop\/producto\/cougar-caja-semitorre-duoface-rgb\/#breadcrumb","itemListElement":[{"@type":"ListItem","position":1,"name":"Portada","item":"https:\/\/aivlisoft.net\/shop\/"},{"@type":"ListItem","position":2,"name":"Tienda","item":"https:\/\/aivlisoft.net\/shop\/tienda\/"},{"@type":"ListItem","position":3,"name":"Cougar Caja Semitorre Duoface Rgb"}]},{"@type":"WebSite","@id":"https:\/\/aivlisoft.net\/shop\/#website","url":"https:\/\/aivlisoft.net\/shop\/","name":"Aivlisoft Inform\u00e1tica","description":"En Aivlisoft Inform\u00e1tica ofrecemos soluciones tecnol\u00f3gicas para empresas: venta de ordenadores, consumibles, perif\u00e9ricos y m\u00e1s. Calidad, atenci\u00f3n personalizada y los mejores precios para tu negocio.","publisher":{"@id":"https:\/\/aivlisoft.net\/shop\/#organization"},"potentialAction":[{"@type":"SearchAction","target":{"@type":"EntryPoint","urlTemplate":"https:\/\/aivlisoft.net\/shop\/?s={search_term_string}"},"query-input":{"@type":"PropertyValueSpecification","valueRequired":true,"valueName":"search_term_string"}}],"inLanguage":"es"},{"@type":"Organization","@id":"https:\/\/aivlisoft.net\/shop\/#organization","name":"Aivlisoft Inform\u00e1tica","url":"https:\/\/aivlisoft.net\/shop\/","logo":{"@type":"ImageObject","inLanguage":"es","@id":"https:\/\/aivlisoft.net\/shop\/#\/schema\/logo\/image\/","url":"https:\/\/aivlisoft.net\/shop\/wp-content\/uploads\/2024\/12\/removal.ai_5b848c54-0cdf-4140-95c5-c5536bb7573b-logodef.png","contentUrl":"https:\/\/aivlisoft.net\/shop\/wp-content\/uploads\/2024\/12\/removal.ai_5b848c54-0cdf-4140-95c5-c5536bb7573b-logodef.png","width":484,"height":182,"caption":"Aivlisoft Inform\u00e1tica"},"image":{"@id":"https:\/\/aivlisoft.net\/shop\/#\/schema\/logo\/image\/"}}]}},"_links":{"self":[{"href":"https:\/\/aivlisoft.net\/shop\/wp-json\/wp\/v2\/product\/12996","targetHints":{"allow":["GET"]}}],"collection":[{"href":"https:\/\/aivlisoft.net\/shop\/wp-json\/wp\/v2\/product"}],"about":[{"href":"https:\/\/aivlisoft.net\/shop\/wp-json\/wp\/v2\/types\/product"}],"wp:featuredmedia":[{"embeddable":true,"href":"https:\/\/aivlisoft.net\/shop\/wp-json\/wp\/v2\/media\/12997"}],"wp:attachment":[{"href":"https:\/\/aivlisoft.net\/shop\/wp-json\/wp\/v2\/media?parent=12996"}],"wp:term":[{"taxonomy":"product_brand","embeddable":true,"href":"https:\/\/aivlisoft.net\/shop\/wp-json\/wp\/v2\/product_brand?post=12996"},{"taxonomy":"product_cat","embeddable":true,"href":"https:\/\/aivlisoft.net\/shop\/wp-json\/wp\/v2\/product_cat?post=12996"},{"taxonomy":"product_tag","embeddable":true,"href":"https:\/\/aivlisoft.net\/shop\/wp-json\/wp\/v2\/product_tag?post=12996"}],"curies":[{"name":"wp","href":"https:\/\/api.w.org\/{rel}","templated":true}]}}