{"id":12965,"date":"2025-01-13T14:28:33","date_gmt":"2025-01-13T14:28:33","guid":{"rendered":"https:\/\/aivlisoft.com\/?post_type=product&#038;p=12965"},"modified":"2025-01-14T11:07:37","modified_gmt":"2025-01-14T11:07:37","slug":"nox-semitorre-hummer-horus-argb-lighting","status":"publish","type":"product","link":"https:\/\/aivlisoft.net\/shop\/producto\/nox-semitorre-hummer-horus-argb-lighting\/","title":{"rendered":"NOX Semitorre Hummer Horus Argb Lighting"},"content":{"rendered":"<p><strong>Nox Hummer Horus<\/strong> es una semitorre de alto rendimiento, muy espaciosa, de acero SPCC y con panel frontal y lateral de cristal templado, lo que permite lucir una configuraci&oacute;n con la mejor iluminaci&oacute;n ARGB. Este potente chasis incluye, adem&aacute;s, cuatro ventiladores de 120 mm que te permiten mantener tus componentes a una temperatura baja.<\/p>\n<p><strong>Dise&ntilde;o gaming<\/strong><br \/>Con un llamativo dise&ntilde;o, construida en materiales de primera calidad que aseguran una buena durabilidad, est&aacute; hecha con resistente acero SPCC de 0,6 mm y vidrio templado de 4 mm, un material que la protege de ara&ntilde;azos.<br \/>Para que puedas mostrar tu configuraci&oacute;n y presumir de la mejor iluminaci&oacute;n ARGB, integra paneles transparentes de cristal templado para ense&ntilde;ar el impactante interior del chasis, en el que destaca una excelente gesti&oacute;n del cableado, para unos componentes siempre en perfecto orden, pudiendo presumir de hardware como nunca antes, sin que nada distraiga de lo que de verdad importa.<br \/>Adem&aacute;s, para un &oacute;ptimo mantenimiento de los distintos componentes, cuenta con filtro magn&eacute;tico antipolvo desmontable en su parte superior que facilita la limpieza.<\/p>\n<p><strong>Accesibilidad<\/strong><br \/>En su panel superior, encontrar&aacute;s el panel de accesos principales con un USB 3.0 de alta velocidad, dos USB 2.0, una conexi&oacute;n HD de audio y tambi&eacute;n la conexi&oacute;n para el micr&oacute;fono, adem&aacute;s del bot&oacute;n para controlar la iluminaci&oacute;n ARGB.<\/p>\n<p><strong>Gran versatilidad<\/strong><br \/>Nox Hummer Horus es una caja compatible tambi&eacute;n con sistemas de refrigeraci&oacute;n l&iacute;quida, soportando diferentes opciones, pudiendo incorporar una RL en su parte frontal de hasta 360 mm, en la zona trasera de hasta 120 mm o en el &aacute;rea superior del chasis de hasta 280 mm.<br \/>De igual manera, posibilita montar una tarjeta gr&aacute;fica de 345 mm y cuenta con siete ranuras de expansi&oacute;n.<\/p>\n<p><strong>Flujo de aire a todo color<\/strong><br \/>La Nox Hummer Horus garantiza un buen flujo de aire al tiempo que ofrece incre&iacute;bles modos de iluminaci&oacute;n. As&iacute;, puede albergar hasta un total de seis ventiladores de 120 mm y trae cuatro de ellos ya preinstalados. Los cuatro ventiladores ARGB que incluye la caja se sit&uacute;an tres en la parte frontal y uno en la parte trasera. En la zona superior, permite instalar dos ventiladores de 120 mm o de 140 mm.<\/p>\n<p><strong>Capacidad de almacenaje<\/strong><br \/>Nox Hummer Horus es una semitorre con una gran capacidad de almacenaje y m&uacute;ltiples posibilidades de configuraci&oacute;n para montar de una manera discreta hasta dos HDD de 3,5&rdquo; &oacute; un HDD de 3.5&rdquo; y un SSD de 2,5&rdquo;.<\/p>\n<p><strong>Posibilidades infinitas<\/strong><br \/>Dise&ntilde;ada para albergar potentes configuraciones, la caja Nox Hummer Horus permite todos los formatos de placa base, desde el mayor, E-ATX, hasta las Micro AXT y Mini ITX.<br \/>Por otro lado, si se necesita, tambi&eacute;n posee un espacio reservado para la refrigeraci&oacute;n de la CPU con una altura m&aacute;xima de 160 mm.<\/p>\n<table class=\"tabla_caracteristicas k-table\" width=\"100%\">\n<tr>\n<td valign=\"top\"><strong>Marca<\/strong><\/td>\n<td>NOX<\/td>\n<\/tr>\n<tr>\n<td valign=\"top\"><strong>Modelo<\/strong><\/td>\n<td valign=\"top\"><strong>NXHUMMERHORUS<\/strong><\/td>\n<\/tr>\n<tr>\n<td>\n<div><strong>Especificaciones<\/strong><\/div>\n<\/td>\n<td>&#8211; Panel lateral y frontal de cristal templado<br \/>\t\t\t&#8211; Ventiladores ARGB de 120 mm preinstalados<br \/>\t\t\t&#8211; Filtro antipolvo magn&eacute;tico<br \/>\t\t\t&#8211; Excelente sistema para ordenar los cables (25 mm)<br \/>\t\t\t&#8211; Bot&oacute;n de control RGB<br \/>\t\t\t&#8211; Capacidad para instalar hasta 6 ventiladores<br \/>\t\t\t&#8211; Compatible con sistemas de refrigeraci&oacute;n l&iacute;quida<br \/>\t\t\t&#8211; USB 3.0 de alta velocidad<br \/>\t\t\t&#8211; Formato de placa: E-ATX, ATX, M-ATX, M-ITX<br \/>\t\t\t<strong>Bah&iacute;as internas<\/strong><br \/>\t\t\t&#8211; 2 x 3.5&quot; o 1 x 3.5&quot; y 1 x 2.5&quot;<br \/>\t\t\t<strong>Ventilaci&oacute;n<\/strong><br \/>\t\t\t&#8211; Frontal: 3x 120 mm ARGB (incluidos)<br \/>\t\t\t&#8211; Trasero: 1x 120 mm ARGB (incluido)<br \/>\t\t\t&#8211; Superior: 2x 120 \/ 140 mm (no incluidos)<br \/>\t\t\t&#8211; Slots de expansi&oacute;n: 7<br \/>\t\t\t&#8211; Cooler CPU: 160 mm (altura m&aacute;xima)<br \/>\t\t\t&#8211; VGA: 345 mm (longitud m&aacute;xima)<br \/>\t\t\t&#8211; PSU: 210 mm m&aacute;ximo<br \/>\t\t\t&#8211; Cableado: 25 mm<br \/>\t\t\t<strong>Refrigeraci&oacute;n l&iacute;quida<\/strong><br \/>\t\t\t&#8211; Frontal: 120 \/ 240 \/ 280 \/ 360 mm<br \/>\t\t\t&#8211; Superior: 120 \/ 240 \/ 280 mm<br \/>\t\t\t&#8211; Trasera: 120 mm<\/td>\n<\/tr>\n<tr>\n<td valign=\"top\"><strong>Interfaces<\/strong><\/td>\n<td>&#8211; 1x USB 3.0<br \/>\t\t\t&#8211; 2x USB 2.0<br \/>\t\t\t&#8211; HD Audio<br \/>\t\t\t&#8211; Mic<\/td>\n<\/tr>\n<tr>\n<td valign=\"top\"><strong>Otras Especificaciones<\/strong><\/td>\n<td>&#8211; Fuente de alimentaci&oacute;n: Fuente est&aacute;ndar ATX compatible (no incluida)<br \/>\t\t\t<strong>Material<\/strong><br \/>\t\t\t&#8211; Chasis de acero SPCC 0.6 mm (interior negro)<br \/>\t\t\t&#8211; Panel lateral y frontal en cristal templado<br \/>\t\t\t&#8211; Dimensiones: 215 x 482 x 410 mm (AN x AL x PR)<br \/>\t\t\t&#8211; Peso: 6.2 Kg<\/td>\n<\/tr>\n<tr>\n<td valign=\"top\"><strong>Fecha de revisi&oacute;n<\/strong><\/td>\n<td>17-03-2022 por MPM<\/td>\n<\/tr>\n<\/table>\n","protected":false},"excerpt":{"rendered":"<p>Nox Hummer Horus es una semitorre de alto rendimiento, muy espaciosa, de acero SPCC y con panel frontal y lateral de cristal templado, lo que permite lucir una configuraci&oacute;n con la mejor iluminaci&oacute;n ARGB. Este potente chasis incluye, adem&aacute;s, cuatro ventiladores de 120 mm que te permiten mantener tus componentes a una temperatura baja. Dise&ntilde;o&hellip;&nbsp;<a href=\"https:\/\/aivlisoft.net\/shop\/producto\/nox-semitorre-hummer-horus-argb-lighting\/\" rel=\"bookmark\"><span class=\"screen-reader-text\">NOX Semitorre Hummer Horus Argb Lighting<\/span><\/a><\/p>\n","protected":false},"featured_media":12966,"template":"","meta":{"neve_meta_sidebar":"","neve_meta_container":"","neve_meta_enable_content_width":"","neve_meta_content_width":0,"neve_meta_title_alignment":"","neve_meta_author_avatar":"","neve_post_elements_order":"","neve_meta_disable_header":"","neve_meta_disable_footer":"","neve_meta_disable_title":""},"product_brand":[],"product_cat":[8729],"product_tag":[5034],"class_list":{"0":"post-12965","1":"product","2":"type-product","3":"status-publish","4":"has-post-thumbnail","6":"product_cat-semitorre-y-miditorre","7":"product_tag-nxhummerhorus","9":"first","10":"instock","11":"taxable","12":"shipping-taxable","13":"purchasable","14":"product-type-simple"},"yoast_head":"<!-- This site is optimized with the Yoast SEO plugin v26.0 - https:\/\/yoast.com\/wordpress\/plugins\/seo\/ -->\n<title>NOX Semitorre Hummer Horus Argb Lighting - Aivlisoft Inform\u00e1tica<\/title>\n<meta name=\"robots\" content=\"index, follow, max-snippet:-1, max-image-preview:large, max-video-preview:-1\" \/>\n<link rel=\"canonical\" href=\"https:\/\/aivlisoft.net\/shop\/producto\/nox-semitorre-hummer-horus-argb-lighting\/\" \/>\n<meta property=\"og:locale\" content=\"es_ES\" \/>\n<meta property=\"og:type\" content=\"article\" \/>\n<meta property=\"og:title\" content=\"NOX Semitorre Hummer Horus Argb Lighting - Aivlisoft Inform\u00e1tica\" \/>\n<meta property=\"og:description\" content=\"Nox Hummer Horus es una semitorre de alto rendimiento, muy espaciosa, de acero SPCC y con panel frontal y lateral de cristal templado, lo que permite lucir una configuraci&oacute;n con la mejor iluminaci&oacute;n ARGB. Este potente chasis incluye, adem&aacute;s, cuatro ventiladores de 120 mm que te permiten mantener tus componentes a una temperatura baja. Dise&ntilde;o&hellip;&nbsp;NOX Semitorre Hummer Horus Argb Lighting\" \/>\n<meta property=\"og:url\" content=\"https:\/\/aivlisoft.net\/shop\/producto\/nox-semitorre-hummer-horus-argb-lighting\/\" \/>\n<meta property=\"og:site_name\" content=\"Aivlisoft Inform\u00e1tica\" \/>\n<meta property=\"article:modified_time\" content=\"2025-01-14T11:07:37+00:00\" \/>\n<meta property=\"og:image\" content=\"https:\/\/aivlisoft.net\/shop\/wp-content\/uploads\/2025\/01\/ICACSM0681_800.jpg\" \/>\n\t<meta property=\"og:image:width\" content=\"800\" \/>\n\t<meta property=\"og:image:height\" content=\"800\" \/>\n\t<meta property=\"og:image:type\" content=\"image\/jpeg\" \/>\n<meta name=\"twitter:card\" content=\"summary_large_image\" \/>\n<meta name=\"twitter:label1\" content=\"Tiempo de lectura\" \/>\n\t<meta name=\"twitter:data1\" content=\"4 minutos\" \/>\n<script type=\"application\/ld+json\" class=\"yoast-schema-graph\">{\"@context\":\"https:\/\/schema.org\",\"@graph\":[{\"@type\":\"WebPage\",\"@id\":\"https:\/\/aivlisoft.net\/shop\/producto\/nox-semitorre-hummer-horus-argb-lighting\/\",\"url\":\"https:\/\/aivlisoft.net\/shop\/producto\/nox-semitorre-hummer-horus-argb-lighting\/\",\"name\":\"NOX Semitorre Hummer Horus Argb Lighting - Aivlisoft Inform\u00e1tica\",\"isPartOf\":{\"@id\":\"https:\/\/aivlisoft.net\/shop\/#website\"},\"primaryImageOfPage\":{\"@id\":\"https:\/\/aivlisoft.net\/shop\/producto\/nox-semitorre-hummer-horus-argb-lighting\/#primaryimage\"},\"image\":{\"@id\":\"https:\/\/aivlisoft.net\/shop\/producto\/nox-semitorre-hummer-horus-argb-lighting\/#primaryimage\"},\"thumbnailUrl\":\"https:\/\/aivlisoft.net\/shop\/wp-content\/uploads\/2025\/01\/ICACSM0681_800.jpg\",\"datePublished\":\"2025-01-13T14:28:33+00:00\",\"dateModified\":\"2025-01-14T11:07:37+00:00\",\"breadcrumb\":{\"@id\":\"https:\/\/aivlisoft.net\/shop\/producto\/nox-semitorre-hummer-horus-argb-lighting\/#breadcrumb\"},\"inLanguage\":\"es\",\"potentialAction\":[{\"@type\":\"ReadAction\",\"target\":[\"https:\/\/aivlisoft.net\/shop\/producto\/nox-semitorre-hummer-horus-argb-lighting\/\"]}]},{\"@type\":\"ImageObject\",\"inLanguage\":\"es\",\"@id\":\"https:\/\/aivlisoft.net\/shop\/producto\/nox-semitorre-hummer-horus-argb-lighting\/#primaryimage\",\"url\":\"https:\/\/aivlisoft.net\/shop\/wp-content\/uploads\/2025\/01\/ICACSM0681_800.jpg\",\"contentUrl\":\"https:\/\/aivlisoft.net\/shop\/wp-content\/uploads\/2025\/01\/ICACSM0681_800.jpg\",\"width\":800,\"height\":800},{\"@type\":\"BreadcrumbList\",\"@id\":\"https:\/\/aivlisoft.net\/shop\/producto\/nox-semitorre-hummer-horus-argb-lighting\/#breadcrumb\",\"itemListElement\":[{\"@type\":\"ListItem\",\"position\":1,\"name\":\"Portada\",\"item\":\"https:\/\/aivlisoft.net\/shop\/\"},{\"@type\":\"ListItem\",\"position\":2,\"name\":\"Tienda\",\"item\":\"https:\/\/aivlisoft.net\/shop\/tienda\/\"},{\"@type\":\"ListItem\",\"position\":3,\"name\":\"NOX Semitorre Hummer Horus Argb Lighting\"}]},{\"@type\":\"WebSite\",\"@id\":\"https:\/\/aivlisoft.net\/shop\/#website\",\"url\":\"https:\/\/aivlisoft.net\/shop\/\",\"name\":\"Aivlisoft Inform\u00e1tica\",\"description\":\"En Aivlisoft Inform\u00e1tica ofrecemos soluciones tecnol\u00f3gicas para empresas: venta de ordenadores, consumibles, perif\u00e9ricos y m\u00e1s. Calidad, atenci\u00f3n personalizada y los mejores precios para tu negocio.\",\"publisher\":{\"@id\":\"https:\/\/aivlisoft.net\/shop\/#organization\"},\"potentialAction\":[{\"@type\":\"SearchAction\",\"target\":{\"@type\":\"EntryPoint\",\"urlTemplate\":\"https:\/\/aivlisoft.net\/shop\/?s={search_term_string}\"},\"query-input\":{\"@type\":\"PropertyValueSpecification\",\"valueRequired\":true,\"valueName\":\"search_term_string\"}}],\"inLanguage\":\"es\"},{\"@type\":\"Organization\",\"@id\":\"https:\/\/aivlisoft.net\/shop\/#organization\",\"name\":\"Aivlisoft Inform\u00e1tica\",\"url\":\"https:\/\/aivlisoft.net\/shop\/\",\"logo\":{\"@type\":\"ImageObject\",\"inLanguage\":\"es\",\"@id\":\"https:\/\/aivlisoft.net\/shop\/#\/schema\/logo\/image\/\",\"url\":\"https:\/\/aivlisoft.net\/shop\/wp-content\/uploads\/2024\/12\/removal.ai_5b848c54-0cdf-4140-95c5-c5536bb7573b-logodef.png\",\"contentUrl\":\"https:\/\/aivlisoft.net\/shop\/wp-content\/uploads\/2024\/12\/removal.ai_5b848c54-0cdf-4140-95c5-c5536bb7573b-logodef.png\",\"width\":484,\"height\":182,\"caption\":\"Aivlisoft Inform\u00e1tica\"},\"image\":{\"@id\":\"https:\/\/aivlisoft.net\/shop\/#\/schema\/logo\/image\/\"}}]}<\/script>\n<!-- \/ Yoast SEO plugin. -->","yoast_head_json":{"title":"NOX Semitorre Hummer Horus Argb Lighting - Aivlisoft Inform\u00e1tica","robots":{"index":"index","follow":"follow","max-snippet":"max-snippet:-1","max-image-preview":"max-image-preview:large","max-video-preview":"max-video-preview:-1"},"canonical":"https:\/\/aivlisoft.net\/shop\/producto\/nox-semitorre-hummer-horus-argb-lighting\/","og_locale":"es_ES","og_type":"article","og_title":"NOX Semitorre Hummer Horus Argb Lighting - Aivlisoft Inform\u00e1tica","og_description":"Nox Hummer Horus es una semitorre de alto rendimiento, muy espaciosa, de acero SPCC y con panel frontal y lateral de cristal templado, lo que permite lucir una configuraci&oacute;n con la mejor iluminaci&oacute;n ARGB. Este potente chasis incluye, adem&aacute;s, cuatro ventiladores de 120 mm que te permiten mantener tus componentes a una temperatura baja. Dise&ntilde;o&hellip;&nbsp;NOX Semitorre Hummer Horus Argb Lighting","og_url":"https:\/\/aivlisoft.net\/shop\/producto\/nox-semitorre-hummer-horus-argb-lighting\/","og_site_name":"Aivlisoft Inform\u00e1tica","article_modified_time":"2025-01-14T11:07:37+00:00","og_image":[{"width":800,"height":800,"url":"https:\/\/aivlisoft.net\/shop\/wp-content\/uploads\/2025\/01\/ICACSM0681_800.jpg","type":"image\/jpeg"}],"twitter_card":"summary_large_image","twitter_misc":{"Tiempo de lectura":"4 minutos"},"schema":{"@context":"https:\/\/schema.org","@graph":[{"@type":"WebPage","@id":"https:\/\/aivlisoft.net\/shop\/producto\/nox-semitorre-hummer-horus-argb-lighting\/","url":"https:\/\/aivlisoft.net\/shop\/producto\/nox-semitorre-hummer-horus-argb-lighting\/","name":"NOX Semitorre Hummer Horus Argb Lighting - Aivlisoft Inform\u00e1tica","isPartOf":{"@id":"https:\/\/aivlisoft.net\/shop\/#website"},"primaryImageOfPage":{"@id":"https:\/\/aivlisoft.net\/shop\/producto\/nox-semitorre-hummer-horus-argb-lighting\/#primaryimage"},"image":{"@id":"https:\/\/aivlisoft.net\/shop\/producto\/nox-semitorre-hummer-horus-argb-lighting\/#primaryimage"},"thumbnailUrl":"https:\/\/aivlisoft.net\/shop\/wp-content\/uploads\/2025\/01\/ICACSM0681_800.jpg","datePublished":"2025-01-13T14:28:33+00:00","dateModified":"2025-01-14T11:07:37+00:00","breadcrumb":{"@id":"https:\/\/aivlisoft.net\/shop\/producto\/nox-semitorre-hummer-horus-argb-lighting\/#breadcrumb"},"inLanguage":"es","potentialAction":[{"@type":"ReadAction","target":["https:\/\/aivlisoft.net\/shop\/producto\/nox-semitorre-hummer-horus-argb-lighting\/"]}]},{"@type":"ImageObject","inLanguage":"es","@id":"https:\/\/aivlisoft.net\/shop\/producto\/nox-semitorre-hummer-horus-argb-lighting\/#primaryimage","url":"https:\/\/aivlisoft.net\/shop\/wp-content\/uploads\/2025\/01\/ICACSM0681_800.jpg","contentUrl":"https:\/\/aivlisoft.net\/shop\/wp-content\/uploads\/2025\/01\/ICACSM0681_800.jpg","width":800,"height":800},{"@type":"BreadcrumbList","@id":"https:\/\/aivlisoft.net\/shop\/producto\/nox-semitorre-hummer-horus-argb-lighting\/#breadcrumb","itemListElement":[{"@type":"ListItem","position":1,"name":"Portada","item":"https:\/\/aivlisoft.net\/shop\/"},{"@type":"ListItem","position":2,"name":"Tienda","item":"https:\/\/aivlisoft.net\/shop\/tienda\/"},{"@type":"ListItem","position":3,"name":"NOX Semitorre Hummer Horus Argb Lighting"}]},{"@type":"WebSite","@id":"https:\/\/aivlisoft.net\/shop\/#website","url":"https:\/\/aivlisoft.net\/shop\/","name":"Aivlisoft Inform\u00e1tica","description":"En Aivlisoft Inform\u00e1tica ofrecemos soluciones tecnol\u00f3gicas para empresas: venta de ordenadores, consumibles, perif\u00e9ricos y m\u00e1s. Calidad, atenci\u00f3n personalizada y los mejores precios para tu negocio.","publisher":{"@id":"https:\/\/aivlisoft.net\/shop\/#organization"},"potentialAction":[{"@type":"SearchAction","target":{"@type":"EntryPoint","urlTemplate":"https:\/\/aivlisoft.net\/shop\/?s={search_term_string}"},"query-input":{"@type":"PropertyValueSpecification","valueRequired":true,"valueName":"search_term_string"}}],"inLanguage":"es"},{"@type":"Organization","@id":"https:\/\/aivlisoft.net\/shop\/#organization","name":"Aivlisoft Inform\u00e1tica","url":"https:\/\/aivlisoft.net\/shop\/","logo":{"@type":"ImageObject","inLanguage":"es","@id":"https:\/\/aivlisoft.net\/shop\/#\/schema\/logo\/image\/","url":"https:\/\/aivlisoft.net\/shop\/wp-content\/uploads\/2024\/12\/removal.ai_5b848c54-0cdf-4140-95c5-c5536bb7573b-logodef.png","contentUrl":"https:\/\/aivlisoft.net\/shop\/wp-content\/uploads\/2024\/12\/removal.ai_5b848c54-0cdf-4140-95c5-c5536bb7573b-logodef.png","width":484,"height":182,"caption":"Aivlisoft Inform\u00e1tica"},"image":{"@id":"https:\/\/aivlisoft.net\/shop\/#\/schema\/logo\/image\/"}}]}},"_links":{"self":[{"href":"https:\/\/aivlisoft.net\/shop\/wp-json\/wp\/v2\/product\/12965","targetHints":{"allow":["GET"]}}],"collection":[{"href":"https:\/\/aivlisoft.net\/shop\/wp-json\/wp\/v2\/product"}],"about":[{"href":"https:\/\/aivlisoft.net\/shop\/wp-json\/wp\/v2\/types\/product"}],"wp:featuredmedia":[{"embeddable":true,"href":"https:\/\/aivlisoft.net\/shop\/wp-json\/wp\/v2\/media\/12966"}],"wp:attachment":[{"href":"https:\/\/aivlisoft.net\/shop\/wp-json\/wp\/v2\/media?parent=12965"}],"wp:term":[{"taxonomy":"product_brand","embeddable":true,"href":"https:\/\/aivlisoft.net\/shop\/wp-json\/wp\/v2\/product_brand?post=12965"},{"taxonomy":"product_cat","embeddable":true,"href":"https:\/\/aivlisoft.net\/shop\/wp-json\/wp\/v2\/product_cat?post=12965"},{"taxonomy":"product_tag","embeddable":true,"href":"https:\/\/aivlisoft.net\/shop\/wp-json\/wp\/v2\/product_tag?post=12965"}],"curies":[{"name":"wp","href":"https:\/\/api.w.org\/{rel}","templated":true}]}}