{"id":12874,"date":"2025-01-13T14:27:44","date_gmt":"2025-01-13T14:27:44","guid":{"rendered":"https:\/\/aivlisoft.com\/?post_type=product&#038;p=12874"},"modified":"2025-01-14T11:07:16","modified_gmt":"2025-01-14T11:07:16","slug":"nox-caja-semitorre-atx-kore-usb-3-0-negra","status":"publish","type":"product","link":"https:\/\/aivlisoft.net\/shop\/producto\/nox-caja-semitorre-atx-kore-usb-3-0-negra\/","title":{"rendered":"NOX Caja Semitorre ATX KORE USB 3.0 Negra"},"content":{"rendered":"<p><\/p>\n<table class=\"tabla_caracteristicas\" width=\"100%\">\n<tr>\n<td valign=\"top\"><strong>Marca<\/strong><\/td>\n<td>NOX<\/td>\n<\/tr>\n<tr>\n<td valign=\"top\"><strong>Modelo<\/strong><\/td>\n<td>\n<div><strong>NXKORE<\/strong><\/div>\n<\/td>\n<\/tr>\n<tr>\n<td valign=\"top\"><strong>Tipo<\/strong><\/td>\n<td valign=\"top\">\n<div>Semitorre<\/div>\n<\/td>\n<\/tr>\n<tr>\n<td valign=\"top\"><strong>Bah&iacute;as <\/strong><\/td>\n<td>\n<div>&#8211; Bah&iacute;as externas: 1 x bah&iacute;a&nbsp; 5.25\u00bb o 1 x bah&iacute;a de&nbsp; 3.5&#8243;<br \/>\t\t\t&#8211; Bah&iacute;as internas: 3 x 3.5\u00bb y 3 x 2.5\u00bb<\/div>\n<\/td>\n<\/tr>\n<tr>\n<td valign=\"top\"><strong>Otras caracter&iacute;sticas<\/strong><\/td>\n<td>\n<div>&#8211; Placa base ATX \/ micro ATX<\/div>\n<div>&#8211; Espacio Cooler CPU: 165 mm (altura)<br \/>\t\t\t&#8211; VGA: 355 mm (longitud)<br \/>\t\t\t&#8211; Fuente alimentaci&oacute;n Est&aacute;ndar ATX (no incluida)<\/div>\n<div><strong>Material<\/strong><\/div>\n<div>&#8211; Chasis de acero SPCC<br \/>\t\t\t&#8211; Pl&aacute;stico ABS<\/div>\n<div><strong>Expansion<\/strong><br \/>\t\t\t&#8211; Slots Expansi&oacute;n: 7<\/div>\n<div><strong>Dise&ntilde;o<\/strong><br \/>\t\t\t&#8211; Color: Negro<\/div>\n<div><strong>Puertos<\/strong><\/div>\n<div>&#8211; 1 x USB 3.0<br \/>\t\t\t&#8211; 2 x USB 2.0<br \/>\t\t\t&#8211; 1 x HD audio<br \/>\t\t\t&#8211; 1 x mic<\/div>\n<div>\n<div><strong>Sistema Ventilaci&oacute;n<\/strong><\/div>\n<div>&#8211; Frontal: 1x 120 mm (no incluido)<br \/>\t\t\t&#8211; Trasero:1x 80\/120 mm (no incluido)<br \/>\t\t\t&#8211; Lateral: 1x 120\/140 mm (no incluido)<\/div>\n<div><strong>Prestaciones<\/strong><br \/>\t\t\t&#8211; USB 3.0 de alta velocidad<br \/>\t\t\t&#8211; Frontal efecto metal cepillado<br \/>\t\t\t&#8211; Compatible con placas base ATX y micro ATX<br \/>\t\t\t&#8211; Espacio para instalar hasta 3 ventiladores<br \/>\t\t\t&#8211; Compatible con gr&aacute;ficas de 355 mm de longitud<br \/>\t\t\t&#8211; Hasta 6 discos duros<br \/>\t\t\t<strong>Dimensiones y peso<\/strong><br \/>\t\t\t&#8211; 200 x 414 x 415 mm (An x Al x Pr)<br \/>\t\t\t&#8211; 3 Kg<\/div>\n<\/p><\/div>\n<\/td>\n<\/tr>\n<tr>\n<td valign=\"top\"><strong>Fecha Revisi&oacute;n<\/strong><\/td>\n<td>21-06-2023 por RTY<\/td>\n<\/tr>\n<\/table>\n","protected":false},"excerpt":{"rendered":"<p>Marca NOX Modelo NXKORE Tipo Semitorre Bah&iacute;as &#8211; Bah&iacute;as externas: 1 x bah&iacute;a&nbsp; 5.25\u00bb o 1 x bah&iacute;a de&nbsp; 3.5&#8243; &#8211; Bah&iacute;as internas: 3 x 3.5\u00bb y 3 x 2.5\u00bb Otras caracter&iacute;sticas &#8211; Placa base ATX \/ micro ATX &#8211; Espacio Cooler CPU: 165 mm (altura) &#8211; VGA: 355 mm (longitud) &#8211; Fuente alimentaci&oacute;n Est&aacute;ndar&hellip;&nbsp;<a href=\"https:\/\/aivlisoft.net\/shop\/producto\/nox-caja-semitorre-atx-kore-usb-3-0-negra\/\" rel=\"bookmark\"><span class=\"screen-reader-text\">NOX Caja Semitorre ATX KORE USB 3.0 Negra<\/span><\/a><\/p>\n","protected":false},"featured_media":12875,"template":"","meta":{"neve_meta_sidebar":"","neve_meta_container":"","neve_meta_enable_content_width":"","neve_meta_content_width":0,"neve_meta_title_alignment":"","neve_meta_author_avatar":"","neve_post_elements_order":"","neve_meta_disable_header":"","neve_meta_disable_footer":"","neve_meta_disable_title":""},"product_brand":[],"product_cat":[8729],"product_tag":[5015],"class_list":{"0":"post-12874","1":"product","2":"type-product","3":"status-publish","4":"has-post-thumbnail","6":"product_cat-semitorre-y-miditorre","7":"product_tag-nxkore","9":"first","10":"instock","11":"taxable","12":"shipping-taxable","13":"purchasable","14":"product-type-simple"},"yoast_head":"<!-- This site is optimized with the Yoast SEO plugin v26.0 - https:\/\/yoast.com\/wordpress\/plugins\/seo\/ -->\n<title>NOX Caja Semitorre ATX KORE USB 3.0 Negra - Aivlisoft Inform\u00e1tica<\/title>\n<meta name=\"robots\" content=\"index, follow, max-snippet:-1, max-image-preview:large, max-video-preview:-1\" \/>\n<link rel=\"canonical\" href=\"https:\/\/aivlisoft.net\/shop\/producto\/nox-caja-semitorre-atx-kore-usb-3-0-negra\/\" \/>\n<meta property=\"og:locale\" content=\"es_ES\" \/>\n<meta property=\"og:type\" content=\"article\" \/>\n<meta property=\"og:title\" content=\"NOX Caja Semitorre ATX KORE USB 3.0 Negra - Aivlisoft Inform\u00e1tica\" \/>\n<meta property=\"og:description\" content=\"Marca NOX Modelo NXKORE Tipo Semitorre Bah&iacute;as &#8211; Bah&iacute;as externas: 1 x bah&iacute;a&nbsp; 5.25\u00bb o 1 x bah&iacute;a de&nbsp; 3.5&#8243; &#8211; Bah&iacute;as internas: 3 x 3.5\u00bb y 3 x 2.5\u00bb Otras caracter&iacute;sticas &#8211; Placa base ATX \/ micro ATX &#8211; Espacio Cooler CPU: 165 mm (altura) &#8211; VGA: 355 mm (longitud) &#8211; Fuente alimentaci&oacute;n Est&aacute;ndar&hellip;&nbsp;NOX Caja Semitorre ATX KORE USB 3.0 Negra\" \/>\n<meta property=\"og:url\" content=\"https:\/\/aivlisoft.net\/shop\/producto\/nox-caja-semitorre-atx-kore-usb-3-0-negra\/\" \/>\n<meta property=\"og:site_name\" content=\"Aivlisoft Inform\u00e1tica\" \/>\n<meta property=\"article:modified_time\" content=\"2025-01-14T11:07:16+00:00\" \/>\n<meta property=\"og:image\" content=\"https:\/\/aivlisoft.net\/shop\/wp-content\/uploads\/2025\/01\/ICACSM0316_800.jpg\" \/>\n\t<meta property=\"og:image:width\" content=\"800\" \/>\n\t<meta property=\"og:image:height\" content=\"800\" \/>\n\t<meta property=\"og:image:type\" content=\"image\/jpeg\" \/>\n<meta name=\"twitter:card\" content=\"summary_large_image\" \/>\n<meta name=\"twitter:label1\" content=\"Tiempo de lectura\" \/>\n\t<meta name=\"twitter:data1\" content=\"1 minuto\" \/>\n<script type=\"application\/ld+json\" class=\"yoast-schema-graph\">{\"@context\":\"https:\/\/schema.org\",\"@graph\":[{\"@type\":\"WebPage\",\"@id\":\"https:\/\/aivlisoft.net\/shop\/producto\/nox-caja-semitorre-atx-kore-usb-3-0-negra\/\",\"url\":\"https:\/\/aivlisoft.net\/shop\/producto\/nox-caja-semitorre-atx-kore-usb-3-0-negra\/\",\"name\":\"NOX Caja Semitorre ATX KORE USB 3.0 Negra - Aivlisoft Inform\u00e1tica\",\"isPartOf\":{\"@id\":\"https:\/\/aivlisoft.net\/shop\/#website\"},\"primaryImageOfPage\":{\"@id\":\"https:\/\/aivlisoft.net\/shop\/producto\/nox-caja-semitorre-atx-kore-usb-3-0-negra\/#primaryimage\"},\"image\":{\"@id\":\"https:\/\/aivlisoft.net\/shop\/producto\/nox-caja-semitorre-atx-kore-usb-3-0-negra\/#primaryimage\"},\"thumbnailUrl\":\"https:\/\/aivlisoft.net\/shop\/wp-content\/uploads\/2025\/01\/ICACSM0316_800.jpg\",\"datePublished\":\"2025-01-13T14:27:44+00:00\",\"dateModified\":\"2025-01-14T11:07:16+00:00\",\"breadcrumb\":{\"@id\":\"https:\/\/aivlisoft.net\/shop\/producto\/nox-caja-semitorre-atx-kore-usb-3-0-negra\/#breadcrumb\"},\"inLanguage\":\"es\",\"potentialAction\":[{\"@type\":\"ReadAction\",\"target\":[\"https:\/\/aivlisoft.net\/shop\/producto\/nox-caja-semitorre-atx-kore-usb-3-0-negra\/\"]}]},{\"@type\":\"ImageObject\",\"inLanguage\":\"es\",\"@id\":\"https:\/\/aivlisoft.net\/shop\/producto\/nox-caja-semitorre-atx-kore-usb-3-0-negra\/#primaryimage\",\"url\":\"https:\/\/aivlisoft.net\/shop\/wp-content\/uploads\/2025\/01\/ICACSM0316_800.jpg\",\"contentUrl\":\"https:\/\/aivlisoft.net\/shop\/wp-content\/uploads\/2025\/01\/ICACSM0316_800.jpg\",\"width\":800,\"height\":800},{\"@type\":\"BreadcrumbList\",\"@id\":\"https:\/\/aivlisoft.net\/shop\/producto\/nox-caja-semitorre-atx-kore-usb-3-0-negra\/#breadcrumb\",\"itemListElement\":[{\"@type\":\"ListItem\",\"position\":1,\"name\":\"Portada\",\"item\":\"https:\/\/aivlisoft.net\/shop\/\"},{\"@type\":\"ListItem\",\"position\":2,\"name\":\"Tienda\",\"item\":\"https:\/\/aivlisoft.net\/shop\/tienda\/\"},{\"@type\":\"ListItem\",\"position\":3,\"name\":\"NOX Caja Semitorre ATX KORE USB 3.0 Negra\"}]},{\"@type\":\"WebSite\",\"@id\":\"https:\/\/aivlisoft.net\/shop\/#website\",\"url\":\"https:\/\/aivlisoft.net\/shop\/\",\"name\":\"Aivlisoft Inform\u00e1tica\",\"description\":\"En Aivlisoft Inform\u00e1tica ofrecemos soluciones tecnol\u00f3gicas para empresas: venta de ordenadores, consumibles, perif\u00e9ricos y m\u00e1s. Calidad, atenci\u00f3n personalizada y los mejores precios para tu negocio.\",\"publisher\":{\"@id\":\"https:\/\/aivlisoft.net\/shop\/#organization\"},\"potentialAction\":[{\"@type\":\"SearchAction\",\"target\":{\"@type\":\"EntryPoint\",\"urlTemplate\":\"https:\/\/aivlisoft.net\/shop\/?s={search_term_string}\"},\"query-input\":{\"@type\":\"PropertyValueSpecification\",\"valueRequired\":true,\"valueName\":\"search_term_string\"}}],\"inLanguage\":\"es\"},{\"@type\":\"Organization\",\"@id\":\"https:\/\/aivlisoft.net\/shop\/#organization\",\"name\":\"Aivlisoft Inform\u00e1tica\",\"url\":\"https:\/\/aivlisoft.net\/shop\/\",\"logo\":{\"@type\":\"ImageObject\",\"inLanguage\":\"es\",\"@id\":\"https:\/\/aivlisoft.net\/shop\/#\/schema\/logo\/image\/\",\"url\":\"https:\/\/aivlisoft.net\/shop\/wp-content\/uploads\/2024\/12\/removal.ai_5b848c54-0cdf-4140-95c5-c5536bb7573b-logodef.png\",\"contentUrl\":\"https:\/\/aivlisoft.net\/shop\/wp-content\/uploads\/2024\/12\/removal.ai_5b848c54-0cdf-4140-95c5-c5536bb7573b-logodef.png\",\"width\":484,\"height\":182,\"caption\":\"Aivlisoft Inform\u00e1tica\"},\"image\":{\"@id\":\"https:\/\/aivlisoft.net\/shop\/#\/schema\/logo\/image\/\"}}]}<\/script>\n<!-- \/ Yoast SEO plugin. -->","yoast_head_json":{"title":"NOX Caja Semitorre ATX KORE USB 3.0 Negra - Aivlisoft Inform\u00e1tica","robots":{"index":"index","follow":"follow","max-snippet":"max-snippet:-1","max-image-preview":"max-image-preview:large","max-video-preview":"max-video-preview:-1"},"canonical":"https:\/\/aivlisoft.net\/shop\/producto\/nox-caja-semitorre-atx-kore-usb-3-0-negra\/","og_locale":"es_ES","og_type":"article","og_title":"NOX Caja Semitorre ATX KORE USB 3.0 Negra - Aivlisoft Inform\u00e1tica","og_description":"Marca NOX Modelo NXKORE Tipo Semitorre Bah&iacute;as &#8211; Bah&iacute;as externas: 1 x bah&iacute;a&nbsp; 5.25\u00bb o 1 x bah&iacute;a de&nbsp; 3.5&#8243; &#8211; Bah&iacute;as internas: 3 x 3.5\u00bb y 3 x 2.5\u00bb Otras caracter&iacute;sticas &#8211; Placa base ATX \/ micro ATX &#8211; Espacio Cooler CPU: 165 mm (altura) &#8211; VGA: 355 mm (longitud) &#8211; Fuente alimentaci&oacute;n Est&aacute;ndar&hellip;&nbsp;NOX Caja Semitorre ATX KORE USB 3.0 Negra","og_url":"https:\/\/aivlisoft.net\/shop\/producto\/nox-caja-semitorre-atx-kore-usb-3-0-negra\/","og_site_name":"Aivlisoft Inform\u00e1tica","article_modified_time":"2025-01-14T11:07:16+00:00","og_image":[{"width":800,"height":800,"url":"https:\/\/aivlisoft.net\/shop\/wp-content\/uploads\/2025\/01\/ICACSM0316_800.jpg","type":"image\/jpeg"}],"twitter_card":"summary_large_image","twitter_misc":{"Tiempo de lectura":"1 minuto"},"schema":{"@context":"https:\/\/schema.org","@graph":[{"@type":"WebPage","@id":"https:\/\/aivlisoft.net\/shop\/producto\/nox-caja-semitorre-atx-kore-usb-3-0-negra\/","url":"https:\/\/aivlisoft.net\/shop\/producto\/nox-caja-semitorre-atx-kore-usb-3-0-negra\/","name":"NOX Caja Semitorre ATX KORE USB 3.0 Negra - Aivlisoft Inform\u00e1tica","isPartOf":{"@id":"https:\/\/aivlisoft.net\/shop\/#website"},"primaryImageOfPage":{"@id":"https:\/\/aivlisoft.net\/shop\/producto\/nox-caja-semitorre-atx-kore-usb-3-0-negra\/#primaryimage"},"image":{"@id":"https:\/\/aivlisoft.net\/shop\/producto\/nox-caja-semitorre-atx-kore-usb-3-0-negra\/#primaryimage"},"thumbnailUrl":"https:\/\/aivlisoft.net\/shop\/wp-content\/uploads\/2025\/01\/ICACSM0316_800.jpg","datePublished":"2025-01-13T14:27:44+00:00","dateModified":"2025-01-14T11:07:16+00:00","breadcrumb":{"@id":"https:\/\/aivlisoft.net\/shop\/producto\/nox-caja-semitorre-atx-kore-usb-3-0-negra\/#breadcrumb"},"inLanguage":"es","potentialAction":[{"@type":"ReadAction","target":["https:\/\/aivlisoft.net\/shop\/producto\/nox-caja-semitorre-atx-kore-usb-3-0-negra\/"]}]},{"@type":"ImageObject","inLanguage":"es","@id":"https:\/\/aivlisoft.net\/shop\/producto\/nox-caja-semitorre-atx-kore-usb-3-0-negra\/#primaryimage","url":"https:\/\/aivlisoft.net\/shop\/wp-content\/uploads\/2025\/01\/ICACSM0316_800.jpg","contentUrl":"https:\/\/aivlisoft.net\/shop\/wp-content\/uploads\/2025\/01\/ICACSM0316_800.jpg","width":800,"height":800},{"@type":"BreadcrumbList","@id":"https:\/\/aivlisoft.net\/shop\/producto\/nox-caja-semitorre-atx-kore-usb-3-0-negra\/#breadcrumb","itemListElement":[{"@type":"ListItem","position":1,"name":"Portada","item":"https:\/\/aivlisoft.net\/shop\/"},{"@type":"ListItem","position":2,"name":"Tienda","item":"https:\/\/aivlisoft.net\/shop\/tienda\/"},{"@type":"ListItem","position":3,"name":"NOX Caja Semitorre ATX KORE USB 3.0 Negra"}]},{"@type":"WebSite","@id":"https:\/\/aivlisoft.net\/shop\/#website","url":"https:\/\/aivlisoft.net\/shop\/","name":"Aivlisoft Inform\u00e1tica","description":"En Aivlisoft Inform\u00e1tica ofrecemos soluciones tecnol\u00f3gicas para empresas: venta de ordenadores, consumibles, perif\u00e9ricos y m\u00e1s. Calidad, atenci\u00f3n personalizada y los mejores precios para tu negocio.","publisher":{"@id":"https:\/\/aivlisoft.net\/shop\/#organization"},"potentialAction":[{"@type":"SearchAction","target":{"@type":"EntryPoint","urlTemplate":"https:\/\/aivlisoft.net\/shop\/?s={search_term_string}"},"query-input":{"@type":"PropertyValueSpecification","valueRequired":true,"valueName":"search_term_string"}}],"inLanguage":"es"},{"@type":"Organization","@id":"https:\/\/aivlisoft.net\/shop\/#organization","name":"Aivlisoft Inform\u00e1tica","url":"https:\/\/aivlisoft.net\/shop\/","logo":{"@type":"ImageObject","inLanguage":"es","@id":"https:\/\/aivlisoft.net\/shop\/#\/schema\/logo\/image\/","url":"https:\/\/aivlisoft.net\/shop\/wp-content\/uploads\/2024\/12\/removal.ai_5b848c54-0cdf-4140-95c5-c5536bb7573b-logodef.png","contentUrl":"https:\/\/aivlisoft.net\/shop\/wp-content\/uploads\/2024\/12\/removal.ai_5b848c54-0cdf-4140-95c5-c5536bb7573b-logodef.png","width":484,"height":182,"caption":"Aivlisoft Inform\u00e1tica"},"image":{"@id":"https:\/\/aivlisoft.net\/shop\/#\/schema\/logo\/image\/"}}]}},"_links":{"self":[{"href":"https:\/\/aivlisoft.net\/shop\/wp-json\/wp\/v2\/product\/12874","targetHints":{"allow":["GET"]}}],"collection":[{"href":"https:\/\/aivlisoft.net\/shop\/wp-json\/wp\/v2\/product"}],"about":[{"href":"https:\/\/aivlisoft.net\/shop\/wp-json\/wp\/v2\/types\/product"}],"wp:featuredmedia":[{"embeddable":true,"href":"https:\/\/aivlisoft.net\/shop\/wp-json\/wp\/v2\/media\/12875"}],"wp:attachment":[{"href":"https:\/\/aivlisoft.net\/shop\/wp-json\/wp\/v2\/media?parent=12874"}],"wp:term":[{"taxonomy":"product_brand","embeddable":true,"href":"https:\/\/aivlisoft.net\/shop\/wp-json\/wp\/v2\/product_brand?post=12874"},{"taxonomy":"product_cat","embeddable":true,"href":"https:\/\/aivlisoft.net\/shop\/wp-json\/wp\/v2\/product_cat?post=12874"},{"taxonomy":"product_tag","embeddable":true,"href":"https:\/\/aivlisoft.net\/shop\/wp-json\/wp\/v2\/product_tag?post=12874"}],"curies":[{"name":"wp","href":"https:\/\/api.w.org\/{rel}","templated":true}]}}