{"id":12823,"date":"2025-01-13T14:27:11","date_gmt":"2025-01-13T14:27:11","guid":{"rendered":"https:\/\/aivlisoft.com\/?post_type=product&#038;p=12823"},"modified":"2025-01-14T11:06:49","modified_gmt":"2025-01-14T11:06:49","slug":"cougar-caja-uniface-mini-rgb-black","status":"publish","type":"product","link":"https:\/\/aivlisoft.net\/shop\/producto\/cougar-caja-uniface-mini-rgb-black\/","title":{"rendered":"Cougar Caja Uniface Mini Rgb Black"},"content":{"rendered":"<p><\/p>\n<table class=\"tabla_caracteristicas\" width=\"100%\">\n<tr>\n<td valign=\"top\"><strong>Marca<\/strong><\/td>\n<td>Cougar<\/td>\n<\/tr>\n<tr>\n<td valign=\"top\"><strong>Modelo<\/strong><\/td>\n<td><strong>3855C90.0003<\/strong><\/td>\n<\/tr>\n<tr>\n<td valign=\"top\"><strong>Caracter&iacute;sticas<\/strong><\/td>\n<td>&#8211; Factor de forma de la caja: Mini Torre<br \/>\t\t\t&#8211; Tipo de placa base: Mini ITX \/ Micro ATX<br \/>\t\t\t* E-ATX de hasta 277 mm de ancho.<br \/>\t\t\t&#8211; Panel I\/O:<br \/>\t\t\t&nbsp; 2 x USB 3.0<br \/>\t\t\t&nbsp; 1 x USB 2.0<br \/>\t\t\t&nbsp; 1 x Mic<br \/>\t\t\t&nbsp; 1 x Audio<br \/>\t\t\t&nbsp; RGB bot&oacute;n<br \/>\t\t\t&#8211; Bah&iacute;a de unidad de 3,5&#8243;: 2<br \/>\t\t\t&#8211; Bah&iacute;a de unidad de 2,5&#8243;: 2+2 (converted from 3.5&#8243; drive bays)<br \/>\t\t\t&#8211; Expansion Slots: 4<br \/>\t\t\t&#8211; Soporte del ventilador de refrigeraci&oacute;n:<br \/>\t\t\t&nbsp; Frontal: 3 x 120 mm \/ 2 x 140 mm<br \/>\t\t\t&nbsp; Superior: 2 x 120 mm \/ 2 x 120 mm<br \/>\t\t\t&nbsp; Trasero: 1 x 120 mm<br \/>\t\t\t&#8211; Ventiladores preinstalados:<br \/>\t\t\t&nbsp; Frontal: 2 x ventiladores 140mm ARGB<br \/>\t\t\t&nbsp; Trasero: 1 x ventilador 120 mm ARGB<br \/>\t\t\t&nbsp; Velocidad:<br \/>\t\t\t&nbsp; 140mm ARGB fan: 1000 &plusmn; 10% RPM<br \/>\t\t\t&nbsp; 120mm ARGB fan: 1200 &plusmn; 10% RPM<br \/>\t\t\t&nbsp; Conector: 5V 3 Pin (ARGB) \/ 3 Pin (Fan)<br \/>\t\t\t&#8211; N&uacute;mero m&aacute;ximo de ventiladores: 6<br \/>\t\t\t&#8211; Soporte de refrigeraci&oacute;n por agua:<br \/>\t\t\t&nbsp; Frontal: 280 mm \/ 240 mm \/ 140 mm \/ 120 mm<br \/>\t\t\t&nbsp; Superior: 240 mm\/120 mm (al instalar el radiador superior, la limitaci&oacute;n de altura de RAM es de 45 mm)<br \/>\t\t\t&nbsp; Trasero: 120mm<br \/>\t\t\t&#8211; Concentrador de sincronizaci&oacute;n RGB con M\/B<br \/>\t\t\t&#8211; M&aacute;x. Longitud de la tarjeta gr&aacute;fica: 340 mm<br \/>\t\t\t&#8211; M&aacute;x. Altura del enfriador de CPU: 160 mm<br \/>\t\t\t&#8211; M&aacute;x. Longitud de la fuente de alimentaci&oacute;n: 160 mm<br \/>\t\t\t&#8211; Dimensiones:&nbsp; 340 x 160 x 160 mm<\/td>\n<\/tr>\n<tr>\n<td valign=\"top\"><strong>Fecha de revisi&oacute;n<\/strong><\/td>\n<td>13-08-2024 por RTY<\/td>\n<\/tr>\n<\/table>\n","protected":false},"excerpt":{"rendered":"<p>Marca Cougar Modelo 3855C90.0003 Caracter&iacute;sticas &#8211; Factor de forma de la caja: Mini Torre &#8211; Tipo de placa base: Mini ITX \/ Micro ATX * E-ATX de hasta 277 mm de ancho. &#8211; Panel I\/O: &nbsp; 2 x USB 3.0 &nbsp; 1 x USB 2.0 &nbsp; 1 x Mic &nbsp; 1 x Audio &nbsp; RGB&hellip;&nbsp;<a href=\"https:\/\/aivlisoft.net\/shop\/producto\/cougar-caja-uniface-mini-rgb-black\/\" rel=\"bookmark\"><span class=\"screen-reader-text\">Cougar Caja Uniface Mini Rgb Black<\/span><\/a><\/p>\n","protected":false},"featured_media":12824,"template":"","meta":{"neve_meta_sidebar":"","neve_meta_container":"","neve_meta_enable_content_width":"","neve_meta_content_width":0,"neve_meta_title_alignment":"","neve_meta_author_avatar":"","neve_post_elements_order":"","neve_meta_disable_header":"","neve_meta_disable_footer":"","neve_meta_disable_title":""},"product_brand":[],"product_cat":[8728],"product_tag":[4988],"class_list":{"0":"post-12823","1":"product","2":"type-product","3":"status-publish","4":"has-post-thumbnail","6":"product_cat-minitorre-y-microtorre","7":"product_tag-3855c90-0003","9":"first","10":"instock","11":"taxable","12":"shipping-taxable","13":"purchasable","14":"product-type-simple"},"yoast_head":"<!-- This site is optimized with the Yoast SEO plugin v26.0 - https:\/\/yoast.com\/wordpress\/plugins\/seo\/ -->\n<title>Cougar Caja Uniface Mini Rgb Black - Aivlisoft Inform\u00e1tica<\/title>\n<meta name=\"robots\" content=\"index, follow, max-snippet:-1, max-image-preview:large, max-video-preview:-1\" \/>\n<link rel=\"canonical\" href=\"https:\/\/aivlisoft.net\/shop\/producto\/cougar-caja-uniface-mini-rgb-black\/\" \/>\n<meta property=\"og:locale\" content=\"es_ES\" \/>\n<meta property=\"og:type\" content=\"article\" \/>\n<meta property=\"og:title\" content=\"Cougar Caja Uniface Mini Rgb Black - Aivlisoft Inform\u00e1tica\" \/>\n<meta property=\"og:description\" content=\"Marca Cougar Modelo 3855C90.0003 Caracter&iacute;sticas &#8211; Factor de forma de la caja: Mini Torre &#8211; Tipo de placa base: Mini ITX \/ Micro ATX * E-ATX de hasta 277 mm de ancho. &#8211; Panel I\/O: &nbsp; 2 x USB 3.0 &nbsp; 1 x USB 2.0 &nbsp; 1 x Mic &nbsp; 1 x Audio &nbsp; RGB&hellip;&nbsp;Cougar Caja Uniface Mini Rgb Black\" \/>\n<meta property=\"og:url\" content=\"https:\/\/aivlisoft.net\/shop\/producto\/cougar-caja-uniface-mini-rgb-black\/\" \/>\n<meta property=\"og:site_name\" content=\"Aivlisoft Inform\u00e1tica\" \/>\n<meta property=\"article:modified_time\" content=\"2025-01-14T11:06:49+00:00\" \/>\n<meta property=\"og:image\" content=\"https:\/\/aivlisoft.net\/shop\/wp-content\/uploads\/2025\/01\/ICACMM0302_800.jpg\" \/>\n\t<meta property=\"og:image:width\" content=\"800\" \/>\n\t<meta property=\"og:image:height\" content=\"800\" \/>\n\t<meta property=\"og:image:type\" content=\"image\/jpeg\" \/>\n<meta name=\"twitter:card\" content=\"summary_large_image\" \/>\n<meta name=\"twitter:label1\" content=\"Tiempo de lectura\" \/>\n\t<meta name=\"twitter:data1\" content=\"1 minuto\" \/>\n<script type=\"application\/ld+json\" class=\"yoast-schema-graph\">{\"@context\":\"https:\/\/schema.org\",\"@graph\":[{\"@type\":\"WebPage\",\"@id\":\"https:\/\/aivlisoft.net\/shop\/producto\/cougar-caja-uniface-mini-rgb-black\/\",\"url\":\"https:\/\/aivlisoft.net\/shop\/producto\/cougar-caja-uniface-mini-rgb-black\/\",\"name\":\"Cougar Caja Uniface Mini Rgb Black - Aivlisoft Inform\u00e1tica\",\"isPartOf\":{\"@id\":\"https:\/\/aivlisoft.net\/shop\/#website\"},\"primaryImageOfPage\":{\"@id\":\"https:\/\/aivlisoft.net\/shop\/producto\/cougar-caja-uniface-mini-rgb-black\/#primaryimage\"},\"image\":{\"@id\":\"https:\/\/aivlisoft.net\/shop\/producto\/cougar-caja-uniface-mini-rgb-black\/#primaryimage\"},\"thumbnailUrl\":\"https:\/\/aivlisoft.net\/shop\/wp-content\/uploads\/2025\/01\/ICACMM0302_800.jpg\",\"datePublished\":\"2025-01-13T14:27:11+00:00\",\"dateModified\":\"2025-01-14T11:06:49+00:00\",\"breadcrumb\":{\"@id\":\"https:\/\/aivlisoft.net\/shop\/producto\/cougar-caja-uniface-mini-rgb-black\/#breadcrumb\"},\"inLanguage\":\"es\",\"potentialAction\":[{\"@type\":\"ReadAction\",\"target\":[\"https:\/\/aivlisoft.net\/shop\/producto\/cougar-caja-uniface-mini-rgb-black\/\"]}]},{\"@type\":\"ImageObject\",\"inLanguage\":\"es\",\"@id\":\"https:\/\/aivlisoft.net\/shop\/producto\/cougar-caja-uniface-mini-rgb-black\/#primaryimage\",\"url\":\"https:\/\/aivlisoft.net\/shop\/wp-content\/uploads\/2025\/01\/ICACMM0302_800.jpg\",\"contentUrl\":\"https:\/\/aivlisoft.net\/shop\/wp-content\/uploads\/2025\/01\/ICACMM0302_800.jpg\",\"width\":800,\"height\":800},{\"@type\":\"BreadcrumbList\",\"@id\":\"https:\/\/aivlisoft.net\/shop\/producto\/cougar-caja-uniface-mini-rgb-black\/#breadcrumb\",\"itemListElement\":[{\"@type\":\"ListItem\",\"position\":1,\"name\":\"Portada\",\"item\":\"https:\/\/aivlisoft.net\/shop\/\"},{\"@type\":\"ListItem\",\"position\":2,\"name\":\"Tienda\",\"item\":\"https:\/\/aivlisoft.net\/shop\/tienda\/\"},{\"@type\":\"ListItem\",\"position\":3,\"name\":\"Cougar Caja Uniface Mini Rgb Black\"}]},{\"@type\":\"WebSite\",\"@id\":\"https:\/\/aivlisoft.net\/shop\/#website\",\"url\":\"https:\/\/aivlisoft.net\/shop\/\",\"name\":\"Aivlisoft Inform\u00e1tica\",\"description\":\"En Aivlisoft Inform\u00e1tica ofrecemos soluciones tecnol\u00f3gicas para empresas: venta de ordenadores, consumibles, perif\u00e9ricos y m\u00e1s. Calidad, atenci\u00f3n personalizada y los mejores precios para tu negocio.\",\"publisher\":{\"@id\":\"https:\/\/aivlisoft.net\/shop\/#organization\"},\"potentialAction\":[{\"@type\":\"SearchAction\",\"target\":{\"@type\":\"EntryPoint\",\"urlTemplate\":\"https:\/\/aivlisoft.net\/shop\/?s={search_term_string}\"},\"query-input\":{\"@type\":\"PropertyValueSpecification\",\"valueRequired\":true,\"valueName\":\"search_term_string\"}}],\"inLanguage\":\"es\"},{\"@type\":\"Organization\",\"@id\":\"https:\/\/aivlisoft.net\/shop\/#organization\",\"name\":\"Aivlisoft Inform\u00e1tica\",\"url\":\"https:\/\/aivlisoft.net\/shop\/\",\"logo\":{\"@type\":\"ImageObject\",\"inLanguage\":\"es\",\"@id\":\"https:\/\/aivlisoft.net\/shop\/#\/schema\/logo\/image\/\",\"url\":\"https:\/\/aivlisoft.net\/shop\/wp-content\/uploads\/2024\/12\/removal.ai_5b848c54-0cdf-4140-95c5-c5536bb7573b-logodef.png\",\"contentUrl\":\"https:\/\/aivlisoft.net\/shop\/wp-content\/uploads\/2024\/12\/removal.ai_5b848c54-0cdf-4140-95c5-c5536bb7573b-logodef.png\",\"width\":484,\"height\":182,\"caption\":\"Aivlisoft Inform\u00e1tica\"},\"image\":{\"@id\":\"https:\/\/aivlisoft.net\/shop\/#\/schema\/logo\/image\/\"}}]}<\/script>\n<!-- \/ Yoast SEO plugin. -->","yoast_head_json":{"title":"Cougar Caja Uniface Mini Rgb Black - Aivlisoft Inform\u00e1tica","robots":{"index":"index","follow":"follow","max-snippet":"max-snippet:-1","max-image-preview":"max-image-preview:large","max-video-preview":"max-video-preview:-1"},"canonical":"https:\/\/aivlisoft.net\/shop\/producto\/cougar-caja-uniface-mini-rgb-black\/","og_locale":"es_ES","og_type":"article","og_title":"Cougar Caja Uniface Mini Rgb Black - Aivlisoft Inform\u00e1tica","og_description":"Marca Cougar Modelo 3855C90.0003 Caracter&iacute;sticas &#8211; Factor de forma de la caja: Mini Torre &#8211; Tipo de placa base: Mini ITX \/ Micro ATX * E-ATX de hasta 277 mm de ancho. &#8211; Panel I\/O: &nbsp; 2 x USB 3.0 &nbsp; 1 x USB 2.0 &nbsp; 1 x Mic &nbsp; 1 x Audio &nbsp; RGB&hellip;&nbsp;Cougar Caja Uniface Mini Rgb Black","og_url":"https:\/\/aivlisoft.net\/shop\/producto\/cougar-caja-uniface-mini-rgb-black\/","og_site_name":"Aivlisoft Inform\u00e1tica","article_modified_time":"2025-01-14T11:06:49+00:00","og_image":[{"width":800,"height":800,"url":"https:\/\/aivlisoft.net\/shop\/wp-content\/uploads\/2025\/01\/ICACMM0302_800.jpg","type":"image\/jpeg"}],"twitter_card":"summary_large_image","twitter_misc":{"Tiempo de lectura":"1 minuto"},"schema":{"@context":"https:\/\/schema.org","@graph":[{"@type":"WebPage","@id":"https:\/\/aivlisoft.net\/shop\/producto\/cougar-caja-uniface-mini-rgb-black\/","url":"https:\/\/aivlisoft.net\/shop\/producto\/cougar-caja-uniface-mini-rgb-black\/","name":"Cougar Caja Uniface Mini Rgb Black - Aivlisoft Inform\u00e1tica","isPartOf":{"@id":"https:\/\/aivlisoft.net\/shop\/#website"},"primaryImageOfPage":{"@id":"https:\/\/aivlisoft.net\/shop\/producto\/cougar-caja-uniface-mini-rgb-black\/#primaryimage"},"image":{"@id":"https:\/\/aivlisoft.net\/shop\/producto\/cougar-caja-uniface-mini-rgb-black\/#primaryimage"},"thumbnailUrl":"https:\/\/aivlisoft.net\/shop\/wp-content\/uploads\/2025\/01\/ICACMM0302_800.jpg","datePublished":"2025-01-13T14:27:11+00:00","dateModified":"2025-01-14T11:06:49+00:00","breadcrumb":{"@id":"https:\/\/aivlisoft.net\/shop\/producto\/cougar-caja-uniface-mini-rgb-black\/#breadcrumb"},"inLanguage":"es","potentialAction":[{"@type":"ReadAction","target":["https:\/\/aivlisoft.net\/shop\/producto\/cougar-caja-uniface-mini-rgb-black\/"]}]},{"@type":"ImageObject","inLanguage":"es","@id":"https:\/\/aivlisoft.net\/shop\/producto\/cougar-caja-uniface-mini-rgb-black\/#primaryimage","url":"https:\/\/aivlisoft.net\/shop\/wp-content\/uploads\/2025\/01\/ICACMM0302_800.jpg","contentUrl":"https:\/\/aivlisoft.net\/shop\/wp-content\/uploads\/2025\/01\/ICACMM0302_800.jpg","width":800,"height":800},{"@type":"BreadcrumbList","@id":"https:\/\/aivlisoft.net\/shop\/producto\/cougar-caja-uniface-mini-rgb-black\/#breadcrumb","itemListElement":[{"@type":"ListItem","position":1,"name":"Portada","item":"https:\/\/aivlisoft.net\/shop\/"},{"@type":"ListItem","position":2,"name":"Tienda","item":"https:\/\/aivlisoft.net\/shop\/tienda\/"},{"@type":"ListItem","position":3,"name":"Cougar Caja Uniface Mini Rgb Black"}]},{"@type":"WebSite","@id":"https:\/\/aivlisoft.net\/shop\/#website","url":"https:\/\/aivlisoft.net\/shop\/","name":"Aivlisoft Inform\u00e1tica","description":"En Aivlisoft Inform\u00e1tica ofrecemos soluciones tecnol\u00f3gicas para empresas: venta de ordenadores, consumibles, perif\u00e9ricos y m\u00e1s. Calidad, atenci\u00f3n personalizada y los mejores precios para tu negocio.","publisher":{"@id":"https:\/\/aivlisoft.net\/shop\/#organization"},"potentialAction":[{"@type":"SearchAction","target":{"@type":"EntryPoint","urlTemplate":"https:\/\/aivlisoft.net\/shop\/?s={search_term_string}"},"query-input":{"@type":"PropertyValueSpecification","valueRequired":true,"valueName":"search_term_string"}}],"inLanguage":"es"},{"@type":"Organization","@id":"https:\/\/aivlisoft.net\/shop\/#organization","name":"Aivlisoft Inform\u00e1tica","url":"https:\/\/aivlisoft.net\/shop\/","logo":{"@type":"ImageObject","inLanguage":"es","@id":"https:\/\/aivlisoft.net\/shop\/#\/schema\/logo\/image\/","url":"https:\/\/aivlisoft.net\/shop\/wp-content\/uploads\/2024\/12\/removal.ai_5b848c54-0cdf-4140-95c5-c5536bb7573b-logodef.png","contentUrl":"https:\/\/aivlisoft.net\/shop\/wp-content\/uploads\/2024\/12\/removal.ai_5b848c54-0cdf-4140-95c5-c5536bb7573b-logodef.png","width":484,"height":182,"caption":"Aivlisoft Inform\u00e1tica"},"image":{"@id":"https:\/\/aivlisoft.net\/shop\/#\/schema\/logo\/image\/"}}]}},"_links":{"self":[{"href":"https:\/\/aivlisoft.net\/shop\/wp-json\/wp\/v2\/product\/12823","targetHints":{"allow":["GET"]}}],"collection":[{"href":"https:\/\/aivlisoft.net\/shop\/wp-json\/wp\/v2\/product"}],"about":[{"href":"https:\/\/aivlisoft.net\/shop\/wp-json\/wp\/v2\/types\/product"}],"wp:featuredmedia":[{"embeddable":true,"href":"https:\/\/aivlisoft.net\/shop\/wp-json\/wp\/v2\/media\/12824"}],"wp:attachment":[{"href":"https:\/\/aivlisoft.net\/shop\/wp-json\/wp\/v2\/media?parent=12823"}],"wp:term":[{"taxonomy":"product_brand","embeddable":true,"href":"https:\/\/aivlisoft.net\/shop\/wp-json\/wp\/v2\/product_brand?post=12823"},{"taxonomy":"product_cat","embeddable":true,"href":"https:\/\/aivlisoft.net\/shop\/wp-json\/wp\/v2\/product_cat?post=12823"},{"taxonomy":"product_tag","embeddable":true,"href":"https:\/\/aivlisoft.net\/shop\/wp-json\/wp\/v2\/product_tag?post=12823"}],"curies":[{"name":"wp","href":"https:\/\/api.w.org\/{rel}","templated":true}]}}