{"id":12739,"date":"2025-01-13T14:26:27","date_gmt":"2025-01-13T14:26:27","guid":{"rendered":"https:\/\/aivlisoft.com\/?post_type=product&#038;p=12739"},"modified":"2025-01-14T11:06:23","modified_gmt":"2025-01-14T11:06:23","slug":"tacens-micro-atx-acm500-500w-psu","status":"publish","type":"product","link":"https:\/\/aivlisoft.net\/shop\/producto\/tacens-micro-atx-acm500-500w-psu\/","title":{"rendered":"TACENS Micro-atx ACM500 500w psu"},"content":{"rendered":"<p><\/p>\n<table class=\"tabla_caracteristicas k-table\" width=\"100%\">\n<tr>\n<td><strong>Marca<\/strong><\/td>\n<td>Tacens<\/td>\n<\/tr>\n<tr>\n<td><strong>Modelo<\/strong><\/td>\n<td><strong>ACM500<\/strong><\/td>\n<\/tr>\n<tr>\n<td><strong>Caracteristicas<\/strong><\/td>\n<td>&#8211; Caja Mini Torre<br \/>\t\t\t&#8211; Placas MicroATX \/ Mini-ITX<br \/>\t\t\t&#8211; Material: Panel frontal de aluminio pulido con acabado profesional en negro-<br \/>\t\t\t<strong>Conectividad<\/strong><br \/>\t\t\t&#8211; 1x USB 3.0<br \/>\t\t\t&#8211; 1x USB 2.0<br \/>\t\t\t&#8211; Audio y micr&oacute;fono<br \/>\t\t\t<strong>Bah&iacute;as internas<\/strong><br \/>\t\t\t&#8211; 1 x bah&iacute;a &oacute;ptica de 5.25&rdquo;<br \/>\t\t\t<strong>Bah&iacute;as externas<\/strong><br \/>\t\t\t&#8211; 2 x 2.5&rdquo; SSD<br \/>\t\t\t&#8211; 2 x 3.5&rdquo; HDD&nbsp;<br \/>\t\t\t&#8211; 1 x 5.25&rdquo;<br \/>\t\t\t<strong>Conectores<\/strong><br \/>\t\t\t&#8211; 1x ATX 20+4 pin<br \/>\t\t\t&#8211; 1x EPS 4+4 pin&nbsp;<br \/>\t\t\t&#8211; 3x SATA<br \/>\t\t\t&#8211; 2x PATA<br \/>\t\t\t<strong>Ventilaci&oacute;n<\/strong><br \/>\t\t\t&#8211; 2 x 12cm frontal<br \/>\t\t\t&#8211; 1 x 12cm lateral (opcional)<br \/>\t\t\t&#8211; 1 x 8cm trasero (opcional)<\/td>\n<\/tr>\n<tr>\n<td><strong>Otras caracter&iacute;sticas<\/strong><\/td>\n<td>&#8211; VGA max. 265mm<br \/>\t\t\t&#8211; CPU: 145mm<br \/>\t\t\t&#8211; Fuente de alimentaci&oacute;n: ATX 500W<br \/>\t\t\t<strong>Dimensiones y peso <\/strong><br \/>\t\t\t&#8211; 305x356x185mm<br \/>\t\t\t&#8211; 2,28kg<\/td>\n<\/tr>\n<tr>\n<td><strong>Fecha de revisi&oacute;n<\/strong><\/td>\n<td>18-04-2023 por HBG<\/td>\n<\/tr>\n<\/table>\n","protected":false},"excerpt":{"rendered":"<p>Marca Tacens Modelo ACM500 Caracteristicas &#8211; Caja Mini Torre &#8211; Placas MicroATX \/ Mini-ITX &#8211; Material: Panel frontal de aluminio pulido con acabado profesional en negro- Conectividad &#8211; 1x USB 3.0 &#8211; 1x USB 2.0 &#8211; Audio y micr&oacute;fono Bah&iacute;as internas &#8211; 1 x bah&iacute;a &oacute;ptica de 5.25&rdquo; Bah&iacute;as externas &#8211; 2 x 2.5&rdquo; SSD&hellip;&nbsp;<a href=\"https:\/\/aivlisoft.net\/shop\/producto\/tacens-micro-atx-acm500-500w-psu\/\" rel=\"bookmark\"><span class=\"screen-reader-text\">TACENS Micro-atx ACM500 500w psu<\/span><\/a><\/p>\n","protected":false},"featured_media":12740,"template":"","meta":{"neve_meta_sidebar":"","neve_meta_container":"","neve_meta_enable_content_width":"","neve_meta_content_width":0,"neve_meta_title_alignment":"","neve_meta_author_avatar":"","neve_post_elements_order":"","neve_meta_disable_header":"","neve_meta_disable_footer":"","neve_meta_disable_title":""},"product_brand":[],"product_cat":[8728],"product_tag":[4968],"class_list":{"0":"post-12739","1":"product","2":"type-product","3":"status-publish","4":"has-post-thumbnail","6":"product_cat-minitorre-y-microtorre","7":"product_tag-acm500","9":"first","10":"instock","11":"taxable","12":"shipping-taxable","13":"purchasable","14":"product-type-simple"},"yoast_head":"<!-- This site is optimized with the Yoast SEO plugin v26.0 - https:\/\/yoast.com\/wordpress\/plugins\/seo\/ -->\n<title>TACENS Micro-atx ACM500 500w psu - Aivlisoft Inform\u00e1tica<\/title>\n<meta name=\"robots\" content=\"index, follow, max-snippet:-1, max-image-preview:large, max-video-preview:-1\" \/>\n<link rel=\"canonical\" href=\"https:\/\/aivlisoft.net\/shop\/producto\/tacens-micro-atx-acm500-500w-psu\/\" \/>\n<meta property=\"og:locale\" content=\"es_ES\" \/>\n<meta property=\"og:type\" content=\"article\" \/>\n<meta property=\"og:title\" content=\"TACENS Micro-atx ACM500 500w psu - Aivlisoft Inform\u00e1tica\" \/>\n<meta property=\"og:description\" content=\"Marca Tacens Modelo ACM500 Caracteristicas &#8211; Caja Mini Torre &#8211; Placas MicroATX \/ Mini-ITX &#8211; Material: Panel frontal de aluminio pulido con acabado profesional en negro- Conectividad &#8211; 1x USB 3.0 &#8211; 1x USB 2.0 &#8211; Audio y micr&oacute;fono Bah&iacute;as internas &#8211; 1 x bah&iacute;a &oacute;ptica de 5.25&rdquo; Bah&iacute;as externas &#8211; 2 x 2.5&rdquo; SSD&hellip;&nbsp;TACENS Micro-atx ACM500 500w psu\" \/>\n<meta property=\"og:url\" content=\"https:\/\/aivlisoft.net\/shop\/producto\/tacens-micro-atx-acm500-500w-psu\/\" \/>\n<meta property=\"og:site_name\" content=\"Aivlisoft Inform\u00e1tica\" \/>\n<meta property=\"article:modified_time\" content=\"2025-01-14T11:06:23+00:00\" \/>\n<meta property=\"og:image\" content=\"https:\/\/aivlisoft.net\/shop\/wp-content\/uploads\/2025\/01\/ICACMM0272_800.jpg\" \/>\n\t<meta property=\"og:image:width\" content=\"800\" \/>\n\t<meta property=\"og:image:height\" content=\"800\" \/>\n\t<meta property=\"og:image:type\" content=\"image\/jpeg\" \/>\n<meta name=\"twitter:card\" content=\"summary_large_image\" \/>\n<meta name=\"twitter:label1\" content=\"Tiempo de lectura\" \/>\n\t<meta name=\"twitter:data1\" content=\"1 minuto\" \/>\n<script type=\"application\/ld+json\" class=\"yoast-schema-graph\">{\"@context\":\"https:\/\/schema.org\",\"@graph\":[{\"@type\":\"WebPage\",\"@id\":\"https:\/\/aivlisoft.net\/shop\/producto\/tacens-micro-atx-acm500-500w-psu\/\",\"url\":\"https:\/\/aivlisoft.net\/shop\/producto\/tacens-micro-atx-acm500-500w-psu\/\",\"name\":\"TACENS Micro-atx ACM500 500w psu - Aivlisoft Inform\u00e1tica\",\"isPartOf\":{\"@id\":\"https:\/\/aivlisoft.net\/shop\/#website\"},\"primaryImageOfPage\":{\"@id\":\"https:\/\/aivlisoft.net\/shop\/producto\/tacens-micro-atx-acm500-500w-psu\/#primaryimage\"},\"image\":{\"@id\":\"https:\/\/aivlisoft.net\/shop\/producto\/tacens-micro-atx-acm500-500w-psu\/#primaryimage\"},\"thumbnailUrl\":\"https:\/\/aivlisoft.net\/shop\/wp-content\/uploads\/2025\/01\/ICACMM0272_800.jpg\",\"datePublished\":\"2025-01-13T14:26:27+00:00\",\"dateModified\":\"2025-01-14T11:06:23+00:00\",\"breadcrumb\":{\"@id\":\"https:\/\/aivlisoft.net\/shop\/producto\/tacens-micro-atx-acm500-500w-psu\/#breadcrumb\"},\"inLanguage\":\"es\",\"potentialAction\":[{\"@type\":\"ReadAction\",\"target\":[\"https:\/\/aivlisoft.net\/shop\/producto\/tacens-micro-atx-acm500-500w-psu\/\"]}]},{\"@type\":\"ImageObject\",\"inLanguage\":\"es\",\"@id\":\"https:\/\/aivlisoft.net\/shop\/producto\/tacens-micro-atx-acm500-500w-psu\/#primaryimage\",\"url\":\"https:\/\/aivlisoft.net\/shop\/wp-content\/uploads\/2025\/01\/ICACMM0272_800.jpg\",\"contentUrl\":\"https:\/\/aivlisoft.net\/shop\/wp-content\/uploads\/2025\/01\/ICACMM0272_800.jpg\",\"width\":800,\"height\":800},{\"@type\":\"BreadcrumbList\",\"@id\":\"https:\/\/aivlisoft.net\/shop\/producto\/tacens-micro-atx-acm500-500w-psu\/#breadcrumb\",\"itemListElement\":[{\"@type\":\"ListItem\",\"position\":1,\"name\":\"Portada\",\"item\":\"https:\/\/aivlisoft.net\/shop\/\"},{\"@type\":\"ListItem\",\"position\":2,\"name\":\"Tienda\",\"item\":\"https:\/\/aivlisoft.net\/shop\/tienda\/\"},{\"@type\":\"ListItem\",\"position\":3,\"name\":\"TACENS Micro-atx ACM500 500w psu\"}]},{\"@type\":\"WebSite\",\"@id\":\"https:\/\/aivlisoft.net\/shop\/#website\",\"url\":\"https:\/\/aivlisoft.net\/shop\/\",\"name\":\"Aivlisoft Inform\u00e1tica\",\"description\":\"En Aivlisoft Inform\u00e1tica ofrecemos soluciones tecnol\u00f3gicas para empresas: venta de ordenadores, consumibles, perif\u00e9ricos y m\u00e1s. Calidad, atenci\u00f3n personalizada y los mejores precios para tu negocio.\",\"publisher\":{\"@id\":\"https:\/\/aivlisoft.net\/shop\/#organization\"},\"potentialAction\":[{\"@type\":\"SearchAction\",\"target\":{\"@type\":\"EntryPoint\",\"urlTemplate\":\"https:\/\/aivlisoft.net\/shop\/?s={search_term_string}\"},\"query-input\":{\"@type\":\"PropertyValueSpecification\",\"valueRequired\":true,\"valueName\":\"search_term_string\"}}],\"inLanguage\":\"es\"},{\"@type\":\"Organization\",\"@id\":\"https:\/\/aivlisoft.net\/shop\/#organization\",\"name\":\"Aivlisoft Inform\u00e1tica\",\"url\":\"https:\/\/aivlisoft.net\/shop\/\",\"logo\":{\"@type\":\"ImageObject\",\"inLanguage\":\"es\",\"@id\":\"https:\/\/aivlisoft.net\/shop\/#\/schema\/logo\/image\/\",\"url\":\"https:\/\/aivlisoft.net\/shop\/wp-content\/uploads\/2024\/12\/removal.ai_5b848c54-0cdf-4140-95c5-c5536bb7573b-logodef.png\",\"contentUrl\":\"https:\/\/aivlisoft.net\/shop\/wp-content\/uploads\/2024\/12\/removal.ai_5b848c54-0cdf-4140-95c5-c5536bb7573b-logodef.png\",\"width\":484,\"height\":182,\"caption\":\"Aivlisoft Inform\u00e1tica\"},\"image\":{\"@id\":\"https:\/\/aivlisoft.net\/shop\/#\/schema\/logo\/image\/\"}}]}<\/script>\n<!-- \/ Yoast SEO plugin. -->","yoast_head_json":{"title":"TACENS Micro-atx ACM500 500w psu - Aivlisoft Inform\u00e1tica","robots":{"index":"index","follow":"follow","max-snippet":"max-snippet:-1","max-image-preview":"max-image-preview:large","max-video-preview":"max-video-preview:-1"},"canonical":"https:\/\/aivlisoft.net\/shop\/producto\/tacens-micro-atx-acm500-500w-psu\/","og_locale":"es_ES","og_type":"article","og_title":"TACENS Micro-atx ACM500 500w psu - Aivlisoft Inform\u00e1tica","og_description":"Marca Tacens Modelo ACM500 Caracteristicas &#8211; Caja Mini Torre &#8211; Placas MicroATX \/ Mini-ITX &#8211; Material: Panel frontal de aluminio pulido con acabado profesional en negro- Conectividad &#8211; 1x USB 3.0 &#8211; 1x USB 2.0 &#8211; Audio y micr&oacute;fono Bah&iacute;as internas &#8211; 1 x bah&iacute;a &oacute;ptica de 5.25&rdquo; Bah&iacute;as externas &#8211; 2 x 2.5&rdquo; SSD&hellip;&nbsp;TACENS Micro-atx ACM500 500w psu","og_url":"https:\/\/aivlisoft.net\/shop\/producto\/tacens-micro-atx-acm500-500w-psu\/","og_site_name":"Aivlisoft Inform\u00e1tica","article_modified_time":"2025-01-14T11:06:23+00:00","og_image":[{"width":800,"height":800,"url":"https:\/\/aivlisoft.net\/shop\/wp-content\/uploads\/2025\/01\/ICACMM0272_800.jpg","type":"image\/jpeg"}],"twitter_card":"summary_large_image","twitter_misc":{"Tiempo de lectura":"1 minuto"},"schema":{"@context":"https:\/\/schema.org","@graph":[{"@type":"WebPage","@id":"https:\/\/aivlisoft.net\/shop\/producto\/tacens-micro-atx-acm500-500w-psu\/","url":"https:\/\/aivlisoft.net\/shop\/producto\/tacens-micro-atx-acm500-500w-psu\/","name":"TACENS Micro-atx ACM500 500w psu - Aivlisoft Inform\u00e1tica","isPartOf":{"@id":"https:\/\/aivlisoft.net\/shop\/#website"},"primaryImageOfPage":{"@id":"https:\/\/aivlisoft.net\/shop\/producto\/tacens-micro-atx-acm500-500w-psu\/#primaryimage"},"image":{"@id":"https:\/\/aivlisoft.net\/shop\/producto\/tacens-micro-atx-acm500-500w-psu\/#primaryimage"},"thumbnailUrl":"https:\/\/aivlisoft.net\/shop\/wp-content\/uploads\/2025\/01\/ICACMM0272_800.jpg","datePublished":"2025-01-13T14:26:27+00:00","dateModified":"2025-01-14T11:06:23+00:00","breadcrumb":{"@id":"https:\/\/aivlisoft.net\/shop\/producto\/tacens-micro-atx-acm500-500w-psu\/#breadcrumb"},"inLanguage":"es","potentialAction":[{"@type":"ReadAction","target":["https:\/\/aivlisoft.net\/shop\/producto\/tacens-micro-atx-acm500-500w-psu\/"]}]},{"@type":"ImageObject","inLanguage":"es","@id":"https:\/\/aivlisoft.net\/shop\/producto\/tacens-micro-atx-acm500-500w-psu\/#primaryimage","url":"https:\/\/aivlisoft.net\/shop\/wp-content\/uploads\/2025\/01\/ICACMM0272_800.jpg","contentUrl":"https:\/\/aivlisoft.net\/shop\/wp-content\/uploads\/2025\/01\/ICACMM0272_800.jpg","width":800,"height":800},{"@type":"BreadcrumbList","@id":"https:\/\/aivlisoft.net\/shop\/producto\/tacens-micro-atx-acm500-500w-psu\/#breadcrumb","itemListElement":[{"@type":"ListItem","position":1,"name":"Portada","item":"https:\/\/aivlisoft.net\/shop\/"},{"@type":"ListItem","position":2,"name":"Tienda","item":"https:\/\/aivlisoft.net\/shop\/tienda\/"},{"@type":"ListItem","position":3,"name":"TACENS Micro-atx ACM500 500w psu"}]},{"@type":"WebSite","@id":"https:\/\/aivlisoft.net\/shop\/#website","url":"https:\/\/aivlisoft.net\/shop\/","name":"Aivlisoft Inform\u00e1tica","description":"En Aivlisoft Inform\u00e1tica ofrecemos soluciones tecnol\u00f3gicas para empresas: venta de ordenadores, consumibles, perif\u00e9ricos y m\u00e1s. Calidad, atenci\u00f3n personalizada y los mejores precios para tu negocio.","publisher":{"@id":"https:\/\/aivlisoft.net\/shop\/#organization"},"potentialAction":[{"@type":"SearchAction","target":{"@type":"EntryPoint","urlTemplate":"https:\/\/aivlisoft.net\/shop\/?s={search_term_string}"},"query-input":{"@type":"PropertyValueSpecification","valueRequired":true,"valueName":"search_term_string"}}],"inLanguage":"es"},{"@type":"Organization","@id":"https:\/\/aivlisoft.net\/shop\/#organization","name":"Aivlisoft Inform\u00e1tica","url":"https:\/\/aivlisoft.net\/shop\/","logo":{"@type":"ImageObject","inLanguage":"es","@id":"https:\/\/aivlisoft.net\/shop\/#\/schema\/logo\/image\/","url":"https:\/\/aivlisoft.net\/shop\/wp-content\/uploads\/2024\/12\/removal.ai_5b848c54-0cdf-4140-95c5-c5536bb7573b-logodef.png","contentUrl":"https:\/\/aivlisoft.net\/shop\/wp-content\/uploads\/2024\/12\/removal.ai_5b848c54-0cdf-4140-95c5-c5536bb7573b-logodef.png","width":484,"height":182,"caption":"Aivlisoft Inform\u00e1tica"},"image":{"@id":"https:\/\/aivlisoft.net\/shop\/#\/schema\/logo\/image\/"}}]}},"_links":{"self":[{"href":"https:\/\/aivlisoft.net\/shop\/wp-json\/wp\/v2\/product\/12739","targetHints":{"allow":["GET"]}}],"collection":[{"href":"https:\/\/aivlisoft.net\/shop\/wp-json\/wp\/v2\/product"}],"about":[{"href":"https:\/\/aivlisoft.net\/shop\/wp-json\/wp\/v2\/types\/product"}],"wp:featuredmedia":[{"embeddable":true,"href":"https:\/\/aivlisoft.net\/shop\/wp-json\/wp\/v2\/media\/12740"}],"wp:attachment":[{"href":"https:\/\/aivlisoft.net\/shop\/wp-json\/wp\/v2\/media?parent=12739"}],"wp:term":[{"taxonomy":"product_brand","embeddable":true,"href":"https:\/\/aivlisoft.net\/shop\/wp-json\/wp\/v2\/product_brand?post=12739"},{"taxonomy":"product_cat","embeddable":true,"href":"https:\/\/aivlisoft.net\/shop\/wp-json\/wp\/v2\/product_cat?post=12739"},{"taxonomy":"product_tag","embeddable":true,"href":"https:\/\/aivlisoft.net\/shop\/wp-json\/wp\/v2\/product_tag?post=12739"}],"curies":[{"name":"wp","href":"https:\/\/api.w.org\/{rel}","templated":true}]}}