{"id":12723,"date":"2025-01-13T14:26:17","date_gmt":"2025-01-13T14:26:17","guid":{"rendered":"https:\/\/aivlisoft.com\/?post_type=product&#038;p=12723"},"modified":"2025-01-14T11:06:16","modified_gmt":"2025-01-14T11:06:16","slug":"tacens-anima-micro-atx-ac5500-500w-black","status":"publish","type":"product","link":"https:\/\/aivlisoft.net\/shop\/producto\/tacens-anima-micro-atx-ac5500-500w-black\/","title":{"rendered":"TACENS ANIMA MICRO-ATX AC5500 500W BLACK"},"content":{"rendered":"<p><strong>Mini Torre Micro-ATX \/ Mini-ITX<\/strong><br \/>Caja de ordenador compacta Micro-ATX \/ Mini-ITX de alto rendimiento dise&ntilde;ada para ofrecer una est&eacute;tica minimalista y elegante, con una gran funcionalidad y una refrigeraci&oacute;n sobresaliente. Cuenta con un frontal de con una malla completa de refrigeraci&oacute;n y un acabado negro profesional que encaja perfectamente en contextos tanto dom&eacute;sticos como de oficina.<\/p>\n<p>Dispone de una estructura totalmente optimizada y actualizada a las &uacute;ltimas tendencias para un montaje f&aacute;cil y accesible ofreciendo, adem&aacute;s, una total conectividad para tus perif&eacute;ricos. Dispone de multiples bah&iacute;as internas para diferentes combinaciones de discos duros (2 x 2.5&rdquo; SSD o 2 x 3.5&rdquo; HDD).<\/p>\n<p>Cuenta con puerto USB 3.0, USB 2.0, micr&oacute;fono y audio HD en el panel frontal que te permiten conectar tus perif&eacute;ricos con total comodidad.<br \/>Aparte de su rejilla frontal completa, cuenta con un amplio soporte para ventilaci&oacute;n, permiti&eacute;ndote instalar un ventilador frontal y otro lateral de 12cm, adem&aacute;s de uno de 8 cm en la parte trasera.<\/p>\n<p>Incluye una fuente de alimentaci&oacute;n de &uacute;ltima generaci&oacute;n SMD de 500W equipada con un ventilador de 12cm ultrasilencioso de 14dB, con un sistema antivibraciones. Completamente negra y con cables negros para mantener una est&eacute;tica perfecta. Adem&aacute;s, cuenta con una eficiencia energ&eacute;tica estable del 85% y todas las protecciones de seguridad y las certificaciones europeas, garantizando el mejor rendimiento y estabilidad para tu PC.<\/p>\n<table class=\"tabla_caracteristicas k-table\" width=\"100%\">\n<tr>\n<td valign=\"top\"><strong>Marca<\/strong><\/td>\n<td>Tacens<\/td>\n<\/tr>\n<tr>\n<td valign=\"top\"><strong>Modelo<\/strong><\/td>\n<td><strong>AC5500<\/strong><\/td>\n<\/tr>\n<tr>\n<td valign=\"top\"><strong>Caracter&iacute;sticas<\/strong><\/td>\n<td>&#8211; Placas: MicroATX \/ Mini-ITX<br \/>\t\t\t&#8211; Tipo: Caja Mini Torre<br \/>\t\t\t&#8211; Estructura: Optimizada con m&uacute;ltiples bah&iacute;as para un montaje f&aacute;cil y accesible<br \/>\t\t\t&#8211; Conectividad:<br \/>\t\t\t&nbsp; USB3.0 x1<br \/>\t\t\t&nbsp; USB2.0 x2<br \/>\t\t\t&nbsp; HD Audio + Mic<br \/>\t\t\t&#8211; Bah&iacute;as:<br \/>\t\t\t&nbsp; 2x 3.5&quot; HDD<br \/>\t\t\t&nbsp; 2x 2.5&quot; SSD<br \/>\t\t\t&#8211; Ventilador:<br \/>\t\t\t&nbsp; 1 x 120mm frontal<br \/>\t\t\t&nbsp; 1 x 120mm lateral<br \/>\t\t\t&nbsp; 1 x trasero 80mm<br \/>\t\t\t&#8211; Bah&iacute;as: 2x 3.5&quot; HDD \/&nbsp; 4x 2.5&quot; SSD<br \/>\t\t\t&#8211; Ranuras de expansi&oacute;n: 4<br \/>\t\t\t&#8211; VGA Max: 250 mm<br \/>\t\t\t&#8211; CPU: 145 mm<br \/>\t\t\t&#8211; Fuente de alimentaci&oacute;n: 500W ATX con ventilador de 12cm<br \/>\t\t\t&#8211; Conectores:<br \/>\t\t\t&nbsp; 1xATX 20+4pin<br \/>\t\t\t&nbsp; 1x EPS 4+4pin<br \/>\t\t\t&nbsp; 2x SATA<br \/>\t\t\t&nbsp; 2x PATA<br \/>\t\t\t&#8211; Dimensiones y peso: 291 x 188 x 345mm<\/td>\n<\/tr>\n<tr>\n<td valign=\"top\"><strong>Fecha Revisi&oacute;n<\/strong><\/td>\n<td>26-01-2023 por RTY<\/td>\n<\/tr>\n<\/table>\n","protected":false},"excerpt":{"rendered":"<p>Mini Torre Micro-ATX \/ Mini-ITXCaja de ordenador compacta Micro-ATX \/ Mini-ITX de alto rendimiento dise&ntilde;ada para ofrecer una est&eacute;tica minimalista y elegante, con una gran funcionalidad y una refrigeraci&oacute;n sobresaliente. Cuenta con un frontal de con una malla completa de refrigeraci&oacute;n y un acabado negro profesional que encaja perfectamente en contextos tanto dom&eacute;sticos como de&hellip;&nbsp;<a href=\"https:\/\/aivlisoft.net\/shop\/producto\/tacens-anima-micro-atx-ac5500-500w-black\/\" rel=\"bookmark\"><span class=\"screen-reader-text\">TACENS ANIMA MICRO-ATX AC5500 500W BLACK<\/span><\/a><\/p>\n","protected":false},"featured_media":12724,"template":"","meta":{"neve_meta_sidebar":"","neve_meta_container":"","neve_meta_enable_content_width":"","neve_meta_content_width":0,"neve_meta_title_alignment":"","neve_meta_author_avatar":"","neve_post_elements_order":"","neve_meta_disable_header":"","neve_meta_disable_footer":"","neve_meta_disable_title":""},"product_brand":[],"product_cat":[8728],"product_tag":[4964],"class_list":{"0":"post-12723","1":"product","2":"type-product","3":"status-publish","4":"has-post-thumbnail","6":"product_cat-minitorre-y-microtorre","7":"product_tag-ac5500","9":"first","10":"instock","11":"taxable","12":"shipping-taxable","13":"purchasable","14":"product-type-simple"},"yoast_head":"<!-- This site is optimized with the Yoast SEO plugin v26.0 - https:\/\/yoast.com\/wordpress\/plugins\/seo\/ -->\n<title>TACENS ANIMA MICRO-ATX AC5500 500W BLACK - Aivlisoft Inform\u00e1tica<\/title>\n<meta name=\"robots\" content=\"index, follow, max-snippet:-1, max-image-preview:large, max-video-preview:-1\" \/>\n<link rel=\"canonical\" href=\"https:\/\/aivlisoft.net\/shop\/producto\/tacens-anima-micro-atx-ac5500-500w-black\/\" \/>\n<meta property=\"og:locale\" content=\"es_ES\" \/>\n<meta property=\"og:type\" content=\"article\" \/>\n<meta property=\"og:title\" content=\"TACENS ANIMA MICRO-ATX AC5500 500W BLACK - Aivlisoft Inform\u00e1tica\" \/>\n<meta property=\"og:description\" content=\"Mini Torre Micro-ATX \/ Mini-ITXCaja de ordenador compacta Micro-ATX \/ Mini-ITX de alto rendimiento dise&ntilde;ada para ofrecer una est&eacute;tica minimalista y elegante, con una gran funcionalidad y una refrigeraci&oacute;n sobresaliente. Cuenta con un frontal de con una malla completa de refrigeraci&oacute;n y un acabado negro profesional que encaja perfectamente en contextos tanto dom&eacute;sticos como de&hellip;&nbsp;TACENS ANIMA MICRO-ATX AC5500 500W BLACK\" \/>\n<meta property=\"og:url\" content=\"https:\/\/aivlisoft.net\/shop\/producto\/tacens-anima-micro-atx-ac5500-500w-black\/\" \/>\n<meta property=\"og:site_name\" content=\"Aivlisoft Inform\u00e1tica\" \/>\n<meta property=\"article:modified_time\" content=\"2025-01-14T11:06:16+00:00\" \/>\n<meta property=\"og:image\" content=\"https:\/\/aivlisoft.net\/shop\/wp-content\/uploads\/2025\/01\/ICACMM0266_800.jpg\" \/>\n\t<meta property=\"og:image:width\" content=\"800\" \/>\n\t<meta property=\"og:image:height\" content=\"800\" \/>\n\t<meta property=\"og:image:type\" content=\"image\/jpeg\" \/>\n<meta name=\"twitter:card\" content=\"summary_large_image\" \/>\n<meta name=\"twitter:label1\" content=\"Tiempo de lectura\" \/>\n\t<meta name=\"twitter:data1\" content=\"2 minutos\" \/>\n<script type=\"application\/ld+json\" class=\"yoast-schema-graph\">{\"@context\":\"https:\/\/schema.org\",\"@graph\":[{\"@type\":\"WebPage\",\"@id\":\"https:\/\/aivlisoft.net\/shop\/producto\/tacens-anima-micro-atx-ac5500-500w-black\/\",\"url\":\"https:\/\/aivlisoft.net\/shop\/producto\/tacens-anima-micro-atx-ac5500-500w-black\/\",\"name\":\"TACENS ANIMA MICRO-ATX AC5500 500W BLACK - Aivlisoft Inform\u00e1tica\",\"isPartOf\":{\"@id\":\"https:\/\/aivlisoft.net\/shop\/#website\"},\"primaryImageOfPage\":{\"@id\":\"https:\/\/aivlisoft.net\/shop\/producto\/tacens-anima-micro-atx-ac5500-500w-black\/#primaryimage\"},\"image\":{\"@id\":\"https:\/\/aivlisoft.net\/shop\/producto\/tacens-anima-micro-atx-ac5500-500w-black\/#primaryimage\"},\"thumbnailUrl\":\"https:\/\/aivlisoft.net\/shop\/wp-content\/uploads\/2025\/01\/ICACMM0266_800.jpg\",\"datePublished\":\"2025-01-13T14:26:17+00:00\",\"dateModified\":\"2025-01-14T11:06:16+00:00\",\"breadcrumb\":{\"@id\":\"https:\/\/aivlisoft.net\/shop\/producto\/tacens-anima-micro-atx-ac5500-500w-black\/#breadcrumb\"},\"inLanguage\":\"es\",\"potentialAction\":[{\"@type\":\"ReadAction\",\"target\":[\"https:\/\/aivlisoft.net\/shop\/producto\/tacens-anima-micro-atx-ac5500-500w-black\/\"]}]},{\"@type\":\"ImageObject\",\"inLanguage\":\"es\",\"@id\":\"https:\/\/aivlisoft.net\/shop\/producto\/tacens-anima-micro-atx-ac5500-500w-black\/#primaryimage\",\"url\":\"https:\/\/aivlisoft.net\/shop\/wp-content\/uploads\/2025\/01\/ICACMM0266_800.jpg\",\"contentUrl\":\"https:\/\/aivlisoft.net\/shop\/wp-content\/uploads\/2025\/01\/ICACMM0266_800.jpg\",\"width\":800,\"height\":800},{\"@type\":\"BreadcrumbList\",\"@id\":\"https:\/\/aivlisoft.net\/shop\/producto\/tacens-anima-micro-atx-ac5500-500w-black\/#breadcrumb\",\"itemListElement\":[{\"@type\":\"ListItem\",\"position\":1,\"name\":\"Portada\",\"item\":\"https:\/\/aivlisoft.net\/shop\/\"},{\"@type\":\"ListItem\",\"position\":2,\"name\":\"Tienda\",\"item\":\"https:\/\/aivlisoft.net\/shop\/tienda\/\"},{\"@type\":\"ListItem\",\"position\":3,\"name\":\"TACENS ANIMA MICRO-ATX AC5500 500W BLACK\"}]},{\"@type\":\"WebSite\",\"@id\":\"https:\/\/aivlisoft.net\/shop\/#website\",\"url\":\"https:\/\/aivlisoft.net\/shop\/\",\"name\":\"Aivlisoft Inform\u00e1tica\",\"description\":\"En Aivlisoft Inform\u00e1tica ofrecemos soluciones tecnol\u00f3gicas para empresas: venta de ordenadores, consumibles, perif\u00e9ricos y m\u00e1s. Calidad, atenci\u00f3n personalizada y los mejores precios para tu negocio.\",\"publisher\":{\"@id\":\"https:\/\/aivlisoft.net\/shop\/#organization\"},\"potentialAction\":[{\"@type\":\"SearchAction\",\"target\":{\"@type\":\"EntryPoint\",\"urlTemplate\":\"https:\/\/aivlisoft.net\/shop\/?s={search_term_string}\"},\"query-input\":{\"@type\":\"PropertyValueSpecification\",\"valueRequired\":true,\"valueName\":\"search_term_string\"}}],\"inLanguage\":\"es\"},{\"@type\":\"Organization\",\"@id\":\"https:\/\/aivlisoft.net\/shop\/#organization\",\"name\":\"Aivlisoft Inform\u00e1tica\",\"url\":\"https:\/\/aivlisoft.net\/shop\/\",\"logo\":{\"@type\":\"ImageObject\",\"inLanguage\":\"es\",\"@id\":\"https:\/\/aivlisoft.net\/shop\/#\/schema\/logo\/image\/\",\"url\":\"https:\/\/aivlisoft.net\/shop\/wp-content\/uploads\/2024\/12\/removal.ai_5b848c54-0cdf-4140-95c5-c5536bb7573b-logodef.png\",\"contentUrl\":\"https:\/\/aivlisoft.net\/shop\/wp-content\/uploads\/2024\/12\/removal.ai_5b848c54-0cdf-4140-95c5-c5536bb7573b-logodef.png\",\"width\":484,\"height\":182,\"caption\":\"Aivlisoft Inform\u00e1tica\"},\"image\":{\"@id\":\"https:\/\/aivlisoft.net\/shop\/#\/schema\/logo\/image\/\"}}]}<\/script>\n<!-- \/ Yoast SEO plugin. -->","yoast_head_json":{"title":"TACENS ANIMA MICRO-ATX AC5500 500W BLACK - Aivlisoft Inform\u00e1tica","robots":{"index":"index","follow":"follow","max-snippet":"max-snippet:-1","max-image-preview":"max-image-preview:large","max-video-preview":"max-video-preview:-1"},"canonical":"https:\/\/aivlisoft.net\/shop\/producto\/tacens-anima-micro-atx-ac5500-500w-black\/","og_locale":"es_ES","og_type":"article","og_title":"TACENS ANIMA MICRO-ATX AC5500 500W BLACK - Aivlisoft Inform\u00e1tica","og_description":"Mini Torre Micro-ATX \/ Mini-ITXCaja de ordenador compacta Micro-ATX \/ Mini-ITX de alto rendimiento dise&ntilde;ada para ofrecer una est&eacute;tica minimalista y elegante, con una gran funcionalidad y una refrigeraci&oacute;n sobresaliente. Cuenta con un frontal de con una malla completa de refrigeraci&oacute;n y un acabado negro profesional que encaja perfectamente en contextos tanto dom&eacute;sticos como de&hellip;&nbsp;TACENS ANIMA MICRO-ATX AC5500 500W BLACK","og_url":"https:\/\/aivlisoft.net\/shop\/producto\/tacens-anima-micro-atx-ac5500-500w-black\/","og_site_name":"Aivlisoft Inform\u00e1tica","article_modified_time":"2025-01-14T11:06:16+00:00","og_image":[{"width":800,"height":800,"url":"https:\/\/aivlisoft.net\/shop\/wp-content\/uploads\/2025\/01\/ICACMM0266_800.jpg","type":"image\/jpeg"}],"twitter_card":"summary_large_image","twitter_misc":{"Tiempo de lectura":"2 minutos"},"schema":{"@context":"https:\/\/schema.org","@graph":[{"@type":"WebPage","@id":"https:\/\/aivlisoft.net\/shop\/producto\/tacens-anima-micro-atx-ac5500-500w-black\/","url":"https:\/\/aivlisoft.net\/shop\/producto\/tacens-anima-micro-atx-ac5500-500w-black\/","name":"TACENS ANIMA MICRO-ATX AC5500 500W BLACK - Aivlisoft Inform\u00e1tica","isPartOf":{"@id":"https:\/\/aivlisoft.net\/shop\/#website"},"primaryImageOfPage":{"@id":"https:\/\/aivlisoft.net\/shop\/producto\/tacens-anima-micro-atx-ac5500-500w-black\/#primaryimage"},"image":{"@id":"https:\/\/aivlisoft.net\/shop\/producto\/tacens-anima-micro-atx-ac5500-500w-black\/#primaryimage"},"thumbnailUrl":"https:\/\/aivlisoft.net\/shop\/wp-content\/uploads\/2025\/01\/ICACMM0266_800.jpg","datePublished":"2025-01-13T14:26:17+00:00","dateModified":"2025-01-14T11:06:16+00:00","breadcrumb":{"@id":"https:\/\/aivlisoft.net\/shop\/producto\/tacens-anima-micro-atx-ac5500-500w-black\/#breadcrumb"},"inLanguage":"es","potentialAction":[{"@type":"ReadAction","target":["https:\/\/aivlisoft.net\/shop\/producto\/tacens-anima-micro-atx-ac5500-500w-black\/"]}]},{"@type":"ImageObject","inLanguage":"es","@id":"https:\/\/aivlisoft.net\/shop\/producto\/tacens-anima-micro-atx-ac5500-500w-black\/#primaryimage","url":"https:\/\/aivlisoft.net\/shop\/wp-content\/uploads\/2025\/01\/ICACMM0266_800.jpg","contentUrl":"https:\/\/aivlisoft.net\/shop\/wp-content\/uploads\/2025\/01\/ICACMM0266_800.jpg","width":800,"height":800},{"@type":"BreadcrumbList","@id":"https:\/\/aivlisoft.net\/shop\/producto\/tacens-anima-micro-atx-ac5500-500w-black\/#breadcrumb","itemListElement":[{"@type":"ListItem","position":1,"name":"Portada","item":"https:\/\/aivlisoft.net\/shop\/"},{"@type":"ListItem","position":2,"name":"Tienda","item":"https:\/\/aivlisoft.net\/shop\/tienda\/"},{"@type":"ListItem","position":3,"name":"TACENS ANIMA MICRO-ATX AC5500 500W BLACK"}]},{"@type":"WebSite","@id":"https:\/\/aivlisoft.net\/shop\/#website","url":"https:\/\/aivlisoft.net\/shop\/","name":"Aivlisoft Inform\u00e1tica","description":"En Aivlisoft Inform\u00e1tica ofrecemos soluciones tecnol\u00f3gicas para empresas: venta de ordenadores, consumibles, perif\u00e9ricos y m\u00e1s. Calidad, atenci\u00f3n personalizada y los mejores precios para tu negocio.","publisher":{"@id":"https:\/\/aivlisoft.net\/shop\/#organization"},"potentialAction":[{"@type":"SearchAction","target":{"@type":"EntryPoint","urlTemplate":"https:\/\/aivlisoft.net\/shop\/?s={search_term_string}"},"query-input":{"@type":"PropertyValueSpecification","valueRequired":true,"valueName":"search_term_string"}}],"inLanguage":"es"},{"@type":"Organization","@id":"https:\/\/aivlisoft.net\/shop\/#organization","name":"Aivlisoft Inform\u00e1tica","url":"https:\/\/aivlisoft.net\/shop\/","logo":{"@type":"ImageObject","inLanguage":"es","@id":"https:\/\/aivlisoft.net\/shop\/#\/schema\/logo\/image\/","url":"https:\/\/aivlisoft.net\/shop\/wp-content\/uploads\/2024\/12\/removal.ai_5b848c54-0cdf-4140-95c5-c5536bb7573b-logodef.png","contentUrl":"https:\/\/aivlisoft.net\/shop\/wp-content\/uploads\/2024\/12\/removal.ai_5b848c54-0cdf-4140-95c5-c5536bb7573b-logodef.png","width":484,"height":182,"caption":"Aivlisoft Inform\u00e1tica"},"image":{"@id":"https:\/\/aivlisoft.net\/shop\/#\/schema\/logo\/image\/"}}]}},"_links":{"self":[{"href":"https:\/\/aivlisoft.net\/shop\/wp-json\/wp\/v2\/product\/12723","targetHints":{"allow":["GET"]}}],"collection":[{"href":"https:\/\/aivlisoft.net\/shop\/wp-json\/wp\/v2\/product"}],"about":[{"href":"https:\/\/aivlisoft.net\/shop\/wp-json\/wp\/v2\/types\/product"}],"wp:featuredmedia":[{"embeddable":true,"href":"https:\/\/aivlisoft.net\/shop\/wp-json\/wp\/v2\/media\/12724"}],"wp:attachment":[{"href":"https:\/\/aivlisoft.net\/shop\/wp-json\/wp\/v2\/media?parent=12723"}],"wp:term":[{"taxonomy":"product_brand","embeddable":true,"href":"https:\/\/aivlisoft.net\/shop\/wp-json\/wp\/v2\/product_brand?post=12723"},{"taxonomy":"product_cat","embeddable":true,"href":"https:\/\/aivlisoft.net\/shop\/wp-json\/wp\/v2\/product_cat?post=12723"},{"taxonomy":"product_tag","embeddable":true,"href":"https:\/\/aivlisoft.net\/shop\/wp-json\/wp\/v2\/product_tag?post=12723"}],"curies":[{"name":"wp","href":"https:\/\/api.w.org\/{rel}","templated":true}]}}