{"id":12670,"date":"2025-01-13T14:25:49","date_gmt":"2025-01-13T14:25:49","guid":{"rendered":"https:\/\/aivlisoft.com\/?post_type=product&#038;p=12670"},"modified":"2025-01-14T11:06:01","modified_gmt":"2025-01-14T11:06:01","slug":"hiditec-caja-slim-m-itx-sm10","status":"publish","type":"product","link":"https:\/\/aivlisoft.net\/shop\/producto\/hiditec-caja-slim-m-itx-sm10\/","title":{"rendered":"Hiditec caja slim m-itx  SM10"},"content":{"rendered":"<p><strong>Compacto con dise&ntilde;o profesional<\/strong><br \/>Su dise&ntilde;o es compacto y funcional , siendo Ideal para espacios reducidos donde se necesita una configuraci&oacute;n potente a medida. Acabados sobrios, elegantes y de calidad para ofrecer la m&aacute;xima durabilidad.<\/p>\n<p><strong>Formato reducido<\/strong><br \/>SM10 tiene un formato reducido con un volumen de apenas 12 Litros y con capacidad para cualquier configuraci&oacute;n a medida. Gracias a su reducido tama&ntilde;o es ideal para uso profesional as&iacute; como para uso personal.<br \/>Esta fabricado con acero de calidad y se puede colocar en posici&oacute;n horizontal como vertical.<\/p>\n<p><strong>Maxima capacidad<\/strong><br \/>Tiene capacidad para la instalaci&oacute;n de dos SSD 2.5mm, dos HDD 3.5mm y una unidad ODD de 5.25mm.<br \/>Dispone de dos slots PCI de perfil bajo y es compatible con CPU Coolers con una altura m&aacute;xima de 90mm.<br \/>Permite la instalaci&oacute;n de placas base ITX y es compatible con fuentes de alimentaci&oacute;n SFX.<\/p>\n<p><strong>Panel frontal<\/strong><br \/>El panel frontal tiene un dise&ntilde;o sobrio, elegante y cuenta con cuatro puertos USB , dos puertos USB 3.0 de alta velocidad y dos puertos USB 2.0 ademas de conexiones de Audio HD.<br \/>Tambi&eacute;n tiene el frontal una bah&iacute;a de 5.25mm para poder instalar cualquier unidad ODD.<br \/>&nbsp;<\/p>\n<table class=\"tabla_caracteristicas k-table\" width=\"100%\">\n<tr>\n<td><strong>Marca<\/strong><\/td>\n<td>Hiditec<\/td>\n<\/tr>\n<tr>\n<td><strong>Modelo<\/strong><\/td>\n<td><strong>CHA010034<\/strong><\/td>\n<\/tr>\n<tr>\n<td valign=\"top\"><strong>Caracter&iacute;sticas<\/strong><\/td>\n<td>&#8211; Placa base: ITX<br \/>\t\t\t&#8211; PCI: 2<br \/>\t\t\t<strong>Bah&iacute;as internas<\/strong><br \/>\t\t\t&#8211; 2 x 3.5 mm<br \/>\t\t\t&#8211; 2 x SSD 2.5 mm<br \/>\t\t\t<strong>Bah&iacute;as Externas<\/strong><br \/>\t\t\t&#8211; 1 x ODD 5.25mm<br \/>\t\t\t<strong>Conexiones frontales<\/strong><br \/>\t\t\t&#8211; 2 x USB 3.0<br \/>\t\t\t&#8211; 2 x USB 2.0<br \/>\t\t\t&#8211; Auricular HD<br \/>\t\t\t&#8211; Micr&oacute;fono<br \/>\t\t\t<strong>Refrigeraci&oacute;n<\/strong><br \/>\t\t\t&#8211; Superior: 80mm<br \/>\t\t\t<strong>Alimentaci&oacute;n<\/strong><br \/>\t\t\t&#8211; Compatible con fuentes de alimentaci&oacute;n formato SFX<br \/>\t\t\t<strong>Materiales<\/strong><br \/>\t\t\t&#8211; Estructura Acero: SECC<br \/>\t\t\t&#8211; Panel Frontal: ABS<br \/>\t\t\t&#8211; Laterales: SECC<br \/>\t\t\t&#8211; Filtros antipolvo<br \/>\t\t\t&#8211; Colocaci&oacute;n horizontal o vertical<br \/>\t\t\t<strong>Dimensiones y peso<\/strong><br \/>\t\t\t&#8211; 340mm x 100mm x 350mm<br \/>\t\t\t&#8211; 2600grs<\/td>\n<\/tr>\n<tr>\n<td><strong>Fecha de revisi&oacute;n<\/strong><\/td>\n<td>25-02-2022 por MPM<\/td>\n<\/tr>\n<\/table>\n","protected":false},"excerpt":{"rendered":"<p>Compacto con dise&ntilde;o profesionalSu dise&ntilde;o es compacto y funcional , siendo Ideal para espacios reducidos donde se necesita una configuraci&oacute;n potente a medida. Acabados sobrios, elegantes y de calidad para ofrecer la m&aacute;xima durabilidad. Formato reducidoSM10 tiene un formato reducido con un volumen de apenas 12 Litros y con capacidad para cualquier configuraci&oacute;n a medida.&hellip;&nbsp;<a href=\"https:\/\/aivlisoft.net\/shop\/producto\/hiditec-caja-slim-m-itx-sm10\/\" rel=\"bookmark\"><span class=\"screen-reader-text\">Hiditec caja slim m-itx  SM10<\/span><\/a><\/p>\n","protected":false},"featured_media":12671,"template":"","meta":{"neve_meta_sidebar":"","neve_meta_container":"","neve_meta_enable_content_width":"","neve_meta_content_width":0,"neve_meta_title_alignment":"","neve_meta_author_avatar":"","neve_post_elements_order":"","neve_meta_disable_header":"","neve_meta_disable_footer":"","neve_meta_disable_title":""},"product_brand":[],"product_cat":[8728],"product_tag":[4952],"class_list":{"0":"post-12670","1":"product","2":"type-product","3":"status-publish","4":"has-post-thumbnail","6":"product_cat-minitorre-y-microtorre","7":"product_tag-cha010034","9":"first","10":"instock","11":"taxable","12":"shipping-taxable","13":"purchasable","14":"product-type-simple"},"yoast_head":"<!-- This site is optimized with the Yoast SEO plugin v26.0 - https:\/\/yoast.com\/wordpress\/plugins\/seo\/ -->\n<title>Hiditec caja slim m-itx SM10 - Aivlisoft Inform\u00e1tica<\/title>\n<meta name=\"robots\" content=\"index, follow, max-snippet:-1, max-image-preview:large, max-video-preview:-1\" \/>\n<link rel=\"canonical\" href=\"https:\/\/aivlisoft.net\/shop\/producto\/hiditec-caja-slim-m-itx-sm10\/\" \/>\n<meta property=\"og:locale\" content=\"es_ES\" \/>\n<meta property=\"og:type\" content=\"article\" \/>\n<meta property=\"og:title\" content=\"Hiditec caja slim m-itx SM10 - Aivlisoft Inform\u00e1tica\" \/>\n<meta property=\"og:description\" content=\"Compacto con dise&ntilde;o profesionalSu dise&ntilde;o es compacto y funcional , siendo Ideal para espacios reducidos donde se necesita una configuraci&oacute;n potente a medida. Acabados sobrios, elegantes y de calidad para ofrecer la m&aacute;xima durabilidad. Formato reducidoSM10 tiene un formato reducido con un volumen de apenas 12 Litros y con capacidad para cualquier configuraci&oacute;n a medida.&hellip;&nbsp;Hiditec caja slim m-itx SM10\" \/>\n<meta property=\"og:url\" content=\"https:\/\/aivlisoft.net\/shop\/producto\/hiditec-caja-slim-m-itx-sm10\/\" \/>\n<meta property=\"og:site_name\" content=\"Aivlisoft Inform\u00e1tica\" \/>\n<meta property=\"article:modified_time\" content=\"2025-01-14T11:06:01+00:00\" \/>\n<meta property=\"og:image\" content=\"https:\/\/aivlisoft.net\/shop\/wp-content\/uploads\/2025\/01\/ICACMM0245_800.jpg\" \/>\n\t<meta property=\"og:image:width\" content=\"800\" \/>\n\t<meta property=\"og:image:height\" content=\"800\" \/>\n\t<meta property=\"og:image:type\" content=\"image\/jpeg\" \/>\n<meta name=\"twitter:card\" content=\"summary_large_image\" \/>\n<meta name=\"twitter:label1\" content=\"Tiempo de lectura\" \/>\n\t<meta name=\"twitter:data1\" content=\"2 minutos\" \/>\n<script type=\"application\/ld+json\" class=\"yoast-schema-graph\">{\"@context\":\"https:\/\/schema.org\",\"@graph\":[{\"@type\":\"WebPage\",\"@id\":\"https:\/\/aivlisoft.net\/shop\/producto\/hiditec-caja-slim-m-itx-sm10\/\",\"url\":\"https:\/\/aivlisoft.net\/shop\/producto\/hiditec-caja-slim-m-itx-sm10\/\",\"name\":\"Hiditec caja slim m-itx SM10 - Aivlisoft Inform\u00e1tica\",\"isPartOf\":{\"@id\":\"https:\/\/aivlisoft.net\/shop\/#website\"},\"primaryImageOfPage\":{\"@id\":\"https:\/\/aivlisoft.net\/shop\/producto\/hiditec-caja-slim-m-itx-sm10\/#primaryimage\"},\"image\":{\"@id\":\"https:\/\/aivlisoft.net\/shop\/producto\/hiditec-caja-slim-m-itx-sm10\/#primaryimage\"},\"thumbnailUrl\":\"https:\/\/aivlisoft.net\/shop\/wp-content\/uploads\/2025\/01\/ICACMM0245_800.jpg\",\"datePublished\":\"2025-01-13T14:25:49+00:00\",\"dateModified\":\"2025-01-14T11:06:01+00:00\",\"breadcrumb\":{\"@id\":\"https:\/\/aivlisoft.net\/shop\/producto\/hiditec-caja-slim-m-itx-sm10\/#breadcrumb\"},\"inLanguage\":\"es\",\"potentialAction\":[{\"@type\":\"ReadAction\",\"target\":[\"https:\/\/aivlisoft.net\/shop\/producto\/hiditec-caja-slim-m-itx-sm10\/\"]}]},{\"@type\":\"ImageObject\",\"inLanguage\":\"es\",\"@id\":\"https:\/\/aivlisoft.net\/shop\/producto\/hiditec-caja-slim-m-itx-sm10\/#primaryimage\",\"url\":\"https:\/\/aivlisoft.net\/shop\/wp-content\/uploads\/2025\/01\/ICACMM0245_800.jpg\",\"contentUrl\":\"https:\/\/aivlisoft.net\/shop\/wp-content\/uploads\/2025\/01\/ICACMM0245_800.jpg\",\"width\":800,\"height\":800},{\"@type\":\"BreadcrumbList\",\"@id\":\"https:\/\/aivlisoft.net\/shop\/producto\/hiditec-caja-slim-m-itx-sm10\/#breadcrumb\",\"itemListElement\":[{\"@type\":\"ListItem\",\"position\":1,\"name\":\"Portada\",\"item\":\"https:\/\/aivlisoft.net\/shop\/\"},{\"@type\":\"ListItem\",\"position\":2,\"name\":\"Tienda\",\"item\":\"https:\/\/aivlisoft.net\/shop\/tienda\/\"},{\"@type\":\"ListItem\",\"position\":3,\"name\":\"Hiditec caja slim m-itx SM10\"}]},{\"@type\":\"WebSite\",\"@id\":\"https:\/\/aivlisoft.net\/shop\/#website\",\"url\":\"https:\/\/aivlisoft.net\/shop\/\",\"name\":\"Aivlisoft Inform\u00e1tica\",\"description\":\"En Aivlisoft Inform\u00e1tica ofrecemos soluciones tecnol\u00f3gicas para empresas: venta de ordenadores, consumibles, perif\u00e9ricos y m\u00e1s. Calidad, atenci\u00f3n personalizada y los mejores precios para tu negocio.\",\"publisher\":{\"@id\":\"https:\/\/aivlisoft.net\/shop\/#organization\"},\"potentialAction\":[{\"@type\":\"SearchAction\",\"target\":{\"@type\":\"EntryPoint\",\"urlTemplate\":\"https:\/\/aivlisoft.net\/shop\/?s={search_term_string}\"},\"query-input\":{\"@type\":\"PropertyValueSpecification\",\"valueRequired\":true,\"valueName\":\"search_term_string\"}}],\"inLanguage\":\"es\"},{\"@type\":\"Organization\",\"@id\":\"https:\/\/aivlisoft.net\/shop\/#organization\",\"name\":\"Aivlisoft Inform\u00e1tica\",\"url\":\"https:\/\/aivlisoft.net\/shop\/\",\"logo\":{\"@type\":\"ImageObject\",\"inLanguage\":\"es\",\"@id\":\"https:\/\/aivlisoft.net\/shop\/#\/schema\/logo\/image\/\",\"url\":\"https:\/\/aivlisoft.net\/shop\/wp-content\/uploads\/2024\/12\/removal.ai_5b848c54-0cdf-4140-95c5-c5536bb7573b-logodef.png\",\"contentUrl\":\"https:\/\/aivlisoft.net\/shop\/wp-content\/uploads\/2024\/12\/removal.ai_5b848c54-0cdf-4140-95c5-c5536bb7573b-logodef.png\",\"width\":484,\"height\":182,\"caption\":\"Aivlisoft Inform\u00e1tica\"},\"image\":{\"@id\":\"https:\/\/aivlisoft.net\/shop\/#\/schema\/logo\/image\/\"}}]}<\/script>\n<!-- \/ Yoast SEO plugin. -->","yoast_head_json":{"title":"Hiditec caja slim m-itx SM10 - Aivlisoft Inform\u00e1tica","robots":{"index":"index","follow":"follow","max-snippet":"max-snippet:-1","max-image-preview":"max-image-preview:large","max-video-preview":"max-video-preview:-1"},"canonical":"https:\/\/aivlisoft.net\/shop\/producto\/hiditec-caja-slim-m-itx-sm10\/","og_locale":"es_ES","og_type":"article","og_title":"Hiditec caja slim m-itx SM10 - Aivlisoft Inform\u00e1tica","og_description":"Compacto con dise&ntilde;o profesionalSu dise&ntilde;o es compacto y funcional , siendo Ideal para espacios reducidos donde se necesita una configuraci&oacute;n potente a medida. Acabados sobrios, elegantes y de calidad para ofrecer la m&aacute;xima durabilidad. Formato reducidoSM10 tiene un formato reducido con un volumen de apenas 12 Litros y con capacidad para cualquier configuraci&oacute;n a medida.&hellip;&nbsp;Hiditec caja slim m-itx SM10","og_url":"https:\/\/aivlisoft.net\/shop\/producto\/hiditec-caja-slim-m-itx-sm10\/","og_site_name":"Aivlisoft Inform\u00e1tica","article_modified_time":"2025-01-14T11:06:01+00:00","og_image":[{"width":800,"height":800,"url":"https:\/\/aivlisoft.net\/shop\/wp-content\/uploads\/2025\/01\/ICACMM0245_800.jpg","type":"image\/jpeg"}],"twitter_card":"summary_large_image","twitter_misc":{"Tiempo de lectura":"2 minutos"},"schema":{"@context":"https:\/\/schema.org","@graph":[{"@type":"WebPage","@id":"https:\/\/aivlisoft.net\/shop\/producto\/hiditec-caja-slim-m-itx-sm10\/","url":"https:\/\/aivlisoft.net\/shop\/producto\/hiditec-caja-slim-m-itx-sm10\/","name":"Hiditec caja slim m-itx SM10 - Aivlisoft Inform\u00e1tica","isPartOf":{"@id":"https:\/\/aivlisoft.net\/shop\/#website"},"primaryImageOfPage":{"@id":"https:\/\/aivlisoft.net\/shop\/producto\/hiditec-caja-slim-m-itx-sm10\/#primaryimage"},"image":{"@id":"https:\/\/aivlisoft.net\/shop\/producto\/hiditec-caja-slim-m-itx-sm10\/#primaryimage"},"thumbnailUrl":"https:\/\/aivlisoft.net\/shop\/wp-content\/uploads\/2025\/01\/ICACMM0245_800.jpg","datePublished":"2025-01-13T14:25:49+00:00","dateModified":"2025-01-14T11:06:01+00:00","breadcrumb":{"@id":"https:\/\/aivlisoft.net\/shop\/producto\/hiditec-caja-slim-m-itx-sm10\/#breadcrumb"},"inLanguage":"es","potentialAction":[{"@type":"ReadAction","target":["https:\/\/aivlisoft.net\/shop\/producto\/hiditec-caja-slim-m-itx-sm10\/"]}]},{"@type":"ImageObject","inLanguage":"es","@id":"https:\/\/aivlisoft.net\/shop\/producto\/hiditec-caja-slim-m-itx-sm10\/#primaryimage","url":"https:\/\/aivlisoft.net\/shop\/wp-content\/uploads\/2025\/01\/ICACMM0245_800.jpg","contentUrl":"https:\/\/aivlisoft.net\/shop\/wp-content\/uploads\/2025\/01\/ICACMM0245_800.jpg","width":800,"height":800},{"@type":"BreadcrumbList","@id":"https:\/\/aivlisoft.net\/shop\/producto\/hiditec-caja-slim-m-itx-sm10\/#breadcrumb","itemListElement":[{"@type":"ListItem","position":1,"name":"Portada","item":"https:\/\/aivlisoft.net\/shop\/"},{"@type":"ListItem","position":2,"name":"Tienda","item":"https:\/\/aivlisoft.net\/shop\/tienda\/"},{"@type":"ListItem","position":3,"name":"Hiditec caja slim m-itx SM10"}]},{"@type":"WebSite","@id":"https:\/\/aivlisoft.net\/shop\/#website","url":"https:\/\/aivlisoft.net\/shop\/","name":"Aivlisoft Inform\u00e1tica","description":"En Aivlisoft Inform\u00e1tica ofrecemos soluciones tecnol\u00f3gicas para empresas: venta de ordenadores, consumibles, perif\u00e9ricos y m\u00e1s. Calidad, atenci\u00f3n personalizada y los mejores precios para tu negocio.","publisher":{"@id":"https:\/\/aivlisoft.net\/shop\/#organization"},"potentialAction":[{"@type":"SearchAction","target":{"@type":"EntryPoint","urlTemplate":"https:\/\/aivlisoft.net\/shop\/?s={search_term_string}"},"query-input":{"@type":"PropertyValueSpecification","valueRequired":true,"valueName":"search_term_string"}}],"inLanguage":"es"},{"@type":"Organization","@id":"https:\/\/aivlisoft.net\/shop\/#organization","name":"Aivlisoft Inform\u00e1tica","url":"https:\/\/aivlisoft.net\/shop\/","logo":{"@type":"ImageObject","inLanguage":"es","@id":"https:\/\/aivlisoft.net\/shop\/#\/schema\/logo\/image\/","url":"https:\/\/aivlisoft.net\/shop\/wp-content\/uploads\/2024\/12\/removal.ai_5b848c54-0cdf-4140-95c5-c5536bb7573b-logodef.png","contentUrl":"https:\/\/aivlisoft.net\/shop\/wp-content\/uploads\/2024\/12\/removal.ai_5b848c54-0cdf-4140-95c5-c5536bb7573b-logodef.png","width":484,"height":182,"caption":"Aivlisoft Inform\u00e1tica"},"image":{"@id":"https:\/\/aivlisoft.net\/shop\/#\/schema\/logo\/image\/"}}]}},"_links":{"self":[{"href":"https:\/\/aivlisoft.net\/shop\/wp-json\/wp\/v2\/product\/12670","targetHints":{"allow":["GET"]}}],"collection":[{"href":"https:\/\/aivlisoft.net\/shop\/wp-json\/wp\/v2\/product"}],"about":[{"href":"https:\/\/aivlisoft.net\/shop\/wp-json\/wp\/v2\/types\/product"}],"wp:featuredmedia":[{"embeddable":true,"href":"https:\/\/aivlisoft.net\/shop\/wp-json\/wp\/v2\/media\/12671"}],"wp:attachment":[{"href":"https:\/\/aivlisoft.net\/shop\/wp-json\/wp\/v2\/media?parent=12670"}],"wp:term":[{"taxonomy":"product_brand","embeddable":true,"href":"https:\/\/aivlisoft.net\/shop\/wp-json\/wp\/v2\/product_brand?post=12670"},{"taxonomy":"product_cat","embeddable":true,"href":"https:\/\/aivlisoft.net\/shop\/wp-json\/wp\/v2\/product_cat?post=12670"},{"taxonomy":"product_tag","embeddable":true,"href":"https:\/\/aivlisoft.net\/shop\/wp-json\/wp\/v2\/product_tag?post=12670"}],"curies":[{"name":"wp","href":"https:\/\/api.w.org\/{rel}","templated":true}]}}