{"id":12661,"date":"2025-01-13T14:25:46","date_gmt":"2025-01-13T14:25:46","guid":{"rendered":"https:\/\/aivlisoft.com\/?post_type=product&#038;p=12661"},"modified":"2025-01-14T11:05:58","modified_gmt":"2025-01-14T11:05:58","slug":"coolbox-caja-matx-slim-t360-fte-300tbz","status":"publish","type":"product","link":"https:\/\/aivlisoft.net\/shop\/producto\/coolbox-caja-matx-slim-t360-fte-300tbz\/","title":{"rendered":"Coolbox Caja MATX SLIM T360 FTE-300TBZ"},"content":{"rendered":"<p>Caja PC compatible con placas base micro ATX y mini ITX. Formato Slim. Incluye fuente de alimentaci&oacute;n CoolBox 300TBZ TFX con certificaci&oacute;n 80Plus Bronze.Chasis s&oacute;lido de acero de 0.6mm de espesor y formato convertible. Ventilador frontal de 80mm con conexi&oacute;n de 3 pines (M\/B), rejilla trasera y compatibilidad con refrigeradores de CPU de hasta 50mm de altura.<br \/>&nbsp;<\/p>\n<table class=\"tabla_caracteristicas\" width=\"100%\">\n<tr>\n<td valign=\"top\"><strong>Marca<\/strong><\/td>\n<td>Coolbox<\/td>\n<\/tr>\n<tr>\n<td valign=\"top\"><strong>Modelo<\/strong><\/td>\n<td valign=\"top\"><strong>COO-PCT360-2<\/strong><\/td>\n<\/tr>\n<tr>\n<td valign=\"top\"><strong>Caracter&iacute;sticas<\/strong><\/td>\n<td><strong>Bah&iacute;as<\/strong><br \/>\t\t\t&#8211; 1 x 5.25&rdquo; slim (para ODD de 9.5mm) con acceso frontal<br \/>\t\t\t&#8211; 1 x 3.5&rdquo; \/ 2.5&rdquo; interna<br \/>\t\t\t&#8211; 1 x 2.5&rdquo; interna<br \/>\t\t\t<strong>Conectores frontales<\/strong><br \/>\t\t\t&#8211; 2 puertos USB2.0<br \/>\t\t\t&#8211; 2 puertos USB3.0<br \/>\t\t\t&#8211; Audio HD (1 MIC + 1 AUR)<br \/>\t\t\t&#8211; Slots de Expansi&oacute;n: 4 de media altura (low profile)<br \/>\t\t\t&#8211; Fuente de alimentaci&oacute;n: CoolBox 300SBZ TFX 80Plus Bronze<br \/>\t\t\t&#8211; Refrigeraci&oacute;n:<br \/>\t\t\t&#8211; Ventilador frontal de 80mm con conexi&oacute;n de 3 pines (M\/B)<br \/>\t\t\t&#8211; Rejilla trasera<br \/>\t\t\t&#8211; Altura m&aacute;xima para refrigerador de CPU: 50mm<br \/>\t\t\t&#8211; Peso: 3.5Kg<br \/>\t\t\t<strong>Seguridad<\/strong><br \/>\t\t\t&#8211; Soporte Kensington<br \/>\t\t\t&#8211; Interruptor de detecci&oacute;n de intrusi&oacute;n<br \/>\t\t\t&#8211; Soporte para candado<\/td>\n<\/tr>\n<tr>\n<td valign=\"top\"><strong>Fecha de revisi&oacute;n<\/strong><\/td>\n<td>08-06-2021 por YMC<\/td>\n<\/tr>\n<\/table>\n","protected":false},"excerpt":{"rendered":"<p>Caja PC compatible con placas base micro ATX y mini ITX. Formato Slim. Incluye fuente de alimentaci&oacute;n CoolBox 300TBZ TFX con certificaci&oacute;n 80Plus Bronze.Chasis s&oacute;lido de acero de 0.6mm de espesor y formato convertible. Ventilador frontal de 80mm con conexi&oacute;n de 3 pines (M\/B), rejilla trasera y compatibilidad con refrigeradores de CPU de hasta 50mm&hellip;&nbsp;<a href=\"https:\/\/aivlisoft.net\/shop\/producto\/coolbox-caja-matx-slim-t360-fte-300tbz\/\" rel=\"bookmark\"><span class=\"screen-reader-text\">Coolbox Caja MATX SLIM T360 FTE-300TBZ<\/span><\/a><\/p>\n","protected":false},"featured_media":12662,"template":"","meta":{"neve_meta_sidebar":"","neve_meta_container":"","neve_meta_enable_content_width":"","neve_meta_content_width":0,"neve_meta_title_alignment":"","neve_meta_author_avatar":"","neve_post_elements_order":"","neve_meta_disable_header":"","neve_meta_disable_footer":"","neve_meta_disable_title":""},"product_brand":[],"product_cat":[8728],"product_tag":[4949],"class_list":{"0":"post-12661","1":"product","2":"type-product","3":"status-publish","4":"has-post-thumbnail","6":"product_cat-minitorre-y-microtorre","7":"product_tag-coo-pct360-2","9":"first","10":"instock","11":"taxable","12":"shipping-taxable","13":"purchasable","14":"product-type-simple"},"yoast_head":"<!-- This site is optimized with the Yoast SEO plugin v26.0 - https:\/\/yoast.com\/wordpress\/plugins\/seo\/ -->\n<title>Coolbox Caja MATX SLIM T360 FTE-300TBZ - Aivlisoft Inform\u00e1tica<\/title>\n<meta name=\"robots\" content=\"index, follow, max-snippet:-1, max-image-preview:large, max-video-preview:-1\" \/>\n<link rel=\"canonical\" href=\"https:\/\/aivlisoft.net\/shop\/producto\/coolbox-caja-matx-slim-t360-fte-300tbz\/\" \/>\n<meta property=\"og:locale\" content=\"es_ES\" \/>\n<meta property=\"og:type\" content=\"article\" \/>\n<meta property=\"og:title\" content=\"Coolbox Caja MATX SLIM T360 FTE-300TBZ - Aivlisoft Inform\u00e1tica\" \/>\n<meta property=\"og:description\" content=\"Caja PC compatible con placas base micro ATX y mini ITX. Formato Slim. Incluye fuente de alimentaci&oacute;n CoolBox 300TBZ TFX con certificaci&oacute;n 80Plus Bronze.Chasis s&oacute;lido de acero de 0.6mm de espesor y formato convertible. Ventilador frontal de 80mm con conexi&oacute;n de 3 pines (M\/B), rejilla trasera y compatibilidad con refrigeradores de CPU de hasta 50mm&hellip;&nbsp;Coolbox Caja MATX SLIM T360 FTE-300TBZ\" \/>\n<meta property=\"og:url\" content=\"https:\/\/aivlisoft.net\/shop\/producto\/coolbox-caja-matx-slim-t360-fte-300tbz\/\" \/>\n<meta property=\"og:site_name\" content=\"Aivlisoft Inform\u00e1tica\" \/>\n<meta property=\"article:modified_time\" content=\"2025-01-14T11:05:58+00:00\" \/>\n<meta property=\"og:image\" content=\"https:\/\/aivlisoft.net\/shop\/wp-content\/uploads\/2025\/01\/ICACMM0238_800.jpg\" \/>\n\t<meta property=\"og:image:width\" content=\"800\" \/>\n\t<meta property=\"og:image:height\" content=\"800\" \/>\n\t<meta property=\"og:image:type\" content=\"image\/jpeg\" \/>\n<meta name=\"twitter:card\" content=\"summary_large_image\" \/>\n<meta name=\"twitter:label1\" content=\"Tiempo de lectura\" \/>\n\t<meta name=\"twitter:data1\" content=\"1 minuto\" \/>\n<script type=\"application\/ld+json\" class=\"yoast-schema-graph\">{\"@context\":\"https:\/\/schema.org\",\"@graph\":[{\"@type\":\"WebPage\",\"@id\":\"https:\/\/aivlisoft.net\/shop\/producto\/coolbox-caja-matx-slim-t360-fte-300tbz\/\",\"url\":\"https:\/\/aivlisoft.net\/shop\/producto\/coolbox-caja-matx-slim-t360-fte-300tbz\/\",\"name\":\"Coolbox Caja MATX SLIM T360 FTE-300TBZ - Aivlisoft Inform\u00e1tica\",\"isPartOf\":{\"@id\":\"https:\/\/aivlisoft.net\/shop\/#website\"},\"primaryImageOfPage\":{\"@id\":\"https:\/\/aivlisoft.net\/shop\/producto\/coolbox-caja-matx-slim-t360-fte-300tbz\/#primaryimage\"},\"image\":{\"@id\":\"https:\/\/aivlisoft.net\/shop\/producto\/coolbox-caja-matx-slim-t360-fte-300tbz\/#primaryimage\"},\"thumbnailUrl\":\"https:\/\/aivlisoft.net\/shop\/wp-content\/uploads\/2025\/01\/ICACMM0238_800.jpg\",\"datePublished\":\"2025-01-13T14:25:46+00:00\",\"dateModified\":\"2025-01-14T11:05:58+00:00\",\"breadcrumb\":{\"@id\":\"https:\/\/aivlisoft.net\/shop\/producto\/coolbox-caja-matx-slim-t360-fte-300tbz\/#breadcrumb\"},\"inLanguage\":\"es\",\"potentialAction\":[{\"@type\":\"ReadAction\",\"target\":[\"https:\/\/aivlisoft.net\/shop\/producto\/coolbox-caja-matx-slim-t360-fte-300tbz\/\"]}]},{\"@type\":\"ImageObject\",\"inLanguage\":\"es\",\"@id\":\"https:\/\/aivlisoft.net\/shop\/producto\/coolbox-caja-matx-slim-t360-fte-300tbz\/#primaryimage\",\"url\":\"https:\/\/aivlisoft.net\/shop\/wp-content\/uploads\/2025\/01\/ICACMM0238_800.jpg\",\"contentUrl\":\"https:\/\/aivlisoft.net\/shop\/wp-content\/uploads\/2025\/01\/ICACMM0238_800.jpg\",\"width\":800,\"height\":800},{\"@type\":\"BreadcrumbList\",\"@id\":\"https:\/\/aivlisoft.net\/shop\/producto\/coolbox-caja-matx-slim-t360-fte-300tbz\/#breadcrumb\",\"itemListElement\":[{\"@type\":\"ListItem\",\"position\":1,\"name\":\"Portada\",\"item\":\"https:\/\/aivlisoft.net\/shop\/\"},{\"@type\":\"ListItem\",\"position\":2,\"name\":\"Tienda\",\"item\":\"https:\/\/aivlisoft.net\/shop\/tienda\/\"},{\"@type\":\"ListItem\",\"position\":3,\"name\":\"Coolbox Caja MATX SLIM T360 FTE-300TBZ\"}]},{\"@type\":\"WebSite\",\"@id\":\"https:\/\/aivlisoft.net\/shop\/#website\",\"url\":\"https:\/\/aivlisoft.net\/shop\/\",\"name\":\"Aivlisoft Inform\u00e1tica\",\"description\":\"En Aivlisoft Inform\u00e1tica ofrecemos soluciones tecnol\u00f3gicas para empresas: venta de ordenadores, consumibles, perif\u00e9ricos y m\u00e1s. Calidad, atenci\u00f3n personalizada y los mejores precios para tu negocio.\",\"publisher\":{\"@id\":\"https:\/\/aivlisoft.net\/shop\/#organization\"},\"potentialAction\":[{\"@type\":\"SearchAction\",\"target\":{\"@type\":\"EntryPoint\",\"urlTemplate\":\"https:\/\/aivlisoft.net\/shop\/?s={search_term_string}\"},\"query-input\":{\"@type\":\"PropertyValueSpecification\",\"valueRequired\":true,\"valueName\":\"search_term_string\"}}],\"inLanguage\":\"es\"},{\"@type\":\"Organization\",\"@id\":\"https:\/\/aivlisoft.net\/shop\/#organization\",\"name\":\"Aivlisoft Inform\u00e1tica\",\"url\":\"https:\/\/aivlisoft.net\/shop\/\",\"logo\":{\"@type\":\"ImageObject\",\"inLanguage\":\"es\",\"@id\":\"https:\/\/aivlisoft.net\/shop\/#\/schema\/logo\/image\/\",\"url\":\"https:\/\/aivlisoft.net\/shop\/wp-content\/uploads\/2024\/12\/removal.ai_5b848c54-0cdf-4140-95c5-c5536bb7573b-logodef.png\",\"contentUrl\":\"https:\/\/aivlisoft.net\/shop\/wp-content\/uploads\/2024\/12\/removal.ai_5b848c54-0cdf-4140-95c5-c5536bb7573b-logodef.png\",\"width\":484,\"height\":182,\"caption\":\"Aivlisoft Inform\u00e1tica\"},\"image\":{\"@id\":\"https:\/\/aivlisoft.net\/shop\/#\/schema\/logo\/image\/\"}}]}<\/script>\n<!-- \/ Yoast SEO plugin. -->","yoast_head_json":{"title":"Coolbox Caja MATX SLIM T360 FTE-300TBZ - Aivlisoft Inform\u00e1tica","robots":{"index":"index","follow":"follow","max-snippet":"max-snippet:-1","max-image-preview":"max-image-preview:large","max-video-preview":"max-video-preview:-1"},"canonical":"https:\/\/aivlisoft.net\/shop\/producto\/coolbox-caja-matx-slim-t360-fte-300tbz\/","og_locale":"es_ES","og_type":"article","og_title":"Coolbox Caja MATX SLIM T360 FTE-300TBZ - Aivlisoft Inform\u00e1tica","og_description":"Caja PC compatible con placas base micro ATX y mini ITX. Formato Slim. Incluye fuente de alimentaci&oacute;n CoolBox 300TBZ TFX con certificaci&oacute;n 80Plus Bronze.Chasis s&oacute;lido de acero de 0.6mm de espesor y formato convertible. Ventilador frontal de 80mm con conexi&oacute;n de 3 pines (M\/B), rejilla trasera y compatibilidad con refrigeradores de CPU de hasta 50mm&hellip;&nbsp;Coolbox Caja MATX SLIM T360 FTE-300TBZ","og_url":"https:\/\/aivlisoft.net\/shop\/producto\/coolbox-caja-matx-slim-t360-fte-300tbz\/","og_site_name":"Aivlisoft Inform\u00e1tica","article_modified_time":"2025-01-14T11:05:58+00:00","og_image":[{"width":800,"height":800,"url":"https:\/\/aivlisoft.net\/shop\/wp-content\/uploads\/2025\/01\/ICACMM0238_800.jpg","type":"image\/jpeg"}],"twitter_card":"summary_large_image","twitter_misc":{"Tiempo de lectura":"1 minuto"},"schema":{"@context":"https:\/\/schema.org","@graph":[{"@type":"WebPage","@id":"https:\/\/aivlisoft.net\/shop\/producto\/coolbox-caja-matx-slim-t360-fte-300tbz\/","url":"https:\/\/aivlisoft.net\/shop\/producto\/coolbox-caja-matx-slim-t360-fte-300tbz\/","name":"Coolbox Caja MATX SLIM T360 FTE-300TBZ - Aivlisoft Inform\u00e1tica","isPartOf":{"@id":"https:\/\/aivlisoft.net\/shop\/#website"},"primaryImageOfPage":{"@id":"https:\/\/aivlisoft.net\/shop\/producto\/coolbox-caja-matx-slim-t360-fte-300tbz\/#primaryimage"},"image":{"@id":"https:\/\/aivlisoft.net\/shop\/producto\/coolbox-caja-matx-slim-t360-fte-300tbz\/#primaryimage"},"thumbnailUrl":"https:\/\/aivlisoft.net\/shop\/wp-content\/uploads\/2025\/01\/ICACMM0238_800.jpg","datePublished":"2025-01-13T14:25:46+00:00","dateModified":"2025-01-14T11:05:58+00:00","breadcrumb":{"@id":"https:\/\/aivlisoft.net\/shop\/producto\/coolbox-caja-matx-slim-t360-fte-300tbz\/#breadcrumb"},"inLanguage":"es","potentialAction":[{"@type":"ReadAction","target":["https:\/\/aivlisoft.net\/shop\/producto\/coolbox-caja-matx-slim-t360-fte-300tbz\/"]}]},{"@type":"ImageObject","inLanguage":"es","@id":"https:\/\/aivlisoft.net\/shop\/producto\/coolbox-caja-matx-slim-t360-fte-300tbz\/#primaryimage","url":"https:\/\/aivlisoft.net\/shop\/wp-content\/uploads\/2025\/01\/ICACMM0238_800.jpg","contentUrl":"https:\/\/aivlisoft.net\/shop\/wp-content\/uploads\/2025\/01\/ICACMM0238_800.jpg","width":800,"height":800},{"@type":"BreadcrumbList","@id":"https:\/\/aivlisoft.net\/shop\/producto\/coolbox-caja-matx-slim-t360-fte-300tbz\/#breadcrumb","itemListElement":[{"@type":"ListItem","position":1,"name":"Portada","item":"https:\/\/aivlisoft.net\/shop\/"},{"@type":"ListItem","position":2,"name":"Tienda","item":"https:\/\/aivlisoft.net\/shop\/tienda\/"},{"@type":"ListItem","position":3,"name":"Coolbox Caja MATX SLIM T360 FTE-300TBZ"}]},{"@type":"WebSite","@id":"https:\/\/aivlisoft.net\/shop\/#website","url":"https:\/\/aivlisoft.net\/shop\/","name":"Aivlisoft Inform\u00e1tica","description":"En Aivlisoft Inform\u00e1tica ofrecemos soluciones tecnol\u00f3gicas para empresas: venta de ordenadores, consumibles, perif\u00e9ricos y m\u00e1s. Calidad, atenci\u00f3n personalizada y los mejores precios para tu negocio.","publisher":{"@id":"https:\/\/aivlisoft.net\/shop\/#organization"},"potentialAction":[{"@type":"SearchAction","target":{"@type":"EntryPoint","urlTemplate":"https:\/\/aivlisoft.net\/shop\/?s={search_term_string}"},"query-input":{"@type":"PropertyValueSpecification","valueRequired":true,"valueName":"search_term_string"}}],"inLanguage":"es"},{"@type":"Organization","@id":"https:\/\/aivlisoft.net\/shop\/#organization","name":"Aivlisoft Inform\u00e1tica","url":"https:\/\/aivlisoft.net\/shop\/","logo":{"@type":"ImageObject","inLanguage":"es","@id":"https:\/\/aivlisoft.net\/shop\/#\/schema\/logo\/image\/","url":"https:\/\/aivlisoft.net\/shop\/wp-content\/uploads\/2024\/12\/removal.ai_5b848c54-0cdf-4140-95c5-c5536bb7573b-logodef.png","contentUrl":"https:\/\/aivlisoft.net\/shop\/wp-content\/uploads\/2024\/12\/removal.ai_5b848c54-0cdf-4140-95c5-c5536bb7573b-logodef.png","width":484,"height":182,"caption":"Aivlisoft Inform\u00e1tica"},"image":{"@id":"https:\/\/aivlisoft.net\/shop\/#\/schema\/logo\/image\/"}}]}},"_links":{"self":[{"href":"https:\/\/aivlisoft.net\/shop\/wp-json\/wp\/v2\/product\/12661","targetHints":{"allow":["GET"]}}],"collection":[{"href":"https:\/\/aivlisoft.net\/shop\/wp-json\/wp\/v2\/product"}],"about":[{"href":"https:\/\/aivlisoft.net\/shop\/wp-json\/wp\/v2\/types\/product"}],"wp:featuredmedia":[{"embeddable":true,"href":"https:\/\/aivlisoft.net\/shop\/wp-json\/wp\/v2\/media\/12662"}],"wp:attachment":[{"href":"https:\/\/aivlisoft.net\/shop\/wp-json\/wp\/v2\/media?parent=12661"}],"wp:term":[{"taxonomy":"product_brand","embeddable":true,"href":"https:\/\/aivlisoft.net\/shop\/wp-json\/wp\/v2\/product_brand?post=12661"},{"taxonomy":"product_cat","embeddable":true,"href":"https:\/\/aivlisoft.net\/shop\/wp-json\/wp\/v2\/product_cat?post=12661"},{"taxonomy":"product_tag","embeddable":true,"href":"https:\/\/aivlisoft.net\/shop\/wp-json\/wp\/v2\/product_tag?post=12661"}],"curies":[{"name":"wp","href":"https:\/\/api.w.org\/{rel}","templated":true}]}}