{"id":12304,"date":"2025-01-13T14:22:32","date_gmt":"2025-01-13T14:22:32","guid":{"rendered":"https:\/\/aivlisoft.com\/?post_type=product&#038;p=12304"},"modified":"2025-01-14T22:00:54","modified_gmt":"2025-01-14T22:00:54","slug":"adata-ssd-legend-800-500gb-pcie-gen4x4-nvme-1-4","status":"publish","type":"product","link":"https:\/\/aivlisoft.net\/shop\/producto\/adata-ssd-legend-800-500gb-pcie-gen4x4-nvme-1-4\/","title":{"rendered":"ADATA SSD LEGEND 800 500GB PCIe Gen4x4 NVMe 1.4"},"content":{"rendered":"<p><\/p>\n<table class=\"tabla_caracteristicas k-table\" width=\"100%\">\n<tr>\n<td><strong>Marca<\/strong><\/td>\n<td>ADATA<\/td>\n<\/tr>\n<tr>\n<td><strong>Modelo<\/strong><\/td>\n<td><strong>ALEG-800-500GCS<\/strong><\/td>\n<\/tr>\n<tr>\n<td><strong>Capacidad<\/strong><\/td>\n<td>&#8211; <strong>500GB<\/strong><\/td>\n<\/tr>\n<tr>\n<td><strong>Interfaz<\/strong><\/td>\n<td>&#8211; PCIe Gen 4&#215;4<\/td>\n<\/tr>\n<tr>\n<td><strong>Tama&ntilde;o<\/strong><\/td>\n<td>&#8211; M.2 (2280)<\/td>\n<\/tr>\n<tr>\n<td valign=\"top\"><strong>Rendimiento<\/strong><\/td>\n<td>&#8211; Lectura: hasta 3,500 MB\/s<br \/>\t\t\t&#8211; Escritura: hasta 2,200 MB\/s<\/td>\n<\/tr>\n<tr>\t\t<\/tr>\n<tr>\n<td valign=\"top\"><strong>Caracter&iacute;sticas<\/strong><\/td>\n<td>&#8211; NAND Flash: 3D NAND<br \/>\t\t\t&#8211; Resistencia a impactos: 1500 G\/0,5 ms<br \/>\t\t\t&#8211; MTBF: 1.500.000 h<br \/>\t\t\t&#8211; TBW: 300TB<br \/>\t\t\t&#8211; Certifications: CE, FCC, BSMI, KC, EAC, RCM, morocco, UKCA, RoHS<br \/>\t\t\t<strong>Dimensiones y peso<\/strong><br \/>\t\t\t&#8211; 80 x 22 x 2.65 mm<br \/>\t\t\t&#8211; Peso: 7,3 g<\/td>\n<\/tr>\n<tr>\n<td><strong>Fecha de revisi&oacute;n<\/strong><\/td>\n<td>19-10-2023 por RTY<\/td>\n<\/tr>\n<\/table>\n","protected":false},"excerpt":{"rendered":"<p>Marca ADATA Modelo ALEG-800-500GCS Capacidad &#8211; 500GB Interfaz &#8211; PCIe Gen 4&#215;4 Tama&ntilde;o &#8211; M.2 (2280) Rendimiento &#8211; Lectura: hasta 3,500 MB\/s &#8211; Escritura: hasta 2,200 MB\/s Caracter&iacute;sticas &#8211; NAND Flash: 3D NAND &#8211; Resistencia a impactos: 1500 G\/0,5 ms &#8211; MTBF: 1.500.000 h &#8211; TBW: 300TB &#8211; Certifications: CE, FCC, BSMI, KC, EAC, RCM,&hellip;&nbsp;<a href=\"https:\/\/aivlisoft.net\/shop\/producto\/adata-ssd-legend-800-500gb-pcie-gen4x4-nvme-1-4\/\" rel=\"bookmark\"><span class=\"screen-reader-text\">ADATA SSD LEGEND 800 500GB PCIe Gen4x4 NVMe 1.4<\/span><\/a><\/p>\n","protected":false},"featured_media":12305,"template":"","meta":{"neve_meta_sidebar":"","neve_meta_container":"","neve_meta_enable_content_width":"","neve_meta_content_width":0,"neve_meta_title_alignment":"","neve_meta_author_avatar":"","neve_post_elements_order":"","neve_meta_disable_header":"","neve_meta_disable_footer":"","neve_meta_disable_title":""},"product_brand":[],"product_cat":[15,4578,8796],"product_tag":[4840],"class_list":{"0":"post-12304","1":"product","2":"type-product","3":"status-publish","4":"has-post-thumbnail","6":"product_cat-sin-categorizar","7":"product_cat-almacenamiento-interno","8":"product_cat-componentes-pc","9":"product_tag-aleg-800-500gcs","11":"first","12":"instock","13":"taxable","14":"shipping-taxable","15":"purchasable","16":"product-type-simple"},"yoast_head":"<!-- This site is optimized with the Yoast SEO plugin v26.0 - https:\/\/yoast.com\/wordpress\/plugins\/seo\/ -->\n<title>ADATA SSD LEGEND 800 500GB PCIe Gen4x4 NVMe 1.4 - Aivlisoft Inform\u00e1tica<\/title>\n<meta name=\"robots\" content=\"index, follow, max-snippet:-1, max-image-preview:large, max-video-preview:-1\" \/>\n<link rel=\"canonical\" href=\"https:\/\/aivlisoft.net\/shop\/producto\/adata-ssd-legend-800-500gb-pcie-gen4x4-nvme-1-4\/\" \/>\n<meta property=\"og:locale\" content=\"es_ES\" \/>\n<meta property=\"og:type\" content=\"article\" \/>\n<meta property=\"og:title\" content=\"ADATA SSD LEGEND 800 500GB PCIe Gen4x4 NVMe 1.4 - Aivlisoft Inform\u00e1tica\" \/>\n<meta property=\"og:description\" content=\"Marca ADATA Modelo ALEG-800-500GCS Capacidad &#8211; 500GB Interfaz &#8211; PCIe Gen 4&#215;4 Tama&ntilde;o &#8211; M.2 (2280) Rendimiento &#8211; Lectura: hasta 3,500 MB\/s &#8211; Escritura: hasta 2,200 MB\/s Caracter&iacute;sticas &#8211; NAND Flash: 3D NAND &#8211; Resistencia a impactos: 1500 G\/0,5 ms &#8211; MTBF: 1.500.000 h &#8211; TBW: 300TB &#8211; Certifications: CE, FCC, BSMI, KC, EAC, RCM,&hellip;&nbsp;ADATA SSD LEGEND 800 500GB PCIe Gen4x4 NVMe 1.4\" \/>\n<meta property=\"og:url\" content=\"https:\/\/aivlisoft.net\/shop\/producto\/adata-ssd-legend-800-500gb-pcie-gen4x4-nvme-1-4\/\" \/>\n<meta property=\"og:site_name\" content=\"Aivlisoft Inform\u00e1tica\" \/>\n<meta property=\"article:modified_time\" content=\"2025-01-14T22:00:54+00:00\" \/>\n<meta property=\"og:image\" content=\"https:\/\/aivlisoft.net\/shop\/wp-content\/uploads\/2025\/01\/IAIDSO0729_800.jpg\" \/>\n\t<meta property=\"og:image:width\" content=\"800\" \/>\n\t<meta property=\"og:image:height\" content=\"800\" \/>\n\t<meta property=\"og:image:type\" content=\"image\/jpeg\" \/>\n<meta name=\"twitter:card\" content=\"summary_large_image\" \/>\n<script type=\"application\/ld+json\" class=\"yoast-schema-graph\">{\"@context\":\"https:\/\/schema.org\",\"@graph\":[{\"@type\":\"WebPage\",\"@id\":\"https:\/\/aivlisoft.net\/shop\/producto\/adata-ssd-legend-800-500gb-pcie-gen4x4-nvme-1-4\/\",\"url\":\"https:\/\/aivlisoft.net\/shop\/producto\/adata-ssd-legend-800-500gb-pcie-gen4x4-nvme-1-4\/\",\"name\":\"ADATA SSD LEGEND 800 500GB PCIe Gen4x4 NVMe 1.4 - Aivlisoft Inform\u00e1tica\",\"isPartOf\":{\"@id\":\"https:\/\/aivlisoft.net\/shop\/#website\"},\"primaryImageOfPage\":{\"@id\":\"https:\/\/aivlisoft.net\/shop\/producto\/adata-ssd-legend-800-500gb-pcie-gen4x4-nvme-1-4\/#primaryimage\"},\"image\":{\"@id\":\"https:\/\/aivlisoft.net\/shop\/producto\/adata-ssd-legend-800-500gb-pcie-gen4x4-nvme-1-4\/#primaryimage\"},\"thumbnailUrl\":\"https:\/\/aivlisoft.net\/shop\/wp-content\/uploads\/2025\/01\/IAIDSO0729_800.jpg\",\"datePublished\":\"2025-01-13T14:22:32+00:00\",\"dateModified\":\"2025-01-14T22:00:54+00:00\",\"breadcrumb\":{\"@id\":\"https:\/\/aivlisoft.net\/shop\/producto\/adata-ssd-legend-800-500gb-pcie-gen4x4-nvme-1-4\/#breadcrumb\"},\"inLanguage\":\"es\",\"potentialAction\":[{\"@type\":\"ReadAction\",\"target\":[\"https:\/\/aivlisoft.net\/shop\/producto\/adata-ssd-legend-800-500gb-pcie-gen4x4-nvme-1-4\/\"]}]},{\"@type\":\"ImageObject\",\"inLanguage\":\"es\",\"@id\":\"https:\/\/aivlisoft.net\/shop\/producto\/adata-ssd-legend-800-500gb-pcie-gen4x4-nvme-1-4\/#primaryimage\",\"url\":\"https:\/\/aivlisoft.net\/shop\/wp-content\/uploads\/2025\/01\/IAIDSO0729_800.jpg\",\"contentUrl\":\"https:\/\/aivlisoft.net\/shop\/wp-content\/uploads\/2025\/01\/IAIDSO0729_800.jpg\",\"width\":800,\"height\":800},{\"@type\":\"BreadcrumbList\",\"@id\":\"https:\/\/aivlisoft.net\/shop\/producto\/adata-ssd-legend-800-500gb-pcie-gen4x4-nvme-1-4\/#breadcrumb\",\"itemListElement\":[{\"@type\":\"ListItem\",\"position\":1,\"name\":\"Portada\",\"item\":\"https:\/\/aivlisoft.net\/shop\/\"},{\"@type\":\"ListItem\",\"position\":2,\"name\":\"Tienda\",\"item\":\"https:\/\/aivlisoft.net\/shop\/tienda\/\"},{\"@type\":\"ListItem\",\"position\":3,\"name\":\"ADATA SSD LEGEND 800 500GB PCIe Gen4x4 NVMe 1.4\"}]},{\"@type\":\"WebSite\",\"@id\":\"https:\/\/aivlisoft.net\/shop\/#website\",\"url\":\"https:\/\/aivlisoft.net\/shop\/\",\"name\":\"Aivlisoft Inform\u00e1tica\",\"description\":\"En Aivlisoft Inform\u00e1tica ofrecemos soluciones tecnol\u00f3gicas para empresas: venta de ordenadores, consumibles, perif\u00e9ricos y m\u00e1s. Calidad, atenci\u00f3n personalizada y los mejores precios para tu negocio.\",\"publisher\":{\"@id\":\"https:\/\/aivlisoft.net\/shop\/#organization\"},\"potentialAction\":[{\"@type\":\"SearchAction\",\"target\":{\"@type\":\"EntryPoint\",\"urlTemplate\":\"https:\/\/aivlisoft.net\/shop\/?s={search_term_string}\"},\"query-input\":{\"@type\":\"PropertyValueSpecification\",\"valueRequired\":true,\"valueName\":\"search_term_string\"}}],\"inLanguage\":\"es\"},{\"@type\":\"Organization\",\"@id\":\"https:\/\/aivlisoft.net\/shop\/#organization\",\"name\":\"Aivlisoft Inform\u00e1tica\",\"url\":\"https:\/\/aivlisoft.net\/shop\/\",\"logo\":{\"@type\":\"ImageObject\",\"inLanguage\":\"es\",\"@id\":\"https:\/\/aivlisoft.net\/shop\/#\/schema\/logo\/image\/\",\"url\":\"https:\/\/aivlisoft.net\/shop\/wp-content\/uploads\/2024\/12\/removal.ai_5b848c54-0cdf-4140-95c5-c5536bb7573b-logodef.png\",\"contentUrl\":\"https:\/\/aivlisoft.net\/shop\/wp-content\/uploads\/2024\/12\/removal.ai_5b848c54-0cdf-4140-95c5-c5536bb7573b-logodef.png\",\"width\":484,\"height\":182,\"caption\":\"Aivlisoft Inform\u00e1tica\"},\"image\":{\"@id\":\"https:\/\/aivlisoft.net\/shop\/#\/schema\/logo\/image\/\"}}]}<\/script>\n<!-- \/ Yoast SEO plugin. -->","yoast_head_json":{"title":"ADATA SSD LEGEND 800 500GB PCIe Gen4x4 NVMe 1.4 - Aivlisoft Inform\u00e1tica","robots":{"index":"index","follow":"follow","max-snippet":"max-snippet:-1","max-image-preview":"max-image-preview:large","max-video-preview":"max-video-preview:-1"},"canonical":"https:\/\/aivlisoft.net\/shop\/producto\/adata-ssd-legend-800-500gb-pcie-gen4x4-nvme-1-4\/","og_locale":"es_ES","og_type":"article","og_title":"ADATA SSD LEGEND 800 500GB PCIe Gen4x4 NVMe 1.4 - Aivlisoft Inform\u00e1tica","og_description":"Marca ADATA Modelo ALEG-800-500GCS Capacidad &#8211; 500GB Interfaz &#8211; PCIe Gen 4&#215;4 Tama&ntilde;o &#8211; M.2 (2280) Rendimiento &#8211; Lectura: hasta 3,500 MB\/s &#8211; Escritura: hasta 2,200 MB\/s Caracter&iacute;sticas &#8211; NAND Flash: 3D NAND &#8211; Resistencia a impactos: 1500 G\/0,5 ms &#8211; MTBF: 1.500.000 h &#8211; TBW: 300TB &#8211; Certifications: CE, FCC, BSMI, KC, EAC, RCM,&hellip;&nbsp;ADATA SSD LEGEND 800 500GB PCIe Gen4x4 NVMe 1.4","og_url":"https:\/\/aivlisoft.net\/shop\/producto\/adata-ssd-legend-800-500gb-pcie-gen4x4-nvme-1-4\/","og_site_name":"Aivlisoft Inform\u00e1tica","article_modified_time":"2025-01-14T22:00:54+00:00","og_image":[{"width":800,"height":800,"url":"https:\/\/aivlisoft.net\/shop\/wp-content\/uploads\/2025\/01\/IAIDSO0729_800.jpg","type":"image\/jpeg"}],"twitter_card":"summary_large_image","schema":{"@context":"https:\/\/schema.org","@graph":[{"@type":"WebPage","@id":"https:\/\/aivlisoft.net\/shop\/producto\/adata-ssd-legend-800-500gb-pcie-gen4x4-nvme-1-4\/","url":"https:\/\/aivlisoft.net\/shop\/producto\/adata-ssd-legend-800-500gb-pcie-gen4x4-nvme-1-4\/","name":"ADATA SSD LEGEND 800 500GB PCIe Gen4x4 NVMe 1.4 - Aivlisoft Inform\u00e1tica","isPartOf":{"@id":"https:\/\/aivlisoft.net\/shop\/#website"},"primaryImageOfPage":{"@id":"https:\/\/aivlisoft.net\/shop\/producto\/adata-ssd-legend-800-500gb-pcie-gen4x4-nvme-1-4\/#primaryimage"},"image":{"@id":"https:\/\/aivlisoft.net\/shop\/producto\/adata-ssd-legend-800-500gb-pcie-gen4x4-nvme-1-4\/#primaryimage"},"thumbnailUrl":"https:\/\/aivlisoft.net\/shop\/wp-content\/uploads\/2025\/01\/IAIDSO0729_800.jpg","datePublished":"2025-01-13T14:22:32+00:00","dateModified":"2025-01-14T22:00:54+00:00","breadcrumb":{"@id":"https:\/\/aivlisoft.net\/shop\/producto\/adata-ssd-legend-800-500gb-pcie-gen4x4-nvme-1-4\/#breadcrumb"},"inLanguage":"es","potentialAction":[{"@type":"ReadAction","target":["https:\/\/aivlisoft.net\/shop\/producto\/adata-ssd-legend-800-500gb-pcie-gen4x4-nvme-1-4\/"]}]},{"@type":"ImageObject","inLanguage":"es","@id":"https:\/\/aivlisoft.net\/shop\/producto\/adata-ssd-legend-800-500gb-pcie-gen4x4-nvme-1-4\/#primaryimage","url":"https:\/\/aivlisoft.net\/shop\/wp-content\/uploads\/2025\/01\/IAIDSO0729_800.jpg","contentUrl":"https:\/\/aivlisoft.net\/shop\/wp-content\/uploads\/2025\/01\/IAIDSO0729_800.jpg","width":800,"height":800},{"@type":"BreadcrumbList","@id":"https:\/\/aivlisoft.net\/shop\/producto\/adata-ssd-legend-800-500gb-pcie-gen4x4-nvme-1-4\/#breadcrumb","itemListElement":[{"@type":"ListItem","position":1,"name":"Portada","item":"https:\/\/aivlisoft.net\/shop\/"},{"@type":"ListItem","position":2,"name":"Tienda","item":"https:\/\/aivlisoft.net\/shop\/tienda\/"},{"@type":"ListItem","position":3,"name":"ADATA SSD LEGEND 800 500GB PCIe Gen4x4 NVMe 1.4"}]},{"@type":"WebSite","@id":"https:\/\/aivlisoft.net\/shop\/#website","url":"https:\/\/aivlisoft.net\/shop\/","name":"Aivlisoft Inform\u00e1tica","description":"En Aivlisoft Inform\u00e1tica ofrecemos soluciones tecnol\u00f3gicas para empresas: venta de ordenadores, consumibles, perif\u00e9ricos y m\u00e1s. Calidad, atenci\u00f3n personalizada y los mejores precios para tu negocio.","publisher":{"@id":"https:\/\/aivlisoft.net\/shop\/#organization"},"potentialAction":[{"@type":"SearchAction","target":{"@type":"EntryPoint","urlTemplate":"https:\/\/aivlisoft.net\/shop\/?s={search_term_string}"},"query-input":{"@type":"PropertyValueSpecification","valueRequired":true,"valueName":"search_term_string"}}],"inLanguage":"es"},{"@type":"Organization","@id":"https:\/\/aivlisoft.net\/shop\/#organization","name":"Aivlisoft Inform\u00e1tica","url":"https:\/\/aivlisoft.net\/shop\/","logo":{"@type":"ImageObject","inLanguage":"es","@id":"https:\/\/aivlisoft.net\/shop\/#\/schema\/logo\/image\/","url":"https:\/\/aivlisoft.net\/shop\/wp-content\/uploads\/2024\/12\/removal.ai_5b848c54-0cdf-4140-95c5-c5536bb7573b-logodef.png","contentUrl":"https:\/\/aivlisoft.net\/shop\/wp-content\/uploads\/2024\/12\/removal.ai_5b848c54-0cdf-4140-95c5-c5536bb7573b-logodef.png","width":484,"height":182,"caption":"Aivlisoft Inform\u00e1tica"},"image":{"@id":"https:\/\/aivlisoft.net\/shop\/#\/schema\/logo\/image\/"}}]}},"_links":{"self":[{"href":"https:\/\/aivlisoft.net\/shop\/wp-json\/wp\/v2\/product\/12304","targetHints":{"allow":["GET"]}}],"collection":[{"href":"https:\/\/aivlisoft.net\/shop\/wp-json\/wp\/v2\/product"}],"about":[{"href":"https:\/\/aivlisoft.net\/shop\/wp-json\/wp\/v2\/types\/product"}],"wp:featuredmedia":[{"embeddable":true,"href":"https:\/\/aivlisoft.net\/shop\/wp-json\/wp\/v2\/media\/12305"}],"wp:attachment":[{"href":"https:\/\/aivlisoft.net\/shop\/wp-json\/wp\/v2\/media?parent=12304"}],"wp:term":[{"taxonomy":"product_brand","embeddable":true,"href":"https:\/\/aivlisoft.net\/shop\/wp-json\/wp\/v2\/product_brand?post=12304"},{"taxonomy":"product_cat","embeddable":true,"href":"https:\/\/aivlisoft.net\/shop\/wp-json\/wp\/v2\/product_cat?post=12304"},{"taxonomy":"product_tag","embeddable":true,"href":"https:\/\/aivlisoft.net\/shop\/wp-json\/wp\/v2\/product_tag?post=12304"}],"curies":[{"name":"wp","href":"https:\/\/api.w.org\/{rel}","templated":true}]}}